{"id":783,"date":"2022-05-22T13:45:08","date_gmt":"2022-05-22T13:45:08","guid":{"rendered":"http:\/\/nancyyanethc3.sg-host.com\/product\/oxygenating-purifying-serum\/"},"modified":"2022-05-22T13:46:30","modified_gmt":"2022-05-22T13:46:30","slug":"oxygenating-purifying-serum","status":"publish","type":"product","link":"https:\/\/soguapa.com\/es\/producto\/oxygenating-purifying-serum\/","title":{"rendered":"S\u00e9rum oxigenante y purificador"},"content":{"rendered":"<div id=\"para-quien\" class=\"tab-section\">\n<div id=\"para-quien\" class=\"tab-section\">\n<h3 class=\"title\">\u00bfPara qui\u00e9n est\u00e1 indicado?<\/h3>\n<div class=\"section section-tab\">Todo tipo de piel. Especialmente piel mate, apagada y asfixiada. \u00a0Su f\u00f3rmula unisex es apta para cualquier \u00e9poca del a\u00f1o.<\/div>\n<\/div>\n<div id=\"accion\" class=\"tab-section\">\n<h3 class=\"title\">Acci\u00f3n<\/h3>\n<div class=\"section section-tab\">\n<p>Estimulante de la propia respiraci\u00f3n celular.<\/p>\n<p>Ox\u00edgeno microencapsulado directo a la c\u00e9lula.<\/p>\n<\/div>\n<\/div>\n<div id=\"resultados\" class=\"tab-section\">\n<h3 class=\"title\">Resultados<\/h3>\n<div class=\"section section-tab\">\n<p>La actividad de las c\u00e9lulas que reciben ox\u00edgeno se triplica y la divisi\u00f3n celular aumenta en un 20%. Cosm\u00e9tica facial que oxigena y purifica la piel.<\/p>\n<\/div>\n<\/div>\n<div id=\"activos\" class=\"tab-section\">\n<h3 class=\"title\">Activos<\/h3>\n<div class=\"section section-tab\">\n<p><strong>RIBOXYL\u00ae<\/strong>: estimulante de la propia respiraci\u00f3n celular.<\/p>\n<p><strong>OXYFORCE<\/strong>: ox\u00edgeno micro encapsulado directo a la c\u00e9lula.<\/p>\n<\/div>\n<\/div>\n<\/div>\n","protected":false},"excerpt":{"rendered":"<p>Concentrado intensivo de activos. \u201cOil free\u201d.<\/p>\n<p>Suero de agradable textura gel que aporta una alta concentraci\u00f3n de ox\u00edgeno puro a la c\u00e9lula; esta acci\u00f3n se traduce en un mejor funcionamiento general de las c\u00e9lulas de la piel.<br \/>\nEl ox\u00edgeno es una fuente esencial de vida, su carencia convierte la piel en un \u00f3rgano sin brillo y apagado. Es por ello que CASMARA ha ingeniado diversos avances para hacerlo, disponibles en forma cosm\u00e9tica.<\/p>\n<p><strong>\u00bfC\u00f3mo?<\/strong>Permitiendo encapsularlo mediante f\u00f3rmulas id\u00f3neas para poder aportarlo de la forma m\u00e1s pura a la piel. Cosm\u00e9tica de vanguardia con ox\u00edgeno puro.<br \/>\nLa piel recobra su energ\u00eda, luminosidad y vitalidad, un aspecto saludable y joven.<\/p>\n","protected":false},"featured_media":782,"template":"","meta":{"_monsterinsights_skip_tracking":false,"_monsterinsights_sitenote_active":false,"_monsterinsights_sitenote_note":"","_monsterinsights_sitenote_category":0},"product_brand":[],"product_cat":[53],"product_tag":[48],"class_list":{"0":"post-783","1":"product","2":"type-product","3":"status-publish","4":"has-post-thumbnail","6":"product_cat-cuidado-facial","7":"product_tag-casmara-es","9":"first","10":"instock","11":"shipping-taxable","12":"purchasable","13":"product-type-simple"},"yoast_head":"<!-- This site is optimized with the Yoast SEO plugin v27.4 - https:\/\/yoast.com\/product\/yoast-seo-wordpress\/ -->\n<title>S\u00e9rum oxigenante y purificador - soGuapa Beauty Expert<\/title>\n<meta name=\"robots\" content=\"index, follow, max-snippet:-1, max-image-preview:large, max-video-preview:-1\" \/>\n<link rel=\"canonical\" href=\"https:\/\/soguapa.com\/producto\/oxygenating-purifying-serum\/\" \/>\n<meta property=\"og:locale\" content=\"es_ES\" \/>\n<meta property=\"og:type\" content=\"article\" \/>\n<meta property=\"og:title\" content=\"S\u00e9rum oxigenante y purificador - soGuapa Beauty Expert\" \/>\n<meta property=\"og:description\" content=\"Concentrado intensivo de activos. \u201cOil free\u201d.  Suero de agradable textura gel que aporta una alta concentraci\u00f3n de ox\u00edgeno puro a la c\u00e9lula; esta acci\u00f3n se traduce en un mejor funcionamiento general de las c\u00e9lulas de la piel. El ox\u00edgeno es una fuente esencial de vida, su carencia convierte la piel en un \u00f3rgano sin brillo y apagado. Es por ello que CASMARA ha ingeniado diversos avances para hacerlo, disponibles en forma cosm\u00e9tica.  \u00bfC\u00f3mo?Permitiendo encapsularlo mediante f\u00f3rmulas id\u00f3neas para poder aportarlo de la forma m\u00e1s pura a la piel. Cosm\u00e9tica de vanguardia con ox\u00edgeno puro. La piel recobra su energ\u00eda, luminosidad y vitalidad, un aspecto saludable y joven.\" \/>\n<meta property=\"og:url\" content=\"https:\/\/soguapa.com\/producto\/oxygenating-purifying-serum\/\" \/>\n<meta property=\"og:site_name\" content=\"soGuapa Beauty Expert\" \/>\n<meta property=\"article:publisher\" content=\"https:\/\/es-la.facebook.com\/SoguapabeautyExpert\/\" \/>\n<meta property=\"article:modified_time\" content=\"2022-05-22T13:46:30+00:00\" \/>\n<meta property=\"og:image\" content=\"https:\/\/soguapa.com\/wp-content\/uploads\/2022\/05\/oxygenating-serum-casmara.png\" \/>\n\t<meta property=\"og:image:width\" content=\"650\" \/>\n\t<meta property=\"og:image:height\" content=\"600\" \/>\n\t<meta property=\"og:image:type\" content=\"image\/png\" \/>\n<meta name=\"twitter:card\" content=\"summary_large_image\" \/>\n<script type=\"application\/ld+json\" class=\"yoast-schema-graph\">{\"@context\":\"https:\\\/\\\/schema.org\",\"@graph\":[{\"@type\":\"WebPage\",\"@id\":\"https:\\\/\\\/soguapa.com\\\/producto\\\/oxygenating-purifying-serum\\\/\",\"url\":\"https:\\\/\\\/soguapa.com\\\/producto\\\/oxygenating-purifying-serum\\\/\",\"name\":\"S\u00e9rum oxigenante y purificador - soGuapa Beauty Expert\",\"isPartOf\":{\"@id\":\"https:\\\/\\\/soguapa.com\\\/#website\"},\"primaryImageOfPage\":{\"@id\":\"https:\\\/\\\/soguapa.com\\\/producto\\\/oxygenating-purifying-serum\\\/#primaryimage\"},\"image\":{\"@id\":\"https:\\\/\\\/soguapa.com\\\/producto\\\/oxygenating-purifying-serum\\\/#primaryimage\"},\"thumbnailUrl\":\"https:\\\/\\\/soguapa.com\\\/wp-content\\\/uploads\\\/2022\\\/05\\\/oxygenating-serum-casmara.png\",\"datePublished\":\"2022-05-22T13:45:08+00:00\",\"dateModified\":\"2022-05-22T13:46:30+00:00\",\"breadcrumb\":{\"@id\":\"https:\\\/\\\/soguapa.com\\\/producto\\\/oxygenating-purifying-serum\\\/#breadcrumb\"},\"inLanguage\":\"es\",\"potentialAction\":[{\"@type\":\"ReadAction\",\"target\":[\"https:\\\/\\\/soguapa.com\\\/producto\\\/oxygenating-purifying-serum\\\/\"]}]},{\"@type\":\"ImageObject\",\"inLanguage\":\"es\",\"@id\":\"https:\\\/\\\/soguapa.com\\\/producto\\\/oxygenating-purifying-serum\\\/#primaryimage\",\"url\":\"https:\\\/\\\/soguapa.com\\\/wp-content\\\/uploads\\\/2022\\\/05\\\/oxygenating-serum-casmara.png\",\"contentUrl\":\"https:\\\/\\\/soguapa.com\\\/wp-content\\\/uploads\\\/2022\\\/05\\\/oxygenating-serum-casmara.png\",\"width\":650,\"height\":600,\"caption\":\"oxygenating-serum-casmara\"},{\"@type\":\"BreadcrumbList\",\"@id\":\"https:\\\/\\\/soguapa.com\\\/producto\\\/oxygenating-purifying-serum\\\/#breadcrumb\",\"itemListElement\":[{\"@type\":\"ListItem\",\"position\":1,\"name\":\"Home\",\"item\":\"https:\\\/\\\/soguapa.com\\\/\"},{\"@type\":\"ListItem\",\"position\":2,\"name\":\"Tienda\",\"item\":\"https:\\\/\\\/soguapa.com\\\/es\\\/tienda\\\/\"},{\"@type\":\"ListItem\",\"position\":3,\"name\":\"S\u00e9rum oxigenante y purificador\"}]},{\"@type\":\"WebSite\",\"@id\":\"https:\\\/\\\/soguapa.com\\\/#website\",\"url\":\"https:\\\/\\\/soguapa.com\\\/\",\"name\":\"soGuapa Beauty Expert\",\"description\":\"Beauty Treatments Malta\",\"publisher\":{\"@id\":\"https:\\\/\\\/soguapa.com\\\/#organization\"},\"potentialAction\":[{\"@type\":\"SearchAction\",\"target\":{\"@type\":\"EntryPoint\",\"urlTemplate\":\"https:\\\/\\\/soguapa.com\\\/?s={search_term_string}\"},\"query-input\":{\"@type\":\"PropertyValueSpecification\",\"valueRequired\":true,\"valueName\":\"search_term_string\"}}],\"inLanguage\":\"es\"},{\"@type\":\"Organization\",\"@id\":\"https:\\\/\\\/soguapa.com\\\/#organization\",\"name\":\"soGuapa\",\"url\":\"https:\\\/\\\/soguapa.com\\\/\",\"logo\":{\"@type\":\"ImageObject\",\"inLanguage\":\"es\",\"@id\":\"https:\\\/\\\/soguapa.com\\\/#\\\/schema\\\/logo\\\/image\\\/\",\"url\":\"https:\\\/\\\/soguapa.com\\\/wp-content\\\/uploads\\\/2022\\\/05\\\/logo-So-Guapa-by-Ingrid.jpg\",\"contentUrl\":\"https:\\\/\\\/soguapa.com\\\/wp-content\\\/uploads\\\/2022\\\/05\\\/logo-So-Guapa-by-Ingrid.jpg\",\"width\":200,\"height\":80,\"caption\":\"soGuapa\"},\"image\":{\"@id\":\"https:\\\/\\\/soguapa.com\\\/#\\\/schema\\\/logo\\\/image\\\/\"},\"sameAs\":[\"https:\\\/\\\/es-la.facebook.com\\\/SoguapabeautyExpert\\\/\",\"https:\\\/\\\/www.instagram.com\\\/soguapabyingrid\\\/\"]}]}<\/script>\n<!-- \/ Yoast SEO plugin. -->","yoast_head_json":{"title":"S\u00e9rum oxigenante y purificador - soGuapa Beauty Expert","robots":{"index":"index","follow":"follow","max-snippet":"max-snippet:-1","max-image-preview":"max-image-preview:large","max-video-preview":"max-video-preview:-1"},"canonical":"https:\/\/soguapa.com\/producto\/oxygenating-purifying-serum\/","og_locale":"es_ES","og_type":"article","og_title":"S\u00e9rum oxigenante y purificador - soGuapa Beauty Expert","og_description":"Concentrado intensivo de activos. \u201cOil free\u201d.  Suero de agradable textura gel que aporta una alta concentraci\u00f3n de ox\u00edgeno puro a la c\u00e9lula; esta acci\u00f3n se traduce en un mejor funcionamiento general de las c\u00e9lulas de la piel. El ox\u00edgeno es una fuente esencial de vida, su carencia convierte la piel en un \u00f3rgano sin brillo y apagado. Es por ello que CASMARA ha ingeniado diversos avances para hacerlo, disponibles en forma cosm\u00e9tica.  \u00bfC\u00f3mo?Permitiendo encapsularlo mediante f\u00f3rmulas id\u00f3neas para poder aportarlo de la forma m\u00e1s pura a la piel. Cosm\u00e9tica de vanguardia con ox\u00edgeno puro. La piel recobra su energ\u00eda, luminosidad y vitalidad, un aspecto saludable y joven.","og_url":"https:\/\/soguapa.com\/producto\/oxygenating-purifying-serum\/","og_site_name":"soGuapa Beauty Expert","article_publisher":"https:\/\/es-la.facebook.com\/SoguapabeautyExpert\/","article_modified_time":"2022-05-22T13:46:30+00:00","og_image":[{"width":650,"height":600,"url":"https:\/\/soguapa.com\/wp-content\/uploads\/2022\/05\/oxygenating-serum-casmara.png","type":"image\/png"}],"twitter_card":"summary_large_image","schema":{"@context":"https:\/\/schema.org","@graph":[{"@type":"WebPage","@id":"https:\/\/soguapa.com\/producto\/oxygenating-purifying-serum\/","url":"https:\/\/soguapa.com\/producto\/oxygenating-purifying-serum\/","name":"S\u00e9rum oxigenante y purificador - soGuapa Beauty Expert","isPartOf":{"@id":"https:\/\/soguapa.com\/#website"},"primaryImageOfPage":{"@id":"https:\/\/soguapa.com\/producto\/oxygenating-purifying-serum\/#primaryimage"},"image":{"@id":"https:\/\/soguapa.com\/producto\/oxygenating-purifying-serum\/#primaryimage"},"thumbnailUrl":"https:\/\/soguapa.com\/wp-content\/uploads\/2022\/05\/oxygenating-serum-casmara.png","datePublished":"2022-05-22T13:45:08+00:00","dateModified":"2022-05-22T13:46:30+00:00","breadcrumb":{"@id":"https:\/\/soguapa.com\/producto\/oxygenating-purifying-serum\/#breadcrumb"},"inLanguage":"es","potentialAction":[{"@type":"ReadAction","target":["https:\/\/soguapa.com\/producto\/oxygenating-purifying-serum\/"]}]},{"@type":"ImageObject","inLanguage":"es","@id":"https:\/\/soguapa.com\/producto\/oxygenating-purifying-serum\/#primaryimage","url":"https:\/\/soguapa.com\/wp-content\/uploads\/2022\/05\/oxygenating-serum-casmara.png","contentUrl":"https:\/\/soguapa.com\/wp-content\/uploads\/2022\/05\/oxygenating-serum-casmara.png","width":650,"height":600,"caption":"oxygenating-serum-casmara"},{"@type":"BreadcrumbList","@id":"https:\/\/soguapa.com\/producto\/oxygenating-purifying-serum\/#breadcrumb","itemListElement":[{"@type":"ListItem","position":1,"name":"Home","item":"https:\/\/soguapa.com\/"},{"@type":"ListItem","position":2,"name":"Tienda","item":"https:\/\/soguapa.com\/es\/tienda\/"},{"@type":"ListItem","position":3,"name":"S\u00e9rum oxigenante y purificador"}]},{"@type":"WebSite","@id":"https:\/\/soguapa.com\/#website","url":"https:\/\/soguapa.com\/","name":"soGuapa Beauty Expert","description":"Beauty Treatments Malta","publisher":{"@id":"https:\/\/soguapa.com\/#organization"},"potentialAction":[{"@type":"SearchAction","target":{"@type":"EntryPoint","urlTemplate":"https:\/\/soguapa.com\/?s={search_term_string}"},"query-input":{"@type":"PropertyValueSpecification","valueRequired":true,"valueName":"search_term_string"}}],"inLanguage":"es"},{"@type":"Organization","@id":"https:\/\/soguapa.com\/#organization","name":"soGuapa","url":"https:\/\/soguapa.com\/","logo":{"@type":"ImageObject","inLanguage":"es","@id":"https:\/\/soguapa.com\/#\/schema\/logo\/image\/","url":"https:\/\/soguapa.com\/wp-content\/uploads\/2022\/05\/logo-So-Guapa-by-Ingrid.jpg","contentUrl":"https:\/\/soguapa.com\/wp-content\/uploads\/2022\/05\/logo-So-Guapa-by-Ingrid.jpg","width":200,"height":80,"caption":"soGuapa"},"image":{"@id":"https:\/\/soguapa.com\/#\/schema\/logo\/image\/"},"sameAs":["https:\/\/es-la.facebook.com\/SoguapabeautyExpert\/","https:\/\/www.instagram.com\/soguapabyingrid\/"]}]}},"_links":{"self":[{"href":"https:\/\/soguapa.com\/es\/wp-json\/wp\/v2\/product\/783","targetHints":{"allow":["GET"]}}],"collection":[{"href":"https:\/\/soguapa.com\/es\/wp-json\/wp\/v2\/product"}],"about":[{"href":"https:\/\/soguapa.com\/es\/wp-json\/wp\/v2\/types\/product"}],"wp:featuredmedia":[{"embeddable":true,"href":"https:\/\/soguapa.com\/es\/wp-json\/wp\/v2\/media\/782"}],"wp:attachment":[{"href":"https:\/\/soguapa.com\/es\/wp-json\/wp\/v2\/media?parent=783"}],"wp:term":[{"taxonomy":"product_brand","embeddable":true,"href":"https:\/\/soguapa.com\/es\/wp-json\/wp\/v2\/product_brand?post=783"},{"taxonomy":"product_cat","embeddable":true,"href":"https:\/\/soguapa.com\/es\/wp-json\/wp\/v2\/product_cat?post=783"},{"taxonomy":"product_tag","embeddable":true,"href":"https:\/\/soguapa.com\/es\/wp-json\/wp\/v2\/product_tag?post=783"}],"curies":[{"name":"wp","href":"https:\/\/api.w.org\/{rel}","templated":true}]}}