{"id":777,"date":"2022-05-22T13:40:11","date_gmt":"2022-05-22T13:40:11","guid":{"rendered":"http:\/\/nancyyanethc3.sg-host.com\/?post_type=product&#038;p=777"},"modified":"2022-05-22T13:40:50","modified_gmt":"2022-05-22T13:40:50","slug":"crema-foto-protectora-by-utsukusy-cosmetics","status":"publish","type":"product","link":"https:\/\/soguapa.com\/es\/producto\/crema-foto-protectora-by-utsukusy-cosmetics\/","title":{"rendered":"Crema foto protectora by Utsukusy Cosmetics"},"content":{"rendered":"<div id=\"headingOne1\" class=\"card-header\" role=\"tab\">\n<h3 class=\"mb-0\">Indicaciones<\/h3>\n<\/div>\n<div id=\"collapseOne1\" class=\"collapse show\" role=\"tabpanel\" aria-labelledby=\"headingOne1\" data-parent=\"#accordion1\">\n<div class=\"card-body\">\n<ul>\n<li>Piel hiperpigmentada<\/li>\n<li>Manchas marrones<\/li>\n<li>Piel antes y despu\u00e9s del l\u00e1ser o despu\u00e9s de una intervenci\u00f3n dermatol\u00f3gica<\/li>\n<li>Cicatrices<\/li>\n<\/ul>\n<div id=\"headingThree1\" class=\"card-header\" role=\"tab\">\n<h3 class=\"mb-0\">Modo de uso<\/h3>\n<\/div>\n<div id=\"collapseThree1\" class=\"collapse show\" role=\"tabpanel\" aria-labelledby=\"headingThree1\" data-parent=\"#accordion1\">\n<div class=\"card-body\">\n<p>Aplicar L\u00e1ser cream en las zonas que se van a exponer al sol y repetir cada 2 horas si la exposici\u00f3n al sol va a ser prolongada.<\/p>\n<\/div>\n<\/div>\n<\/div>\n<\/div>\n","protected":false},"excerpt":{"rendered":"<p>Formulada con Aloe Vera, efecto pantalla total.<\/p>\n<p>50 ml.<\/p>\n<ul>\n<li>Limita la hiperpigmentaci\u00f3n y protege las cicatrices.<\/li>\n<li>Garantiza una protecci\u00f3n \u00f3ptima frente a los rayos\u00a0<span id=\"glossaryID16\">UVA<\/span>\u00a0y\u00a0<span id=\"glossaryID19\">UVB<\/span>\u00a0contra los efectos nocivos del sol (quemaduras solares, intolerancias solares\u2026).<\/li>\n<li>Activa las defensas naturales de la piel, protege de los riesgos de da\u00f1os celulares y lucha contra el envejecimiento cut\u00e1neo prematuro.<\/li>\n<\/ul>\n","protected":false},"featured_media":778,"template":"","meta":{"_monsterinsights_skip_tracking":false,"_monsterinsights_sitenote_active":false,"_monsterinsights_sitenote_note":"","_monsterinsights_sitenote_category":0},"product_brand":[],"product_cat":[53,58],"product_tag":[59],"class_list":{"0":"post-777","1":"product","2":"type-product","3":"status-publish","4":"has-post-thumbnail","6":"product_cat-cuidado-facial","7":"product_cat-cuidado-solar","8":"product_tag-utsukusy","10":"first","11":"instock","12":"shipping-taxable","13":"purchasable","14":"product-type-simple"},"yoast_head":"<!-- This site is optimized with the Yoast SEO plugin v27.4 - https:\/\/yoast.com\/product\/yoast-seo-wordpress\/ -->\n<title>Crema foto protectora by Utsukusy Cosmetics - soGuapa Beauty Expert<\/title>\n<meta name=\"robots\" content=\"index, follow, max-snippet:-1, max-image-preview:large, max-video-preview:-1\" \/>\n<link rel=\"canonical\" href=\"https:\/\/soguapa.com\/es\/producto\/crema-foto-protectora-by-utsukusy-cosmetics\/\" \/>\n<meta property=\"og:locale\" content=\"es_ES\" \/>\n<meta property=\"og:type\" content=\"article\" \/>\n<meta property=\"og:title\" content=\"Crema foto protectora by Utsukusy Cosmetics - soGuapa Beauty Expert\" \/>\n<meta property=\"og:description\" content=\"Formulada con Aloe Vera, efecto pantalla total.  50 ml.   Limita la hiperpigmentaci\u00f3n y protege las cicatrices.  Garantiza una protecci\u00f3n \u00f3ptima frente a los rayos\u00a0UVA\u00a0y\u00a0UVB\u00a0contra los efectos nocivos del sol (quemaduras solares, intolerancias solares\u2026).  Activa las defensas naturales de la piel, protege de los riesgos de da\u00f1os celulares y lucha contra el envejecimiento cut\u00e1neo prematuro.\" \/>\n<meta property=\"og:url\" content=\"https:\/\/soguapa.com\/es\/producto\/crema-foto-protectora-by-utsukusy-cosmetics\/\" \/>\n<meta property=\"og:site_name\" content=\"soGuapa Beauty Expert\" \/>\n<meta property=\"article:publisher\" content=\"https:\/\/es-la.facebook.com\/SoguapabeautyExpert\/\" \/>\n<meta property=\"article:modified_time\" content=\"2022-05-22T13:40:50+00:00\" \/>\n<meta property=\"og:image\" content=\"https:\/\/soguapa.com\/wp-content\/uploads\/2022\/05\/Utsukusy_Crema_Fotoprotectora_SPF50_50_ml.jpg\" \/>\n\t<meta property=\"og:image:width\" content=\"800\" \/>\n\t<meta property=\"og:image:height\" content=\"800\" \/>\n\t<meta property=\"og:image:type\" content=\"image\/jpeg\" \/>\n<meta name=\"twitter:card\" content=\"summary_large_image\" \/>\n<script type=\"application\/ld+json\" class=\"yoast-schema-graph\">{\"@context\":\"https:\\\/\\\/schema.org\",\"@graph\":[{\"@type\":\"WebPage\",\"@id\":\"https:\\\/\\\/soguapa.com\\\/es\\\/producto\\\/crema-foto-protectora-by-utsukusy-cosmetics\\\/\",\"url\":\"https:\\\/\\\/soguapa.com\\\/es\\\/producto\\\/crema-foto-protectora-by-utsukusy-cosmetics\\\/\",\"name\":\"Crema foto protectora by Utsukusy Cosmetics - soGuapa Beauty Expert\",\"isPartOf\":{\"@id\":\"https:\\\/\\\/soguapa.com\\\/#website\"},\"primaryImageOfPage\":{\"@id\":\"https:\\\/\\\/soguapa.com\\\/es\\\/producto\\\/crema-foto-protectora-by-utsukusy-cosmetics\\\/#primaryimage\"},\"image\":{\"@id\":\"https:\\\/\\\/soguapa.com\\\/es\\\/producto\\\/crema-foto-protectora-by-utsukusy-cosmetics\\\/#primaryimage\"},\"thumbnailUrl\":\"https:\\\/\\\/soguapa.com\\\/wp-content\\\/uploads\\\/2022\\\/05\\\/Utsukusy_Crema_Fotoprotectora_SPF50_50_ml.jpg\",\"datePublished\":\"2022-05-22T13:40:11+00:00\",\"dateModified\":\"2022-05-22T13:40:50+00:00\",\"breadcrumb\":{\"@id\":\"https:\\\/\\\/soguapa.com\\\/es\\\/producto\\\/crema-foto-protectora-by-utsukusy-cosmetics\\\/#breadcrumb\"},\"inLanguage\":\"es\",\"potentialAction\":[{\"@type\":\"ReadAction\",\"target\":[\"https:\\\/\\\/soguapa.com\\\/es\\\/producto\\\/crema-foto-protectora-by-utsukusy-cosmetics\\\/\"]}]},{\"@type\":\"ImageObject\",\"inLanguage\":\"es\",\"@id\":\"https:\\\/\\\/soguapa.com\\\/es\\\/producto\\\/crema-foto-protectora-by-utsukusy-cosmetics\\\/#primaryimage\",\"url\":\"https:\\\/\\\/soguapa.com\\\/wp-content\\\/uploads\\\/2022\\\/05\\\/Utsukusy_Crema_Fotoprotectora_SPF50_50_ml.jpg\",\"contentUrl\":\"https:\\\/\\\/soguapa.com\\\/wp-content\\\/uploads\\\/2022\\\/05\\\/Utsukusy_Crema_Fotoprotectora_SPF50_50_ml.jpg\",\"width\":800,\"height\":800,\"caption\":\"Utsukusy_Crema_Fotoprotectora_SPF50_50_ml\"},{\"@type\":\"BreadcrumbList\",\"@id\":\"https:\\\/\\\/soguapa.com\\\/es\\\/producto\\\/crema-foto-protectora-by-utsukusy-cosmetics\\\/#breadcrumb\",\"itemListElement\":[{\"@type\":\"ListItem\",\"position\":1,\"name\":\"Home\",\"item\":\"https:\\\/\\\/soguapa.com\\\/\"},{\"@type\":\"ListItem\",\"position\":2,\"name\":\"Tienda\",\"item\":\"https:\\\/\\\/soguapa.com\\\/es\\\/tienda\\\/\"},{\"@type\":\"ListItem\",\"position\":3,\"name\":\"Crema foto protectora by Utsukusy Cosmetics\"}]},{\"@type\":\"WebSite\",\"@id\":\"https:\\\/\\\/soguapa.com\\\/#website\",\"url\":\"https:\\\/\\\/soguapa.com\\\/\",\"name\":\"soGuapa Beauty Expert\",\"description\":\"Beauty Treatments Malta\",\"publisher\":{\"@id\":\"https:\\\/\\\/soguapa.com\\\/#organization\"},\"potentialAction\":[{\"@type\":\"SearchAction\",\"target\":{\"@type\":\"EntryPoint\",\"urlTemplate\":\"https:\\\/\\\/soguapa.com\\\/?s={search_term_string}\"},\"query-input\":{\"@type\":\"PropertyValueSpecification\",\"valueRequired\":true,\"valueName\":\"search_term_string\"}}],\"inLanguage\":\"es\"},{\"@type\":\"Organization\",\"@id\":\"https:\\\/\\\/soguapa.com\\\/#organization\",\"name\":\"soGuapa\",\"url\":\"https:\\\/\\\/soguapa.com\\\/\",\"logo\":{\"@type\":\"ImageObject\",\"inLanguage\":\"es\",\"@id\":\"https:\\\/\\\/soguapa.com\\\/#\\\/schema\\\/logo\\\/image\\\/\",\"url\":\"https:\\\/\\\/soguapa.com\\\/wp-content\\\/uploads\\\/2022\\\/05\\\/logo-So-Guapa-by-Ingrid.jpg\",\"contentUrl\":\"https:\\\/\\\/soguapa.com\\\/wp-content\\\/uploads\\\/2022\\\/05\\\/logo-So-Guapa-by-Ingrid.jpg\",\"width\":200,\"height\":80,\"caption\":\"soGuapa\"},\"image\":{\"@id\":\"https:\\\/\\\/soguapa.com\\\/#\\\/schema\\\/logo\\\/image\\\/\"},\"sameAs\":[\"https:\\\/\\\/es-la.facebook.com\\\/SoguapabeautyExpert\\\/\",\"https:\\\/\\\/www.instagram.com\\\/soguapabyingrid\\\/\"]}]}<\/script>\n<!-- \/ Yoast SEO plugin. -->","yoast_head_json":{"title":"Crema foto protectora by Utsukusy Cosmetics - soGuapa Beauty Expert","robots":{"index":"index","follow":"follow","max-snippet":"max-snippet:-1","max-image-preview":"max-image-preview:large","max-video-preview":"max-video-preview:-1"},"canonical":"https:\/\/soguapa.com\/es\/producto\/crema-foto-protectora-by-utsukusy-cosmetics\/","og_locale":"es_ES","og_type":"article","og_title":"Crema foto protectora by Utsukusy Cosmetics - soGuapa Beauty Expert","og_description":"Formulada con Aloe Vera, efecto pantalla total.  50 ml.   Limita la hiperpigmentaci\u00f3n y protege las cicatrices.  Garantiza una protecci\u00f3n \u00f3ptima frente a los rayos\u00a0UVA\u00a0y\u00a0UVB\u00a0contra los efectos nocivos del sol (quemaduras solares, intolerancias solares\u2026).  Activa las defensas naturales de la piel, protege de los riesgos de da\u00f1os celulares y lucha contra el envejecimiento cut\u00e1neo prematuro.","og_url":"https:\/\/soguapa.com\/es\/producto\/crema-foto-protectora-by-utsukusy-cosmetics\/","og_site_name":"soGuapa Beauty Expert","article_publisher":"https:\/\/es-la.facebook.com\/SoguapabeautyExpert\/","article_modified_time":"2022-05-22T13:40:50+00:00","og_image":[{"width":800,"height":800,"url":"https:\/\/soguapa.com\/wp-content\/uploads\/2022\/05\/Utsukusy_Crema_Fotoprotectora_SPF50_50_ml.jpg","type":"image\/jpeg"}],"twitter_card":"summary_large_image","schema":{"@context":"https:\/\/schema.org","@graph":[{"@type":"WebPage","@id":"https:\/\/soguapa.com\/es\/producto\/crema-foto-protectora-by-utsukusy-cosmetics\/","url":"https:\/\/soguapa.com\/es\/producto\/crema-foto-protectora-by-utsukusy-cosmetics\/","name":"Crema foto protectora by Utsukusy Cosmetics - soGuapa Beauty Expert","isPartOf":{"@id":"https:\/\/soguapa.com\/#website"},"primaryImageOfPage":{"@id":"https:\/\/soguapa.com\/es\/producto\/crema-foto-protectora-by-utsukusy-cosmetics\/#primaryimage"},"image":{"@id":"https:\/\/soguapa.com\/es\/producto\/crema-foto-protectora-by-utsukusy-cosmetics\/#primaryimage"},"thumbnailUrl":"https:\/\/soguapa.com\/wp-content\/uploads\/2022\/05\/Utsukusy_Crema_Fotoprotectora_SPF50_50_ml.jpg","datePublished":"2022-05-22T13:40:11+00:00","dateModified":"2022-05-22T13:40:50+00:00","breadcrumb":{"@id":"https:\/\/soguapa.com\/es\/producto\/crema-foto-protectora-by-utsukusy-cosmetics\/#breadcrumb"},"inLanguage":"es","potentialAction":[{"@type":"ReadAction","target":["https:\/\/soguapa.com\/es\/producto\/crema-foto-protectora-by-utsukusy-cosmetics\/"]}]},{"@type":"ImageObject","inLanguage":"es","@id":"https:\/\/soguapa.com\/es\/producto\/crema-foto-protectora-by-utsukusy-cosmetics\/#primaryimage","url":"https:\/\/soguapa.com\/wp-content\/uploads\/2022\/05\/Utsukusy_Crema_Fotoprotectora_SPF50_50_ml.jpg","contentUrl":"https:\/\/soguapa.com\/wp-content\/uploads\/2022\/05\/Utsukusy_Crema_Fotoprotectora_SPF50_50_ml.jpg","width":800,"height":800,"caption":"Utsukusy_Crema_Fotoprotectora_SPF50_50_ml"},{"@type":"BreadcrumbList","@id":"https:\/\/soguapa.com\/es\/producto\/crema-foto-protectora-by-utsukusy-cosmetics\/#breadcrumb","itemListElement":[{"@type":"ListItem","position":1,"name":"Home","item":"https:\/\/soguapa.com\/"},{"@type":"ListItem","position":2,"name":"Tienda","item":"https:\/\/soguapa.com\/es\/tienda\/"},{"@type":"ListItem","position":3,"name":"Crema foto protectora by Utsukusy Cosmetics"}]},{"@type":"WebSite","@id":"https:\/\/soguapa.com\/#website","url":"https:\/\/soguapa.com\/","name":"soGuapa Beauty Expert","description":"Beauty Treatments Malta","publisher":{"@id":"https:\/\/soguapa.com\/#organization"},"potentialAction":[{"@type":"SearchAction","target":{"@type":"EntryPoint","urlTemplate":"https:\/\/soguapa.com\/?s={search_term_string}"},"query-input":{"@type":"PropertyValueSpecification","valueRequired":true,"valueName":"search_term_string"}}],"inLanguage":"es"},{"@type":"Organization","@id":"https:\/\/soguapa.com\/#organization","name":"soGuapa","url":"https:\/\/soguapa.com\/","logo":{"@type":"ImageObject","inLanguage":"es","@id":"https:\/\/soguapa.com\/#\/schema\/logo\/image\/","url":"https:\/\/soguapa.com\/wp-content\/uploads\/2022\/05\/logo-So-Guapa-by-Ingrid.jpg","contentUrl":"https:\/\/soguapa.com\/wp-content\/uploads\/2022\/05\/logo-So-Guapa-by-Ingrid.jpg","width":200,"height":80,"caption":"soGuapa"},"image":{"@id":"https:\/\/soguapa.com\/#\/schema\/logo\/image\/"},"sameAs":["https:\/\/es-la.facebook.com\/SoguapabeautyExpert\/","https:\/\/www.instagram.com\/soguapabyingrid\/"]}]}},"_links":{"self":[{"href":"https:\/\/soguapa.com\/es\/wp-json\/wp\/v2\/product\/777","targetHints":{"allow":["GET"]}}],"collection":[{"href":"https:\/\/soguapa.com\/es\/wp-json\/wp\/v2\/product"}],"about":[{"href":"https:\/\/soguapa.com\/es\/wp-json\/wp\/v2\/types\/product"}],"wp:featuredmedia":[{"embeddable":true,"href":"https:\/\/soguapa.com\/es\/wp-json\/wp\/v2\/media\/778"}],"wp:attachment":[{"href":"https:\/\/soguapa.com\/es\/wp-json\/wp\/v2\/media?parent=777"}],"wp:term":[{"taxonomy":"product_brand","embeddable":true,"href":"https:\/\/soguapa.com\/es\/wp-json\/wp\/v2\/product_brand?post=777"},{"taxonomy":"product_cat","embeddable":true,"href":"https:\/\/soguapa.com\/es\/wp-json\/wp\/v2\/product_cat?post=777"},{"taxonomy":"product_tag","embeddable":true,"href":"https:\/\/soguapa.com\/es\/wp-json\/wp\/v2\/product_tag?post=777"}],"curies":[{"name":"wp","href":"https:\/\/api.w.org\/{rel}","templated":true}]}}