{"id":775,"date":"2022-05-22T13:33:02","date_gmt":"2022-05-22T13:33:02","guid":{"rendered":"http:\/\/nancyyanethc3.sg-host.com\/product\/brightening-peel-booster\/"},"modified":"2022-05-22T13:34:57","modified_gmt":"2022-05-22T13:34:57","slug":"brightening-peel-booster","status":"publish","type":"product","link":"https:\/\/soguapa.com\/es\/producto\/brightening-peel-booster\/","title":{"rendered":"Brightening peel booster"},"content":{"rendered":"<p><strong>brightening peel booster<\/strong>\u00a0aumenta de forma significativa la hidrataci\u00f3n de la piel, reactiva la renovaci\u00f3n celular, a la vez que ayuda a reducir las lesiones e irregularidades pigmentarias. Los poros se reducen visiblemente, las discrom\u00edas se difuminan, dejando la piel m\u00e1s clara y luminosa, con un tono uniforme.<\/p>\n<h3>Ingredientes Activos<\/h3>\n<div>\n<p><strong>\u00c1cido f\u00edtico<\/strong><\/p>\n<\/div>\n<div>\n<p><strong>\u00c1cido glic\u00f3lico: <\/strong>Alfa-hidroxi\u00e1cido obtenido de la ca\u00f1a de az\u00facar con una acci\u00f3n exfoliante de la superficie cut\u00e1nea que estimula la renovaci\u00f3n celular y la s\u00edntesis de col\u00e1geno y elastina. Aumenta la luminosidad y el nivel de hidrataci\u00f3n, atenuando arrugas, manchas, marcas de acn\u00e9 y poros dilatados. Normaliza el exceso de secreci\u00f3n seb\u00e1cea caracter\u00edstico de pieles con tendencia acneica.<\/p>\n<h3>Modo de empleo<\/h3>\n<p>Aplicar por la noche en rostro, cuello y escote, sobre la piel limpia y seca, evitando el contorno de los ojos. Puede notarse un ligero picor en el momento de la aplicaci\u00f3n.<\/p>\n<\/div>\n","protected":false},"excerpt":{"rendered":"<div class=\"product__header-info\">\n<div class=\"product-info-main\">\n<div class=\"product attribute overview\">\n<div class=\"value\">\n<div class=\"product__header-info\">\n<div class=\"product-info-main\">\n<div class=\"product attribute overview\">\n<div class=\"value\">Gel renovador que combate el tono irregular, las imperfecciones pigmentarias y el aspecto apagado, 50 ml.<\/div>\n<\/div>\n<\/div>\n<\/div>\n<div class=\"ambanners ambanner-6\" data-position=\"6\" data-bannerid=\"\" data-role=\"amasty-banner-container\">\n<p>Gel no graso de acci\u00f3n renovadora y aclarante basado en la combinaci\u00f3n sin\u00e9rgica del \u00e1cido glic\u00f3lico y \u00e1cido f\u00edtico. La alta capacidad exfoliante y regeneradora del \u00e1cido glic\u00f3lico produce una descamaci\u00f3n suave, reduciendo el estrato c\u00f3rneo lo que permite potenciar la acci\u00f3n antioxidante y despigmentante del \u00e1cido f\u00edtico. Disminuye la actividad melanog\u00e9nica, obteniendo una pigmentaci\u00f3n m\u00e1s homog\u00e9nea.<\/p>\n<\/div>\n<div class=\"product info detailed\">\n<div class=\"product data items\" role=\"tablist\">\n<div id=\"tab-label-description\" class=\"data item title active\" tabindex=\"0\" role=\"tab\" data-role=\"collapsible\" data-collapsible=\"true\" aria-controls=\"description\" aria-selected=\"false\" aria-expanded=\"true\"><\/div>\n<\/div>\n<\/div>\n<\/div>\n<\/div>\n<\/div>\n<\/div>\n","protected":false},"featured_media":773,"template":"","meta":{"_monsterinsights_skip_tracking":false,"_monsterinsights_sitenote_active":false,"_monsterinsights_sitenote_note":"","_monsterinsights_sitenote_category":0},"product_brand":[],"product_cat":[57,54],"product_tag":[49],"class_list":{"0":"post-775","1":"product","2":"type-product","3":"status-publish","4":"has-post-thumbnail","6":"product_cat-cuidado-de-la-piel","7":"product_cat-peeling-es","8":"product_tag-mesoestetic-es","10":"first","11":"instock","12":"shipping-taxable","13":"purchasable","14":"product-type-simple"},"yoast_head":"<!-- This site is optimized with the Yoast SEO plugin v27.3 - https:\/\/yoast.com\/product\/yoast-seo-wordpress\/ -->\n<title>Brightening peel booster - soGuapa Beauty Expert<\/title>\n<meta name=\"robots\" content=\"index, follow, max-snippet:-1, max-image-preview:large, max-video-preview:-1\" \/>\n<link rel=\"canonical\" href=\"https:\/\/soguapa.com\/producto\/brightening-peel-booster\/\" \/>\n<meta property=\"og:locale\" content=\"es_ES\" \/>\n<meta property=\"og:type\" content=\"article\" \/>\n<meta property=\"og:title\" content=\"Brightening peel booster - soGuapa Beauty Expert\" \/>\n<meta property=\"og:description\" content=\"Gel renovador que combate el tono irregular, las imperfecciones pigmentarias y el aspecto apagado, 50 ml.      Gel no graso de acci\u00f3n renovadora y aclarante basado en la combinaci\u00f3n sin\u00e9rgica del \u00e1cido glic\u00f3lico y \u00e1cido f\u00edtico. La alta capacidad exfoliante y regeneradora del \u00e1cido glic\u00f3lico produce una descamaci\u00f3n suave, reduciendo el estrato c\u00f3rneo lo que permite potenciar la acci\u00f3n antioxidante y despigmentante del \u00e1cido f\u00edtico. Disminuye la actividad melanog\u00e9nica, obteniendo una pigmentaci\u00f3n m\u00e1s homog\u00e9nea.\" \/>\n<meta property=\"og:url\" content=\"https:\/\/soguapa.com\/producto\/brightening-peel-booster\/\" \/>\n<meta property=\"og:site_name\" content=\"soGuapa Beauty Expert\" \/>\n<meta property=\"article:publisher\" content=\"https:\/\/es-la.facebook.com\/SoguapabeautyExpert\/\" \/>\n<meta property=\"article:modified_time\" content=\"2022-05-22T13:34:57+00:00\" \/>\n<meta property=\"og:image\" content=\"https:\/\/soguapa.com\/wp-content\/uploads\/2022\/05\/brightening-peel-booster.png\" \/>\n\t<meta property=\"og:image:width\" content=\"650\" \/>\n\t<meta property=\"og:image:height\" content=\"650\" \/>\n\t<meta property=\"og:image:type\" content=\"image\/png\" \/>\n<meta name=\"twitter:card\" content=\"summary_large_image\" \/>\n<meta name=\"twitter:label1\" content=\"Tiempo de lectura\" \/>\n\t<meta name=\"twitter:data1\" content=\"1 minuto\" \/>\n<script type=\"application\/ld+json\" class=\"yoast-schema-graph\">{\"@context\":\"https:\\\/\\\/schema.org\",\"@graph\":[{\"@type\":\"WebPage\",\"@id\":\"https:\\\/\\\/soguapa.com\\\/producto\\\/brightening-peel-booster\\\/\",\"url\":\"https:\\\/\\\/soguapa.com\\\/producto\\\/brightening-peel-booster\\\/\",\"name\":\"Brightening peel booster - soGuapa Beauty Expert\",\"isPartOf\":{\"@id\":\"https:\\\/\\\/soguapa.com\\\/#website\"},\"primaryImageOfPage\":{\"@id\":\"https:\\\/\\\/soguapa.com\\\/producto\\\/brightening-peel-booster\\\/#primaryimage\"},\"image\":{\"@id\":\"https:\\\/\\\/soguapa.com\\\/producto\\\/brightening-peel-booster\\\/#primaryimage\"},\"thumbnailUrl\":\"https:\\\/\\\/soguapa.com\\\/wp-content\\\/uploads\\\/2022\\\/05\\\/brightening-peel-booster.png\",\"datePublished\":\"2022-05-22T13:33:02+00:00\",\"dateModified\":\"2022-05-22T13:34:57+00:00\",\"breadcrumb\":{\"@id\":\"https:\\\/\\\/soguapa.com\\\/producto\\\/brightening-peel-booster\\\/#breadcrumb\"},\"inLanguage\":\"es\",\"potentialAction\":[{\"@type\":\"ReadAction\",\"target\":[\"https:\\\/\\\/soguapa.com\\\/producto\\\/brightening-peel-booster\\\/\"]}]},{\"@type\":\"ImageObject\",\"inLanguage\":\"es\",\"@id\":\"https:\\\/\\\/soguapa.com\\\/producto\\\/brightening-peel-booster\\\/#primaryimage\",\"url\":\"https:\\\/\\\/soguapa.com\\\/wp-content\\\/uploads\\\/2022\\\/05\\\/brightening-peel-booster.png\",\"contentUrl\":\"https:\\\/\\\/soguapa.com\\\/wp-content\\\/uploads\\\/2022\\\/05\\\/brightening-peel-booster.png\",\"width\":650,\"height\":650},{\"@type\":\"BreadcrumbList\",\"@id\":\"https:\\\/\\\/soguapa.com\\\/producto\\\/brightening-peel-booster\\\/#breadcrumb\",\"itemListElement\":[{\"@type\":\"ListItem\",\"position\":1,\"name\":\"Home\",\"item\":\"https:\\\/\\\/soguapa.com\\\/\"},{\"@type\":\"ListItem\",\"position\":2,\"name\":\"Tienda\",\"item\":\"https:\\\/\\\/soguapa.com\\\/es\\\/tienda\\\/\"},{\"@type\":\"ListItem\",\"position\":3,\"name\":\"Brightening peel booster\"}]},{\"@type\":\"WebSite\",\"@id\":\"https:\\\/\\\/soguapa.com\\\/#website\",\"url\":\"https:\\\/\\\/soguapa.com\\\/\",\"name\":\"soGuapa Beauty Expert\",\"description\":\"Beauty Treatments Malta\",\"publisher\":{\"@id\":\"https:\\\/\\\/soguapa.com\\\/#organization\"},\"potentialAction\":[{\"@type\":\"SearchAction\",\"target\":{\"@type\":\"EntryPoint\",\"urlTemplate\":\"https:\\\/\\\/soguapa.com\\\/?s={search_term_string}\"},\"query-input\":{\"@type\":\"PropertyValueSpecification\",\"valueRequired\":true,\"valueName\":\"search_term_string\"}}],\"inLanguage\":\"es\"},{\"@type\":\"Organization\",\"@id\":\"https:\\\/\\\/soguapa.com\\\/#organization\",\"name\":\"soGuapa\",\"url\":\"https:\\\/\\\/soguapa.com\\\/\",\"logo\":{\"@type\":\"ImageObject\",\"inLanguage\":\"es\",\"@id\":\"https:\\\/\\\/soguapa.com\\\/#\\\/schema\\\/logo\\\/image\\\/\",\"url\":\"https:\\\/\\\/soguapa.com\\\/wp-content\\\/uploads\\\/2022\\\/05\\\/logo-So-Guapa-by-Ingrid.jpg\",\"contentUrl\":\"https:\\\/\\\/soguapa.com\\\/wp-content\\\/uploads\\\/2022\\\/05\\\/logo-So-Guapa-by-Ingrid.jpg\",\"width\":200,\"height\":80,\"caption\":\"soGuapa\"},\"image\":{\"@id\":\"https:\\\/\\\/soguapa.com\\\/#\\\/schema\\\/logo\\\/image\\\/\"},\"sameAs\":[\"https:\\\/\\\/es-la.facebook.com\\\/SoguapabeautyExpert\\\/\",\"https:\\\/\\\/www.instagram.com\\\/soguapabyingrid\\\/\"]}]}<\/script>\n<!-- \/ Yoast SEO plugin. -->","yoast_head_json":{"title":"Brightening peel booster - soGuapa Beauty Expert","robots":{"index":"index","follow":"follow","max-snippet":"max-snippet:-1","max-image-preview":"max-image-preview:large","max-video-preview":"max-video-preview:-1"},"canonical":"https:\/\/soguapa.com\/producto\/brightening-peel-booster\/","og_locale":"es_ES","og_type":"article","og_title":"Brightening peel booster - soGuapa Beauty Expert","og_description":"Gel renovador que combate el tono irregular, las imperfecciones pigmentarias y el aspecto apagado, 50 ml.      Gel no graso de acci\u00f3n renovadora y aclarante basado en la combinaci\u00f3n sin\u00e9rgica del \u00e1cido glic\u00f3lico y \u00e1cido f\u00edtico. La alta capacidad exfoliante y regeneradora del \u00e1cido glic\u00f3lico produce una descamaci\u00f3n suave, reduciendo el estrato c\u00f3rneo lo que permite potenciar la acci\u00f3n antioxidante y despigmentante del \u00e1cido f\u00edtico. Disminuye la actividad melanog\u00e9nica, obteniendo una pigmentaci\u00f3n m\u00e1s homog\u00e9nea.","og_url":"https:\/\/soguapa.com\/producto\/brightening-peel-booster\/","og_site_name":"soGuapa Beauty Expert","article_publisher":"https:\/\/es-la.facebook.com\/SoguapabeautyExpert\/","article_modified_time":"2022-05-22T13:34:57+00:00","og_image":[{"width":650,"height":650,"url":"https:\/\/soguapa.com\/wp-content\/uploads\/2022\/05\/brightening-peel-booster.png","type":"image\/png"}],"twitter_card":"summary_large_image","twitter_misc":{"Tiempo de lectura":"1 minuto"},"schema":{"@context":"https:\/\/schema.org","@graph":[{"@type":"WebPage","@id":"https:\/\/soguapa.com\/producto\/brightening-peel-booster\/","url":"https:\/\/soguapa.com\/producto\/brightening-peel-booster\/","name":"Brightening peel booster - soGuapa Beauty Expert","isPartOf":{"@id":"https:\/\/soguapa.com\/#website"},"primaryImageOfPage":{"@id":"https:\/\/soguapa.com\/producto\/brightening-peel-booster\/#primaryimage"},"image":{"@id":"https:\/\/soguapa.com\/producto\/brightening-peel-booster\/#primaryimage"},"thumbnailUrl":"https:\/\/soguapa.com\/wp-content\/uploads\/2022\/05\/brightening-peel-booster.png","datePublished":"2022-05-22T13:33:02+00:00","dateModified":"2022-05-22T13:34:57+00:00","breadcrumb":{"@id":"https:\/\/soguapa.com\/producto\/brightening-peel-booster\/#breadcrumb"},"inLanguage":"es","potentialAction":[{"@type":"ReadAction","target":["https:\/\/soguapa.com\/producto\/brightening-peel-booster\/"]}]},{"@type":"ImageObject","inLanguage":"es","@id":"https:\/\/soguapa.com\/producto\/brightening-peel-booster\/#primaryimage","url":"https:\/\/soguapa.com\/wp-content\/uploads\/2022\/05\/brightening-peel-booster.png","contentUrl":"https:\/\/soguapa.com\/wp-content\/uploads\/2022\/05\/brightening-peel-booster.png","width":650,"height":650},{"@type":"BreadcrumbList","@id":"https:\/\/soguapa.com\/producto\/brightening-peel-booster\/#breadcrumb","itemListElement":[{"@type":"ListItem","position":1,"name":"Home","item":"https:\/\/soguapa.com\/"},{"@type":"ListItem","position":2,"name":"Tienda","item":"https:\/\/soguapa.com\/es\/tienda\/"},{"@type":"ListItem","position":3,"name":"Brightening peel booster"}]},{"@type":"WebSite","@id":"https:\/\/soguapa.com\/#website","url":"https:\/\/soguapa.com\/","name":"soGuapa Beauty Expert","description":"Beauty Treatments Malta","publisher":{"@id":"https:\/\/soguapa.com\/#organization"},"potentialAction":[{"@type":"SearchAction","target":{"@type":"EntryPoint","urlTemplate":"https:\/\/soguapa.com\/?s={search_term_string}"},"query-input":{"@type":"PropertyValueSpecification","valueRequired":true,"valueName":"search_term_string"}}],"inLanguage":"es"},{"@type":"Organization","@id":"https:\/\/soguapa.com\/#organization","name":"soGuapa","url":"https:\/\/soguapa.com\/","logo":{"@type":"ImageObject","inLanguage":"es","@id":"https:\/\/soguapa.com\/#\/schema\/logo\/image\/","url":"https:\/\/soguapa.com\/wp-content\/uploads\/2022\/05\/logo-So-Guapa-by-Ingrid.jpg","contentUrl":"https:\/\/soguapa.com\/wp-content\/uploads\/2022\/05\/logo-So-Guapa-by-Ingrid.jpg","width":200,"height":80,"caption":"soGuapa"},"image":{"@id":"https:\/\/soguapa.com\/#\/schema\/logo\/image\/"},"sameAs":["https:\/\/es-la.facebook.com\/SoguapabeautyExpert\/","https:\/\/www.instagram.com\/soguapabyingrid\/"]}]}},"_links":{"self":[{"href":"https:\/\/soguapa.com\/es\/wp-json\/wp\/v2\/product\/775","targetHints":{"allow":["GET"]}}],"collection":[{"href":"https:\/\/soguapa.com\/es\/wp-json\/wp\/v2\/product"}],"about":[{"href":"https:\/\/soguapa.com\/es\/wp-json\/wp\/v2\/types\/product"}],"wp:featuredmedia":[{"embeddable":true,"href":"https:\/\/soguapa.com\/es\/wp-json\/wp\/v2\/media\/773"}],"wp:attachment":[{"href":"https:\/\/soguapa.com\/es\/wp-json\/wp\/v2\/media?parent=775"}],"wp:term":[{"taxonomy":"product_brand","embeddable":true,"href":"https:\/\/soguapa.com\/es\/wp-json\/wp\/v2\/product_brand?post=775"},{"taxonomy":"product_cat","embeddable":true,"href":"https:\/\/soguapa.com\/es\/wp-json\/wp\/v2\/product_cat?post=775"},{"taxonomy":"product_tag","embeddable":true,"href":"https:\/\/soguapa.com\/es\/wp-json\/wp\/v2\/product_tag?post=775"}],"curies":[{"name":"wp","href":"https:\/\/api.w.org\/{rel}","templated":true}]}}