{"id":765,"date":"2022-05-22T13:25:04","date_gmt":"2022-05-22T13:25:04","guid":{"rendered":"http:\/\/nancyyanethc3.sg-host.com\/?post_type=product&#038;p=765"},"modified":"2022-05-22T13:30:40","modified_gmt":"2022-05-22T13:30:40","slug":"crema-desmanchadora-cosmelan-2","status":"publish","type":"product","link":"https:\/\/soguapa.com\/es\/producto\/crema-desmanchadora-cosmelan-2\/","title":{"rendered":"Crema desmanchadora &#8211; Cosmelan 2"},"content":{"rendered":"<p>Esta crema mejora la textura de la piel, resalta la luminosidad e iguala el tono, obteniendo como resultado una piel visiblemente rejuvenecida.<\/p>\n<h3>Modo de empleo<\/h3>\n<p>Seguir la pauta de aplicaci\u00f3n recomendada por el profesional est\u00e9tico, que puede variar seg\u00fan la fase en la que se encuentre durante el tratamiento cosmelan\u00ae.<\/p>\n","protected":false},"excerpt":{"rendered":"<div class=\"product__header-info\">\n<div class=\"product-info-main\">\n<div class=\"product attribute overview\">\n<div class=\"value\">\n<p><strong>Cosmelan 2<\/strong>\u00a0es la crema de uso domiciliario cuya acci\u00f3n principal es la atenuaci\u00f3n y control de las manchas faciales de origen mel\u00e1nico. Aten\u00faa las manchas de forma cont\u00ednua y regula la sobreproducci\u00f3n de melanina para evitar su reaparici\u00f3n a largo plazo. Est\u00e1 indicada para completar la acci\u00f3n despigmentante del\u00a0<strong>m\u00e9todo profesional est\u00e9tico cosmelan\u00ae<\/strong>.<\/p>\n<\/div>\n<\/div>\n<\/div>\n<\/div>\n","protected":false},"featured_media":766,"template":"","meta":{"_monsterinsights_skip_tracking":false,"_monsterinsights_sitenote_active":false,"_monsterinsights_sitenote_note":"","_monsterinsights_sitenote_category":0},"product_brand":[],"product_cat":[57,55],"product_tag":[49],"class_list":{"0":"post-765","1":"product","2":"type-product","3":"status-publish","4":"has-post-thumbnail","6":"product_cat-cuidado-de-la-piel","7":"product_cat-despigmentantes","8":"product_tag-mesoestetic-es","10":"first","11":"instock","12":"shipping-taxable","13":"purchasable","14":"product-type-simple"},"yoast_head":"<!-- This site is optimized with the Yoast SEO plugin v27.4 - https:\/\/yoast.com\/product\/yoast-seo-wordpress\/ -->\n<title>Crema desmanchadora - Cosmelan 2 - soGuapa Beauty Expert<\/title>\n<meta name=\"robots\" content=\"index, follow, max-snippet:-1, max-image-preview:large, max-video-preview:-1\" \/>\n<link rel=\"canonical\" href=\"https:\/\/soguapa.com\/es\/producto\/crema-desmanchadora-cosmelan-2\/\" \/>\n<meta property=\"og:locale\" content=\"es_ES\" \/>\n<meta property=\"og:type\" content=\"article\" \/>\n<meta property=\"og:title\" content=\"Crema desmanchadora - Cosmelan 2 - soGuapa Beauty Expert\" \/>\n<meta property=\"og:description\" content=\"Cosmelan 2\u00a0es la crema de uso domiciliario cuya acci\u00f3n principal es la atenuaci\u00f3n y control de las manchas faciales de origen mel\u00e1nico. Aten\u00faa las manchas de forma cont\u00ednua y regula la sobreproducci\u00f3n de melanina para evitar su reaparici\u00f3n a largo plazo. Est\u00e1 indicada para completar la acci\u00f3n despigmentante del\u00a0m\u00e9todo profesional est\u00e9tico cosmelan\u00ae.\" \/>\n<meta property=\"og:url\" content=\"https:\/\/soguapa.com\/es\/producto\/crema-desmanchadora-cosmelan-2\/\" \/>\n<meta property=\"og:site_name\" content=\"soGuapa Beauty Expert\" \/>\n<meta property=\"article:publisher\" content=\"https:\/\/es-la.facebook.com\/SoguapabeautyExpert\/\" \/>\n<meta property=\"article:modified_time\" content=\"2022-05-22T13:30:40+00:00\" \/>\n<meta property=\"og:image\" content=\"https:\/\/soguapa.com\/wp-content\/uploads\/2022\/05\/cosmelan_2-mesostetic.jpg\" \/>\n\t<meta property=\"og:image:width\" content=\"650\" \/>\n\t<meta property=\"og:image:height\" content=\"650\" \/>\n\t<meta property=\"og:image:type\" content=\"image\/jpeg\" \/>\n<meta name=\"twitter:card\" content=\"summary_large_image\" \/>\n<script type=\"application\/ld+json\" class=\"yoast-schema-graph\">{\"@context\":\"https:\\\/\\\/schema.org\",\"@graph\":[{\"@type\":\"WebPage\",\"@id\":\"https:\\\/\\\/soguapa.com\\\/es\\\/producto\\\/crema-desmanchadora-cosmelan-2\\\/\",\"url\":\"https:\\\/\\\/soguapa.com\\\/es\\\/producto\\\/crema-desmanchadora-cosmelan-2\\\/\",\"name\":\"Crema desmanchadora - Cosmelan 2 - soGuapa Beauty Expert\",\"isPartOf\":{\"@id\":\"https:\\\/\\\/soguapa.com\\\/#website\"},\"primaryImageOfPage\":{\"@id\":\"https:\\\/\\\/soguapa.com\\\/es\\\/producto\\\/crema-desmanchadora-cosmelan-2\\\/#primaryimage\"},\"image\":{\"@id\":\"https:\\\/\\\/soguapa.com\\\/es\\\/producto\\\/crema-desmanchadora-cosmelan-2\\\/#primaryimage\"},\"thumbnailUrl\":\"https:\\\/\\\/soguapa.com\\\/wp-content\\\/uploads\\\/2022\\\/05\\\/cosmelan_2-mesostetic.jpg\",\"datePublished\":\"2022-05-22T13:25:04+00:00\",\"dateModified\":\"2022-05-22T13:30:40+00:00\",\"breadcrumb\":{\"@id\":\"https:\\\/\\\/soguapa.com\\\/es\\\/producto\\\/crema-desmanchadora-cosmelan-2\\\/#breadcrumb\"},\"inLanguage\":\"es\",\"potentialAction\":[{\"@type\":\"ReadAction\",\"target\":[\"https:\\\/\\\/soguapa.com\\\/es\\\/producto\\\/crema-desmanchadora-cosmelan-2\\\/\"]}]},{\"@type\":\"ImageObject\",\"inLanguage\":\"es\",\"@id\":\"https:\\\/\\\/soguapa.com\\\/es\\\/producto\\\/crema-desmanchadora-cosmelan-2\\\/#primaryimage\",\"url\":\"https:\\\/\\\/soguapa.com\\\/wp-content\\\/uploads\\\/2022\\\/05\\\/cosmelan_2-mesostetic.jpg\",\"contentUrl\":\"https:\\\/\\\/soguapa.com\\\/wp-content\\\/uploads\\\/2022\\\/05\\\/cosmelan_2-mesostetic.jpg\",\"width\":650,\"height\":650,\"caption\":\"cosmelan_2 mesostetic\"},{\"@type\":\"BreadcrumbList\",\"@id\":\"https:\\\/\\\/soguapa.com\\\/es\\\/producto\\\/crema-desmanchadora-cosmelan-2\\\/#breadcrumb\",\"itemListElement\":[{\"@type\":\"ListItem\",\"position\":1,\"name\":\"Home\",\"item\":\"https:\\\/\\\/soguapa.com\\\/\"},{\"@type\":\"ListItem\",\"position\":2,\"name\":\"Tienda\",\"item\":\"https:\\\/\\\/soguapa.com\\\/es\\\/tienda\\\/\"},{\"@type\":\"ListItem\",\"position\":3,\"name\":\"Crema desmanchadora &#8211; Cosmelan 2\"}]},{\"@type\":\"WebSite\",\"@id\":\"https:\\\/\\\/soguapa.com\\\/#website\",\"url\":\"https:\\\/\\\/soguapa.com\\\/\",\"name\":\"soGuapa Beauty Expert\",\"description\":\"Beauty Treatments Malta\",\"publisher\":{\"@id\":\"https:\\\/\\\/soguapa.com\\\/#organization\"},\"potentialAction\":[{\"@type\":\"SearchAction\",\"target\":{\"@type\":\"EntryPoint\",\"urlTemplate\":\"https:\\\/\\\/soguapa.com\\\/?s={search_term_string}\"},\"query-input\":{\"@type\":\"PropertyValueSpecification\",\"valueRequired\":true,\"valueName\":\"search_term_string\"}}],\"inLanguage\":\"es\"},{\"@type\":\"Organization\",\"@id\":\"https:\\\/\\\/soguapa.com\\\/#organization\",\"name\":\"soGuapa\",\"url\":\"https:\\\/\\\/soguapa.com\\\/\",\"logo\":{\"@type\":\"ImageObject\",\"inLanguage\":\"es\",\"@id\":\"https:\\\/\\\/soguapa.com\\\/#\\\/schema\\\/logo\\\/image\\\/\",\"url\":\"https:\\\/\\\/soguapa.com\\\/wp-content\\\/uploads\\\/2022\\\/05\\\/logo-So-Guapa-by-Ingrid.jpg\",\"contentUrl\":\"https:\\\/\\\/soguapa.com\\\/wp-content\\\/uploads\\\/2022\\\/05\\\/logo-So-Guapa-by-Ingrid.jpg\",\"width\":200,\"height\":80,\"caption\":\"soGuapa\"},\"image\":{\"@id\":\"https:\\\/\\\/soguapa.com\\\/#\\\/schema\\\/logo\\\/image\\\/\"},\"sameAs\":[\"https:\\\/\\\/es-la.facebook.com\\\/SoguapabeautyExpert\\\/\",\"https:\\\/\\\/www.instagram.com\\\/soguapabyingrid\\\/\"]}]}<\/script>\n<!-- \/ Yoast SEO plugin. -->","yoast_head_json":{"title":"Crema desmanchadora - Cosmelan 2 - soGuapa Beauty Expert","robots":{"index":"index","follow":"follow","max-snippet":"max-snippet:-1","max-image-preview":"max-image-preview:large","max-video-preview":"max-video-preview:-1"},"canonical":"https:\/\/soguapa.com\/es\/producto\/crema-desmanchadora-cosmelan-2\/","og_locale":"es_ES","og_type":"article","og_title":"Crema desmanchadora - Cosmelan 2 - soGuapa Beauty Expert","og_description":"Cosmelan 2\u00a0es la crema de uso domiciliario cuya acci\u00f3n principal es la atenuaci\u00f3n y control de las manchas faciales de origen mel\u00e1nico. Aten\u00faa las manchas de forma cont\u00ednua y regula la sobreproducci\u00f3n de melanina para evitar su reaparici\u00f3n a largo plazo. Est\u00e1 indicada para completar la acci\u00f3n despigmentante del\u00a0m\u00e9todo profesional est\u00e9tico cosmelan\u00ae.","og_url":"https:\/\/soguapa.com\/es\/producto\/crema-desmanchadora-cosmelan-2\/","og_site_name":"soGuapa Beauty Expert","article_publisher":"https:\/\/es-la.facebook.com\/SoguapabeautyExpert\/","article_modified_time":"2022-05-22T13:30:40+00:00","og_image":[{"width":650,"height":650,"url":"https:\/\/soguapa.com\/wp-content\/uploads\/2022\/05\/cosmelan_2-mesostetic.jpg","type":"image\/jpeg"}],"twitter_card":"summary_large_image","schema":{"@context":"https:\/\/schema.org","@graph":[{"@type":"WebPage","@id":"https:\/\/soguapa.com\/es\/producto\/crema-desmanchadora-cosmelan-2\/","url":"https:\/\/soguapa.com\/es\/producto\/crema-desmanchadora-cosmelan-2\/","name":"Crema desmanchadora - Cosmelan 2 - soGuapa Beauty Expert","isPartOf":{"@id":"https:\/\/soguapa.com\/#website"},"primaryImageOfPage":{"@id":"https:\/\/soguapa.com\/es\/producto\/crema-desmanchadora-cosmelan-2\/#primaryimage"},"image":{"@id":"https:\/\/soguapa.com\/es\/producto\/crema-desmanchadora-cosmelan-2\/#primaryimage"},"thumbnailUrl":"https:\/\/soguapa.com\/wp-content\/uploads\/2022\/05\/cosmelan_2-mesostetic.jpg","datePublished":"2022-05-22T13:25:04+00:00","dateModified":"2022-05-22T13:30:40+00:00","breadcrumb":{"@id":"https:\/\/soguapa.com\/es\/producto\/crema-desmanchadora-cosmelan-2\/#breadcrumb"},"inLanguage":"es","potentialAction":[{"@type":"ReadAction","target":["https:\/\/soguapa.com\/es\/producto\/crema-desmanchadora-cosmelan-2\/"]}]},{"@type":"ImageObject","inLanguage":"es","@id":"https:\/\/soguapa.com\/es\/producto\/crema-desmanchadora-cosmelan-2\/#primaryimage","url":"https:\/\/soguapa.com\/wp-content\/uploads\/2022\/05\/cosmelan_2-mesostetic.jpg","contentUrl":"https:\/\/soguapa.com\/wp-content\/uploads\/2022\/05\/cosmelan_2-mesostetic.jpg","width":650,"height":650,"caption":"cosmelan_2 mesostetic"},{"@type":"BreadcrumbList","@id":"https:\/\/soguapa.com\/es\/producto\/crema-desmanchadora-cosmelan-2\/#breadcrumb","itemListElement":[{"@type":"ListItem","position":1,"name":"Home","item":"https:\/\/soguapa.com\/"},{"@type":"ListItem","position":2,"name":"Tienda","item":"https:\/\/soguapa.com\/es\/tienda\/"},{"@type":"ListItem","position":3,"name":"Crema desmanchadora &#8211; Cosmelan 2"}]},{"@type":"WebSite","@id":"https:\/\/soguapa.com\/#website","url":"https:\/\/soguapa.com\/","name":"soGuapa Beauty Expert","description":"Beauty Treatments Malta","publisher":{"@id":"https:\/\/soguapa.com\/#organization"},"potentialAction":[{"@type":"SearchAction","target":{"@type":"EntryPoint","urlTemplate":"https:\/\/soguapa.com\/?s={search_term_string}"},"query-input":{"@type":"PropertyValueSpecification","valueRequired":true,"valueName":"search_term_string"}}],"inLanguage":"es"},{"@type":"Organization","@id":"https:\/\/soguapa.com\/#organization","name":"soGuapa","url":"https:\/\/soguapa.com\/","logo":{"@type":"ImageObject","inLanguage":"es","@id":"https:\/\/soguapa.com\/#\/schema\/logo\/image\/","url":"https:\/\/soguapa.com\/wp-content\/uploads\/2022\/05\/logo-So-Guapa-by-Ingrid.jpg","contentUrl":"https:\/\/soguapa.com\/wp-content\/uploads\/2022\/05\/logo-So-Guapa-by-Ingrid.jpg","width":200,"height":80,"caption":"soGuapa"},"image":{"@id":"https:\/\/soguapa.com\/#\/schema\/logo\/image\/"},"sameAs":["https:\/\/es-la.facebook.com\/SoguapabeautyExpert\/","https:\/\/www.instagram.com\/soguapabyingrid\/"]}]}},"_links":{"self":[{"href":"https:\/\/soguapa.com\/es\/wp-json\/wp\/v2\/product\/765","targetHints":{"allow":["GET"]}}],"collection":[{"href":"https:\/\/soguapa.com\/es\/wp-json\/wp\/v2\/product"}],"about":[{"href":"https:\/\/soguapa.com\/es\/wp-json\/wp\/v2\/types\/product"}],"wp:featuredmedia":[{"embeddable":true,"href":"https:\/\/soguapa.com\/es\/wp-json\/wp\/v2\/media\/766"}],"wp:attachment":[{"href":"https:\/\/soguapa.com\/es\/wp-json\/wp\/v2\/media?parent=765"}],"wp:term":[{"taxonomy":"product_brand","embeddable":true,"href":"https:\/\/soguapa.com\/es\/wp-json\/wp\/v2\/product_brand?post=765"},{"taxonomy":"product_cat","embeddable":true,"href":"https:\/\/soguapa.com\/es\/wp-json\/wp\/v2\/product_cat?post=765"},{"taxonomy":"product_tag","embeddable":true,"href":"https:\/\/soguapa.com\/es\/wp-json\/wp\/v2\/product_tag?post=765"}],"curies":[{"name":"wp","href":"https:\/\/api.w.org\/{rel}","templated":true}]}}