{"id":763,"date":"2022-05-17T12:01:18","date_gmt":"2022-05-17T12:01:18","guid":{"rendered":"http:\/\/nancyyanethc3.sg-host.com\/product\/shine-control\/"},"modified":"2022-05-22T13:10:14","modified_gmt":"2022-05-22T13:10:14","slug":"shine-control","status":"publish","type":"product","link":"https:\/\/soguapa.com\/es\/producto\/shine-control\/","title":{"rendered":"Shine Control &#8211; Sebum Regulating gel"},"content":{"rendered":"<div id=\"para-quien\" class=\"tab-section\">\n<h3 class=\"title\">\u00bfPara qui\u00e9n est\u00e1 indicado?<\/h3>\n<div class=\"section section-tab\">Piel grasa, mixta o con brillo. F\u00f3rmula unisex, indicada para todas las edades.<\/div>\n<\/div>\n<div id=\"accion\" class=\"tab-section\">\n<h3 class=\"title\">Acci\u00f3n<\/h3>\n<div class=\"section section-tab\">\n<p>Tratamiento espec\u00edfico Seboequilibrante. Liposomado celular inteligente.<\/p>\n<p>Regulador selectivo de la grasa.<\/p>\n<p>Hidrataci\u00f3n profunda.<\/p>\n<p>Efecto matizante.<\/p>\n<\/div>\n<\/div>\n<div id=\"resultados\" class=\"tab-section\">\n<h3 class=\"title\">Resultados<\/h3>\n<div class=\"section section-tab\">\n<p>Piel equilibrada, matizada, limpia, libre de imperfecciones y m\u00e1s joven.<\/p>\n<p>Sistema airless en s\u00e9rum y cremas.<\/p>\n<\/div>\n<\/div>\n<div id=\"activos\" class=\"tab-section\">\n<h3 class=\"title\">Ingredientes activos<\/h3>\n<div class=\"section section-tab\">\n<p><strong>AZELOGLICINA\u00ae:<\/strong>\u00a0\u00e1cido azelaico y glicina. Regula la secreci\u00f3n irregular de sebo y evita la aparici\u00f3n de acn\u00e9, gracias a su acci\u00f3n anti-bacteriana.<\/p>\n<\/div>\n<\/div>\n","protected":false},"excerpt":{"rendered":"<p>Matizante para piel grasa.<\/p>\n<p>Gel regulador y normalizador de la secreci\u00f3n seb\u00e1cea.\u00a0Formulada a partir de activos inteligentes que regulan y equilibran de una manera selectiva la producci\u00f3n de grasa aportando los cuidados que tu piel necesita. Rostro detoxificado, purificado y sano.<\/p>\n<p>Cosm\u00e9tica inteligente para piel grasa y\/o con exceso de brillos; una combinaci\u00f3n innovadora de activos que act\u00faa en profundidad a distintos niveles de la piel.<\/p>\n","protected":false},"featured_media":568,"template":"","meta":{"_monsterinsights_skip_tracking":false,"_monsterinsights_sitenote_active":false,"_monsterinsights_sitenote_note":"","_monsterinsights_sitenote_category":0},"product_brand":[],"product_cat":[56,53],"product_tag":[48],"class_list":{"0":"post-763","1":"product","2":"type-product","3":"status-publish","4":"has-post-thumbnail","6":"product_cat-control-de-brillo","7":"product_cat-cuidado-facial","8":"product_tag-casmara-es","10":"first","11":"instock","12":"shipping-taxable","13":"purchasable","14":"product-type-simple"},"yoast_head":"<!-- This site is optimized with the Yoast SEO plugin v27.3 - https:\/\/yoast.com\/product\/yoast-seo-wordpress\/ -->\n<title>Shine Control - Sebum Regulating gel - soGuapa Beauty Expert<\/title>\n<meta name=\"robots\" content=\"index, follow, max-snippet:-1, max-image-preview:large, max-video-preview:-1\" \/>\n<link rel=\"canonical\" href=\"https:\/\/soguapa.com\/producto\/shine-control\/\" \/>\n<meta property=\"og:locale\" content=\"es_ES\" \/>\n<meta property=\"og:type\" content=\"article\" \/>\n<meta property=\"og:title\" content=\"Shine Control - Sebum Regulating gel - soGuapa Beauty Expert\" \/>\n<meta property=\"og:description\" content=\"Matizante para piel grasa.  Gel regulador y normalizador de la secreci\u00f3n seb\u00e1cea.\u00a0Formulada a partir de activos inteligentes que regulan y equilibran de una manera selectiva la producci\u00f3n de grasa aportando los cuidados que tu piel necesita. Rostro detoxificado, purificado y sano.  Cosm\u00e9tica inteligente para piel grasa y\/o con exceso de brillos; una combinaci\u00f3n innovadora de activos que act\u00faa en profundidad a distintos niveles de la piel.\" \/>\n<meta property=\"og:url\" content=\"https:\/\/soguapa.com\/producto\/shine-control\/\" \/>\n<meta property=\"og:site_name\" content=\"soGuapa Beauty Expert\" \/>\n<meta property=\"article:publisher\" content=\"https:\/\/es-la.facebook.com\/SoguapabeautyExpert\/\" \/>\n<meta property=\"article:modified_time\" content=\"2022-05-22T13:10:14+00:00\" \/>\n<meta property=\"og:image\" content=\"https:\/\/soguapa.com\/wp-content\/uploads\/2022\/05\/shine_control_sebum_regulating_gel.jpg\" \/>\n\t<meta property=\"og:image:width\" content=\"436\" \/>\n\t<meta property=\"og:image:height\" content=\"700\" \/>\n\t<meta property=\"og:image:type\" content=\"image\/jpeg\" \/>\n<meta name=\"twitter:card\" content=\"summary_large_image\" \/>\n<script type=\"application\/ld+json\" class=\"yoast-schema-graph\">{\"@context\":\"https:\\\/\\\/schema.org\",\"@graph\":[{\"@type\":\"WebPage\",\"@id\":\"https:\\\/\\\/soguapa.com\\\/producto\\\/shine-control\\\/\",\"url\":\"https:\\\/\\\/soguapa.com\\\/producto\\\/shine-control\\\/\",\"name\":\"Shine Control - Sebum Regulating gel - soGuapa Beauty Expert\",\"isPartOf\":{\"@id\":\"https:\\\/\\\/soguapa.com\\\/#website\"},\"primaryImageOfPage\":{\"@id\":\"https:\\\/\\\/soguapa.com\\\/producto\\\/shine-control\\\/#primaryimage\"},\"image\":{\"@id\":\"https:\\\/\\\/soguapa.com\\\/producto\\\/shine-control\\\/#primaryimage\"},\"thumbnailUrl\":\"https:\\\/\\\/soguapa.com\\\/wp-content\\\/uploads\\\/2022\\\/05\\\/shine_control_sebum_regulating_gel.jpg\",\"datePublished\":\"2022-05-17T12:01:18+00:00\",\"dateModified\":\"2022-05-22T13:10:14+00:00\",\"breadcrumb\":{\"@id\":\"https:\\\/\\\/soguapa.com\\\/producto\\\/shine-control\\\/#breadcrumb\"},\"inLanguage\":\"es\",\"potentialAction\":[{\"@type\":\"ReadAction\",\"target\":[\"https:\\\/\\\/soguapa.com\\\/producto\\\/shine-control\\\/\"]}]},{\"@type\":\"ImageObject\",\"inLanguage\":\"es\",\"@id\":\"https:\\\/\\\/soguapa.com\\\/producto\\\/shine-control\\\/#primaryimage\",\"url\":\"https:\\\/\\\/soguapa.com\\\/wp-content\\\/uploads\\\/2022\\\/05\\\/shine_control_sebum_regulating_gel.jpg\",\"contentUrl\":\"https:\\\/\\\/soguapa.com\\\/wp-content\\\/uploads\\\/2022\\\/05\\\/shine_control_sebum_regulating_gel.jpg\",\"width\":436,\"height\":700},{\"@type\":\"BreadcrumbList\",\"@id\":\"https:\\\/\\\/soguapa.com\\\/producto\\\/shine-control\\\/#breadcrumb\",\"itemListElement\":[{\"@type\":\"ListItem\",\"position\":1,\"name\":\"Home\",\"item\":\"https:\\\/\\\/soguapa.com\\\/\"},{\"@type\":\"ListItem\",\"position\":2,\"name\":\"Tienda\",\"item\":\"https:\\\/\\\/soguapa.com\\\/es\\\/tienda\\\/\"},{\"@type\":\"ListItem\",\"position\":3,\"name\":\"Shine Control &#8211; Sebum Regulating gel\"}]},{\"@type\":\"WebSite\",\"@id\":\"https:\\\/\\\/soguapa.com\\\/#website\",\"url\":\"https:\\\/\\\/soguapa.com\\\/\",\"name\":\"soGuapa Beauty Expert\",\"description\":\"Beauty Treatments Malta\",\"publisher\":{\"@id\":\"https:\\\/\\\/soguapa.com\\\/#organization\"},\"potentialAction\":[{\"@type\":\"SearchAction\",\"target\":{\"@type\":\"EntryPoint\",\"urlTemplate\":\"https:\\\/\\\/soguapa.com\\\/?s={search_term_string}\"},\"query-input\":{\"@type\":\"PropertyValueSpecification\",\"valueRequired\":true,\"valueName\":\"search_term_string\"}}],\"inLanguage\":\"es\"},{\"@type\":\"Organization\",\"@id\":\"https:\\\/\\\/soguapa.com\\\/#organization\",\"name\":\"soGuapa\",\"url\":\"https:\\\/\\\/soguapa.com\\\/\",\"logo\":{\"@type\":\"ImageObject\",\"inLanguage\":\"es\",\"@id\":\"https:\\\/\\\/soguapa.com\\\/#\\\/schema\\\/logo\\\/image\\\/\",\"url\":\"https:\\\/\\\/soguapa.com\\\/wp-content\\\/uploads\\\/2022\\\/05\\\/logo-So-Guapa-by-Ingrid.jpg\",\"contentUrl\":\"https:\\\/\\\/soguapa.com\\\/wp-content\\\/uploads\\\/2022\\\/05\\\/logo-So-Guapa-by-Ingrid.jpg\",\"width\":200,\"height\":80,\"caption\":\"soGuapa\"},\"image\":{\"@id\":\"https:\\\/\\\/soguapa.com\\\/#\\\/schema\\\/logo\\\/image\\\/\"},\"sameAs\":[\"https:\\\/\\\/es-la.facebook.com\\\/SoguapabeautyExpert\\\/\",\"https:\\\/\\\/www.instagram.com\\\/soguapabyingrid\\\/\"]}]}<\/script>\n<!-- \/ Yoast SEO plugin. -->","yoast_head_json":{"title":"Shine Control - Sebum Regulating gel - soGuapa Beauty Expert","robots":{"index":"index","follow":"follow","max-snippet":"max-snippet:-1","max-image-preview":"max-image-preview:large","max-video-preview":"max-video-preview:-1"},"canonical":"https:\/\/soguapa.com\/producto\/shine-control\/","og_locale":"es_ES","og_type":"article","og_title":"Shine Control - Sebum Regulating gel - soGuapa Beauty Expert","og_description":"Matizante para piel grasa.  Gel regulador y normalizador de la secreci\u00f3n seb\u00e1cea.\u00a0Formulada a partir de activos inteligentes que regulan y equilibran de una manera selectiva la producci\u00f3n de grasa aportando los cuidados que tu piel necesita. Rostro detoxificado, purificado y sano.  Cosm\u00e9tica inteligente para piel grasa y\/o con exceso de brillos; una combinaci\u00f3n innovadora de activos que act\u00faa en profundidad a distintos niveles de la piel.","og_url":"https:\/\/soguapa.com\/producto\/shine-control\/","og_site_name":"soGuapa Beauty Expert","article_publisher":"https:\/\/es-la.facebook.com\/SoguapabeautyExpert\/","article_modified_time":"2022-05-22T13:10:14+00:00","og_image":[{"width":436,"height":700,"url":"https:\/\/soguapa.com\/wp-content\/uploads\/2022\/05\/shine_control_sebum_regulating_gel.jpg","type":"image\/jpeg"}],"twitter_card":"summary_large_image","schema":{"@context":"https:\/\/schema.org","@graph":[{"@type":"WebPage","@id":"https:\/\/soguapa.com\/producto\/shine-control\/","url":"https:\/\/soguapa.com\/producto\/shine-control\/","name":"Shine Control - Sebum Regulating gel - soGuapa Beauty Expert","isPartOf":{"@id":"https:\/\/soguapa.com\/#website"},"primaryImageOfPage":{"@id":"https:\/\/soguapa.com\/producto\/shine-control\/#primaryimage"},"image":{"@id":"https:\/\/soguapa.com\/producto\/shine-control\/#primaryimage"},"thumbnailUrl":"https:\/\/soguapa.com\/wp-content\/uploads\/2022\/05\/shine_control_sebum_regulating_gel.jpg","datePublished":"2022-05-17T12:01:18+00:00","dateModified":"2022-05-22T13:10:14+00:00","breadcrumb":{"@id":"https:\/\/soguapa.com\/producto\/shine-control\/#breadcrumb"},"inLanguage":"es","potentialAction":[{"@type":"ReadAction","target":["https:\/\/soguapa.com\/producto\/shine-control\/"]}]},{"@type":"ImageObject","inLanguage":"es","@id":"https:\/\/soguapa.com\/producto\/shine-control\/#primaryimage","url":"https:\/\/soguapa.com\/wp-content\/uploads\/2022\/05\/shine_control_sebum_regulating_gel.jpg","contentUrl":"https:\/\/soguapa.com\/wp-content\/uploads\/2022\/05\/shine_control_sebum_regulating_gel.jpg","width":436,"height":700},{"@type":"BreadcrumbList","@id":"https:\/\/soguapa.com\/producto\/shine-control\/#breadcrumb","itemListElement":[{"@type":"ListItem","position":1,"name":"Home","item":"https:\/\/soguapa.com\/"},{"@type":"ListItem","position":2,"name":"Tienda","item":"https:\/\/soguapa.com\/es\/tienda\/"},{"@type":"ListItem","position":3,"name":"Shine Control &#8211; Sebum Regulating gel"}]},{"@type":"WebSite","@id":"https:\/\/soguapa.com\/#website","url":"https:\/\/soguapa.com\/","name":"soGuapa Beauty Expert","description":"Beauty Treatments Malta","publisher":{"@id":"https:\/\/soguapa.com\/#organization"},"potentialAction":[{"@type":"SearchAction","target":{"@type":"EntryPoint","urlTemplate":"https:\/\/soguapa.com\/?s={search_term_string}"},"query-input":{"@type":"PropertyValueSpecification","valueRequired":true,"valueName":"search_term_string"}}],"inLanguage":"es"},{"@type":"Organization","@id":"https:\/\/soguapa.com\/#organization","name":"soGuapa","url":"https:\/\/soguapa.com\/","logo":{"@type":"ImageObject","inLanguage":"es","@id":"https:\/\/soguapa.com\/#\/schema\/logo\/image\/","url":"https:\/\/soguapa.com\/wp-content\/uploads\/2022\/05\/logo-So-Guapa-by-Ingrid.jpg","contentUrl":"https:\/\/soguapa.com\/wp-content\/uploads\/2022\/05\/logo-So-Guapa-by-Ingrid.jpg","width":200,"height":80,"caption":"soGuapa"},"image":{"@id":"https:\/\/soguapa.com\/#\/schema\/logo\/image\/"},"sameAs":["https:\/\/es-la.facebook.com\/SoguapabeautyExpert\/","https:\/\/www.instagram.com\/soguapabyingrid\/"]}]}},"_links":{"self":[{"href":"https:\/\/soguapa.com\/es\/wp-json\/wp\/v2\/product\/763","targetHints":{"allow":["GET"]}}],"collection":[{"href":"https:\/\/soguapa.com\/es\/wp-json\/wp\/v2\/product"}],"about":[{"href":"https:\/\/soguapa.com\/es\/wp-json\/wp\/v2\/types\/product"}],"wp:featuredmedia":[{"embeddable":true,"href":"https:\/\/soguapa.com\/es\/wp-json\/wp\/v2\/media\/568"}],"wp:attachment":[{"href":"https:\/\/soguapa.com\/es\/wp-json\/wp\/v2\/media?parent=763"}],"wp:term":[{"taxonomy":"product_brand","embeddable":true,"href":"https:\/\/soguapa.com\/es\/wp-json\/wp\/v2\/product_brand?post=763"},{"taxonomy":"product_cat","embeddable":true,"href":"https:\/\/soguapa.com\/es\/wp-json\/wp\/v2\/product_cat?post=763"},{"taxonomy":"product_tag","embeddable":true,"href":"https:\/\/soguapa.com\/es\/wp-json\/wp\/v2\/product_tag?post=763"}],"curies":[{"name":"wp","href":"https:\/\/api.w.org\/{rel}","templated":true}]}}