{"id":761,"date":"2022-05-17T12:12:06","date_gmt":"2022-05-17T12:12:06","guid":{"rendered":"http:\/\/nancyyanethc3.sg-host.com\/product\/glycolic-e-f-ampoules\/"},"modified":"2022-05-22T13:05:50","modified_gmt":"2022-05-22T13:05:50","slug":"glycolic-e-f-ampoules","status":"publish","type":"product","link":"https:\/\/soguapa.com\/es\/producto\/glycolic-e-f-ampoules\/","title":{"rendered":"glycolic + E + F ampollas"},"content":{"rendered":"<div class=\"product__header-info\">\n<div class=\"product-info-main\">\n<div class=\"product attribute overview\">\n<div class=\"value\">\n<div id=\"description\" class=\"data item content\" role=\"tabpanel\" aria-labelledby=\"tab-label-description\" data-role=\"content\" aria-hidden=\"false\">\n<section class=\"description__content\">\n<h3>Ingredientes Activos<\/h3>\n<p><strong>\u00c1cido glic\u00f3lico<\/strong><\/p>\n<\/section>\n<\/div>\n<div id=\"tab-label-principles\" class=\"data item title\" tabindex=\"0\" role=\"tab\" data-role=\"collapsible\" data-collapsible=\"true\" aria-controls=\"principles\" aria-selected=\"false\" aria-expanded=\"false\">\n<div>\n<p>Alfa-hidroxi\u00e1cido obtenido de la ca\u00f1a de az\u00facar con una acci\u00f3n exfoliante de la superficie cut\u00e1nea que estimula la renovaci\u00f3n celular y la s\u00edntesis de col\u00e1geno y elastina. Aumenta la luminosidad y el nivel de hidrataci\u00f3n, atenuando arrugas, manchas, marcas de acn\u00e9 y poros dilatados. Normaliza el exceso de secreci\u00f3n seb\u00e1cea caracter\u00edstico de pieles con tendencia acneica.<\/p>\n<\/div>\n<div>\n<h3>Vitamina E<\/h3>\n<p>Vitamina con gran capacidad antioxidante que protege las membranas celulares frente a los radicales libres, retrasando el envejecimiento celular y mejorando la recuperaci\u00f3n del tejido. Mejora la nutrici\u00f3n y la elasticidad de la piel combatiendo la aparici\u00f3n de arrugas finas y l\u00edneas de expresi\u00f3n.<\/p>\n<\/div>\n<div>\n<h3>Vitamina F<\/h3>\n<p>Mezcla de \u00e1cidos grasos omega 3 y 6 y agentes nutritivos que restauran la funci\u00f3n barrera y reducen la p\u00e9rdida de agua transepid\u00e9rmica devolviendo la elasticidad, la suavidad y el brillo a la piel. Refuerzan la protecci\u00f3n natural de la piel para mantenerla protegida de las agresiones externas. Especialmente indicado para pieles secas, escamosas y enrojecidas.<\/p>\n<\/div>\n<\/div>\n<\/div>\n<\/div>\n<\/div>\n<\/div>\n<h3 data-position=\"3\" data-role=\"amasty-banner-container\">Modo de empleo<\/h3>\n<div data-position=\"3\" data-bannerid=\"\" data-role=\"amasty-banner-container\">\n<div class=\"clock\">Una vez a la semana, noche.<\/div>\n<p>Aplicar una vez a la semana por la noche sobre la piel limpia y seca en rostro, cuello y escote antes de la crema. El pack incluye en la solapa inferior herramientas para facilitar la apertura, aplicaci\u00f3n y conservaci\u00f3n del producto.<\/p>\n<\/div>\n","protected":false},"excerpt":{"rendered":"<p>Soluci\u00f3n exfoliante que acelera la renovaci\u00f3n celular para atenuar imperfecciones en la superficie cut\u00e1nea y aumentar el tono y la luminosidad. El pack incluye 10 ampollas.<\/p>\n","protected":false},"featured_media":569,"template":"","meta":{"_monsterinsights_skip_tracking":false,"_monsterinsights_sitenote_active":false,"_monsterinsights_sitenote_note":"","_monsterinsights_sitenote_category":0},"product_brand":[],"product_cat":[54],"product_tag":[49],"class_list":{"0":"post-761","1":"product","2":"type-product","3":"status-publish","4":"has-post-thumbnail","6":"product_cat-peeling-es","7":"product_tag-mesoestetic-es","9":"first","10":"instock","11":"shipping-taxable","12":"purchasable","13":"product-type-simple"},"yoast_head":"<!-- This site is optimized with the Yoast SEO plugin v27.3 - https:\/\/yoast.com\/product\/yoast-seo-wordpress\/ -->\n<title>glycolic + E + F ampollas - soGuapa Beauty Expert<\/title>\n<meta name=\"robots\" content=\"index, follow, max-snippet:-1, max-image-preview:large, max-video-preview:-1\" \/>\n<link rel=\"canonical\" href=\"https:\/\/soguapa.com\/producto\/glycolic-e-f-ampoules\/\" \/>\n<meta property=\"og:locale\" content=\"es_ES\" \/>\n<meta property=\"og:type\" content=\"article\" \/>\n<meta property=\"og:title\" content=\"glycolic + E + F ampollas - soGuapa Beauty Expert\" \/>\n<meta property=\"og:description\" content=\"Soluci\u00f3n exfoliante que acelera la renovaci\u00f3n celular para atenuar imperfecciones en la superficie cut\u00e1nea y aumentar el tono y la luminosidad. El pack incluye 10 ampollas.\" \/>\n<meta property=\"og:url\" content=\"https:\/\/soguapa.com\/producto\/glycolic-e-f-ampoules\/\" \/>\n<meta property=\"og:site_name\" content=\"soGuapa Beauty Expert\" \/>\n<meta property=\"article:publisher\" content=\"https:\/\/es-la.facebook.com\/SoguapabeautyExpert\/\" \/>\n<meta property=\"article:modified_time\" content=\"2022-05-22T13:05:50+00:00\" \/>\n<meta property=\"og:image\" content=\"https:\/\/soguapa.com\/wp-content\/uploads\/2022\/05\/glycolic-ampoules.png\" \/>\n\t<meta property=\"og:image:width\" content=\"650\" \/>\n\t<meta property=\"og:image:height\" content=\"650\" \/>\n\t<meta property=\"og:image:type\" content=\"image\/png\" \/>\n<meta name=\"twitter:card\" content=\"summary_large_image\" \/>\n<meta name=\"twitter:label1\" content=\"Tiempo de lectura\" \/>\n\t<meta name=\"twitter:data1\" content=\"1 minuto\" \/>\n<script type=\"application\/ld+json\" class=\"yoast-schema-graph\">{\"@context\":\"https:\\\/\\\/schema.org\",\"@graph\":[{\"@type\":\"WebPage\",\"@id\":\"https:\\\/\\\/soguapa.com\\\/producto\\\/glycolic-e-f-ampoules\\\/\",\"url\":\"https:\\\/\\\/soguapa.com\\\/producto\\\/glycolic-e-f-ampoules\\\/\",\"name\":\"glycolic + E + F ampollas - soGuapa Beauty Expert\",\"isPartOf\":{\"@id\":\"https:\\\/\\\/soguapa.com\\\/#website\"},\"primaryImageOfPage\":{\"@id\":\"https:\\\/\\\/soguapa.com\\\/producto\\\/glycolic-e-f-ampoules\\\/#primaryimage\"},\"image\":{\"@id\":\"https:\\\/\\\/soguapa.com\\\/producto\\\/glycolic-e-f-ampoules\\\/#primaryimage\"},\"thumbnailUrl\":\"https:\\\/\\\/soguapa.com\\\/wp-content\\\/uploads\\\/2022\\\/05\\\/glycolic-ampoules.png\",\"datePublished\":\"2022-05-17T12:12:06+00:00\",\"dateModified\":\"2022-05-22T13:05:50+00:00\",\"breadcrumb\":{\"@id\":\"https:\\\/\\\/soguapa.com\\\/producto\\\/glycolic-e-f-ampoules\\\/#breadcrumb\"},\"inLanguage\":\"es\",\"potentialAction\":[{\"@type\":\"ReadAction\",\"target\":[\"https:\\\/\\\/soguapa.com\\\/producto\\\/glycolic-e-f-ampoules\\\/\"]}]},{\"@type\":\"ImageObject\",\"inLanguage\":\"es\",\"@id\":\"https:\\\/\\\/soguapa.com\\\/producto\\\/glycolic-e-f-ampoules\\\/#primaryimage\",\"url\":\"https:\\\/\\\/soguapa.com\\\/wp-content\\\/uploads\\\/2022\\\/05\\\/glycolic-ampoules.png\",\"contentUrl\":\"https:\\\/\\\/soguapa.com\\\/wp-content\\\/uploads\\\/2022\\\/05\\\/glycolic-ampoules.png\",\"width\":650,\"height\":650},{\"@type\":\"BreadcrumbList\",\"@id\":\"https:\\\/\\\/soguapa.com\\\/producto\\\/glycolic-e-f-ampoules\\\/#breadcrumb\",\"itemListElement\":[{\"@type\":\"ListItem\",\"position\":1,\"name\":\"Home\",\"item\":\"https:\\\/\\\/soguapa.com\\\/\"},{\"@type\":\"ListItem\",\"position\":2,\"name\":\"Tienda\",\"item\":\"https:\\\/\\\/soguapa.com\\\/es\\\/tienda\\\/\"},{\"@type\":\"ListItem\",\"position\":3,\"name\":\"glycolic + E + F ampollas\"}]},{\"@type\":\"WebSite\",\"@id\":\"https:\\\/\\\/soguapa.com\\\/#website\",\"url\":\"https:\\\/\\\/soguapa.com\\\/\",\"name\":\"soGuapa Beauty Expert\",\"description\":\"Beauty Treatments Malta\",\"publisher\":{\"@id\":\"https:\\\/\\\/soguapa.com\\\/#organization\"},\"potentialAction\":[{\"@type\":\"SearchAction\",\"target\":{\"@type\":\"EntryPoint\",\"urlTemplate\":\"https:\\\/\\\/soguapa.com\\\/?s={search_term_string}\"},\"query-input\":{\"@type\":\"PropertyValueSpecification\",\"valueRequired\":true,\"valueName\":\"search_term_string\"}}],\"inLanguage\":\"es\"},{\"@type\":\"Organization\",\"@id\":\"https:\\\/\\\/soguapa.com\\\/#organization\",\"name\":\"soGuapa\",\"url\":\"https:\\\/\\\/soguapa.com\\\/\",\"logo\":{\"@type\":\"ImageObject\",\"inLanguage\":\"es\",\"@id\":\"https:\\\/\\\/soguapa.com\\\/#\\\/schema\\\/logo\\\/image\\\/\",\"url\":\"https:\\\/\\\/soguapa.com\\\/wp-content\\\/uploads\\\/2022\\\/05\\\/logo-So-Guapa-by-Ingrid.jpg\",\"contentUrl\":\"https:\\\/\\\/soguapa.com\\\/wp-content\\\/uploads\\\/2022\\\/05\\\/logo-So-Guapa-by-Ingrid.jpg\",\"width\":200,\"height\":80,\"caption\":\"soGuapa\"},\"image\":{\"@id\":\"https:\\\/\\\/soguapa.com\\\/#\\\/schema\\\/logo\\\/image\\\/\"},\"sameAs\":[\"https:\\\/\\\/es-la.facebook.com\\\/SoguapabeautyExpert\\\/\",\"https:\\\/\\\/www.instagram.com\\\/soguapabyingrid\\\/\"]}]}<\/script>\n<!-- \/ Yoast SEO plugin. -->","yoast_head_json":{"title":"glycolic + E + F ampollas - soGuapa Beauty Expert","robots":{"index":"index","follow":"follow","max-snippet":"max-snippet:-1","max-image-preview":"max-image-preview:large","max-video-preview":"max-video-preview:-1"},"canonical":"https:\/\/soguapa.com\/producto\/glycolic-e-f-ampoules\/","og_locale":"es_ES","og_type":"article","og_title":"glycolic + E + F ampollas - soGuapa Beauty Expert","og_description":"Soluci\u00f3n exfoliante que acelera la renovaci\u00f3n celular para atenuar imperfecciones en la superficie cut\u00e1nea y aumentar el tono y la luminosidad. El pack incluye 10 ampollas.","og_url":"https:\/\/soguapa.com\/producto\/glycolic-e-f-ampoules\/","og_site_name":"soGuapa Beauty Expert","article_publisher":"https:\/\/es-la.facebook.com\/SoguapabeautyExpert\/","article_modified_time":"2022-05-22T13:05:50+00:00","og_image":[{"width":650,"height":650,"url":"https:\/\/soguapa.com\/wp-content\/uploads\/2022\/05\/glycolic-ampoules.png","type":"image\/png"}],"twitter_card":"summary_large_image","twitter_misc":{"Tiempo de lectura":"1 minuto"},"schema":{"@context":"https:\/\/schema.org","@graph":[{"@type":"WebPage","@id":"https:\/\/soguapa.com\/producto\/glycolic-e-f-ampoules\/","url":"https:\/\/soguapa.com\/producto\/glycolic-e-f-ampoules\/","name":"glycolic + E + F ampollas - soGuapa Beauty Expert","isPartOf":{"@id":"https:\/\/soguapa.com\/#website"},"primaryImageOfPage":{"@id":"https:\/\/soguapa.com\/producto\/glycolic-e-f-ampoules\/#primaryimage"},"image":{"@id":"https:\/\/soguapa.com\/producto\/glycolic-e-f-ampoules\/#primaryimage"},"thumbnailUrl":"https:\/\/soguapa.com\/wp-content\/uploads\/2022\/05\/glycolic-ampoules.png","datePublished":"2022-05-17T12:12:06+00:00","dateModified":"2022-05-22T13:05:50+00:00","breadcrumb":{"@id":"https:\/\/soguapa.com\/producto\/glycolic-e-f-ampoules\/#breadcrumb"},"inLanguage":"es","potentialAction":[{"@type":"ReadAction","target":["https:\/\/soguapa.com\/producto\/glycolic-e-f-ampoules\/"]}]},{"@type":"ImageObject","inLanguage":"es","@id":"https:\/\/soguapa.com\/producto\/glycolic-e-f-ampoules\/#primaryimage","url":"https:\/\/soguapa.com\/wp-content\/uploads\/2022\/05\/glycolic-ampoules.png","contentUrl":"https:\/\/soguapa.com\/wp-content\/uploads\/2022\/05\/glycolic-ampoules.png","width":650,"height":650},{"@type":"BreadcrumbList","@id":"https:\/\/soguapa.com\/producto\/glycolic-e-f-ampoules\/#breadcrumb","itemListElement":[{"@type":"ListItem","position":1,"name":"Home","item":"https:\/\/soguapa.com\/"},{"@type":"ListItem","position":2,"name":"Tienda","item":"https:\/\/soguapa.com\/es\/tienda\/"},{"@type":"ListItem","position":3,"name":"glycolic + E + F ampollas"}]},{"@type":"WebSite","@id":"https:\/\/soguapa.com\/#website","url":"https:\/\/soguapa.com\/","name":"soGuapa Beauty Expert","description":"Beauty Treatments Malta","publisher":{"@id":"https:\/\/soguapa.com\/#organization"},"potentialAction":[{"@type":"SearchAction","target":{"@type":"EntryPoint","urlTemplate":"https:\/\/soguapa.com\/?s={search_term_string}"},"query-input":{"@type":"PropertyValueSpecification","valueRequired":true,"valueName":"search_term_string"}}],"inLanguage":"es"},{"@type":"Organization","@id":"https:\/\/soguapa.com\/#organization","name":"soGuapa","url":"https:\/\/soguapa.com\/","logo":{"@type":"ImageObject","inLanguage":"es","@id":"https:\/\/soguapa.com\/#\/schema\/logo\/image\/","url":"https:\/\/soguapa.com\/wp-content\/uploads\/2022\/05\/logo-So-Guapa-by-Ingrid.jpg","contentUrl":"https:\/\/soguapa.com\/wp-content\/uploads\/2022\/05\/logo-So-Guapa-by-Ingrid.jpg","width":200,"height":80,"caption":"soGuapa"},"image":{"@id":"https:\/\/soguapa.com\/#\/schema\/logo\/image\/"},"sameAs":["https:\/\/es-la.facebook.com\/SoguapabeautyExpert\/","https:\/\/www.instagram.com\/soguapabyingrid\/"]}]}},"_links":{"self":[{"href":"https:\/\/soguapa.com\/es\/wp-json\/wp\/v2\/product\/761","targetHints":{"allow":["GET"]}}],"collection":[{"href":"https:\/\/soguapa.com\/es\/wp-json\/wp\/v2\/product"}],"about":[{"href":"https:\/\/soguapa.com\/es\/wp-json\/wp\/v2\/types\/product"}],"wp:featuredmedia":[{"embeddable":true,"href":"https:\/\/soguapa.com\/es\/wp-json\/wp\/v2\/media\/569"}],"wp:attachment":[{"href":"https:\/\/soguapa.com\/es\/wp-json\/wp\/v2\/media?parent=761"}],"wp:term":[{"taxonomy":"product_brand","embeddable":true,"href":"https:\/\/soguapa.com\/es\/wp-json\/wp\/v2\/product_brand?post=761"},{"taxonomy":"product_cat","embeddable":true,"href":"https:\/\/soguapa.com\/es\/wp-json\/wp\/v2\/product_cat?post=761"},{"taxonomy":"product_tag","embeddable":true,"href":"https:\/\/soguapa.com\/es\/wp-json\/wp\/v2\/product_tag?post=761"}],"curies":[{"name":"wp","href":"https:\/\/api.w.org\/{rel}","templated":true}]}}