{"id":752,"date":"2022-05-17T12:34:37","date_gmt":"2022-05-17T12:34:37","guid":{"rendered":"http:\/\/nancyyanethc3.sg-host.com\/product\/resurfacing-peel-booster\/"},"modified":"2022-05-22T12:49:54","modified_gmt":"2022-05-22T12:49:54","slug":"resurfacing-peel-booster","status":"publish","type":"product","link":"https:\/\/soguapa.com\/es\/producto\/resurfacing-peel-booster\/","title":{"rendered":"Resurfacing peel booster"},"content":{"rendered":"<div class=\"product__header-info\">\n<div class=\"product-info-main\">\n<div class=\"product attribute overview\">\n<div>\n<div class=\"product__header-info\">\n<div class=\"product-info-main\">\n<h3 class=\"product attribute overview\">Principios activos<\/h3>\n<\/div>\n<\/div>\n<\/div>\n<\/div>\n<\/div>\n<\/div>\n<div tabindex=\"0\" role=\"tab\" data-role=\"collapsible\" data-collapsible=\"true\" aria-controls=\"description\" aria-selected=\"false\" aria-expanded=\"true\">\n<div>\n<p><strong>\u00c1cido glic\u00f3lico<\/strong><\/p>\n<p>Alfa-hidroxi\u00e1cido obtenido de la ca\u00f1a de az\u00facar con una acci\u00f3n exfoliante de la superficie cut\u00e1nea que estimula la renovaci\u00f3n celular y la s\u00edntesis de col\u00e1geno y elastina. Aumenta la luminosidad y el nivel de hidrataci\u00f3n, atenuando arrugas, manchas, marcas de acn\u00e9 y poros dilatados. Normaliza el exceso de secreci\u00f3n seb\u00e1cea caracter\u00edstico de pieles con tendencia acneica.<\/p>\n<\/div>\n<div>\n<p><strong>\u00c1cido Salic\u00edlico<\/strong><\/p>\n<p>Betahidroxi\u00e1cido (BHA) de la corteza del sauce que ejerce un potente efecto queratol\u00edtico, comedol\u00edtico, antiinflamatorio y antimicrobiano. Mejora la textura y el aspecto de la piel, aten\u00faa los poros y estimula los mecanismos de renovaci\u00f3n celular.<\/p>\n<\/div>\n<h3><strong>Modo de empleo<\/strong><\/h3>\n<p>Aplicar por la noche en rostro, cuello y escote, sobre la piel limpia y seca, evitando el contorno de los ojos. Puede notarse un ligero picor en el momento de la aplicaci\u00f3n. No aplicar en heridas y\/o en caso de irritaciones cut\u00e1neas.<\/p>\n<div class=\"product__header-info\">\n<div class=\"product-info-main\">\n<div class=\"product attribute overview\">\n<div class=\"value\"><strong>Certified seller<\/strong><\/div>\n<\/div>\n<\/div>\n<\/div>\n<div class=\"ambanners ambanner-6\" data-position=\"6\" data-bannerid=\"\" data-role=\"amasty-banner-container\">Aseg\u00farate de comprar siempre tus productos mesoestetic\u00ae en centros y distribuidores oficiales.<\/div>\n<\/div>\n<div id=\"gtx-trans\" style=\"position: absolute; left: 23px; top: 32px;\">\n<div class=\"gtx-trans-icon\"><\/div>\n<\/div>\n","protected":false},"excerpt":{"rendered":"<p>Gel retexturizante y antienvejecimiento para pieles grasas, proacn\u00e9icas, seborreicas y con imperfecciones 50ml.<\/p>\n<p>Gel no graso de acci\u00f3n retexturizante y antienvejecimiento. Su f\u00f3rmula combina la capacidad exfoliante y regeneradora del \u00e1cido glic\u00f3lico con la acci\u00f3n altamente queratol\u00edtica y seborreguladora del \u00e1cido salic\u00edlico. Facilita la eliminaci\u00f3n de impurezas y c\u00e9lulas muertas, normalizando el exceso de sebo.<\/p>\n<p><strong>resurfacing peel booster<\/strong>\u00a0estimula los mecanismos de renovaci\u00f3n celular y activa la s\u00edntesis de col\u00e1geno y elastina, mejorando la elasticidad y reduciendo las arrugas. Perfecciona el relieve cut\u00e1neo y disminuye el tama\u00f1o de los poros consiguiendo una tez visiblemente m\u00e1s clara, luminosa y mate.<\/p>\n","protected":false},"featured_media":573,"template":"","meta":{"_monsterinsights_skip_tracking":false,"_monsterinsights_sitenote_active":false,"_monsterinsights_sitenote_note":"","_monsterinsights_sitenote_category":0},"product_brand":[],"product_cat":[54],"product_tag":[49],"class_list":{"0":"post-752","1":"product","2":"type-product","3":"status-publish","4":"has-post-thumbnail","6":"product_cat-peeling-es","7":"product_tag-mesoestetic-es","9":"first","10":"instock","11":"shipping-taxable","12":"purchasable","13":"product-type-simple"},"yoast_head":"<!-- This site is optimized with the Yoast SEO plugin v27.4 - https:\/\/yoast.com\/product\/yoast-seo-wordpress\/ -->\n<title>Resurfacing peel booster - soGuapa Beauty Expert<\/title>\n<meta name=\"robots\" content=\"index, follow, max-snippet:-1, max-image-preview:large, max-video-preview:-1\" \/>\n<link rel=\"canonical\" href=\"https:\/\/soguapa.com\/producto\/resurfacing-peel-booster\/\" \/>\n<meta property=\"og:locale\" content=\"es_ES\" \/>\n<meta property=\"og:type\" content=\"article\" \/>\n<meta property=\"og:title\" content=\"Resurfacing peel booster - soGuapa Beauty Expert\" \/>\n<meta property=\"og:description\" content=\"Gel retexturizante y antienvejecimiento para pieles grasas, proacn\u00e9icas, seborreicas y con imperfecciones 50ml.  Gel no graso de acci\u00f3n retexturizante y antienvejecimiento. Su f\u00f3rmula combina la capacidad exfoliante y regeneradora del \u00e1cido glic\u00f3lico con la acci\u00f3n altamente queratol\u00edtica y seborreguladora del \u00e1cido salic\u00edlico. Facilita la eliminaci\u00f3n de impurezas y c\u00e9lulas muertas, normalizando el exceso de sebo.  resurfacing peel booster\u00a0estimula los mecanismos de renovaci\u00f3n celular y activa la s\u00edntesis de col\u00e1geno y elastina, mejorando la elasticidad y reduciendo las arrugas. Perfecciona el relieve cut\u00e1neo y disminuye el tama\u00f1o de los poros consiguiendo una tez visiblemente m\u00e1s clara, luminosa y mate.\" \/>\n<meta property=\"og:url\" content=\"https:\/\/soguapa.com\/producto\/resurfacing-peel-booster\/\" \/>\n<meta property=\"og:site_name\" content=\"soGuapa Beauty Expert\" \/>\n<meta property=\"article:publisher\" content=\"https:\/\/es-la.facebook.com\/SoguapabeautyExpert\/\" \/>\n<meta property=\"article:modified_time\" content=\"2022-05-22T12:49:54+00:00\" \/>\n<meta property=\"og:image\" content=\"https:\/\/soguapa.com\/wp-content\/uploads\/2022\/05\/resurfacing-peel-booster.png\" \/>\n\t<meta property=\"og:image:width\" content=\"650\" \/>\n\t<meta property=\"og:image:height\" content=\"650\" \/>\n\t<meta property=\"og:image:type\" content=\"image\/png\" \/>\n<meta name=\"twitter:card\" content=\"summary_large_image\" \/>\n<meta name=\"twitter:label1\" content=\"Tiempo de lectura\" \/>\n\t<meta name=\"twitter:data1\" content=\"1 minuto\" \/>\n<script type=\"application\/ld+json\" class=\"yoast-schema-graph\">{\"@context\":\"https:\\\/\\\/schema.org\",\"@graph\":[{\"@type\":\"WebPage\",\"@id\":\"https:\\\/\\\/soguapa.com\\\/producto\\\/resurfacing-peel-booster\\\/\",\"url\":\"https:\\\/\\\/soguapa.com\\\/producto\\\/resurfacing-peel-booster\\\/\",\"name\":\"Resurfacing peel booster - soGuapa Beauty Expert\",\"isPartOf\":{\"@id\":\"https:\\\/\\\/soguapa.com\\\/#website\"},\"primaryImageOfPage\":{\"@id\":\"https:\\\/\\\/soguapa.com\\\/producto\\\/resurfacing-peel-booster\\\/#primaryimage\"},\"image\":{\"@id\":\"https:\\\/\\\/soguapa.com\\\/producto\\\/resurfacing-peel-booster\\\/#primaryimage\"},\"thumbnailUrl\":\"https:\\\/\\\/soguapa.com\\\/wp-content\\\/uploads\\\/2022\\\/05\\\/resurfacing-peel-booster.png\",\"datePublished\":\"2022-05-17T12:34:37+00:00\",\"dateModified\":\"2022-05-22T12:49:54+00:00\",\"breadcrumb\":{\"@id\":\"https:\\\/\\\/soguapa.com\\\/producto\\\/resurfacing-peel-booster\\\/#breadcrumb\"},\"inLanguage\":\"es\",\"potentialAction\":[{\"@type\":\"ReadAction\",\"target\":[\"https:\\\/\\\/soguapa.com\\\/producto\\\/resurfacing-peel-booster\\\/\"]}]},{\"@type\":\"ImageObject\",\"inLanguage\":\"es\",\"@id\":\"https:\\\/\\\/soguapa.com\\\/producto\\\/resurfacing-peel-booster\\\/#primaryimage\",\"url\":\"https:\\\/\\\/soguapa.com\\\/wp-content\\\/uploads\\\/2022\\\/05\\\/resurfacing-peel-booster.png\",\"contentUrl\":\"https:\\\/\\\/soguapa.com\\\/wp-content\\\/uploads\\\/2022\\\/05\\\/resurfacing-peel-booster.png\",\"width\":650,\"height\":650},{\"@type\":\"BreadcrumbList\",\"@id\":\"https:\\\/\\\/soguapa.com\\\/producto\\\/resurfacing-peel-booster\\\/#breadcrumb\",\"itemListElement\":[{\"@type\":\"ListItem\",\"position\":1,\"name\":\"Home\",\"item\":\"https:\\\/\\\/soguapa.com\\\/\"},{\"@type\":\"ListItem\",\"position\":2,\"name\":\"Tienda\",\"item\":\"https:\\\/\\\/soguapa.com\\\/es\\\/tienda\\\/\"},{\"@type\":\"ListItem\",\"position\":3,\"name\":\"Resurfacing peel booster\"}]},{\"@type\":\"WebSite\",\"@id\":\"https:\\\/\\\/soguapa.com\\\/#website\",\"url\":\"https:\\\/\\\/soguapa.com\\\/\",\"name\":\"soGuapa Beauty Expert\",\"description\":\"Beauty Treatments Malta\",\"publisher\":{\"@id\":\"https:\\\/\\\/soguapa.com\\\/#organization\"},\"potentialAction\":[{\"@type\":\"SearchAction\",\"target\":{\"@type\":\"EntryPoint\",\"urlTemplate\":\"https:\\\/\\\/soguapa.com\\\/?s={search_term_string}\"},\"query-input\":{\"@type\":\"PropertyValueSpecification\",\"valueRequired\":true,\"valueName\":\"search_term_string\"}}],\"inLanguage\":\"es\"},{\"@type\":\"Organization\",\"@id\":\"https:\\\/\\\/soguapa.com\\\/#organization\",\"name\":\"soGuapa\",\"url\":\"https:\\\/\\\/soguapa.com\\\/\",\"logo\":{\"@type\":\"ImageObject\",\"inLanguage\":\"es\",\"@id\":\"https:\\\/\\\/soguapa.com\\\/#\\\/schema\\\/logo\\\/image\\\/\",\"url\":\"https:\\\/\\\/soguapa.com\\\/wp-content\\\/uploads\\\/2022\\\/05\\\/logo-So-Guapa-by-Ingrid.jpg\",\"contentUrl\":\"https:\\\/\\\/soguapa.com\\\/wp-content\\\/uploads\\\/2022\\\/05\\\/logo-So-Guapa-by-Ingrid.jpg\",\"width\":200,\"height\":80,\"caption\":\"soGuapa\"},\"image\":{\"@id\":\"https:\\\/\\\/soguapa.com\\\/#\\\/schema\\\/logo\\\/image\\\/\"},\"sameAs\":[\"https:\\\/\\\/es-la.facebook.com\\\/SoguapabeautyExpert\\\/\",\"https:\\\/\\\/www.instagram.com\\\/soguapabyingrid\\\/\"]}]}<\/script>\n<!-- \/ Yoast SEO plugin. -->","yoast_head_json":{"title":"Resurfacing peel booster - soGuapa Beauty Expert","robots":{"index":"index","follow":"follow","max-snippet":"max-snippet:-1","max-image-preview":"max-image-preview:large","max-video-preview":"max-video-preview:-1"},"canonical":"https:\/\/soguapa.com\/producto\/resurfacing-peel-booster\/","og_locale":"es_ES","og_type":"article","og_title":"Resurfacing peel booster - soGuapa Beauty Expert","og_description":"Gel retexturizante y antienvejecimiento para pieles grasas, proacn\u00e9icas, seborreicas y con imperfecciones 50ml.  Gel no graso de acci\u00f3n retexturizante y antienvejecimiento. Su f\u00f3rmula combina la capacidad exfoliante y regeneradora del \u00e1cido glic\u00f3lico con la acci\u00f3n altamente queratol\u00edtica y seborreguladora del \u00e1cido salic\u00edlico. Facilita la eliminaci\u00f3n de impurezas y c\u00e9lulas muertas, normalizando el exceso de sebo.  resurfacing peel booster\u00a0estimula los mecanismos de renovaci\u00f3n celular y activa la s\u00edntesis de col\u00e1geno y elastina, mejorando la elasticidad y reduciendo las arrugas. Perfecciona el relieve cut\u00e1neo y disminuye el tama\u00f1o de los poros consiguiendo una tez visiblemente m\u00e1s clara, luminosa y mate.","og_url":"https:\/\/soguapa.com\/producto\/resurfacing-peel-booster\/","og_site_name":"soGuapa Beauty Expert","article_publisher":"https:\/\/es-la.facebook.com\/SoguapabeautyExpert\/","article_modified_time":"2022-05-22T12:49:54+00:00","og_image":[{"width":650,"height":650,"url":"https:\/\/soguapa.com\/wp-content\/uploads\/2022\/05\/resurfacing-peel-booster.png","type":"image\/png"}],"twitter_card":"summary_large_image","twitter_misc":{"Tiempo de lectura":"1 minuto"},"schema":{"@context":"https:\/\/schema.org","@graph":[{"@type":"WebPage","@id":"https:\/\/soguapa.com\/producto\/resurfacing-peel-booster\/","url":"https:\/\/soguapa.com\/producto\/resurfacing-peel-booster\/","name":"Resurfacing peel booster - soGuapa Beauty Expert","isPartOf":{"@id":"https:\/\/soguapa.com\/#website"},"primaryImageOfPage":{"@id":"https:\/\/soguapa.com\/producto\/resurfacing-peel-booster\/#primaryimage"},"image":{"@id":"https:\/\/soguapa.com\/producto\/resurfacing-peel-booster\/#primaryimage"},"thumbnailUrl":"https:\/\/soguapa.com\/wp-content\/uploads\/2022\/05\/resurfacing-peel-booster.png","datePublished":"2022-05-17T12:34:37+00:00","dateModified":"2022-05-22T12:49:54+00:00","breadcrumb":{"@id":"https:\/\/soguapa.com\/producto\/resurfacing-peel-booster\/#breadcrumb"},"inLanguage":"es","potentialAction":[{"@type":"ReadAction","target":["https:\/\/soguapa.com\/producto\/resurfacing-peel-booster\/"]}]},{"@type":"ImageObject","inLanguage":"es","@id":"https:\/\/soguapa.com\/producto\/resurfacing-peel-booster\/#primaryimage","url":"https:\/\/soguapa.com\/wp-content\/uploads\/2022\/05\/resurfacing-peel-booster.png","contentUrl":"https:\/\/soguapa.com\/wp-content\/uploads\/2022\/05\/resurfacing-peel-booster.png","width":650,"height":650},{"@type":"BreadcrumbList","@id":"https:\/\/soguapa.com\/producto\/resurfacing-peel-booster\/#breadcrumb","itemListElement":[{"@type":"ListItem","position":1,"name":"Home","item":"https:\/\/soguapa.com\/"},{"@type":"ListItem","position":2,"name":"Tienda","item":"https:\/\/soguapa.com\/es\/tienda\/"},{"@type":"ListItem","position":3,"name":"Resurfacing peel booster"}]},{"@type":"WebSite","@id":"https:\/\/soguapa.com\/#website","url":"https:\/\/soguapa.com\/","name":"soGuapa Beauty Expert","description":"Beauty Treatments Malta","publisher":{"@id":"https:\/\/soguapa.com\/#organization"},"potentialAction":[{"@type":"SearchAction","target":{"@type":"EntryPoint","urlTemplate":"https:\/\/soguapa.com\/?s={search_term_string}"},"query-input":{"@type":"PropertyValueSpecification","valueRequired":true,"valueName":"search_term_string"}}],"inLanguage":"es"},{"@type":"Organization","@id":"https:\/\/soguapa.com\/#organization","name":"soGuapa","url":"https:\/\/soguapa.com\/","logo":{"@type":"ImageObject","inLanguage":"es","@id":"https:\/\/soguapa.com\/#\/schema\/logo\/image\/","url":"https:\/\/soguapa.com\/wp-content\/uploads\/2022\/05\/logo-So-Guapa-by-Ingrid.jpg","contentUrl":"https:\/\/soguapa.com\/wp-content\/uploads\/2022\/05\/logo-So-Guapa-by-Ingrid.jpg","width":200,"height":80,"caption":"soGuapa"},"image":{"@id":"https:\/\/soguapa.com\/#\/schema\/logo\/image\/"},"sameAs":["https:\/\/es-la.facebook.com\/SoguapabeautyExpert\/","https:\/\/www.instagram.com\/soguapabyingrid\/"]}]}},"_links":{"self":[{"href":"https:\/\/soguapa.com\/es\/wp-json\/wp\/v2\/product\/752","targetHints":{"allow":["GET"]}}],"collection":[{"href":"https:\/\/soguapa.com\/es\/wp-json\/wp\/v2\/product"}],"about":[{"href":"https:\/\/soguapa.com\/es\/wp-json\/wp\/v2\/types\/product"}],"wp:featuredmedia":[{"embeddable":true,"href":"https:\/\/soguapa.com\/es\/wp-json\/wp\/v2\/media\/573"}],"wp:attachment":[{"href":"https:\/\/soguapa.com\/es\/wp-json\/wp\/v2\/media?parent=752"}],"wp:term":[{"taxonomy":"product_brand","embeddable":true,"href":"https:\/\/soguapa.com\/es\/wp-json\/wp\/v2\/product_brand?post=752"},{"taxonomy":"product_cat","embeddable":true,"href":"https:\/\/soguapa.com\/es\/wp-json\/wp\/v2\/product_cat?post=752"},{"taxonomy":"product_tag","embeddable":true,"href":"https:\/\/soguapa.com\/es\/wp-json\/wp\/v2\/product_tag?post=752"}],"curies":[{"name":"wp","href":"https:\/\/api.w.org\/{rel}","templated":true}]}}