{"id":750,"date":"2022-05-17T12:46:54","date_gmt":"2022-05-17T12:46:54","guid":{"rendered":"http:\/\/nancyyanethc3.sg-host.com\/product\/melan-tran3x-concentrate\/"},"modified":"2022-05-22T12:46:09","modified_gmt":"2022-05-22T12:46:09","slug":"melan-tran3x-concentrate","status":"publish","type":"product","link":"https:\/\/soguapa.com\/es\/producto\/melan-tran3x-concentrate\/","title":{"rendered":"Melan tran3x concentrate"},"content":{"rendered":"<div class=\"product__header-info\">\n<div class=\"product-info-main\">\n<div class=\"product attribute overview\"><\/div>\n<\/div>\n<\/div>\n<h3 data-position=\"6\" data-role=\"amasty-banner-container\">Principios activos<\/h3>\n<div data-position=\"6\" data-bannerid=\"\" data-role=\"amasty-banner-container\">\n<div>\n<p><strong>\u00c1cido Tranex\u00e1mico<\/strong><\/p>\n<p>Ingrediente sint\u00e9tico parecido a una mol\u00e9cula natural del organismo. Recientemente identificado como un ingrediente despigmentante de \u00faltima generaci\u00f3n al actuar sobre el proceso de producci\u00f3n de melanina y el componente vascular y antiinflamatorio de las manchas de la piel.<\/p>\n<\/div>\n<div>\n<p><strong>Enzymacid complex<\/strong><\/p>\n<p>Complejo exfoliante que elimina el exceso de melanina acumulada en las capas superficiales de la piel. Combina \u00e1cido mand\u00e9lico, salic\u00edlico y l\u00e1ctico, con un activo enzim\u00e1tico biotecnol\u00f3gico que facilita el desprendimiento de las c\u00e9lulas epid\u00e9rmicas.<\/p>\n<\/div>\n<div>\n<p><strong>Niacinamida<\/strong><\/p>\n<p>Sustancia activa que posee propiedades despigmentantes, protectoras y antioxidantes seg\u00fan el producto farmac\u00e9utico. Mejora el tono cut\u00e1neo y potencia la elasticidad de la piel.<\/p>\n<\/div>\n<div>\n<p><strong>Tyr control complex<\/strong><\/p>\n<p>Complejo formado por \u00e1cido k\u00f3jico, un innovador p\u00e9ptido y un amino\u00e1cido, que inhibe la enzima tirosinasa, responsable del proceso de formaci\u00f3n de manchas.<\/p>\n<\/div>\n<\/div>\n<div class=\"product info detailed\">\n<h3 class=\"data item title active\" tabindex=\"0\" role=\"tab\" data-role=\"collapsible\" data-collapsible=\"true\" aria-controls=\"description\" aria-selected=\"false\" aria-expanded=\"true\">Modo de empleo<\/h3>\n<\/div>\n<div tabindex=\"0\" role=\"tab\" data-role=\"collapsible\" data-collapsible=\"true\" aria-controls=\"description\" aria-selected=\"false\" aria-expanded=\"true\">Uso t\u00f3pico. Usar diariamente, ma\u00f1ana y noche. Aplicar 3-4 gotas de melan tran3x concentrate sobre la piel limpia, seca e intacta y distribuir uniformemente. A continuaci\u00f3n, aplicar melan tran3x gel cream y masajear hasta su completa absorci\u00f3n. No aclarar. En caso de exposici\u00f3n directa al sol aplicar un fotoprotector solar de muy alta protecci\u00f3n y limitar el uso de melan tran3x concentrate \u00fanicamente por la noche.<\/div>\n","protected":false},"excerpt":{"rendered":"<div class=\"product__header-info\">\n<div class=\"product-info-main\">\n<div class=\"product attribute overview\">\n<div class=\"value\">\n<p>Concentrado despigmentante intensivo que act\u00faa sobre el exceso de pigmentaci\u00f3n epid\u00e9rmica, atenuando visiblemente las manchas oscuras.<\/p>\n<\/div>\n<\/div>\n<\/div>\n<\/div>\n<div class=\"ambanners ambanner-3\" data-position=\"3\" data-bannerid=\"\" data-role=\"amasty-banner-container\">\n<p><strong>melan tran3x<\/strong>\u00a0es el programa despigmentante de \u00faltima generaci\u00f3n con \u00e1cido tranex\u00e1mico que ayuda a corregir las imperfecciones pigmentarias. Combina un<br \/>\nconcentrado y un gel crema.<\/p>\n<p><strong>&#8211; melan tran3x concentrate.<\/strong>\u00a0Despigmentante intensivo que act\u00faa sobre el exceso de pigmentaci\u00f3n epid\u00e9rmica, atenuando visiblemente las manchas oscuras.<br \/>\n<strong>&#8211;<\/strong>\u00a0<strong>melan tran3x gel cream.<\/strong>\u00a0Crema despigmentante que act\u00faa de forma gradual para proporcionar un tono de piel m\u00e1s homog\u00e9neo.<\/p>\n<\/div>\n","protected":false},"featured_media":574,"template":"","meta":{"_monsterinsights_skip_tracking":false,"_monsterinsights_sitenote_active":false,"_monsterinsights_sitenote_note":"","_monsterinsights_sitenote_category":0},"product_brand":[],"product_cat":[55],"product_tag":[49],"class_list":{"0":"post-750","1":"product","2":"type-product","3":"status-publish","4":"has-post-thumbnail","6":"product_cat-despigmentantes","7":"product_tag-mesoestetic-es","9":"first","10":"instock","11":"shipping-taxable","12":"purchasable","13":"product-type-simple"},"yoast_head":"<!-- This site is optimized with the Yoast SEO plugin v27.3 - https:\/\/yoast.com\/product\/yoast-seo-wordpress\/ -->\n<title>Melan tran3x concentrate - soGuapa Beauty Expert<\/title>\n<meta name=\"robots\" content=\"index, follow, max-snippet:-1, max-image-preview:large, max-video-preview:-1\" \/>\n<link rel=\"canonical\" href=\"https:\/\/soguapa.com\/producto\/melan-tran3x-concentrate\/\" \/>\n<meta property=\"og:locale\" content=\"es_ES\" \/>\n<meta property=\"og:type\" content=\"article\" \/>\n<meta property=\"og:title\" content=\"Melan tran3x concentrate - soGuapa Beauty Expert\" \/>\n<meta property=\"og:description\" content=\"Concentrado despigmentante intensivo que act\u00faa sobre el exceso de pigmentaci\u00f3n epid\u00e9rmica, atenuando visiblemente las manchas oscuras.        melan tran3x\u00a0es el programa despigmentante de \u00faltima generaci\u00f3n con \u00e1cido tranex\u00e1mico que ayuda a corregir las imperfecciones pigmentarias. Combina un concentrado y un gel crema.  - melan tran3x concentrate.\u00a0Despigmentante intensivo que act\u00faa sobre el exceso de pigmentaci\u00f3n epid\u00e9rmica, atenuando visiblemente las manchas oscuras. -\u00a0melan tran3x gel cream.\u00a0Crema despigmentante que act\u00faa de forma gradual para proporcionar un tono de piel m\u00e1s homog\u00e9neo.\" \/>\n<meta property=\"og:url\" content=\"https:\/\/soguapa.com\/producto\/melan-tran3x-concentrate\/\" \/>\n<meta property=\"og:site_name\" content=\"soGuapa Beauty Expert\" \/>\n<meta property=\"article:publisher\" content=\"https:\/\/es-la.facebook.com\/SoguapabeautyExpert\/\" \/>\n<meta property=\"article:modified_time\" content=\"2022-05-22T12:46:09+00:00\" \/>\n<meta property=\"og:image\" content=\"https:\/\/soguapa.com\/wp-content\/uploads\/2022\/05\/melan_tran3x_concentrate.jpg\" \/>\n\t<meta property=\"og:image:width\" content=\"650\" \/>\n\t<meta property=\"og:image:height\" content=\"650\" \/>\n\t<meta property=\"og:image:type\" content=\"image\/jpeg\" \/>\n<meta name=\"twitter:card\" content=\"summary_large_image\" \/>\n<meta name=\"twitter:label1\" content=\"Tiempo de lectura\" \/>\n\t<meta name=\"twitter:data1\" content=\"1 minuto\" \/>\n<script type=\"application\/ld+json\" class=\"yoast-schema-graph\">{\"@context\":\"https:\\\/\\\/schema.org\",\"@graph\":[{\"@type\":\"WebPage\",\"@id\":\"https:\\\/\\\/soguapa.com\\\/producto\\\/melan-tran3x-concentrate\\\/\",\"url\":\"https:\\\/\\\/soguapa.com\\\/producto\\\/melan-tran3x-concentrate\\\/\",\"name\":\"Melan tran3x concentrate - soGuapa Beauty Expert\",\"isPartOf\":{\"@id\":\"https:\\\/\\\/soguapa.com\\\/#website\"},\"primaryImageOfPage\":{\"@id\":\"https:\\\/\\\/soguapa.com\\\/producto\\\/melan-tran3x-concentrate\\\/#primaryimage\"},\"image\":{\"@id\":\"https:\\\/\\\/soguapa.com\\\/producto\\\/melan-tran3x-concentrate\\\/#primaryimage\"},\"thumbnailUrl\":\"https:\\\/\\\/soguapa.com\\\/wp-content\\\/uploads\\\/2022\\\/05\\\/melan_tran3x_concentrate.jpg\",\"datePublished\":\"2022-05-17T12:46:54+00:00\",\"dateModified\":\"2022-05-22T12:46:09+00:00\",\"breadcrumb\":{\"@id\":\"https:\\\/\\\/soguapa.com\\\/producto\\\/melan-tran3x-concentrate\\\/#breadcrumb\"},\"inLanguage\":\"es\",\"potentialAction\":[{\"@type\":\"ReadAction\",\"target\":[\"https:\\\/\\\/soguapa.com\\\/producto\\\/melan-tran3x-concentrate\\\/\"]}]},{\"@type\":\"ImageObject\",\"inLanguage\":\"es\",\"@id\":\"https:\\\/\\\/soguapa.com\\\/producto\\\/melan-tran3x-concentrate\\\/#primaryimage\",\"url\":\"https:\\\/\\\/soguapa.com\\\/wp-content\\\/uploads\\\/2022\\\/05\\\/melan_tran3x_concentrate.jpg\",\"contentUrl\":\"https:\\\/\\\/soguapa.com\\\/wp-content\\\/uploads\\\/2022\\\/05\\\/melan_tran3x_concentrate.jpg\",\"width\":650,\"height\":650},{\"@type\":\"BreadcrumbList\",\"@id\":\"https:\\\/\\\/soguapa.com\\\/producto\\\/melan-tran3x-concentrate\\\/#breadcrumb\",\"itemListElement\":[{\"@type\":\"ListItem\",\"position\":1,\"name\":\"Home\",\"item\":\"https:\\\/\\\/soguapa.com\\\/\"},{\"@type\":\"ListItem\",\"position\":2,\"name\":\"Tienda\",\"item\":\"https:\\\/\\\/soguapa.com\\\/es\\\/tienda\\\/\"},{\"@type\":\"ListItem\",\"position\":3,\"name\":\"Melan tran3x concentrate\"}]},{\"@type\":\"WebSite\",\"@id\":\"https:\\\/\\\/soguapa.com\\\/#website\",\"url\":\"https:\\\/\\\/soguapa.com\\\/\",\"name\":\"soGuapa Beauty Expert\",\"description\":\"Beauty Treatments Malta\",\"publisher\":{\"@id\":\"https:\\\/\\\/soguapa.com\\\/#organization\"},\"potentialAction\":[{\"@type\":\"SearchAction\",\"target\":{\"@type\":\"EntryPoint\",\"urlTemplate\":\"https:\\\/\\\/soguapa.com\\\/?s={search_term_string}\"},\"query-input\":{\"@type\":\"PropertyValueSpecification\",\"valueRequired\":true,\"valueName\":\"search_term_string\"}}],\"inLanguage\":\"es\"},{\"@type\":\"Organization\",\"@id\":\"https:\\\/\\\/soguapa.com\\\/#organization\",\"name\":\"soGuapa\",\"url\":\"https:\\\/\\\/soguapa.com\\\/\",\"logo\":{\"@type\":\"ImageObject\",\"inLanguage\":\"es\",\"@id\":\"https:\\\/\\\/soguapa.com\\\/#\\\/schema\\\/logo\\\/image\\\/\",\"url\":\"https:\\\/\\\/soguapa.com\\\/wp-content\\\/uploads\\\/2022\\\/05\\\/logo-So-Guapa-by-Ingrid.jpg\",\"contentUrl\":\"https:\\\/\\\/soguapa.com\\\/wp-content\\\/uploads\\\/2022\\\/05\\\/logo-So-Guapa-by-Ingrid.jpg\",\"width\":200,\"height\":80,\"caption\":\"soGuapa\"},\"image\":{\"@id\":\"https:\\\/\\\/soguapa.com\\\/#\\\/schema\\\/logo\\\/image\\\/\"},\"sameAs\":[\"https:\\\/\\\/es-la.facebook.com\\\/SoguapabeautyExpert\\\/\",\"https:\\\/\\\/www.instagram.com\\\/soguapabyingrid\\\/\"]}]}<\/script>\n<!-- \/ Yoast SEO plugin. -->","yoast_head_json":{"title":"Melan tran3x concentrate - soGuapa Beauty Expert","robots":{"index":"index","follow":"follow","max-snippet":"max-snippet:-1","max-image-preview":"max-image-preview:large","max-video-preview":"max-video-preview:-1"},"canonical":"https:\/\/soguapa.com\/producto\/melan-tran3x-concentrate\/","og_locale":"es_ES","og_type":"article","og_title":"Melan tran3x concentrate - soGuapa Beauty Expert","og_description":"Concentrado despigmentante intensivo que act\u00faa sobre el exceso de pigmentaci\u00f3n epid\u00e9rmica, atenuando visiblemente las manchas oscuras.        melan tran3x\u00a0es el programa despigmentante de \u00faltima generaci\u00f3n con \u00e1cido tranex\u00e1mico que ayuda a corregir las imperfecciones pigmentarias. Combina un concentrado y un gel crema.  - melan tran3x concentrate.\u00a0Despigmentante intensivo que act\u00faa sobre el exceso de pigmentaci\u00f3n epid\u00e9rmica, atenuando visiblemente las manchas oscuras. -\u00a0melan tran3x gel cream.\u00a0Crema despigmentante que act\u00faa de forma gradual para proporcionar un tono de piel m\u00e1s homog\u00e9neo.","og_url":"https:\/\/soguapa.com\/producto\/melan-tran3x-concentrate\/","og_site_name":"soGuapa Beauty Expert","article_publisher":"https:\/\/es-la.facebook.com\/SoguapabeautyExpert\/","article_modified_time":"2022-05-22T12:46:09+00:00","og_image":[{"width":650,"height":650,"url":"https:\/\/soguapa.com\/wp-content\/uploads\/2022\/05\/melan_tran3x_concentrate.jpg","type":"image\/jpeg"}],"twitter_card":"summary_large_image","twitter_misc":{"Tiempo de lectura":"1 minuto"},"schema":{"@context":"https:\/\/schema.org","@graph":[{"@type":"WebPage","@id":"https:\/\/soguapa.com\/producto\/melan-tran3x-concentrate\/","url":"https:\/\/soguapa.com\/producto\/melan-tran3x-concentrate\/","name":"Melan tran3x concentrate - soGuapa Beauty Expert","isPartOf":{"@id":"https:\/\/soguapa.com\/#website"},"primaryImageOfPage":{"@id":"https:\/\/soguapa.com\/producto\/melan-tran3x-concentrate\/#primaryimage"},"image":{"@id":"https:\/\/soguapa.com\/producto\/melan-tran3x-concentrate\/#primaryimage"},"thumbnailUrl":"https:\/\/soguapa.com\/wp-content\/uploads\/2022\/05\/melan_tran3x_concentrate.jpg","datePublished":"2022-05-17T12:46:54+00:00","dateModified":"2022-05-22T12:46:09+00:00","breadcrumb":{"@id":"https:\/\/soguapa.com\/producto\/melan-tran3x-concentrate\/#breadcrumb"},"inLanguage":"es","potentialAction":[{"@type":"ReadAction","target":["https:\/\/soguapa.com\/producto\/melan-tran3x-concentrate\/"]}]},{"@type":"ImageObject","inLanguage":"es","@id":"https:\/\/soguapa.com\/producto\/melan-tran3x-concentrate\/#primaryimage","url":"https:\/\/soguapa.com\/wp-content\/uploads\/2022\/05\/melan_tran3x_concentrate.jpg","contentUrl":"https:\/\/soguapa.com\/wp-content\/uploads\/2022\/05\/melan_tran3x_concentrate.jpg","width":650,"height":650},{"@type":"BreadcrumbList","@id":"https:\/\/soguapa.com\/producto\/melan-tran3x-concentrate\/#breadcrumb","itemListElement":[{"@type":"ListItem","position":1,"name":"Home","item":"https:\/\/soguapa.com\/"},{"@type":"ListItem","position":2,"name":"Tienda","item":"https:\/\/soguapa.com\/es\/tienda\/"},{"@type":"ListItem","position":3,"name":"Melan tran3x concentrate"}]},{"@type":"WebSite","@id":"https:\/\/soguapa.com\/#website","url":"https:\/\/soguapa.com\/","name":"soGuapa Beauty Expert","description":"Beauty Treatments Malta","publisher":{"@id":"https:\/\/soguapa.com\/#organization"},"potentialAction":[{"@type":"SearchAction","target":{"@type":"EntryPoint","urlTemplate":"https:\/\/soguapa.com\/?s={search_term_string}"},"query-input":{"@type":"PropertyValueSpecification","valueRequired":true,"valueName":"search_term_string"}}],"inLanguage":"es"},{"@type":"Organization","@id":"https:\/\/soguapa.com\/#organization","name":"soGuapa","url":"https:\/\/soguapa.com\/","logo":{"@type":"ImageObject","inLanguage":"es","@id":"https:\/\/soguapa.com\/#\/schema\/logo\/image\/","url":"https:\/\/soguapa.com\/wp-content\/uploads\/2022\/05\/logo-So-Guapa-by-Ingrid.jpg","contentUrl":"https:\/\/soguapa.com\/wp-content\/uploads\/2022\/05\/logo-So-Guapa-by-Ingrid.jpg","width":200,"height":80,"caption":"soGuapa"},"image":{"@id":"https:\/\/soguapa.com\/#\/schema\/logo\/image\/"},"sameAs":["https:\/\/es-la.facebook.com\/SoguapabeautyExpert\/","https:\/\/www.instagram.com\/soguapabyingrid\/"]}]}},"_links":{"self":[{"href":"https:\/\/soguapa.com\/es\/wp-json\/wp\/v2\/product\/750","targetHints":{"allow":["GET"]}}],"collection":[{"href":"https:\/\/soguapa.com\/es\/wp-json\/wp\/v2\/product"}],"about":[{"href":"https:\/\/soguapa.com\/es\/wp-json\/wp\/v2\/types\/product"}],"wp:featuredmedia":[{"embeddable":true,"href":"https:\/\/soguapa.com\/es\/wp-json\/wp\/v2\/media\/574"}],"wp:attachment":[{"href":"https:\/\/soguapa.com\/es\/wp-json\/wp\/v2\/media?parent=750"}],"wp:term":[{"taxonomy":"product_brand","embeddable":true,"href":"https:\/\/soguapa.com\/es\/wp-json\/wp\/v2\/product_brand?post=750"},{"taxonomy":"product_cat","embeddable":true,"href":"https:\/\/soguapa.com\/es\/wp-json\/wp\/v2\/product_cat?post=750"},{"taxonomy":"product_tag","embeddable":true,"href":"https:\/\/soguapa.com\/es\/wp-json\/wp\/v2\/product_tag?post=750"}],"curies":[{"name":"wp","href":"https:\/\/api.w.org\/{rel}","templated":true}]}}