{"id":748,"date":"2022-05-17T12:57:46","date_gmt":"2022-05-17T12:57:46","guid":{"rendered":"http:\/\/nancyyanethc3.sg-host.com\/product\/hydra-vital-factor-k\/"},"modified":"2022-05-22T13:21:32","modified_gmt":"2022-05-22T13:21:32","slug":"hydra-vital-factor-k","status":"publish","type":"product","link":"https:\/\/soguapa.com\/es\/producto\/hydra-vital-factor-k\/","title":{"rendered":"Hydra-vital factor k"},"content":{"rendered":"<div class=\"product__header-info\">\n<div class=\"product-info-main\">\n<div class=\"product attribute overview\"><\/div>\n<\/div>\n<\/div>\n<div class=\"ambanners ambanner-6\" data-position=\"6\" data-bannerid=\"\" data-role=\"amasty-banner-container\"><strong>HIDRATACI\u00d3N PROFUNDA:<\/strong>\u00a0un complejo ultra-hidratante cuya composici\u00f3n es muy similar al factor de hidrataci\u00f3n natural (amino\u00e1cidos, urea, alanto\u00edna y \u00e1cido l\u00e1ctico) ayudan a restaurar y reforzar el manto hidrolip\u00eddico, manteniendo los niveles de hidrataci\u00f3n durante todo el d\u00eda.<\/div>\n<div class=\"product info detailed\">\n<div class=\"product data items\" role=\"tablist\">\n<div id=\"tab-label-description\" class=\"data item title active\" tabindex=\"0\" role=\"tab\" data-role=\"collapsible\" data-collapsible=\"true\" aria-controls=\"description\" aria-selected=\"false\" aria-expanded=\"true\">\n<p><strong>ACCI\u00d3N ANTIOXIDANTE, PROTECTORA:<\/strong>\u00a0la presencia de alfa tocoferol (vitamina E), ejerce una acci\u00f3n antioxidante que protege la piel frente la formaci\u00f3n de radicales libres, responsables de acelerar el envejecimiento cut\u00e1neo.<\/p>\n<\/div>\n<h3>Principios Activos<\/h3>\n<div>\n<p><strong>\u00c1cido L\u00e1ctico<\/strong><\/p>\n<p>Alfa-hidroxi\u00e1cido procedente de la fermentaci\u00f3n bacteriana de la leche o ciertos carbohidratos. Posee una suave acci\u00f3n exfoliante que favorece la renovaci\u00f3n celular y estimula la s\u00edntesis de col\u00e1geno, mejorando la textura y el tono de la piel.<\/p>\n<\/div>\n<div>\n<p><strong>Alanto\u00edna<\/strong><\/p>\n<p>Ingrediente derivado del \u00e1cido \u00farico vegetal con propiedades calmantes y regeneradoras, ayuda a aliviar el enrojecimiento y la sensaci\u00f3n de molestia e irritaci\u00f3n.<\/p>\n<\/div>\n<div>\n<p><strong>Urea<\/strong><\/p>\n<p>Sustancia org\u00e1nica que calma la irritaci\u00f3n cut\u00e1nea y proporciona hidrataci\u00f3n y suavidad a la piel.<\/p>\n<\/div>\n<div>\n<p><strong>Vitamina E<\/strong><\/p>\n<p>Vitamina con gran capacidad antioxidante que protege las membranas celulares frente a los radicales libres, retrasando el envejecimiento celular y mejorando la recuperaci\u00f3n del tejido. Mejora la nutrici\u00f3n y la elasticidad de la piel combatiendo la aparici\u00f3n de arrugas finas y l\u00edneas de expresi\u00f3n.<\/p>\n<\/div>\n<h3>Modo de empleo<\/h3>\n<\/div>\n<p>Aplicar ma\u00f1ana y noche sobre la piel limpia de cara, cuello y escote con suaves masajes circulares hasta la total absorci\u00f3n del producto.<\/p>\n<\/div>\n","protected":false},"excerpt":{"rendered":"<p>Crema rica de acci\u00f3n hidratante y nutritiva con vitamina E para pieles normales y secas.<\/p>\n<p>Restablece los niveles de hidrataci\u00f3n y nutrici\u00f3n necesarias para restaurar el manto hidrolip\u00eddico, a la vez que protege frente las agresiones externas responsables del envejecimiento prematuro. El resultado es una piel hidratada, tersa, el\u00e1stica y protegida.<\/p>\n","protected":false},"featured_media":576,"template":"","meta":{"_monsterinsights_skip_tracking":false,"_monsterinsights_sitenote_active":false,"_monsterinsights_sitenote_note":"","_monsterinsights_sitenote_category":0},"product_brand":[],"product_cat":[50],"product_tag":[49],"class_list":{"0":"post-748","1":"product","2":"type-product","3":"status-publish","4":"has-post-thumbnail","6":"product_cat-antiedad","7":"product_tag-mesoestetic-es","9":"first","10":"instock","11":"shipping-taxable","12":"purchasable","13":"product-type-simple"},"yoast_head":"<!-- This site is optimized with the Yoast SEO plugin v27.3 - https:\/\/yoast.com\/product\/yoast-seo-wordpress\/ -->\n<title>Hydra-vital factor k - soGuapa Beauty Expert<\/title>\n<meta name=\"robots\" content=\"index, follow, max-snippet:-1, max-image-preview:large, max-video-preview:-1\" \/>\n<link rel=\"canonical\" href=\"https:\/\/soguapa.com\/producto\/hydra-vital-factor-k\/\" \/>\n<meta property=\"og:locale\" content=\"es_ES\" \/>\n<meta property=\"og:type\" content=\"article\" \/>\n<meta property=\"og:title\" content=\"Hydra-vital factor k - soGuapa Beauty Expert\" \/>\n<meta property=\"og:description\" content=\"Crema rica de acci\u00f3n hidratante y nutritiva con vitamina E para pieles normales y secas.  Restablece los niveles de hidrataci\u00f3n y nutrici\u00f3n necesarias para restaurar el manto hidrolip\u00eddico, a la vez que protege frente las agresiones externas responsables del envejecimiento prematuro. El resultado es una piel hidratada, tersa, el\u00e1stica y protegida.\" \/>\n<meta property=\"og:url\" content=\"https:\/\/soguapa.com\/producto\/hydra-vital-factor-k\/\" \/>\n<meta property=\"og:site_name\" content=\"soGuapa Beauty Expert\" \/>\n<meta property=\"article:publisher\" content=\"https:\/\/es-la.facebook.com\/SoguapabeautyExpert\/\" \/>\n<meta property=\"article:modified_time\" content=\"2022-05-22T13:21:32+00:00\" \/>\n<meta property=\"og:image\" content=\"https:\/\/soguapa.com\/wp-content\/uploads\/2022\/05\/Hydravital-factor-K-anti-age.jpg\" \/>\n\t<meta property=\"og:image:width\" content=\"650\" \/>\n\t<meta property=\"og:image:height\" content=\"650\" \/>\n\t<meta property=\"og:image:type\" content=\"image\/jpeg\" \/>\n<meta name=\"twitter:card\" content=\"summary_large_image\" \/>\n<meta name=\"twitter:label1\" content=\"Tiempo de lectura\" \/>\n\t<meta name=\"twitter:data1\" content=\"1 minuto\" \/>\n<script type=\"application\/ld+json\" class=\"yoast-schema-graph\">{\"@context\":\"https:\\\/\\\/schema.org\",\"@graph\":[{\"@type\":\"WebPage\",\"@id\":\"https:\\\/\\\/soguapa.com\\\/producto\\\/hydra-vital-factor-k\\\/\",\"url\":\"https:\\\/\\\/soguapa.com\\\/producto\\\/hydra-vital-factor-k\\\/\",\"name\":\"Hydra-vital factor k - soGuapa Beauty Expert\",\"isPartOf\":{\"@id\":\"https:\\\/\\\/soguapa.com\\\/#website\"},\"primaryImageOfPage\":{\"@id\":\"https:\\\/\\\/soguapa.com\\\/producto\\\/hydra-vital-factor-k\\\/#primaryimage\"},\"image\":{\"@id\":\"https:\\\/\\\/soguapa.com\\\/producto\\\/hydra-vital-factor-k\\\/#primaryimage\"},\"thumbnailUrl\":\"https:\\\/\\\/soguapa.com\\\/wp-content\\\/uploads\\\/2022\\\/05\\\/Hydravital-factor-K-anti-age.jpg\",\"datePublished\":\"2022-05-17T12:57:46+00:00\",\"dateModified\":\"2022-05-22T13:21:32+00:00\",\"breadcrumb\":{\"@id\":\"https:\\\/\\\/soguapa.com\\\/producto\\\/hydra-vital-factor-k\\\/#breadcrumb\"},\"inLanguage\":\"es\",\"potentialAction\":[{\"@type\":\"ReadAction\",\"target\":[\"https:\\\/\\\/soguapa.com\\\/producto\\\/hydra-vital-factor-k\\\/\"]}]},{\"@type\":\"ImageObject\",\"inLanguage\":\"es\",\"@id\":\"https:\\\/\\\/soguapa.com\\\/producto\\\/hydra-vital-factor-k\\\/#primaryimage\",\"url\":\"https:\\\/\\\/soguapa.com\\\/wp-content\\\/uploads\\\/2022\\\/05\\\/Hydravital-factor-K-anti-age.jpg\",\"contentUrl\":\"https:\\\/\\\/soguapa.com\\\/wp-content\\\/uploads\\\/2022\\\/05\\\/Hydravital-factor-K-anti-age.jpg\",\"width\":650,\"height\":650},{\"@type\":\"BreadcrumbList\",\"@id\":\"https:\\\/\\\/soguapa.com\\\/producto\\\/hydra-vital-factor-k\\\/#breadcrumb\",\"itemListElement\":[{\"@type\":\"ListItem\",\"position\":1,\"name\":\"Home\",\"item\":\"https:\\\/\\\/soguapa.com\\\/\"},{\"@type\":\"ListItem\",\"position\":2,\"name\":\"Tienda\",\"item\":\"https:\\\/\\\/soguapa.com\\\/es\\\/tienda\\\/\"},{\"@type\":\"ListItem\",\"position\":3,\"name\":\"Hydra-vital factor k\"}]},{\"@type\":\"WebSite\",\"@id\":\"https:\\\/\\\/soguapa.com\\\/#website\",\"url\":\"https:\\\/\\\/soguapa.com\\\/\",\"name\":\"soGuapa Beauty Expert\",\"description\":\"Beauty Treatments Malta\",\"publisher\":{\"@id\":\"https:\\\/\\\/soguapa.com\\\/#organization\"},\"potentialAction\":[{\"@type\":\"SearchAction\",\"target\":{\"@type\":\"EntryPoint\",\"urlTemplate\":\"https:\\\/\\\/soguapa.com\\\/?s={search_term_string}\"},\"query-input\":{\"@type\":\"PropertyValueSpecification\",\"valueRequired\":true,\"valueName\":\"search_term_string\"}}],\"inLanguage\":\"es\"},{\"@type\":\"Organization\",\"@id\":\"https:\\\/\\\/soguapa.com\\\/#organization\",\"name\":\"soGuapa\",\"url\":\"https:\\\/\\\/soguapa.com\\\/\",\"logo\":{\"@type\":\"ImageObject\",\"inLanguage\":\"es\",\"@id\":\"https:\\\/\\\/soguapa.com\\\/#\\\/schema\\\/logo\\\/image\\\/\",\"url\":\"https:\\\/\\\/soguapa.com\\\/wp-content\\\/uploads\\\/2022\\\/05\\\/logo-So-Guapa-by-Ingrid.jpg\",\"contentUrl\":\"https:\\\/\\\/soguapa.com\\\/wp-content\\\/uploads\\\/2022\\\/05\\\/logo-So-Guapa-by-Ingrid.jpg\",\"width\":200,\"height\":80,\"caption\":\"soGuapa\"},\"image\":{\"@id\":\"https:\\\/\\\/soguapa.com\\\/#\\\/schema\\\/logo\\\/image\\\/\"},\"sameAs\":[\"https:\\\/\\\/es-la.facebook.com\\\/SoguapabeautyExpert\\\/\",\"https:\\\/\\\/www.instagram.com\\\/soguapabyingrid\\\/\"]}]}<\/script>\n<!-- \/ Yoast SEO plugin. -->","yoast_head_json":{"title":"Hydra-vital factor k - soGuapa Beauty Expert","robots":{"index":"index","follow":"follow","max-snippet":"max-snippet:-1","max-image-preview":"max-image-preview:large","max-video-preview":"max-video-preview:-1"},"canonical":"https:\/\/soguapa.com\/producto\/hydra-vital-factor-k\/","og_locale":"es_ES","og_type":"article","og_title":"Hydra-vital factor k - soGuapa Beauty Expert","og_description":"Crema rica de acci\u00f3n hidratante y nutritiva con vitamina E para pieles normales y secas.  Restablece los niveles de hidrataci\u00f3n y nutrici\u00f3n necesarias para restaurar el manto hidrolip\u00eddico, a la vez que protege frente las agresiones externas responsables del envejecimiento prematuro. El resultado es una piel hidratada, tersa, el\u00e1stica y protegida.","og_url":"https:\/\/soguapa.com\/producto\/hydra-vital-factor-k\/","og_site_name":"soGuapa Beauty Expert","article_publisher":"https:\/\/es-la.facebook.com\/SoguapabeautyExpert\/","article_modified_time":"2022-05-22T13:21:32+00:00","og_image":[{"width":650,"height":650,"url":"https:\/\/soguapa.com\/wp-content\/uploads\/2022\/05\/Hydravital-factor-K-anti-age.jpg","type":"image\/jpeg"}],"twitter_card":"summary_large_image","twitter_misc":{"Tiempo de lectura":"1 minuto"},"schema":{"@context":"https:\/\/schema.org","@graph":[{"@type":"WebPage","@id":"https:\/\/soguapa.com\/producto\/hydra-vital-factor-k\/","url":"https:\/\/soguapa.com\/producto\/hydra-vital-factor-k\/","name":"Hydra-vital factor k - soGuapa Beauty Expert","isPartOf":{"@id":"https:\/\/soguapa.com\/#website"},"primaryImageOfPage":{"@id":"https:\/\/soguapa.com\/producto\/hydra-vital-factor-k\/#primaryimage"},"image":{"@id":"https:\/\/soguapa.com\/producto\/hydra-vital-factor-k\/#primaryimage"},"thumbnailUrl":"https:\/\/soguapa.com\/wp-content\/uploads\/2022\/05\/Hydravital-factor-K-anti-age.jpg","datePublished":"2022-05-17T12:57:46+00:00","dateModified":"2022-05-22T13:21:32+00:00","breadcrumb":{"@id":"https:\/\/soguapa.com\/producto\/hydra-vital-factor-k\/#breadcrumb"},"inLanguage":"es","potentialAction":[{"@type":"ReadAction","target":["https:\/\/soguapa.com\/producto\/hydra-vital-factor-k\/"]}]},{"@type":"ImageObject","inLanguage":"es","@id":"https:\/\/soguapa.com\/producto\/hydra-vital-factor-k\/#primaryimage","url":"https:\/\/soguapa.com\/wp-content\/uploads\/2022\/05\/Hydravital-factor-K-anti-age.jpg","contentUrl":"https:\/\/soguapa.com\/wp-content\/uploads\/2022\/05\/Hydravital-factor-K-anti-age.jpg","width":650,"height":650},{"@type":"BreadcrumbList","@id":"https:\/\/soguapa.com\/producto\/hydra-vital-factor-k\/#breadcrumb","itemListElement":[{"@type":"ListItem","position":1,"name":"Home","item":"https:\/\/soguapa.com\/"},{"@type":"ListItem","position":2,"name":"Tienda","item":"https:\/\/soguapa.com\/es\/tienda\/"},{"@type":"ListItem","position":3,"name":"Hydra-vital factor k"}]},{"@type":"WebSite","@id":"https:\/\/soguapa.com\/#website","url":"https:\/\/soguapa.com\/","name":"soGuapa Beauty Expert","description":"Beauty Treatments Malta","publisher":{"@id":"https:\/\/soguapa.com\/#organization"},"potentialAction":[{"@type":"SearchAction","target":{"@type":"EntryPoint","urlTemplate":"https:\/\/soguapa.com\/?s={search_term_string}"},"query-input":{"@type":"PropertyValueSpecification","valueRequired":true,"valueName":"search_term_string"}}],"inLanguage":"es"},{"@type":"Organization","@id":"https:\/\/soguapa.com\/#organization","name":"soGuapa","url":"https:\/\/soguapa.com\/","logo":{"@type":"ImageObject","inLanguage":"es","@id":"https:\/\/soguapa.com\/#\/schema\/logo\/image\/","url":"https:\/\/soguapa.com\/wp-content\/uploads\/2022\/05\/logo-So-Guapa-by-Ingrid.jpg","contentUrl":"https:\/\/soguapa.com\/wp-content\/uploads\/2022\/05\/logo-So-Guapa-by-Ingrid.jpg","width":200,"height":80,"caption":"soGuapa"},"image":{"@id":"https:\/\/soguapa.com\/#\/schema\/logo\/image\/"},"sameAs":["https:\/\/es-la.facebook.com\/SoguapabeautyExpert\/","https:\/\/www.instagram.com\/soguapabyingrid\/"]}]}},"_links":{"self":[{"href":"https:\/\/soguapa.com\/es\/wp-json\/wp\/v2\/product\/748","targetHints":{"allow":["GET"]}}],"collection":[{"href":"https:\/\/soguapa.com\/es\/wp-json\/wp\/v2\/product"}],"about":[{"href":"https:\/\/soguapa.com\/es\/wp-json\/wp\/v2\/types\/product"}],"wp:featuredmedia":[{"embeddable":true,"href":"https:\/\/soguapa.com\/es\/wp-json\/wp\/v2\/media\/576"}],"wp:attachment":[{"href":"https:\/\/soguapa.com\/es\/wp-json\/wp\/v2\/media?parent=748"}],"wp:term":[{"taxonomy":"product_brand","embeddable":true,"href":"https:\/\/soguapa.com\/es\/wp-json\/wp\/v2\/product_brand?post=748"},{"taxonomy":"product_cat","embeddable":true,"href":"https:\/\/soguapa.com\/es\/wp-json\/wp\/v2\/product_cat?post=748"},{"taxonomy":"product_tag","embeddable":true,"href":"https:\/\/soguapa.com\/es\/wp-json\/wp\/v2\/product_tag?post=748"}],"curies":[{"name":"wp","href":"https:\/\/api.w.org\/{rel}","templated":true}]}}