{"id":742,"date":"2022-05-17T13:12:38","date_gmt":"2022-05-17T13:12:38","guid":{"rendered":"http:\/\/nancyyanethc3.sg-host.com\/product\/melan-recovery\/"},"modified":"2022-05-22T12:37:51","modified_gmt":"2022-05-22T12:37:51","slug":"melan-recovery","status":"publish","type":"product","link":"https:\/\/soguapa.com\/es\/producto\/melan-recovery\/","title":{"rendered":"B\u00e1lsamo calmante y recuperador"},"content":{"rendered":"<div class=\"product__header-info\">\n<div class=\"product-info-main\">\n<div class=\"product attribute overview\">\n<div class=\"value\">\n<div class=\"product__header-info\">\n<div class=\"product-info-main\">\n<div class=\"product attribute overview\">\n<h3 class=\"value\">Principios activos<\/h3>\n<\/div>\n<\/div>\n<\/div>\n<\/div>\n<div class=\"value\">\n<div tabindex=\"0\" role=\"tab\" data-role=\"collapsible\" data-collapsible=\"true\" aria-controls=\"description\" aria-selected=\"false\" aria-expanded=\"true\">\n<div>\n<p><strong>Bisabolol<\/strong><\/p>\n<p>Ingrediente derivado del extracto de camomila. Proporciona una acci\u00f3n calmante, antiinflamatoria e hidratante. F\u00e1cilmente tolerable por todo tipo de pieles, incluso las m\u00e1s sensibles.<\/p>\n<\/div>\n<div>\n<p><strong>Extracto de Rhodosorus marinus<\/strong><\/p>\n<p>Microalga roja que act\u00faa sobre los desencadenantes del proceso inflamatorio. Reduce los efectos de la piel sensibilizada, las rojeces y la irritaci\u00f3n.<\/p>\n<\/div>\n<div>\n<p><strong>Manteca de karit\u00e9<\/strong><\/p>\n<p>Sustancia del \u00e1rbol karit\u00e9 rica en \u00e1cidos grasos esenciales omega 6. Su acci\u00f3n emoliente permite devolver el equilibrio hidrolip\u00eddico, restaurar la funci\u00f3n barrera y reducir la sensaci\u00f3n de tirantez y falta de confort.<\/p>\n<\/div>\n<div>\n<p><strong>Niacinamida<\/strong><\/p>\n<p>Sustancia activa que posee propiedades despigmentantes, protectoras y antioxidantes seg\u00fan el producto farmac\u00e9utico. Mejora el tono cut\u00e1neo y potencia la elasticidad de la piel.<\/p>\n<\/div>\n<\/div>\n<h3>Modo de empleo<\/h3>\n<p>Aplicar sobre la piel de forma uniforme y masajear hasta su completa absorci\u00f3n. Extender de manera generosa por todo el rostro, masajeando hasta su completa absorci\u00f3n.<\/p>\n<\/div>\n<\/div>\n<\/div>\n<\/div>\n","protected":false},"excerpt":{"rendered":"<div class=\"ambanners ambanner-6\" data-position=\"6\" data-bannerid=\"\" data-role=\"amasty-banner-container\">B\u00e1lsamo calmante y recuperador que devuelve el equilibrio y el confort a la piel tras agresiones externas (sol, depilaci\u00f3n, afeitado, fricci\u00f3n) o tras tratamientos m\u00e9dico est\u00e9ticos (peelings, l\u00e1ser, etc) que puedan causar sensibilizaci\u00f3n cut\u00e1nea, falta de confort y\/o enrojecimiento. Reduce la sensibilidad cut\u00e1nea y refuerza el sistema de defensa de la piel.<\/div>\n<div data-position=\"6\" data-bannerid=\"\" data-role=\"amasty-banner-container\"><\/div>\n<div class=\"ambanners ambanner-6\" data-position=\"6\" data-bannerid=\"\" data-role=\"amasty-banner-container\">Reequilibria la barrera cut\u00e1nea proporcionando confort, elasticidad y suavidad. Este b\u00e1lsamo combate las manifestaciones relacionadas con la irritaci\u00f3n y el enrojecimiento, proporcionando alivio inmediato.<\/div>\n<div id=\"gtx-trans\" style=\"position: absolute; left: 612px; top: 38px;\">\n<div class=\"gtx-trans-icon\"><\/div>\n<\/div>\n","protected":false},"featured_media":579,"template":"","meta":{"_monsterinsights_skip_tracking":false,"_monsterinsights_sitenote_active":false,"_monsterinsights_sitenote_note":"","_monsterinsights_sitenote_category":0},"product_brand":[],"product_cat":[57],"product_tag":[49],"class_list":{"0":"post-742","1":"product","2":"type-product","3":"status-publish","4":"has-post-thumbnail","6":"product_cat-cuidado-de-la-piel","7":"product_tag-mesoestetic-es","9":"first","10":"instock","11":"shipping-taxable","12":"purchasable","13":"product-type-simple"},"yoast_head":"<!-- This site is optimized with the Yoast SEO plugin v27.4 - https:\/\/yoast.com\/product\/yoast-seo-wordpress\/ -->\n<title>B\u00e1lsamo calmante y recuperador - soGuapa Beauty Expert<\/title>\n<meta name=\"robots\" content=\"index, follow, max-snippet:-1, max-image-preview:large, max-video-preview:-1\" \/>\n<link rel=\"canonical\" href=\"https:\/\/soguapa.com\/producto\/melan-recovery\/\" \/>\n<meta property=\"og:locale\" content=\"es_ES\" \/>\n<meta property=\"og:type\" content=\"article\" \/>\n<meta property=\"og:title\" content=\"B\u00e1lsamo calmante y recuperador - soGuapa Beauty Expert\" \/>\n<meta property=\"og:description\" content=\"B\u00e1lsamo calmante y recuperador que devuelve el equilibrio y el confort a la piel tras agresiones externas (sol, depilaci\u00f3n, afeitado, fricci\u00f3n) o tras tratamientos m\u00e9dico est\u00e9ticos (peelings, l\u00e1ser, etc) que puedan causar sensibilizaci\u00f3n cut\u00e1nea, falta de confort y\/o enrojecimiento. Reduce la sensibilidad cut\u00e1nea y refuerza el sistema de defensa de la piel.  Reequilibria la barrera cut\u00e1nea proporcionando confort, elasticidad y suavidad. Este b\u00e1lsamo combate las manifestaciones relacionadas con la irritaci\u00f3n y el enrojecimiento, proporcionando alivio inmediato.\" \/>\n<meta property=\"og:url\" content=\"https:\/\/soguapa.com\/producto\/melan-recovery\/\" \/>\n<meta property=\"og:site_name\" content=\"soGuapa Beauty Expert\" \/>\n<meta property=\"article:publisher\" content=\"https:\/\/es-la.facebook.com\/SoguapabeautyExpert\/\" \/>\n<meta property=\"article:modified_time\" content=\"2022-05-22T12:37:51+00:00\" \/>\n<meta property=\"og:image\" content=\"https:\/\/soguapa.com\/wp-content\/uploads\/2022\/05\/balm_melan_recovery_50ml.jpg\" \/>\n\t<meta property=\"og:image:width\" content=\"650\" \/>\n\t<meta property=\"og:image:height\" content=\"650\" \/>\n\t<meta property=\"og:image:type\" content=\"image\/jpeg\" \/>\n<meta name=\"twitter:card\" content=\"summary_large_image\" \/>\n<meta name=\"twitter:label1\" content=\"Tiempo de lectura\" \/>\n\t<meta name=\"twitter:data1\" content=\"1 minuto\" \/>\n<script type=\"application\/ld+json\" class=\"yoast-schema-graph\">{\"@context\":\"https:\\\/\\\/schema.org\",\"@graph\":[{\"@type\":\"WebPage\",\"@id\":\"https:\\\/\\\/soguapa.com\\\/producto\\\/melan-recovery\\\/\",\"url\":\"https:\\\/\\\/soguapa.com\\\/producto\\\/melan-recovery\\\/\",\"name\":\"B\u00e1lsamo calmante y recuperador - soGuapa Beauty Expert\",\"isPartOf\":{\"@id\":\"https:\\\/\\\/soguapa.com\\\/#website\"},\"primaryImageOfPage\":{\"@id\":\"https:\\\/\\\/soguapa.com\\\/producto\\\/melan-recovery\\\/#primaryimage\"},\"image\":{\"@id\":\"https:\\\/\\\/soguapa.com\\\/producto\\\/melan-recovery\\\/#primaryimage\"},\"thumbnailUrl\":\"https:\\\/\\\/soguapa.com\\\/wp-content\\\/uploads\\\/2022\\\/05\\\/balm_melan_recovery_50ml.jpg\",\"datePublished\":\"2022-05-17T13:12:38+00:00\",\"dateModified\":\"2022-05-22T12:37:51+00:00\",\"breadcrumb\":{\"@id\":\"https:\\\/\\\/soguapa.com\\\/producto\\\/melan-recovery\\\/#breadcrumb\"},\"inLanguage\":\"es\",\"potentialAction\":[{\"@type\":\"ReadAction\",\"target\":[\"https:\\\/\\\/soguapa.com\\\/producto\\\/melan-recovery\\\/\"]}]},{\"@type\":\"ImageObject\",\"inLanguage\":\"es\",\"@id\":\"https:\\\/\\\/soguapa.com\\\/producto\\\/melan-recovery\\\/#primaryimage\",\"url\":\"https:\\\/\\\/soguapa.com\\\/wp-content\\\/uploads\\\/2022\\\/05\\\/balm_melan_recovery_50ml.jpg\",\"contentUrl\":\"https:\\\/\\\/soguapa.com\\\/wp-content\\\/uploads\\\/2022\\\/05\\\/balm_melan_recovery_50ml.jpg\",\"width\":650,\"height\":650},{\"@type\":\"BreadcrumbList\",\"@id\":\"https:\\\/\\\/soguapa.com\\\/producto\\\/melan-recovery\\\/#breadcrumb\",\"itemListElement\":[{\"@type\":\"ListItem\",\"position\":1,\"name\":\"Home\",\"item\":\"https:\\\/\\\/soguapa.com\\\/\"},{\"@type\":\"ListItem\",\"position\":2,\"name\":\"Tienda\",\"item\":\"https:\\\/\\\/soguapa.com\\\/es\\\/tienda\\\/\"},{\"@type\":\"ListItem\",\"position\":3,\"name\":\"B\u00e1lsamo calmante y recuperador\"}]},{\"@type\":\"WebSite\",\"@id\":\"https:\\\/\\\/soguapa.com\\\/#website\",\"url\":\"https:\\\/\\\/soguapa.com\\\/\",\"name\":\"soGuapa Beauty Expert\",\"description\":\"Beauty Treatments Malta\",\"publisher\":{\"@id\":\"https:\\\/\\\/soguapa.com\\\/#organization\"},\"potentialAction\":[{\"@type\":\"SearchAction\",\"target\":{\"@type\":\"EntryPoint\",\"urlTemplate\":\"https:\\\/\\\/soguapa.com\\\/?s={search_term_string}\"},\"query-input\":{\"@type\":\"PropertyValueSpecification\",\"valueRequired\":true,\"valueName\":\"search_term_string\"}}],\"inLanguage\":\"es\"},{\"@type\":\"Organization\",\"@id\":\"https:\\\/\\\/soguapa.com\\\/#organization\",\"name\":\"soGuapa\",\"url\":\"https:\\\/\\\/soguapa.com\\\/\",\"logo\":{\"@type\":\"ImageObject\",\"inLanguage\":\"es\",\"@id\":\"https:\\\/\\\/soguapa.com\\\/#\\\/schema\\\/logo\\\/image\\\/\",\"url\":\"https:\\\/\\\/soguapa.com\\\/wp-content\\\/uploads\\\/2022\\\/05\\\/logo-So-Guapa-by-Ingrid.jpg\",\"contentUrl\":\"https:\\\/\\\/soguapa.com\\\/wp-content\\\/uploads\\\/2022\\\/05\\\/logo-So-Guapa-by-Ingrid.jpg\",\"width\":200,\"height\":80,\"caption\":\"soGuapa\"},\"image\":{\"@id\":\"https:\\\/\\\/soguapa.com\\\/#\\\/schema\\\/logo\\\/image\\\/\"},\"sameAs\":[\"https:\\\/\\\/es-la.facebook.com\\\/SoguapabeautyExpert\\\/\",\"https:\\\/\\\/www.instagram.com\\\/soguapabyingrid\\\/\"]}]}<\/script>\n<!-- \/ Yoast SEO plugin. -->","yoast_head_json":{"title":"B\u00e1lsamo calmante y recuperador - soGuapa Beauty Expert","robots":{"index":"index","follow":"follow","max-snippet":"max-snippet:-1","max-image-preview":"max-image-preview:large","max-video-preview":"max-video-preview:-1"},"canonical":"https:\/\/soguapa.com\/producto\/melan-recovery\/","og_locale":"es_ES","og_type":"article","og_title":"B\u00e1lsamo calmante y recuperador - soGuapa Beauty Expert","og_description":"B\u00e1lsamo calmante y recuperador que devuelve el equilibrio y el confort a la piel tras agresiones externas (sol, depilaci\u00f3n, afeitado, fricci\u00f3n) o tras tratamientos m\u00e9dico est\u00e9ticos (peelings, l\u00e1ser, etc) que puedan causar sensibilizaci\u00f3n cut\u00e1nea, falta de confort y\/o enrojecimiento. Reduce la sensibilidad cut\u00e1nea y refuerza el sistema de defensa de la piel.  Reequilibria la barrera cut\u00e1nea proporcionando confort, elasticidad y suavidad. Este b\u00e1lsamo combate las manifestaciones relacionadas con la irritaci\u00f3n y el enrojecimiento, proporcionando alivio inmediato.","og_url":"https:\/\/soguapa.com\/producto\/melan-recovery\/","og_site_name":"soGuapa Beauty Expert","article_publisher":"https:\/\/es-la.facebook.com\/SoguapabeautyExpert\/","article_modified_time":"2022-05-22T12:37:51+00:00","og_image":[{"width":650,"height":650,"url":"https:\/\/soguapa.com\/wp-content\/uploads\/2022\/05\/balm_melan_recovery_50ml.jpg","type":"image\/jpeg"}],"twitter_card":"summary_large_image","twitter_misc":{"Tiempo de lectura":"1 minuto"},"schema":{"@context":"https:\/\/schema.org","@graph":[{"@type":"WebPage","@id":"https:\/\/soguapa.com\/producto\/melan-recovery\/","url":"https:\/\/soguapa.com\/producto\/melan-recovery\/","name":"B\u00e1lsamo calmante y recuperador - soGuapa Beauty Expert","isPartOf":{"@id":"https:\/\/soguapa.com\/#website"},"primaryImageOfPage":{"@id":"https:\/\/soguapa.com\/producto\/melan-recovery\/#primaryimage"},"image":{"@id":"https:\/\/soguapa.com\/producto\/melan-recovery\/#primaryimage"},"thumbnailUrl":"https:\/\/soguapa.com\/wp-content\/uploads\/2022\/05\/balm_melan_recovery_50ml.jpg","datePublished":"2022-05-17T13:12:38+00:00","dateModified":"2022-05-22T12:37:51+00:00","breadcrumb":{"@id":"https:\/\/soguapa.com\/producto\/melan-recovery\/#breadcrumb"},"inLanguage":"es","potentialAction":[{"@type":"ReadAction","target":["https:\/\/soguapa.com\/producto\/melan-recovery\/"]}]},{"@type":"ImageObject","inLanguage":"es","@id":"https:\/\/soguapa.com\/producto\/melan-recovery\/#primaryimage","url":"https:\/\/soguapa.com\/wp-content\/uploads\/2022\/05\/balm_melan_recovery_50ml.jpg","contentUrl":"https:\/\/soguapa.com\/wp-content\/uploads\/2022\/05\/balm_melan_recovery_50ml.jpg","width":650,"height":650},{"@type":"BreadcrumbList","@id":"https:\/\/soguapa.com\/producto\/melan-recovery\/#breadcrumb","itemListElement":[{"@type":"ListItem","position":1,"name":"Home","item":"https:\/\/soguapa.com\/"},{"@type":"ListItem","position":2,"name":"Tienda","item":"https:\/\/soguapa.com\/es\/tienda\/"},{"@type":"ListItem","position":3,"name":"B\u00e1lsamo calmante y recuperador"}]},{"@type":"WebSite","@id":"https:\/\/soguapa.com\/#website","url":"https:\/\/soguapa.com\/","name":"soGuapa Beauty Expert","description":"Beauty Treatments Malta","publisher":{"@id":"https:\/\/soguapa.com\/#organization"},"potentialAction":[{"@type":"SearchAction","target":{"@type":"EntryPoint","urlTemplate":"https:\/\/soguapa.com\/?s={search_term_string}"},"query-input":{"@type":"PropertyValueSpecification","valueRequired":true,"valueName":"search_term_string"}}],"inLanguage":"es"},{"@type":"Organization","@id":"https:\/\/soguapa.com\/#organization","name":"soGuapa","url":"https:\/\/soguapa.com\/","logo":{"@type":"ImageObject","inLanguage":"es","@id":"https:\/\/soguapa.com\/#\/schema\/logo\/image\/","url":"https:\/\/soguapa.com\/wp-content\/uploads\/2022\/05\/logo-So-Guapa-by-Ingrid.jpg","contentUrl":"https:\/\/soguapa.com\/wp-content\/uploads\/2022\/05\/logo-So-Guapa-by-Ingrid.jpg","width":200,"height":80,"caption":"soGuapa"},"image":{"@id":"https:\/\/soguapa.com\/#\/schema\/logo\/image\/"},"sameAs":["https:\/\/es-la.facebook.com\/SoguapabeautyExpert\/","https:\/\/www.instagram.com\/soguapabyingrid\/"]}]}},"_links":{"self":[{"href":"https:\/\/soguapa.com\/es\/wp-json\/wp\/v2\/product\/742","targetHints":{"allow":["GET"]}}],"collection":[{"href":"https:\/\/soguapa.com\/es\/wp-json\/wp\/v2\/product"}],"about":[{"href":"https:\/\/soguapa.com\/es\/wp-json\/wp\/v2\/types\/product"}],"wp:featuredmedia":[{"embeddable":true,"href":"https:\/\/soguapa.com\/es\/wp-json\/wp\/v2\/media\/579"}],"wp:attachment":[{"href":"https:\/\/soguapa.com\/es\/wp-json\/wp\/v2\/media?parent=742"}],"wp:term":[{"taxonomy":"product_brand","embeddable":true,"href":"https:\/\/soguapa.com\/es\/wp-json\/wp\/v2\/product_brand?post=742"},{"taxonomy":"product_cat","embeddable":true,"href":"https:\/\/soguapa.com\/es\/wp-json\/wp\/v2\/product_cat?post=742"},{"taxonomy":"product_tag","embeddable":true,"href":"https:\/\/soguapa.com\/es\/wp-json\/wp\/v2\/product_tag?post=742"}],"curies":[{"name":"wp","href":"https:\/\/api.w.org\/{rel}","templated":true}]}}