{"id":739,"date":"2022-05-17T13:17:09","date_gmt":"2022-05-17T13:17:09","guid":{"rendered":"http:\/\/nancyyanethc3.sg-host.com\/product\/bodyshock-total-reducer\/"},"modified":"2022-05-22T12:33:33","modified_gmt":"2022-05-22T12:33:33","slug":"bodyshock-total-reducer","status":"publish","type":"product","link":"https:\/\/soguapa.com\/es\/producto\/bodyshock-total-reducer\/","title":{"rendered":"bodyshock total reducer"},"content":{"rendered":"<div class=\"product__header-info\">\n<div class=\"product-info-main\">\n<div class=\"product attribute overview\">\n<p>Bodyshock consta de un potente tratamiento profesional, que combate la celulitis, independientemente de su naturaleza y grado de avance, la grasa localizada y la flacidez. Dise\u00f1ado espec\u00edficamente para el tratamiento de las alteraciones est\u00e9ticas presentes en piernas, gl\u00fateos, abdomen, flancos, brazos, doble ment\u00f3n y senos.<\/p>\n<div class=\"ambanners ambanner-6\" data-position=\"6\" data-bannerid=\"\" data-role=\"amasty-banner-container\">\n<h3>Principios activos<\/h3>\n<div>\n<p><strong>Cafe\u00edna<\/strong><\/p>\n<p>Ingrediente natural lipol\u00edtico (que favorece la eliminaci\u00f3n del tejido graso) y con acci\u00f3n descongestiva. Especialmente indicado para tratar la celulitis y la grasa localizada.<\/p>\n<\/div>\n<div>\n<p><strong>L-Carnitina<\/strong><\/p>\n<p>Mol\u00e9cula del organismo encargada de transportar los \u00e1cidos grasos al interior de la mitocondria donde se transforman en energ\u00eda.<\/p>\n<\/div>\n<div>\n<p><strong>mMeliloto<\/strong><\/p>\n<\/div>\n<\/div>\n<div class=\"product info detailed\">\n<h3 class=\"data item title active\" tabindex=\"0\" role=\"tab\" data-role=\"collapsible\" data-collapsible=\"true\" aria-controls=\"description\" aria-selected=\"false\" aria-expanded=\"true\">Modo de empleo<\/h3>\n<p>Aplicar bodyshock total reducer por la ma\u00f1ana en la zona a tratar a trav\u00e9s de masajes circulares y ascendentes sobre la piel limpia y seca, incidiendo en la zona donde se encuentra un mayor c\u00famulo de grasa. Su eficacia se ve reforzada si se aplica tras una activaci\u00f3n sangu\u00ednea que puede darse, por ejemplo, despu\u00e9s de la ducha o de la realizaci\u00f3n de alguna actividad f\u00edsica.<\/p>\n<\/div>\n<\/div>\n<\/div>\n<\/div>\n","protected":false},"excerpt":{"rendered":"<div class=\"product__header-info\">\n<div class=\"product-info-main\">\n<div class=\"product attribute overview\">\n<div class=\"value\">\n<p>Crema de efecto reductor hidratante de textura ligera y de f\u00e1cil absorci\u00f3n que contribuye a reducir la celulitis persistente 200 ml. Su composici\u00f3n estimula la movilizaci\u00f3n de las grasas y reduce la formaci\u00f3n de ac\u00famulos nuevos consiguiendo una acci\u00f3n a tres niveles:<\/p>\n<p>&#8211; Acci\u00f3n preventiva: evita el crecimiento y acumulaci\u00f3n de c\u00e9lulas grasas en el tejido.<\/p>\n<p>&#8211; Acci\u00f3n correctiva: mejora el metabolismo y reduce el tama\u00f1o de las c\u00e9lulas grasas existentes en el tejido.<\/p>\n<p>&#8211; Acci\u00f3n revitalizante: mejora el aspecto general del tejido, devolvi\u00e9ndole su firmeza e hidrataci\u00f3n.<\/p>\n<p>bodyshock consta de un potente tratamiento profesional, que combate la celulitis independientemente de su naturaleza y grado de avance, la grasa localizada y la flacidez. Dise\u00f1ado espec\u00edficamente para el tratamiento de las alteraciones est\u00e9ticas presentes en piernas, gl\u00fateos, abdomen, flancos, brazos, doble ment\u00f3n y senos.<\/p>\n<\/div>\n<\/div>\n<\/div>\n<\/div>\n","protected":false},"featured_media":581,"template":"","meta":{"_monsterinsights_skip_tracking":false,"_monsterinsights_sitenote_active":false,"_monsterinsights_sitenote_note":"","_monsterinsights_sitenote_category":0},"product_brand":[],"product_cat":[52,51],"product_tag":[49],"class_list":{"0":"post-739","1":"product","2":"type-product","3":"status-publish","4":"has-post-thumbnail","6":"product_cat-bodyshock-es","7":"product_cat-cuidado-corporal","8":"product_tag-mesoestetic-es","10":"first","11":"instock","12":"shipping-taxable","13":"purchasable","14":"product-type-simple"},"yoast_head":"<!-- This site is optimized with the Yoast SEO plugin v27.4 - https:\/\/yoast.com\/product\/yoast-seo-wordpress\/ -->\n<title>bodyshock total reducer - soGuapa Beauty Expert<\/title>\n<meta name=\"robots\" content=\"index, follow, max-snippet:-1, max-image-preview:large, max-video-preview:-1\" \/>\n<link rel=\"canonical\" href=\"https:\/\/soguapa.com\/producto\/bodyshock-total-reducer\/\" \/>\n<meta property=\"og:locale\" content=\"es_ES\" \/>\n<meta property=\"og:type\" content=\"article\" \/>\n<meta property=\"og:title\" content=\"bodyshock total reducer - soGuapa Beauty Expert\" \/>\n<meta property=\"og:description\" content=\"Crema de efecto reductor hidratante de textura ligera y de f\u00e1cil absorci\u00f3n que contribuye a reducir la celulitis persistente 200 ml. Su composici\u00f3n estimula la movilizaci\u00f3n de las grasas y reduce la formaci\u00f3n de ac\u00famulos nuevos consiguiendo una acci\u00f3n a tres niveles:  - Acci\u00f3n preventiva: evita el crecimiento y acumulaci\u00f3n de c\u00e9lulas grasas en el tejido.  - Acci\u00f3n correctiva: mejora el metabolismo y reduce el tama\u00f1o de las c\u00e9lulas grasas existentes en el tejido.  - Acci\u00f3n revitalizante: mejora el aspecto general del tejido, devolvi\u00e9ndole su firmeza e hidrataci\u00f3n.  bodyshock consta de un potente tratamiento profesional, que combate la celulitis independientemente de su naturaleza y grado de avance, la grasa localizada y la flacidez. Dise\u00f1ado espec\u00edficamente para el tratamiento de las alteraciones est\u00e9ticas presentes en piernas, gl\u00fateos, abdomen, flancos, brazos, doble ment\u00f3n y senos.\" \/>\n<meta property=\"og:url\" content=\"https:\/\/soguapa.com\/producto\/bodyshock-total-reducer\/\" \/>\n<meta property=\"og:site_name\" content=\"soGuapa Beauty Expert\" \/>\n<meta property=\"article:publisher\" content=\"https:\/\/es-la.facebook.com\/SoguapabeautyExpert\/\" \/>\n<meta property=\"article:modified_time\" content=\"2022-05-22T12:33:33+00:00\" \/>\n<meta property=\"og:image\" content=\"https:\/\/soguapa.com\/wp-content\/uploads\/2022\/05\/bodyshock-total-reducer.png\" \/>\n\t<meta property=\"og:image:width\" content=\"650\" \/>\n\t<meta property=\"og:image:height\" content=\"650\" \/>\n\t<meta property=\"og:image:type\" content=\"image\/png\" \/>\n<meta name=\"twitter:card\" content=\"summary_large_image\" \/>\n<meta name=\"twitter:label1\" content=\"Tiempo de lectura\" \/>\n\t<meta name=\"twitter:data1\" content=\"1 minuto\" \/>\n<script type=\"application\/ld+json\" class=\"yoast-schema-graph\">{\"@context\":\"https:\\\/\\\/schema.org\",\"@graph\":[{\"@type\":\"WebPage\",\"@id\":\"https:\\\/\\\/soguapa.com\\\/producto\\\/bodyshock-total-reducer\\\/\",\"url\":\"https:\\\/\\\/soguapa.com\\\/producto\\\/bodyshock-total-reducer\\\/\",\"name\":\"bodyshock total reducer - soGuapa Beauty Expert\",\"isPartOf\":{\"@id\":\"https:\\\/\\\/soguapa.com\\\/#website\"},\"primaryImageOfPage\":{\"@id\":\"https:\\\/\\\/soguapa.com\\\/producto\\\/bodyshock-total-reducer\\\/#primaryimage\"},\"image\":{\"@id\":\"https:\\\/\\\/soguapa.com\\\/producto\\\/bodyshock-total-reducer\\\/#primaryimage\"},\"thumbnailUrl\":\"https:\\\/\\\/soguapa.com\\\/wp-content\\\/uploads\\\/2022\\\/05\\\/bodyshock-total-reducer.png\",\"datePublished\":\"2022-05-17T13:17:09+00:00\",\"dateModified\":\"2022-05-22T12:33:33+00:00\",\"breadcrumb\":{\"@id\":\"https:\\\/\\\/soguapa.com\\\/producto\\\/bodyshock-total-reducer\\\/#breadcrumb\"},\"inLanguage\":\"es\",\"potentialAction\":[{\"@type\":\"ReadAction\",\"target\":[\"https:\\\/\\\/soguapa.com\\\/producto\\\/bodyshock-total-reducer\\\/\"]}]},{\"@type\":\"ImageObject\",\"inLanguage\":\"es\",\"@id\":\"https:\\\/\\\/soguapa.com\\\/producto\\\/bodyshock-total-reducer\\\/#primaryimage\",\"url\":\"https:\\\/\\\/soguapa.com\\\/wp-content\\\/uploads\\\/2022\\\/05\\\/bodyshock-total-reducer.png\",\"contentUrl\":\"https:\\\/\\\/soguapa.com\\\/wp-content\\\/uploads\\\/2022\\\/05\\\/bodyshock-total-reducer.png\",\"width\":650,\"height\":650},{\"@type\":\"BreadcrumbList\",\"@id\":\"https:\\\/\\\/soguapa.com\\\/producto\\\/bodyshock-total-reducer\\\/#breadcrumb\",\"itemListElement\":[{\"@type\":\"ListItem\",\"position\":1,\"name\":\"Home\",\"item\":\"https:\\\/\\\/soguapa.com\\\/\"},{\"@type\":\"ListItem\",\"position\":2,\"name\":\"Tienda\",\"item\":\"https:\\\/\\\/soguapa.com\\\/es\\\/tienda\\\/\"},{\"@type\":\"ListItem\",\"position\":3,\"name\":\"bodyshock total reducer\"}]},{\"@type\":\"WebSite\",\"@id\":\"https:\\\/\\\/soguapa.com\\\/#website\",\"url\":\"https:\\\/\\\/soguapa.com\\\/\",\"name\":\"soGuapa Beauty Expert\",\"description\":\"Beauty Treatments Malta\",\"publisher\":{\"@id\":\"https:\\\/\\\/soguapa.com\\\/#organization\"},\"potentialAction\":[{\"@type\":\"SearchAction\",\"target\":{\"@type\":\"EntryPoint\",\"urlTemplate\":\"https:\\\/\\\/soguapa.com\\\/?s={search_term_string}\"},\"query-input\":{\"@type\":\"PropertyValueSpecification\",\"valueRequired\":true,\"valueName\":\"search_term_string\"}}],\"inLanguage\":\"es\"},{\"@type\":\"Organization\",\"@id\":\"https:\\\/\\\/soguapa.com\\\/#organization\",\"name\":\"soGuapa\",\"url\":\"https:\\\/\\\/soguapa.com\\\/\",\"logo\":{\"@type\":\"ImageObject\",\"inLanguage\":\"es\",\"@id\":\"https:\\\/\\\/soguapa.com\\\/#\\\/schema\\\/logo\\\/image\\\/\",\"url\":\"https:\\\/\\\/soguapa.com\\\/wp-content\\\/uploads\\\/2022\\\/05\\\/logo-So-Guapa-by-Ingrid.jpg\",\"contentUrl\":\"https:\\\/\\\/soguapa.com\\\/wp-content\\\/uploads\\\/2022\\\/05\\\/logo-So-Guapa-by-Ingrid.jpg\",\"width\":200,\"height\":80,\"caption\":\"soGuapa\"},\"image\":{\"@id\":\"https:\\\/\\\/soguapa.com\\\/#\\\/schema\\\/logo\\\/image\\\/\"},\"sameAs\":[\"https:\\\/\\\/es-la.facebook.com\\\/SoguapabeautyExpert\\\/\",\"https:\\\/\\\/www.instagram.com\\\/soguapabyingrid\\\/\"]}]}<\/script>\n<!-- \/ Yoast SEO plugin. -->","yoast_head_json":{"title":"bodyshock total reducer - soGuapa Beauty Expert","robots":{"index":"index","follow":"follow","max-snippet":"max-snippet:-1","max-image-preview":"max-image-preview:large","max-video-preview":"max-video-preview:-1"},"canonical":"https:\/\/soguapa.com\/producto\/bodyshock-total-reducer\/","og_locale":"es_ES","og_type":"article","og_title":"bodyshock total reducer - soGuapa Beauty Expert","og_description":"Crema de efecto reductor hidratante de textura ligera y de f\u00e1cil absorci\u00f3n que contribuye a reducir la celulitis persistente 200 ml. Su composici\u00f3n estimula la movilizaci\u00f3n de las grasas y reduce la formaci\u00f3n de ac\u00famulos nuevos consiguiendo una acci\u00f3n a tres niveles:  - Acci\u00f3n preventiva: evita el crecimiento y acumulaci\u00f3n de c\u00e9lulas grasas en el tejido.  - Acci\u00f3n correctiva: mejora el metabolismo y reduce el tama\u00f1o de las c\u00e9lulas grasas existentes en el tejido.  - Acci\u00f3n revitalizante: mejora el aspecto general del tejido, devolvi\u00e9ndole su firmeza e hidrataci\u00f3n.  bodyshock consta de un potente tratamiento profesional, que combate la celulitis independientemente de su naturaleza y grado de avance, la grasa localizada y la flacidez. Dise\u00f1ado espec\u00edficamente para el tratamiento de las alteraciones est\u00e9ticas presentes en piernas, gl\u00fateos, abdomen, flancos, brazos, doble ment\u00f3n y senos.","og_url":"https:\/\/soguapa.com\/producto\/bodyshock-total-reducer\/","og_site_name":"soGuapa Beauty Expert","article_publisher":"https:\/\/es-la.facebook.com\/SoguapabeautyExpert\/","article_modified_time":"2022-05-22T12:33:33+00:00","og_image":[{"width":650,"height":650,"url":"https:\/\/soguapa.com\/wp-content\/uploads\/2022\/05\/bodyshock-total-reducer.png","type":"image\/png"}],"twitter_card":"summary_large_image","twitter_misc":{"Tiempo de lectura":"1 minuto"},"schema":{"@context":"https:\/\/schema.org","@graph":[{"@type":"WebPage","@id":"https:\/\/soguapa.com\/producto\/bodyshock-total-reducer\/","url":"https:\/\/soguapa.com\/producto\/bodyshock-total-reducer\/","name":"bodyshock total reducer - soGuapa Beauty Expert","isPartOf":{"@id":"https:\/\/soguapa.com\/#website"},"primaryImageOfPage":{"@id":"https:\/\/soguapa.com\/producto\/bodyshock-total-reducer\/#primaryimage"},"image":{"@id":"https:\/\/soguapa.com\/producto\/bodyshock-total-reducer\/#primaryimage"},"thumbnailUrl":"https:\/\/soguapa.com\/wp-content\/uploads\/2022\/05\/bodyshock-total-reducer.png","datePublished":"2022-05-17T13:17:09+00:00","dateModified":"2022-05-22T12:33:33+00:00","breadcrumb":{"@id":"https:\/\/soguapa.com\/producto\/bodyshock-total-reducer\/#breadcrumb"},"inLanguage":"es","potentialAction":[{"@type":"ReadAction","target":["https:\/\/soguapa.com\/producto\/bodyshock-total-reducer\/"]}]},{"@type":"ImageObject","inLanguage":"es","@id":"https:\/\/soguapa.com\/producto\/bodyshock-total-reducer\/#primaryimage","url":"https:\/\/soguapa.com\/wp-content\/uploads\/2022\/05\/bodyshock-total-reducer.png","contentUrl":"https:\/\/soguapa.com\/wp-content\/uploads\/2022\/05\/bodyshock-total-reducer.png","width":650,"height":650},{"@type":"BreadcrumbList","@id":"https:\/\/soguapa.com\/producto\/bodyshock-total-reducer\/#breadcrumb","itemListElement":[{"@type":"ListItem","position":1,"name":"Home","item":"https:\/\/soguapa.com\/"},{"@type":"ListItem","position":2,"name":"Tienda","item":"https:\/\/soguapa.com\/es\/tienda\/"},{"@type":"ListItem","position":3,"name":"bodyshock total reducer"}]},{"@type":"WebSite","@id":"https:\/\/soguapa.com\/#website","url":"https:\/\/soguapa.com\/","name":"soGuapa Beauty Expert","description":"Beauty Treatments Malta","publisher":{"@id":"https:\/\/soguapa.com\/#organization"},"potentialAction":[{"@type":"SearchAction","target":{"@type":"EntryPoint","urlTemplate":"https:\/\/soguapa.com\/?s={search_term_string}"},"query-input":{"@type":"PropertyValueSpecification","valueRequired":true,"valueName":"search_term_string"}}],"inLanguage":"es"},{"@type":"Organization","@id":"https:\/\/soguapa.com\/#organization","name":"soGuapa","url":"https:\/\/soguapa.com\/","logo":{"@type":"ImageObject","inLanguage":"es","@id":"https:\/\/soguapa.com\/#\/schema\/logo\/image\/","url":"https:\/\/soguapa.com\/wp-content\/uploads\/2022\/05\/logo-So-Guapa-by-Ingrid.jpg","contentUrl":"https:\/\/soguapa.com\/wp-content\/uploads\/2022\/05\/logo-So-Guapa-by-Ingrid.jpg","width":200,"height":80,"caption":"soGuapa"},"image":{"@id":"https:\/\/soguapa.com\/#\/schema\/logo\/image\/"},"sameAs":["https:\/\/es-la.facebook.com\/SoguapabeautyExpert\/","https:\/\/www.instagram.com\/soguapabyingrid\/"]}]}},"_links":{"self":[{"href":"https:\/\/soguapa.com\/es\/wp-json\/wp\/v2\/product\/739","targetHints":{"allow":["GET"]}}],"collection":[{"href":"https:\/\/soguapa.com\/es\/wp-json\/wp\/v2\/product"}],"about":[{"href":"https:\/\/soguapa.com\/es\/wp-json\/wp\/v2\/types\/product"}],"wp:featuredmedia":[{"embeddable":true,"href":"https:\/\/soguapa.com\/es\/wp-json\/wp\/v2\/media\/581"}],"wp:attachment":[{"href":"https:\/\/soguapa.com\/es\/wp-json\/wp\/v2\/media?parent=739"}],"wp:term":[{"taxonomy":"product_brand","embeddable":true,"href":"https:\/\/soguapa.com\/es\/wp-json\/wp\/v2\/product_brand?post=739"},{"taxonomy":"product_cat","embeddable":true,"href":"https:\/\/soguapa.com\/es\/wp-json\/wp\/v2\/product_cat?post=739"},{"taxonomy":"product_tag","embeddable":true,"href":"https:\/\/soguapa.com\/es\/wp-json\/wp\/v2\/product_tag?post=739"}],"curies":[{"name":"wp","href":"https:\/\/api.w.org\/{rel}","templated":true}]}}