{"id":731,"date":"2022-05-21T07:55:57","date_gmt":"2022-05-21T07:55:57","guid":{"rendered":"http:\/\/nancyyanethc3.sg-host.com\/product\/bodyshock-night-reducer\/"},"modified":"2022-05-22T12:19:14","modified_gmt":"2022-05-22T12:19:14","slug":"bodyshock-night-reducer","status":"publish","type":"product","link":"https:\/\/soguapa.com\/es\/producto\/bodyshock-night-reducer\/","title":{"rendered":"Bodyshock night reducer"},"content":{"rendered":"<h3>Ingredientes Activos<\/h3>\n<div>\n<p><strong>Chlorella<\/strong><\/p>\n<\/div>\n<div>\n<p><strong>Extracto de Plancton<\/strong><\/p>\n<p>Ingrediente natural rico en l\u00edpidos y \u00e1cidos grasos Omega 3. Estimula las c\u00e9lulas cut\u00e1neas, fortaleciendo la cohesi\u00f3n celular y renovando la barrera protectora de la piel.<\/p>\n<\/div>\n<div>\n<p><strong>L-Carnitina<\/strong><\/p>\n<p>Mol\u00e9cula del organismo encargada de transportar los \u00e1cidos grasos al interior de la mitocondria donde se tranforman en energ\u00eda.<\/p>\n<\/div>\n<p><strong>Mode de empleo<\/strong><\/p>\n<p>Aplicar bodyshock night reducer por la noche en la zona a tratar a trav\u00e9s de masajes circulares y ascendentes sobre la piel limpia y seca; incidiendo en la zona donde se encuentra un mayor c\u00famulo de grasa. Su eficacia se ve reforzada si se aplica tras una activaci\u00f3n sangu\u00ednea que puede darse por ejemplo, despu\u00e9s de la ducha o de la realizaci\u00f3n de alguna actividad f\u00edsica.<\/p>\n","protected":false},"excerpt":{"rendered":"<p>Crema de noche para combatir las acumulaciones de grasa localizada y facilitar el drenaje del exceso de l\u00edquidos.<\/p>\n<p>Las c\u00e9lulas del cuerpo humano est\u00e1n reguladas por un reloj biol\u00f3gico que, de forma natural se activa durante el d\u00eda y la noche bas\u00e1ndose en los ritmos circadianos, habilit\u00e1ndole para cumplir funciones fundamentales (regeneraci\u00f3n y reparaci\u00f3n celular, etc.)<\/p>\n<p>Durante las horas de sue\u00f1o, el cuerpo produce una regeneraci\u00f3n celular, prepar\u00e1ndolo para las horas de actividad del d\u00eda y aumentando la irrigaci\u00f3n sangu\u00ednea y la temperatura corporal, realizando una acci\u00f3n reductora y favoreciendo la movilizaci\u00f3n de la grasa localizada.<\/p>\n<p>bodyshock night reducer es una crema de noche de efecto reductor basada en un complejo activo concentrado que aprovecha el estado natural de la piel durante las horas de sue\u00f1o para reajustar el metabolismo y favorecer su receptividad en horas nocturnas, combatiendo las acumulaciones de grasa localizada bajo la piel y favoreciendo el drenaje del exceso de l\u00edquidos. Al despertar, la piel aparece m\u00e1s tersa y redensificada.<\/p>\n<p>bodyshock consta de un potente tratamiento profesional, que combate la celulitis independientemente de su naturaleza y grado de avance, la grasa localizada y la flacidez. Dise\u00f1ado espec\u00edficamente para el tratamiento de las alteraciones est\u00e9ticas presentes en piernas, gl\u00fateos, abdomen, flancos, brazos, doble ment\u00f3n y senos.<\/p>\n","protected":false},"featured_media":680,"template":"","meta":{"_monsterinsights_skip_tracking":false,"_monsterinsights_sitenote_active":false,"_monsterinsights_sitenote_note":"","_monsterinsights_sitenote_category":0},"product_brand":[],"product_cat":[52,51],"product_tag":[49],"class_list":{"0":"post-731","1":"product","2":"type-product","3":"status-publish","4":"has-post-thumbnail","6":"product_cat-bodyshock-es","7":"product_cat-cuidado-corporal","8":"product_tag-mesoestetic-es","10":"first","11":"instock","12":"shipping-taxable","13":"purchasable","14":"product-type-simple"},"yoast_head":"<!-- This site is optimized with the Yoast SEO plugin v27.4 - https:\/\/yoast.com\/product\/yoast-seo-wordpress\/ -->\n<title>Bodyshock night reducer - soGuapa Beauty Expert<\/title>\n<meta name=\"robots\" content=\"index, follow, max-snippet:-1, max-image-preview:large, max-video-preview:-1\" \/>\n<link rel=\"canonical\" href=\"https:\/\/soguapa.com\/producto\/bodyshock-night-reducer\/\" \/>\n<meta property=\"og:locale\" content=\"es_ES\" \/>\n<meta property=\"og:type\" content=\"article\" \/>\n<meta property=\"og:title\" content=\"Bodyshock night reducer - soGuapa Beauty Expert\" \/>\n<meta property=\"og:description\" content=\"Crema de noche para combatir las acumulaciones de grasa localizada y facilitar el drenaje del exceso de l\u00edquidos.  Las c\u00e9lulas del cuerpo humano est\u00e1n reguladas por un reloj biol\u00f3gico que, de forma natural se activa durante el d\u00eda y la noche bas\u00e1ndose en los ritmos circadianos, habilit\u00e1ndole para cumplir funciones fundamentales (regeneraci\u00f3n y reparaci\u00f3n celular, etc.)  Durante las horas de sue\u00f1o, el cuerpo produce una regeneraci\u00f3n celular, prepar\u00e1ndolo para las horas de actividad del d\u00eda y aumentando la irrigaci\u00f3n sangu\u00ednea y la temperatura corporal, realizando una acci\u00f3n reductora y favoreciendo la movilizaci\u00f3n de la grasa localizada.  bodyshock night reducer es una crema de noche de efecto reductor basada en un complejo activo concentrado que aprovecha el estado natural de la piel durante las horas de sue\u00f1o para reajustar el metabolismo y favorecer su receptividad en horas nocturnas, combatiendo las acumulaciones de grasa localizada bajo la piel y favoreciendo el drenaje del exceso de l\u00edquidos. Al despertar, la piel aparece m\u00e1s tersa y redensificada.  bodyshock consta de un potente tratamiento profesional, que combate la celulitis independientemente de su naturaleza y grado de avance, la grasa localizada y la flacidez. Dise\u00f1ado espec\u00edficamente para el tratamiento de las alteraciones est\u00e9ticas presentes en piernas, gl\u00fateos, abdomen, flancos, brazos, doble ment\u00f3n y senos.\" \/>\n<meta property=\"og:url\" content=\"https:\/\/soguapa.com\/producto\/bodyshock-night-reducer\/\" \/>\n<meta property=\"og:site_name\" content=\"soGuapa Beauty Expert\" \/>\n<meta property=\"article:publisher\" content=\"https:\/\/es-la.facebook.com\/SoguapabeautyExpert\/\" \/>\n<meta property=\"article:modified_time\" content=\"2022-05-22T12:19:14+00:00\" \/>\n<meta property=\"og:image\" content=\"https:\/\/soguapa.com\/wp-content\/uploads\/2022\/05\/bodyshock-night-reduce.png\" \/>\n\t<meta property=\"og:image:width\" content=\"650\" \/>\n\t<meta property=\"og:image:height\" content=\"650\" \/>\n\t<meta property=\"og:image:type\" content=\"image\/png\" \/>\n<meta name=\"twitter:card\" content=\"summary_large_image\" \/>\n<meta name=\"twitter:label1\" content=\"Tiempo de lectura\" \/>\n\t<meta name=\"twitter:data1\" content=\"1 minuto\" \/>\n<script type=\"application\/ld+json\" class=\"yoast-schema-graph\">{\"@context\":\"https:\\\/\\\/schema.org\",\"@graph\":[{\"@type\":\"WebPage\",\"@id\":\"https:\\\/\\\/soguapa.com\\\/producto\\\/bodyshock-night-reducer\\\/\",\"url\":\"https:\\\/\\\/soguapa.com\\\/producto\\\/bodyshock-night-reducer\\\/\",\"name\":\"Bodyshock night reducer - soGuapa Beauty Expert\",\"isPartOf\":{\"@id\":\"https:\\\/\\\/soguapa.com\\\/#website\"},\"primaryImageOfPage\":{\"@id\":\"https:\\\/\\\/soguapa.com\\\/producto\\\/bodyshock-night-reducer\\\/#primaryimage\"},\"image\":{\"@id\":\"https:\\\/\\\/soguapa.com\\\/producto\\\/bodyshock-night-reducer\\\/#primaryimage\"},\"thumbnailUrl\":\"https:\\\/\\\/soguapa.com\\\/wp-content\\\/uploads\\\/2022\\\/05\\\/bodyshock-night-reduce.png\",\"datePublished\":\"2022-05-21T07:55:57+00:00\",\"dateModified\":\"2022-05-22T12:19:14+00:00\",\"breadcrumb\":{\"@id\":\"https:\\\/\\\/soguapa.com\\\/producto\\\/bodyshock-night-reducer\\\/#breadcrumb\"},\"inLanguage\":\"es\",\"potentialAction\":[{\"@type\":\"ReadAction\",\"target\":[\"https:\\\/\\\/soguapa.com\\\/producto\\\/bodyshock-night-reducer\\\/\"]}]},{\"@type\":\"ImageObject\",\"inLanguage\":\"es\",\"@id\":\"https:\\\/\\\/soguapa.com\\\/producto\\\/bodyshock-night-reducer\\\/#primaryimage\",\"url\":\"https:\\\/\\\/soguapa.com\\\/wp-content\\\/uploads\\\/2022\\\/05\\\/bodyshock-night-reduce.png\",\"contentUrl\":\"https:\\\/\\\/soguapa.com\\\/wp-content\\\/uploads\\\/2022\\\/05\\\/bodyshock-night-reduce.png\",\"width\":650,\"height\":650},{\"@type\":\"BreadcrumbList\",\"@id\":\"https:\\\/\\\/soguapa.com\\\/producto\\\/bodyshock-night-reducer\\\/#breadcrumb\",\"itemListElement\":[{\"@type\":\"ListItem\",\"position\":1,\"name\":\"Home\",\"item\":\"https:\\\/\\\/soguapa.com\\\/\"},{\"@type\":\"ListItem\",\"position\":2,\"name\":\"Tienda\",\"item\":\"https:\\\/\\\/soguapa.com\\\/es\\\/tienda\\\/\"},{\"@type\":\"ListItem\",\"position\":3,\"name\":\"Bodyshock night reducer\"}]},{\"@type\":\"WebSite\",\"@id\":\"https:\\\/\\\/soguapa.com\\\/#website\",\"url\":\"https:\\\/\\\/soguapa.com\\\/\",\"name\":\"soGuapa Beauty Expert\",\"description\":\"Beauty Treatments Malta\",\"publisher\":{\"@id\":\"https:\\\/\\\/soguapa.com\\\/#organization\"},\"potentialAction\":[{\"@type\":\"SearchAction\",\"target\":{\"@type\":\"EntryPoint\",\"urlTemplate\":\"https:\\\/\\\/soguapa.com\\\/?s={search_term_string}\"},\"query-input\":{\"@type\":\"PropertyValueSpecification\",\"valueRequired\":true,\"valueName\":\"search_term_string\"}}],\"inLanguage\":\"es\"},{\"@type\":\"Organization\",\"@id\":\"https:\\\/\\\/soguapa.com\\\/#organization\",\"name\":\"soGuapa\",\"url\":\"https:\\\/\\\/soguapa.com\\\/\",\"logo\":{\"@type\":\"ImageObject\",\"inLanguage\":\"es\",\"@id\":\"https:\\\/\\\/soguapa.com\\\/#\\\/schema\\\/logo\\\/image\\\/\",\"url\":\"https:\\\/\\\/soguapa.com\\\/wp-content\\\/uploads\\\/2022\\\/05\\\/logo-So-Guapa-by-Ingrid.jpg\",\"contentUrl\":\"https:\\\/\\\/soguapa.com\\\/wp-content\\\/uploads\\\/2022\\\/05\\\/logo-So-Guapa-by-Ingrid.jpg\",\"width\":200,\"height\":80,\"caption\":\"soGuapa\"},\"image\":{\"@id\":\"https:\\\/\\\/soguapa.com\\\/#\\\/schema\\\/logo\\\/image\\\/\"},\"sameAs\":[\"https:\\\/\\\/es-la.facebook.com\\\/SoguapabeautyExpert\\\/\",\"https:\\\/\\\/www.instagram.com\\\/soguapabyingrid\\\/\"]}]}<\/script>\n<!-- \/ Yoast SEO plugin. -->","yoast_head_json":{"title":"Bodyshock night reducer - soGuapa Beauty Expert","robots":{"index":"index","follow":"follow","max-snippet":"max-snippet:-1","max-image-preview":"max-image-preview:large","max-video-preview":"max-video-preview:-1"},"canonical":"https:\/\/soguapa.com\/producto\/bodyshock-night-reducer\/","og_locale":"es_ES","og_type":"article","og_title":"Bodyshock night reducer - soGuapa Beauty Expert","og_description":"Crema de noche para combatir las acumulaciones de grasa localizada y facilitar el drenaje del exceso de l\u00edquidos.  Las c\u00e9lulas del cuerpo humano est\u00e1n reguladas por un reloj biol\u00f3gico que, de forma natural se activa durante el d\u00eda y la noche bas\u00e1ndose en los ritmos circadianos, habilit\u00e1ndole para cumplir funciones fundamentales (regeneraci\u00f3n y reparaci\u00f3n celular, etc.)  Durante las horas de sue\u00f1o, el cuerpo produce una regeneraci\u00f3n celular, prepar\u00e1ndolo para las horas de actividad del d\u00eda y aumentando la irrigaci\u00f3n sangu\u00ednea y la temperatura corporal, realizando una acci\u00f3n reductora y favoreciendo la movilizaci\u00f3n de la grasa localizada.  bodyshock night reducer es una crema de noche de efecto reductor basada en un complejo activo concentrado que aprovecha el estado natural de la piel durante las horas de sue\u00f1o para reajustar el metabolismo y favorecer su receptividad en horas nocturnas, combatiendo las acumulaciones de grasa localizada bajo la piel y favoreciendo el drenaje del exceso de l\u00edquidos. Al despertar, la piel aparece m\u00e1s tersa y redensificada.  bodyshock consta de un potente tratamiento profesional, que combate la celulitis independientemente de su naturaleza y grado de avance, la grasa localizada y la flacidez. Dise\u00f1ado espec\u00edficamente para el tratamiento de las alteraciones est\u00e9ticas presentes en piernas, gl\u00fateos, abdomen, flancos, brazos, doble ment\u00f3n y senos.","og_url":"https:\/\/soguapa.com\/producto\/bodyshock-night-reducer\/","og_site_name":"soGuapa Beauty Expert","article_publisher":"https:\/\/es-la.facebook.com\/SoguapabeautyExpert\/","article_modified_time":"2022-05-22T12:19:14+00:00","og_image":[{"width":650,"height":650,"url":"https:\/\/soguapa.com\/wp-content\/uploads\/2022\/05\/bodyshock-night-reduce.png","type":"image\/png"}],"twitter_card":"summary_large_image","twitter_misc":{"Tiempo de lectura":"1 minuto"},"schema":{"@context":"https:\/\/schema.org","@graph":[{"@type":"WebPage","@id":"https:\/\/soguapa.com\/producto\/bodyshock-night-reducer\/","url":"https:\/\/soguapa.com\/producto\/bodyshock-night-reducer\/","name":"Bodyshock night reducer - soGuapa Beauty Expert","isPartOf":{"@id":"https:\/\/soguapa.com\/#website"},"primaryImageOfPage":{"@id":"https:\/\/soguapa.com\/producto\/bodyshock-night-reducer\/#primaryimage"},"image":{"@id":"https:\/\/soguapa.com\/producto\/bodyshock-night-reducer\/#primaryimage"},"thumbnailUrl":"https:\/\/soguapa.com\/wp-content\/uploads\/2022\/05\/bodyshock-night-reduce.png","datePublished":"2022-05-21T07:55:57+00:00","dateModified":"2022-05-22T12:19:14+00:00","breadcrumb":{"@id":"https:\/\/soguapa.com\/producto\/bodyshock-night-reducer\/#breadcrumb"},"inLanguage":"es","potentialAction":[{"@type":"ReadAction","target":["https:\/\/soguapa.com\/producto\/bodyshock-night-reducer\/"]}]},{"@type":"ImageObject","inLanguage":"es","@id":"https:\/\/soguapa.com\/producto\/bodyshock-night-reducer\/#primaryimage","url":"https:\/\/soguapa.com\/wp-content\/uploads\/2022\/05\/bodyshock-night-reduce.png","contentUrl":"https:\/\/soguapa.com\/wp-content\/uploads\/2022\/05\/bodyshock-night-reduce.png","width":650,"height":650},{"@type":"BreadcrumbList","@id":"https:\/\/soguapa.com\/producto\/bodyshock-night-reducer\/#breadcrumb","itemListElement":[{"@type":"ListItem","position":1,"name":"Home","item":"https:\/\/soguapa.com\/"},{"@type":"ListItem","position":2,"name":"Tienda","item":"https:\/\/soguapa.com\/es\/tienda\/"},{"@type":"ListItem","position":3,"name":"Bodyshock night reducer"}]},{"@type":"WebSite","@id":"https:\/\/soguapa.com\/#website","url":"https:\/\/soguapa.com\/","name":"soGuapa Beauty Expert","description":"Beauty Treatments Malta","publisher":{"@id":"https:\/\/soguapa.com\/#organization"},"potentialAction":[{"@type":"SearchAction","target":{"@type":"EntryPoint","urlTemplate":"https:\/\/soguapa.com\/?s={search_term_string}"},"query-input":{"@type":"PropertyValueSpecification","valueRequired":true,"valueName":"search_term_string"}}],"inLanguage":"es"},{"@type":"Organization","@id":"https:\/\/soguapa.com\/#organization","name":"soGuapa","url":"https:\/\/soguapa.com\/","logo":{"@type":"ImageObject","inLanguage":"es","@id":"https:\/\/soguapa.com\/#\/schema\/logo\/image\/","url":"https:\/\/soguapa.com\/wp-content\/uploads\/2022\/05\/logo-So-Guapa-by-Ingrid.jpg","contentUrl":"https:\/\/soguapa.com\/wp-content\/uploads\/2022\/05\/logo-So-Guapa-by-Ingrid.jpg","width":200,"height":80,"caption":"soGuapa"},"image":{"@id":"https:\/\/soguapa.com\/#\/schema\/logo\/image\/"},"sameAs":["https:\/\/es-la.facebook.com\/SoguapabeautyExpert\/","https:\/\/www.instagram.com\/soguapabyingrid\/"]}]}},"_links":{"self":[{"href":"https:\/\/soguapa.com\/es\/wp-json\/wp\/v2\/product\/731","targetHints":{"allow":["GET"]}}],"collection":[{"href":"https:\/\/soguapa.com\/es\/wp-json\/wp\/v2\/product"}],"about":[{"href":"https:\/\/soguapa.com\/es\/wp-json\/wp\/v2\/types\/product"}],"wp:featuredmedia":[{"embeddable":true,"href":"https:\/\/soguapa.com\/es\/wp-json\/wp\/v2\/media\/680"}],"wp:attachment":[{"href":"https:\/\/soguapa.com\/es\/wp-json\/wp\/v2\/media?parent=731"}],"wp:term":[{"taxonomy":"product_brand","embeddable":true,"href":"https:\/\/soguapa.com\/es\/wp-json\/wp\/v2\/product_brand?post=731"},{"taxonomy":"product_cat","embeddable":true,"href":"https:\/\/soguapa.com\/es\/wp-json\/wp\/v2\/product_cat?post=731"},{"taxonomy":"product_tag","embeddable":true,"href":"https:\/\/soguapa.com\/es\/wp-json\/wp\/v2\/product_tag?post=731"}],"curies":[{"name":"wp","href":"https:\/\/api.w.org\/{rel}","templated":true}]}}