{"id":730,"date":"2022-05-21T08:08:28","date_gmt":"2022-05-21T08:08:28","guid":{"rendered":"http:\/\/nancyyanethc3.sg-host.com\/product\/rose-d-tox-super-concentrate\/"},"modified":"2022-05-22T12:08:49","modified_gmt":"2022-05-22T12:08:49","slug":"rose-d-tox-super-concentrate","status":"publish","type":"product","link":"https:\/\/soguapa.com\/es\/producto\/rose-d-tox-super-concentrate\/","title":{"rendered":"Rose D-Tox Super Concentrate"},"content":{"rendered":"<h3>\u00bfPara qui\u00e9n est\u00e1 indicado?<\/h3>\n<div id=\"para-quien\" class=\"tab-section\">\n<div class=\"section section-tab\">Todo tipo de piel El SUPERCONCENTRADO ROSE D-TOX proporciona un cuidado imprescindible para todo tipo de piel. Especialmente recomendado para pieles apagadas, estresadas y sin brillo.<\/div>\n<\/div>\n<div id=\"accion\" class=\"tab-section\">\n<h3 class=\"title\">Acci\u00f3n<\/h3>\n<div class=\"section section-tab\">\n<p>Tensor. Difuminador de arrugas.<\/p>\n<p>Hidrataci\u00f3n 24h.<\/p>\n<p>Reafirmante global.<\/p>\n<p>Reestructurante-redensificador.<\/p>\n<p>Redefine el \u00f3valo facial.<\/p>\n<\/div>\n<\/div>\n<div id=\"resultados\" class=\"tab-section\">\n<h3 class=\"title\">Resultados<\/h3>\n<div class=\"section section-tab\">\n<p>Piel libre de toxinas.<\/p>\n<p>Refuerza la piel frente a los radicales libres.<\/p>\n<p>Incrementa el nivel energ\u00e9tico de las c\u00e9lulas y aumenta su longevidad.<\/p>\n<p>* resultados estudios cl\u00ednicos realizados.<\/p>\n<\/div>\n<\/div>\n<div id=\"activos\" class=\"tab-section\">\n<h3 class=\"title\">Activos<\/h3>\n<div class=\"section section-tab\">\n<p><strong>MARGARITA AZUL:<\/strong>\u00a0detoxificante celular. Elimina los residuos y toxinas del interior de la c\u00e9lula, gracias a su acci\u00f3n potenciadora del proceso natural de detoxificaci\u00f3n de la piel. Adem\u00e1s de proteger intensamente la piel frente al estr\u00e9s oxidativo.<\/p>\n<p><strong>ROSA BLANCA:<\/strong>\u00a0energizante. Aumenta el nivel energ\u00e9tico de la mitocondria gracias al est\u00edmulo de la respiraci\u00f3n celular, esto provoca un incremento de la cantidad de energ\u00eda que dispone la c\u00e9lula para realizar sus procesos metab\u00f3licos.<\/p>\n<p><strong>MOL\u00c9CULAS PRECIOSAS DE WAKAME:<\/strong>\u00a0favorece la longevidad celular. Activo extraordinario de acci\u00f3n long lasting. Protege el ADN mitocondrial, gracias a que reduce la formaci\u00f3n de radicales libres. A largo plazo se produce un aumento notable de la capacidad antioxidante de la piel gracias a su contenido en fucoxantina que contrarresta el estr\u00e9s oxidativo, evitando la aparici\u00f3n de los signos del envejecimiento a todos los niveles.<\/p>\n<p><strong>\u00c1CIDO LIPOICO:<\/strong>\u00a0anti-edad. Activo revolucionario con doble acci\u00f3n: anula la acci\u00f3n da\u00f1ina de los radicales libres y reactiva los antioxidantes inactivos evitando el envejecimiento cut\u00e1neo y prolongando la vida celular.<\/p>\n<p><strong>GSH-BOOSTER:<\/strong>\u00a0antioxidante. Potencia la s\u00edntesis del \u00fanico antioxidante presente de modo natural en nuestro organismo (GSH). Adem\u00e1s, es capaz de reactivar las vitaminas antienvejecimiento C y E, elementos indispensables para combatir el deterioro celular. La consecuencia de esto es que la piel est\u00e1 fortalecida frente a la aparici\u00f3n de los signos de la edad.<\/p>\n<\/div>\n<\/div>\n","protected":false},"excerpt":{"rendered":"<p>Redensificador Supremo. Innovadora fusi\u00f3n de activos detoxificantes-antiedad que purifican y energizan las c\u00e9lulas para conseguir que funcionen en su m\u00e1ximo esplendor.<\/p>\n<p>Rose D-Tox a base de C\u00c9LULAS BOT\u00c1NICAS, de rosa blanca, margarita azul y mol\u00e9culas preciosas de wakame act\u00faa en el interior y exterior de la c\u00e9lula, detoxific\u00e1ndola en profundidad. Su prodigiosa f\u00f3rmula aumenta los niveles energ\u00e9ticos y evita el estr\u00e9s oxidativo de las c\u00e9lulas, prolongando su vida.<\/p>\n<p>Una innovadora combinaci\u00f3n de acciones clave anti-edad que combate la aparici\u00f3n de los signos del envejecimiento.<\/p>\n","protected":false},"featured_media":681,"template":"","meta":{"_monsterinsights_skip_tracking":false,"_monsterinsights_sitenote_active":false,"_monsterinsights_sitenote_note":"","_monsterinsights_sitenote_category":0},"product_brand":[],"product_cat":[53],"product_tag":[48],"class_list":{"0":"post-730","1":"product","2":"type-product","3":"status-publish","4":"has-post-thumbnail","6":"product_cat-cuidado-facial","7":"product_tag-casmara-es","9":"first","10":"instock","11":"shipping-taxable","12":"purchasable","13":"product-type-simple"},"yoast_head":"<!-- This site is optimized with the Yoast SEO plugin v27.4 - https:\/\/yoast.com\/product\/yoast-seo-wordpress\/ -->\n<title>Rose D-Tox Super Concentrate - soGuapa Beauty Expert<\/title>\n<meta name=\"robots\" content=\"index, follow, max-snippet:-1, max-image-preview:large, max-video-preview:-1\" \/>\n<link rel=\"canonical\" href=\"https:\/\/soguapa.com\/producto\/rose-d-tox-super-concentrate\/\" \/>\n<meta property=\"og:locale\" content=\"es_ES\" \/>\n<meta property=\"og:type\" content=\"article\" \/>\n<meta property=\"og:title\" content=\"Rose D-Tox Super Concentrate - soGuapa Beauty Expert\" \/>\n<meta property=\"og:description\" content=\"Redensificador Supremo. Innovadora fusi\u00f3n de activos detoxificantes-antiedad que purifican y energizan las c\u00e9lulas para conseguir que funcionen en su m\u00e1ximo esplendor.  Rose D-Tox a base de C\u00c9LULAS BOT\u00c1NICAS, de rosa blanca, margarita azul y mol\u00e9culas preciosas de wakame act\u00faa en el interior y exterior de la c\u00e9lula, detoxific\u00e1ndola en profundidad. Su prodigiosa f\u00f3rmula aumenta los niveles energ\u00e9ticos y evita el estr\u00e9s oxidativo de las c\u00e9lulas, prolongando su vida.  Una innovadora combinaci\u00f3n de acciones clave anti-edad que combate la aparici\u00f3n de los signos del envejecimiento.\" \/>\n<meta property=\"og:url\" content=\"https:\/\/soguapa.com\/producto\/rose-d-tox-super-concentrate\/\" \/>\n<meta property=\"og:site_name\" content=\"soGuapa Beauty Expert\" \/>\n<meta property=\"article:publisher\" content=\"https:\/\/es-la.facebook.com\/SoguapabeautyExpert\/\" \/>\n<meta property=\"article:modified_time\" content=\"2022-05-22T12:08:49+00:00\" \/>\n<meta property=\"og:image\" content=\"https:\/\/soguapa.com\/wp-content\/uploads\/2022\/05\/rose-d-tox_low-concentrate-casmara.jpg\" \/>\n\t<meta property=\"og:image:width\" content=\"600\" \/>\n\t<meta property=\"og:image:height\" content=\"524\" \/>\n\t<meta property=\"og:image:type\" content=\"image\/jpeg\" \/>\n<meta name=\"twitter:card\" content=\"summary_large_image\" \/>\n<meta name=\"twitter:label1\" content=\"Tiempo de lectura\" \/>\n\t<meta name=\"twitter:data1\" content=\"2 minutos\" \/>\n<script type=\"application\/ld+json\" class=\"yoast-schema-graph\">{\"@context\":\"https:\\\/\\\/schema.org\",\"@graph\":[{\"@type\":\"WebPage\",\"@id\":\"https:\\\/\\\/soguapa.com\\\/producto\\\/rose-d-tox-super-concentrate\\\/\",\"url\":\"https:\\\/\\\/soguapa.com\\\/producto\\\/rose-d-tox-super-concentrate\\\/\",\"name\":\"Rose D-Tox Super Concentrate - soGuapa Beauty Expert\",\"isPartOf\":{\"@id\":\"https:\\\/\\\/soguapa.com\\\/#website\"},\"primaryImageOfPage\":{\"@id\":\"https:\\\/\\\/soguapa.com\\\/producto\\\/rose-d-tox-super-concentrate\\\/#primaryimage\"},\"image\":{\"@id\":\"https:\\\/\\\/soguapa.com\\\/producto\\\/rose-d-tox-super-concentrate\\\/#primaryimage\"},\"thumbnailUrl\":\"https:\\\/\\\/soguapa.com\\\/wp-content\\\/uploads\\\/2022\\\/05\\\/rose-d-tox_low-concentrate-casmara.jpg\",\"datePublished\":\"2022-05-21T08:08:28+00:00\",\"dateModified\":\"2022-05-22T12:08:49+00:00\",\"breadcrumb\":{\"@id\":\"https:\\\/\\\/soguapa.com\\\/producto\\\/rose-d-tox-super-concentrate\\\/#breadcrumb\"},\"inLanguage\":\"es\",\"potentialAction\":[{\"@type\":\"ReadAction\",\"target\":[\"https:\\\/\\\/soguapa.com\\\/producto\\\/rose-d-tox-super-concentrate\\\/\"]}]},{\"@type\":\"ImageObject\",\"inLanguage\":\"es\",\"@id\":\"https:\\\/\\\/soguapa.com\\\/producto\\\/rose-d-tox-super-concentrate\\\/#primaryimage\",\"url\":\"https:\\\/\\\/soguapa.com\\\/wp-content\\\/uploads\\\/2022\\\/05\\\/rose-d-tox_low-concentrate-casmara.jpg\",\"contentUrl\":\"https:\\\/\\\/soguapa.com\\\/wp-content\\\/uploads\\\/2022\\\/05\\\/rose-d-tox_low-concentrate-casmara.jpg\",\"width\":600,\"height\":524},{\"@type\":\"BreadcrumbList\",\"@id\":\"https:\\\/\\\/soguapa.com\\\/producto\\\/rose-d-tox-super-concentrate\\\/#breadcrumb\",\"itemListElement\":[{\"@type\":\"ListItem\",\"position\":1,\"name\":\"Home\",\"item\":\"https:\\\/\\\/soguapa.com\\\/\"},{\"@type\":\"ListItem\",\"position\":2,\"name\":\"Tienda\",\"item\":\"https:\\\/\\\/soguapa.com\\\/es\\\/tienda\\\/\"},{\"@type\":\"ListItem\",\"position\":3,\"name\":\"Rose D-Tox Super Concentrate\"}]},{\"@type\":\"WebSite\",\"@id\":\"https:\\\/\\\/soguapa.com\\\/#website\",\"url\":\"https:\\\/\\\/soguapa.com\\\/\",\"name\":\"soGuapa Beauty Expert\",\"description\":\"Beauty Treatments Malta\",\"publisher\":{\"@id\":\"https:\\\/\\\/soguapa.com\\\/#organization\"},\"potentialAction\":[{\"@type\":\"SearchAction\",\"target\":{\"@type\":\"EntryPoint\",\"urlTemplate\":\"https:\\\/\\\/soguapa.com\\\/?s={search_term_string}\"},\"query-input\":{\"@type\":\"PropertyValueSpecification\",\"valueRequired\":true,\"valueName\":\"search_term_string\"}}],\"inLanguage\":\"es\"},{\"@type\":\"Organization\",\"@id\":\"https:\\\/\\\/soguapa.com\\\/#organization\",\"name\":\"soGuapa\",\"url\":\"https:\\\/\\\/soguapa.com\\\/\",\"logo\":{\"@type\":\"ImageObject\",\"inLanguage\":\"es\",\"@id\":\"https:\\\/\\\/soguapa.com\\\/#\\\/schema\\\/logo\\\/image\\\/\",\"url\":\"https:\\\/\\\/soguapa.com\\\/wp-content\\\/uploads\\\/2022\\\/05\\\/logo-So-Guapa-by-Ingrid.jpg\",\"contentUrl\":\"https:\\\/\\\/soguapa.com\\\/wp-content\\\/uploads\\\/2022\\\/05\\\/logo-So-Guapa-by-Ingrid.jpg\",\"width\":200,\"height\":80,\"caption\":\"soGuapa\"},\"image\":{\"@id\":\"https:\\\/\\\/soguapa.com\\\/#\\\/schema\\\/logo\\\/image\\\/\"},\"sameAs\":[\"https:\\\/\\\/es-la.facebook.com\\\/SoguapabeautyExpert\\\/\",\"https:\\\/\\\/www.instagram.com\\\/soguapabyingrid\\\/\"]}]}<\/script>\n<!-- \/ Yoast SEO plugin. -->","yoast_head_json":{"title":"Rose D-Tox Super Concentrate - soGuapa Beauty Expert","robots":{"index":"index","follow":"follow","max-snippet":"max-snippet:-1","max-image-preview":"max-image-preview:large","max-video-preview":"max-video-preview:-1"},"canonical":"https:\/\/soguapa.com\/producto\/rose-d-tox-super-concentrate\/","og_locale":"es_ES","og_type":"article","og_title":"Rose D-Tox Super Concentrate - soGuapa Beauty Expert","og_description":"Redensificador Supremo. Innovadora fusi\u00f3n de activos detoxificantes-antiedad que purifican y energizan las c\u00e9lulas para conseguir que funcionen en su m\u00e1ximo esplendor.  Rose D-Tox a base de C\u00c9LULAS BOT\u00c1NICAS, de rosa blanca, margarita azul y mol\u00e9culas preciosas de wakame act\u00faa en el interior y exterior de la c\u00e9lula, detoxific\u00e1ndola en profundidad. Su prodigiosa f\u00f3rmula aumenta los niveles energ\u00e9ticos y evita el estr\u00e9s oxidativo de las c\u00e9lulas, prolongando su vida.  Una innovadora combinaci\u00f3n de acciones clave anti-edad que combate la aparici\u00f3n de los signos del envejecimiento.","og_url":"https:\/\/soguapa.com\/producto\/rose-d-tox-super-concentrate\/","og_site_name":"soGuapa Beauty Expert","article_publisher":"https:\/\/es-la.facebook.com\/SoguapabeautyExpert\/","article_modified_time":"2022-05-22T12:08:49+00:00","og_image":[{"width":600,"height":524,"url":"https:\/\/soguapa.com\/wp-content\/uploads\/2022\/05\/rose-d-tox_low-concentrate-casmara.jpg","type":"image\/jpeg"}],"twitter_card":"summary_large_image","twitter_misc":{"Tiempo de lectura":"2 minutos"},"schema":{"@context":"https:\/\/schema.org","@graph":[{"@type":"WebPage","@id":"https:\/\/soguapa.com\/producto\/rose-d-tox-super-concentrate\/","url":"https:\/\/soguapa.com\/producto\/rose-d-tox-super-concentrate\/","name":"Rose D-Tox Super Concentrate - soGuapa Beauty Expert","isPartOf":{"@id":"https:\/\/soguapa.com\/#website"},"primaryImageOfPage":{"@id":"https:\/\/soguapa.com\/producto\/rose-d-tox-super-concentrate\/#primaryimage"},"image":{"@id":"https:\/\/soguapa.com\/producto\/rose-d-tox-super-concentrate\/#primaryimage"},"thumbnailUrl":"https:\/\/soguapa.com\/wp-content\/uploads\/2022\/05\/rose-d-tox_low-concentrate-casmara.jpg","datePublished":"2022-05-21T08:08:28+00:00","dateModified":"2022-05-22T12:08:49+00:00","breadcrumb":{"@id":"https:\/\/soguapa.com\/producto\/rose-d-tox-super-concentrate\/#breadcrumb"},"inLanguage":"es","potentialAction":[{"@type":"ReadAction","target":["https:\/\/soguapa.com\/producto\/rose-d-tox-super-concentrate\/"]}]},{"@type":"ImageObject","inLanguage":"es","@id":"https:\/\/soguapa.com\/producto\/rose-d-tox-super-concentrate\/#primaryimage","url":"https:\/\/soguapa.com\/wp-content\/uploads\/2022\/05\/rose-d-tox_low-concentrate-casmara.jpg","contentUrl":"https:\/\/soguapa.com\/wp-content\/uploads\/2022\/05\/rose-d-tox_low-concentrate-casmara.jpg","width":600,"height":524},{"@type":"BreadcrumbList","@id":"https:\/\/soguapa.com\/producto\/rose-d-tox-super-concentrate\/#breadcrumb","itemListElement":[{"@type":"ListItem","position":1,"name":"Home","item":"https:\/\/soguapa.com\/"},{"@type":"ListItem","position":2,"name":"Tienda","item":"https:\/\/soguapa.com\/es\/tienda\/"},{"@type":"ListItem","position":3,"name":"Rose D-Tox Super Concentrate"}]},{"@type":"WebSite","@id":"https:\/\/soguapa.com\/#website","url":"https:\/\/soguapa.com\/","name":"soGuapa Beauty Expert","description":"Beauty Treatments Malta","publisher":{"@id":"https:\/\/soguapa.com\/#organization"},"potentialAction":[{"@type":"SearchAction","target":{"@type":"EntryPoint","urlTemplate":"https:\/\/soguapa.com\/?s={search_term_string}"},"query-input":{"@type":"PropertyValueSpecification","valueRequired":true,"valueName":"search_term_string"}}],"inLanguage":"es"},{"@type":"Organization","@id":"https:\/\/soguapa.com\/#organization","name":"soGuapa","url":"https:\/\/soguapa.com\/","logo":{"@type":"ImageObject","inLanguage":"es","@id":"https:\/\/soguapa.com\/#\/schema\/logo\/image\/","url":"https:\/\/soguapa.com\/wp-content\/uploads\/2022\/05\/logo-So-Guapa-by-Ingrid.jpg","contentUrl":"https:\/\/soguapa.com\/wp-content\/uploads\/2022\/05\/logo-So-Guapa-by-Ingrid.jpg","width":200,"height":80,"caption":"soGuapa"},"image":{"@id":"https:\/\/soguapa.com\/#\/schema\/logo\/image\/"},"sameAs":["https:\/\/es-la.facebook.com\/SoguapabeautyExpert\/","https:\/\/www.instagram.com\/soguapabyingrid\/"]}]}},"_links":{"self":[{"href":"https:\/\/soguapa.com\/es\/wp-json\/wp\/v2\/product\/730","targetHints":{"allow":["GET"]}}],"collection":[{"href":"https:\/\/soguapa.com\/es\/wp-json\/wp\/v2\/product"}],"about":[{"href":"https:\/\/soguapa.com\/es\/wp-json\/wp\/v2\/types\/product"}],"wp:featuredmedia":[{"embeddable":true,"href":"https:\/\/soguapa.com\/es\/wp-json\/wp\/v2\/media\/681"}],"wp:attachment":[{"href":"https:\/\/soguapa.com\/es\/wp-json\/wp\/v2\/media?parent=730"}],"wp:term":[{"taxonomy":"product_brand","embeddable":true,"href":"https:\/\/soguapa.com\/es\/wp-json\/wp\/v2\/product_brand?post=730"},{"taxonomy":"product_cat","embeddable":true,"href":"https:\/\/soguapa.com\/es\/wp-json\/wp\/v2\/product_cat?post=730"},{"taxonomy":"product_tag","embeddable":true,"href":"https:\/\/soguapa.com\/es\/wp-json\/wp\/v2\/product_tag?post=730"}],"curies":[{"name":"wp","href":"https:\/\/api.w.org\/{rel}","templated":true}]}}