{"id":724,"date":"2022-05-21T08:27:02","date_gmt":"2022-05-21T08:27:02","guid":{"rendered":"http:\/\/nancyyanethc3.sg-host.com\/product\/vitamin-tan-body-sunscreen-with-spf-50\/"},"modified":"2022-05-22T12:01:53","modified_gmt":"2022-05-22T12:01:53","slug":"vitamin-tan-body-sunscreen-with-spf-50","status":"publish","type":"product","link":"https:\/\/soguapa.com\/es\/producto\/vitamin-tan-body-sunscreen-with-spf-50\/","title":{"rendered":"Bronceador solar corporal vitam\u00ednico con FPS 50."},"content":{"rendered":"<div id=\"para-quien\" class=\"tab-section\">\n<div id=\"activos\" class=\"tab-section\">\n<div class=\"section section-tab\">\n<h3>\u00bfPara qui\u00e9n est\u00e1 indicado?<\/h3>\n<\/div>\n<\/div>\n<div id=\"para-quien\" class=\"tab-section\">\n<div class=\"section section-tab\">Todo tipo de piel<\/div>\n<\/div>\n<div id=\"accion\" class=\"tab-section\">\n<h3 class=\"title\">Acci\u00f3n<\/h3>\n<div class=\"section section-tab\">\n<p>Protectora: Protege la piel frente a la radiaci\u00f3n solar UVA y UVB con FPS 50.<\/p>\n<p>Antioxidante: previene y repara los da\u00f1os celulares producidos por los radicales libres.<\/p>\n<p>Revitalizante: su aporte vitam\u00ednico revitaliza las c\u00e9lulas e ilumina la piel.<\/p>\n<\/div>\n<\/div>\n<div id=\"resultados\" class=\"tab-section\">\n<h3 class=\"title\">Resultados<\/h3>\n<div class=\"section section-tab\">\n<p>Ayuda a conseguir un tono sublime y uniforme, iluminando y suavizando la piel a la vez que potencia el proceso biol\u00f3gico natural del bronceado<\/p>\n<\/div>\n<\/div>\n<div id=\"activos\" class=\"tab-section\">\n<h3 class=\"title\">Activos<\/h3>\n<div class=\"section section-tab\">\n<p><strong>COMBINACI\u00d3N DE FILTROS SOLARES<\/strong>:de nueva generaci\u00f3n y de amplio espectro para una protecci\u00f3n global.<\/p>\n<p><strong>VITAMINAS ANTIOXIDANTES<\/strong>: activos iluminadores y antioxidantes por excelencia, aportan luminosidad a la piel y unifican el tono. Disminuye el color de la melanina presente en la piel, unificando el tono y aumentando la luminosidad. Adem\u00e1s, inhibe su s\u00edntesis, manteniendo la acci\u00f3n iluminadora en el tiempo. Su gran actividad antioxidante neutraliza los radicales libres e impide que \u00e9stos provoquen da\u00f1os celulares, protegiendo las c\u00e9lulas.<\/p>\n<p><strong>ACEITE DE SALVADO DE ARROZ<\/strong>: combinaci\u00f3n de fitomol\u00e9culas antioxidantes, fotoprotectores y anti-radiacales libres. Bloquea los mecanismos biol\u00f3gicos que provocan las agresiones medioambientales y ayuda a regenerar las c\u00e9lulas previniendo el envejecimiento prematuro.<\/p>\n<\/div>\n<\/div>\n<\/div>\n","protected":false},"excerpt":{"rendered":"<p>Aceite de tacto seco optimizador del bronceado que no deja sensaci\u00f3n grasa al aplicarlo. Protege eficazmente de la radiaci\u00f3n solar y ayuda a conseguir un bronceado sublime y\u00a0uniforme.<\/p>\n<p>Contiene VITAMINAS antioxidantes anti-edad que luchan contra los radicales libres, el fotoenvejecimiento e iluminan la piel.<\/p>\n<p>Protege la piel frente a la radiaci\u00f3n solar UVA + UVB.<\/p>\n","protected":false},"featured_media":683,"template":"","meta":{"_monsterinsights_skip_tracking":false,"_monsterinsights_sitenote_active":false,"_monsterinsights_sitenote_note":"","_monsterinsights_sitenote_category":0},"product_brand":[],"product_cat":[58],"product_tag":[48],"class_list":{"0":"post-724","1":"product","2":"type-product","3":"status-publish","4":"has-post-thumbnail","6":"product_cat-cuidado-solar","7":"product_tag-casmara-es","9":"first","10":"instock","11":"shipping-taxable","12":"purchasable","13":"product-type-simple"},"yoast_head":"<!-- This site is optimized with the Yoast SEO plugin v27.3 - https:\/\/yoast.com\/product\/yoast-seo-wordpress\/ -->\n<title>Bronceador solar corporal vitam\u00ednico con FPS 50. - soGuapa Beauty Expert<\/title>\n<meta name=\"robots\" content=\"index, follow, max-snippet:-1, max-image-preview:large, max-video-preview:-1\" \/>\n<link rel=\"canonical\" href=\"https:\/\/soguapa.com\/producto\/vitamin-tan-body-sunscreen-with-spf-50\/\" \/>\n<meta property=\"og:locale\" content=\"es_ES\" \/>\n<meta property=\"og:type\" content=\"article\" \/>\n<meta property=\"og:title\" content=\"Bronceador solar corporal vitam\u00ednico con FPS 50. - soGuapa Beauty Expert\" \/>\n<meta property=\"og:description\" content=\"Aceite de tacto seco optimizador del bronceado que no deja sensaci\u00f3n grasa al aplicarlo. Protege eficazmente de la radiaci\u00f3n solar y ayuda a conseguir un bronceado sublime y\u00a0uniforme.  Contiene VITAMINAS antioxidantes anti-edad que luchan contra los radicales libres, el fotoenvejecimiento e iluminan la piel.  Protege la piel frente a la radiaci\u00f3n solar UVA + UVB.\" \/>\n<meta property=\"og:url\" content=\"https:\/\/soguapa.com\/producto\/vitamin-tan-body-sunscreen-with-spf-50\/\" \/>\n<meta property=\"og:site_name\" content=\"soGuapa Beauty Expert\" \/>\n<meta property=\"article:publisher\" content=\"https:\/\/es-la.facebook.com\/SoguapabeautyExpert\/\" \/>\n<meta property=\"article:modified_time\" content=\"2022-05-22T12:01:53+00:00\" \/>\n<meta property=\"og:image\" content=\"https:\/\/soguapa.com\/wp-content\/uploads\/2022\/05\/VITAMIN-TAN-OPTIMIZER-OIL-casmara.jpg\" \/>\n\t<meta property=\"og:image:width\" content=\"600\" \/>\n\t<meta property=\"og:image:height\" content=\"1034\" \/>\n\t<meta property=\"og:image:type\" content=\"image\/jpeg\" \/>\n<meta name=\"twitter:card\" content=\"summary_large_image\" \/>\n<meta name=\"twitter:label1\" content=\"Tiempo de lectura\" \/>\n\t<meta name=\"twitter:data1\" content=\"1 minuto\" \/>\n<script type=\"application\/ld+json\" class=\"yoast-schema-graph\">{\"@context\":\"https:\\\/\\\/schema.org\",\"@graph\":[{\"@type\":\"WebPage\",\"@id\":\"https:\\\/\\\/soguapa.com\\\/producto\\\/vitamin-tan-body-sunscreen-with-spf-50\\\/\",\"url\":\"https:\\\/\\\/soguapa.com\\\/producto\\\/vitamin-tan-body-sunscreen-with-spf-50\\\/\",\"name\":\"Bronceador solar corporal vitam\u00ednico con FPS 50. - soGuapa Beauty Expert\",\"isPartOf\":{\"@id\":\"https:\\\/\\\/soguapa.com\\\/#website\"},\"primaryImageOfPage\":{\"@id\":\"https:\\\/\\\/soguapa.com\\\/producto\\\/vitamin-tan-body-sunscreen-with-spf-50\\\/#primaryimage\"},\"image\":{\"@id\":\"https:\\\/\\\/soguapa.com\\\/producto\\\/vitamin-tan-body-sunscreen-with-spf-50\\\/#primaryimage\"},\"thumbnailUrl\":\"https:\\\/\\\/soguapa.com\\\/wp-content\\\/uploads\\\/2022\\\/05\\\/VITAMIN-TAN-OPTIMIZER-OIL-casmara.jpg\",\"datePublished\":\"2022-05-21T08:27:02+00:00\",\"dateModified\":\"2022-05-22T12:01:53+00:00\",\"breadcrumb\":{\"@id\":\"https:\\\/\\\/soguapa.com\\\/producto\\\/vitamin-tan-body-sunscreen-with-spf-50\\\/#breadcrumb\"},\"inLanguage\":\"es\",\"potentialAction\":[{\"@type\":\"ReadAction\",\"target\":[\"https:\\\/\\\/soguapa.com\\\/producto\\\/vitamin-tan-body-sunscreen-with-spf-50\\\/\"]}]},{\"@type\":\"ImageObject\",\"inLanguage\":\"es\",\"@id\":\"https:\\\/\\\/soguapa.com\\\/producto\\\/vitamin-tan-body-sunscreen-with-spf-50\\\/#primaryimage\",\"url\":\"https:\\\/\\\/soguapa.com\\\/wp-content\\\/uploads\\\/2022\\\/05\\\/VITAMIN-TAN-OPTIMIZER-OIL-casmara.jpg\",\"contentUrl\":\"https:\\\/\\\/soguapa.com\\\/wp-content\\\/uploads\\\/2022\\\/05\\\/VITAMIN-TAN-OPTIMIZER-OIL-casmara.jpg\",\"width\":600,\"height\":1034},{\"@type\":\"BreadcrumbList\",\"@id\":\"https:\\\/\\\/soguapa.com\\\/producto\\\/vitamin-tan-body-sunscreen-with-spf-50\\\/#breadcrumb\",\"itemListElement\":[{\"@type\":\"ListItem\",\"position\":1,\"name\":\"Home\",\"item\":\"https:\\\/\\\/soguapa.com\\\/\"},{\"@type\":\"ListItem\",\"position\":2,\"name\":\"Tienda\",\"item\":\"https:\\\/\\\/soguapa.com\\\/es\\\/tienda\\\/\"},{\"@type\":\"ListItem\",\"position\":3,\"name\":\"Bronceador solar corporal vitam\u00ednico con FPS 50.\"}]},{\"@type\":\"WebSite\",\"@id\":\"https:\\\/\\\/soguapa.com\\\/#website\",\"url\":\"https:\\\/\\\/soguapa.com\\\/\",\"name\":\"soGuapa Beauty Expert\",\"description\":\"Beauty Treatments Malta\",\"publisher\":{\"@id\":\"https:\\\/\\\/soguapa.com\\\/#organization\"},\"potentialAction\":[{\"@type\":\"SearchAction\",\"target\":{\"@type\":\"EntryPoint\",\"urlTemplate\":\"https:\\\/\\\/soguapa.com\\\/?s={search_term_string}\"},\"query-input\":{\"@type\":\"PropertyValueSpecification\",\"valueRequired\":true,\"valueName\":\"search_term_string\"}}],\"inLanguage\":\"es\"},{\"@type\":\"Organization\",\"@id\":\"https:\\\/\\\/soguapa.com\\\/#organization\",\"name\":\"soGuapa\",\"url\":\"https:\\\/\\\/soguapa.com\\\/\",\"logo\":{\"@type\":\"ImageObject\",\"inLanguage\":\"es\",\"@id\":\"https:\\\/\\\/soguapa.com\\\/#\\\/schema\\\/logo\\\/image\\\/\",\"url\":\"https:\\\/\\\/soguapa.com\\\/wp-content\\\/uploads\\\/2022\\\/05\\\/logo-So-Guapa-by-Ingrid.jpg\",\"contentUrl\":\"https:\\\/\\\/soguapa.com\\\/wp-content\\\/uploads\\\/2022\\\/05\\\/logo-So-Guapa-by-Ingrid.jpg\",\"width\":200,\"height\":80,\"caption\":\"soGuapa\"},\"image\":{\"@id\":\"https:\\\/\\\/soguapa.com\\\/#\\\/schema\\\/logo\\\/image\\\/\"},\"sameAs\":[\"https:\\\/\\\/es-la.facebook.com\\\/SoguapabeautyExpert\\\/\",\"https:\\\/\\\/www.instagram.com\\\/soguapabyingrid\\\/\"]}]}<\/script>\n<!-- \/ Yoast SEO plugin. -->","yoast_head_json":{"title":"Bronceador solar corporal vitam\u00ednico con FPS 50. - soGuapa Beauty Expert","robots":{"index":"index","follow":"follow","max-snippet":"max-snippet:-1","max-image-preview":"max-image-preview:large","max-video-preview":"max-video-preview:-1"},"canonical":"https:\/\/soguapa.com\/producto\/vitamin-tan-body-sunscreen-with-spf-50\/","og_locale":"es_ES","og_type":"article","og_title":"Bronceador solar corporal vitam\u00ednico con FPS 50. - soGuapa Beauty Expert","og_description":"Aceite de tacto seco optimizador del bronceado que no deja sensaci\u00f3n grasa al aplicarlo. Protege eficazmente de la radiaci\u00f3n solar y ayuda a conseguir un bronceado sublime y\u00a0uniforme.  Contiene VITAMINAS antioxidantes anti-edad que luchan contra los radicales libres, el fotoenvejecimiento e iluminan la piel.  Protege la piel frente a la radiaci\u00f3n solar UVA + UVB.","og_url":"https:\/\/soguapa.com\/producto\/vitamin-tan-body-sunscreen-with-spf-50\/","og_site_name":"soGuapa Beauty Expert","article_publisher":"https:\/\/es-la.facebook.com\/SoguapabeautyExpert\/","article_modified_time":"2022-05-22T12:01:53+00:00","og_image":[{"width":600,"height":1034,"url":"https:\/\/soguapa.com\/wp-content\/uploads\/2022\/05\/VITAMIN-TAN-OPTIMIZER-OIL-casmara.jpg","type":"image\/jpeg"}],"twitter_card":"summary_large_image","twitter_misc":{"Tiempo de lectura":"1 minuto"},"schema":{"@context":"https:\/\/schema.org","@graph":[{"@type":"WebPage","@id":"https:\/\/soguapa.com\/producto\/vitamin-tan-body-sunscreen-with-spf-50\/","url":"https:\/\/soguapa.com\/producto\/vitamin-tan-body-sunscreen-with-spf-50\/","name":"Bronceador solar corporal vitam\u00ednico con FPS 50. - soGuapa Beauty Expert","isPartOf":{"@id":"https:\/\/soguapa.com\/#website"},"primaryImageOfPage":{"@id":"https:\/\/soguapa.com\/producto\/vitamin-tan-body-sunscreen-with-spf-50\/#primaryimage"},"image":{"@id":"https:\/\/soguapa.com\/producto\/vitamin-tan-body-sunscreen-with-spf-50\/#primaryimage"},"thumbnailUrl":"https:\/\/soguapa.com\/wp-content\/uploads\/2022\/05\/VITAMIN-TAN-OPTIMIZER-OIL-casmara.jpg","datePublished":"2022-05-21T08:27:02+00:00","dateModified":"2022-05-22T12:01:53+00:00","breadcrumb":{"@id":"https:\/\/soguapa.com\/producto\/vitamin-tan-body-sunscreen-with-spf-50\/#breadcrumb"},"inLanguage":"es","potentialAction":[{"@type":"ReadAction","target":["https:\/\/soguapa.com\/producto\/vitamin-tan-body-sunscreen-with-spf-50\/"]}]},{"@type":"ImageObject","inLanguage":"es","@id":"https:\/\/soguapa.com\/producto\/vitamin-tan-body-sunscreen-with-spf-50\/#primaryimage","url":"https:\/\/soguapa.com\/wp-content\/uploads\/2022\/05\/VITAMIN-TAN-OPTIMIZER-OIL-casmara.jpg","contentUrl":"https:\/\/soguapa.com\/wp-content\/uploads\/2022\/05\/VITAMIN-TAN-OPTIMIZER-OIL-casmara.jpg","width":600,"height":1034},{"@type":"BreadcrumbList","@id":"https:\/\/soguapa.com\/producto\/vitamin-tan-body-sunscreen-with-spf-50\/#breadcrumb","itemListElement":[{"@type":"ListItem","position":1,"name":"Home","item":"https:\/\/soguapa.com\/"},{"@type":"ListItem","position":2,"name":"Tienda","item":"https:\/\/soguapa.com\/es\/tienda\/"},{"@type":"ListItem","position":3,"name":"Bronceador solar corporal vitam\u00ednico con FPS 50."}]},{"@type":"WebSite","@id":"https:\/\/soguapa.com\/#website","url":"https:\/\/soguapa.com\/","name":"soGuapa Beauty Expert","description":"Beauty Treatments Malta","publisher":{"@id":"https:\/\/soguapa.com\/#organization"},"potentialAction":[{"@type":"SearchAction","target":{"@type":"EntryPoint","urlTemplate":"https:\/\/soguapa.com\/?s={search_term_string}"},"query-input":{"@type":"PropertyValueSpecification","valueRequired":true,"valueName":"search_term_string"}}],"inLanguage":"es"},{"@type":"Organization","@id":"https:\/\/soguapa.com\/#organization","name":"soGuapa","url":"https:\/\/soguapa.com\/","logo":{"@type":"ImageObject","inLanguage":"es","@id":"https:\/\/soguapa.com\/#\/schema\/logo\/image\/","url":"https:\/\/soguapa.com\/wp-content\/uploads\/2022\/05\/logo-So-Guapa-by-Ingrid.jpg","contentUrl":"https:\/\/soguapa.com\/wp-content\/uploads\/2022\/05\/logo-So-Guapa-by-Ingrid.jpg","width":200,"height":80,"caption":"soGuapa"},"image":{"@id":"https:\/\/soguapa.com\/#\/schema\/logo\/image\/"},"sameAs":["https:\/\/es-la.facebook.com\/SoguapabeautyExpert\/","https:\/\/www.instagram.com\/soguapabyingrid\/"]}]}},"_links":{"self":[{"href":"https:\/\/soguapa.com\/es\/wp-json\/wp\/v2\/product\/724","targetHints":{"allow":["GET"]}}],"collection":[{"href":"https:\/\/soguapa.com\/es\/wp-json\/wp\/v2\/product"}],"about":[{"href":"https:\/\/soguapa.com\/es\/wp-json\/wp\/v2\/types\/product"}],"wp:featuredmedia":[{"embeddable":true,"href":"https:\/\/soguapa.com\/es\/wp-json\/wp\/v2\/media\/683"}],"wp:attachment":[{"href":"https:\/\/soguapa.com\/es\/wp-json\/wp\/v2\/media?parent=724"}],"wp:term":[{"taxonomy":"product_brand","embeddable":true,"href":"https:\/\/soguapa.com\/es\/wp-json\/wp\/v2\/product_brand?post=724"},{"taxonomy":"product_cat","embeddable":true,"href":"https:\/\/soguapa.com\/es\/wp-json\/wp\/v2\/product_cat?post=724"},{"taxonomy":"product_tag","embeddable":true,"href":"https:\/\/soguapa.com\/es\/wp-json\/wp\/v2\/product_tag?post=724"}],"curies":[{"name":"wp","href":"https:\/\/api.w.org\/{rel}","templated":true}]}}