{"id":719,"date":"2022-05-21T08:43:58","date_gmt":"2022-05-21T08:43:58","guid":{"rendered":"http:\/\/nancyyanethc3.sg-host.com\/?post_type=product&#038;p=719"},"modified":"2022-05-22T11:48:09","modified_gmt":"2022-05-22T11:48:09","slug":"mesoprotech-mineral-matt-antiaging-fluid","status":"publish","type":"product","link":"https:\/\/soguapa.com\/es\/producto\/mesoprotech-mineral-matt-antiaging-fluid\/","title":{"rendered":"mesoprotech mineral matt antiaging fluid"},"content":{"rendered":"<h3>Modo de empleo<\/h3>\n<p>Aplicar en cantidad suficiente (2 mg\/cm2 de piel) media hora antes a la exposici\u00f3n, sobre la piel limpia y seca. Reducir la cantidad de crema aplicada reduce el nivel de protecci\u00f3n solar significativamente. Reaplicar cada 2 horas en caso de exposici\u00f3n solar directa, y especialmente despu\u00e9s de secarse con una toalla, despu\u00e9s del ba\u00f1o o en caso de sudoraci\u00f3n.<\/p>\n<p>La reaplicaci\u00f3n es imprescindible para mantener el nivel de protecci\u00f3n y la efectividad del tratamiento. En caso de exposici\u00f3n solar directa usar gafas y gorro protector y evitar las horas centrales de la jornada, de mayor intensidad (11h &#8211; 16h). Uso t\u00f3pico. Agitar antes de usar.<\/p>\n<h3>Principios Activos<\/h3>\n<div>\n<h3>Collagen pro-47<\/h3>\n<p>Extracto vegetal que potencia la s\u00edntesis de nuevas fibras de col\u00e1geno, aumentando su presencia y calidad en la matriz extracelular. Previene el fotoenvejecimiento y promueve la elasticidad y firmeza.<\/p>\n<\/div>\n<div>\n<h3>mesoprotech\u00ae complex<\/h3>\n<p>Complejo fotoprotector de amplio espectro: protecci\u00f3n frente a la radiaci\u00f3n UVB + UVA, a la luz visible (HEV) y la luz infrarroja (IR). Combinaci\u00f3n \u00f3ptima de filtros f\u00edsicos, biol\u00f3gicos y\/o qu\u00edmicos para proporcionar la m\u00e1xima eficacia y cosmeticidad.<\/p>\n<\/div>\n","protected":false},"excerpt":{"rendered":"<p>Fluido antiedad SPF 50+ de alta tolerancia d\u00e9rmica para pieles mixtas, grasas y sensibles, que proporciona una acabado mate a la piel, libre de brillos. Resistente al agua y no comedog\u00e9nico 50ml.<\/p>\n","protected":false},"featured_media":686,"template":"","meta":{"_monsterinsights_skip_tracking":false,"_monsterinsights_sitenote_active":false,"_monsterinsights_sitenote_note":"","_monsterinsights_sitenote_category":0},"product_brand":[],"product_cat":[57,58],"product_tag":[49],"class_list":{"0":"post-719","1":"product","2":"type-product","3":"status-publish","4":"has-post-thumbnail","6":"product_cat-cuidado-de-la-piel","7":"product_cat-cuidado-solar","8":"product_tag-mesoestetic-es","10":"first","11":"instock","12":"shipping-taxable","13":"purchasable","14":"product-type-simple"},"yoast_head":"<!-- This site is optimized with the Yoast SEO plugin v27.4 - https:\/\/yoast.com\/product\/yoast-seo-wordpress\/ -->\n<title>mesoprotech mineral matt antiaging fluid - soGuapa Beauty Expert<\/title>\n<meta name=\"robots\" content=\"index, follow, max-snippet:-1, max-image-preview:large, max-video-preview:-1\" \/>\n<link rel=\"canonical\" href=\"https:\/\/soguapa.com\/producto\/mesoprotech-mineral-matt-antiaging-fluid\/\" \/>\n<meta property=\"og:locale\" content=\"es_ES\" \/>\n<meta property=\"og:type\" content=\"article\" \/>\n<meta property=\"og:title\" content=\"mesoprotech mineral matt antiaging fluid - soGuapa Beauty Expert\" \/>\n<meta property=\"og:description\" content=\"Fluido antiedad SPF 50+ de alta tolerancia d\u00e9rmica para pieles mixtas, grasas y sensibles, que proporciona una acabado mate a la piel, libre de brillos. Resistente al agua y no comedog\u00e9nico 50ml.\" \/>\n<meta property=\"og:url\" content=\"https:\/\/soguapa.com\/producto\/mesoprotech-mineral-matt-antiaging-fluid\/\" \/>\n<meta property=\"og:site_name\" content=\"soGuapa Beauty Expert\" \/>\n<meta property=\"article:publisher\" content=\"https:\/\/es-la.facebook.com\/SoguapabeautyExpert\/\" \/>\n<meta property=\"article:modified_time\" content=\"2022-05-22T11:48:09+00:00\" \/>\n<meta property=\"og:image\" content=\"https:\/\/soguapa.com\/wp-content\/uploads\/2022\/05\/mesoprotech_mineral_matt_antiaging.jpg\" \/>\n\t<meta property=\"og:image:width\" content=\"650\" \/>\n\t<meta property=\"og:image:height\" content=\"650\" \/>\n\t<meta property=\"og:image:type\" content=\"image\/jpeg\" \/>\n<meta name=\"twitter:card\" content=\"summary_large_image\" \/>\n<meta name=\"twitter:label1\" content=\"Tiempo de lectura\" \/>\n\t<meta name=\"twitter:data1\" content=\"1 minuto\" \/>\n<script type=\"application\/ld+json\" class=\"yoast-schema-graph\">{\"@context\":\"https:\\\/\\\/schema.org\",\"@graph\":[{\"@type\":\"WebPage\",\"@id\":\"https:\\\/\\\/soguapa.com\\\/producto\\\/mesoprotech-mineral-matt-antiaging-fluid\\\/\",\"url\":\"https:\\\/\\\/soguapa.com\\\/producto\\\/mesoprotech-mineral-matt-antiaging-fluid\\\/\",\"name\":\"mesoprotech mineral matt antiaging fluid - soGuapa Beauty Expert\",\"isPartOf\":{\"@id\":\"https:\\\/\\\/soguapa.com\\\/#website\"},\"primaryImageOfPage\":{\"@id\":\"https:\\\/\\\/soguapa.com\\\/producto\\\/mesoprotech-mineral-matt-antiaging-fluid\\\/#primaryimage\"},\"image\":{\"@id\":\"https:\\\/\\\/soguapa.com\\\/producto\\\/mesoprotech-mineral-matt-antiaging-fluid\\\/#primaryimage\"},\"thumbnailUrl\":\"https:\\\/\\\/soguapa.com\\\/wp-content\\\/uploads\\\/2022\\\/05\\\/mesoprotech_mineral_matt_antiaging.jpg\",\"datePublished\":\"2022-05-21T08:43:58+00:00\",\"dateModified\":\"2022-05-22T11:48:09+00:00\",\"breadcrumb\":{\"@id\":\"https:\\\/\\\/soguapa.com\\\/producto\\\/mesoprotech-mineral-matt-antiaging-fluid\\\/#breadcrumb\"},\"inLanguage\":\"es\",\"potentialAction\":[{\"@type\":\"ReadAction\",\"target\":[\"https:\\\/\\\/soguapa.com\\\/producto\\\/mesoprotech-mineral-matt-antiaging-fluid\\\/\"]}]},{\"@type\":\"ImageObject\",\"inLanguage\":\"es\",\"@id\":\"https:\\\/\\\/soguapa.com\\\/producto\\\/mesoprotech-mineral-matt-antiaging-fluid\\\/#primaryimage\",\"url\":\"https:\\\/\\\/soguapa.com\\\/wp-content\\\/uploads\\\/2022\\\/05\\\/mesoprotech_mineral_matt_antiaging.jpg\",\"contentUrl\":\"https:\\\/\\\/soguapa.com\\\/wp-content\\\/uploads\\\/2022\\\/05\\\/mesoprotech_mineral_matt_antiaging.jpg\",\"width\":650,\"height\":650},{\"@type\":\"BreadcrumbList\",\"@id\":\"https:\\\/\\\/soguapa.com\\\/producto\\\/mesoprotech-mineral-matt-antiaging-fluid\\\/#breadcrumb\",\"itemListElement\":[{\"@type\":\"ListItem\",\"position\":1,\"name\":\"Home\",\"item\":\"https:\\\/\\\/soguapa.com\\\/\"},{\"@type\":\"ListItem\",\"position\":2,\"name\":\"Tienda\",\"item\":\"https:\\\/\\\/soguapa.com\\\/es\\\/tienda\\\/\"},{\"@type\":\"ListItem\",\"position\":3,\"name\":\"mesoprotech mineral matt antiaging fluid\"}]},{\"@type\":\"WebSite\",\"@id\":\"https:\\\/\\\/soguapa.com\\\/#website\",\"url\":\"https:\\\/\\\/soguapa.com\\\/\",\"name\":\"soGuapa Beauty Expert\",\"description\":\"Beauty Treatments Malta\",\"publisher\":{\"@id\":\"https:\\\/\\\/soguapa.com\\\/#organization\"},\"potentialAction\":[{\"@type\":\"SearchAction\",\"target\":{\"@type\":\"EntryPoint\",\"urlTemplate\":\"https:\\\/\\\/soguapa.com\\\/?s={search_term_string}\"},\"query-input\":{\"@type\":\"PropertyValueSpecification\",\"valueRequired\":true,\"valueName\":\"search_term_string\"}}],\"inLanguage\":\"es\"},{\"@type\":\"Organization\",\"@id\":\"https:\\\/\\\/soguapa.com\\\/#organization\",\"name\":\"soGuapa\",\"url\":\"https:\\\/\\\/soguapa.com\\\/\",\"logo\":{\"@type\":\"ImageObject\",\"inLanguage\":\"es\",\"@id\":\"https:\\\/\\\/soguapa.com\\\/#\\\/schema\\\/logo\\\/image\\\/\",\"url\":\"https:\\\/\\\/soguapa.com\\\/wp-content\\\/uploads\\\/2022\\\/05\\\/logo-So-Guapa-by-Ingrid.jpg\",\"contentUrl\":\"https:\\\/\\\/soguapa.com\\\/wp-content\\\/uploads\\\/2022\\\/05\\\/logo-So-Guapa-by-Ingrid.jpg\",\"width\":200,\"height\":80,\"caption\":\"soGuapa\"},\"image\":{\"@id\":\"https:\\\/\\\/soguapa.com\\\/#\\\/schema\\\/logo\\\/image\\\/\"},\"sameAs\":[\"https:\\\/\\\/es-la.facebook.com\\\/SoguapabeautyExpert\\\/\",\"https:\\\/\\\/www.instagram.com\\\/soguapabyingrid\\\/\"]}]}<\/script>\n<!-- \/ Yoast SEO plugin. -->","yoast_head_json":{"title":"mesoprotech mineral matt antiaging fluid - soGuapa Beauty Expert","robots":{"index":"index","follow":"follow","max-snippet":"max-snippet:-1","max-image-preview":"max-image-preview:large","max-video-preview":"max-video-preview:-1"},"canonical":"https:\/\/soguapa.com\/producto\/mesoprotech-mineral-matt-antiaging-fluid\/","og_locale":"es_ES","og_type":"article","og_title":"mesoprotech mineral matt antiaging fluid - soGuapa Beauty Expert","og_description":"Fluido antiedad SPF 50+ de alta tolerancia d\u00e9rmica para pieles mixtas, grasas y sensibles, que proporciona una acabado mate a la piel, libre de brillos. Resistente al agua y no comedog\u00e9nico 50ml.","og_url":"https:\/\/soguapa.com\/producto\/mesoprotech-mineral-matt-antiaging-fluid\/","og_site_name":"soGuapa Beauty Expert","article_publisher":"https:\/\/es-la.facebook.com\/SoguapabeautyExpert\/","article_modified_time":"2022-05-22T11:48:09+00:00","og_image":[{"width":650,"height":650,"url":"https:\/\/soguapa.com\/wp-content\/uploads\/2022\/05\/mesoprotech_mineral_matt_antiaging.jpg","type":"image\/jpeg"}],"twitter_card":"summary_large_image","twitter_misc":{"Tiempo de lectura":"1 minuto"},"schema":{"@context":"https:\/\/schema.org","@graph":[{"@type":"WebPage","@id":"https:\/\/soguapa.com\/producto\/mesoprotech-mineral-matt-antiaging-fluid\/","url":"https:\/\/soguapa.com\/producto\/mesoprotech-mineral-matt-antiaging-fluid\/","name":"mesoprotech mineral matt antiaging fluid - soGuapa Beauty Expert","isPartOf":{"@id":"https:\/\/soguapa.com\/#website"},"primaryImageOfPage":{"@id":"https:\/\/soguapa.com\/producto\/mesoprotech-mineral-matt-antiaging-fluid\/#primaryimage"},"image":{"@id":"https:\/\/soguapa.com\/producto\/mesoprotech-mineral-matt-antiaging-fluid\/#primaryimage"},"thumbnailUrl":"https:\/\/soguapa.com\/wp-content\/uploads\/2022\/05\/mesoprotech_mineral_matt_antiaging.jpg","datePublished":"2022-05-21T08:43:58+00:00","dateModified":"2022-05-22T11:48:09+00:00","breadcrumb":{"@id":"https:\/\/soguapa.com\/producto\/mesoprotech-mineral-matt-antiaging-fluid\/#breadcrumb"},"inLanguage":"es","potentialAction":[{"@type":"ReadAction","target":["https:\/\/soguapa.com\/producto\/mesoprotech-mineral-matt-antiaging-fluid\/"]}]},{"@type":"ImageObject","inLanguage":"es","@id":"https:\/\/soguapa.com\/producto\/mesoprotech-mineral-matt-antiaging-fluid\/#primaryimage","url":"https:\/\/soguapa.com\/wp-content\/uploads\/2022\/05\/mesoprotech_mineral_matt_antiaging.jpg","contentUrl":"https:\/\/soguapa.com\/wp-content\/uploads\/2022\/05\/mesoprotech_mineral_matt_antiaging.jpg","width":650,"height":650},{"@type":"BreadcrumbList","@id":"https:\/\/soguapa.com\/producto\/mesoprotech-mineral-matt-antiaging-fluid\/#breadcrumb","itemListElement":[{"@type":"ListItem","position":1,"name":"Home","item":"https:\/\/soguapa.com\/"},{"@type":"ListItem","position":2,"name":"Tienda","item":"https:\/\/soguapa.com\/es\/tienda\/"},{"@type":"ListItem","position":3,"name":"mesoprotech mineral matt antiaging fluid"}]},{"@type":"WebSite","@id":"https:\/\/soguapa.com\/#website","url":"https:\/\/soguapa.com\/","name":"soGuapa Beauty Expert","description":"Beauty Treatments Malta","publisher":{"@id":"https:\/\/soguapa.com\/#organization"},"potentialAction":[{"@type":"SearchAction","target":{"@type":"EntryPoint","urlTemplate":"https:\/\/soguapa.com\/?s={search_term_string}"},"query-input":{"@type":"PropertyValueSpecification","valueRequired":true,"valueName":"search_term_string"}}],"inLanguage":"es"},{"@type":"Organization","@id":"https:\/\/soguapa.com\/#organization","name":"soGuapa","url":"https:\/\/soguapa.com\/","logo":{"@type":"ImageObject","inLanguage":"es","@id":"https:\/\/soguapa.com\/#\/schema\/logo\/image\/","url":"https:\/\/soguapa.com\/wp-content\/uploads\/2022\/05\/logo-So-Guapa-by-Ingrid.jpg","contentUrl":"https:\/\/soguapa.com\/wp-content\/uploads\/2022\/05\/logo-So-Guapa-by-Ingrid.jpg","width":200,"height":80,"caption":"soGuapa"},"image":{"@id":"https:\/\/soguapa.com\/#\/schema\/logo\/image\/"},"sameAs":["https:\/\/es-la.facebook.com\/SoguapabeautyExpert\/","https:\/\/www.instagram.com\/soguapabyingrid\/"]}]}},"_links":{"self":[{"href":"https:\/\/soguapa.com\/es\/wp-json\/wp\/v2\/product\/719","targetHints":{"allow":["GET"]}}],"collection":[{"href":"https:\/\/soguapa.com\/es\/wp-json\/wp\/v2\/product"}],"about":[{"href":"https:\/\/soguapa.com\/es\/wp-json\/wp\/v2\/types\/product"}],"wp:featuredmedia":[{"embeddable":true,"href":"https:\/\/soguapa.com\/es\/wp-json\/wp\/v2\/media\/686"}],"wp:attachment":[{"href":"https:\/\/soguapa.com\/es\/wp-json\/wp\/v2\/media?parent=719"}],"wp:term":[{"taxonomy":"product_brand","embeddable":true,"href":"https:\/\/soguapa.com\/es\/wp-json\/wp\/v2\/product_brand?post=719"},{"taxonomy":"product_cat","embeddable":true,"href":"https:\/\/soguapa.com\/es\/wp-json\/wp\/v2\/product_cat?post=719"},{"taxonomy":"product_tag","embeddable":true,"href":"https:\/\/soguapa.com\/es\/wp-json\/wp\/v2\/product_tag?post=719"}],"curies":[{"name":"wp","href":"https:\/\/api.w.org\/{rel}","templated":true}]}}