{"id":715,"date":"2022-05-21T17:02:24","date_gmt":"2022-05-21T17:02:24","guid":{"rendered":"http:\/\/nancyyanethc3.sg-host.com\/product\/after-intensive-repair-gel\/"},"modified":"2022-05-22T11:36:34","modified_gmt":"2022-05-22T11:36:34","slug":"after-intensive-repair-gel","status":"publish","type":"product","link":"https:\/\/soguapa.com\/es\/producto\/after-intensive-repair-gel\/","title":{"rendered":"After intensive repair gel"},"content":{"rendered":"<div id=\"para-quien\" class=\"tab-section\">\n<div id=\"para-quien\" class=\"tab-section\">\n<div id=\"para-quien\" class=\"tab-section\">\n<div id=\"activos\" class=\"tab-section\">\n<div class=\"section section-tab\">\n<h3>\u00bfPara qui\u00e9n est\u00e1 indicado?<\/h3>\n<\/div>\n<\/div>\n<\/div>\n<div id=\"para-quien\" class=\"tab-section\">\n<div class=\"section section-tab\">Todo tipo de piel<\/div>\n<\/div>\n<div id=\"accion\" class=\"tab-section\">\n<h3 class=\"title\">Acci\u00f3n<\/h3>\n<div class=\"section section-tab\">\n<p>Reparador: alto poder regenerador que restaura la salud de la piel da\u00f1ada por la exposici\u00f3n solar y los radicales libres.<\/p>\n<p>Refrescante y calmante: aporta una sensaci\u00f3n de frescor ideal para sofocar esa sensaci\u00f3n de calor que nos produce la exposici\u00f3n solar y calmar en profundidad.<\/p>\n<p>Hidratante: recupera la hidrataci\u00f3n perdida por la piel al exponerse al sol, evitando la descamaci\u00f3n.<\/p>\n<\/div>\n<\/div>\n<div id=\"resultados\" class=\"tab-section\">\n<h3 class=\"title\">Resultados<\/h3>\n<div class=\"section section-tab\">\n<p>Piel reparada, aliviada y fresca.<\/p>\n<\/div>\n<\/div>\n<div id=\"activos\" class=\"tab-section\">\n<h3 class=\"title\">Activos<\/h3>\n<div class=\"section section-tab\">\n<p><strong>ALOE VERA<\/strong>: Efecto hidratante y antienvejecimiento, acci\u00f3n calmante, acci\u00f3n antioxidante, protector de la piel.<\/p>\n<p><strong>ACEITE DE MARACUY\u00c1<\/strong>: Ingrediente activo de dise\u00f1o ecol\u00f3gico especialmente indicado para las pieles debilitadas y da\u00f1adas. Repara el tejido de la piel en tres niveles adem\u00e1s de regenerar y reestructurar la piel. Estimula los marcadores clave involucrados en la reparaci\u00f3n y remodelaci\u00f3n de la piel para promover y mejorar el proceso de curaci\u00f3n.<\/p>\n<p><strong>ESENCIA DE TASMANIA<\/strong>: La baya de pimienta de Tasmania es un ingrediente activo calmante instant\u00e1neo natural ideal para calmar y proteger la piel delicada o da\u00f1ada.<\/p>\n<p><strong>ACEITE DE MIDEKA XIMENIA<\/strong>: Es un aceite emoliente, acondicionador y suavizante de la piel que aporta protecci\u00f3n frente a los agentes ambientales, posee propiedades antiinflamatorias y antimicrobianas.<\/p>\n<p><strong>FENILALANINA<\/strong>: La fenilalanina es un amino\u00e1cido precursor de la s\u00edntesis de la tirosina y -por extensi\u00f3n- de la melanina. Su funci\u00f3n potenciadora del bronceado ayuda a conseguir un tono m\u00e1s uniforme y duradero. Favorece la producci\u00f3n de melanina y estimula la pigmentaci\u00f3n haciendo que los melanocitos generen m\u00e1s pigmento.<\/p>\n<\/div>\n<\/div>\n<\/div>\n<\/div>\n<div id=\"gtx-trans\" style=\"position: absolute; left: 113px; top: 0px;\">\n<div class=\"gtx-trans-icon\"><\/div>\n<\/div>\n","protected":false},"excerpt":{"rendered":"<p>AFTER SUN CORPORAL refrescante con gran poder reparador que calma e hidrata en profundidad. Gracias a su alto contenido en ALOE VERA Y ACEITE DE MARACUY\u00c1, 200 ml.<\/p>\n<p>Alivia y repara los da\u00f1os producidos por la exposici\u00f3n solar a la vez que proporciona una agradable sensaci\u00f3n de frescor.<\/p>\n<div id=\"gtx-trans\" style=\"position: absolute; left: -53px; top: -10px;\">\n<div class=\"gtx-trans-icon\"><\/div>\n<\/div>\n","protected":false},"featured_media":688,"template":"","meta":{"_monsterinsights_skip_tracking":false,"_monsterinsights_sitenote_active":false,"_monsterinsights_sitenote_note":"","_monsterinsights_sitenote_category":0},"product_brand":[],"product_cat":[57,58],"product_tag":[48],"class_list":{"0":"post-715","1":"product","2":"type-product","3":"status-publish","4":"has-post-thumbnail","6":"product_cat-cuidado-de-la-piel","7":"product_cat-cuidado-solar","8":"product_tag-casmara-es","10":"first","11":"instock","12":"shipping-taxable","13":"purchasable","14":"product-type-simple"},"yoast_head":"<!-- This site is optimized with the Yoast SEO plugin v27.4 - https:\/\/yoast.com\/product\/yoast-seo-wordpress\/ -->\n<title>After intensive repair gel - soGuapa Beauty Expert<\/title>\n<meta name=\"robots\" content=\"index, follow, max-snippet:-1, max-image-preview:large, max-video-preview:-1\" \/>\n<link rel=\"canonical\" href=\"https:\/\/soguapa.com\/producto\/after-intensive-repair-gel\/\" \/>\n<meta property=\"og:locale\" content=\"es_ES\" \/>\n<meta property=\"og:type\" content=\"article\" \/>\n<meta property=\"og:title\" content=\"After intensive repair gel - soGuapa Beauty Expert\" \/>\n<meta property=\"og:description\" content=\"AFTER SUN CORPORAL refrescante con gran poder reparador que calma e hidrata en profundidad. Gracias a su alto contenido en ALOE VERA Y ACEITE DE MARACUY\u00c1, 200 ml.  Alivia y repara los da\u00f1os producidos por la exposici\u00f3n solar a la vez que proporciona una agradable sensaci\u00f3n de frescor.\" \/>\n<meta property=\"og:url\" content=\"https:\/\/soguapa.com\/producto\/after-intensive-repair-gel\/\" \/>\n<meta property=\"og:site_name\" content=\"soGuapa Beauty Expert\" \/>\n<meta property=\"article:publisher\" content=\"https:\/\/es-la.facebook.com\/SoguapabeautyExpert\/\" \/>\n<meta property=\"article:modified_time\" content=\"2022-05-22T11:36:34+00:00\" \/>\n<meta property=\"og:image\" content=\"https:\/\/soguapa.com\/wp-content\/uploads\/2022\/05\/after-intensive-repair-gel-casmara.jpg\" \/>\n\t<meta property=\"og:image:width\" content=\"650\" \/>\n\t<meta property=\"og:image:height\" content=\"600\" \/>\n\t<meta property=\"og:image:type\" content=\"image\/jpeg\" \/>\n<meta name=\"twitter:card\" content=\"summary_large_image\" \/>\n<meta name=\"twitter:label1\" content=\"Tiempo de lectura\" \/>\n\t<meta name=\"twitter:data1\" content=\"1 minuto\" \/>\n<script type=\"application\/ld+json\" class=\"yoast-schema-graph\">{\"@context\":\"https:\\\/\\\/schema.org\",\"@graph\":[{\"@type\":\"WebPage\",\"@id\":\"https:\\\/\\\/soguapa.com\\\/producto\\\/after-intensive-repair-gel\\\/\",\"url\":\"https:\\\/\\\/soguapa.com\\\/producto\\\/after-intensive-repair-gel\\\/\",\"name\":\"After intensive repair gel - soGuapa Beauty Expert\",\"isPartOf\":{\"@id\":\"https:\\\/\\\/soguapa.com\\\/#website\"},\"primaryImageOfPage\":{\"@id\":\"https:\\\/\\\/soguapa.com\\\/producto\\\/after-intensive-repair-gel\\\/#primaryimage\"},\"image\":{\"@id\":\"https:\\\/\\\/soguapa.com\\\/producto\\\/after-intensive-repair-gel\\\/#primaryimage\"},\"thumbnailUrl\":\"https:\\\/\\\/soguapa.com\\\/wp-content\\\/uploads\\\/2022\\\/05\\\/after-intensive-repair-gel-casmara.jpg\",\"datePublished\":\"2022-05-21T17:02:24+00:00\",\"dateModified\":\"2022-05-22T11:36:34+00:00\",\"breadcrumb\":{\"@id\":\"https:\\\/\\\/soguapa.com\\\/producto\\\/after-intensive-repair-gel\\\/#breadcrumb\"},\"inLanguage\":\"es\",\"potentialAction\":[{\"@type\":\"ReadAction\",\"target\":[\"https:\\\/\\\/soguapa.com\\\/producto\\\/after-intensive-repair-gel\\\/\"]}]},{\"@type\":\"ImageObject\",\"inLanguage\":\"es\",\"@id\":\"https:\\\/\\\/soguapa.com\\\/producto\\\/after-intensive-repair-gel\\\/#primaryimage\",\"url\":\"https:\\\/\\\/soguapa.com\\\/wp-content\\\/uploads\\\/2022\\\/05\\\/after-intensive-repair-gel-casmara.jpg\",\"contentUrl\":\"https:\\\/\\\/soguapa.com\\\/wp-content\\\/uploads\\\/2022\\\/05\\\/after-intensive-repair-gel-casmara.jpg\",\"width\":650,\"height\":600},{\"@type\":\"BreadcrumbList\",\"@id\":\"https:\\\/\\\/soguapa.com\\\/producto\\\/after-intensive-repair-gel\\\/#breadcrumb\",\"itemListElement\":[{\"@type\":\"ListItem\",\"position\":1,\"name\":\"Home\",\"item\":\"https:\\\/\\\/soguapa.com\\\/\"},{\"@type\":\"ListItem\",\"position\":2,\"name\":\"Tienda\",\"item\":\"https:\\\/\\\/soguapa.com\\\/es\\\/tienda\\\/\"},{\"@type\":\"ListItem\",\"position\":3,\"name\":\"After intensive repair gel\"}]},{\"@type\":\"WebSite\",\"@id\":\"https:\\\/\\\/soguapa.com\\\/#website\",\"url\":\"https:\\\/\\\/soguapa.com\\\/\",\"name\":\"soGuapa Beauty Expert\",\"description\":\"Beauty Treatments Malta\",\"publisher\":{\"@id\":\"https:\\\/\\\/soguapa.com\\\/#organization\"},\"potentialAction\":[{\"@type\":\"SearchAction\",\"target\":{\"@type\":\"EntryPoint\",\"urlTemplate\":\"https:\\\/\\\/soguapa.com\\\/?s={search_term_string}\"},\"query-input\":{\"@type\":\"PropertyValueSpecification\",\"valueRequired\":true,\"valueName\":\"search_term_string\"}}],\"inLanguage\":\"es\"},{\"@type\":\"Organization\",\"@id\":\"https:\\\/\\\/soguapa.com\\\/#organization\",\"name\":\"soGuapa\",\"url\":\"https:\\\/\\\/soguapa.com\\\/\",\"logo\":{\"@type\":\"ImageObject\",\"inLanguage\":\"es\",\"@id\":\"https:\\\/\\\/soguapa.com\\\/#\\\/schema\\\/logo\\\/image\\\/\",\"url\":\"https:\\\/\\\/soguapa.com\\\/wp-content\\\/uploads\\\/2022\\\/05\\\/logo-So-Guapa-by-Ingrid.jpg\",\"contentUrl\":\"https:\\\/\\\/soguapa.com\\\/wp-content\\\/uploads\\\/2022\\\/05\\\/logo-So-Guapa-by-Ingrid.jpg\",\"width\":200,\"height\":80,\"caption\":\"soGuapa\"},\"image\":{\"@id\":\"https:\\\/\\\/soguapa.com\\\/#\\\/schema\\\/logo\\\/image\\\/\"},\"sameAs\":[\"https:\\\/\\\/es-la.facebook.com\\\/SoguapabeautyExpert\\\/\",\"https:\\\/\\\/www.instagram.com\\\/soguapabyingrid\\\/\"]}]}<\/script>\n<!-- \/ Yoast SEO plugin. -->","yoast_head_json":{"title":"After intensive repair gel - soGuapa Beauty Expert","robots":{"index":"index","follow":"follow","max-snippet":"max-snippet:-1","max-image-preview":"max-image-preview:large","max-video-preview":"max-video-preview:-1"},"canonical":"https:\/\/soguapa.com\/producto\/after-intensive-repair-gel\/","og_locale":"es_ES","og_type":"article","og_title":"After intensive repair gel - soGuapa Beauty Expert","og_description":"AFTER SUN CORPORAL refrescante con gran poder reparador que calma e hidrata en profundidad. Gracias a su alto contenido en ALOE VERA Y ACEITE DE MARACUY\u00c1, 200 ml.  Alivia y repara los da\u00f1os producidos por la exposici\u00f3n solar a la vez que proporciona una agradable sensaci\u00f3n de frescor.","og_url":"https:\/\/soguapa.com\/producto\/after-intensive-repair-gel\/","og_site_name":"soGuapa Beauty Expert","article_publisher":"https:\/\/es-la.facebook.com\/SoguapabeautyExpert\/","article_modified_time":"2022-05-22T11:36:34+00:00","og_image":[{"width":650,"height":600,"url":"https:\/\/soguapa.com\/wp-content\/uploads\/2022\/05\/after-intensive-repair-gel-casmara.jpg","type":"image\/jpeg"}],"twitter_card":"summary_large_image","twitter_misc":{"Tiempo de lectura":"1 minuto"},"schema":{"@context":"https:\/\/schema.org","@graph":[{"@type":"WebPage","@id":"https:\/\/soguapa.com\/producto\/after-intensive-repair-gel\/","url":"https:\/\/soguapa.com\/producto\/after-intensive-repair-gel\/","name":"After intensive repair gel - soGuapa Beauty Expert","isPartOf":{"@id":"https:\/\/soguapa.com\/#website"},"primaryImageOfPage":{"@id":"https:\/\/soguapa.com\/producto\/after-intensive-repair-gel\/#primaryimage"},"image":{"@id":"https:\/\/soguapa.com\/producto\/after-intensive-repair-gel\/#primaryimage"},"thumbnailUrl":"https:\/\/soguapa.com\/wp-content\/uploads\/2022\/05\/after-intensive-repair-gel-casmara.jpg","datePublished":"2022-05-21T17:02:24+00:00","dateModified":"2022-05-22T11:36:34+00:00","breadcrumb":{"@id":"https:\/\/soguapa.com\/producto\/after-intensive-repair-gel\/#breadcrumb"},"inLanguage":"es","potentialAction":[{"@type":"ReadAction","target":["https:\/\/soguapa.com\/producto\/after-intensive-repair-gel\/"]}]},{"@type":"ImageObject","inLanguage":"es","@id":"https:\/\/soguapa.com\/producto\/after-intensive-repair-gel\/#primaryimage","url":"https:\/\/soguapa.com\/wp-content\/uploads\/2022\/05\/after-intensive-repair-gel-casmara.jpg","contentUrl":"https:\/\/soguapa.com\/wp-content\/uploads\/2022\/05\/after-intensive-repair-gel-casmara.jpg","width":650,"height":600},{"@type":"BreadcrumbList","@id":"https:\/\/soguapa.com\/producto\/after-intensive-repair-gel\/#breadcrumb","itemListElement":[{"@type":"ListItem","position":1,"name":"Home","item":"https:\/\/soguapa.com\/"},{"@type":"ListItem","position":2,"name":"Tienda","item":"https:\/\/soguapa.com\/es\/tienda\/"},{"@type":"ListItem","position":3,"name":"After intensive repair gel"}]},{"@type":"WebSite","@id":"https:\/\/soguapa.com\/#website","url":"https:\/\/soguapa.com\/","name":"soGuapa Beauty Expert","description":"Beauty Treatments Malta","publisher":{"@id":"https:\/\/soguapa.com\/#organization"},"potentialAction":[{"@type":"SearchAction","target":{"@type":"EntryPoint","urlTemplate":"https:\/\/soguapa.com\/?s={search_term_string}"},"query-input":{"@type":"PropertyValueSpecification","valueRequired":true,"valueName":"search_term_string"}}],"inLanguage":"es"},{"@type":"Organization","@id":"https:\/\/soguapa.com\/#organization","name":"soGuapa","url":"https:\/\/soguapa.com\/","logo":{"@type":"ImageObject","inLanguage":"es","@id":"https:\/\/soguapa.com\/#\/schema\/logo\/image\/","url":"https:\/\/soguapa.com\/wp-content\/uploads\/2022\/05\/logo-So-Guapa-by-Ingrid.jpg","contentUrl":"https:\/\/soguapa.com\/wp-content\/uploads\/2022\/05\/logo-So-Guapa-by-Ingrid.jpg","width":200,"height":80,"caption":"soGuapa"},"image":{"@id":"https:\/\/soguapa.com\/#\/schema\/logo\/image\/"},"sameAs":["https:\/\/es-la.facebook.com\/SoguapabeautyExpert\/","https:\/\/www.instagram.com\/soguapabyingrid\/"]}]}},"_links":{"self":[{"href":"https:\/\/soguapa.com\/es\/wp-json\/wp\/v2\/product\/715","targetHints":{"allow":["GET"]}}],"collection":[{"href":"https:\/\/soguapa.com\/es\/wp-json\/wp\/v2\/product"}],"about":[{"href":"https:\/\/soguapa.com\/es\/wp-json\/wp\/v2\/types\/product"}],"wp:featuredmedia":[{"embeddable":true,"href":"https:\/\/soguapa.com\/es\/wp-json\/wp\/v2\/media\/688"}],"wp:attachment":[{"href":"https:\/\/soguapa.com\/es\/wp-json\/wp\/v2\/media?parent=715"}],"wp:term":[{"taxonomy":"product_brand","embeddable":true,"href":"https:\/\/soguapa.com\/es\/wp-json\/wp\/v2\/product_brand?post=715"},{"taxonomy":"product_cat","embeddable":true,"href":"https:\/\/soguapa.com\/es\/wp-json\/wp\/v2\/product_cat?post=715"},{"taxonomy":"product_tag","embeddable":true,"href":"https:\/\/soguapa.com\/es\/wp-json\/wp\/v2\/product_tag?post=715"}],"curies":[{"name":"wp","href":"https:\/\/api.w.org\/{rel}","templated":true}]}}