{"id":714,"date":"2022-05-21T17:14:06","date_gmt":"2022-05-21T17:14:06","guid":{"rendered":"http:\/\/nancyyanethc3.sg-host.com\/?post_type=product&#038;p=714"},"modified":"2022-05-22T11:38:30","modified_gmt":"2022-05-22T11:38:30","slug":"protector-solar-facial-fps-50","status":"publish","type":"product","link":"https:\/\/soguapa.com\/es\/producto\/protector-solar-facial-fps-50\/","title":{"rendered":"Protector solar facial FPS 50+"},"content":{"rendered":"<h3>\u00bfPara qui\u00e9n est\u00e1 indicado?<\/h3>\n<div id=\"para-quien\" class=\"tab-section\">\n<div class=\"section section-tab\">Todo tipo de piel Indicado para el uso diario.<\/div>\n<\/div>\n<div id=\"accion\" class=\"tab-section\">\n<h3 class=\"title\">Acci\u00f3n<\/h3>\n<div class=\"section section-tab\">\n<p>Protectora: Protege la piel frente a la radiaci\u00f3n solar UVA, UVB e IR con FPS 50+.<\/p>\n<p>Antiedad: mejora la elasticidad y firmeza de la piel. Previene y ralentiza el fotoenvejecimiento.<\/p>\n<p>Antioxidante: previene y repara los da\u00f1os producidos por los radicales libres.<\/p>\n<\/div>\n<\/div>\n<div id=\"resultados\" class=\"tab-section\">\n<h3 class=\"title\">Resultados<\/h3>\n<div class=\"section section-tab\">\n<p>Protege c\u00e9lulas de piel de los da\u00f1os producidos por la exposici\u00f3n UV e IR.<\/p>\n<p>Mejora la elasticidad y firmeza de la piel, alis\u00e1ndola y mejorando el aspecto de arrugas y l\u00edneas de expresi\u00f3n.<\/p>\n<\/div>\n<\/div>\n<div id=\"activos\" class=\"tab-section\">\n<h3 class=\"title\">Activos<\/h3>\n<div class=\"section section-tab\">\n<p><strong>COMBINACI\u00d3N DE FILTROS SOLARES<\/strong>: de nueva generaci\u00f3n y de amplio espectro para una protecci\u00f3n global.<\/p>\n<p><strong>L-CARNOSINA<\/strong>: p\u00e9ptido biomim\u00e9tico con potentes propiedades antiedad. Aumenta la elasticidad y firmeza de la piel impidiendo la degradaci\u00f3n del col\u00e1geno y aumentando su producci\u00f3n.\u00a0Previene y ralentiza el fotoenvejecimiento gracias a sus grandes propiedades antioxidantes. Act\u00faa desde el interior proporcionando una elevada protecci\u00f3n celular frente a la fracci\u00f3n de radiaci\u00f3n capaz de atravesar la barrera de filtros solares e inducir radicales libres, que provocan da\u00f1os celulares y aceleran el envejecimiento de la piel.<\/p>\n<\/div>\n<\/div>\n","protected":false},"excerpt":{"rendered":"<p>Protector solar FACIAL de acci\u00f3n anti-edad con FPS 50+.<\/p>\n<p>Cremigel oil-free de textura ligera con acabado \u00abpiel de melocot\u00f3n\u00bb.<\/p>\n<p>Con propiedades anti-edad que previene el fotoenvejecimiento y ayuda a tratar los signos del paso del tiempo.<\/p>\n<p>Contiene L-CARNOSINA, un potente ingrediente multifuncional que aumenta la elasticidad y firmeza de la piel a la vez que frena y previene el fotoenvejecimiento gracias a sus grandes propiedades antioxidantes.<\/p>\n<p>Protege la piel frente a la radiaci\u00f3n solar UVA + UVB + IR.<\/p>\n","protected":false},"featured_media":689,"template":"","meta":{"_monsterinsights_skip_tracking":false,"_monsterinsights_sitenote_active":false,"_monsterinsights_sitenote_note":"","_monsterinsights_sitenote_category":0},"product_brand":[],"product_cat":[58],"product_tag":[48],"class_list":{"0":"post-714","1":"product","2":"type-product","3":"status-publish","4":"has-post-thumbnail","6":"product_cat-cuidado-solar","7":"product_tag-casmara-es","9":"first","10":"instock","11":"shipping-taxable","12":"purchasable","13":"product-type-simple"},"yoast_head":"<!-- This site is optimized with the Yoast SEO plugin v27.4 - https:\/\/yoast.com\/product\/yoast-seo-wordpress\/ -->\n<title>Protector solar facial FPS 50+ - soGuapa Beauty Expert<\/title>\n<meta name=\"robots\" content=\"index, follow, max-snippet:-1, max-image-preview:large, max-video-preview:-1\" \/>\n<link rel=\"canonical\" href=\"https:\/\/soguapa.com\/producto\/photoaging-control-gel-cream\/\" \/>\n<meta property=\"og:locale\" content=\"es_ES\" \/>\n<meta property=\"og:type\" content=\"article\" \/>\n<meta property=\"og:title\" content=\"Protector solar facial FPS 50+ - soGuapa Beauty Expert\" \/>\n<meta property=\"og:description\" content=\"Protector solar FACIAL de acci\u00f3n anti-edad con FPS 50+.  Cremigel oil-free de textura ligera con acabado \u00abpiel de melocot\u00f3n\u00bb.  Con propiedades anti-edad que previene el fotoenvejecimiento y ayuda a tratar los signos del paso del tiempo.  Contiene L-CARNOSINA, un potente ingrediente multifuncional que aumenta la elasticidad y firmeza de la piel a la vez que frena y previene el fotoenvejecimiento gracias a sus grandes propiedades antioxidantes.  Protege la piel frente a la radiaci\u00f3n solar UVA + UVB + IR.\" \/>\n<meta property=\"og:url\" content=\"https:\/\/soguapa.com\/producto\/photoaging-control-gel-cream\/\" \/>\n<meta property=\"og:site_name\" content=\"soGuapa Beauty Expert\" \/>\n<meta property=\"article:publisher\" content=\"https:\/\/es-la.facebook.com\/SoguapabeautyExpert\/\" \/>\n<meta property=\"article:modified_time\" content=\"2022-05-22T11:38:30+00:00\" \/>\n<meta property=\"og:image\" content=\"https:\/\/soguapa.com\/wp-content\/uploads\/2022\/05\/Photoaging-control-gel-cream-Casmara.jpg\" \/>\n\t<meta property=\"og:image:width\" content=\"861\" \/>\n\t<meta property=\"og:image:height\" content=\"1024\" \/>\n\t<meta property=\"og:image:type\" content=\"image\/jpeg\" \/>\n<meta name=\"twitter:card\" content=\"summary_large_image\" \/>\n<meta name=\"twitter:label1\" content=\"Tiempo de lectura\" \/>\n\t<meta name=\"twitter:data1\" content=\"1 minuto\" \/>\n<script type=\"application\/ld+json\" class=\"yoast-schema-graph\">{\"@context\":\"https:\\\/\\\/schema.org\",\"@graph\":[{\"@type\":\"WebPage\",\"@id\":\"https:\\\/\\\/soguapa.com\\\/producto\\\/photoaging-control-gel-cream\\\/\",\"url\":\"https:\\\/\\\/soguapa.com\\\/producto\\\/photoaging-control-gel-cream\\\/\",\"name\":\"Protector solar facial FPS 50+ - soGuapa Beauty Expert\",\"isPartOf\":{\"@id\":\"https:\\\/\\\/soguapa.com\\\/#website\"},\"primaryImageOfPage\":{\"@id\":\"https:\\\/\\\/soguapa.com\\\/producto\\\/photoaging-control-gel-cream\\\/#primaryimage\"},\"image\":{\"@id\":\"https:\\\/\\\/soguapa.com\\\/producto\\\/photoaging-control-gel-cream\\\/#primaryimage\"},\"thumbnailUrl\":\"https:\\\/\\\/soguapa.com\\\/wp-content\\\/uploads\\\/2022\\\/05\\\/Photoaging-control-gel-cream-Casmara.jpg\",\"datePublished\":\"2022-05-21T17:14:06+00:00\",\"dateModified\":\"2022-05-22T11:38:30+00:00\",\"breadcrumb\":{\"@id\":\"https:\\\/\\\/soguapa.com\\\/producto\\\/photoaging-control-gel-cream\\\/#breadcrumb\"},\"inLanguage\":\"es\",\"potentialAction\":[{\"@type\":\"ReadAction\",\"target\":[\"https:\\\/\\\/soguapa.com\\\/producto\\\/photoaging-control-gel-cream\\\/\"]}]},{\"@type\":\"ImageObject\",\"inLanguage\":\"es\",\"@id\":\"https:\\\/\\\/soguapa.com\\\/producto\\\/photoaging-control-gel-cream\\\/#primaryimage\",\"url\":\"https:\\\/\\\/soguapa.com\\\/wp-content\\\/uploads\\\/2022\\\/05\\\/Photoaging-control-gel-cream-Casmara.jpg\",\"contentUrl\":\"https:\\\/\\\/soguapa.com\\\/wp-content\\\/uploads\\\/2022\\\/05\\\/Photoaging-control-gel-cream-Casmara.jpg\",\"width\":861,\"height\":1024},{\"@type\":\"BreadcrumbList\",\"@id\":\"https:\\\/\\\/soguapa.com\\\/producto\\\/photoaging-control-gel-cream\\\/#breadcrumb\",\"itemListElement\":[{\"@type\":\"ListItem\",\"position\":1,\"name\":\"Home\",\"item\":\"https:\\\/\\\/soguapa.com\\\/\"},{\"@type\":\"ListItem\",\"position\":2,\"name\":\"Tienda\",\"item\":\"https:\\\/\\\/soguapa.com\\\/es\\\/tienda\\\/\"},{\"@type\":\"ListItem\",\"position\":3,\"name\":\"Protector solar facial FPS 50+\"}]},{\"@type\":\"WebSite\",\"@id\":\"https:\\\/\\\/soguapa.com\\\/#website\",\"url\":\"https:\\\/\\\/soguapa.com\\\/\",\"name\":\"soGuapa Beauty Expert\",\"description\":\"Beauty Treatments Malta\",\"publisher\":{\"@id\":\"https:\\\/\\\/soguapa.com\\\/#organization\"},\"potentialAction\":[{\"@type\":\"SearchAction\",\"target\":{\"@type\":\"EntryPoint\",\"urlTemplate\":\"https:\\\/\\\/soguapa.com\\\/?s={search_term_string}\"},\"query-input\":{\"@type\":\"PropertyValueSpecification\",\"valueRequired\":true,\"valueName\":\"search_term_string\"}}],\"inLanguage\":\"es\"},{\"@type\":\"Organization\",\"@id\":\"https:\\\/\\\/soguapa.com\\\/#organization\",\"name\":\"soGuapa\",\"url\":\"https:\\\/\\\/soguapa.com\\\/\",\"logo\":{\"@type\":\"ImageObject\",\"inLanguage\":\"es\",\"@id\":\"https:\\\/\\\/soguapa.com\\\/#\\\/schema\\\/logo\\\/image\\\/\",\"url\":\"https:\\\/\\\/soguapa.com\\\/wp-content\\\/uploads\\\/2022\\\/05\\\/logo-So-Guapa-by-Ingrid.jpg\",\"contentUrl\":\"https:\\\/\\\/soguapa.com\\\/wp-content\\\/uploads\\\/2022\\\/05\\\/logo-So-Guapa-by-Ingrid.jpg\",\"width\":200,\"height\":80,\"caption\":\"soGuapa\"},\"image\":{\"@id\":\"https:\\\/\\\/soguapa.com\\\/#\\\/schema\\\/logo\\\/image\\\/\"},\"sameAs\":[\"https:\\\/\\\/es-la.facebook.com\\\/SoguapabeautyExpert\\\/\",\"https:\\\/\\\/www.instagram.com\\\/soguapabyingrid\\\/\"]}]}<\/script>\n<!-- \/ Yoast SEO plugin. -->","yoast_head_json":{"title":"Protector solar facial FPS 50+ - soGuapa Beauty Expert","robots":{"index":"index","follow":"follow","max-snippet":"max-snippet:-1","max-image-preview":"max-image-preview:large","max-video-preview":"max-video-preview:-1"},"canonical":"https:\/\/soguapa.com\/producto\/photoaging-control-gel-cream\/","og_locale":"es_ES","og_type":"article","og_title":"Protector solar facial FPS 50+ - soGuapa Beauty Expert","og_description":"Protector solar FACIAL de acci\u00f3n anti-edad con FPS 50+.  Cremigel oil-free de textura ligera con acabado \u00abpiel de melocot\u00f3n\u00bb.  Con propiedades anti-edad que previene el fotoenvejecimiento y ayuda a tratar los signos del paso del tiempo.  Contiene L-CARNOSINA, un potente ingrediente multifuncional que aumenta la elasticidad y firmeza de la piel a la vez que frena y previene el fotoenvejecimiento gracias a sus grandes propiedades antioxidantes.  Protege la piel frente a la radiaci\u00f3n solar UVA + UVB + IR.","og_url":"https:\/\/soguapa.com\/producto\/photoaging-control-gel-cream\/","og_site_name":"soGuapa Beauty Expert","article_publisher":"https:\/\/es-la.facebook.com\/SoguapabeautyExpert\/","article_modified_time":"2022-05-22T11:38:30+00:00","og_image":[{"width":861,"height":1024,"url":"https:\/\/soguapa.com\/wp-content\/uploads\/2022\/05\/Photoaging-control-gel-cream-Casmara.jpg","type":"image\/jpeg"}],"twitter_card":"summary_large_image","twitter_misc":{"Tiempo de lectura":"1 minuto"},"schema":{"@context":"https:\/\/schema.org","@graph":[{"@type":"WebPage","@id":"https:\/\/soguapa.com\/producto\/photoaging-control-gel-cream\/","url":"https:\/\/soguapa.com\/producto\/photoaging-control-gel-cream\/","name":"Protector solar facial FPS 50+ - soGuapa Beauty Expert","isPartOf":{"@id":"https:\/\/soguapa.com\/#website"},"primaryImageOfPage":{"@id":"https:\/\/soguapa.com\/producto\/photoaging-control-gel-cream\/#primaryimage"},"image":{"@id":"https:\/\/soguapa.com\/producto\/photoaging-control-gel-cream\/#primaryimage"},"thumbnailUrl":"https:\/\/soguapa.com\/wp-content\/uploads\/2022\/05\/Photoaging-control-gel-cream-Casmara.jpg","datePublished":"2022-05-21T17:14:06+00:00","dateModified":"2022-05-22T11:38:30+00:00","breadcrumb":{"@id":"https:\/\/soguapa.com\/producto\/photoaging-control-gel-cream\/#breadcrumb"},"inLanguage":"es","potentialAction":[{"@type":"ReadAction","target":["https:\/\/soguapa.com\/producto\/photoaging-control-gel-cream\/"]}]},{"@type":"ImageObject","inLanguage":"es","@id":"https:\/\/soguapa.com\/producto\/photoaging-control-gel-cream\/#primaryimage","url":"https:\/\/soguapa.com\/wp-content\/uploads\/2022\/05\/Photoaging-control-gel-cream-Casmara.jpg","contentUrl":"https:\/\/soguapa.com\/wp-content\/uploads\/2022\/05\/Photoaging-control-gel-cream-Casmara.jpg","width":861,"height":1024},{"@type":"BreadcrumbList","@id":"https:\/\/soguapa.com\/producto\/photoaging-control-gel-cream\/#breadcrumb","itemListElement":[{"@type":"ListItem","position":1,"name":"Home","item":"https:\/\/soguapa.com\/"},{"@type":"ListItem","position":2,"name":"Tienda","item":"https:\/\/soguapa.com\/es\/tienda\/"},{"@type":"ListItem","position":3,"name":"Protector solar facial FPS 50+"}]},{"@type":"WebSite","@id":"https:\/\/soguapa.com\/#website","url":"https:\/\/soguapa.com\/","name":"soGuapa Beauty Expert","description":"Beauty Treatments Malta","publisher":{"@id":"https:\/\/soguapa.com\/#organization"},"potentialAction":[{"@type":"SearchAction","target":{"@type":"EntryPoint","urlTemplate":"https:\/\/soguapa.com\/?s={search_term_string}"},"query-input":{"@type":"PropertyValueSpecification","valueRequired":true,"valueName":"search_term_string"}}],"inLanguage":"es"},{"@type":"Organization","@id":"https:\/\/soguapa.com\/#organization","name":"soGuapa","url":"https:\/\/soguapa.com\/","logo":{"@type":"ImageObject","inLanguage":"es","@id":"https:\/\/soguapa.com\/#\/schema\/logo\/image\/","url":"https:\/\/soguapa.com\/wp-content\/uploads\/2022\/05\/logo-So-Guapa-by-Ingrid.jpg","contentUrl":"https:\/\/soguapa.com\/wp-content\/uploads\/2022\/05\/logo-So-Guapa-by-Ingrid.jpg","width":200,"height":80,"caption":"soGuapa"},"image":{"@id":"https:\/\/soguapa.com\/#\/schema\/logo\/image\/"},"sameAs":["https:\/\/es-la.facebook.com\/SoguapabeautyExpert\/","https:\/\/www.instagram.com\/soguapabyingrid\/"]}]}},"_links":{"self":[{"href":"https:\/\/soguapa.com\/es\/wp-json\/wp\/v2\/product\/714","targetHints":{"allow":["GET"]}}],"collection":[{"href":"https:\/\/soguapa.com\/es\/wp-json\/wp\/v2\/product"}],"about":[{"href":"https:\/\/soguapa.com\/es\/wp-json\/wp\/v2\/types\/product"}],"wp:featuredmedia":[{"embeddable":true,"href":"https:\/\/soguapa.com\/es\/wp-json\/wp\/v2\/media\/689"}],"wp:attachment":[{"href":"https:\/\/soguapa.com\/es\/wp-json\/wp\/v2\/media?parent=714"}],"wp:term":[{"taxonomy":"product_brand","embeddable":true,"href":"https:\/\/soguapa.com\/es\/wp-json\/wp\/v2\/product_brand?post=714"},{"taxonomy":"product_cat","embeddable":true,"href":"https:\/\/soguapa.com\/es\/wp-json\/wp\/v2\/product_cat?post=714"},{"taxonomy":"product_tag","embeddable":true,"href":"https:\/\/soguapa.com\/es\/wp-json\/wp\/v2\/product_tag?post=714"}],"curies":[{"name":"wp","href":"https:\/\/api.w.org\/{rel}","templated":true}]}}