{"id":691,"date":"2022-05-21T17:19:54","date_gmt":"2022-05-21T17:19:54","guid":{"rendered":"http:\/\/nancyyanethc3.sg-host.com\/product\/mesoprotech-antiaging-body-sun-mist\/"},"modified":"2022-05-22T13:21:27","modified_gmt":"2022-05-22T13:21:27","slug":"mesoprotech-antiaging-body-sun-mist","status":"publish","type":"product","link":"https:\/\/soguapa.com\/es\/producto\/mesoprotech-antiaging-body-sun-mist\/","title":{"rendered":"Mesoprotech antiaging body sun mist"},"content":{"rendered":"<h3>Principios Activos<\/h3>\n<div class=\"data item title\" tabindex=\"0\" role=\"tab\" data-role=\"collapsible\" data-collapsible=\"true\" aria-controls=\"principles\" aria-selected=\"false\" aria-expanded=\"false\">\n<div>\n<p><strong>Collagen pro-47<\/strong><\/p>\n<p>Extracto vegetal que potencia la s\u00edntesis de nuevas fibras de col\u00e1geno, aumentando su presencia y calidad en la matriz extracelular. Previene el fotoenvejecimiento y promueve la elasticidad y firmeza.<\/p>\n<\/div>\n<div>\n<p><strong>mesoprotech\u00ae complex<\/strong><\/p>\n<p>Complejo fotoprotector de amplio espectro: protecci\u00f3n frente a la radiaci\u00f3n UVB + UVA, a la luz visible (HEV) y la luz infrarroja (IR). Combinaci\u00f3n \u00f3ptima de filtros f\u00edsicos, biol\u00f3gicos y\/o qu\u00edmicos para proporcionar la m\u00e1xima eficacia y cosmeticidad.<\/p>\n<\/div>\n<div>\n<p><strong>Vitamina E<\/strong><\/p>\n<p>Vitamina con gran capacidad antioxidante que protege las membranas celulares frente a los radicales libres, retrasando el envejecimiento celular y mejorando la recuperaci\u00f3n del tejido. Mejora la nutrici\u00f3n y la elasticidad de la piel combatiendo la aparici\u00f3n de arrugas finas y l\u00edneas de expresi\u00f3n.<\/p>\n<\/div>\n<\/div>\n<div class=\"product info detailed\">\n<div class=\"product data items\" role=\"tablist\">\n<h3 id=\"tab-label-description\" class=\"data item title\" tabindex=\"0\" role=\"tab\" data-role=\"collapsible\" data-collapsible=\"true\" aria-controls=\"description\" aria-selected=\"false\" aria-expanded=\"false\">Modo de empleo<\/h3>\n<div tabindex=\"0\" role=\"tab\" data-role=\"collapsible\" data-collapsible=\"true\" aria-controls=\"description\" aria-selected=\"false\" aria-expanded=\"false\">Agitar antes de usar. Evitar el contacto con los ojos durante la aplicaci\u00f3n. Aplicar a una distancia de 10-15 cm. Aplicar en cantidad suficiente (2mg\/cm2 de piel) media hora antes de la exposici\u00f3n, sobre la piel limpia y seca. Reaplicar cada 2 horas en caso de exposici\u00f3n solar directa, y especialmente despu\u00e9s de secarse con una toalla, despu\u00e9s del ba\u00f1o o en caso de sudoraci\u00f3n. Uso t\u00f3pico. Evitar el contacto directo con ojos y mucosas, en su caso, aclarar con abundante agua. No aplicar sobre heridas y\/o en caso de sensibilizaci\u00f3n cut\u00e1nea intensa.<\/div>\n<\/div>\n<\/div>\n","protected":false},"excerpt":{"rendered":"<div class=\"product__header-info\">\n<div class=\"product-info-main\">\n<div class=\"product attribute overview\">\n<div class=\"value\">Bruma corporal antiedad SPF30 de textura fresca y ultraligera que se pulveriza de forma uniforme sobre la piel sin necesidad de extender 200 ml. Ideal para uso al aire libre o sport. Puede aplicarse incluso sobre la piel mojada o sudada sin dejar residuo graso tras su aplicaci\u00f3n.<\/div>\n<\/div>\n<\/div>\n<\/div>\n<div id=\"gtx-trans\" style=\"position: absolute; left: -84px; top: 31px;\">\n<div class=\"gtx-trans-icon\"><\/div>\n<\/div>\n","protected":false},"featured_media":690,"template":"","meta":{"_monsterinsights_skip_tracking":false,"_monsterinsights_sitenote_active":false,"_monsterinsights_sitenote_note":"","_monsterinsights_sitenote_category":0},"product_brand":[],"product_cat":[58],"product_tag":[49],"class_list":{"0":"post-691","1":"product","2":"type-product","3":"status-publish","4":"has-post-thumbnail","6":"product_cat-cuidado-solar","7":"product_tag-mesoestetic-es","9":"first","10":"instock","11":"shipping-taxable","12":"purchasable","13":"product-type-simple"},"yoast_head":"<!-- This site is optimized with the Yoast SEO plugin v27.4 - https:\/\/yoast.com\/product\/yoast-seo-wordpress\/ -->\n<title>Mesoprotech antiaging body sun mist - soGuapa Beauty Expert<\/title>\n<meta name=\"robots\" content=\"index, follow, max-snippet:-1, max-image-preview:large, max-video-preview:-1\" \/>\n<link rel=\"canonical\" href=\"https:\/\/soguapa.com\/producto\/mesoprotech-antiaging-body-sun-mist\/\" \/>\n<meta property=\"og:locale\" content=\"es_ES\" \/>\n<meta property=\"og:type\" content=\"article\" \/>\n<meta property=\"og:title\" content=\"Mesoprotech antiaging body sun mist - soGuapa Beauty Expert\" \/>\n<meta property=\"og:description\" content=\"Bruma corporal antiedad SPF30 de textura fresca y ultraligera que se pulveriza de forma uniforme sobre la piel sin necesidad de extender 200 ml. Ideal para uso al aire libre o sport. Puede aplicarse incluso sobre la piel mojada o sudada sin dejar residuo graso tras su aplicaci\u00f3n.\" \/>\n<meta property=\"og:url\" content=\"https:\/\/soguapa.com\/producto\/mesoprotech-antiaging-body-sun-mist\/\" \/>\n<meta property=\"og:site_name\" content=\"soGuapa Beauty Expert\" \/>\n<meta property=\"article:publisher\" content=\"https:\/\/es-la.facebook.com\/SoguapabeautyExpert\/\" \/>\n<meta property=\"article:modified_time\" content=\"2022-05-22T13:21:27+00:00\" \/>\n<meta property=\"og:image\" content=\"https:\/\/soguapa.com\/wp-content\/uploads\/2022\/05\/mesoprotech-antiaging-body-sun-mist.png\" \/>\n\t<meta property=\"og:image:width\" content=\"650\" \/>\n\t<meta property=\"og:image:height\" content=\"650\" \/>\n\t<meta property=\"og:image:type\" content=\"image\/png\" \/>\n<meta name=\"twitter:card\" content=\"summary_large_image\" \/>\n<meta name=\"twitter:label1\" content=\"Tiempo de lectura\" \/>\n\t<meta name=\"twitter:data1\" content=\"1 minuto\" \/>\n<script type=\"application\/ld+json\" class=\"yoast-schema-graph\">{\"@context\":\"https:\\\/\\\/schema.org\",\"@graph\":[{\"@type\":\"WebPage\",\"@id\":\"https:\\\/\\\/soguapa.com\\\/producto\\\/mesoprotech-antiaging-body-sun-mist\\\/\",\"url\":\"https:\\\/\\\/soguapa.com\\\/producto\\\/mesoprotech-antiaging-body-sun-mist\\\/\",\"name\":\"Mesoprotech antiaging body sun mist - soGuapa Beauty Expert\",\"isPartOf\":{\"@id\":\"https:\\\/\\\/soguapa.com\\\/#website\"},\"primaryImageOfPage\":{\"@id\":\"https:\\\/\\\/soguapa.com\\\/producto\\\/mesoprotech-antiaging-body-sun-mist\\\/#primaryimage\"},\"image\":{\"@id\":\"https:\\\/\\\/soguapa.com\\\/producto\\\/mesoprotech-antiaging-body-sun-mist\\\/#primaryimage\"},\"thumbnailUrl\":\"https:\\\/\\\/soguapa.com\\\/wp-content\\\/uploads\\\/2022\\\/05\\\/mesoprotech-antiaging-body-sun-mist.png\",\"datePublished\":\"2022-05-21T17:19:54+00:00\",\"dateModified\":\"2022-05-22T13:21:27+00:00\",\"breadcrumb\":{\"@id\":\"https:\\\/\\\/soguapa.com\\\/producto\\\/mesoprotech-antiaging-body-sun-mist\\\/#breadcrumb\"},\"inLanguage\":\"es\",\"potentialAction\":[{\"@type\":\"ReadAction\",\"target\":[\"https:\\\/\\\/soguapa.com\\\/producto\\\/mesoprotech-antiaging-body-sun-mist\\\/\"]}]},{\"@type\":\"ImageObject\",\"inLanguage\":\"es\",\"@id\":\"https:\\\/\\\/soguapa.com\\\/producto\\\/mesoprotech-antiaging-body-sun-mist\\\/#primaryimage\",\"url\":\"https:\\\/\\\/soguapa.com\\\/wp-content\\\/uploads\\\/2022\\\/05\\\/mesoprotech-antiaging-body-sun-mist.png\",\"contentUrl\":\"https:\\\/\\\/soguapa.com\\\/wp-content\\\/uploads\\\/2022\\\/05\\\/mesoprotech-antiaging-body-sun-mist.png\",\"width\":650,\"height\":650},{\"@type\":\"BreadcrumbList\",\"@id\":\"https:\\\/\\\/soguapa.com\\\/producto\\\/mesoprotech-antiaging-body-sun-mist\\\/#breadcrumb\",\"itemListElement\":[{\"@type\":\"ListItem\",\"position\":1,\"name\":\"Home\",\"item\":\"https:\\\/\\\/soguapa.com\\\/\"},{\"@type\":\"ListItem\",\"position\":2,\"name\":\"Tienda\",\"item\":\"https:\\\/\\\/soguapa.com\\\/es\\\/tienda\\\/\"},{\"@type\":\"ListItem\",\"position\":3,\"name\":\"Mesoprotech antiaging body sun mist\"}]},{\"@type\":\"WebSite\",\"@id\":\"https:\\\/\\\/soguapa.com\\\/#website\",\"url\":\"https:\\\/\\\/soguapa.com\\\/\",\"name\":\"soGuapa Beauty Expert\",\"description\":\"Beauty Treatments Malta\",\"publisher\":{\"@id\":\"https:\\\/\\\/soguapa.com\\\/#organization\"},\"potentialAction\":[{\"@type\":\"SearchAction\",\"target\":{\"@type\":\"EntryPoint\",\"urlTemplate\":\"https:\\\/\\\/soguapa.com\\\/?s={search_term_string}\"},\"query-input\":{\"@type\":\"PropertyValueSpecification\",\"valueRequired\":true,\"valueName\":\"search_term_string\"}}],\"inLanguage\":\"es\"},{\"@type\":\"Organization\",\"@id\":\"https:\\\/\\\/soguapa.com\\\/#organization\",\"name\":\"soGuapa\",\"url\":\"https:\\\/\\\/soguapa.com\\\/\",\"logo\":{\"@type\":\"ImageObject\",\"inLanguage\":\"es\",\"@id\":\"https:\\\/\\\/soguapa.com\\\/#\\\/schema\\\/logo\\\/image\\\/\",\"url\":\"https:\\\/\\\/soguapa.com\\\/wp-content\\\/uploads\\\/2022\\\/05\\\/logo-So-Guapa-by-Ingrid.jpg\",\"contentUrl\":\"https:\\\/\\\/soguapa.com\\\/wp-content\\\/uploads\\\/2022\\\/05\\\/logo-So-Guapa-by-Ingrid.jpg\",\"width\":200,\"height\":80,\"caption\":\"soGuapa\"},\"image\":{\"@id\":\"https:\\\/\\\/soguapa.com\\\/#\\\/schema\\\/logo\\\/image\\\/\"},\"sameAs\":[\"https:\\\/\\\/es-la.facebook.com\\\/SoguapabeautyExpert\\\/\",\"https:\\\/\\\/www.instagram.com\\\/soguapabyingrid\\\/\"]}]}<\/script>\n<!-- \/ Yoast SEO plugin. -->","yoast_head_json":{"title":"Mesoprotech antiaging body sun mist - soGuapa Beauty Expert","robots":{"index":"index","follow":"follow","max-snippet":"max-snippet:-1","max-image-preview":"max-image-preview:large","max-video-preview":"max-video-preview:-1"},"canonical":"https:\/\/soguapa.com\/producto\/mesoprotech-antiaging-body-sun-mist\/","og_locale":"es_ES","og_type":"article","og_title":"Mesoprotech antiaging body sun mist - soGuapa Beauty Expert","og_description":"Bruma corporal antiedad SPF30 de textura fresca y ultraligera que se pulveriza de forma uniforme sobre la piel sin necesidad de extender 200 ml. Ideal para uso al aire libre o sport. Puede aplicarse incluso sobre la piel mojada o sudada sin dejar residuo graso tras su aplicaci\u00f3n.","og_url":"https:\/\/soguapa.com\/producto\/mesoprotech-antiaging-body-sun-mist\/","og_site_name":"soGuapa Beauty Expert","article_publisher":"https:\/\/es-la.facebook.com\/SoguapabeautyExpert\/","article_modified_time":"2022-05-22T13:21:27+00:00","og_image":[{"width":650,"height":650,"url":"https:\/\/soguapa.com\/wp-content\/uploads\/2022\/05\/mesoprotech-antiaging-body-sun-mist.png","type":"image\/png"}],"twitter_card":"summary_large_image","twitter_misc":{"Tiempo de lectura":"1 minuto"},"schema":{"@context":"https:\/\/schema.org","@graph":[{"@type":"WebPage","@id":"https:\/\/soguapa.com\/producto\/mesoprotech-antiaging-body-sun-mist\/","url":"https:\/\/soguapa.com\/producto\/mesoprotech-antiaging-body-sun-mist\/","name":"Mesoprotech antiaging body sun mist - soGuapa Beauty Expert","isPartOf":{"@id":"https:\/\/soguapa.com\/#website"},"primaryImageOfPage":{"@id":"https:\/\/soguapa.com\/producto\/mesoprotech-antiaging-body-sun-mist\/#primaryimage"},"image":{"@id":"https:\/\/soguapa.com\/producto\/mesoprotech-antiaging-body-sun-mist\/#primaryimage"},"thumbnailUrl":"https:\/\/soguapa.com\/wp-content\/uploads\/2022\/05\/mesoprotech-antiaging-body-sun-mist.png","datePublished":"2022-05-21T17:19:54+00:00","dateModified":"2022-05-22T13:21:27+00:00","breadcrumb":{"@id":"https:\/\/soguapa.com\/producto\/mesoprotech-antiaging-body-sun-mist\/#breadcrumb"},"inLanguage":"es","potentialAction":[{"@type":"ReadAction","target":["https:\/\/soguapa.com\/producto\/mesoprotech-antiaging-body-sun-mist\/"]}]},{"@type":"ImageObject","inLanguage":"es","@id":"https:\/\/soguapa.com\/producto\/mesoprotech-antiaging-body-sun-mist\/#primaryimage","url":"https:\/\/soguapa.com\/wp-content\/uploads\/2022\/05\/mesoprotech-antiaging-body-sun-mist.png","contentUrl":"https:\/\/soguapa.com\/wp-content\/uploads\/2022\/05\/mesoprotech-antiaging-body-sun-mist.png","width":650,"height":650},{"@type":"BreadcrumbList","@id":"https:\/\/soguapa.com\/producto\/mesoprotech-antiaging-body-sun-mist\/#breadcrumb","itemListElement":[{"@type":"ListItem","position":1,"name":"Home","item":"https:\/\/soguapa.com\/"},{"@type":"ListItem","position":2,"name":"Tienda","item":"https:\/\/soguapa.com\/es\/tienda\/"},{"@type":"ListItem","position":3,"name":"Mesoprotech antiaging body sun mist"}]},{"@type":"WebSite","@id":"https:\/\/soguapa.com\/#website","url":"https:\/\/soguapa.com\/","name":"soGuapa Beauty Expert","description":"Beauty Treatments Malta","publisher":{"@id":"https:\/\/soguapa.com\/#organization"},"potentialAction":[{"@type":"SearchAction","target":{"@type":"EntryPoint","urlTemplate":"https:\/\/soguapa.com\/?s={search_term_string}"},"query-input":{"@type":"PropertyValueSpecification","valueRequired":true,"valueName":"search_term_string"}}],"inLanguage":"es"},{"@type":"Organization","@id":"https:\/\/soguapa.com\/#organization","name":"soGuapa","url":"https:\/\/soguapa.com\/","logo":{"@type":"ImageObject","inLanguage":"es","@id":"https:\/\/soguapa.com\/#\/schema\/logo\/image\/","url":"https:\/\/soguapa.com\/wp-content\/uploads\/2022\/05\/logo-So-Guapa-by-Ingrid.jpg","contentUrl":"https:\/\/soguapa.com\/wp-content\/uploads\/2022\/05\/logo-So-Guapa-by-Ingrid.jpg","width":200,"height":80,"caption":"soGuapa"},"image":{"@id":"https:\/\/soguapa.com\/#\/schema\/logo\/image\/"},"sameAs":["https:\/\/es-la.facebook.com\/SoguapabeautyExpert\/","https:\/\/www.instagram.com\/soguapabyingrid\/"]}]}},"_links":{"self":[{"href":"https:\/\/soguapa.com\/es\/wp-json\/wp\/v2\/product\/691","targetHints":{"allow":["GET"]}}],"collection":[{"href":"https:\/\/soguapa.com\/es\/wp-json\/wp\/v2\/product"}],"about":[{"href":"https:\/\/soguapa.com\/es\/wp-json\/wp\/v2\/types\/product"}],"wp:featuredmedia":[{"embeddable":true,"href":"https:\/\/soguapa.com\/es\/wp-json\/wp\/v2\/media\/690"}],"wp:attachment":[{"href":"https:\/\/soguapa.com\/es\/wp-json\/wp\/v2\/media?parent=691"}],"wp:term":[{"taxonomy":"product_brand","embeddable":true,"href":"https:\/\/soguapa.com\/es\/wp-json\/wp\/v2\/product_brand?post=691"},{"taxonomy":"product_cat","embeddable":true,"href":"https:\/\/soguapa.com\/es\/wp-json\/wp\/v2\/product_cat?post=691"},{"taxonomy":"product_tag","embeddable":true,"href":"https:\/\/soguapa.com\/es\/wp-json\/wp\/v2\/product_tag?post=691"}],"curies":[{"name":"wp","href":"https:\/\/api.w.org\/{rel}","templated":true}]}}