{"id":4320,"date":"2024-07-09T13:53:45","date_gmt":"2024-07-09T13:53:45","guid":{"rendered":"https:\/\/soguapa.com\/product\/bodyshock-body-firming-cream\/"},"modified":"2024-07-09T13:55:44","modified_gmt":"2024-07-09T13:55:44","slug":"bodyshock-crema-tonificante-para-el-cuerpo","status":"publish","type":"product","link":"https:\/\/soguapa.com\/es\/producto\/bodyshock-crema-tonificante-para-el-cuerpo\/","title":{"rendered":"bodyshock\u00ae Firm&#8217; Up Body Firming Cream"},"content":{"rendered":"<div class=\"flex flex-grow flex-col max-w-full\">\n<div class=\"min-h-[20px] text-message flex flex-col items-start whitespace-pre-wrap break-words [.text-message+&amp;]:mt-5 juice:w-full juice:items-end overflow-x-auto gap-2\" dir=\"auto\" data-message-author-role=\"assistant\" data-message-id=\"05e90582-923f-4eb3-bf6e-9c377b64d6ac\">\n<div class=\"flex w-full flex-col gap-1 juice:empty:hidden juice:first:pt-[3px]\">\n<div class=\"markdown prose w-full break-words dark:prose-invert light\">\n<p>La <strong>bodyshock\u00ae Firm&#8217; Up Body Firming Cream<\/strong> es una crema reafirmante con ingredientes activos que tensan y reestructuran la piel, proporcionando una apariencia m\u00e1s firme y tonificada. Esta potente f\u00f3rmula combina el firmware complex\u2122, compuesto por cafe\u00edna y L-carnitina encapsuladas en liposomas, con extracto de Kigelia africana, brindando turgencia a zonas con flacidez como los brazos, gl\u00fateos y senos.<\/p>\n<p>El innovador complejo molecular de amino\u00e1cidos y prote\u00ednas hidrata profundamente la piel y proporciona un efecto tensor inmediato. Adem\u00e1s, la combinaci\u00f3n de la f\u00f3rmula con un rodillo de masaje mejora la aplicabilidad y la absorci\u00f3n del producto, potenciando el efecto de los ingredientes activos y ofreciendo una sensaci\u00f3n de frescura al instante.<\/p>\n<ul>\n<li><strong>Reafirma y tonifica la piel:<\/strong> Gracias a la cafe\u00edna y L-carnitina encapsuladas en liposomas, esta crema reafirmante trabaja eficazmente en \u00e1reas problem\u00e1ticas.<\/li>\n<li><strong>Hidrataci\u00f3n profunda y efecto tensor inmediato:<\/strong> Un complejo molecular de amino\u00e1cidos y prote\u00ednas asegura una piel hidratada y con un aspecto m\u00e1s firme al instante.<\/li>\n<li><strong>Mejora la aplicabilidad:<\/strong> La inclusi\u00f3n de un rodillo de masaje facilita la aplicaci\u00f3n del producto, asegurando una mejor distribuci\u00f3n y absorci\u00f3n de los ingredientes activos.<\/li>\n<li><strong>Sensaci\u00f3n de frescura:<\/strong> La f\u00f3rmula avanzada proporciona una sensaci\u00f3n refrescante que revitaliza la piel al contacto.<\/li>\n<\/ul>\n<p>Descubre los beneficios de <strong>bodyshock\u00ae Firm&#8217; Up Body Firming Cream<\/strong> y transforma tu piel con esta revolucionaria crema reafirmante.<\/p>\n<\/div>\n<\/div>\n<\/div>\n<\/div>\n","protected":false},"excerpt":{"rendered":"<p>La bodyshock\u00ae Firm&#8217; Up Body Firming Cream es una crema reafirmante con ingredientes activos que tensan y reestructuran la piel, proporcionando una apariencia m\u00e1s firme y tonificada. Esta potente f\u00f3rmula combina el firmware complex\u2122, compuesto por cafe\u00edna y L-carnitina encapsuladas en liposomas, con extracto de Kigelia africana, brindando turgencia a zonas con flacidez como los [&hellip;]<\/p>\n","protected":false},"featured_media":4317,"template":"","meta":{"_monsterinsights_skip_tracking":false,"_monsterinsights_sitenote_active":false,"_monsterinsights_sitenote_note":"","_monsterinsights_sitenote_category":0},"product_brand":[],"product_cat":[52,51],"product_tag":[49],"class_list":{"0":"post-4320","1":"product","2":"type-product","3":"status-publish","4":"has-post-thumbnail","6":"product_cat-bodyshock-es","7":"product_cat-cuidado-corporal","8":"product_tag-mesoestetic-es","10":"first","11":"instock","12":"shipping-taxable","13":"purchasable","14":"product-type-simple"},"yoast_head":"<!-- This site is optimized with the Yoast SEO plugin v27.3 - https:\/\/yoast.com\/product\/yoast-seo-wordpress\/ -->\n<title>bodyshock\u00ae Crema Reafirmante para el Cuerpo<\/title>\n<meta name=\"description\" content=\"Descubre los beneficios de bodyshock\u00ae Firm&#039; Up Body Firming Cream y transforma tu piel con esta revolucionaria crema reafirmante.\" \/>\n<meta name=\"robots\" content=\"index, follow, max-snippet:-1, max-image-preview:large, max-video-preview:-1\" \/>\n<link rel=\"canonical\" href=\"https:\/\/soguapa.com\/es\/producto\/bodyshock-crema-tonificante-para-el-cuerpo\/\" \/>\n<meta property=\"og:locale\" content=\"es_ES\" \/>\n<meta property=\"og:type\" content=\"article\" \/>\n<meta property=\"og:title\" content=\"bodyshock\u00ae Crema Reafirmante para el Cuerpo\" \/>\n<meta property=\"og:description\" content=\"Descubre los beneficios de bodyshock\u00ae Firm&#039; Up Body Firming Cream y transforma tu piel con esta revolucionaria crema reafirmante.\" \/>\n<meta property=\"og:url\" content=\"https:\/\/soguapa.com\/es\/producto\/bodyshock-crema-tonificante-para-el-cuerpo\/\" \/>\n<meta property=\"og:site_name\" content=\"soGuapa Beauty Expert\" \/>\n<meta property=\"article:publisher\" content=\"https:\/\/es-la.facebook.com\/SoguapabeautyExpert\/\" \/>\n<meta property=\"article:modified_time\" content=\"2024-07-09T13:55:44+00:00\" \/>\n<meta property=\"og:image\" content=\"https:\/\/soguapa.com\/wp-content\/uploads\/2024\/07\/bodyshock_firm_up_primario_secundario.jpg\" \/>\n\t<meta property=\"og:image:width\" content=\"650\" \/>\n\t<meta property=\"og:image:height\" content=\"650\" \/>\n\t<meta property=\"og:image:type\" content=\"image\/jpeg\" \/>\n<meta name=\"twitter:card\" content=\"summary_large_image\" \/>\n<meta name=\"twitter:label1\" content=\"Tiempo de lectura\" \/>\n\t<meta name=\"twitter:data1\" content=\"1 minuto\" \/>\n<script type=\"application\/ld+json\" class=\"yoast-schema-graph\">{\"@context\":\"https:\\\/\\\/schema.org\",\"@graph\":[{\"@type\":\"WebPage\",\"@id\":\"https:\\\/\\\/soguapa.com\\\/es\\\/producto\\\/bodyshock-crema-tonificante-para-el-cuerpo\\\/\",\"url\":\"https:\\\/\\\/soguapa.com\\\/es\\\/producto\\\/bodyshock-crema-tonificante-para-el-cuerpo\\\/\",\"name\":\"bodyshock\u00ae Crema Reafirmante para el Cuerpo\",\"isPartOf\":{\"@id\":\"https:\\\/\\\/soguapa.com\\\/#website\"},\"primaryImageOfPage\":{\"@id\":\"https:\\\/\\\/soguapa.com\\\/es\\\/producto\\\/bodyshock-crema-tonificante-para-el-cuerpo\\\/#primaryimage\"},\"image\":{\"@id\":\"https:\\\/\\\/soguapa.com\\\/es\\\/producto\\\/bodyshock-crema-tonificante-para-el-cuerpo\\\/#primaryimage\"},\"thumbnailUrl\":\"https:\\\/\\\/soguapa.com\\\/wp-content\\\/uploads\\\/2024\\\/07\\\/bodyshock_firm_up_primario_secundario.jpg\",\"datePublished\":\"2024-07-09T13:53:45+00:00\",\"dateModified\":\"2024-07-09T13:55:44+00:00\",\"description\":\"Descubre los beneficios de bodyshock\u00ae Firm' Up Body Firming Cream y transforma tu piel con esta revolucionaria crema reafirmante.\",\"breadcrumb\":{\"@id\":\"https:\\\/\\\/soguapa.com\\\/es\\\/producto\\\/bodyshock-crema-tonificante-para-el-cuerpo\\\/#breadcrumb\"},\"inLanguage\":\"es\",\"potentialAction\":[{\"@type\":\"ReadAction\",\"target\":[\"https:\\\/\\\/soguapa.com\\\/es\\\/producto\\\/bodyshock-crema-tonificante-para-el-cuerpo\\\/\"]}]},{\"@type\":\"ImageObject\",\"inLanguage\":\"es\",\"@id\":\"https:\\\/\\\/soguapa.com\\\/es\\\/producto\\\/bodyshock-crema-tonificante-para-el-cuerpo\\\/#primaryimage\",\"url\":\"https:\\\/\\\/soguapa.com\\\/wp-content\\\/uploads\\\/2024\\\/07\\\/bodyshock_firm_up_primario_secundario.jpg\",\"contentUrl\":\"https:\\\/\\\/soguapa.com\\\/wp-content\\\/uploads\\\/2024\\\/07\\\/bodyshock_firm_up_primario_secundario.jpg\",\"width\":650,\"height\":650,\"caption\":\"bodyshock_firm_up_soGuapa Malta\"},{\"@type\":\"BreadcrumbList\",\"@id\":\"https:\\\/\\\/soguapa.com\\\/es\\\/producto\\\/bodyshock-crema-tonificante-para-el-cuerpo\\\/#breadcrumb\",\"itemListElement\":[{\"@type\":\"ListItem\",\"position\":1,\"name\":\"Home\",\"item\":\"https:\\\/\\\/soguapa.com\\\/\"},{\"@type\":\"ListItem\",\"position\":2,\"name\":\"Tienda\",\"item\":\"https:\\\/\\\/soguapa.com\\\/es\\\/tienda\\\/\"},{\"@type\":\"ListItem\",\"position\":3,\"name\":\"bodyshock\u00ae Firm&#8217; Up Body Firming Cream\"}]},{\"@type\":\"WebSite\",\"@id\":\"https:\\\/\\\/soguapa.com\\\/#website\",\"url\":\"https:\\\/\\\/soguapa.com\\\/\",\"name\":\"soGuapa Beauty Expert\",\"description\":\"Beauty Treatments Malta\",\"publisher\":{\"@id\":\"https:\\\/\\\/soguapa.com\\\/#organization\"},\"potentialAction\":[{\"@type\":\"SearchAction\",\"target\":{\"@type\":\"EntryPoint\",\"urlTemplate\":\"https:\\\/\\\/soguapa.com\\\/?s={search_term_string}\"},\"query-input\":{\"@type\":\"PropertyValueSpecification\",\"valueRequired\":true,\"valueName\":\"search_term_string\"}}],\"inLanguage\":\"es\"},{\"@type\":\"Organization\",\"@id\":\"https:\\\/\\\/soguapa.com\\\/#organization\",\"name\":\"soGuapa\",\"url\":\"https:\\\/\\\/soguapa.com\\\/\",\"logo\":{\"@type\":\"ImageObject\",\"inLanguage\":\"es\",\"@id\":\"https:\\\/\\\/soguapa.com\\\/#\\\/schema\\\/logo\\\/image\\\/\",\"url\":\"https:\\\/\\\/soguapa.com\\\/wp-content\\\/uploads\\\/2022\\\/05\\\/logo-So-Guapa-by-Ingrid.jpg\",\"contentUrl\":\"https:\\\/\\\/soguapa.com\\\/wp-content\\\/uploads\\\/2022\\\/05\\\/logo-So-Guapa-by-Ingrid.jpg\",\"width\":200,\"height\":80,\"caption\":\"soGuapa\"},\"image\":{\"@id\":\"https:\\\/\\\/soguapa.com\\\/#\\\/schema\\\/logo\\\/image\\\/\"},\"sameAs\":[\"https:\\\/\\\/es-la.facebook.com\\\/SoguapabeautyExpert\\\/\",\"https:\\\/\\\/www.instagram.com\\\/soguapabyingrid\\\/\"]}]}<\/script>\n<!-- \/ Yoast SEO plugin. -->","yoast_head_json":{"title":"bodyshock\u00ae Crema Reafirmante para el Cuerpo","description":"Descubre los beneficios de bodyshock\u00ae Firm' Up Body Firming Cream y transforma tu piel con esta revolucionaria crema reafirmante.","robots":{"index":"index","follow":"follow","max-snippet":"max-snippet:-1","max-image-preview":"max-image-preview:large","max-video-preview":"max-video-preview:-1"},"canonical":"https:\/\/soguapa.com\/es\/producto\/bodyshock-crema-tonificante-para-el-cuerpo\/","og_locale":"es_ES","og_type":"article","og_title":"bodyshock\u00ae Crema Reafirmante para el Cuerpo","og_description":"Descubre los beneficios de bodyshock\u00ae Firm' Up Body Firming Cream y transforma tu piel con esta revolucionaria crema reafirmante.","og_url":"https:\/\/soguapa.com\/es\/producto\/bodyshock-crema-tonificante-para-el-cuerpo\/","og_site_name":"soGuapa Beauty Expert","article_publisher":"https:\/\/es-la.facebook.com\/SoguapabeautyExpert\/","article_modified_time":"2024-07-09T13:55:44+00:00","og_image":[{"width":650,"height":650,"url":"https:\/\/soguapa.com\/wp-content\/uploads\/2024\/07\/bodyshock_firm_up_primario_secundario.jpg","type":"image\/jpeg"}],"twitter_card":"summary_large_image","twitter_misc":{"Tiempo de lectura":"1 minuto"},"schema":{"@context":"https:\/\/schema.org","@graph":[{"@type":"WebPage","@id":"https:\/\/soguapa.com\/es\/producto\/bodyshock-crema-tonificante-para-el-cuerpo\/","url":"https:\/\/soguapa.com\/es\/producto\/bodyshock-crema-tonificante-para-el-cuerpo\/","name":"bodyshock\u00ae Crema Reafirmante para el Cuerpo","isPartOf":{"@id":"https:\/\/soguapa.com\/#website"},"primaryImageOfPage":{"@id":"https:\/\/soguapa.com\/es\/producto\/bodyshock-crema-tonificante-para-el-cuerpo\/#primaryimage"},"image":{"@id":"https:\/\/soguapa.com\/es\/producto\/bodyshock-crema-tonificante-para-el-cuerpo\/#primaryimage"},"thumbnailUrl":"https:\/\/soguapa.com\/wp-content\/uploads\/2024\/07\/bodyshock_firm_up_primario_secundario.jpg","datePublished":"2024-07-09T13:53:45+00:00","dateModified":"2024-07-09T13:55:44+00:00","description":"Descubre los beneficios de bodyshock\u00ae Firm' Up Body Firming Cream y transforma tu piel con esta revolucionaria crema reafirmante.","breadcrumb":{"@id":"https:\/\/soguapa.com\/es\/producto\/bodyshock-crema-tonificante-para-el-cuerpo\/#breadcrumb"},"inLanguage":"es","potentialAction":[{"@type":"ReadAction","target":["https:\/\/soguapa.com\/es\/producto\/bodyshock-crema-tonificante-para-el-cuerpo\/"]}]},{"@type":"ImageObject","inLanguage":"es","@id":"https:\/\/soguapa.com\/es\/producto\/bodyshock-crema-tonificante-para-el-cuerpo\/#primaryimage","url":"https:\/\/soguapa.com\/wp-content\/uploads\/2024\/07\/bodyshock_firm_up_primario_secundario.jpg","contentUrl":"https:\/\/soguapa.com\/wp-content\/uploads\/2024\/07\/bodyshock_firm_up_primario_secundario.jpg","width":650,"height":650,"caption":"bodyshock_firm_up_soGuapa Malta"},{"@type":"BreadcrumbList","@id":"https:\/\/soguapa.com\/es\/producto\/bodyshock-crema-tonificante-para-el-cuerpo\/#breadcrumb","itemListElement":[{"@type":"ListItem","position":1,"name":"Home","item":"https:\/\/soguapa.com\/"},{"@type":"ListItem","position":2,"name":"Tienda","item":"https:\/\/soguapa.com\/es\/tienda\/"},{"@type":"ListItem","position":3,"name":"bodyshock\u00ae Firm&#8217; Up Body Firming Cream"}]},{"@type":"WebSite","@id":"https:\/\/soguapa.com\/#website","url":"https:\/\/soguapa.com\/","name":"soGuapa Beauty Expert","description":"Beauty Treatments Malta","publisher":{"@id":"https:\/\/soguapa.com\/#organization"},"potentialAction":[{"@type":"SearchAction","target":{"@type":"EntryPoint","urlTemplate":"https:\/\/soguapa.com\/?s={search_term_string}"},"query-input":{"@type":"PropertyValueSpecification","valueRequired":true,"valueName":"search_term_string"}}],"inLanguage":"es"},{"@type":"Organization","@id":"https:\/\/soguapa.com\/#organization","name":"soGuapa","url":"https:\/\/soguapa.com\/","logo":{"@type":"ImageObject","inLanguage":"es","@id":"https:\/\/soguapa.com\/#\/schema\/logo\/image\/","url":"https:\/\/soguapa.com\/wp-content\/uploads\/2022\/05\/logo-So-Guapa-by-Ingrid.jpg","contentUrl":"https:\/\/soguapa.com\/wp-content\/uploads\/2022\/05\/logo-So-Guapa-by-Ingrid.jpg","width":200,"height":80,"caption":"soGuapa"},"image":{"@id":"https:\/\/soguapa.com\/#\/schema\/logo\/image\/"},"sameAs":["https:\/\/es-la.facebook.com\/SoguapabeautyExpert\/","https:\/\/www.instagram.com\/soguapabyingrid\/"]}]}},"_links":{"self":[{"href":"https:\/\/soguapa.com\/es\/wp-json\/wp\/v2\/product\/4320","targetHints":{"allow":["GET"]}}],"collection":[{"href":"https:\/\/soguapa.com\/es\/wp-json\/wp\/v2\/product"}],"about":[{"href":"https:\/\/soguapa.com\/es\/wp-json\/wp\/v2\/types\/product"}],"wp:featuredmedia":[{"embeddable":true,"href":"https:\/\/soguapa.com\/es\/wp-json\/wp\/v2\/media\/4317"}],"wp:attachment":[{"href":"https:\/\/soguapa.com\/es\/wp-json\/wp\/v2\/media?parent=4320"}],"wp:term":[{"taxonomy":"product_brand","embeddable":true,"href":"https:\/\/soguapa.com\/es\/wp-json\/wp\/v2\/product_brand?post=4320"},{"taxonomy":"product_cat","embeddable":true,"href":"https:\/\/soguapa.com\/es\/wp-json\/wp\/v2\/product_cat?post=4320"},{"taxonomy":"product_tag","embeddable":true,"href":"https:\/\/soguapa.com\/es\/wp-json\/wp\/v2\/product_tag?post=4320"}],"curies":[{"name":"wp","href":"https:\/\/api.w.org\/{rel}","templated":true}]}}