{"id":2517,"date":"2023-10-02T17:58:24","date_gmt":"2023-10-02T17:58:24","guid":{"rendered":"https:\/\/www.soguapa.com\/product\/2514\/"},"modified":"2023-11-08T07:46:21","modified_gmt":"2023-11-08T07:46:21","slug":"cabello-saludable-con-revit-hair","status":"publish","type":"product","link":"https:\/\/soguapa.com\/es\/producto\/cabello-saludable-con-revit-hair\/","title":{"rendered":"Revit Hair"},"content":{"rendered":"<p><strong>Desata el Poder del Cabello Saludable con Revit Hair<\/strong><\/p>\n<p>Te presentamos Revit Hair, un poderoso tratamiento que fortalece, equilibra y revitaliza tu cabello desde la ra\u00edz. <em><strong>Disponible en un paquete de 5 unidades x 5 ml<\/strong><\/em>, Revit Hair estimula los fol\u00edculos capilares y los nutre, asegurando un cabello sano, fuerte y con volumen. Protege contra la alopecia androg\u00e9nica, la alopecia areata y el efluvio tel\u00f3geno.<\/p>\n<p><strong>\u00bfC\u00f3mo Funciona?<\/strong><\/p>\n<p>Revit Hair promueve la microcirculaci\u00f3n, fortalece el cuero cabelludo y los fol\u00edculos pilosos, y estimula el crecimiento de nuevo cabello. Tambi\u00e9n tiene propiedades antibacterianas y apoya la salud del cuero cabelludo.<\/p>\n<p><strong>Principios Activos<\/strong><\/p>\n<ul>\n<li><strong>Aqua, Panthenol, Mannitol, Propylene Glycol<\/strong><\/li>\n<li><strong>Curcuma Longa Callus Conditioned Media, Methylsilanol Mannuronate<\/strong><\/li>\n<li><strong>Ginkgo Biloba Leaf Extract, Carboxyethyl Aminobutyric Acid<\/strong><\/li>\n<li><strong>Centella Asiatica Extract, Sodium Hyaluronate<\/strong><\/li>\n<li><strong>Niacinamide, Biotin, Troxerutin, Phytic Acid, Riboflavin<\/strong><\/li>\n<\/ul>\n<p>Estos ingredientes trabajan juntos para estimular el crecimiento de cabello sano, mejorar la microcirculaci\u00f3n sangu\u00ednea en el cuero cabelludo, oxigenar el fol\u00edculo piloso, ejercer un efecto calmante, hidratar el cuero cabelludo y aumentar el crecimiento del cabello.<\/p>\n<p><strong>Beneficios<\/strong><\/p>\n<p>Experimenta la estimulaci\u00f3n del crecimiento de cabello sano, la mejora de la microcirculaci\u00f3n sangu\u00ednea en el cuero cabelludo, la oxigenaci\u00f3n del fol\u00edculo piloso, un efecto calmante, la hidrataci\u00f3n del cuero cabelludo y el aumento del crecimiento del cabello con Revit Hair.<\/p>\n<p><strong>Zona a Tratar<\/strong><\/p>\n<p>Revit Hair es perfecto para aplicar en el cuero cabelludo, ofreciendo una soluci\u00f3n integral para el crecimiento del cabello y la salud del cuero cabelludo.<\/p>\n<p>\u00a1Entra en un mundo de belleza y confianza mejorada con Revit Hair! \u00a1Ordena ahora y embarca en tu viaje hacia un cabello m\u00e1s saludable, fuerte y voluminoso!<\/p>\n","protected":false},"excerpt":{"rendered":"<p>Desata el Poder del Cabello Saludable con Revit Hair Te presentamos Revit Hair, un poderoso tratamiento que fortalece, equilibra y revitaliza tu cabello desde la ra\u00edz. Disponible en un paquete de 5 unidades x 5 ml, Revit Hair estimula los fol\u00edculos capilares y los nutre, asegurando un cabello sano, fuerte y con volumen. Protege contra [&hellip;]<\/p>\n","protected":false},"featured_media":2516,"template":"","meta":{"_monsterinsights_skip_tracking":false,"_monsterinsights_sitenote_active":false,"_monsterinsights_sitenote_note":"","_monsterinsights_sitenote_category":0},"product_brand":[],"product_cat":[79],"product_tag":[80],"class_list":{"0":"post-2517","1":"product","2":"type-product","3":"status-publish","4":"has-post-thumbnail","6":"product_cat-professional-es","7":"product_tag-pro-es","9":"first","10":"instock","11":"shipping-taxable","12":"purchasable","13":"product-type-simple"},"yoast_head":"<!-- This site is optimized with the Yoast SEO plugin v27.5 - https:\/\/yoast.com\/product\/yoast-seo-wordpress\/ -->\n<title>Cabello Saludable con Revit Hair<\/title>\n<meta name=\"description\" content=\"Revit Hair es perfecto para aplicar en el cuero cabelludo, ofreciendo una soluci\u00f3n integral para el crecimiento del cabello y la salud del cuero cabelludo.\" \/>\n<meta name=\"robots\" content=\"index, follow, max-snippet:-1, max-image-preview:large, max-video-preview:-1\" \/>\n<link rel=\"canonical\" href=\"https:\/\/soguapa.com\/producto\/healthy-hair-with-revit-hair\/\" \/>\n<meta property=\"og:locale\" content=\"es_ES\" \/>\n<meta property=\"og:type\" content=\"article\" \/>\n<meta property=\"og:title\" content=\"Cabello Saludable con Revit Hair\" \/>\n<meta property=\"og:description\" content=\"Revit Hair es perfecto para aplicar en el cuero cabelludo, ofreciendo una soluci\u00f3n integral para el crecimiento del cabello y la salud del cuero cabelludo.\" \/>\n<meta property=\"og:url\" content=\"https:\/\/soguapa.com\/producto\/healthy-hair-with-revit-hair\/\" \/>\n<meta property=\"og:site_name\" content=\"soGuapa Beauty Expert\" \/>\n<meta property=\"article:publisher\" content=\"https:\/\/es-la.facebook.com\/SoguapabeautyExpert\/\" \/>\n<meta property=\"article:modified_time\" content=\"2023-11-08T07:46:21+00:00\" \/>\n<meta property=\"og:image\" content=\"https:\/\/soguapa.com\/wp-content\/uploads\/2023\/10\/REVIT-HAIR.jpg\" \/>\n\t<meta property=\"og:image:width\" content=\"450\" \/>\n\t<meta property=\"og:image:height\" content=\"340\" \/>\n\t<meta property=\"og:image:type\" content=\"image\/jpeg\" \/>\n<meta name=\"twitter:card\" content=\"summary_large_image\" \/>\n<meta name=\"twitter:label1\" content=\"Tiempo de lectura\" \/>\n\t<meta name=\"twitter:data1\" content=\"1 minuto\" \/>\n<script type=\"application\/ld+json\" class=\"yoast-schema-graph\">{\"@context\":\"https:\\\/\\\/schema.org\",\"@graph\":[{\"@type\":\"WebPage\",\"@id\":\"https:\\\/\\\/soguapa.com\\\/producto\\\/healthy-hair-with-revit-hair\\\/\",\"url\":\"https:\\\/\\\/soguapa.com\\\/producto\\\/healthy-hair-with-revit-hair\\\/\",\"name\":\"Cabello Saludable con Revit Hair\",\"isPartOf\":{\"@id\":\"https:\\\/\\\/soguapa.com\\\/#website\"},\"primaryImageOfPage\":{\"@id\":\"https:\\\/\\\/soguapa.com\\\/producto\\\/healthy-hair-with-revit-hair\\\/#primaryimage\"},\"image\":{\"@id\":\"https:\\\/\\\/soguapa.com\\\/producto\\\/healthy-hair-with-revit-hair\\\/#primaryimage\"},\"thumbnailUrl\":\"https:\\\/\\\/soguapa.com\\\/wp-content\\\/uploads\\\/2023\\\/10\\\/REVIT-HAIR.jpg\",\"datePublished\":\"2023-10-02T17:58:24+00:00\",\"dateModified\":\"2023-11-08T07:46:21+00:00\",\"description\":\"Revit Hair es perfecto para aplicar en el cuero cabelludo, ofreciendo una soluci\u00f3n integral para el crecimiento del cabello y la salud del cuero cabelludo.\",\"breadcrumb\":{\"@id\":\"https:\\\/\\\/soguapa.com\\\/producto\\\/healthy-hair-with-revit-hair\\\/#breadcrumb\"},\"inLanguage\":\"es\",\"potentialAction\":[{\"@type\":\"ReadAction\",\"target\":[\"https:\\\/\\\/soguapa.com\\\/producto\\\/healthy-hair-with-revit-hair\\\/\"]}]},{\"@type\":\"ImageObject\",\"inLanguage\":\"es\",\"@id\":\"https:\\\/\\\/soguapa.com\\\/producto\\\/healthy-hair-with-revit-hair\\\/#primaryimage\",\"url\":\"https:\\\/\\\/soguapa.com\\\/wp-content\\\/uploads\\\/2023\\\/10\\\/REVIT-HAIR.jpg\",\"contentUrl\":\"https:\\\/\\\/soguapa.com\\\/wp-content\\\/uploads\\\/2023\\\/10\\\/REVIT-HAIR.jpg\",\"width\":450,\"height\":340},{\"@type\":\"BreadcrumbList\",\"@id\":\"https:\\\/\\\/soguapa.com\\\/producto\\\/healthy-hair-with-revit-hair\\\/#breadcrumb\",\"itemListElement\":[{\"@type\":\"ListItem\",\"position\":1,\"name\":\"Home\",\"item\":\"https:\\\/\\\/soguapa.com\\\/\"},{\"@type\":\"ListItem\",\"position\":2,\"name\":\"Tienda\",\"item\":\"https:\\\/\\\/soguapa.com\\\/es\\\/tienda\\\/\"},{\"@type\":\"ListItem\",\"position\":3,\"name\":\"Revit Hair\"}]},{\"@type\":\"WebSite\",\"@id\":\"https:\\\/\\\/soguapa.com\\\/#website\",\"url\":\"https:\\\/\\\/soguapa.com\\\/\",\"name\":\"soGuapa Beauty Expert\",\"description\":\"Beauty Treatments Malta\",\"publisher\":{\"@id\":\"https:\\\/\\\/soguapa.com\\\/#organization\"},\"potentialAction\":[{\"@type\":\"SearchAction\",\"target\":{\"@type\":\"EntryPoint\",\"urlTemplate\":\"https:\\\/\\\/soguapa.com\\\/?s={search_term_string}\"},\"query-input\":{\"@type\":\"PropertyValueSpecification\",\"valueRequired\":true,\"valueName\":\"search_term_string\"}}],\"inLanguage\":\"es\"},{\"@type\":\"Organization\",\"@id\":\"https:\\\/\\\/soguapa.com\\\/#organization\",\"name\":\"soGuapa\",\"url\":\"https:\\\/\\\/soguapa.com\\\/\",\"logo\":{\"@type\":\"ImageObject\",\"inLanguage\":\"es\",\"@id\":\"https:\\\/\\\/soguapa.com\\\/#\\\/schema\\\/logo\\\/image\\\/\",\"url\":\"https:\\\/\\\/soguapa.com\\\/wp-content\\\/uploads\\\/2022\\\/05\\\/logo-So-Guapa-by-Ingrid.jpg\",\"contentUrl\":\"https:\\\/\\\/soguapa.com\\\/wp-content\\\/uploads\\\/2022\\\/05\\\/logo-So-Guapa-by-Ingrid.jpg\",\"width\":200,\"height\":80,\"caption\":\"soGuapa\"},\"image\":{\"@id\":\"https:\\\/\\\/soguapa.com\\\/#\\\/schema\\\/logo\\\/image\\\/\"},\"sameAs\":[\"https:\\\/\\\/es-la.facebook.com\\\/SoguapabeautyExpert\\\/\",\"https:\\\/\\\/www.instagram.com\\\/soguapabyingrid\\\/\"]}]}<\/script>\n<!-- \/ Yoast SEO plugin. -->","yoast_head_json":{"title":"Cabello Saludable con Revit Hair","description":"Revit Hair es perfecto para aplicar en el cuero cabelludo, ofreciendo una soluci\u00f3n integral para el crecimiento del cabello y la salud del cuero cabelludo.","robots":{"index":"index","follow":"follow","max-snippet":"max-snippet:-1","max-image-preview":"max-image-preview:large","max-video-preview":"max-video-preview:-1"},"canonical":"https:\/\/soguapa.com\/producto\/healthy-hair-with-revit-hair\/","og_locale":"es_ES","og_type":"article","og_title":"Cabello Saludable con Revit Hair","og_description":"Revit Hair es perfecto para aplicar en el cuero cabelludo, ofreciendo una soluci\u00f3n integral para el crecimiento del cabello y la salud del cuero cabelludo.","og_url":"https:\/\/soguapa.com\/producto\/healthy-hair-with-revit-hair\/","og_site_name":"soGuapa Beauty Expert","article_publisher":"https:\/\/es-la.facebook.com\/SoguapabeautyExpert\/","article_modified_time":"2023-11-08T07:46:21+00:00","og_image":[{"width":450,"height":340,"url":"https:\/\/soguapa.com\/wp-content\/uploads\/2023\/10\/REVIT-HAIR.jpg","type":"image\/jpeg"}],"twitter_card":"summary_large_image","twitter_misc":{"Tiempo de lectura":"1 minuto"},"schema":{"@context":"https:\/\/schema.org","@graph":[{"@type":"WebPage","@id":"https:\/\/soguapa.com\/producto\/healthy-hair-with-revit-hair\/","url":"https:\/\/soguapa.com\/producto\/healthy-hair-with-revit-hair\/","name":"Cabello Saludable con Revit Hair","isPartOf":{"@id":"https:\/\/soguapa.com\/#website"},"primaryImageOfPage":{"@id":"https:\/\/soguapa.com\/producto\/healthy-hair-with-revit-hair\/#primaryimage"},"image":{"@id":"https:\/\/soguapa.com\/producto\/healthy-hair-with-revit-hair\/#primaryimage"},"thumbnailUrl":"https:\/\/soguapa.com\/wp-content\/uploads\/2023\/10\/REVIT-HAIR.jpg","datePublished":"2023-10-02T17:58:24+00:00","dateModified":"2023-11-08T07:46:21+00:00","description":"Revit Hair es perfecto para aplicar en el cuero cabelludo, ofreciendo una soluci\u00f3n integral para el crecimiento del cabello y la salud del cuero cabelludo.","breadcrumb":{"@id":"https:\/\/soguapa.com\/producto\/healthy-hair-with-revit-hair\/#breadcrumb"},"inLanguage":"es","potentialAction":[{"@type":"ReadAction","target":["https:\/\/soguapa.com\/producto\/healthy-hair-with-revit-hair\/"]}]},{"@type":"ImageObject","inLanguage":"es","@id":"https:\/\/soguapa.com\/producto\/healthy-hair-with-revit-hair\/#primaryimage","url":"https:\/\/soguapa.com\/wp-content\/uploads\/2023\/10\/REVIT-HAIR.jpg","contentUrl":"https:\/\/soguapa.com\/wp-content\/uploads\/2023\/10\/REVIT-HAIR.jpg","width":450,"height":340},{"@type":"BreadcrumbList","@id":"https:\/\/soguapa.com\/producto\/healthy-hair-with-revit-hair\/#breadcrumb","itemListElement":[{"@type":"ListItem","position":1,"name":"Home","item":"https:\/\/soguapa.com\/"},{"@type":"ListItem","position":2,"name":"Tienda","item":"https:\/\/soguapa.com\/es\/tienda\/"},{"@type":"ListItem","position":3,"name":"Revit Hair"}]},{"@type":"WebSite","@id":"https:\/\/soguapa.com\/#website","url":"https:\/\/soguapa.com\/","name":"soGuapa Beauty Expert","description":"Beauty Treatments Malta","publisher":{"@id":"https:\/\/soguapa.com\/#organization"},"potentialAction":[{"@type":"SearchAction","target":{"@type":"EntryPoint","urlTemplate":"https:\/\/soguapa.com\/?s={search_term_string}"},"query-input":{"@type":"PropertyValueSpecification","valueRequired":true,"valueName":"search_term_string"}}],"inLanguage":"es"},{"@type":"Organization","@id":"https:\/\/soguapa.com\/#organization","name":"soGuapa","url":"https:\/\/soguapa.com\/","logo":{"@type":"ImageObject","inLanguage":"es","@id":"https:\/\/soguapa.com\/#\/schema\/logo\/image\/","url":"https:\/\/soguapa.com\/wp-content\/uploads\/2022\/05\/logo-So-Guapa-by-Ingrid.jpg","contentUrl":"https:\/\/soguapa.com\/wp-content\/uploads\/2022\/05\/logo-So-Guapa-by-Ingrid.jpg","width":200,"height":80,"caption":"soGuapa"},"image":{"@id":"https:\/\/soguapa.com\/#\/schema\/logo\/image\/"},"sameAs":["https:\/\/es-la.facebook.com\/SoguapabeautyExpert\/","https:\/\/www.instagram.com\/soguapabyingrid\/"]}]}},"_links":{"self":[{"href":"https:\/\/soguapa.com\/es\/wp-json\/wp\/v2\/product\/2517","targetHints":{"allow":["GET"]}}],"collection":[{"href":"https:\/\/soguapa.com\/es\/wp-json\/wp\/v2\/product"}],"about":[{"href":"https:\/\/soguapa.com\/es\/wp-json\/wp\/v2\/types\/product"}],"wp:featuredmedia":[{"embeddable":true,"href":"https:\/\/soguapa.com\/es\/wp-json\/wp\/v2\/media\/2516"}],"wp:attachment":[{"href":"https:\/\/soguapa.com\/es\/wp-json\/wp\/v2\/media?parent=2517"}],"wp:term":[{"taxonomy":"product_brand","embeddable":true,"href":"https:\/\/soguapa.com\/es\/wp-json\/wp\/v2\/product_brand?post=2517"},{"taxonomy":"product_cat","embeddable":true,"href":"https:\/\/soguapa.com\/es\/wp-json\/wp\/v2\/product_cat?post=2517"},{"taxonomy":"product_tag","embeddable":true,"href":"https:\/\/soguapa.com\/es\/wp-json\/wp\/v2\/product_tag?post=2517"}],"curies":[{"name":"wp","href":"https:\/\/api.w.org\/{rel}","templated":true}]}}