{"id":2512,"date":"2023-10-02T17:37:30","date_gmt":"2023-10-02T17:37:30","guid":{"rendered":"https:\/\/www.soguapa.com\/product\/lipocell\/"},"modified":"2023-10-02T17:42:47","modified_gmt":"2023-10-02T17:42:47","slug":"lipocell","status":"publish","type":"product","link":"https:\/\/soguapa.com\/es\/producto\/lipocell\/","title":{"rendered":"Lipocell"},"content":{"rendered":"<p><strong>Lipocell: Tu Soluci\u00f3n Definitiva para la Celulitis Compacta o Fibrosa<\/strong><\/p>\n<p>Te presentamos Lipocell, un tratamiento especializado para la celulitis compacta o fibrosa. Disponible en un paquete de 5 unidades x 10 ml, Lipocell trabaja eficazmente para extraer el exceso de l\u00edquido y los productos de desecho de la piel, asegurando una apariencia m\u00e1s suave y libre de celulitis.<\/p>\n<p><strong>\u00bfC\u00f3mo Funciona?<\/strong><\/p>\n<p>Lipocell acelera la lip\u00f3lisis y bioestimula la producci\u00f3n de fibras de col\u00e1geno y elastina, mejorando la microcirculaci\u00f3n y la ejecuci\u00f3n lipol\u00edtica. Contiene t\u00e9 verde, rico en taninos y catequinas, que ofrecen una potente protecci\u00f3n antioxidante para la piel, reduciendo la inflamaci\u00f3n y protegiendo contra agentes externos.<\/p>\n<p><strong>Principios Activos<\/strong><\/p>\n<ul>\n<li><strong>Agentes Drenantes, Algas y T\u00e9 Verde<\/strong><\/li>\n<li><strong>Aqua, Propylene Glycol, Glycerin, Glycogen, Alcohol Denat, Fucus Vesiculosus Extract, Camellia Sinensis Leaf Extract, Hedera Helix Leaf\/Stem Extract, Equisetum Arvense Extract, Ceratonia Siliqua Fruit Extract<\/strong><\/li>\n<\/ul>\n<p>Estos ingredientes trabajan juntos para mejorar la eliminaci\u00f3n de grasas, reducir la retenci\u00f3n de l\u00edquidos y mejorar el tono y la textura de la piel.<\/p>\n<p><strong>Beneficios<\/strong><\/p>\n<p>Lipocell es un poderoso tratamiento anti-grasa gracias a su alto contenido en cafe\u00edna. Facilita la digesti\u00f3n, ayuda a reducir la retenci\u00f3n de l\u00edquidos y regula el intestino. Experimenta la reducci\u00f3n en la apariencia de la celulitis, el acelerado metabolismo de l\u00edpidos y la mejora del tono y la textura de la piel.<\/p>\n<p><strong>Zona a Tratar<\/strong><\/p>\n<p>Lipocell es perfecto para aplicar en el abdomen, gl\u00fateos y muslos, ofreciendo una soluci\u00f3n integral para el tratamiento de la celulitis y el realce de la piel.<\/p>\n<p>\u00a1Entra en un mundo de belleza y confianza mejorada con Lipocell! \u00a1Ordena ahora y embarca en tu viaje hacia una piel m\u00e1s suave y libre de celulitis!<\/p>\n","protected":false},"excerpt":{"rendered":"<p>Lipocell: Tu Soluci\u00f3n Definitiva para la Celulitis Compacta o Fibrosa Te presentamos Lipocell, un tratamiento especializado para la celulitis compacta o fibrosa. Disponible en un paquete de 5 unidades x 10 ml, Lipocell trabaja eficazmente para extraer el exceso de l\u00edquido y los productos de desecho de la piel, asegurando una apariencia m\u00e1s suave y [&hellip;]<\/p>\n","protected":false},"featured_media":2511,"template":"","meta":{"_monsterinsights_skip_tracking":false,"_monsterinsights_sitenote_active":false,"_monsterinsights_sitenote_note":"","_monsterinsights_sitenote_category":0},"product_brand":[],"product_cat":[79],"product_tag":[80],"class_list":{"0":"post-2512","1":"product","2":"type-product","3":"status-publish","4":"has-post-thumbnail","6":"product_cat-professional-es","7":"product_tag-pro-es","9":"first","10":"instock","11":"shipping-taxable","12":"purchasable","13":"product-type-simple"},"yoast_head":"<!-- This site is optimized with the Yoast SEO plugin v27.6 - https:\/\/yoast.com\/product\/yoast-seo-wordpress\/ -->\n<title>Lipocell: Tu Soluci\u00f3n Definitiva para la Celulitis Compacta o Fibrosa<\/title>\n<meta name=\"description\" content=\"Experimenta la reducci\u00f3n en la apariencia de la celulitis, el acelerado metabolismo de l\u00edpidos y la mejora del tono y la textura de la piel.\" \/>\n<meta name=\"robots\" content=\"index, follow, max-snippet:-1, max-image-preview:large, max-video-preview:-1\" \/>\n<link rel=\"canonical\" href=\"https:\/\/soguapa.com\/producto\/lipocell\/\" \/>\n<meta property=\"og:locale\" content=\"es_ES\" \/>\n<meta property=\"og:type\" content=\"article\" \/>\n<meta property=\"og:title\" content=\"Lipocell: Tu Soluci\u00f3n Definitiva para la Celulitis Compacta o Fibrosa\" \/>\n<meta property=\"og:description\" content=\"Experimenta la reducci\u00f3n en la apariencia de la celulitis, el acelerado metabolismo de l\u00edpidos y la mejora del tono y la textura de la piel.\" \/>\n<meta property=\"og:url\" content=\"https:\/\/soguapa.com\/producto\/lipocell\/\" \/>\n<meta property=\"og:site_name\" content=\"soGuapa Beauty Expert\" \/>\n<meta property=\"article:publisher\" content=\"https:\/\/es-la.facebook.com\/SoguapabeautyExpert\/\" \/>\n<meta property=\"article:modified_time\" content=\"2023-10-02T17:42:47+00:00\" \/>\n<meta property=\"og:image\" content=\"https:\/\/soguapa.com\/wp-content\/uploads\/2023\/10\/LIPOCELL.jpg\" \/>\n\t<meta property=\"og:image:width\" content=\"450\" \/>\n\t<meta property=\"og:image:height\" content=\"340\" \/>\n\t<meta property=\"og:image:type\" content=\"image\/jpeg\" \/>\n<meta name=\"twitter:card\" content=\"summary_large_image\" \/>\n<meta name=\"twitter:label1\" content=\"Tiempo de lectura\" \/>\n\t<meta name=\"twitter:data1\" content=\"1 minuto\" \/>\n<script type=\"application\/ld+json\" class=\"yoast-schema-graph\">{\"@context\":\"https:\\\/\\\/schema.org\",\"@graph\":[{\"@type\":\"WebPage\",\"@id\":\"https:\\\/\\\/soguapa.com\\\/producto\\\/lipocell\\\/\",\"url\":\"https:\\\/\\\/soguapa.com\\\/producto\\\/lipocell\\\/\",\"name\":\"Lipocell: Tu Soluci\u00f3n Definitiva para la Celulitis Compacta o Fibrosa\",\"isPartOf\":{\"@id\":\"https:\\\/\\\/soguapa.com\\\/#website\"},\"primaryImageOfPage\":{\"@id\":\"https:\\\/\\\/soguapa.com\\\/producto\\\/lipocell\\\/#primaryimage\"},\"image\":{\"@id\":\"https:\\\/\\\/soguapa.com\\\/producto\\\/lipocell\\\/#primaryimage\"},\"thumbnailUrl\":\"https:\\\/\\\/soguapa.com\\\/wp-content\\\/uploads\\\/2023\\\/10\\\/LIPOCELL.jpg\",\"datePublished\":\"2023-10-02T17:37:30+00:00\",\"dateModified\":\"2023-10-02T17:42:47+00:00\",\"description\":\"Experimenta la reducci\u00f3n en la apariencia de la celulitis, el acelerado metabolismo de l\u00edpidos y la mejora del tono y la textura de la piel.\",\"breadcrumb\":{\"@id\":\"https:\\\/\\\/soguapa.com\\\/producto\\\/lipocell\\\/#breadcrumb\"},\"inLanguage\":\"es\",\"potentialAction\":[{\"@type\":\"ReadAction\",\"target\":[\"https:\\\/\\\/soguapa.com\\\/producto\\\/lipocell\\\/\"]}]},{\"@type\":\"ImageObject\",\"inLanguage\":\"es\",\"@id\":\"https:\\\/\\\/soguapa.com\\\/producto\\\/lipocell\\\/#primaryimage\",\"url\":\"https:\\\/\\\/soguapa.com\\\/wp-content\\\/uploads\\\/2023\\\/10\\\/LIPOCELL.jpg\",\"contentUrl\":\"https:\\\/\\\/soguapa.com\\\/wp-content\\\/uploads\\\/2023\\\/10\\\/LIPOCELL.jpg\",\"width\":450,\"height\":340},{\"@type\":\"BreadcrumbList\",\"@id\":\"https:\\\/\\\/soguapa.com\\\/producto\\\/lipocell\\\/#breadcrumb\",\"itemListElement\":[{\"@type\":\"ListItem\",\"position\":1,\"name\":\"Home\",\"item\":\"https:\\\/\\\/soguapa.com\\\/\"},{\"@type\":\"ListItem\",\"position\":2,\"name\":\"Tienda\",\"item\":\"https:\\\/\\\/soguapa.com\\\/es\\\/tienda\\\/\"},{\"@type\":\"ListItem\",\"position\":3,\"name\":\"Lipocell\"}]},{\"@type\":\"WebSite\",\"@id\":\"https:\\\/\\\/soguapa.com\\\/#website\",\"url\":\"https:\\\/\\\/soguapa.com\\\/\",\"name\":\"soGuapa Beauty Expert\",\"description\":\"Beauty Treatments Malta\",\"publisher\":{\"@id\":\"https:\\\/\\\/soguapa.com\\\/#organization\"},\"potentialAction\":[{\"@type\":\"SearchAction\",\"target\":{\"@type\":\"EntryPoint\",\"urlTemplate\":\"https:\\\/\\\/soguapa.com\\\/?s={search_term_string}\"},\"query-input\":{\"@type\":\"PropertyValueSpecification\",\"valueRequired\":true,\"valueName\":\"search_term_string\"}}],\"inLanguage\":\"es\"},{\"@type\":\"Organization\",\"@id\":\"https:\\\/\\\/soguapa.com\\\/#organization\",\"name\":\"soGuapa\",\"url\":\"https:\\\/\\\/soguapa.com\\\/\",\"logo\":{\"@type\":\"ImageObject\",\"inLanguage\":\"es\",\"@id\":\"https:\\\/\\\/soguapa.com\\\/#\\\/schema\\\/logo\\\/image\\\/\",\"url\":\"https:\\\/\\\/soguapa.com\\\/wp-content\\\/uploads\\\/2022\\\/05\\\/logo-So-Guapa-by-Ingrid.jpg\",\"contentUrl\":\"https:\\\/\\\/soguapa.com\\\/wp-content\\\/uploads\\\/2022\\\/05\\\/logo-So-Guapa-by-Ingrid.jpg\",\"width\":200,\"height\":80,\"caption\":\"soGuapa\"},\"image\":{\"@id\":\"https:\\\/\\\/soguapa.com\\\/#\\\/schema\\\/logo\\\/image\\\/\"},\"sameAs\":[\"https:\\\/\\\/es-la.facebook.com\\\/SoguapabeautyExpert\\\/\",\"https:\\\/\\\/www.instagram.com\\\/soguapabyingrid\\\/\"]}]}<\/script>\n<!-- \/ Yoast SEO plugin. -->","yoast_head_json":{"title":"Lipocell: Tu Soluci\u00f3n Definitiva para la Celulitis Compacta o Fibrosa","description":"Experimenta la reducci\u00f3n en la apariencia de la celulitis, el acelerado metabolismo de l\u00edpidos y la mejora del tono y la textura de la piel.","robots":{"index":"index","follow":"follow","max-snippet":"max-snippet:-1","max-image-preview":"max-image-preview:large","max-video-preview":"max-video-preview:-1"},"canonical":"https:\/\/soguapa.com\/producto\/lipocell\/","og_locale":"es_ES","og_type":"article","og_title":"Lipocell: Tu Soluci\u00f3n Definitiva para la Celulitis Compacta o Fibrosa","og_description":"Experimenta la reducci\u00f3n en la apariencia de la celulitis, el acelerado metabolismo de l\u00edpidos y la mejora del tono y la textura de la piel.","og_url":"https:\/\/soguapa.com\/producto\/lipocell\/","og_site_name":"soGuapa Beauty Expert","article_publisher":"https:\/\/es-la.facebook.com\/SoguapabeautyExpert\/","article_modified_time":"2023-10-02T17:42:47+00:00","og_image":[{"width":450,"height":340,"url":"https:\/\/soguapa.com\/wp-content\/uploads\/2023\/10\/LIPOCELL.jpg","type":"image\/jpeg"}],"twitter_card":"summary_large_image","twitter_misc":{"Tiempo de lectura":"1 minuto"},"schema":{"@context":"https:\/\/schema.org","@graph":[{"@type":"WebPage","@id":"https:\/\/soguapa.com\/producto\/lipocell\/","url":"https:\/\/soguapa.com\/producto\/lipocell\/","name":"Lipocell: Tu Soluci\u00f3n Definitiva para la Celulitis Compacta o Fibrosa","isPartOf":{"@id":"https:\/\/soguapa.com\/#website"},"primaryImageOfPage":{"@id":"https:\/\/soguapa.com\/producto\/lipocell\/#primaryimage"},"image":{"@id":"https:\/\/soguapa.com\/producto\/lipocell\/#primaryimage"},"thumbnailUrl":"https:\/\/soguapa.com\/wp-content\/uploads\/2023\/10\/LIPOCELL.jpg","datePublished":"2023-10-02T17:37:30+00:00","dateModified":"2023-10-02T17:42:47+00:00","description":"Experimenta la reducci\u00f3n en la apariencia de la celulitis, el acelerado metabolismo de l\u00edpidos y la mejora del tono y la textura de la piel.","breadcrumb":{"@id":"https:\/\/soguapa.com\/producto\/lipocell\/#breadcrumb"},"inLanguage":"es","potentialAction":[{"@type":"ReadAction","target":["https:\/\/soguapa.com\/producto\/lipocell\/"]}]},{"@type":"ImageObject","inLanguage":"es","@id":"https:\/\/soguapa.com\/producto\/lipocell\/#primaryimage","url":"https:\/\/soguapa.com\/wp-content\/uploads\/2023\/10\/LIPOCELL.jpg","contentUrl":"https:\/\/soguapa.com\/wp-content\/uploads\/2023\/10\/LIPOCELL.jpg","width":450,"height":340},{"@type":"BreadcrumbList","@id":"https:\/\/soguapa.com\/producto\/lipocell\/#breadcrumb","itemListElement":[{"@type":"ListItem","position":1,"name":"Home","item":"https:\/\/soguapa.com\/"},{"@type":"ListItem","position":2,"name":"Tienda","item":"https:\/\/soguapa.com\/es\/tienda\/"},{"@type":"ListItem","position":3,"name":"Lipocell"}]},{"@type":"WebSite","@id":"https:\/\/soguapa.com\/#website","url":"https:\/\/soguapa.com\/","name":"soGuapa Beauty Expert","description":"Beauty Treatments Malta","publisher":{"@id":"https:\/\/soguapa.com\/#organization"},"potentialAction":[{"@type":"SearchAction","target":{"@type":"EntryPoint","urlTemplate":"https:\/\/soguapa.com\/?s={search_term_string}"},"query-input":{"@type":"PropertyValueSpecification","valueRequired":true,"valueName":"search_term_string"}}],"inLanguage":"es"},{"@type":"Organization","@id":"https:\/\/soguapa.com\/#organization","name":"soGuapa","url":"https:\/\/soguapa.com\/","logo":{"@type":"ImageObject","inLanguage":"es","@id":"https:\/\/soguapa.com\/#\/schema\/logo\/image\/","url":"https:\/\/soguapa.com\/wp-content\/uploads\/2022\/05\/logo-So-Guapa-by-Ingrid.jpg","contentUrl":"https:\/\/soguapa.com\/wp-content\/uploads\/2022\/05\/logo-So-Guapa-by-Ingrid.jpg","width":200,"height":80,"caption":"soGuapa"},"image":{"@id":"https:\/\/soguapa.com\/#\/schema\/logo\/image\/"},"sameAs":["https:\/\/es-la.facebook.com\/SoguapabeautyExpert\/","https:\/\/www.instagram.com\/soguapabyingrid\/"]}]}},"_links":{"self":[{"href":"https:\/\/soguapa.com\/es\/wp-json\/wp\/v2\/product\/2512","targetHints":{"allow":["GET"]}}],"collection":[{"href":"https:\/\/soguapa.com\/es\/wp-json\/wp\/v2\/product"}],"about":[{"href":"https:\/\/soguapa.com\/es\/wp-json\/wp\/v2\/types\/product"}],"wp:featuredmedia":[{"embeddable":true,"href":"https:\/\/soguapa.com\/es\/wp-json\/wp\/v2\/media\/2511"}],"wp:attachment":[{"href":"https:\/\/soguapa.com\/es\/wp-json\/wp\/v2\/media?parent=2512"}],"wp:term":[{"taxonomy":"product_brand","embeddable":true,"href":"https:\/\/soguapa.com\/es\/wp-json\/wp\/v2\/product_brand?post=2512"},{"taxonomy":"product_cat","embeddable":true,"href":"https:\/\/soguapa.com\/es\/wp-json\/wp\/v2\/product_cat?post=2512"},{"taxonomy":"product_tag","embeddable":true,"href":"https:\/\/soguapa.com\/es\/wp-json\/wp\/v2\/product_tag?post=2512"}],"curies":[{"name":"wp","href":"https:\/\/api.w.org\/{rel}","templated":true}]}}