{"id":2507,"date":"2023-10-02T17:27:03","date_gmt":"2023-10-02T17:27:03","guid":{"rendered":"https:\/\/www.soguapa.com\/product\/hyaluciderm-3-5\/"},"modified":"2023-10-02T17:31:11","modified_gmt":"2023-10-02T17:31:11","slug":"hyaluciderm-3-5","status":"publish","type":"product","link":"https:\/\/soguapa.com\/es\/producto\/hyaluciderm-3-5\/","title":{"rendered":"Hyaluciderm 3.5%"},"content":{"rendered":"<p><strong>Desvela el Secreto para una Piel Hidratada y Voluminosa con Hyaluciderm 3.5%<\/strong><\/p>\n<p>Te presentamos Hyaluciderm 3.5%, una sustancia l\u00edquida que forma parte del col\u00e1geno que se produce naturalmente dentro de nuestro cuerpo. Disponible en un paquete de 5 unidades x 5 ml, Hyaluciderm 3.5% es tu respuesta a la disminuci\u00f3n de la producci\u00f3n de \u00e1cido hialur\u00f3nico de la piel con el tiempo, ofreciendo una penetraci\u00f3n profunda e hidrataci\u00f3n intensa para tu piel.<\/p>\n<p><strong>\u00bfC\u00f3mo Funciona?<\/strong><\/p>\n<p>Hyaluciderm 3.5% act\u00faa como una esponja, capaz de retener grandes cantidades de agua en la piel, aportando volumen, reduciendo las arrugas y disimulando las l\u00edneas de expresi\u00f3n. Asegura una penetraci\u00f3n m\u00e1s profunda, una reducci\u00f3n significativa de las arrugas, p\u00e9rdida de agua transepid\u00e9rmica y suavizaci\u00f3n e hidrataci\u00f3n de la piel.<\/p>\n<p><strong>Principios Activos<\/strong><\/p>\n<ul>\n<li><strong>\u00c1cido Hialur\u00f3nico 3,5%<\/strong><\/li>\n<\/ul>\n<p>Mantiene la humedad y la elasticidad de los tejidos al retener la humedad en la matriz extracelular (ECM). Protege contra el estr\u00e9s ambiental y ayuda a reducir la aparici\u00f3n de arrugas y disminuye las l\u00edneas de expresi\u00f3n.<\/p>\n<p><strong>Beneficios<\/strong><\/p>\n<p>Hyaluciderm 3.5% proporciona mayor hidrataci\u00f3n y volumen a la piel, remodel\u00e1ndola y mejorando el contorno donde se aplica. Es una soluci\u00f3n integral para una mayor hidrataci\u00f3n, volumen y reducci\u00f3n de la apariencia de arrugas y l\u00edneas.<\/p>\n<p><strong>Zona a Tratar<\/strong><\/p>\n<p>Hyaluciderm 3.5% es adecuado para la cara, cuello, escote, manos y cuerpo, ofreciendo una soluci\u00f3n vers\u00e1til para la hidrataci\u00f3n y rejuvenecimiento de la piel.<\/p>\n<p>\u00a1Entra en un mundo de belleza y confianza mejorada con Hyaluciderm 3.5%! \u00a1Ordena ahora y embarca en tu viaje hacia una piel hidratada, voluminosa y juvenil!<\/p>\n","protected":false},"excerpt":{"rendered":"<p>Desvela el Secreto para una Piel Hidratada y Voluminosa con Hyaluciderm 3.5% Te presentamos Hyaluciderm 3.5%, una sustancia l\u00edquida que forma parte del col\u00e1geno que se produce naturalmente dentro de nuestro cuerpo. Disponible en un paquete de 5 unidades x 5 ml, Hyaluciderm 3.5% es tu respuesta a la disminuci\u00f3n de la producci\u00f3n de \u00e1cido [&hellip;]<\/p>\n","protected":false},"featured_media":2506,"template":"","meta":{"_monsterinsights_skip_tracking":false,"_monsterinsights_sitenote_active":false,"_monsterinsights_sitenote_note":"","_monsterinsights_sitenote_category":0},"product_brand":[],"product_cat":[79],"product_tag":[80],"class_list":{"0":"post-2507","1":"product","2":"type-product","3":"status-publish","4":"has-post-thumbnail","6":"product_cat-professional-es","7":"product_tag-pro-es","9":"first","10":"instock","11":"shipping-taxable","12":"purchasable","13":"product-type-simple"},"yoast_head":"<!-- This site is optimized with the Yoast SEO plugin v27.4 - https:\/\/yoast.com\/product\/yoast-seo-wordpress\/ -->\n<title>Hyaluciderm 3.5%<\/title>\n<meta name=\"description\" content=\"Hyaluciderm 3.5% proporciona mayor hidrataci\u00f3n y volumen a la piel, remodel\u00e1ndola y mejorando el contorno donde se aplica. Es una soluci\u00f3n integral para una mayor hidrataci\u00f3n, volumen y reducci\u00f3n de la apariencia de arrugas y l\u00edneas.\" \/>\n<meta name=\"robots\" content=\"index, follow, max-snippet:-1, max-image-preview:large, max-video-preview:-1\" \/>\n<link rel=\"canonical\" href=\"https:\/\/soguapa.com\/producto\/hyaluciderm-3-5\/\" \/>\n<meta property=\"og:locale\" content=\"es_ES\" \/>\n<meta property=\"og:type\" content=\"article\" \/>\n<meta property=\"og:title\" content=\"Hyaluciderm 3.5%\" \/>\n<meta property=\"og:description\" content=\"Hyaluciderm 3.5% proporciona mayor hidrataci\u00f3n y volumen a la piel, remodel\u00e1ndola y mejorando el contorno donde se aplica. Es una soluci\u00f3n integral para una mayor hidrataci\u00f3n, volumen y reducci\u00f3n de la apariencia de arrugas y l\u00edneas.\" \/>\n<meta property=\"og:url\" content=\"https:\/\/soguapa.com\/producto\/hyaluciderm-3-5\/\" \/>\n<meta property=\"og:site_name\" content=\"soGuapa Beauty Expert\" \/>\n<meta property=\"article:publisher\" content=\"https:\/\/es-la.facebook.com\/SoguapabeautyExpert\/\" \/>\n<meta property=\"article:modified_time\" content=\"2023-10-02T17:31:11+00:00\" \/>\n<meta property=\"og:image\" content=\"https:\/\/soguapa.com\/wp-content\/uploads\/2023\/10\/HYALURONIC-35.jpg\" \/>\n\t<meta property=\"og:image:width\" content=\"450\" \/>\n\t<meta property=\"og:image:height\" content=\"340\" \/>\n\t<meta property=\"og:image:type\" content=\"image\/jpeg\" \/>\n<meta name=\"twitter:card\" content=\"summary_large_image\" \/>\n<meta name=\"twitter:label1\" content=\"Tiempo de lectura\" \/>\n\t<meta name=\"twitter:data1\" content=\"1 minuto\" \/>\n<script type=\"application\/ld+json\" class=\"yoast-schema-graph\">{\"@context\":\"https:\\\/\\\/schema.org\",\"@graph\":[{\"@type\":\"WebPage\",\"@id\":\"https:\\\/\\\/soguapa.com\\\/producto\\\/hyaluciderm-3-5\\\/\",\"url\":\"https:\\\/\\\/soguapa.com\\\/producto\\\/hyaluciderm-3-5\\\/\",\"name\":\"Hyaluciderm 3.5%\",\"isPartOf\":{\"@id\":\"https:\\\/\\\/soguapa.com\\\/#website\"},\"primaryImageOfPage\":{\"@id\":\"https:\\\/\\\/soguapa.com\\\/producto\\\/hyaluciderm-3-5\\\/#primaryimage\"},\"image\":{\"@id\":\"https:\\\/\\\/soguapa.com\\\/producto\\\/hyaluciderm-3-5\\\/#primaryimage\"},\"thumbnailUrl\":\"https:\\\/\\\/soguapa.com\\\/wp-content\\\/uploads\\\/2023\\\/10\\\/HYALURONIC-35.jpg\",\"datePublished\":\"2023-10-02T17:27:03+00:00\",\"dateModified\":\"2023-10-02T17:31:11+00:00\",\"description\":\"Hyaluciderm 3.5% proporciona mayor hidrataci\u00f3n y volumen a la piel, remodel\u00e1ndola y mejorando el contorno donde se aplica. Es una soluci\u00f3n integral para una mayor hidrataci\u00f3n, volumen y reducci\u00f3n de la apariencia de arrugas y l\u00edneas.\",\"breadcrumb\":{\"@id\":\"https:\\\/\\\/soguapa.com\\\/producto\\\/hyaluciderm-3-5\\\/#breadcrumb\"},\"inLanguage\":\"es\",\"potentialAction\":[{\"@type\":\"ReadAction\",\"target\":[\"https:\\\/\\\/soguapa.com\\\/producto\\\/hyaluciderm-3-5\\\/\"]}]},{\"@type\":\"ImageObject\",\"inLanguage\":\"es\",\"@id\":\"https:\\\/\\\/soguapa.com\\\/producto\\\/hyaluciderm-3-5\\\/#primaryimage\",\"url\":\"https:\\\/\\\/soguapa.com\\\/wp-content\\\/uploads\\\/2023\\\/10\\\/HYALURONIC-35.jpg\",\"contentUrl\":\"https:\\\/\\\/soguapa.com\\\/wp-content\\\/uploads\\\/2023\\\/10\\\/HYALURONIC-35.jpg\",\"width\":450,\"height\":340},{\"@type\":\"BreadcrumbList\",\"@id\":\"https:\\\/\\\/soguapa.com\\\/producto\\\/hyaluciderm-3-5\\\/#breadcrumb\",\"itemListElement\":[{\"@type\":\"ListItem\",\"position\":1,\"name\":\"Home\",\"item\":\"https:\\\/\\\/soguapa.com\\\/\"},{\"@type\":\"ListItem\",\"position\":2,\"name\":\"Tienda\",\"item\":\"https:\\\/\\\/soguapa.com\\\/es\\\/tienda\\\/\"},{\"@type\":\"ListItem\",\"position\":3,\"name\":\"Hyaluciderm 3.5%\"}]},{\"@type\":\"WebSite\",\"@id\":\"https:\\\/\\\/soguapa.com\\\/#website\",\"url\":\"https:\\\/\\\/soguapa.com\\\/\",\"name\":\"soGuapa Beauty Expert\",\"description\":\"Beauty Treatments Malta\",\"publisher\":{\"@id\":\"https:\\\/\\\/soguapa.com\\\/#organization\"},\"potentialAction\":[{\"@type\":\"SearchAction\",\"target\":{\"@type\":\"EntryPoint\",\"urlTemplate\":\"https:\\\/\\\/soguapa.com\\\/?s={search_term_string}\"},\"query-input\":{\"@type\":\"PropertyValueSpecification\",\"valueRequired\":true,\"valueName\":\"search_term_string\"}}],\"inLanguage\":\"es\"},{\"@type\":\"Organization\",\"@id\":\"https:\\\/\\\/soguapa.com\\\/#organization\",\"name\":\"soGuapa\",\"url\":\"https:\\\/\\\/soguapa.com\\\/\",\"logo\":{\"@type\":\"ImageObject\",\"inLanguage\":\"es\",\"@id\":\"https:\\\/\\\/soguapa.com\\\/#\\\/schema\\\/logo\\\/image\\\/\",\"url\":\"https:\\\/\\\/soguapa.com\\\/wp-content\\\/uploads\\\/2022\\\/05\\\/logo-So-Guapa-by-Ingrid.jpg\",\"contentUrl\":\"https:\\\/\\\/soguapa.com\\\/wp-content\\\/uploads\\\/2022\\\/05\\\/logo-So-Guapa-by-Ingrid.jpg\",\"width\":200,\"height\":80,\"caption\":\"soGuapa\"},\"image\":{\"@id\":\"https:\\\/\\\/soguapa.com\\\/#\\\/schema\\\/logo\\\/image\\\/\"},\"sameAs\":[\"https:\\\/\\\/es-la.facebook.com\\\/SoguapabeautyExpert\\\/\",\"https:\\\/\\\/www.instagram.com\\\/soguapabyingrid\\\/\"]}]}<\/script>\n<!-- \/ Yoast SEO plugin. -->","yoast_head_json":{"title":"Hyaluciderm 3.5%","description":"Hyaluciderm 3.5% proporciona mayor hidrataci\u00f3n y volumen a la piel, remodel\u00e1ndola y mejorando el contorno donde se aplica. Es una soluci\u00f3n integral para una mayor hidrataci\u00f3n, volumen y reducci\u00f3n de la apariencia de arrugas y l\u00edneas.","robots":{"index":"index","follow":"follow","max-snippet":"max-snippet:-1","max-image-preview":"max-image-preview:large","max-video-preview":"max-video-preview:-1"},"canonical":"https:\/\/soguapa.com\/producto\/hyaluciderm-3-5\/","og_locale":"es_ES","og_type":"article","og_title":"Hyaluciderm 3.5%","og_description":"Hyaluciderm 3.5% proporciona mayor hidrataci\u00f3n y volumen a la piel, remodel\u00e1ndola y mejorando el contorno donde se aplica. Es una soluci\u00f3n integral para una mayor hidrataci\u00f3n, volumen y reducci\u00f3n de la apariencia de arrugas y l\u00edneas.","og_url":"https:\/\/soguapa.com\/producto\/hyaluciderm-3-5\/","og_site_name":"soGuapa Beauty Expert","article_publisher":"https:\/\/es-la.facebook.com\/SoguapabeautyExpert\/","article_modified_time":"2023-10-02T17:31:11+00:00","og_image":[{"width":450,"height":340,"url":"https:\/\/soguapa.com\/wp-content\/uploads\/2023\/10\/HYALURONIC-35.jpg","type":"image\/jpeg"}],"twitter_card":"summary_large_image","twitter_misc":{"Tiempo de lectura":"1 minuto"},"schema":{"@context":"https:\/\/schema.org","@graph":[{"@type":"WebPage","@id":"https:\/\/soguapa.com\/producto\/hyaluciderm-3-5\/","url":"https:\/\/soguapa.com\/producto\/hyaluciderm-3-5\/","name":"Hyaluciderm 3.5%","isPartOf":{"@id":"https:\/\/soguapa.com\/#website"},"primaryImageOfPage":{"@id":"https:\/\/soguapa.com\/producto\/hyaluciderm-3-5\/#primaryimage"},"image":{"@id":"https:\/\/soguapa.com\/producto\/hyaluciderm-3-5\/#primaryimage"},"thumbnailUrl":"https:\/\/soguapa.com\/wp-content\/uploads\/2023\/10\/HYALURONIC-35.jpg","datePublished":"2023-10-02T17:27:03+00:00","dateModified":"2023-10-02T17:31:11+00:00","description":"Hyaluciderm 3.5% proporciona mayor hidrataci\u00f3n y volumen a la piel, remodel\u00e1ndola y mejorando el contorno donde se aplica. Es una soluci\u00f3n integral para una mayor hidrataci\u00f3n, volumen y reducci\u00f3n de la apariencia de arrugas y l\u00edneas.","breadcrumb":{"@id":"https:\/\/soguapa.com\/producto\/hyaluciderm-3-5\/#breadcrumb"},"inLanguage":"es","potentialAction":[{"@type":"ReadAction","target":["https:\/\/soguapa.com\/producto\/hyaluciderm-3-5\/"]}]},{"@type":"ImageObject","inLanguage":"es","@id":"https:\/\/soguapa.com\/producto\/hyaluciderm-3-5\/#primaryimage","url":"https:\/\/soguapa.com\/wp-content\/uploads\/2023\/10\/HYALURONIC-35.jpg","contentUrl":"https:\/\/soguapa.com\/wp-content\/uploads\/2023\/10\/HYALURONIC-35.jpg","width":450,"height":340},{"@type":"BreadcrumbList","@id":"https:\/\/soguapa.com\/producto\/hyaluciderm-3-5\/#breadcrumb","itemListElement":[{"@type":"ListItem","position":1,"name":"Home","item":"https:\/\/soguapa.com\/"},{"@type":"ListItem","position":2,"name":"Tienda","item":"https:\/\/soguapa.com\/es\/tienda\/"},{"@type":"ListItem","position":3,"name":"Hyaluciderm 3.5%"}]},{"@type":"WebSite","@id":"https:\/\/soguapa.com\/#website","url":"https:\/\/soguapa.com\/","name":"soGuapa Beauty Expert","description":"Beauty Treatments Malta","publisher":{"@id":"https:\/\/soguapa.com\/#organization"},"potentialAction":[{"@type":"SearchAction","target":{"@type":"EntryPoint","urlTemplate":"https:\/\/soguapa.com\/?s={search_term_string}"},"query-input":{"@type":"PropertyValueSpecification","valueRequired":true,"valueName":"search_term_string"}}],"inLanguage":"es"},{"@type":"Organization","@id":"https:\/\/soguapa.com\/#organization","name":"soGuapa","url":"https:\/\/soguapa.com\/","logo":{"@type":"ImageObject","inLanguage":"es","@id":"https:\/\/soguapa.com\/#\/schema\/logo\/image\/","url":"https:\/\/soguapa.com\/wp-content\/uploads\/2022\/05\/logo-So-Guapa-by-Ingrid.jpg","contentUrl":"https:\/\/soguapa.com\/wp-content\/uploads\/2022\/05\/logo-So-Guapa-by-Ingrid.jpg","width":200,"height":80,"caption":"soGuapa"},"image":{"@id":"https:\/\/soguapa.com\/#\/schema\/logo\/image\/"},"sameAs":["https:\/\/es-la.facebook.com\/SoguapabeautyExpert\/","https:\/\/www.instagram.com\/soguapabyingrid\/"]}]}},"_links":{"self":[{"href":"https:\/\/soguapa.com\/es\/wp-json\/wp\/v2\/product\/2507","targetHints":{"allow":["GET"]}}],"collection":[{"href":"https:\/\/soguapa.com\/es\/wp-json\/wp\/v2\/product"}],"about":[{"href":"https:\/\/soguapa.com\/es\/wp-json\/wp\/v2\/types\/product"}],"wp:featuredmedia":[{"embeddable":true,"href":"https:\/\/soguapa.com\/es\/wp-json\/wp\/v2\/media\/2506"}],"wp:attachment":[{"href":"https:\/\/soguapa.com\/es\/wp-json\/wp\/v2\/media?parent=2507"}],"wp:term":[{"taxonomy":"product_brand","embeddable":true,"href":"https:\/\/soguapa.com\/es\/wp-json\/wp\/v2\/product_brand?post=2507"},{"taxonomy":"product_cat","embeddable":true,"href":"https:\/\/soguapa.com\/es\/wp-json\/wp\/v2\/product_cat?post=2507"},{"taxonomy":"product_tag","embeddable":true,"href":"https:\/\/soguapa.com\/es\/wp-json\/wp\/v2\/product_tag?post=2507"}],"curies":[{"name":"wp","href":"https:\/\/api.w.org\/{rel}","templated":true}]}}