{"id":2495,"date":"2023-09-30T07:17:07","date_gmt":"2023-09-30T07:17:07","guid":{"rendered":"https:\/\/www.soguapa.com\/product\/eyes-radiance\/"},"modified":"2023-09-30T07:25:04","modified_gmt":"2023-09-30T07:25:04","slug":"eyes-radiance","status":"publish","type":"product","link":"https:\/\/soguapa.com\/es\/producto\/eyes-radiance\/","title":{"rendered":"Eyes Radiance"},"content":{"rendered":"<p><strong>Desvela la Luminosidad con Eyes Radiance: Tu Secreto para unos Ojos Brillantes y J\u00f3venes<\/strong><\/p>\n<p>Te presentamos Eyes Radiance, un c\u00f3ctel cl\u00ednicamente probado que reduce eficazmente la hinchaz\u00f3n, las ojeras y las patas de gallo alrededor de los ojos, mejorando la elasticidad y calidad de tu piel. Disponible en un paquete de 5 unidades x 5 ml, Eyes Radiance es tu soluci\u00f3n para una apariencia visiblemente m\u00e1s joven y vibrante.<\/p>\n<p><strong>\u00bfC\u00f3mo Funciona?<\/strong><\/p>\n<p>Eyes Radiance hace maravillas en problemas est\u00e9ticos a nivel de los ojos como ojeras moradas, hinchaz\u00f3n y aspecto cansado, mejorando la circulaci\u00f3n sangu\u00ednea. Reduce la retenci\u00f3n de l\u00edquidos y disminuye la permeabilidad de los vasos sangu\u00edneos, ayudando a reducir la pigmentaci\u00f3n ocular.<\/p>\n<p><strong>Principios Activos<\/strong><\/p>\n<ul>\n<li><strong>P\u00e9ptidos<\/strong>: Revitalizan el metabolismo cut\u00e1neo y aseguran, a largo plazo, una reeducaci\u00f3n de las funciones vitales de la c\u00e9lula.<\/li>\n<li><strong>\u00c1cido Hialur\u00f3nico<\/strong>: Eficaz antiarrugas, que fortalece la piel y la hidrata de manera intensa.<\/li>\n<li><strong>Cafe\u00edna<\/strong>: Posee propiedades antioxidantes, estimula la microcirculaci\u00f3n y ayuda a reducir los ojos hinchados y las ojeras.<\/li>\n<li><strong>Niacinamida (Vitamina B3)<\/strong>: Calma, repara e hidrata la piel, mejorando el tono de la piel y evitando irritaciones y eczemas.<\/li>\n<\/ul>\n<p><strong>Beneficios<\/strong><\/p>\n<p>Eyes Radiance mejora la circulaci\u00f3n sangu\u00ednea, aclara las zonas oscuras, favorece la drenaci\u00f3n, borra las l\u00edneas de expresi\u00f3n, nutre la piel de la zona y evita irritaciones y eczemas.<\/p>\n<p><strong>Zona a Tratar<\/strong><\/p>\n<p>Perfecto para usar alrededor de los ojos, Eyes Radiance es tu respuesta para eliminar problemas relacionados con los ojos y mejorar la belleza de tus ojos.<\/p>\n<p>\u00a1Entra en un mundo de belleza y confianza mejorada con Eyes Radiance! \u00a1Ordena ahora y embarca en tu viaje hacia unos ojos radiantes y hermosos!<\/p>\n","protected":false},"excerpt":{"rendered":"<p>Desvela la Luminosidad con Eyes Radiance: Tu Secreto para unos Ojos Brillantes y J\u00f3venes Te presentamos Eyes Radiance, un c\u00f3ctel cl\u00ednicamente probado que reduce eficazmente la hinchaz\u00f3n, las ojeras y las patas de gallo alrededor de los ojos, mejorando la elasticidad y calidad de tu piel. Disponible en un paquete de 5 unidades x 5 [&hellip;]<\/p>\n","protected":false},"featured_media":2494,"template":"","meta":{"_monsterinsights_skip_tracking":false,"_monsterinsights_sitenote_active":false,"_monsterinsights_sitenote_note":"","_monsterinsights_sitenote_category":0},"product_brand":[],"product_cat":[79],"product_tag":[80],"class_list":{"0":"post-2495","1":"product","2":"type-product","3":"status-publish","4":"has-post-thumbnail","6":"product_cat-professional-es","7":"product_tag-pro-es","9":"first","10":"instock","11":"shipping-taxable","12":"purchasable","13":"product-type-simple"},"yoast_head":"<!-- This site is optimized with the Yoast SEO plugin v27.4 - https:\/\/yoast.com\/product\/yoast-seo-wordpress\/ -->\n<title>Eyes Radiance: Tu Secreto para unos Ojos Brillantes y J\u00f3venes<\/title>\n<meta name=\"description\" content=\"Eyes Radiance mejora la circulaci\u00f3n sangu\u00ednea, aclara las zonas oscuras, favorece la drenaci\u00f3n, borra las l\u00edneas de expresi\u00f3n, nutre la piel de la zona y evita irritaciones y eczemas.\" \/>\n<meta name=\"robots\" content=\"index, follow, max-snippet:-1, max-image-preview:large, max-video-preview:-1\" \/>\n<link rel=\"canonical\" href=\"https:\/\/soguapa.com\/producto\/eyes-radiance\/\" \/>\n<meta property=\"og:locale\" content=\"es_ES\" \/>\n<meta property=\"og:type\" content=\"article\" \/>\n<meta property=\"og:title\" content=\"Eyes Radiance: Tu Secreto para unos Ojos Brillantes y J\u00f3venes\" \/>\n<meta property=\"og:description\" content=\"Eyes Radiance mejora la circulaci\u00f3n sangu\u00ednea, aclara las zonas oscuras, favorece la drenaci\u00f3n, borra las l\u00edneas de expresi\u00f3n, nutre la piel de la zona y evita irritaciones y eczemas.\" \/>\n<meta property=\"og:url\" content=\"https:\/\/soguapa.com\/producto\/eyes-radiance\/\" \/>\n<meta property=\"og:site_name\" content=\"soGuapa Beauty Expert\" \/>\n<meta property=\"article:publisher\" content=\"https:\/\/es-la.facebook.com\/SoguapabeautyExpert\/\" \/>\n<meta property=\"article:modified_time\" content=\"2023-09-30T07:25:04+00:00\" \/>\n<meta property=\"og:image\" content=\"https:\/\/soguapa.com\/wp-content\/uploads\/2023\/09\/EYES-RADIANCE.jpg\" \/>\n\t<meta property=\"og:image:width\" content=\"450\" \/>\n\t<meta property=\"og:image:height\" content=\"340\" \/>\n\t<meta property=\"og:image:type\" content=\"image\/jpeg\" \/>\n<meta name=\"twitter:card\" content=\"summary_large_image\" \/>\n<meta name=\"twitter:label1\" content=\"Tiempo de lectura\" \/>\n\t<meta name=\"twitter:data1\" content=\"1 minuto\" \/>\n<script type=\"application\/ld+json\" class=\"yoast-schema-graph\">{\"@context\":\"https:\\\/\\\/schema.org\",\"@graph\":[{\"@type\":\"WebPage\",\"@id\":\"https:\\\/\\\/soguapa.com\\\/producto\\\/eyes-radiance\\\/\",\"url\":\"https:\\\/\\\/soguapa.com\\\/producto\\\/eyes-radiance\\\/\",\"name\":\"Eyes Radiance: Tu Secreto para unos Ojos Brillantes y J\u00f3venes\",\"isPartOf\":{\"@id\":\"https:\\\/\\\/soguapa.com\\\/#website\"},\"primaryImageOfPage\":{\"@id\":\"https:\\\/\\\/soguapa.com\\\/producto\\\/eyes-radiance\\\/#primaryimage\"},\"image\":{\"@id\":\"https:\\\/\\\/soguapa.com\\\/producto\\\/eyes-radiance\\\/#primaryimage\"},\"thumbnailUrl\":\"https:\\\/\\\/soguapa.com\\\/wp-content\\\/uploads\\\/2023\\\/09\\\/EYES-RADIANCE.jpg\",\"datePublished\":\"2023-09-30T07:17:07+00:00\",\"dateModified\":\"2023-09-30T07:25:04+00:00\",\"description\":\"Eyes Radiance mejora la circulaci\u00f3n sangu\u00ednea, aclara las zonas oscuras, favorece la drenaci\u00f3n, borra las l\u00edneas de expresi\u00f3n, nutre la piel de la zona y evita irritaciones y eczemas.\",\"breadcrumb\":{\"@id\":\"https:\\\/\\\/soguapa.com\\\/producto\\\/eyes-radiance\\\/#breadcrumb\"},\"inLanguage\":\"es\",\"potentialAction\":[{\"@type\":\"ReadAction\",\"target\":[\"https:\\\/\\\/soguapa.com\\\/producto\\\/eyes-radiance\\\/\"]}]},{\"@type\":\"ImageObject\",\"inLanguage\":\"es\",\"@id\":\"https:\\\/\\\/soguapa.com\\\/producto\\\/eyes-radiance\\\/#primaryimage\",\"url\":\"https:\\\/\\\/soguapa.com\\\/wp-content\\\/uploads\\\/2023\\\/09\\\/EYES-RADIANCE.jpg\",\"contentUrl\":\"https:\\\/\\\/soguapa.com\\\/wp-content\\\/uploads\\\/2023\\\/09\\\/EYES-RADIANCE.jpg\",\"width\":450,\"height\":340,\"caption\":\"Eyes Radiance improves blood circulation, clears dark areas, promotes drainage, erases expression lines, nourishes the skin in the area, and prevents irritations and eczemas.\"},{\"@type\":\"BreadcrumbList\",\"@id\":\"https:\\\/\\\/soguapa.com\\\/producto\\\/eyes-radiance\\\/#breadcrumb\",\"itemListElement\":[{\"@type\":\"ListItem\",\"position\":1,\"name\":\"Home\",\"item\":\"https:\\\/\\\/soguapa.com\\\/\"},{\"@type\":\"ListItem\",\"position\":2,\"name\":\"Tienda\",\"item\":\"https:\\\/\\\/soguapa.com\\\/es\\\/tienda\\\/\"},{\"@type\":\"ListItem\",\"position\":3,\"name\":\"Eyes Radiance\"}]},{\"@type\":\"WebSite\",\"@id\":\"https:\\\/\\\/soguapa.com\\\/#website\",\"url\":\"https:\\\/\\\/soguapa.com\\\/\",\"name\":\"soGuapa Beauty Expert\",\"description\":\"Beauty Treatments Malta\",\"publisher\":{\"@id\":\"https:\\\/\\\/soguapa.com\\\/#organization\"},\"potentialAction\":[{\"@type\":\"SearchAction\",\"target\":{\"@type\":\"EntryPoint\",\"urlTemplate\":\"https:\\\/\\\/soguapa.com\\\/?s={search_term_string}\"},\"query-input\":{\"@type\":\"PropertyValueSpecification\",\"valueRequired\":true,\"valueName\":\"search_term_string\"}}],\"inLanguage\":\"es\"},{\"@type\":\"Organization\",\"@id\":\"https:\\\/\\\/soguapa.com\\\/#organization\",\"name\":\"soGuapa\",\"url\":\"https:\\\/\\\/soguapa.com\\\/\",\"logo\":{\"@type\":\"ImageObject\",\"inLanguage\":\"es\",\"@id\":\"https:\\\/\\\/soguapa.com\\\/#\\\/schema\\\/logo\\\/image\\\/\",\"url\":\"https:\\\/\\\/soguapa.com\\\/wp-content\\\/uploads\\\/2022\\\/05\\\/logo-So-Guapa-by-Ingrid.jpg\",\"contentUrl\":\"https:\\\/\\\/soguapa.com\\\/wp-content\\\/uploads\\\/2022\\\/05\\\/logo-So-Guapa-by-Ingrid.jpg\",\"width\":200,\"height\":80,\"caption\":\"soGuapa\"},\"image\":{\"@id\":\"https:\\\/\\\/soguapa.com\\\/#\\\/schema\\\/logo\\\/image\\\/\"},\"sameAs\":[\"https:\\\/\\\/es-la.facebook.com\\\/SoguapabeautyExpert\\\/\",\"https:\\\/\\\/www.instagram.com\\\/soguapabyingrid\\\/\"]}]}<\/script>\n<!-- \/ Yoast SEO plugin. -->","yoast_head_json":{"title":"Eyes Radiance: Tu Secreto para unos Ojos Brillantes y J\u00f3venes","description":"Eyes Radiance mejora la circulaci\u00f3n sangu\u00ednea, aclara las zonas oscuras, favorece la drenaci\u00f3n, borra las l\u00edneas de expresi\u00f3n, nutre la piel de la zona y evita irritaciones y eczemas.","robots":{"index":"index","follow":"follow","max-snippet":"max-snippet:-1","max-image-preview":"max-image-preview:large","max-video-preview":"max-video-preview:-1"},"canonical":"https:\/\/soguapa.com\/producto\/eyes-radiance\/","og_locale":"es_ES","og_type":"article","og_title":"Eyes Radiance: Tu Secreto para unos Ojos Brillantes y J\u00f3venes","og_description":"Eyes Radiance mejora la circulaci\u00f3n sangu\u00ednea, aclara las zonas oscuras, favorece la drenaci\u00f3n, borra las l\u00edneas de expresi\u00f3n, nutre la piel de la zona y evita irritaciones y eczemas.","og_url":"https:\/\/soguapa.com\/producto\/eyes-radiance\/","og_site_name":"soGuapa Beauty Expert","article_publisher":"https:\/\/es-la.facebook.com\/SoguapabeautyExpert\/","article_modified_time":"2023-09-30T07:25:04+00:00","og_image":[{"width":450,"height":340,"url":"https:\/\/soguapa.com\/wp-content\/uploads\/2023\/09\/EYES-RADIANCE.jpg","type":"image\/jpeg"}],"twitter_card":"summary_large_image","twitter_misc":{"Tiempo de lectura":"1 minuto"},"schema":{"@context":"https:\/\/schema.org","@graph":[{"@type":"WebPage","@id":"https:\/\/soguapa.com\/producto\/eyes-radiance\/","url":"https:\/\/soguapa.com\/producto\/eyes-radiance\/","name":"Eyes Radiance: Tu Secreto para unos Ojos Brillantes y J\u00f3venes","isPartOf":{"@id":"https:\/\/soguapa.com\/#website"},"primaryImageOfPage":{"@id":"https:\/\/soguapa.com\/producto\/eyes-radiance\/#primaryimage"},"image":{"@id":"https:\/\/soguapa.com\/producto\/eyes-radiance\/#primaryimage"},"thumbnailUrl":"https:\/\/soguapa.com\/wp-content\/uploads\/2023\/09\/EYES-RADIANCE.jpg","datePublished":"2023-09-30T07:17:07+00:00","dateModified":"2023-09-30T07:25:04+00:00","description":"Eyes Radiance mejora la circulaci\u00f3n sangu\u00ednea, aclara las zonas oscuras, favorece la drenaci\u00f3n, borra las l\u00edneas de expresi\u00f3n, nutre la piel de la zona y evita irritaciones y eczemas.","breadcrumb":{"@id":"https:\/\/soguapa.com\/producto\/eyes-radiance\/#breadcrumb"},"inLanguage":"es","potentialAction":[{"@type":"ReadAction","target":["https:\/\/soguapa.com\/producto\/eyes-radiance\/"]}]},{"@type":"ImageObject","inLanguage":"es","@id":"https:\/\/soguapa.com\/producto\/eyes-radiance\/#primaryimage","url":"https:\/\/soguapa.com\/wp-content\/uploads\/2023\/09\/EYES-RADIANCE.jpg","contentUrl":"https:\/\/soguapa.com\/wp-content\/uploads\/2023\/09\/EYES-RADIANCE.jpg","width":450,"height":340,"caption":"Eyes Radiance improves blood circulation, clears dark areas, promotes drainage, erases expression lines, nourishes the skin in the area, and prevents irritations and eczemas."},{"@type":"BreadcrumbList","@id":"https:\/\/soguapa.com\/producto\/eyes-radiance\/#breadcrumb","itemListElement":[{"@type":"ListItem","position":1,"name":"Home","item":"https:\/\/soguapa.com\/"},{"@type":"ListItem","position":2,"name":"Tienda","item":"https:\/\/soguapa.com\/es\/tienda\/"},{"@type":"ListItem","position":3,"name":"Eyes Radiance"}]},{"@type":"WebSite","@id":"https:\/\/soguapa.com\/#website","url":"https:\/\/soguapa.com\/","name":"soGuapa Beauty Expert","description":"Beauty Treatments Malta","publisher":{"@id":"https:\/\/soguapa.com\/#organization"},"potentialAction":[{"@type":"SearchAction","target":{"@type":"EntryPoint","urlTemplate":"https:\/\/soguapa.com\/?s={search_term_string}"},"query-input":{"@type":"PropertyValueSpecification","valueRequired":true,"valueName":"search_term_string"}}],"inLanguage":"es"},{"@type":"Organization","@id":"https:\/\/soguapa.com\/#organization","name":"soGuapa","url":"https:\/\/soguapa.com\/","logo":{"@type":"ImageObject","inLanguage":"es","@id":"https:\/\/soguapa.com\/#\/schema\/logo\/image\/","url":"https:\/\/soguapa.com\/wp-content\/uploads\/2022\/05\/logo-So-Guapa-by-Ingrid.jpg","contentUrl":"https:\/\/soguapa.com\/wp-content\/uploads\/2022\/05\/logo-So-Guapa-by-Ingrid.jpg","width":200,"height":80,"caption":"soGuapa"},"image":{"@id":"https:\/\/soguapa.com\/#\/schema\/logo\/image\/"},"sameAs":["https:\/\/es-la.facebook.com\/SoguapabeautyExpert\/","https:\/\/www.instagram.com\/soguapabyingrid\/"]}]}},"_links":{"self":[{"href":"https:\/\/soguapa.com\/es\/wp-json\/wp\/v2\/product\/2495","targetHints":{"allow":["GET"]}}],"collection":[{"href":"https:\/\/soguapa.com\/es\/wp-json\/wp\/v2\/product"}],"about":[{"href":"https:\/\/soguapa.com\/es\/wp-json\/wp\/v2\/types\/product"}],"wp:featuredmedia":[{"embeddable":true,"href":"https:\/\/soguapa.com\/es\/wp-json\/wp\/v2\/media\/2494"}],"wp:attachment":[{"href":"https:\/\/soguapa.com\/es\/wp-json\/wp\/v2\/media?parent=2495"}],"wp:term":[{"taxonomy":"product_brand","embeddable":true,"href":"https:\/\/soguapa.com\/es\/wp-json\/wp\/v2\/product_brand?post=2495"},{"taxonomy":"product_cat","embeddable":true,"href":"https:\/\/soguapa.com\/es\/wp-json\/wp\/v2\/product_cat?post=2495"},{"taxonomy":"product_tag","embeddable":true,"href":"https:\/\/soguapa.com\/es\/wp-json\/wp\/v2\/product_tag?post=2495"}],"curies":[{"name":"wp","href":"https:\/\/api.w.org\/{rel}","templated":true}]}}