{"id":2490,"date":"2023-09-30T07:07:36","date_gmt":"2023-09-30T07:07:36","guid":{"rendered":"https:\/\/www.soguapa.com\/product\/dermolift-20-solution-for-rejuvenated-skin\/"},"modified":"2023-11-08T07:44:24","modified_gmt":"2023-11-08T07:44:24","slug":"dermolift-20-solucion-piel-rejuvenecida","status":"publish","type":"product","link":"https:\/\/soguapa.com\/es\/producto\/dermolift-20-solucion-piel-rejuvenecida\/","title":{"rendered":"Dermolift 20: Tu Soluci\u00f3n Personalizada para una Piel Rejuvenecida"},"content":{"rendered":"<p><strong>Descubre la Transformaci\u00f3n con Dermolift 20: Tu Soluci\u00f3n Personalizada para una Piel Rejuvenecida<\/strong><\/p>\n<p>Te presentamos Dermolift 20, un producto que combate la piel envejecida proporcionando reafirmaci\u00f3n y vitalidad a la piel, a trav\u00e9s de sus potentes principios activos que ayudan a rejuvenecer los tejidos. <strong><em>Disponible en un paquete de 5 unidades x 5 ml<\/em><\/strong>, Dermolift 20 es tu aliado para lograr una piel m\u00e1s joven y radiante.<\/p>\n<p><strong>\u00bfC\u00f3mo Funciona?<\/strong><\/p>\n<p>Dermolift 20 favorece la vitalidad de la piel a trav\u00e9s de una poderosa mezcla de antioxidantes que realzan la piel, la reafirman y le dan una apariencia juvenil, humectada y luminosa.<\/p>\n<p><strong>Principios Activos<\/strong><\/p>\n<ul>\n<li>\u00c1cido Hilari\u00f3n<\/li>\n<li>Niacinamida<\/li>\n<li>P\u00e9ptidos<\/li>\n<\/ul>\n<p>Estos ingredientes trabajan juntos para hidratar la piel, mientras que el \u00e1cido asc\u00f3rbico y hialur\u00f3nico tensan la piel de manera natural. Adem\u00e1s, los p\u00e9ptidos son activadores de las c\u00e9lulas madre, estimulando la divisi\u00f3n celular para favorecer la aparici\u00f3n de nuevas c\u00e9lulas cut\u00e1neas.<\/p>\n<p><strong>Beneficios<\/strong><\/p>\n<p>La niacinamida favorece la hidrataci\u00f3n de la piel, mientras que el \u00e1cido asc\u00f3rbico y hialur\u00f3nico tensan la piel de manera natural. Los p\u00e9ptidos son activadores de las c\u00e9lulas madre, estimulando la divisi\u00f3n celular para favorecer la aparici\u00f3n de nuevas c\u00e9lulas cut\u00e1neas.<\/p>\n<p><strong>Zona a Tratar<\/strong><\/p>\n<p>Dermolift 20 es perfecto para usar en la cara, escote y manos, ofreciendo una soluci\u00f3n completa para el rejuvenecimiento de la piel.<\/p>\n<p>\u00a1Entra en un mundo de belleza y confianza mejorada con Dermolift 20! \u00a1Ordena ahora y comienza tu viaje hacia una piel m\u00e1s joven y hermosa!<\/p>\n","protected":false},"excerpt":{"rendered":"<p>Descubre la Transformaci\u00f3n con Dermolift 20: Tu Soluci\u00f3n Personalizada para una Piel Rejuvenecida Te presentamos Dermolift 20, un producto que combate la piel envejecida proporcionando reafirmaci\u00f3n y vitalidad a la piel, a trav\u00e9s de sus potentes principios activos que ayudan a rejuvenecer los tejidos. Disponible en un paquete de 5 unidades x 5 ml, Dermolift [&hellip;]<\/p>\n","protected":false},"featured_media":2489,"template":"","meta":{"_monsterinsights_skip_tracking":false,"_monsterinsights_sitenote_active":false,"_monsterinsights_sitenote_note":"","_monsterinsights_sitenote_category":0},"product_brand":[],"product_cat":[79],"product_tag":[80],"class_list":{"0":"post-2490","1":"product","2":"type-product","3":"status-publish","4":"has-post-thumbnail","6":"product_cat-professional-es","7":"product_tag-pro-es","9":"first","10":"instock","11":"shipping-taxable","12":"purchasable","13":"product-type-simple"},"yoast_head":"<!-- This site is optimized with the Yoast SEO plugin v27.4 - https:\/\/yoast.com\/product\/yoast-seo-wordpress\/ -->\n<title>Dermolift 20: Tu Soluci\u00f3n Personalizada para una Piel Rejuvenecida<\/title>\n<meta name=\"description\" content=\"Dermolift 20 es perfecto para usar en la cara, escote y manos, ofreciendo una soluci\u00f3n completa para el rejuvenecimiento de la piel.\" \/>\n<meta name=\"robots\" content=\"index, follow, max-snippet:-1, max-image-preview:large, max-video-preview:-1\" \/>\n<link rel=\"canonical\" href=\"https:\/\/soguapa.com\/es\/producto\/dermolift-20-solucion-piel-rejuvenecida\/\" \/>\n<meta property=\"og:locale\" content=\"es_ES\" \/>\n<meta property=\"og:type\" content=\"article\" \/>\n<meta property=\"og:title\" content=\"Dermolift 20: Tu Soluci\u00f3n Personalizada para una Piel Rejuvenecida\" \/>\n<meta property=\"og:description\" content=\"Dermolift 20 es perfecto para usar en la cara, escote y manos, ofreciendo una soluci\u00f3n completa para el rejuvenecimiento de la piel.\" \/>\n<meta property=\"og:url\" content=\"https:\/\/soguapa.com\/es\/producto\/dermolift-20-solucion-piel-rejuvenecida\/\" \/>\n<meta property=\"og:site_name\" content=\"soGuapa Beauty Expert\" \/>\n<meta property=\"article:publisher\" content=\"https:\/\/es-la.facebook.com\/SoguapabeautyExpert\/\" \/>\n<meta property=\"article:modified_time\" content=\"2023-11-08T07:44:24+00:00\" \/>\n<meta property=\"og:image\" content=\"https:\/\/soguapa.com\/wp-content\/uploads\/2023\/09\/DERMOLIFT.jpg\" \/>\n\t<meta property=\"og:image:width\" content=\"450\" \/>\n\t<meta property=\"og:image:height\" content=\"340\" \/>\n\t<meta property=\"og:image:type\" content=\"image\/jpeg\" \/>\n<meta name=\"twitter:card\" content=\"summary_large_image\" \/>\n<meta name=\"twitter:label1\" content=\"Tiempo de lectura\" \/>\n\t<meta name=\"twitter:data1\" content=\"1 minuto\" \/>\n<script type=\"application\/ld+json\" class=\"yoast-schema-graph\">{\"@context\":\"https:\\\/\\\/schema.org\",\"@graph\":[{\"@type\":\"WebPage\",\"@id\":\"https:\\\/\\\/soguapa.com\\\/es\\\/producto\\\/dermolift-20-solucion-piel-rejuvenecida\\\/\",\"url\":\"https:\\\/\\\/soguapa.com\\\/es\\\/producto\\\/dermolift-20-solucion-piel-rejuvenecida\\\/\",\"name\":\"Dermolift 20: Tu Soluci\u00f3n Personalizada para una Piel Rejuvenecida\",\"isPartOf\":{\"@id\":\"https:\\\/\\\/soguapa.com\\\/#website\"},\"primaryImageOfPage\":{\"@id\":\"https:\\\/\\\/soguapa.com\\\/es\\\/producto\\\/dermolift-20-solucion-piel-rejuvenecida\\\/#primaryimage\"},\"image\":{\"@id\":\"https:\\\/\\\/soguapa.com\\\/es\\\/producto\\\/dermolift-20-solucion-piel-rejuvenecida\\\/#primaryimage\"},\"thumbnailUrl\":\"https:\\\/\\\/soguapa.com\\\/wp-content\\\/uploads\\\/2023\\\/09\\\/DERMOLIFT.jpg\",\"datePublished\":\"2023-09-30T07:07:36+00:00\",\"dateModified\":\"2023-11-08T07:44:24+00:00\",\"description\":\"Dermolift 20 es perfecto para usar en la cara, escote y manos, ofreciendo una soluci\u00f3n completa para el rejuvenecimiento de la piel.\",\"breadcrumb\":{\"@id\":\"https:\\\/\\\/soguapa.com\\\/es\\\/producto\\\/dermolift-20-solucion-piel-rejuvenecida\\\/#breadcrumb\"},\"inLanguage\":\"es\",\"potentialAction\":[{\"@type\":\"ReadAction\",\"target\":[\"https:\\\/\\\/soguapa.com\\\/es\\\/producto\\\/dermolift-20-solucion-piel-rejuvenecida\\\/\"]}]},{\"@type\":\"ImageObject\",\"inLanguage\":\"es\",\"@id\":\"https:\\\/\\\/soguapa.com\\\/es\\\/producto\\\/dermolift-20-solucion-piel-rejuvenecida\\\/#primaryimage\",\"url\":\"https:\\\/\\\/soguapa.com\\\/wp-content\\\/uploads\\\/2023\\\/09\\\/DERMOLIFT.jpg\",\"contentUrl\":\"https:\\\/\\\/soguapa.com\\\/wp-content\\\/uploads\\\/2023\\\/09\\\/DERMOLIFT.jpg\",\"width\":450,\"height\":340,\"caption\":\"Dermolift 20 Solution for Rejuvenated Skin\"},{\"@type\":\"BreadcrumbList\",\"@id\":\"https:\\\/\\\/soguapa.com\\\/es\\\/producto\\\/dermolift-20-solucion-piel-rejuvenecida\\\/#breadcrumb\",\"itemListElement\":[{\"@type\":\"ListItem\",\"position\":1,\"name\":\"Home\",\"item\":\"https:\\\/\\\/soguapa.com\\\/\"},{\"@type\":\"ListItem\",\"position\":2,\"name\":\"Tienda\",\"item\":\"https:\\\/\\\/soguapa.com\\\/es\\\/tienda\\\/\"},{\"@type\":\"ListItem\",\"position\":3,\"name\":\"Dermolift 20: Tu Soluci\u00f3n Personalizada para una Piel Rejuvenecida\"}]},{\"@type\":\"WebSite\",\"@id\":\"https:\\\/\\\/soguapa.com\\\/#website\",\"url\":\"https:\\\/\\\/soguapa.com\\\/\",\"name\":\"soGuapa Beauty Expert\",\"description\":\"Beauty Treatments Malta\",\"publisher\":{\"@id\":\"https:\\\/\\\/soguapa.com\\\/#organization\"},\"potentialAction\":[{\"@type\":\"SearchAction\",\"target\":{\"@type\":\"EntryPoint\",\"urlTemplate\":\"https:\\\/\\\/soguapa.com\\\/?s={search_term_string}\"},\"query-input\":{\"@type\":\"PropertyValueSpecification\",\"valueRequired\":true,\"valueName\":\"search_term_string\"}}],\"inLanguage\":\"es\"},{\"@type\":\"Organization\",\"@id\":\"https:\\\/\\\/soguapa.com\\\/#organization\",\"name\":\"soGuapa\",\"url\":\"https:\\\/\\\/soguapa.com\\\/\",\"logo\":{\"@type\":\"ImageObject\",\"inLanguage\":\"es\",\"@id\":\"https:\\\/\\\/soguapa.com\\\/#\\\/schema\\\/logo\\\/image\\\/\",\"url\":\"https:\\\/\\\/soguapa.com\\\/wp-content\\\/uploads\\\/2022\\\/05\\\/logo-So-Guapa-by-Ingrid.jpg\",\"contentUrl\":\"https:\\\/\\\/soguapa.com\\\/wp-content\\\/uploads\\\/2022\\\/05\\\/logo-So-Guapa-by-Ingrid.jpg\",\"width\":200,\"height\":80,\"caption\":\"soGuapa\"},\"image\":{\"@id\":\"https:\\\/\\\/soguapa.com\\\/#\\\/schema\\\/logo\\\/image\\\/\"},\"sameAs\":[\"https:\\\/\\\/es-la.facebook.com\\\/SoguapabeautyExpert\\\/\",\"https:\\\/\\\/www.instagram.com\\\/soguapabyingrid\\\/\"]}]}<\/script>\n<!-- \/ Yoast SEO plugin. -->","yoast_head_json":{"title":"Dermolift 20: Tu Soluci\u00f3n Personalizada para una Piel Rejuvenecida","description":"Dermolift 20 es perfecto para usar en la cara, escote y manos, ofreciendo una soluci\u00f3n completa para el rejuvenecimiento de la piel.","robots":{"index":"index","follow":"follow","max-snippet":"max-snippet:-1","max-image-preview":"max-image-preview:large","max-video-preview":"max-video-preview:-1"},"canonical":"https:\/\/soguapa.com\/es\/producto\/dermolift-20-solucion-piel-rejuvenecida\/","og_locale":"es_ES","og_type":"article","og_title":"Dermolift 20: Tu Soluci\u00f3n Personalizada para una Piel Rejuvenecida","og_description":"Dermolift 20 es perfecto para usar en la cara, escote y manos, ofreciendo una soluci\u00f3n completa para el rejuvenecimiento de la piel.","og_url":"https:\/\/soguapa.com\/es\/producto\/dermolift-20-solucion-piel-rejuvenecida\/","og_site_name":"soGuapa Beauty Expert","article_publisher":"https:\/\/es-la.facebook.com\/SoguapabeautyExpert\/","article_modified_time":"2023-11-08T07:44:24+00:00","og_image":[{"width":450,"height":340,"url":"https:\/\/soguapa.com\/wp-content\/uploads\/2023\/09\/DERMOLIFT.jpg","type":"image\/jpeg"}],"twitter_card":"summary_large_image","twitter_misc":{"Tiempo de lectura":"1 minuto"},"schema":{"@context":"https:\/\/schema.org","@graph":[{"@type":"WebPage","@id":"https:\/\/soguapa.com\/es\/producto\/dermolift-20-solucion-piel-rejuvenecida\/","url":"https:\/\/soguapa.com\/es\/producto\/dermolift-20-solucion-piel-rejuvenecida\/","name":"Dermolift 20: Tu Soluci\u00f3n Personalizada para una Piel Rejuvenecida","isPartOf":{"@id":"https:\/\/soguapa.com\/#website"},"primaryImageOfPage":{"@id":"https:\/\/soguapa.com\/es\/producto\/dermolift-20-solucion-piel-rejuvenecida\/#primaryimage"},"image":{"@id":"https:\/\/soguapa.com\/es\/producto\/dermolift-20-solucion-piel-rejuvenecida\/#primaryimage"},"thumbnailUrl":"https:\/\/soguapa.com\/wp-content\/uploads\/2023\/09\/DERMOLIFT.jpg","datePublished":"2023-09-30T07:07:36+00:00","dateModified":"2023-11-08T07:44:24+00:00","description":"Dermolift 20 es perfecto para usar en la cara, escote y manos, ofreciendo una soluci\u00f3n completa para el rejuvenecimiento de la piel.","breadcrumb":{"@id":"https:\/\/soguapa.com\/es\/producto\/dermolift-20-solucion-piel-rejuvenecida\/#breadcrumb"},"inLanguage":"es","potentialAction":[{"@type":"ReadAction","target":["https:\/\/soguapa.com\/es\/producto\/dermolift-20-solucion-piel-rejuvenecida\/"]}]},{"@type":"ImageObject","inLanguage":"es","@id":"https:\/\/soguapa.com\/es\/producto\/dermolift-20-solucion-piel-rejuvenecida\/#primaryimage","url":"https:\/\/soguapa.com\/wp-content\/uploads\/2023\/09\/DERMOLIFT.jpg","contentUrl":"https:\/\/soguapa.com\/wp-content\/uploads\/2023\/09\/DERMOLIFT.jpg","width":450,"height":340,"caption":"Dermolift 20 Solution for Rejuvenated Skin"},{"@type":"BreadcrumbList","@id":"https:\/\/soguapa.com\/es\/producto\/dermolift-20-solucion-piel-rejuvenecida\/#breadcrumb","itemListElement":[{"@type":"ListItem","position":1,"name":"Home","item":"https:\/\/soguapa.com\/"},{"@type":"ListItem","position":2,"name":"Tienda","item":"https:\/\/soguapa.com\/es\/tienda\/"},{"@type":"ListItem","position":3,"name":"Dermolift 20: Tu Soluci\u00f3n Personalizada para una Piel Rejuvenecida"}]},{"@type":"WebSite","@id":"https:\/\/soguapa.com\/#website","url":"https:\/\/soguapa.com\/","name":"soGuapa Beauty Expert","description":"Beauty Treatments Malta","publisher":{"@id":"https:\/\/soguapa.com\/#organization"},"potentialAction":[{"@type":"SearchAction","target":{"@type":"EntryPoint","urlTemplate":"https:\/\/soguapa.com\/?s={search_term_string}"},"query-input":{"@type":"PropertyValueSpecification","valueRequired":true,"valueName":"search_term_string"}}],"inLanguage":"es"},{"@type":"Organization","@id":"https:\/\/soguapa.com\/#organization","name":"soGuapa","url":"https:\/\/soguapa.com\/","logo":{"@type":"ImageObject","inLanguage":"es","@id":"https:\/\/soguapa.com\/#\/schema\/logo\/image\/","url":"https:\/\/soguapa.com\/wp-content\/uploads\/2022\/05\/logo-So-Guapa-by-Ingrid.jpg","contentUrl":"https:\/\/soguapa.com\/wp-content\/uploads\/2022\/05\/logo-So-Guapa-by-Ingrid.jpg","width":200,"height":80,"caption":"soGuapa"},"image":{"@id":"https:\/\/soguapa.com\/#\/schema\/logo\/image\/"},"sameAs":["https:\/\/es-la.facebook.com\/SoguapabeautyExpert\/","https:\/\/www.instagram.com\/soguapabyingrid\/"]}]}},"_links":{"self":[{"href":"https:\/\/soguapa.com\/es\/wp-json\/wp\/v2\/product\/2490","targetHints":{"allow":["GET"]}}],"collection":[{"href":"https:\/\/soguapa.com\/es\/wp-json\/wp\/v2\/product"}],"about":[{"href":"https:\/\/soguapa.com\/es\/wp-json\/wp\/v2\/types\/product"}],"wp:featuredmedia":[{"embeddable":true,"href":"https:\/\/soguapa.com\/es\/wp-json\/wp\/v2\/media\/2489"}],"wp:attachment":[{"href":"https:\/\/soguapa.com\/es\/wp-json\/wp\/v2\/media?parent=2490"}],"wp:term":[{"taxonomy":"product_brand","embeddable":true,"href":"https:\/\/soguapa.com\/es\/wp-json\/wp\/v2\/product_brand?post=2490"},{"taxonomy":"product_cat","embeddable":true,"href":"https:\/\/soguapa.com\/es\/wp-json\/wp\/v2\/product_cat?post=2490"},{"taxonomy":"product_tag","embeddable":true,"href":"https:\/\/soguapa.com\/es\/wp-json\/wp\/v2\/product_tag?post=2490"}],"curies":[{"name":"wp","href":"https:\/\/api.w.org\/{rel}","templated":true}]}}