{"id":2467,"date":"2023-09-30T06:14:39","date_gmt":"2023-09-30T06:14:39","guid":{"rendered":"https:\/\/www.soguapa.com\/?post_type=product&#038;p=2467"},"modified":"2023-09-30T06:19:25","modified_gmt":"2023-09-30T06:19:25","slug":"d-alcachok-5ml","status":"publish","type":"product","link":"https:\/\/soguapa.com\/es\/producto\/d-alcachok-5ml\/","title":{"rendered":"D-Alcachok 5ml"},"content":{"rendered":"<p><strong>Abraza el Poder de D-Alcachok: Esculpe tu Silueta y Elimina la Celulitis<\/strong><\/p>\n<p>Te presentamos D-Alcachok, una soluci\u00f3n est\u00e9ril que no solo tonifica e hidrata, sino que tambi\u00e9n mejora tu silueta y reduce la apariencia de la piel de naranja. Disponible en un conveniente paquete de 10 unidades x 5 ml, D-Alcachok es tu aliado para lograr ese look perfecto, libre de celulitis.<\/p>\n<p><strong>\u00bfC\u00f3mo Funciona?<\/strong><\/p>\n<p>D-Alcachok es un potente desintoxicante. Mejora el funcionamiento de tu metabolismo digestivo, gracias a su rico contenido de minerales y vitaminas. Sus excelentes propiedades depurativas y desintoxicantes contribuyen al drenaje anti-grasas, combatiendo y previniendo la retenci\u00f3n de l\u00edquidos, la acumulaci\u00f3n de grasas y la sensaci\u00f3n de hinchaz\u00f3n.<\/p>\n<p><strong>Ingredientes Clave<\/strong><\/p>\n<ul>\n<li>Alcachofa 2%<\/li>\n<\/ul>\n<p>El extracto de alcachofa en D-Alcachok estimula el drenaje linf\u00e1tico, promoviendo el movimiento y la eliminaci\u00f3n de agua y desechos metab\u00f3licos entre las c\u00e9lulas.<\/p>\n<p><strong>Beneficios<\/strong><\/p>\n<p>Experimenta las propiedades diur\u00e9ticas de D-Alcachok que ayudan a eliminar el exceso de l\u00edquidos corporales, reduciendo la presi\u00f3n arterial y contribuyendo al bienestar general. Su alto contenido de potasio es vital para las contracciones musculares, los impulsos nerviosos y el funcionamiento del coraz\u00f3n. Est\u00e1 espec\u00edficamente dise\u00f1ado para tratar la celulitis y la grasa localizada, haciendo que tu piel se vea m\u00e1s suave y tonificada.<\/p>\n<p><strong>\u00c1reas para Tratar<\/strong><\/p>\n<p>Perfecto tanto para aplicaciones faciales como corporales, D-Alcachok es vers\u00e1til y efectivo. \u00dasalo para mejorar tu belleza y confianza reduciendo la celulitis y tonificando tu piel.<\/p>\n<p>\u00a1Entra en un mundo de belleza y confianza mejorada con D-Alcachok! \u00a1Ordena ahora y comienza tu viaje hacia un t\u00fa m\u00e1s tonificado y libre de celulitis!<\/p>\n","protected":false},"excerpt":{"rendered":"<p>Abraza el Poder de D-Alcachok: Esculpe tu Silueta y Elimina la Celulitis Te presentamos D-Alcachok, una soluci\u00f3n est\u00e9ril que no solo tonifica e hidrata, sino que tambi\u00e9n mejora tu silueta y reduce la apariencia de la piel de naranja. Disponible en un conveniente paquete de 10 unidades x 5 ml, D-Alcachok es tu aliado para [&hellip;]<\/p>\n","protected":false},"featured_media":2468,"template":"","meta":{"_monsterinsights_skip_tracking":false,"_monsterinsights_sitenote_active":false,"_monsterinsights_sitenote_note":"","_monsterinsights_sitenote_category":0},"product_brand":[],"product_cat":[79],"product_tag":[80],"class_list":{"0":"post-2467","1":"product","2":"type-product","3":"status-publish","4":"has-post-thumbnail","6":"product_cat-professional-es","7":"product_tag-pro-es","9":"first","10":"instock","11":"shipping-taxable","12":"purchasable","13":"product-type-simple"},"yoast_head":"<!-- This site is optimized with the Yoast SEO plugin v27.4 - https:\/\/yoast.com\/product\/yoast-seo-wordpress\/ -->\n<title>D-Alcachok: Esculpe tu Silueta y Elimina la Celulitis<\/title>\n<meta name=\"description\" content=\"\u00a1Entra en un mundo de belleza y confianza mejorada con D-Alcachok! \u00a1Ordena ahora y comienza tu viaje hacia un t\u00fa m\u00e1s tonificado y libre de celulitis!\" \/>\n<meta name=\"robots\" content=\"index, follow, max-snippet:-1, max-image-preview:large, max-video-preview:-1\" \/>\n<link rel=\"canonical\" href=\"https:\/\/soguapa.com\/producto\/d-alcachok-5ml\/\" \/>\n<meta property=\"og:locale\" content=\"es_ES\" \/>\n<meta property=\"og:type\" content=\"article\" \/>\n<meta property=\"og:title\" content=\"D-Alcachok: Esculpe tu Silueta y Elimina la Celulitis\" \/>\n<meta property=\"og:description\" content=\"\u00a1Entra en un mundo de belleza y confianza mejorada con D-Alcachok! \u00a1Ordena ahora y comienza tu viaje hacia un t\u00fa m\u00e1s tonificado y libre de celulitis!\" \/>\n<meta property=\"og:url\" content=\"https:\/\/soguapa.com\/producto\/d-alcachok-5ml\/\" \/>\n<meta property=\"og:site_name\" content=\"soGuapa Beauty Expert\" \/>\n<meta property=\"article:publisher\" content=\"https:\/\/es-la.facebook.com\/SoguapabeautyExpert\/\" \/>\n<meta property=\"article:modified_time\" content=\"2023-09-30T06:19:25+00:00\" \/>\n<meta property=\"og:image\" content=\"https:\/\/soguapa.com\/wp-content\/uploads\/2023\/09\/D-ALCACHOK.jpg\" \/>\n\t<meta property=\"og:image:width\" content=\"450\" \/>\n\t<meta property=\"og:image:height\" content=\"340\" \/>\n\t<meta property=\"og:image:type\" content=\"image\/jpeg\" \/>\n<meta name=\"twitter:card\" content=\"summary_large_image\" \/>\n<meta name=\"twitter:label1\" content=\"Tiempo de lectura\" \/>\n\t<meta name=\"twitter:data1\" content=\"1 minuto\" \/>\n<script type=\"application\/ld+json\" class=\"yoast-schema-graph\">{\"@context\":\"https:\\\/\\\/schema.org\",\"@graph\":[{\"@type\":\"WebPage\",\"@id\":\"https:\\\/\\\/soguapa.com\\\/producto\\\/d-alcachok-5ml\\\/\",\"url\":\"https:\\\/\\\/soguapa.com\\\/producto\\\/d-alcachok-5ml\\\/\",\"name\":\"D-Alcachok: Esculpe tu Silueta y Elimina la Celulitis\",\"isPartOf\":{\"@id\":\"https:\\\/\\\/soguapa.com\\\/#website\"},\"primaryImageOfPage\":{\"@id\":\"https:\\\/\\\/soguapa.com\\\/producto\\\/d-alcachok-5ml\\\/#primaryimage\"},\"image\":{\"@id\":\"https:\\\/\\\/soguapa.com\\\/producto\\\/d-alcachok-5ml\\\/#primaryimage\"},\"thumbnailUrl\":\"https:\\\/\\\/soguapa.com\\\/wp-content\\\/uploads\\\/2023\\\/09\\\/D-ALCACHOK.jpg\",\"datePublished\":\"2023-09-30T06:14:39+00:00\",\"dateModified\":\"2023-09-30T06:19:25+00:00\",\"description\":\"\u00a1Entra en un mundo de belleza y confianza mejorada con D-Alcachok! \u00a1Ordena ahora y comienza tu viaje hacia un t\u00fa m\u00e1s tonificado y libre de celulitis!\",\"breadcrumb\":{\"@id\":\"https:\\\/\\\/soguapa.com\\\/producto\\\/d-alcachok-5ml\\\/#breadcrumb\"},\"inLanguage\":\"es\",\"potentialAction\":[{\"@type\":\"ReadAction\",\"target\":[\"https:\\\/\\\/soguapa.com\\\/producto\\\/d-alcachok-5ml\\\/\"]}]},{\"@type\":\"ImageObject\",\"inLanguage\":\"es\",\"@id\":\"https:\\\/\\\/soguapa.com\\\/producto\\\/d-alcachok-5ml\\\/#primaryimage\",\"url\":\"https:\\\/\\\/soguapa.com\\\/wp-content\\\/uploads\\\/2023\\\/09\\\/D-ALCACHOK.jpg\",\"contentUrl\":\"https:\\\/\\\/soguapa.com\\\/wp-content\\\/uploads\\\/2023\\\/09\\\/D-ALCACHOK.jpg\",\"width\":450,\"height\":340,\"caption\":\"D-Alcachok helps eliminate excess body fluids\"},{\"@type\":\"BreadcrumbList\",\"@id\":\"https:\\\/\\\/soguapa.com\\\/producto\\\/d-alcachok-5ml\\\/#breadcrumb\",\"itemListElement\":[{\"@type\":\"ListItem\",\"position\":1,\"name\":\"Home\",\"item\":\"https:\\\/\\\/soguapa.com\\\/\"},{\"@type\":\"ListItem\",\"position\":2,\"name\":\"Tienda\",\"item\":\"https:\\\/\\\/soguapa.com\\\/es\\\/tienda\\\/\"},{\"@type\":\"ListItem\",\"position\":3,\"name\":\"D-Alcachok 5ml\"}]},{\"@type\":\"WebSite\",\"@id\":\"https:\\\/\\\/soguapa.com\\\/#website\",\"url\":\"https:\\\/\\\/soguapa.com\\\/\",\"name\":\"soGuapa Beauty Expert\",\"description\":\"Beauty Treatments Malta\",\"publisher\":{\"@id\":\"https:\\\/\\\/soguapa.com\\\/#organization\"},\"potentialAction\":[{\"@type\":\"SearchAction\",\"target\":{\"@type\":\"EntryPoint\",\"urlTemplate\":\"https:\\\/\\\/soguapa.com\\\/?s={search_term_string}\"},\"query-input\":{\"@type\":\"PropertyValueSpecification\",\"valueRequired\":true,\"valueName\":\"search_term_string\"}}],\"inLanguage\":\"es\"},{\"@type\":\"Organization\",\"@id\":\"https:\\\/\\\/soguapa.com\\\/#organization\",\"name\":\"soGuapa\",\"url\":\"https:\\\/\\\/soguapa.com\\\/\",\"logo\":{\"@type\":\"ImageObject\",\"inLanguage\":\"es\",\"@id\":\"https:\\\/\\\/soguapa.com\\\/#\\\/schema\\\/logo\\\/image\\\/\",\"url\":\"https:\\\/\\\/soguapa.com\\\/wp-content\\\/uploads\\\/2022\\\/05\\\/logo-So-Guapa-by-Ingrid.jpg\",\"contentUrl\":\"https:\\\/\\\/soguapa.com\\\/wp-content\\\/uploads\\\/2022\\\/05\\\/logo-So-Guapa-by-Ingrid.jpg\",\"width\":200,\"height\":80,\"caption\":\"soGuapa\"},\"image\":{\"@id\":\"https:\\\/\\\/soguapa.com\\\/#\\\/schema\\\/logo\\\/image\\\/\"},\"sameAs\":[\"https:\\\/\\\/es-la.facebook.com\\\/SoguapabeautyExpert\\\/\",\"https:\\\/\\\/www.instagram.com\\\/soguapabyingrid\\\/\"]}]}<\/script>\n<!-- \/ Yoast SEO plugin. -->","yoast_head_json":{"title":"D-Alcachok: Esculpe tu Silueta y Elimina la Celulitis","description":"\u00a1Entra en un mundo de belleza y confianza mejorada con D-Alcachok! \u00a1Ordena ahora y comienza tu viaje hacia un t\u00fa m\u00e1s tonificado y libre de celulitis!","robots":{"index":"index","follow":"follow","max-snippet":"max-snippet:-1","max-image-preview":"max-image-preview:large","max-video-preview":"max-video-preview:-1"},"canonical":"https:\/\/soguapa.com\/producto\/d-alcachok-5ml\/","og_locale":"es_ES","og_type":"article","og_title":"D-Alcachok: Esculpe tu Silueta y Elimina la Celulitis","og_description":"\u00a1Entra en un mundo de belleza y confianza mejorada con D-Alcachok! \u00a1Ordena ahora y comienza tu viaje hacia un t\u00fa m\u00e1s tonificado y libre de celulitis!","og_url":"https:\/\/soguapa.com\/producto\/d-alcachok-5ml\/","og_site_name":"soGuapa Beauty Expert","article_publisher":"https:\/\/es-la.facebook.com\/SoguapabeautyExpert\/","article_modified_time":"2023-09-30T06:19:25+00:00","og_image":[{"width":450,"height":340,"url":"https:\/\/soguapa.com\/wp-content\/uploads\/2023\/09\/D-ALCACHOK.jpg","type":"image\/jpeg"}],"twitter_card":"summary_large_image","twitter_misc":{"Tiempo de lectura":"1 minuto"},"schema":{"@context":"https:\/\/schema.org","@graph":[{"@type":"WebPage","@id":"https:\/\/soguapa.com\/producto\/d-alcachok-5ml\/","url":"https:\/\/soguapa.com\/producto\/d-alcachok-5ml\/","name":"D-Alcachok: Esculpe tu Silueta y Elimina la Celulitis","isPartOf":{"@id":"https:\/\/soguapa.com\/#website"},"primaryImageOfPage":{"@id":"https:\/\/soguapa.com\/producto\/d-alcachok-5ml\/#primaryimage"},"image":{"@id":"https:\/\/soguapa.com\/producto\/d-alcachok-5ml\/#primaryimage"},"thumbnailUrl":"https:\/\/soguapa.com\/wp-content\/uploads\/2023\/09\/D-ALCACHOK.jpg","datePublished":"2023-09-30T06:14:39+00:00","dateModified":"2023-09-30T06:19:25+00:00","description":"\u00a1Entra en un mundo de belleza y confianza mejorada con D-Alcachok! \u00a1Ordena ahora y comienza tu viaje hacia un t\u00fa m\u00e1s tonificado y libre de celulitis!","breadcrumb":{"@id":"https:\/\/soguapa.com\/producto\/d-alcachok-5ml\/#breadcrumb"},"inLanguage":"es","potentialAction":[{"@type":"ReadAction","target":["https:\/\/soguapa.com\/producto\/d-alcachok-5ml\/"]}]},{"@type":"ImageObject","inLanguage":"es","@id":"https:\/\/soguapa.com\/producto\/d-alcachok-5ml\/#primaryimage","url":"https:\/\/soguapa.com\/wp-content\/uploads\/2023\/09\/D-ALCACHOK.jpg","contentUrl":"https:\/\/soguapa.com\/wp-content\/uploads\/2023\/09\/D-ALCACHOK.jpg","width":450,"height":340,"caption":"D-Alcachok helps eliminate excess body fluids"},{"@type":"BreadcrumbList","@id":"https:\/\/soguapa.com\/producto\/d-alcachok-5ml\/#breadcrumb","itemListElement":[{"@type":"ListItem","position":1,"name":"Home","item":"https:\/\/soguapa.com\/"},{"@type":"ListItem","position":2,"name":"Tienda","item":"https:\/\/soguapa.com\/es\/tienda\/"},{"@type":"ListItem","position":3,"name":"D-Alcachok 5ml"}]},{"@type":"WebSite","@id":"https:\/\/soguapa.com\/#website","url":"https:\/\/soguapa.com\/","name":"soGuapa Beauty Expert","description":"Beauty Treatments Malta","publisher":{"@id":"https:\/\/soguapa.com\/#organization"},"potentialAction":[{"@type":"SearchAction","target":{"@type":"EntryPoint","urlTemplate":"https:\/\/soguapa.com\/?s={search_term_string}"},"query-input":{"@type":"PropertyValueSpecification","valueRequired":true,"valueName":"search_term_string"}}],"inLanguage":"es"},{"@type":"Organization","@id":"https:\/\/soguapa.com\/#organization","name":"soGuapa","url":"https:\/\/soguapa.com\/","logo":{"@type":"ImageObject","inLanguage":"es","@id":"https:\/\/soguapa.com\/#\/schema\/logo\/image\/","url":"https:\/\/soguapa.com\/wp-content\/uploads\/2022\/05\/logo-So-Guapa-by-Ingrid.jpg","contentUrl":"https:\/\/soguapa.com\/wp-content\/uploads\/2022\/05\/logo-So-Guapa-by-Ingrid.jpg","width":200,"height":80,"caption":"soGuapa"},"image":{"@id":"https:\/\/soguapa.com\/#\/schema\/logo\/image\/"},"sameAs":["https:\/\/es-la.facebook.com\/SoguapabeautyExpert\/","https:\/\/www.instagram.com\/soguapabyingrid\/"]}]}},"_links":{"self":[{"href":"https:\/\/soguapa.com\/es\/wp-json\/wp\/v2\/product\/2467","targetHints":{"allow":["GET"]}}],"collection":[{"href":"https:\/\/soguapa.com\/es\/wp-json\/wp\/v2\/product"}],"about":[{"href":"https:\/\/soguapa.com\/es\/wp-json\/wp\/v2\/types\/product"}],"wp:featuredmedia":[{"embeddable":true,"href":"https:\/\/soguapa.com\/es\/wp-json\/wp\/v2\/media\/2468"}],"wp:attachment":[{"href":"https:\/\/soguapa.com\/es\/wp-json\/wp\/v2\/media?parent=2467"}],"wp:term":[{"taxonomy":"product_brand","embeddable":true,"href":"https:\/\/soguapa.com\/es\/wp-json\/wp\/v2\/product_brand?post=2467"},{"taxonomy":"product_cat","embeddable":true,"href":"https:\/\/soguapa.com\/es\/wp-json\/wp\/v2\/product_cat?post=2467"},{"taxonomy":"product_tag","embeddable":true,"href":"https:\/\/soguapa.com\/es\/wp-json\/wp\/v2\/product_tag?post=2467"}],"curies":[{"name":"wp","href":"https:\/\/api.w.org\/{rel}","templated":true}]}}