{"id":2465,"date":"2023-09-30T06:04:03","date_gmt":"2023-09-30T06:04:03","guid":{"rendered":"https:\/\/www.soguapa.com\/product\/botxlike\/"},"modified":"2023-09-30T06:07:12","modified_gmt":"2023-09-30T06:07:12","slug":"botxlike","status":"publish","type":"product","link":"https:\/\/soguapa.com\/es\/producto\/botxlike\/","title":{"rendered":"Botxlike"},"content":{"rendered":"<p><strong>Descubre la Magia de Botxlike: Tu Camino hacia una Piel Suave y Radiante<\/strong><\/p>\n<p>Te presentamos Botxlike, un milagroso hexap\u00e9ptido antiarrugas que hace maravillas en tu piel, reflejando los efectos del botox. Disponible en un conveniente paquete de 5 unidades x 5 ml, Botxlike es tu arma secreta contra las arrugas, el enrojecimiento y la sensibilidad.<\/p>\n<p><strong>\u00bfC\u00f3mo Funciona?<\/strong><\/p>\n<p>La magia de Botxlike reside en sus efectos paralizantes, reduciendo significativamente la profundidad de las arrugas faciales causadas por la contracci\u00f3n muscular. Especialmente efectivo en las l\u00edneas de la frente y alrededor de los ojos, estimula la producci\u00f3n de col\u00e1geno, d\u00e1ndote un brillo juvenil y vibrante.<\/p>\n<p><strong>Ingredientes Clave<\/strong><\/p>\n<ul>\n<li>Argelina<\/li>\n<li>Niacinamida<\/li>\n<li>Vitaminas A, C, E y B3<\/li>\n<\/ul>\n<p>Estos poderosos ingredientes trabajan juntos para contrarrestar el envejecimiento de la piel, regular las gl\u00e1ndulas seb\u00e1ceas, reducir el acn\u00e9 y eliminar las alergias t\u00f3picas, dejando tu piel suave, calmada y normalizada.<\/p>\n<p><strong>Beneficios<\/strong><\/p>\n<p>Abraza la multitud de beneficios que ofrece Botxlike. Trata las imperfecciones, mejora el tono y la textura de la piel, y cuenta con una incre\u00edble capacidad antioxidante. Experimenta la transformaci\u00f3n mientras trabaja para construir mol\u00e9culas grandes a partir de otras m\u00e1s peque\u00f1as, promoviendo la salud y vitalidad de la piel.<\/p>\n<p><strong>\u00c1reas para Tratar<\/strong><\/p>\n<p>Usa Botxlike en cualquier \u00e1rea de la cara o cuerpo y presencia el notable cambio. Di adi\u00f3s a las arrugas y hola a una piel suave y rejuvenecida.<\/p>\n<p>\u00a1Entra en un mundo de belleza impecable con Botxlike! \u00a1Ordena ahora y embarca en un viaje hacia una piel radiante y juvenil!<\/p>\n","protected":false},"excerpt":{"rendered":"<p>Descubre la Magia de Botxlike: Tu Camino hacia una Piel Suave y Radiante Te presentamos Botxlike, un milagroso hexap\u00e9ptido antiarrugas que hace maravillas en tu piel, reflejando los efectos del botox. Disponible en un conveniente paquete de 5 unidades x 5 ml, Botxlike es tu arma secreta contra las arrugas, el enrojecimiento y la sensibilidad. [&hellip;]<\/p>\n","protected":false},"featured_media":2464,"template":"","meta":{"_monsterinsights_skip_tracking":false,"_monsterinsights_sitenote_active":false,"_monsterinsights_sitenote_note":"","_monsterinsights_sitenote_category":0},"product_brand":[],"product_cat":[79],"product_tag":[80],"class_list":{"0":"post-2465","1":"product","2":"type-product","3":"status-publish","4":"has-post-thumbnail","6":"product_cat-professional-es","7":"product_tag-pro-es","9":"first","10":"instock","11":"shipping-taxable","12":"purchasable","13":"product-type-simple"},"yoast_head":"<!-- This site is optimized with the Yoast SEO plugin v27.3 - https:\/\/yoast.com\/product\/yoast-seo-wordpress\/ -->\n<title>Botxlike: Tu Camino hacia una Piel Suave y Radiant<\/title>\n<meta name=\"description\" content=\"Usa Botxlike en cualquier \u00e1rea de la cara o cuerpo y presencia el notable cambio. Di adi\u00f3s a las arrugas y hola a una piel suave y rejuvenecida.\" \/>\n<meta name=\"robots\" content=\"index, follow, max-snippet:-1, max-image-preview:large, max-video-preview:-1\" \/>\n<link rel=\"canonical\" href=\"https:\/\/soguapa.com\/producto\/botxlike\/\" \/>\n<meta property=\"og:locale\" content=\"es_ES\" \/>\n<meta property=\"og:type\" content=\"article\" \/>\n<meta property=\"og:title\" content=\"Botxlike: Tu Camino hacia una Piel Suave y Radiant\" \/>\n<meta property=\"og:description\" content=\"Usa Botxlike en cualquier \u00e1rea de la cara o cuerpo y presencia el notable cambio. Di adi\u00f3s a las arrugas y hola a una piel suave y rejuvenecida.\" \/>\n<meta property=\"og:url\" content=\"https:\/\/soguapa.com\/producto\/botxlike\/\" \/>\n<meta property=\"og:site_name\" content=\"soGuapa Beauty Expert\" \/>\n<meta property=\"article:publisher\" content=\"https:\/\/es-la.facebook.com\/SoguapabeautyExpert\/\" \/>\n<meta property=\"article:modified_time\" content=\"2023-09-30T06:07:12+00:00\" \/>\n<meta property=\"og:image\" content=\"https:\/\/soguapa.com\/wp-content\/uploads\/2023\/09\/BOTXLIKE.jpg\" \/>\n\t<meta property=\"og:image:width\" content=\"450\" \/>\n\t<meta property=\"og:image:height\" content=\"340\" \/>\n\t<meta property=\"og:image:type\" content=\"image\/jpeg\" \/>\n<meta name=\"twitter:card\" content=\"summary_large_image\" \/>\n<meta name=\"twitter:label1\" content=\"Tiempo de lectura\" \/>\n\t<meta name=\"twitter:data1\" content=\"1 minuto\" \/>\n<script type=\"application\/ld+json\" class=\"yoast-schema-graph\">{\"@context\":\"https:\\\/\\\/schema.org\",\"@graph\":[{\"@type\":\"WebPage\",\"@id\":\"https:\\\/\\\/soguapa.com\\\/producto\\\/botxlike\\\/\",\"url\":\"https:\\\/\\\/soguapa.com\\\/producto\\\/botxlike\\\/\",\"name\":\"Botxlike: Tu Camino hacia una Piel Suave y Radiant\",\"isPartOf\":{\"@id\":\"https:\\\/\\\/soguapa.com\\\/#website\"},\"primaryImageOfPage\":{\"@id\":\"https:\\\/\\\/soguapa.com\\\/producto\\\/botxlike\\\/#primaryimage\"},\"image\":{\"@id\":\"https:\\\/\\\/soguapa.com\\\/producto\\\/botxlike\\\/#primaryimage\"},\"thumbnailUrl\":\"https:\\\/\\\/soguapa.com\\\/wp-content\\\/uploads\\\/2023\\\/09\\\/BOTXLIKE.jpg\",\"datePublished\":\"2023-09-30T06:04:03+00:00\",\"dateModified\":\"2023-09-30T06:07:12+00:00\",\"description\":\"Usa Botxlike en cualquier \u00e1rea de la cara o cuerpo y presencia el notable cambio. Di adi\u00f3s a las arrugas y hola a una piel suave y rejuvenecida.\",\"breadcrumb\":{\"@id\":\"https:\\\/\\\/soguapa.com\\\/producto\\\/botxlike\\\/#breadcrumb\"},\"inLanguage\":\"es\",\"potentialAction\":[{\"@type\":\"ReadAction\",\"target\":[\"https:\\\/\\\/soguapa.com\\\/producto\\\/botxlike\\\/\"]}]},{\"@type\":\"ImageObject\",\"inLanguage\":\"es\",\"@id\":\"https:\\\/\\\/soguapa.com\\\/producto\\\/botxlike\\\/#primaryimage\",\"url\":\"https:\\\/\\\/soguapa.com\\\/wp-content\\\/uploads\\\/2023\\\/09\\\/BOTXLIKE.jpg\",\"contentUrl\":\"https:\\\/\\\/soguapa.com\\\/wp-content\\\/uploads\\\/2023\\\/09\\\/BOTXLIKE.jpg\",\"width\":450,\"height\":340,\"caption\":\"anti-wrinkle hexapeptide that works wonders on your skin, mirroring the effects of botox.\"},{\"@type\":\"BreadcrumbList\",\"@id\":\"https:\\\/\\\/soguapa.com\\\/producto\\\/botxlike\\\/#breadcrumb\",\"itemListElement\":[{\"@type\":\"ListItem\",\"position\":1,\"name\":\"Home\",\"item\":\"https:\\\/\\\/soguapa.com\\\/\"},{\"@type\":\"ListItem\",\"position\":2,\"name\":\"Tienda\",\"item\":\"https:\\\/\\\/soguapa.com\\\/es\\\/tienda\\\/\"},{\"@type\":\"ListItem\",\"position\":3,\"name\":\"Botxlike\"}]},{\"@type\":\"WebSite\",\"@id\":\"https:\\\/\\\/soguapa.com\\\/#website\",\"url\":\"https:\\\/\\\/soguapa.com\\\/\",\"name\":\"soGuapa Beauty Expert\",\"description\":\"Beauty Treatments Malta\",\"publisher\":{\"@id\":\"https:\\\/\\\/soguapa.com\\\/#organization\"},\"potentialAction\":[{\"@type\":\"SearchAction\",\"target\":{\"@type\":\"EntryPoint\",\"urlTemplate\":\"https:\\\/\\\/soguapa.com\\\/?s={search_term_string}\"},\"query-input\":{\"@type\":\"PropertyValueSpecification\",\"valueRequired\":true,\"valueName\":\"search_term_string\"}}],\"inLanguage\":\"es\"},{\"@type\":\"Organization\",\"@id\":\"https:\\\/\\\/soguapa.com\\\/#organization\",\"name\":\"soGuapa\",\"url\":\"https:\\\/\\\/soguapa.com\\\/\",\"logo\":{\"@type\":\"ImageObject\",\"inLanguage\":\"es\",\"@id\":\"https:\\\/\\\/soguapa.com\\\/#\\\/schema\\\/logo\\\/image\\\/\",\"url\":\"https:\\\/\\\/soguapa.com\\\/wp-content\\\/uploads\\\/2022\\\/05\\\/logo-So-Guapa-by-Ingrid.jpg\",\"contentUrl\":\"https:\\\/\\\/soguapa.com\\\/wp-content\\\/uploads\\\/2022\\\/05\\\/logo-So-Guapa-by-Ingrid.jpg\",\"width\":200,\"height\":80,\"caption\":\"soGuapa\"},\"image\":{\"@id\":\"https:\\\/\\\/soguapa.com\\\/#\\\/schema\\\/logo\\\/image\\\/\"},\"sameAs\":[\"https:\\\/\\\/es-la.facebook.com\\\/SoguapabeautyExpert\\\/\",\"https:\\\/\\\/www.instagram.com\\\/soguapabyingrid\\\/\"]}]}<\/script>\n<!-- \/ Yoast SEO plugin. -->","yoast_head_json":{"title":"Botxlike: Tu Camino hacia una Piel Suave y Radiant","description":"Usa Botxlike en cualquier \u00e1rea de la cara o cuerpo y presencia el notable cambio. Di adi\u00f3s a las arrugas y hola a una piel suave y rejuvenecida.","robots":{"index":"index","follow":"follow","max-snippet":"max-snippet:-1","max-image-preview":"max-image-preview:large","max-video-preview":"max-video-preview:-1"},"canonical":"https:\/\/soguapa.com\/producto\/botxlike\/","og_locale":"es_ES","og_type":"article","og_title":"Botxlike: Tu Camino hacia una Piel Suave y Radiant","og_description":"Usa Botxlike en cualquier \u00e1rea de la cara o cuerpo y presencia el notable cambio. Di adi\u00f3s a las arrugas y hola a una piel suave y rejuvenecida.","og_url":"https:\/\/soguapa.com\/producto\/botxlike\/","og_site_name":"soGuapa Beauty Expert","article_publisher":"https:\/\/es-la.facebook.com\/SoguapabeautyExpert\/","article_modified_time":"2023-09-30T06:07:12+00:00","og_image":[{"width":450,"height":340,"url":"https:\/\/soguapa.com\/wp-content\/uploads\/2023\/09\/BOTXLIKE.jpg","type":"image\/jpeg"}],"twitter_card":"summary_large_image","twitter_misc":{"Tiempo de lectura":"1 minuto"},"schema":{"@context":"https:\/\/schema.org","@graph":[{"@type":"WebPage","@id":"https:\/\/soguapa.com\/producto\/botxlike\/","url":"https:\/\/soguapa.com\/producto\/botxlike\/","name":"Botxlike: Tu Camino hacia una Piel Suave y Radiant","isPartOf":{"@id":"https:\/\/soguapa.com\/#website"},"primaryImageOfPage":{"@id":"https:\/\/soguapa.com\/producto\/botxlike\/#primaryimage"},"image":{"@id":"https:\/\/soguapa.com\/producto\/botxlike\/#primaryimage"},"thumbnailUrl":"https:\/\/soguapa.com\/wp-content\/uploads\/2023\/09\/BOTXLIKE.jpg","datePublished":"2023-09-30T06:04:03+00:00","dateModified":"2023-09-30T06:07:12+00:00","description":"Usa Botxlike en cualquier \u00e1rea de la cara o cuerpo y presencia el notable cambio. Di adi\u00f3s a las arrugas y hola a una piel suave y rejuvenecida.","breadcrumb":{"@id":"https:\/\/soguapa.com\/producto\/botxlike\/#breadcrumb"},"inLanguage":"es","potentialAction":[{"@type":"ReadAction","target":["https:\/\/soguapa.com\/producto\/botxlike\/"]}]},{"@type":"ImageObject","inLanguage":"es","@id":"https:\/\/soguapa.com\/producto\/botxlike\/#primaryimage","url":"https:\/\/soguapa.com\/wp-content\/uploads\/2023\/09\/BOTXLIKE.jpg","contentUrl":"https:\/\/soguapa.com\/wp-content\/uploads\/2023\/09\/BOTXLIKE.jpg","width":450,"height":340,"caption":"anti-wrinkle hexapeptide that works wonders on your skin, mirroring the effects of botox."},{"@type":"BreadcrumbList","@id":"https:\/\/soguapa.com\/producto\/botxlike\/#breadcrumb","itemListElement":[{"@type":"ListItem","position":1,"name":"Home","item":"https:\/\/soguapa.com\/"},{"@type":"ListItem","position":2,"name":"Tienda","item":"https:\/\/soguapa.com\/es\/tienda\/"},{"@type":"ListItem","position":3,"name":"Botxlike"}]},{"@type":"WebSite","@id":"https:\/\/soguapa.com\/#website","url":"https:\/\/soguapa.com\/","name":"soGuapa Beauty Expert","description":"Beauty Treatments Malta","publisher":{"@id":"https:\/\/soguapa.com\/#organization"},"potentialAction":[{"@type":"SearchAction","target":{"@type":"EntryPoint","urlTemplate":"https:\/\/soguapa.com\/?s={search_term_string}"},"query-input":{"@type":"PropertyValueSpecification","valueRequired":true,"valueName":"search_term_string"}}],"inLanguage":"es"},{"@type":"Organization","@id":"https:\/\/soguapa.com\/#organization","name":"soGuapa","url":"https:\/\/soguapa.com\/","logo":{"@type":"ImageObject","inLanguage":"es","@id":"https:\/\/soguapa.com\/#\/schema\/logo\/image\/","url":"https:\/\/soguapa.com\/wp-content\/uploads\/2022\/05\/logo-So-Guapa-by-Ingrid.jpg","contentUrl":"https:\/\/soguapa.com\/wp-content\/uploads\/2022\/05\/logo-So-Guapa-by-Ingrid.jpg","width":200,"height":80,"caption":"soGuapa"},"image":{"@id":"https:\/\/soguapa.com\/#\/schema\/logo\/image\/"},"sameAs":["https:\/\/es-la.facebook.com\/SoguapabeautyExpert\/","https:\/\/www.instagram.com\/soguapabyingrid\/"]}]}},"_links":{"self":[{"href":"https:\/\/soguapa.com\/es\/wp-json\/wp\/v2\/product\/2465","targetHints":{"allow":["GET"]}}],"collection":[{"href":"https:\/\/soguapa.com\/es\/wp-json\/wp\/v2\/product"}],"about":[{"href":"https:\/\/soguapa.com\/es\/wp-json\/wp\/v2\/types\/product"}],"wp:featuredmedia":[{"embeddable":true,"href":"https:\/\/soguapa.com\/es\/wp-json\/wp\/v2\/media\/2464"}],"wp:attachment":[{"href":"https:\/\/soguapa.com\/es\/wp-json\/wp\/v2\/media?parent=2465"}],"wp:term":[{"taxonomy":"product_brand","embeddable":true,"href":"https:\/\/soguapa.com\/es\/wp-json\/wp\/v2\/product_brand?post=2465"},{"taxonomy":"product_cat","embeddable":true,"href":"https:\/\/soguapa.com\/es\/wp-json\/wp\/v2\/product_cat?post=2465"},{"taxonomy":"product_tag","embeddable":true,"href":"https:\/\/soguapa.com\/es\/wp-json\/wp\/v2\/product_tag?post=2465"}],"curies":[{"name":"wp","href":"https:\/\/api.w.org\/{rel}","templated":true}]}}