{"id":2368,"date":"2023-09-08T21:19:46","date_gmt":"2023-09-08T21:19:46","guid":{"rendered":"https:\/\/www.soguapa.com\/product\/anti-stress-mask\/"},"modified":"2023-09-08T21:25:25","modified_gmt":"2023-09-08T21:25:25","slug":"anti-stress-mask","status":"publish","type":"product","link":"https:\/\/soguapa.com\/es\/producto\/anti-stress-mask\/","title":{"rendered":"Anti-Stress Mask"},"content":{"rendered":"<p data-sourcepos=\"32:1-32:184\">Esta m\u00e1scara intensiva est\u00e1 dise\u00f1ada para calmar y aliviar la piel con enrojecimiento e irritaci\u00f3n. Est\u00e1 formulada con una combinaci\u00f3n de ingredientes activos que trabajan juntos para:<\/p>\n<p data-sourcepos=\"39:1-39:157\">La m\u00e1scara antiestr\u00e9s es adecuada para todo tipo de pieles, incluidas las pieles sensibles. Se puede utilizar como tratamiento semanal o seg\u00fan sea necesario.<\/p>\n<p data-sourcepos=\"41:1-41:21\"><strong>Beneficios clave:<\/strong><\/p>\n<ul data-sourcepos=\"43:1-48:0\">\n<li data-sourcepos=\"43:1-43:43\">Reduce el enrojecimiento de la inflamaci\u00f3n<\/li>\n<li data-sourcepos=\"44:1-44:33\">Calma e calmar la piel irritada<\/li>\n<li data-sourcepos=\"45:1-45:48\">Restaura la funci\u00f3n barrera natural de la piel<\/li>\n<li data-sourcepos=\"46:1-46:47\">Mejora la apariencia de la textura de la piel<\/li>\n<li data-sourcepos=\"47:1-48:0\">Adecuada para todo tipo de pieles, incluidas las pieles sensibles<\/li>\n<\/ul>\n","protected":false},"excerpt":{"rendered":"<p>Esta m\u00e1scara intensiva est\u00e1 dise\u00f1ada para calmar y aliviar la piel con enrojecimiento e irritaci\u00f3n. Est\u00e1 formulada con una combinaci\u00f3n de ingredientes activos que trabajan juntos para: La m\u00e1scara antiestr\u00e9s es adecuada para todo tipo de pieles, incluidas las pieles sensibles. Se puede utilizar como tratamiento semanal o seg\u00fan sea necesario. Beneficios clave: Reduce el [&hellip;]<\/p>\n","protected":false},"featured_media":2304,"template":"","meta":{"_monsterinsights_skip_tracking":false,"_monsterinsights_sitenote_active":false,"_monsterinsights_sitenote_note":"","_monsterinsights_sitenote_category":0},"product_brand":[],"product_cat":[57],"product_tag":[49],"class_list":{"0":"post-2368","1":"product","2":"type-product","3":"status-publish","4":"has-post-thumbnail","6":"product_cat-cuidado-de-la-piel","7":"product_tag-mesoestetic-es","9":"first","10":"instock","11":"shipping-taxable","12":"purchasable","13":"product-type-simple"},"yoast_head":"<!-- This site is optimized with the Yoast SEO plugin v27.4 - https:\/\/yoast.com\/product\/yoast-seo-wordpress\/ -->\n<title>Anti-Stress Mask - Mesoestetic<\/title>\n<meta name=\"description\" content=\"Esta m\u00e1scara intensiva est\u00e1 dise\u00f1ada para calmar y aliviar la piel con enrojecimiento e irritaci\u00f3n. Adecuada para todo tipo de pieles.\" \/>\n<meta name=\"robots\" content=\"index, follow, max-snippet:-1, max-image-preview:large, max-video-preview:-1\" \/>\n<link rel=\"canonical\" href=\"https:\/\/soguapa.com\/producto\/anti-stress-mask\/\" \/>\n<meta property=\"og:locale\" content=\"es_ES\" \/>\n<meta property=\"og:type\" content=\"article\" \/>\n<meta property=\"og:title\" content=\"Anti-Stress Mask - Mesoestetic\" \/>\n<meta property=\"og:description\" content=\"Esta m\u00e1scara intensiva est\u00e1 dise\u00f1ada para calmar y aliviar la piel con enrojecimiento e irritaci\u00f3n. Adecuada para todo tipo de pieles.\" \/>\n<meta property=\"og:url\" content=\"https:\/\/soguapa.com\/producto\/anti-stress-mask\/\" \/>\n<meta property=\"og:site_name\" content=\"soGuapa Beauty Expert\" \/>\n<meta property=\"article:publisher\" content=\"https:\/\/es-la.facebook.com\/SoguapabeautyExpert\/\" \/>\n<meta property=\"article:modified_time\" content=\"2023-09-08T21:25:25+00:00\" \/>\n<meta property=\"og:image\" content=\"https:\/\/soguapa.com\/wp-content\/uploads\/2023\/09\/anti-stress-face-mask-100ml.png\" \/>\n\t<meta property=\"og:image:width\" content=\"650\" \/>\n\t<meta property=\"og:image:height\" content=\"650\" \/>\n\t<meta property=\"og:image:type\" content=\"image\/png\" \/>\n<meta name=\"twitter:card\" content=\"summary_large_image\" \/>\n<meta name=\"twitter:label1\" content=\"Tiempo de lectura\" \/>\n\t<meta name=\"twitter:data1\" content=\"1 minuto\" \/>\n<script type=\"application\/ld+json\" class=\"yoast-schema-graph\">{\"@context\":\"https:\\\/\\\/schema.org\",\"@graph\":[{\"@type\":\"WebPage\",\"@id\":\"https:\\\/\\\/soguapa.com\\\/producto\\\/anti-stress-mask\\\/\",\"url\":\"https:\\\/\\\/soguapa.com\\\/producto\\\/anti-stress-mask\\\/\",\"name\":\"Anti-Stress Mask - Mesoestetic\",\"isPartOf\":{\"@id\":\"https:\\\/\\\/soguapa.com\\\/#website\"},\"primaryImageOfPage\":{\"@id\":\"https:\\\/\\\/soguapa.com\\\/producto\\\/anti-stress-mask\\\/#primaryimage\"},\"image\":{\"@id\":\"https:\\\/\\\/soguapa.com\\\/producto\\\/anti-stress-mask\\\/#primaryimage\"},\"thumbnailUrl\":\"https:\\\/\\\/soguapa.com\\\/wp-content\\\/uploads\\\/2023\\\/09\\\/anti-stress-face-mask-100ml.png\",\"datePublished\":\"2023-09-08T21:19:46+00:00\",\"dateModified\":\"2023-09-08T21:25:25+00:00\",\"description\":\"Esta m\u00e1scara intensiva est\u00e1 dise\u00f1ada para calmar y aliviar la piel con enrojecimiento e irritaci\u00f3n. Adecuada para todo tipo de pieles.\",\"breadcrumb\":{\"@id\":\"https:\\\/\\\/soguapa.com\\\/producto\\\/anti-stress-mask\\\/#breadcrumb\"},\"inLanguage\":\"es\",\"potentialAction\":[{\"@type\":\"ReadAction\",\"target\":[\"https:\\\/\\\/soguapa.com\\\/producto\\\/anti-stress-mask\\\/\"]}]},{\"@type\":\"ImageObject\",\"inLanguage\":\"es\",\"@id\":\"https:\\\/\\\/soguapa.com\\\/producto\\\/anti-stress-mask\\\/#primaryimage\",\"url\":\"https:\\\/\\\/soguapa.com\\\/wp-content\\\/uploads\\\/2023\\\/09\\\/anti-stress-face-mask-100ml.png\",\"contentUrl\":\"https:\\\/\\\/soguapa.com\\\/wp-content\\\/uploads\\\/2023\\\/09\\\/anti-stress-face-mask-100ml.png\",\"width\":650,\"height\":650,\"caption\":\"anti-stress-face-mask-100ml\"},{\"@type\":\"BreadcrumbList\",\"@id\":\"https:\\\/\\\/soguapa.com\\\/producto\\\/anti-stress-mask\\\/#breadcrumb\",\"itemListElement\":[{\"@type\":\"ListItem\",\"position\":1,\"name\":\"Home\",\"item\":\"https:\\\/\\\/soguapa.com\\\/\"},{\"@type\":\"ListItem\",\"position\":2,\"name\":\"Tienda\",\"item\":\"https:\\\/\\\/soguapa.com\\\/es\\\/tienda\\\/\"},{\"@type\":\"ListItem\",\"position\":3,\"name\":\"Anti-Stress Mask\"}]},{\"@type\":\"WebSite\",\"@id\":\"https:\\\/\\\/soguapa.com\\\/#website\",\"url\":\"https:\\\/\\\/soguapa.com\\\/\",\"name\":\"soGuapa Beauty Expert\",\"description\":\"Beauty Treatments Malta\",\"publisher\":{\"@id\":\"https:\\\/\\\/soguapa.com\\\/#organization\"},\"potentialAction\":[{\"@type\":\"SearchAction\",\"target\":{\"@type\":\"EntryPoint\",\"urlTemplate\":\"https:\\\/\\\/soguapa.com\\\/?s={search_term_string}\"},\"query-input\":{\"@type\":\"PropertyValueSpecification\",\"valueRequired\":true,\"valueName\":\"search_term_string\"}}],\"inLanguage\":\"es\"},{\"@type\":\"Organization\",\"@id\":\"https:\\\/\\\/soguapa.com\\\/#organization\",\"name\":\"soGuapa\",\"url\":\"https:\\\/\\\/soguapa.com\\\/\",\"logo\":{\"@type\":\"ImageObject\",\"inLanguage\":\"es\",\"@id\":\"https:\\\/\\\/soguapa.com\\\/#\\\/schema\\\/logo\\\/image\\\/\",\"url\":\"https:\\\/\\\/soguapa.com\\\/wp-content\\\/uploads\\\/2022\\\/05\\\/logo-So-Guapa-by-Ingrid.jpg\",\"contentUrl\":\"https:\\\/\\\/soguapa.com\\\/wp-content\\\/uploads\\\/2022\\\/05\\\/logo-So-Guapa-by-Ingrid.jpg\",\"width\":200,\"height\":80,\"caption\":\"soGuapa\"},\"image\":{\"@id\":\"https:\\\/\\\/soguapa.com\\\/#\\\/schema\\\/logo\\\/image\\\/\"},\"sameAs\":[\"https:\\\/\\\/es-la.facebook.com\\\/SoguapabeautyExpert\\\/\",\"https:\\\/\\\/www.instagram.com\\\/soguapabyingrid\\\/\"]}]}<\/script>\n<!-- \/ Yoast SEO plugin. -->","yoast_head_json":{"title":"Anti-Stress Mask - Mesoestetic","description":"Esta m\u00e1scara intensiva est\u00e1 dise\u00f1ada para calmar y aliviar la piel con enrojecimiento e irritaci\u00f3n. Adecuada para todo tipo de pieles.","robots":{"index":"index","follow":"follow","max-snippet":"max-snippet:-1","max-image-preview":"max-image-preview:large","max-video-preview":"max-video-preview:-1"},"canonical":"https:\/\/soguapa.com\/producto\/anti-stress-mask\/","og_locale":"es_ES","og_type":"article","og_title":"Anti-Stress Mask - Mesoestetic","og_description":"Esta m\u00e1scara intensiva est\u00e1 dise\u00f1ada para calmar y aliviar la piel con enrojecimiento e irritaci\u00f3n. Adecuada para todo tipo de pieles.","og_url":"https:\/\/soguapa.com\/producto\/anti-stress-mask\/","og_site_name":"soGuapa Beauty Expert","article_publisher":"https:\/\/es-la.facebook.com\/SoguapabeautyExpert\/","article_modified_time":"2023-09-08T21:25:25+00:00","og_image":[{"width":650,"height":650,"url":"https:\/\/soguapa.com\/wp-content\/uploads\/2023\/09\/anti-stress-face-mask-100ml.png","type":"image\/png"}],"twitter_card":"summary_large_image","twitter_misc":{"Tiempo de lectura":"1 minuto"},"schema":{"@context":"https:\/\/schema.org","@graph":[{"@type":"WebPage","@id":"https:\/\/soguapa.com\/producto\/anti-stress-mask\/","url":"https:\/\/soguapa.com\/producto\/anti-stress-mask\/","name":"Anti-Stress Mask - Mesoestetic","isPartOf":{"@id":"https:\/\/soguapa.com\/#website"},"primaryImageOfPage":{"@id":"https:\/\/soguapa.com\/producto\/anti-stress-mask\/#primaryimage"},"image":{"@id":"https:\/\/soguapa.com\/producto\/anti-stress-mask\/#primaryimage"},"thumbnailUrl":"https:\/\/soguapa.com\/wp-content\/uploads\/2023\/09\/anti-stress-face-mask-100ml.png","datePublished":"2023-09-08T21:19:46+00:00","dateModified":"2023-09-08T21:25:25+00:00","description":"Esta m\u00e1scara intensiva est\u00e1 dise\u00f1ada para calmar y aliviar la piel con enrojecimiento e irritaci\u00f3n. Adecuada para todo tipo de pieles.","breadcrumb":{"@id":"https:\/\/soguapa.com\/producto\/anti-stress-mask\/#breadcrumb"},"inLanguage":"es","potentialAction":[{"@type":"ReadAction","target":["https:\/\/soguapa.com\/producto\/anti-stress-mask\/"]}]},{"@type":"ImageObject","inLanguage":"es","@id":"https:\/\/soguapa.com\/producto\/anti-stress-mask\/#primaryimage","url":"https:\/\/soguapa.com\/wp-content\/uploads\/2023\/09\/anti-stress-face-mask-100ml.png","contentUrl":"https:\/\/soguapa.com\/wp-content\/uploads\/2023\/09\/anti-stress-face-mask-100ml.png","width":650,"height":650,"caption":"anti-stress-face-mask-100ml"},{"@type":"BreadcrumbList","@id":"https:\/\/soguapa.com\/producto\/anti-stress-mask\/#breadcrumb","itemListElement":[{"@type":"ListItem","position":1,"name":"Home","item":"https:\/\/soguapa.com\/"},{"@type":"ListItem","position":2,"name":"Tienda","item":"https:\/\/soguapa.com\/es\/tienda\/"},{"@type":"ListItem","position":3,"name":"Anti-Stress Mask"}]},{"@type":"WebSite","@id":"https:\/\/soguapa.com\/#website","url":"https:\/\/soguapa.com\/","name":"soGuapa Beauty Expert","description":"Beauty Treatments Malta","publisher":{"@id":"https:\/\/soguapa.com\/#organization"},"potentialAction":[{"@type":"SearchAction","target":{"@type":"EntryPoint","urlTemplate":"https:\/\/soguapa.com\/?s={search_term_string}"},"query-input":{"@type":"PropertyValueSpecification","valueRequired":true,"valueName":"search_term_string"}}],"inLanguage":"es"},{"@type":"Organization","@id":"https:\/\/soguapa.com\/#organization","name":"soGuapa","url":"https:\/\/soguapa.com\/","logo":{"@type":"ImageObject","inLanguage":"es","@id":"https:\/\/soguapa.com\/#\/schema\/logo\/image\/","url":"https:\/\/soguapa.com\/wp-content\/uploads\/2022\/05\/logo-So-Guapa-by-Ingrid.jpg","contentUrl":"https:\/\/soguapa.com\/wp-content\/uploads\/2022\/05\/logo-So-Guapa-by-Ingrid.jpg","width":200,"height":80,"caption":"soGuapa"},"image":{"@id":"https:\/\/soguapa.com\/#\/schema\/logo\/image\/"},"sameAs":["https:\/\/es-la.facebook.com\/SoguapabeautyExpert\/","https:\/\/www.instagram.com\/soguapabyingrid\/"]}]}},"_links":{"self":[{"href":"https:\/\/soguapa.com\/es\/wp-json\/wp\/v2\/product\/2368","targetHints":{"allow":["GET"]}}],"collection":[{"href":"https:\/\/soguapa.com\/es\/wp-json\/wp\/v2\/product"}],"about":[{"href":"https:\/\/soguapa.com\/es\/wp-json\/wp\/v2\/types\/product"}],"wp:featuredmedia":[{"embeddable":true,"href":"https:\/\/soguapa.com\/es\/wp-json\/wp\/v2\/media\/2304"}],"wp:attachment":[{"href":"https:\/\/soguapa.com\/es\/wp-json\/wp\/v2\/media?parent=2368"}],"wp:term":[{"taxonomy":"product_brand","embeddable":true,"href":"https:\/\/soguapa.com\/es\/wp-json\/wp\/v2\/product_brand?post=2368"},{"taxonomy":"product_cat","embeddable":true,"href":"https:\/\/soguapa.com\/es\/wp-json\/wp\/v2\/product_cat?post=2368"},{"taxonomy":"product_tag","embeddable":true,"href":"https:\/\/soguapa.com\/es\/wp-json\/wp\/v2\/product_tag?post=2368"}],"curies":[{"name":"wp","href":"https:\/\/api.w.org\/{rel}","templated":true}]}}