{"id":2360,"date":"2023-09-08T17:44:14","date_gmt":"2023-09-08T17:44:14","guid":{"rendered":"https:\/\/www.soguapa.com\/product\/micellar-biphasic-makeup-remover\/"},"modified":"2023-09-08T17:47:34","modified_gmt":"2023-09-08T17:47:34","slug":"micellar-biphasic-makeup-remover","status":"publish","type":"product","link":"https:\/\/soguapa.com\/es\/producto\/micellar-biphasic-makeup-remover\/","title":{"rendered":"Micellar Biphasic &#8211; Desmaquillante Bif\u00e1sico"},"content":{"rendered":"<p data-sourcepos=\"24:1-24:280\">Este desmaquillante bif\u00e1sico est\u00e1 formulado para una alta tolerancia en los ojos y los labios. Elimina suavemente la suciedad y el maquillaje, incluso el maquillaje resistente al agua, sin dejar residuos oleosos. Es adecuado para todo tipo de pieles, incluso las pieles sensibles.<\/p>\n<p data-sourcepos=\"26:1-26:21\"><strong>Beneficios clave:<\/strong><\/p>\n<ul data-sourcepos=\"28:1-32:0\">\n<li data-sourcepos=\"28:1-28:79\">Elimina la suciedad y el maquillaje, incluso el maquillaje resistente al agua<\/li>\n<li data-sourcepos=\"29:1-29:26\">No deja residuos oleosos<\/li>\n<li data-sourcepos=\"30:1-30:65\">Adecuado para todo tipo de pieles, incluso las pieles sensibles<\/li>\n<li data-sourcepos=\"31:1-32:0\">Sin perfume y sin colorantes<\/li>\n<\/ul>\n","protected":false},"excerpt":{"rendered":"<p>Este desmaquillante bif\u00e1sico est\u00e1 formulado para una alta tolerancia en los ojos y los labios. Elimina suavemente la suciedad y el maquillaje, incluso el maquillaje resistente al agua, sin dejar residuos oleosos. Es adecuado para todo tipo de pieles, incluso las pieles sensibles. Beneficios clave: Elimina la suciedad y el maquillaje, incluso el maquillaje resistente [&hellip;]<\/p>\n","protected":false},"featured_media":2342,"template":"","meta":{"_monsterinsights_skip_tracking":false,"_monsterinsights_sitenote_active":false,"_monsterinsights_sitenote_note":"","_monsterinsights_sitenote_category":0},"product_brand":[],"product_cat":[53],"product_tag":[49],"class_list":{"0":"post-2360","1":"product","2":"type-product","3":"status-publish","4":"has-post-thumbnail","6":"product_cat-cuidado-facial","7":"product_tag-mesoestetic-es","9":"first","10":"instock","11":"shipping-taxable","12":"purchasable","13":"product-type-simple"},"yoast_head":"<!-- This site is optimized with the Yoast SEO plugin v27.3 - https:\/\/yoast.com\/product\/yoast-seo-wordpress\/ -->\n<title>Maquillante Bif\u00e1sico - Mesoestetic<\/title>\n<meta name=\"description\" content=\"Desmaquillante bif\u00e1sico est\u00e1 formulado para una alta tolerancia en los ojos y los labios. Elimina suavemente la suciedad y el maquillaje.\" \/>\n<meta name=\"robots\" content=\"index, follow, max-snippet:-1, max-image-preview:large, max-video-preview:-1\" \/>\n<link rel=\"canonical\" href=\"https:\/\/soguapa.com\/producto\/micellar-biphasic-makeup-remover\/\" \/>\n<meta property=\"og:locale\" content=\"es_ES\" \/>\n<meta property=\"og:type\" content=\"article\" \/>\n<meta property=\"og:title\" content=\"Maquillante Bif\u00e1sico - Mesoestetic\" \/>\n<meta property=\"og:description\" content=\"Desmaquillante bif\u00e1sico est\u00e1 formulado para una alta tolerancia en los ojos y los labios. Elimina suavemente la suciedad y el maquillaje.\" \/>\n<meta property=\"og:url\" content=\"https:\/\/soguapa.com\/producto\/micellar-biphasic-makeup-remover\/\" \/>\n<meta property=\"og:site_name\" content=\"soGuapa Beauty Expert\" \/>\n<meta property=\"article:publisher\" content=\"https:\/\/es-la.facebook.com\/SoguapabeautyExpert\/\" \/>\n<meta property=\"article:modified_time\" content=\"2023-09-08T17:47:34+00:00\" \/>\n<meta property=\"og:image\" content=\"https:\/\/soguapa.com\/wp-content\/uploads\/2023\/09\/micellar_biphasic.jpg\" \/>\n\t<meta property=\"og:image:width\" content=\"650\" \/>\n\t<meta property=\"og:image:height\" content=\"650\" \/>\n\t<meta property=\"og:image:type\" content=\"image\/jpeg\" \/>\n<meta name=\"twitter:card\" content=\"summary_large_image\" \/>\n<script type=\"application\/ld+json\" class=\"yoast-schema-graph\">{\"@context\":\"https:\\\/\\\/schema.org\",\"@graph\":[{\"@type\":\"WebPage\",\"@id\":\"https:\\\/\\\/soguapa.com\\\/producto\\\/micellar-biphasic-makeup-remover\\\/\",\"url\":\"https:\\\/\\\/soguapa.com\\\/producto\\\/micellar-biphasic-makeup-remover\\\/\",\"name\":\"Maquillante Bif\u00e1sico - Mesoestetic\",\"isPartOf\":{\"@id\":\"https:\\\/\\\/soguapa.com\\\/#website\"},\"primaryImageOfPage\":{\"@id\":\"https:\\\/\\\/soguapa.com\\\/producto\\\/micellar-biphasic-makeup-remover\\\/#primaryimage\"},\"image\":{\"@id\":\"https:\\\/\\\/soguapa.com\\\/producto\\\/micellar-biphasic-makeup-remover\\\/#primaryimage\"},\"thumbnailUrl\":\"https:\\\/\\\/soguapa.com\\\/wp-content\\\/uploads\\\/2023\\\/09\\\/micellar_biphasic.jpg\",\"datePublished\":\"2023-09-08T17:44:14+00:00\",\"dateModified\":\"2023-09-08T17:47:34+00:00\",\"description\":\"Desmaquillante bif\u00e1sico est\u00e1 formulado para una alta tolerancia en los ojos y los labios. Elimina suavemente la suciedad y el maquillaje.\",\"breadcrumb\":{\"@id\":\"https:\\\/\\\/soguapa.com\\\/producto\\\/micellar-biphasic-makeup-remover\\\/#breadcrumb\"},\"inLanguage\":\"es\",\"potentialAction\":[{\"@type\":\"ReadAction\",\"target\":[\"https:\\\/\\\/soguapa.com\\\/producto\\\/micellar-biphasic-makeup-remover\\\/\"]}]},{\"@type\":\"ImageObject\",\"inLanguage\":\"es\",\"@id\":\"https:\\\/\\\/soguapa.com\\\/producto\\\/micellar-biphasic-makeup-remover\\\/#primaryimage\",\"url\":\"https:\\\/\\\/soguapa.com\\\/wp-content\\\/uploads\\\/2023\\\/09\\\/micellar_biphasic.jpg\",\"contentUrl\":\"https:\\\/\\\/soguapa.com\\\/wp-content\\\/uploads\\\/2023\\\/09\\\/micellar_biphasic.jpg\",\"width\":650,\"height\":650,\"caption\":\"micellar_biphasic\"},{\"@type\":\"BreadcrumbList\",\"@id\":\"https:\\\/\\\/soguapa.com\\\/producto\\\/micellar-biphasic-makeup-remover\\\/#breadcrumb\",\"itemListElement\":[{\"@type\":\"ListItem\",\"position\":1,\"name\":\"Home\",\"item\":\"https:\\\/\\\/soguapa.com\\\/\"},{\"@type\":\"ListItem\",\"position\":2,\"name\":\"Tienda\",\"item\":\"https:\\\/\\\/soguapa.com\\\/es\\\/tienda\\\/\"},{\"@type\":\"ListItem\",\"position\":3,\"name\":\"Micellar Biphasic &#8211; Desmaquillante Bif\u00e1sico\"}]},{\"@type\":\"WebSite\",\"@id\":\"https:\\\/\\\/soguapa.com\\\/#website\",\"url\":\"https:\\\/\\\/soguapa.com\\\/\",\"name\":\"soGuapa Beauty Expert\",\"description\":\"Beauty Treatments Malta\",\"publisher\":{\"@id\":\"https:\\\/\\\/soguapa.com\\\/#organization\"},\"potentialAction\":[{\"@type\":\"SearchAction\",\"target\":{\"@type\":\"EntryPoint\",\"urlTemplate\":\"https:\\\/\\\/soguapa.com\\\/?s={search_term_string}\"},\"query-input\":{\"@type\":\"PropertyValueSpecification\",\"valueRequired\":true,\"valueName\":\"search_term_string\"}}],\"inLanguage\":\"es\"},{\"@type\":\"Organization\",\"@id\":\"https:\\\/\\\/soguapa.com\\\/#organization\",\"name\":\"soGuapa\",\"url\":\"https:\\\/\\\/soguapa.com\\\/\",\"logo\":{\"@type\":\"ImageObject\",\"inLanguage\":\"es\",\"@id\":\"https:\\\/\\\/soguapa.com\\\/#\\\/schema\\\/logo\\\/image\\\/\",\"url\":\"https:\\\/\\\/soguapa.com\\\/wp-content\\\/uploads\\\/2022\\\/05\\\/logo-So-Guapa-by-Ingrid.jpg\",\"contentUrl\":\"https:\\\/\\\/soguapa.com\\\/wp-content\\\/uploads\\\/2022\\\/05\\\/logo-So-Guapa-by-Ingrid.jpg\",\"width\":200,\"height\":80,\"caption\":\"soGuapa\"},\"image\":{\"@id\":\"https:\\\/\\\/soguapa.com\\\/#\\\/schema\\\/logo\\\/image\\\/\"},\"sameAs\":[\"https:\\\/\\\/es-la.facebook.com\\\/SoguapabeautyExpert\\\/\",\"https:\\\/\\\/www.instagram.com\\\/soguapabyingrid\\\/\"]}]}<\/script>\n<!-- \/ Yoast SEO plugin. -->","yoast_head_json":{"title":"Maquillante Bif\u00e1sico - Mesoestetic","description":"Desmaquillante bif\u00e1sico est\u00e1 formulado para una alta tolerancia en los ojos y los labios. Elimina suavemente la suciedad y el maquillaje.","robots":{"index":"index","follow":"follow","max-snippet":"max-snippet:-1","max-image-preview":"max-image-preview:large","max-video-preview":"max-video-preview:-1"},"canonical":"https:\/\/soguapa.com\/producto\/micellar-biphasic-makeup-remover\/","og_locale":"es_ES","og_type":"article","og_title":"Maquillante Bif\u00e1sico - Mesoestetic","og_description":"Desmaquillante bif\u00e1sico est\u00e1 formulado para una alta tolerancia en los ojos y los labios. Elimina suavemente la suciedad y el maquillaje.","og_url":"https:\/\/soguapa.com\/producto\/micellar-biphasic-makeup-remover\/","og_site_name":"soGuapa Beauty Expert","article_publisher":"https:\/\/es-la.facebook.com\/SoguapabeautyExpert\/","article_modified_time":"2023-09-08T17:47:34+00:00","og_image":[{"width":650,"height":650,"url":"https:\/\/soguapa.com\/wp-content\/uploads\/2023\/09\/micellar_biphasic.jpg","type":"image\/jpeg"}],"twitter_card":"summary_large_image","schema":{"@context":"https:\/\/schema.org","@graph":[{"@type":"WebPage","@id":"https:\/\/soguapa.com\/producto\/micellar-biphasic-makeup-remover\/","url":"https:\/\/soguapa.com\/producto\/micellar-biphasic-makeup-remover\/","name":"Maquillante Bif\u00e1sico - Mesoestetic","isPartOf":{"@id":"https:\/\/soguapa.com\/#website"},"primaryImageOfPage":{"@id":"https:\/\/soguapa.com\/producto\/micellar-biphasic-makeup-remover\/#primaryimage"},"image":{"@id":"https:\/\/soguapa.com\/producto\/micellar-biphasic-makeup-remover\/#primaryimage"},"thumbnailUrl":"https:\/\/soguapa.com\/wp-content\/uploads\/2023\/09\/micellar_biphasic.jpg","datePublished":"2023-09-08T17:44:14+00:00","dateModified":"2023-09-08T17:47:34+00:00","description":"Desmaquillante bif\u00e1sico est\u00e1 formulado para una alta tolerancia en los ojos y los labios. Elimina suavemente la suciedad y el maquillaje.","breadcrumb":{"@id":"https:\/\/soguapa.com\/producto\/micellar-biphasic-makeup-remover\/#breadcrumb"},"inLanguage":"es","potentialAction":[{"@type":"ReadAction","target":["https:\/\/soguapa.com\/producto\/micellar-biphasic-makeup-remover\/"]}]},{"@type":"ImageObject","inLanguage":"es","@id":"https:\/\/soguapa.com\/producto\/micellar-biphasic-makeup-remover\/#primaryimage","url":"https:\/\/soguapa.com\/wp-content\/uploads\/2023\/09\/micellar_biphasic.jpg","contentUrl":"https:\/\/soguapa.com\/wp-content\/uploads\/2023\/09\/micellar_biphasic.jpg","width":650,"height":650,"caption":"micellar_biphasic"},{"@type":"BreadcrumbList","@id":"https:\/\/soguapa.com\/producto\/micellar-biphasic-makeup-remover\/#breadcrumb","itemListElement":[{"@type":"ListItem","position":1,"name":"Home","item":"https:\/\/soguapa.com\/"},{"@type":"ListItem","position":2,"name":"Tienda","item":"https:\/\/soguapa.com\/es\/tienda\/"},{"@type":"ListItem","position":3,"name":"Micellar Biphasic &#8211; Desmaquillante Bif\u00e1sico"}]},{"@type":"WebSite","@id":"https:\/\/soguapa.com\/#website","url":"https:\/\/soguapa.com\/","name":"soGuapa Beauty Expert","description":"Beauty Treatments Malta","publisher":{"@id":"https:\/\/soguapa.com\/#organization"},"potentialAction":[{"@type":"SearchAction","target":{"@type":"EntryPoint","urlTemplate":"https:\/\/soguapa.com\/?s={search_term_string}"},"query-input":{"@type":"PropertyValueSpecification","valueRequired":true,"valueName":"search_term_string"}}],"inLanguage":"es"},{"@type":"Organization","@id":"https:\/\/soguapa.com\/#organization","name":"soGuapa","url":"https:\/\/soguapa.com\/","logo":{"@type":"ImageObject","inLanguage":"es","@id":"https:\/\/soguapa.com\/#\/schema\/logo\/image\/","url":"https:\/\/soguapa.com\/wp-content\/uploads\/2022\/05\/logo-So-Guapa-by-Ingrid.jpg","contentUrl":"https:\/\/soguapa.com\/wp-content\/uploads\/2022\/05\/logo-So-Guapa-by-Ingrid.jpg","width":200,"height":80,"caption":"soGuapa"},"image":{"@id":"https:\/\/soguapa.com\/#\/schema\/logo\/image\/"},"sameAs":["https:\/\/es-la.facebook.com\/SoguapabeautyExpert\/","https:\/\/www.instagram.com\/soguapabyingrid\/"]}]}},"_links":{"self":[{"href":"https:\/\/soguapa.com\/es\/wp-json\/wp\/v2\/product\/2360","targetHints":{"allow":["GET"]}}],"collection":[{"href":"https:\/\/soguapa.com\/es\/wp-json\/wp\/v2\/product"}],"about":[{"href":"https:\/\/soguapa.com\/es\/wp-json\/wp\/v2\/types\/product"}],"wp:featuredmedia":[{"embeddable":true,"href":"https:\/\/soguapa.com\/es\/wp-json\/wp\/v2\/media\/2342"}],"wp:attachment":[{"href":"https:\/\/soguapa.com\/es\/wp-json\/wp\/v2\/media?parent=2360"}],"wp:term":[{"taxonomy":"product_brand","embeddable":true,"href":"https:\/\/soguapa.com\/es\/wp-json\/wp\/v2\/product_brand?post=2360"},{"taxonomy":"product_cat","embeddable":true,"href":"https:\/\/soguapa.com\/es\/wp-json\/wp\/v2\/product_cat?post=2360"},{"taxonomy":"product_tag","embeddable":true,"href":"https:\/\/soguapa.com\/es\/wp-json\/wp\/v2\/product_tag?post=2360"}],"curies":[{"name":"wp","href":"https:\/\/api.w.org\/{rel}","templated":true}]}}