{"id":2357,"date":"2023-09-08T17:28:55","date_gmt":"2023-09-08T17:28:55","guid":{"rendered":"https:\/\/www.soguapa.com\/product\/acne-one\/"},"modified":"2023-09-08T17:31:40","modified_gmt":"2023-09-08T17:31:40","slug":"acne-one","status":"publish","type":"product","link":"https:\/\/soguapa.com\/es\/producto\/acne-one\/","title":{"rendered":"Acne one"},"content":{"rendered":"<p data-sourcepos=\"3:1-3:199\"><strong>Acne One<\/strong> es una crema de uso diario dise\u00f1ada para ayudar a controlar el acn\u00e9 y la piel propensa a la seborrea. Est\u00e1 formulada con una combinaci\u00f3n de ingredientes activos que trabajan juntos para:<\/p>\n<p>Eliminar las imperfecciones existentes, Prevenir la formaci\u00f3n de nuevas imperfecciones, Reducir la producci\u00f3n excesiva de grasa, Aliviar y calmar la piel irritada.<\/p>\n<p data-sourcepos=\"10:1-10:181\">Acne One es no graso y no comedog\u00e9nico, por lo que es seguro para usar en todo tipo de pieles. Tambi\u00e9n es libre de fragancia y colorantes, por lo que es suave para la piel sensible.<\/p>\n<p data-sourcepos=\"12:1-12:21\"><strong>Beneficios clave:<\/strong><\/p>\n<ul data-sourcepos=\"14:1-20:0\">\n<li data-sourcepos=\"14:1-14:43\">Elimina las imperfecciones existentes<\/li>\n<li data-sourcepos=\"15:1-15:52\">Previene la formaci\u00f3n de nuevas imperfecciones<\/li>\n<li data-sourcepos=\"16:1-16:44\">Reduce la producci\u00f3n excesiva de grasa<\/li>\n<li data-sourcepos=\"17:1-17:37\">Alivia y calma la piel irritada<\/li>\n<li data-sourcepos=\"18:1-18:32\">No graso y no comedog\u00e9nico<\/li>\n<li data-sourcepos=\"19:1-20:0\">Libre de fragancia y colorantes<\/li>\n<\/ul>\n","protected":false},"excerpt":{"rendered":"<p>Acne One es una crema de uso diario dise\u00f1ada para ayudar a controlar el acn\u00e9 y la piel propensa a la seborrea. Est\u00e1 formulada con una combinaci\u00f3n de ingredientes activos que trabajan juntos para: Eliminar las imperfecciones existentes, Prevenir la formaci\u00f3n de nuevas imperfecciones, Reducir la producci\u00f3n excesiva de grasa, Aliviar y calmar la piel [&hellip;]<\/p>\n","protected":false},"featured_media":2334,"template":"","meta":{"_monsterinsights_skip_tracking":false,"_monsterinsights_sitenote_active":false,"_monsterinsights_sitenote_note":"","_monsterinsights_sitenote_category":0},"product_brand":[],"product_cat":[57,53],"product_tag":[49],"class_list":{"0":"post-2357","1":"product","2":"type-product","3":"status-publish","4":"has-post-thumbnail","6":"product_cat-cuidado-de-la-piel","7":"product_cat-cuidado-facial","8":"product_tag-mesoestetic-es","10":"first","11":"instock","12":"shipping-taxable","13":"purchasable","14":"product-type-simple"},"yoast_head":"<!-- This site is optimized with the Yoast SEO plugin v27.4 - https:\/\/yoast.com\/product\/yoast-seo-wordpress\/ -->\n<title>Acne one - Mesoestetic<\/title>\n<meta name=\"description\" content=\"Acne One es no graso y no comedog\u00e9nico, por lo que es seguro para usar en todo tipo de pieles. Tambi\u00e9n es libre de fragancia y colorantes, por lo que es suave para la piel sensible.\" \/>\n<meta name=\"robots\" content=\"index, follow, max-snippet:-1, max-image-preview:large, max-video-preview:-1\" \/>\n<link rel=\"canonical\" href=\"https:\/\/soguapa.com\/producto\/acne-one\/\" \/>\n<meta property=\"og:locale\" content=\"es_ES\" \/>\n<meta property=\"og:type\" content=\"article\" \/>\n<meta property=\"og:title\" content=\"Acne one - Mesoestetic\" \/>\n<meta property=\"og:description\" content=\"Acne One es no graso y no comedog\u00e9nico, por lo que es seguro para usar en todo tipo de pieles. Tambi\u00e9n es libre de fragancia y colorantes, por lo que es suave para la piel sensible.\" \/>\n<meta property=\"og:url\" content=\"https:\/\/soguapa.com\/producto\/acne-one\/\" \/>\n<meta property=\"og:site_name\" content=\"soGuapa Beauty Expert\" \/>\n<meta property=\"article:publisher\" content=\"https:\/\/es-la.facebook.com\/SoguapabeautyExpert\/\" \/>\n<meta property=\"article:modified_time\" content=\"2023-09-08T17:31:40+00:00\" \/>\n<meta property=\"og:image\" content=\"https:\/\/soguapa.com\/wp-content\/uploads\/2023\/09\/mesoestetic-acne-one-malta.png\" \/>\n\t<meta property=\"og:image:width\" content=\"650\" \/>\n\t<meta property=\"og:image:height\" content=\"650\" \/>\n\t<meta property=\"og:image:type\" content=\"image\/png\" \/>\n<meta name=\"twitter:card\" content=\"summary_large_image\" \/>\n<meta name=\"twitter:label1\" content=\"Tiempo de lectura\" \/>\n\t<meta name=\"twitter:data1\" content=\"1 minuto\" \/>\n<script type=\"application\/ld+json\" class=\"yoast-schema-graph\">{\"@context\":\"https:\\\/\\\/schema.org\",\"@graph\":[{\"@type\":\"WebPage\",\"@id\":\"https:\\\/\\\/soguapa.com\\\/producto\\\/acne-one\\\/\",\"url\":\"https:\\\/\\\/soguapa.com\\\/producto\\\/acne-one\\\/\",\"name\":\"Acne one - Mesoestetic\",\"isPartOf\":{\"@id\":\"https:\\\/\\\/soguapa.com\\\/#website\"},\"primaryImageOfPage\":{\"@id\":\"https:\\\/\\\/soguapa.com\\\/producto\\\/acne-one\\\/#primaryimage\"},\"image\":{\"@id\":\"https:\\\/\\\/soguapa.com\\\/producto\\\/acne-one\\\/#primaryimage\"},\"thumbnailUrl\":\"https:\\\/\\\/soguapa.com\\\/wp-content\\\/uploads\\\/2023\\\/09\\\/mesoestetic-acne-one-malta.png\",\"datePublished\":\"2023-09-08T17:28:55+00:00\",\"dateModified\":\"2023-09-08T17:31:40+00:00\",\"description\":\"Acne One es no graso y no comedog\u00e9nico, por lo que es seguro para usar en todo tipo de pieles. Tambi\u00e9n es libre de fragancia y colorantes, por lo que es suave para la piel sensible.\",\"breadcrumb\":{\"@id\":\"https:\\\/\\\/soguapa.com\\\/producto\\\/acne-one\\\/#breadcrumb\"},\"inLanguage\":\"es\",\"potentialAction\":[{\"@type\":\"ReadAction\",\"target\":[\"https:\\\/\\\/soguapa.com\\\/producto\\\/acne-one\\\/\"]}]},{\"@type\":\"ImageObject\",\"inLanguage\":\"es\",\"@id\":\"https:\\\/\\\/soguapa.com\\\/producto\\\/acne-one\\\/#primaryimage\",\"url\":\"https:\\\/\\\/soguapa.com\\\/wp-content\\\/uploads\\\/2023\\\/09\\\/mesoestetic-acne-one-malta.png\",\"contentUrl\":\"https:\\\/\\\/soguapa.com\\\/wp-content\\\/uploads\\\/2023\\\/09\\\/mesoestetic-acne-one-malta.png\",\"width\":650,\"height\":650,\"caption\":\"mesoestetic-acne-one malta\"},{\"@type\":\"BreadcrumbList\",\"@id\":\"https:\\\/\\\/soguapa.com\\\/producto\\\/acne-one\\\/#breadcrumb\",\"itemListElement\":[{\"@type\":\"ListItem\",\"position\":1,\"name\":\"Home\",\"item\":\"https:\\\/\\\/soguapa.com\\\/\"},{\"@type\":\"ListItem\",\"position\":2,\"name\":\"Tienda\",\"item\":\"https:\\\/\\\/soguapa.com\\\/es\\\/tienda\\\/\"},{\"@type\":\"ListItem\",\"position\":3,\"name\":\"Acne one\"}]},{\"@type\":\"WebSite\",\"@id\":\"https:\\\/\\\/soguapa.com\\\/#website\",\"url\":\"https:\\\/\\\/soguapa.com\\\/\",\"name\":\"soGuapa Beauty Expert\",\"description\":\"Beauty Treatments Malta\",\"publisher\":{\"@id\":\"https:\\\/\\\/soguapa.com\\\/#organization\"},\"potentialAction\":[{\"@type\":\"SearchAction\",\"target\":{\"@type\":\"EntryPoint\",\"urlTemplate\":\"https:\\\/\\\/soguapa.com\\\/?s={search_term_string}\"},\"query-input\":{\"@type\":\"PropertyValueSpecification\",\"valueRequired\":true,\"valueName\":\"search_term_string\"}}],\"inLanguage\":\"es\"},{\"@type\":\"Organization\",\"@id\":\"https:\\\/\\\/soguapa.com\\\/#organization\",\"name\":\"soGuapa\",\"url\":\"https:\\\/\\\/soguapa.com\\\/\",\"logo\":{\"@type\":\"ImageObject\",\"inLanguage\":\"es\",\"@id\":\"https:\\\/\\\/soguapa.com\\\/#\\\/schema\\\/logo\\\/image\\\/\",\"url\":\"https:\\\/\\\/soguapa.com\\\/wp-content\\\/uploads\\\/2022\\\/05\\\/logo-So-Guapa-by-Ingrid.jpg\",\"contentUrl\":\"https:\\\/\\\/soguapa.com\\\/wp-content\\\/uploads\\\/2022\\\/05\\\/logo-So-Guapa-by-Ingrid.jpg\",\"width\":200,\"height\":80,\"caption\":\"soGuapa\"},\"image\":{\"@id\":\"https:\\\/\\\/soguapa.com\\\/#\\\/schema\\\/logo\\\/image\\\/\"},\"sameAs\":[\"https:\\\/\\\/es-la.facebook.com\\\/SoguapabeautyExpert\\\/\",\"https:\\\/\\\/www.instagram.com\\\/soguapabyingrid\\\/\"]}]}<\/script>\n<!-- \/ Yoast SEO plugin. -->","yoast_head_json":{"title":"Acne one - Mesoestetic","description":"Acne One es no graso y no comedog\u00e9nico, por lo que es seguro para usar en todo tipo de pieles. Tambi\u00e9n es libre de fragancia y colorantes, por lo que es suave para la piel sensible.","robots":{"index":"index","follow":"follow","max-snippet":"max-snippet:-1","max-image-preview":"max-image-preview:large","max-video-preview":"max-video-preview:-1"},"canonical":"https:\/\/soguapa.com\/producto\/acne-one\/","og_locale":"es_ES","og_type":"article","og_title":"Acne one - Mesoestetic","og_description":"Acne One es no graso y no comedog\u00e9nico, por lo que es seguro para usar en todo tipo de pieles. Tambi\u00e9n es libre de fragancia y colorantes, por lo que es suave para la piel sensible.","og_url":"https:\/\/soguapa.com\/producto\/acne-one\/","og_site_name":"soGuapa Beauty Expert","article_publisher":"https:\/\/es-la.facebook.com\/SoguapabeautyExpert\/","article_modified_time":"2023-09-08T17:31:40+00:00","og_image":[{"width":650,"height":650,"url":"https:\/\/soguapa.com\/wp-content\/uploads\/2023\/09\/mesoestetic-acne-one-malta.png","type":"image\/png"}],"twitter_card":"summary_large_image","twitter_misc":{"Tiempo de lectura":"1 minuto"},"schema":{"@context":"https:\/\/schema.org","@graph":[{"@type":"WebPage","@id":"https:\/\/soguapa.com\/producto\/acne-one\/","url":"https:\/\/soguapa.com\/producto\/acne-one\/","name":"Acne one - Mesoestetic","isPartOf":{"@id":"https:\/\/soguapa.com\/#website"},"primaryImageOfPage":{"@id":"https:\/\/soguapa.com\/producto\/acne-one\/#primaryimage"},"image":{"@id":"https:\/\/soguapa.com\/producto\/acne-one\/#primaryimage"},"thumbnailUrl":"https:\/\/soguapa.com\/wp-content\/uploads\/2023\/09\/mesoestetic-acne-one-malta.png","datePublished":"2023-09-08T17:28:55+00:00","dateModified":"2023-09-08T17:31:40+00:00","description":"Acne One es no graso y no comedog\u00e9nico, por lo que es seguro para usar en todo tipo de pieles. Tambi\u00e9n es libre de fragancia y colorantes, por lo que es suave para la piel sensible.","breadcrumb":{"@id":"https:\/\/soguapa.com\/producto\/acne-one\/#breadcrumb"},"inLanguage":"es","potentialAction":[{"@type":"ReadAction","target":["https:\/\/soguapa.com\/producto\/acne-one\/"]}]},{"@type":"ImageObject","inLanguage":"es","@id":"https:\/\/soguapa.com\/producto\/acne-one\/#primaryimage","url":"https:\/\/soguapa.com\/wp-content\/uploads\/2023\/09\/mesoestetic-acne-one-malta.png","contentUrl":"https:\/\/soguapa.com\/wp-content\/uploads\/2023\/09\/mesoestetic-acne-one-malta.png","width":650,"height":650,"caption":"mesoestetic-acne-one malta"},{"@type":"BreadcrumbList","@id":"https:\/\/soguapa.com\/producto\/acne-one\/#breadcrumb","itemListElement":[{"@type":"ListItem","position":1,"name":"Home","item":"https:\/\/soguapa.com\/"},{"@type":"ListItem","position":2,"name":"Tienda","item":"https:\/\/soguapa.com\/es\/tienda\/"},{"@type":"ListItem","position":3,"name":"Acne one"}]},{"@type":"WebSite","@id":"https:\/\/soguapa.com\/#website","url":"https:\/\/soguapa.com\/","name":"soGuapa Beauty Expert","description":"Beauty Treatments Malta","publisher":{"@id":"https:\/\/soguapa.com\/#organization"},"potentialAction":[{"@type":"SearchAction","target":{"@type":"EntryPoint","urlTemplate":"https:\/\/soguapa.com\/?s={search_term_string}"},"query-input":{"@type":"PropertyValueSpecification","valueRequired":true,"valueName":"search_term_string"}}],"inLanguage":"es"},{"@type":"Organization","@id":"https:\/\/soguapa.com\/#organization","name":"soGuapa","url":"https:\/\/soguapa.com\/","logo":{"@type":"ImageObject","inLanguage":"es","@id":"https:\/\/soguapa.com\/#\/schema\/logo\/image\/","url":"https:\/\/soguapa.com\/wp-content\/uploads\/2022\/05\/logo-So-Guapa-by-Ingrid.jpg","contentUrl":"https:\/\/soguapa.com\/wp-content\/uploads\/2022\/05\/logo-So-Guapa-by-Ingrid.jpg","width":200,"height":80,"caption":"soGuapa"},"image":{"@id":"https:\/\/soguapa.com\/#\/schema\/logo\/image\/"},"sameAs":["https:\/\/es-la.facebook.com\/SoguapabeautyExpert\/","https:\/\/www.instagram.com\/soguapabyingrid\/"]}]}},"_links":{"self":[{"href":"https:\/\/soguapa.com\/es\/wp-json\/wp\/v2\/product\/2357","targetHints":{"allow":["GET"]}}],"collection":[{"href":"https:\/\/soguapa.com\/es\/wp-json\/wp\/v2\/product"}],"about":[{"href":"https:\/\/soguapa.com\/es\/wp-json\/wp\/v2\/types\/product"}],"wp:featuredmedia":[{"embeddable":true,"href":"https:\/\/soguapa.com\/es\/wp-json\/wp\/v2\/media\/2334"}],"wp:attachment":[{"href":"https:\/\/soguapa.com\/es\/wp-json\/wp\/v2\/media?parent=2357"}],"wp:term":[{"taxonomy":"product_brand","embeddable":true,"href":"https:\/\/soguapa.com\/es\/wp-json\/wp\/v2\/product_brand?post=2357"},{"taxonomy":"product_cat","embeddable":true,"href":"https:\/\/soguapa.com\/es\/wp-json\/wp\/v2\/product_cat?post=2357"},{"taxonomy":"product_tag","embeddable":true,"href":"https:\/\/soguapa.com\/es\/wp-json\/wp\/v2\/product_tag?post=2357"}],"curies":[{"name":"wp","href":"https:\/\/api.w.org\/{rel}","templated":true}]}}