{"id":2353,"date":"2023-09-08T17:18:56","date_gmt":"2023-09-08T17:18:56","guid":{"rendered":"https:\/\/www.soguapa.com\/?post_type=product&#038;p=2353"},"modified":"2023-09-08T17:20:20","modified_gmt":"2023-09-08T17:20:20","slug":"hydratonic-mist","status":"publish","type":"product","link":"https:\/\/soguapa.com\/es\/producto\/hydratonic-mist\/","title":{"rendered":"hydratonic mist"},"content":{"rendered":"<p data-sourcepos=\"3:1-3:321\"><strong>Hydratonic Mist<\/strong> es un t\u00f3nico facial en spray que hidrata, refresca y equilibra la piel. Su f\u00f3rmula contiene un activo biotecnol\u00f3gico, Urban D-tox, que ayuda a eliminar las part\u00edculas contaminantes que se depositan en la piel, as\u00ed como un complejo de provitamina B5 y \u00e1cido hialur\u00f3nico que hidratan y suavizan la piel.<\/p>\n<p data-sourcepos=\"5:1-5:231\">Hydratonic Mist es un producto apto para todo tipo de pieles, ya que no contiene alcohol ni perfumes. Se puede utilizar como paso final de la limpieza facial o a lo largo del d\u00eda para refrescar la piel y reequilibrar su microbiota.<\/p>\n<p data-sourcepos=\"7:1-7:20\"><strong>Caracter\u00edsticas:<\/strong><\/p>\n<ul data-sourcepos=\"9:1-14:0\">\n<li data-sourcepos=\"9:1-9:40\">Hidrata, refresca y equilibra la piel.<\/li>\n<li data-sourcepos=\"10:1-10:39\">Elimina las part\u00edculas contaminantes.<\/li>\n<li data-sourcepos=\"11:1-11:37\">Previene el envejecimiento cut\u00e1neo.<\/li>\n<li data-sourcepos=\"12:1-12:32\">Apto para todo tipo de pieles.<\/li>\n<li data-sourcepos=\"13:1-14:0\">Sin alcohol ni perfumes.<\/li>\n<\/ul>\n","protected":false},"excerpt":{"rendered":"<p>Hydratonic Mist es un t\u00f3nico facial en spray que hidrata, refresca y equilibra la piel. Su f\u00f3rmula contiene un activo biotecnol\u00f3gico, Urban D-tox, que ayuda a eliminar las part\u00edculas contaminantes que se depositan en la piel, as\u00ed como un complejo de provitamina B5 y \u00e1cido hialur\u00f3nico que hidratan y suavizan la piel. Hydratonic Mist es [&hellip;]<\/p>\n","protected":false},"featured_media":2320,"template":"","meta":{"_monsterinsights_skip_tracking":false,"_monsterinsights_sitenote_active":false,"_monsterinsights_sitenote_note":"","_monsterinsights_sitenote_category":0},"product_brand":[],"product_cat":[57,53],"product_tag":[49],"class_list":{"0":"post-2353","1":"product","2":"type-product","3":"status-publish","4":"has-post-thumbnail","6":"product_cat-cuidado-de-la-piel","7":"product_cat-cuidado-facial","8":"product_tag-mesoestetic-es","10":"first","11":"instock","12":"shipping-taxable","13":"purchasable","14":"product-type-simple"},"yoast_head":"<!-- This site is optimized with the Yoast SEO plugin v27.4 - https:\/\/yoast.com\/product\/yoast-seo-wordpress\/ -->\n<title>Hydratonic mist - Mesoestetic<\/title>\n<meta name=\"description\" content=\"T\u00f3nico facial equilibrante, anti-contaminaci\u00f3n e hidratante. Completa la higiene facial y potencia el equilibrio de la microbiota cut\u00e1nea. Apto para todo tipo de pieles.\" \/>\n<meta name=\"robots\" content=\"index, follow, max-snippet:-1, max-image-preview:large, max-video-preview:-1\" \/>\n<link rel=\"canonical\" href=\"https:\/\/soguapa.com\/producto\/hydratonic-mist\/\" \/>\n<meta property=\"og:locale\" content=\"es_ES\" \/>\n<meta property=\"og:type\" content=\"article\" \/>\n<meta property=\"og:title\" content=\"Hydratonic mist - Mesoestetic\" \/>\n<meta property=\"og:description\" content=\"T\u00f3nico facial equilibrante, anti-contaminaci\u00f3n e hidratante. Completa la higiene facial y potencia el equilibrio de la microbiota cut\u00e1nea. Apto para todo tipo de pieles.\" \/>\n<meta property=\"og:url\" content=\"https:\/\/soguapa.com\/producto\/hydratonic-mist\/\" \/>\n<meta property=\"og:site_name\" content=\"soGuapa Beauty Expert\" \/>\n<meta property=\"article:publisher\" content=\"https:\/\/es-la.facebook.com\/SoguapabeautyExpert\/\" \/>\n<meta property=\"article:modified_time\" content=\"2023-09-08T17:20:20+00:00\" \/>\n<meta property=\"og:image\" content=\"https:\/\/soguapa.com\/wp-content\/uploads\/2023\/09\/hydratonic-mist-125ml.png\" \/>\n\t<meta property=\"og:image:width\" content=\"650\" \/>\n\t<meta property=\"og:image:height\" content=\"650\" \/>\n\t<meta property=\"og:image:type\" content=\"image\/png\" \/>\n<meta name=\"twitter:card\" content=\"summary_large_image\" \/>\n<meta name=\"twitter:label1\" content=\"Tiempo de lectura\" \/>\n\t<meta name=\"twitter:data1\" content=\"1 minuto\" \/>\n<script type=\"application\/ld+json\" class=\"yoast-schema-graph\">{\"@context\":\"https:\\\/\\\/schema.org\",\"@graph\":[{\"@type\":\"WebPage\",\"@id\":\"https:\\\/\\\/soguapa.com\\\/producto\\\/hydratonic-mist\\\/\",\"url\":\"https:\\\/\\\/soguapa.com\\\/producto\\\/hydratonic-mist\\\/\",\"name\":\"Hydratonic mist - Mesoestetic\",\"isPartOf\":{\"@id\":\"https:\\\/\\\/soguapa.com\\\/#website\"},\"primaryImageOfPage\":{\"@id\":\"https:\\\/\\\/soguapa.com\\\/producto\\\/hydratonic-mist\\\/#primaryimage\"},\"image\":{\"@id\":\"https:\\\/\\\/soguapa.com\\\/producto\\\/hydratonic-mist\\\/#primaryimage\"},\"thumbnailUrl\":\"https:\\\/\\\/soguapa.com\\\/wp-content\\\/uploads\\\/2023\\\/09\\\/hydratonic-mist-125ml.png\",\"datePublished\":\"2023-09-08T17:18:56+00:00\",\"dateModified\":\"2023-09-08T17:20:20+00:00\",\"description\":\"T\u00f3nico facial equilibrante, anti-contaminaci\u00f3n e hidratante. Completa la higiene facial y potencia el equilibrio de la microbiota cut\u00e1nea. Apto para todo tipo de pieles.\",\"breadcrumb\":{\"@id\":\"https:\\\/\\\/soguapa.com\\\/producto\\\/hydratonic-mist\\\/#breadcrumb\"},\"inLanguage\":\"es\",\"potentialAction\":[{\"@type\":\"ReadAction\",\"target\":[\"https:\\\/\\\/soguapa.com\\\/producto\\\/hydratonic-mist\\\/\"]}]},{\"@type\":\"ImageObject\",\"inLanguage\":\"es\",\"@id\":\"https:\\\/\\\/soguapa.com\\\/producto\\\/hydratonic-mist\\\/#primaryimage\",\"url\":\"https:\\\/\\\/soguapa.com\\\/wp-content\\\/uploads\\\/2023\\\/09\\\/hydratonic-mist-125ml.png\",\"contentUrl\":\"https:\\\/\\\/soguapa.com\\\/wp-content\\\/uploads\\\/2023\\\/09\\\/hydratonic-mist-125ml.png\",\"width\":650,\"height\":650,\"caption\":\"hydratonic-mist-125ml\"},{\"@type\":\"BreadcrumbList\",\"@id\":\"https:\\\/\\\/soguapa.com\\\/producto\\\/hydratonic-mist\\\/#breadcrumb\",\"itemListElement\":[{\"@type\":\"ListItem\",\"position\":1,\"name\":\"Home\",\"item\":\"https:\\\/\\\/soguapa.com\\\/\"},{\"@type\":\"ListItem\",\"position\":2,\"name\":\"Tienda\",\"item\":\"https:\\\/\\\/soguapa.com\\\/es\\\/tienda\\\/\"},{\"@type\":\"ListItem\",\"position\":3,\"name\":\"hydratonic mist\"}]},{\"@type\":\"WebSite\",\"@id\":\"https:\\\/\\\/soguapa.com\\\/#website\",\"url\":\"https:\\\/\\\/soguapa.com\\\/\",\"name\":\"soGuapa Beauty Expert\",\"description\":\"Beauty Treatments Malta\",\"publisher\":{\"@id\":\"https:\\\/\\\/soguapa.com\\\/#organization\"},\"potentialAction\":[{\"@type\":\"SearchAction\",\"target\":{\"@type\":\"EntryPoint\",\"urlTemplate\":\"https:\\\/\\\/soguapa.com\\\/?s={search_term_string}\"},\"query-input\":{\"@type\":\"PropertyValueSpecification\",\"valueRequired\":true,\"valueName\":\"search_term_string\"}}],\"inLanguage\":\"es\"},{\"@type\":\"Organization\",\"@id\":\"https:\\\/\\\/soguapa.com\\\/#organization\",\"name\":\"soGuapa\",\"url\":\"https:\\\/\\\/soguapa.com\\\/\",\"logo\":{\"@type\":\"ImageObject\",\"inLanguage\":\"es\",\"@id\":\"https:\\\/\\\/soguapa.com\\\/#\\\/schema\\\/logo\\\/image\\\/\",\"url\":\"https:\\\/\\\/soguapa.com\\\/wp-content\\\/uploads\\\/2022\\\/05\\\/logo-So-Guapa-by-Ingrid.jpg\",\"contentUrl\":\"https:\\\/\\\/soguapa.com\\\/wp-content\\\/uploads\\\/2022\\\/05\\\/logo-So-Guapa-by-Ingrid.jpg\",\"width\":200,\"height\":80,\"caption\":\"soGuapa\"},\"image\":{\"@id\":\"https:\\\/\\\/soguapa.com\\\/#\\\/schema\\\/logo\\\/image\\\/\"},\"sameAs\":[\"https:\\\/\\\/es-la.facebook.com\\\/SoguapabeautyExpert\\\/\",\"https:\\\/\\\/www.instagram.com\\\/soguapabyingrid\\\/\"]}]}<\/script>\n<!-- \/ Yoast SEO plugin. -->","yoast_head_json":{"title":"Hydratonic mist - Mesoestetic","description":"T\u00f3nico facial equilibrante, anti-contaminaci\u00f3n e hidratante. Completa la higiene facial y potencia el equilibrio de la microbiota cut\u00e1nea. Apto para todo tipo de pieles.","robots":{"index":"index","follow":"follow","max-snippet":"max-snippet:-1","max-image-preview":"max-image-preview:large","max-video-preview":"max-video-preview:-1"},"canonical":"https:\/\/soguapa.com\/producto\/hydratonic-mist\/","og_locale":"es_ES","og_type":"article","og_title":"Hydratonic mist - Mesoestetic","og_description":"T\u00f3nico facial equilibrante, anti-contaminaci\u00f3n e hidratante. Completa la higiene facial y potencia el equilibrio de la microbiota cut\u00e1nea. Apto para todo tipo de pieles.","og_url":"https:\/\/soguapa.com\/producto\/hydratonic-mist\/","og_site_name":"soGuapa Beauty Expert","article_publisher":"https:\/\/es-la.facebook.com\/SoguapabeautyExpert\/","article_modified_time":"2023-09-08T17:20:20+00:00","og_image":[{"width":650,"height":650,"url":"https:\/\/soguapa.com\/wp-content\/uploads\/2023\/09\/hydratonic-mist-125ml.png","type":"image\/png"}],"twitter_card":"summary_large_image","twitter_misc":{"Tiempo de lectura":"1 minuto"},"schema":{"@context":"https:\/\/schema.org","@graph":[{"@type":"WebPage","@id":"https:\/\/soguapa.com\/producto\/hydratonic-mist\/","url":"https:\/\/soguapa.com\/producto\/hydratonic-mist\/","name":"Hydratonic mist - Mesoestetic","isPartOf":{"@id":"https:\/\/soguapa.com\/#website"},"primaryImageOfPage":{"@id":"https:\/\/soguapa.com\/producto\/hydratonic-mist\/#primaryimage"},"image":{"@id":"https:\/\/soguapa.com\/producto\/hydratonic-mist\/#primaryimage"},"thumbnailUrl":"https:\/\/soguapa.com\/wp-content\/uploads\/2023\/09\/hydratonic-mist-125ml.png","datePublished":"2023-09-08T17:18:56+00:00","dateModified":"2023-09-08T17:20:20+00:00","description":"T\u00f3nico facial equilibrante, anti-contaminaci\u00f3n e hidratante. Completa la higiene facial y potencia el equilibrio de la microbiota cut\u00e1nea. Apto para todo tipo de pieles.","breadcrumb":{"@id":"https:\/\/soguapa.com\/producto\/hydratonic-mist\/#breadcrumb"},"inLanguage":"es","potentialAction":[{"@type":"ReadAction","target":["https:\/\/soguapa.com\/producto\/hydratonic-mist\/"]}]},{"@type":"ImageObject","inLanguage":"es","@id":"https:\/\/soguapa.com\/producto\/hydratonic-mist\/#primaryimage","url":"https:\/\/soguapa.com\/wp-content\/uploads\/2023\/09\/hydratonic-mist-125ml.png","contentUrl":"https:\/\/soguapa.com\/wp-content\/uploads\/2023\/09\/hydratonic-mist-125ml.png","width":650,"height":650,"caption":"hydratonic-mist-125ml"},{"@type":"BreadcrumbList","@id":"https:\/\/soguapa.com\/producto\/hydratonic-mist\/#breadcrumb","itemListElement":[{"@type":"ListItem","position":1,"name":"Home","item":"https:\/\/soguapa.com\/"},{"@type":"ListItem","position":2,"name":"Tienda","item":"https:\/\/soguapa.com\/es\/tienda\/"},{"@type":"ListItem","position":3,"name":"hydratonic mist"}]},{"@type":"WebSite","@id":"https:\/\/soguapa.com\/#website","url":"https:\/\/soguapa.com\/","name":"soGuapa Beauty Expert","description":"Beauty Treatments Malta","publisher":{"@id":"https:\/\/soguapa.com\/#organization"},"potentialAction":[{"@type":"SearchAction","target":{"@type":"EntryPoint","urlTemplate":"https:\/\/soguapa.com\/?s={search_term_string}"},"query-input":{"@type":"PropertyValueSpecification","valueRequired":true,"valueName":"search_term_string"}}],"inLanguage":"es"},{"@type":"Organization","@id":"https:\/\/soguapa.com\/#organization","name":"soGuapa","url":"https:\/\/soguapa.com\/","logo":{"@type":"ImageObject","inLanguage":"es","@id":"https:\/\/soguapa.com\/#\/schema\/logo\/image\/","url":"https:\/\/soguapa.com\/wp-content\/uploads\/2022\/05\/logo-So-Guapa-by-Ingrid.jpg","contentUrl":"https:\/\/soguapa.com\/wp-content\/uploads\/2022\/05\/logo-So-Guapa-by-Ingrid.jpg","width":200,"height":80,"caption":"soGuapa"},"image":{"@id":"https:\/\/soguapa.com\/#\/schema\/logo\/image\/"},"sameAs":["https:\/\/es-la.facebook.com\/SoguapabeautyExpert\/","https:\/\/www.instagram.com\/soguapabyingrid\/"]}]}},"_links":{"self":[{"href":"https:\/\/soguapa.com\/es\/wp-json\/wp\/v2\/product\/2353","targetHints":{"allow":["GET"]}}],"collection":[{"href":"https:\/\/soguapa.com\/es\/wp-json\/wp\/v2\/product"}],"about":[{"href":"https:\/\/soguapa.com\/es\/wp-json\/wp\/v2\/types\/product"}],"wp:featuredmedia":[{"embeddable":true,"href":"https:\/\/soguapa.com\/es\/wp-json\/wp\/v2\/media\/2320"}],"wp:attachment":[{"href":"https:\/\/soguapa.com\/es\/wp-json\/wp\/v2\/media?parent=2353"}],"wp:term":[{"taxonomy":"product_brand","embeddable":true,"href":"https:\/\/soguapa.com\/es\/wp-json\/wp\/v2\/product_brand?post=2353"},{"taxonomy":"product_cat","embeddable":true,"href":"https:\/\/soguapa.com\/es\/wp-json\/wp\/v2\/product_cat?post=2353"},{"taxonomy":"product_tag","embeddable":true,"href":"https:\/\/soguapa.com\/es\/wp-json\/wp\/v2\/product_tag?post=2353"}],"curies":[{"name":"wp","href":"https:\/\/api.w.org\/{rel}","templated":true}]}}