{"id":2351,"date":"2023-09-08T17:04:12","date_gmt":"2023-09-08T17:04:12","guid":{"rendered":"https:\/\/www.soguapa.com\/product\/hydravital-mask\/"},"modified":"2023-09-08T17:08:08","modified_gmt":"2023-09-08T17:08:08","slug":"hydravital-mask","status":"publish","type":"product","link":"https:\/\/soguapa.com\/es\/producto\/hydravital-mask\/","title":{"rendered":"Hydravital Mask"},"content":{"rendered":"<p>Presentamos la respuesta definitiva para la piel reseca y sedienta: la M\u00e1scara HydraVital. Dise\u00f1ada especialmente para aquellos que experimentan sequedad y deshidrataci\u00f3n, esta m\u00e1scara intensiva se sumerge profundamente para reponer la humedad esencial. Con cada aplicaci\u00f3n, la piel se siente inmediatamente saciada, suave y rejuvenecida.<\/p>\n<p>Perfecta para sesiones de mimos semanales o hidrataci\u00f3n de emergencia, su textura lujosa se funde en la piel, garantizando una absorci\u00f3n \u00f3ptima de sus agentes hidratantes. Presentada en un generoso envase de 100 ml, promete numerosas aplicaciones de puro cari\u00f1o para tu piel. Redescubre el lado m\u00e1s radiante y flexible de tu piel.<\/p>\n","protected":false},"excerpt":{"rendered":"<p>Presentamos la respuesta definitiva para la piel reseca y sedienta: la M\u00e1scara HydraVital. Dise\u00f1ada especialmente para aquellos que experimentan sequedad y deshidrataci\u00f3n, esta m\u00e1scara intensiva se sumerge profundamente para reponer la humedad esencial. Con cada aplicaci\u00f3n, la piel se siente inmediatamente saciada, suave y rejuvenecida. Perfecta para sesiones de mimos semanales o hidrataci\u00f3n de emergencia, [&hellip;]<\/p>\n","protected":false},"featured_media":2324,"template":"","meta":{"_monsterinsights_skip_tracking":false,"_monsterinsights_sitenote_active":false,"_monsterinsights_sitenote_note":"","_monsterinsights_sitenote_category":0},"product_brand":[],"product_cat":[57],"product_tag":[49],"class_list":{"0":"post-2351","1":"product","2":"type-product","3":"status-publish","4":"has-post-thumbnail","6":"product_cat-cuidado-de-la-piel","7":"product_tag-mesoestetic-es","9":"first","10":"instock","11":"shipping-taxable","12":"purchasable","13":"product-type-simple"},"yoast_head":"<!-- This site is optimized with the Yoast SEO plugin v27.4 - https:\/\/yoast.com\/product\/yoast-seo-wordpress\/ -->\n<title>Hydravital Mask- Mesoestetic<\/title>\n<meta name=\"description\" content=\"M\u00e1scara HydraVital es una m\u00e1scara hidratante de Mesoestetic intensiva para piel seca y deshidratada.100 ml.\" \/>\n<meta name=\"robots\" content=\"index, follow, max-snippet:-1, max-image-preview:large, max-video-preview:-1\" \/>\n<link rel=\"canonical\" href=\"https:\/\/soguapa.com\/producto\/hydravital-mask\/\" \/>\n<meta property=\"og:locale\" content=\"es_ES\" \/>\n<meta property=\"og:type\" content=\"article\" \/>\n<meta property=\"og:title\" content=\"Hydravital Mask- Mesoestetic\" \/>\n<meta property=\"og:description\" content=\"M\u00e1scara HydraVital es una m\u00e1scara hidratante de Mesoestetic intensiva para piel seca y deshidratada.100 ml.\" \/>\n<meta property=\"og:url\" content=\"https:\/\/soguapa.com\/producto\/hydravital-mask\/\" \/>\n<meta property=\"og:site_name\" content=\"soGuapa Beauty Expert\" \/>\n<meta property=\"article:publisher\" content=\"https:\/\/es-la.facebook.com\/SoguapabeautyExpert\/\" \/>\n<meta property=\"article:modified_time\" content=\"2023-09-08T17:08:08+00:00\" \/>\n<meta property=\"og:image\" content=\"https:\/\/soguapa.com\/wp-content\/uploads\/2023\/09\/hydravital-face-mask-100ml.png\" \/>\n\t<meta property=\"og:image:width\" content=\"650\" \/>\n\t<meta property=\"og:image:height\" content=\"650\" \/>\n\t<meta property=\"og:image:type\" content=\"image\/png\" \/>\n<meta name=\"twitter:card\" content=\"summary_large_image\" \/>\n<meta name=\"twitter:label1\" content=\"Tiempo de lectura\" \/>\n\t<meta name=\"twitter:data1\" content=\"1 minuto\" \/>\n<script type=\"application\/ld+json\" class=\"yoast-schema-graph\">{\"@context\":\"https:\\\/\\\/schema.org\",\"@graph\":[{\"@type\":\"WebPage\",\"@id\":\"https:\\\/\\\/soguapa.com\\\/producto\\\/hydravital-mask\\\/\",\"url\":\"https:\\\/\\\/soguapa.com\\\/producto\\\/hydravital-mask\\\/\",\"name\":\"Hydravital Mask- Mesoestetic\",\"isPartOf\":{\"@id\":\"https:\\\/\\\/soguapa.com\\\/#website\"},\"primaryImageOfPage\":{\"@id\":\"https:\\\/\\\/soguapa.com\\\/producto\\\/hydravital-mask\\\/#primaryimage\"},\"image\":{\"@id\":\"https:\\\/\\\/soguapa.com\\\/producto\\\/hydravital-mask\\\/#primaryimage\"},\"thumbnailUrl\":\"https:\\\/\\\/soguapa.com\\\/wp-content\\\/uploads\\\/2023\\\/09\\\/hydravital-face-mask-100ml.png\",\"datePublished\":\"2023-09-08T17:04:12+00:00\",\"dateModified\":\"2023-09-08T17:08:08+00:00\",\"description\":\"M\u00e1scara HydraVital es una m\u00e1scara hidratante de Mesoestetic intensiva para piel seca y deshidratada.100 ml.\",\"breadcrumb\":{\"@id\":\"https:\\\/\\\/soguapa.com\\\/producto\\\/hydravital-mask\\\/#breadcrumb\"},\"inLanguage\":\"es\",\"potentialAction\":[{\"@type\":\"ReadAction\",\"target\":[\"https:\\\/\\\/soguapa.com\\\/producto\\\/hydravital-mask\\\/\"]}]},{\"@type\":\"ImageObject\",\"inLanguage\":\"es\",\"@id\":\"https:\\\/\\\/soguapa.com\\\/producto\\\/hydravital-mask\\\/#primaryimage\",\"url\":\"https:\\\/\\\/soguapa.com\\\/wp-content\\\/uploads\\\/2023\\\/09\\\/hydravital-face-mask-100ml.png\",\"contentUrl\":\"https:\\\/\\\/soguapa.com\\\/wp-content\\\/uploads\\\/2023\\\/09\\\/hydravital-face-mask-100ml.png\",\"width\":650,\"height\":650,\"caption\":\"hydravital-face-mask-100ml\"},{\"@type\":\"BreadcrumbList\",\"@id\":\"https:\\\/\\\/soguapa.com\\\/producto\\\/hydravital-mask\\\/#breadcrumb\",\"itemListElement\":[{\"@type\":\"ListItem\",\"position\":1,\"name\":\"Home\",\"item\":\"https:\\\/\\\/soguapa.com\\\/\"},{\"@type\":\"ListItem\",\"position\":2,\"name\":\"Tienda\",\"item\":\"https:\\\/\\\/soguapa.com\\\/es\\\/tienda\\\/\"},{\"@type\":\"ListItem\",\"position\":3,\"name\":\"Hydravital Mask\"}]},{\"@type\":\"WebSite\",\"@id\":\"https:\\\/\\\/soguapa.com\\\/#website\",\"url\":\"https:\\\/\\\/soguapa.com\\\/\",\"name\":\"soGuapa Beauty Expert\",\"description\":\"Beauty Treatments Malta\",\"publisher\":{\"@id\":\"https:\\\/\\\/soguapa.com\\\/#organization\"},\"potentialAction\":[{\"@type\":\"SearchAction\",\"target\":{\"@type\":\"EntryPoint\",\"urlTemplate\":\"https:\\\/\\\/soguapa.com\\\/?s={search_term_string}\"},\"query-input\":{\"@type\":\"PropertyValueSpecification\",\"valueRequired\":true,\"valueName\":\"search_term_string\"}}],\"inLanguage\":\"es\"},{\"@type\":\"Organization\",\"@id\":\"https:\\\/\\\/soguapa.com\\\/#organization\",\"name\":\"soGuapa\",\"url\":\"https:\\\/\\\/soguapa.com\\\/\",\"logo\":{\"@type\":\"ImageObject\",\"inLanguage\":\"es\",\"@id\":\"https:\\\/\\\/soguapa.com\\\/#\\\/schema\\\/logo\\\/image\\\/\",\"url\":\"https:\\\/\\\/soguapa.com\\\/wp-content\\\/uploads\\\/2022\\\/05\\\/logo-So-Guapa-by-Ingrid.jpg\",\"contentUrl\":\"https:\\\/\\\/soguapa.com\\\/wp-content\\\/uploads\\\/2022\\\/05\\\/logo-So-Guapa-by-Ingrid.jpg\",\"width\":200,\"height\":80,\"caption\":\"soGuapa\"},\"image\":{\"@id\":\"https:\\\/\\\/soguapa.com\\\/#\\\/schema\\\/logo\\\/image\\\/\"},\"sameAs\":[\"https:\\\/\\\/es-la.facebook.com\\\/SoguapabeautyExpert\\\/\",\"https:\\\/\\\/www.instagram.com\\\/soguapabyingrid\\\/\"]}]}<\/script>\n<!-- \/ Yoast SEO plugin. -->","yoast_head_json":{"title":"Hydravital Mask- Mesoestetic","description":"M\u00e1scara HydraVital es una m\u00e1scara hidratante de Mesoestetic intensiva para piel seca y deshidratada.100 ml.","robots":{"index":"index","follow":"follow","max-snippet":"max-snippet:-1","max-image-preview":"max-image-preview:large","max-video-preview":"max-video-preview:-1"},"canonical":"https:\/\/soguapa.com\/producto\/hydravital-mask\/","og_locale":"es_ES","og_type":"article","og_title":"Hydravital Mask- Mesoestetic","og_description":"M\u00e1scara HydraVital es una m\u00e1scara hidratante de Mesoestetic intensiva para piel seca y deshidratada.100 ml.","og_url":"https:\/\/soguapa.com\/producto\/hydravital-mask\/","og_site_name":"soGuapa Beauty Expert","article_publisher":"https:\/\/es-la.facebook.com\/SoguapabeautyExpert\/","article_modified_time":"2023-09-08T17:08:08+00:00","og_image":[{"width":650,"height":650,"url":"https:\/\/soguapa.com\/wp-content\/uploads\/2023\/09\/hydravital-face-mask-100ml.png","type":"image\/png"}],"twitter_card":"summary_large_image","twitter_misc":{"Tiempo de lectura":"1 minuto"},"schema":{"@context":"https:\/\/schema.org","@graph":[{"@type":"WebPage","@id":"https:\/\/soguapa.com\/producto\/hydravital-mask\/","url":"https:\/\/soguapa.com\/producto\/hydravital-mask\/","name":"Hydravital Mask- Mesoestetic","isPartOf":{"@id":"https:\/\/soguapa.com\/#website"},"primaryImageOfPage":{"@id":"https:\/\/soguapa.com\/producto\/hydravital-mask\/#primaryimage"},"image":{"@id":"https:\/\/soguapa.com\/producto\/hydravital-mask\/#primaryimage"},"thumbnailUrl":"https:\/\/soguapa.com\/wp-content\/uploads\/2023\/09\/hydravital-face-mask-100ml.png","datePublished":"2023-09-08T17:04:12+00:00","dateModified":"2023-09-08T17:08:08+00:00","description":"M\u00e1scara HydraVital es una m\u00e1scara hidratante de Mesoestetic intensiva para piel seca y deshidratada.100 ml.","breadcrumb":{"@id":"https:\/\/soguapa.com\/producto\/hydravital-mask\/#breadcrumb"},"inLanguage":"es","potentialAction":[{"@type":"ReadAction","target":["https:\/\/soguapa.com\/producto\/hydravital-mask\/"]}]},{"@type":"ImageObject","inLanguage":"es","@id":"https:\/\/soguapa.com\/producto\/hydravital-mask\/#primaryimage","url":"https:\/\/soguapa.com\/wp-content\/uploads\/2023\/09\/hydravital-face-mask-100ml.png","contentUrl":"https:\/\/soguapa.com\/wp-content\/uploads\/2023\/09\/hydravital-face-mask-100ml.png","width":650,"height":650,"caption":"hydravital-face-mask-100ml"},{"@type":"BreadcrumbList","@id":"https:\/\/soguapa.com\/producto\/hydravital-mask\/#breadcrumb","itemListElement":[{"@type":"ListItem","position":1,"name":"Home","item":"https:\/\/soguapa.com\/"},{"@type":"ListItem","position":2,"name":"Tienda","item":"https:\/\/soguapa.com\/es\/tienda\/"},{"@type":"ListItem","position":3,"name":"Hydravital Mask"}]},{"@type":"WebSite","@id":"https:\/\/soguapa.com\/#website","url":"https:\/\/soguapa.com\/","name":"soGuapa Beauty Expert","description":"Beauty Treatments Malta","publisher":{"@id":"https:\/\/soguapa.com\/#organization"},"potentialAction":[{"@type":"SearchAction","target":{"@type":"EntryPoint","urlTemplate":"https:\/\/soguapa.com\/?s={search_term_string}"},"query-input":{"@type":"PropertyValueSpecification","valueRequired":true,"valueName":"search_term_string"}}],"inLanguage":"es"},{"@type":"Organization","@id":"https:\/\/soguapa.com\/#organization","name":"soGuapa","url":"https:\/\/soguapa.com\/","logo":{"@type":"ImageObject","inLanguage":"es","@id":"https:\/\/soguapa.com\/#\/schema\/logo\/image\/","url":"https:\/\/soguapa.com\/wp-content\/uploads\/2022\/05\/logo-So-Guapa-by-Ingrid.jpg","contentUrl":"https:\/\/soguapa.com\/wp-content\/uploads\/2022\/05\/logo-So-Guapa-by-Ingrid.jpg","width":200,"height":80,"caption":"soGuapa"},"image":{"@id":"https:\/\/soguapa.com\/#\/schema\/logo\/image\/"},"sameAs":["https:\/\/es-la.facebook.com\/SoguapabeautyExpert\/","https:\/\/www.instagram.com\/soguapabyingrid\/"]}]}},"_links":{"self":[{"href":"https:\/\/soguapa.com\/es\/wp-json\/wp\/v2\/product\/2351","targetHints":{"allow":["GET"]}}],"collection":[{"href":"https:\/\/soguapa.com\/es\/wp-json\/wp\/v2\/product"}],"about":[{"href":"https:\/\/soguapa.com\/es\/wp-json\/wp\/v2\/types\/product"}],"wp:featuredmedia":[{"embeddable":true,"href":"https:\/\/soguapa.com\/es\/wp-json\/wp\/v2\/media\/2324"}],"wp:attachment":[{"href":"https:\/\/soguapa.com\/es\/wp-json\/wp\/v2\/media?parent=2351"}],"wp:term":[{"taxonomy":"product_brand","embeddable":true,"href":"https:\/\/soguapa.com\/es\/wp-json\/wp\/v2\/product_brand?post=2351"},{"taxonomy":"product_cat","embeddable":true,"href":"https:\/\/soguapa.com\/es\/wp-json\/wp\/v2\/product_cat?post=2351"},{"taxonomy":"product_tag","embeddable":true,"href":"https:\/\/soguapa.com\/es\/wp-json\/wp\/v2\/product_tag?post=2351"}],"curies":[{"name":"wp","href":"https:\/\/api.w.org\/{rel}","templated":true}]}}