{"id":2348,"date":"2023-09-08T12:46:53","date_gmt":"2023-09-08T12:46:53","guid":{"rendered":"https:\/\/www.soguapa.com\/product\/hydracream-fusion\/"},"modified":"2023-09-08T16:58:18","modified_gmt":"2023-09-08T16:58:18","slug":"hydracream-fusion","status":"publish","type":"product","link":"https:\/\/soguapa.com\/es\/producto\/hydracream-fusion\/","title":{"rendered":"Hydracream fusion"},"content":{"rendered":"<p>Sum\u00e9rgete en un equilibrio perfecto con nuestra crema facial limpiadora anti-poluci\u00f3n que fusiona lo mejor de un aceite y una crema. Dise\u00f1ada meticulosamente para combatir los estragos del entorno urbano, la HydraCream Fusion no solo limpia profundamente, sino que tambi\u00e9n nutre e hidrata intensamente.<\/p>\n<p>Con cada aplicaci\u00f3n, tu piel se siente revitalizada, suave y radiante. Disfruta de los beneficios duales de nutrici\u00f3n y protecci\u00f3n en una f\u00f3rmula sedosa de 100 ml. Convierte tu rutina diaria en un ritual de bienestar con esta fusi\u00f3n perfecta.<\/p>\n","protected":false},"excerpt":{"rendered":"<p>Sum\u00e9rgete en un equilibrio perfecto con nuestra crema facial limpiadora anti-poluci\u00f3n que fusiona lo mejor de un aceite y una crema. Dise\u00f1ada meticulosamente para combatir los estragos del entorno urbano, la HydraCream Fusion no solo limpia profundamente, sino que tambi\u00e9n nutre e hidrata intensamente. Con cada aplicaci\u00f3n, tu piel se siente revitalizada, suave y radiante. [&hellip;]<\/p>\n","protected":false},"featured_media":2318,"template":"","meta":{"_monsterinsights_skip_tracking":false,"_monsterinsights_sitenote_active":false,"_monsterinsights_sitenote_note":"","_monsterinsights_sitenote_category":0},"product_brand":[],"product_cat":[53],"product_tag":[49],"class_list":{"0":"post-2348","1":"product","2":"type-product","3":"status-publish","4":"has-post-thumbnail","6":"product_cat-cuidado-facial","7":"product_tag-mesoestetic-es","9":"first","10":"instock","11":"shipping-taxable","12":"purchasable","13":"product-type-simple"},"yoast_head":"<!-- This site is optimized with the Yoast SEO plugin v27.4 - https:\/\/yoast.com\/product\/yoast-seo-wordpress\/ -->\n<title>Hydracream fusi\u00f3n - Mesoestetic<\/title>\n<meta name=\"description\" content=\"Equilibrante crema-aceite facial limpiadora anti-poluci\u00f3n. Proporciona nutrici\u00f3n e hidrataci\u00f3n a la piel, dej\u00e1ndola maravillosamente suave.\" \/>\n<meta name=\"robots\" content=\"index, follow, max-snippet:-1, max-image-preview:large, max-video-preview:-1\" \/>\n<link rel=\"canonical\" href=\"https:\/\/soguapa.com\/producto\/hydracream-fusion\/\" \/>\n<meta property=\"og:locale\" content=\"es_ES\" \/>\n<meta property=\"og:type\" content=\"article\" \/>\n<meta property=\"og:title\" content=\"Hydracream fusi\u00f3n - Mesoestetic\" \/>\n<meta property=\"og:description\" content=\"Equilibrante crema-aceite facial limpiadora anti-poluci\u00f3n. Proporciona nutrici\u00f3n e hidrataci\u00f3n a la piel, dej\u00e1ndola maravillosamente suave.\" \/>\n<meta property=\"og:url\" content=\"https:\/\/soguapa.com\/producto\/hydracream-fusion\/\" \/>\n<meta property=\"og:site_name\" content=\"soGuapa Beauty Expert\" \/>\n<meta property=\"article:publisher\" content=\"https:\/\/es-la.facebook.com\/SoguapabeautyExpert\/\" \/>\n<meta property=\"article:modified_time\" content=\"2023-09-08T16:58:18+00:00\" \/>\n<meta property=\"og:image\" content=\"https:\/\/soguapa.com\/wp-content\/uploads\/2023\/09\/hydracream-fusion-100ml.png\" \/>\n\t<meta property=\"og:image:width\" content=\"650\" \/>\n\t<meta property=\"og:image:height\" content=\"650\" \/>\n\t<meta property=\"og:image:type\" content=\"image\/png\" \/>\n<meta name=\"twitter:card\" content=\"summary_large_image\" \/>\n<script type=\"application\/ld+json\" class=\"yoast-schema-graph\">{\"@context\":\"https:\\\/\\\/schema.org\",\"@graph\":[{\"@type\":\"WebPage\",\"@id\":\"https:\\\/\\\/soguapa.com\\\/producto\\\/hydracream-fusion\\\/\",\"url\":\"https:\\\/\\\/soguapa.com\\\/producto\\\/hydracream-fusion\\\/\",\"name\":\"Hydracream fusi\u00f3n - Mesoestetic\",\"isPartOf\":{\"@id\":\"https:\\\/\\\/soguapa.com\\\/#website\"},\"primaryImageOfPage\":{\"@id\":\"https:\\\/\\\/soguapa.com\\\/producto\\\/hydracream-fusion\\\/#primaryimage\"},\"image\":{\"@id\":\"https:\\\/\\\/soguapa.com\\\/producto\\\/hydracream-fusion\\\/#primaryimage\"},\"thumbnailUrl\":\"https:\\\/\\\/soguapa.com\\\/wp-content\\\/uploads\\\/2023\\\/09\\\/hydracream-fusion-100ml.png\",\"datePublished\":\"2023-09-08T12:46:53+00:00\",\"dateModified\":\"2023-09-08T16:58:18+00:00\",\"description\":\"Equilibrante crema-aceite facial limpiadora anti-poluci\u00f3n. Proporciona nutrici\u00f3n e hidrataci\u00f3n a la piel, dej\u00e1ndola maravillosamente suave.\",\"breadcrumb\":{\"@id\":\"https:\\\/\\\/soguapa.com\\\/producto\\\/hydracream-fusion\\\/#breadcrumb\"},\"inLanguage\":\"es\",\"potentialAction\":[{\"@type\":\"ReadAction\",\"target\":[\"https:\\\/\\\/soguapa.com\\\/producto\\\/hydracream-fusion\\\/\"]}]},{\"@type\":\"ImageObject\",\"inLanguage\":\"es\",\"@id\":\"https:\\\/\\\/soguapa.com\\\/producto\\\/hydracream-fusion\\\/#primaryimage\",\"url\":\"https:\\\/\\\/soguapa.com\\\/wp-content\\\/uploads\\\/2023\\\/09\\\/hydracream-fusion-100ml.png\",\"contentUrl\":\"https:\\\/\\\/soguapa.com\\\/wp-content\\\/uploads\\\/2023\\\/09\\\/hydracream-fusion-100ml.png\",\"width\":650,\"height\":650},{\"@type\":\"BreadcrumbList\",\"@id\":\"https:\\\/\\\/soguapa.com\\\/producto\\\/hydracream-fusion\\\/#breadcrumb\",\"itemListElement\":[{\"@type\":\"ListItem\",\"position\":1,\"name\":\"Home\",\"item\":\"https:\\\/\\\/soguapa.com\\\/\"},{\"@type\":\"ListItem\",\"position\":2,\"name\":\"Tienda\",\"item\":\"https:\\\/\\\/soguapa.com\\\/es\\\/tienda\\\/\"},{\"@type\":\"ListItem\",\"position\":3,\"name\":\"Hydracream fusion\"}]},{\"@type\":\"WebSite\",\"@id\":\"https:\\\/\\\/soguapa.com\\\/#website\",\"url\":\"https:\\\/\\\/soguapa.com\\\/\",\"name\":\"soGuapa Beauty Expert\",\"description\":\"Beauty Treatments Malta\",\"publisher\":{\"@id\":\"https:\\\/\\\/soguapa.com\\\/#organization\"},\"potentialAction\":[{\"@type\":\"SearchAction\",\"target\":{\"@type\":\"EntryPoint\",\"urlTemplate\":\"https:\\\/\\\/soguapa.com\\\/?s={search_term_string}\"},\"query-input\":{\"@type\":\"PropertyValueSpecification\",\"valueRequired\":true,\"valueName\":\"search_term_string\"}}],\"inLanguage\":\"es\"},{\"@type\":\"Organization\",\"@id\":\"https:\\\/\\\/soguapa.com\\\/#organization\",\"name\":\"soGuapa\",\"url\":\"https:\\\/\\\/soguapa.com\\\/\",\"logo\":{\"@type\":\"ImageObject\",\"inLanguage\":\"es\",\"@id\":\"https:\\\/\\\/soguapa.com\\\/#\\\/schema\\\/logo\\\/image\\\/\",\"url\":\"https:\\\/\\\/soguapa.com\\\/wp-content\\\/uploads\\\/2022\\\/05\\\/logo-So-Guapa-by-Ingrid.jpg\",\"contentUrl\":\"https:\\\/\\\/soguapa.com\\\/wp-content\\\/uploads\\\/2022\\\/05\\\/logo-So-Guapa-by-Ingrid.jpg\",\"width\":200,\"height\":80,\"caption\":\"soGuapa\"},\"image\":{\"@id\":\"https:\\\/\\\/soguapa.com\\\/#\\\/schema\\\/logo\\\/image\\\/\"},\"sameAs\":[\"https:\\\/\\\/es-la.facebook.com\\\/SoguapabeautyExpert\\\/\",\"https:\\\/\\\/www.instagram.com\\\/soguapabyingrid\\\/\"]}]}<\/script>\n<!-- \/ Yoast SEO plugin. -->","yoast_head_json":{"title":"Hydracream fusi\u00f3n - Mesoestetic","description":"Equilibrante crema-aceite facial limpiadora anti-poluci\u00f3n. Proporciona nutrici\u00f3n e hidrataci\u00f3n a la piel, dej\u00e1ndola maravillosamente suave.","robots":{"index":"index","follow":"follow","max-snippet":"max-snippet:-1","max-image-preview":"max-image-preview:large","max-video-preview":"max-video-preview:-1"},"canonical":"https:\/\/soguapa.com\/producto\/hydracream-fusion\/","og_locale":"es_ES","og_type":"article","og_title":"Hydracream fusi\u00f3n - Mesoestetic","og_description":"Equilibrante crema-aceite facial limpiadora anti-poluci\u00f3n. Proporciona nutrici\u00f3n e hidrataci\u00f3n a la piel, dej\u00e1ndola maravillosamente suave.","og_url":"https:\/\/soguapa.com\/producto\/hydracream-fusion\/","og_site_name":"soGuapa Beauty Expert","article_publisher":"https:\/\/es-la.facebook.com\/SoguapabeautyExpert\/","article_modified_time":"2023-09-08T16:58:18+00:00","og_image":[{"width":650,"height":650,"url":"https:\/\/soguapa.com\/wp-content\/uploads\/2023\/09\/hydracream-fusion-100ml.png","type":"image\/png"}],"twitter_card":"summary_large_image","schema":{"@context":"https:\/\/schema.org","@graph":[{"@type":"WebPage","@id":"https:\/\/soguapa.com\/producto\/hydracream-fusion\/","url":"https:\/\/soguapa.com\/producto\/hydracream-fusion\/","name":"Hydracream fusi\u00f3n - Mesoestetic","isPartOf":{"@id":"https:\/\/soguapa.com\/#website"},"primaryImageOfPage":{"@id":"https:\/\/soguapa.com\/producto\/hydracream-fusion\/#primaryimage"},"image":{"@id":"https:\/\/soguapa.com\/producto\/hydracream-fusion\/#primaryimage"},"thumbnailUrl":"https:\/\/soguapa.com\/wp-content\/uploads\/2023\/09\/hydracream-fusion-100ml.png","datePublished":"2023-09-08T12:46:53+00:00","dateModified":"2023-09-08T16:58:18+00:00","description":"Equilibrante crema-aceite facial limpiadora anti-poluci\u00f3n. Proporciona nutrici\u00f3n e hidrataci\u00f3n a la piel, dej\u00e1ndola maravillosamente suave.","breadcrumb":{"@id":"https:\/\/soguapa.com\/producto\/hydracream-fusion\/#breadcrumb"},"inLanguage":"es","potentialAction":[{"@type":"ReadAction","target":["https:\/\/soguapa.com\/producto\/hydracream-fusion\/"]}]},{"@type":"ImageObject","inLanguage":"es","@id":"https:\/\/soguapa.com\/producto\/hydracream-fusion\/#primaryimage","url":"https:\/\/soguapa.com\/wp-content\/uploads\/2023\/09\/hydracream-fusion-100ml.png","contentUrl":"https:\/\/soguapa.com\/wp-content\/uploads\/2023\/09\/hydracream-fusion-100ml.png","width":650,"height":650},{"@type":"BreadcrumbList","@id":"https:\/\/soguapa.com\/producto\/hydracream-fusion\/#breadcrumb","itemListElement":[{"@type":"ListItem","position":1,"name":"Home","item":"https:\/\/soguapa.com\/"},{"@type":"ListItem","position":2,"name":"Tienda","item":"https:\/\/soguapa.com\/es\/tienda\/"},{"@type":"ListItem","position":3,"name":"Hydracream fusion"}]},{"@type":"WebSite","@id":"https:\/\/soguapa.com\/#website","url":"https:\/\/soguapa.com\/","name":"soGuapa Beauty Expert","description":"Beauty Treatments Malta","publisher":{"@id":"https:\/\/soguapa.com\/#organization"},"potentialAction":[{"@type":"SearchAction","target":{"@type":"EntryPoint","urlTemplate":"https:\/\/soguapa.com\/?s={search_term_string}"},"query-input":{"@type":"PropertyValueSpecification","valueRequired":true,"valueName":"search_term_string"}}],"inLanguage":"es"},{"@type":"Organization","@id":"https:\/\/soguapa.com\/#organization","name":"soGuapa","url":"https:\/\/soguapa.com\/","logo":{"@type":"ImageObject","inLanguage":"es","@id":"https:\/\/soguapa.com\/#\/schema\/logo\/image\/","url":"https:\/\/soguapa.com\/wp-content\/uploads\/2022\/05\/logo-So-Guapa-by-Ingrid.jpg","contentUrl":"https:\/\/soguapa.com\/wp-content\/uploads\/2022\/05\/logo-So-Guapa-by-Ingrid.jpg","width":200,"height":80,"caption":"soGuapa"},"image":{"@id":"https:\/\/soguapa.com\/#\/schema\/logo\/image\/"},"sameAs":["https:\/\/es-la.facebook.com\/SoguapabeautyExpert\/","https:\/\/www.instagram.com\/soguapabyingrid\/"]}]}},"_links":{"self":[{"href":"https:\/\/soguapa.com\/es\/wp-json\/wp\/v2\/product\/2348","targetHints":{"allow":["GET"]}}],"collection":[{"href":"https:\/\/soguapa.com\/es\/wp-json\/wp\/v2\/product"}],"about":[{"href":"https:\/\/soguapa.com\/es\/wp-json\/wp\/v2\/types\/product"}],"wp:featuredmedia":[{"embeddable":true,"href":"https:\/\/soguapa.com\/es\/wp-json\/wp\/v2\/media\/2318"}],"wp:attachment":[{"href":"https:\/\/soguapa.com\/es\/wp-json\/wp\/v2\/media?parent=2348"}],"wp:term":[{"taxonomy":"product_brand","embeddable":true,"href":"https:\/\/soguapa.com\/es\/wp-json\/wp\/v2\/product_brand?post=2348"},{"taxonomy":"product_cat","embeddable":true,"href":"https:\/\/soguapa.com\/es\/wp-json\/wp\/v2\/product_cat?post=2348"},{"taxonomy":"product_tag","embeddable":true,"href":"https:\/\/soguapa.com\/es\/wp-json\/wp\/v2\/product_tag?post=2348"}],"curies":[{"name":"wp","href":"https:\/\/api.w.org\/{rel}","templated":true}]}}