{"id":986,"date":"2022-05-17T13:53:39","date_gmt":"2022-05-17T13:53:39","guid":{"rendered":"http:\/\/nancyyanethc3.sg-host.com\/appointments-contact\/"},"modified":"2025-08-19T10:12:43","modified_gmt":"2025-08-19T10:12:43","slug":"citas-y-contacto","status":"publish","type":"page","link":"https:\/\/soguapa.com\/es\/citas-y-contacto\/","title":{"rendered":"Citas y Contacto"},"content":{"rendered":"\t\t<div data-elementor-type=\"wp-page\" data-elementor-id=\"986\" class=\"elementor elementor-986 elementor-297\" data-elementor-post-type=\"page\">\n\t\t\t\t<div class=\"elementor-element elementor-element-5344111 e-flex e-con-boxed e-con e-parent\" data-id=\"5344111\" data-element_type=\"container\" data-e-type=\"container\" data-settings=\"{&quot;background_background&quot;:&quot;classic&quot;}\">\n\t\t\t\t\t<div class=\"e-con-inner\">\n\t\t<div class=\"elementor-element elementor-element-6f17c12 e-con-full e-flex e-con e-child\" data-id=\"6f17c12\" data-element_type=\"container\" data-e-type=\"container\" data-settings=\"{&quot;background_background&quot;:&quot;classic&quot;}\">\n\t\t\t\t<div class=\"elementor-element elementor-element-11a8505 elementor-widget elementor-widget-heading\" data-id=\"11a8505\" data-element_type=\"widget\" data-e-type=\"widget\" data-widget_type=\"heading.default\">\n\t\t\t\t<div class=\"elementor-widget-container\">\n\t\t\t\t\t<h1 class=\"elementor-heading-title elementor-size-default\">Agenda tu pr\u00f3xima cita aqu\u00ed<\/h1>\t\t\t\t<\/div>\n\t\t\t\t<\/div>\n\t\t\t\t<div class=\"elementor-element elementor-element-41a8fc7 elementor-align-center elementor-widget elementor-widget-button\" data-id=\"41a8fc7\" data-element_type=\"widget\" data-e-type=\"widget\" data-widget_type=\"button.default\">\n\t\t\t\t<div class=\"elementor-widget-container\">\n\t\t\t\t\t\t\t\t\t<div class=\"elementor-button-wrapper\">\n\t\t\t\t\t<a class=\"elementor-button elementor-button-link elementor-size-lg\" href=\"#elementor-action%3Aaction%3Dpopup%3Aopen%26settings%3DeyJpZCI6NDQxMiwidG9nZ2xlIjpmYWxzZX0%3D\">\n\t\t\t\t\t\t<span class=\"elementor-button-content-wrapper\">\n\t\t\t\t\t\t<span class=\"elementor-button-icon\">\n\t\t\t\t<i aria-hidden=\"true\" class=\"far fa-calendar-alt\"><\/i>\t\t\t<\/span>\n\t\t\t\t\t\t\t\t\t<span class=\"elementor-button-text\">agenda tu tratamiento online<\/span>\n\t\t\t\t\t<\/span>\n\t\t\t\t\t<\/a>\n\t\t\t\t<\/div>\n\t\t\t\t\t\t\t\t<\/div>\n\t\t\t\t<\/div>\n\t\t\t\t<div class=\"elementor-element elementor-element-003a26e elementor-align-center elementor-widget elementor-widget-button\" data-id=\"003a26e\" data-element_type=\"widget\" data-e-type=\"widget\" data-widget_type=\"button.default\">\n\t\t\t\t<div class=\"elementor-widget-container\">\n\t\t\t\t\t\t\t\t\t<div class=\"elementor-button-wrapper\">\n\t\t\t\t\t<a class=\"elementor-button elementor-button-link elementor-size-md\" href=\"https:\/\/api.whatsapp.com\/send?phone=35699684608&#038;text=Hi%2C%20can%20I%20have%20an%20appointment?\">\n\t\t\t\t\t\t<span class=\"elementor-button-content-wrapper\">\n\t\t\t\t\t\t<span class=\"elementor-button-icon\">\n\t\t\t\t<i aria-hidden=\"true\" class=\"fab fa-whatsapp\"><\/i>\t\t\t<\/span>\n\t\t\t\t\t\t\t\t\t<span class=\"elementor-button-text\">Tienes dudas, escr\u00edbenos!<\/span>\n\t\t\t\t\t<\/span>\n\t\t\t\t\t<\/a>\n\t\t\t\t<\/div>\n\t\t\t\t\t\t\t\t<\/div>\n\t\t\t\t<\/div>\n\t\t\t\t<\/div>\n\t\t\t\t\t<\/div>\n\t\t\t\t<\/div>\n\t\t<div class=\"elementor-element elementor-element-bea7ee6 e-flex e-con-boxed e-con e-parent\" data-id=\"bea7ee6\" data-element_type=\"container\" data-e-type=\"container\" data-settings=\"{&quot;background_background&quot;:&quot;classic&quot;}\">\n\t\t\t\t\t<div class=\"e-con-inner\">\n\t\t<div class=\"elementor-element elementor-element-8a11875 e-con-full e-flex e-con e-child\" data-id=\"8a11875\" data-element_type=\"container\" data-e-type=\"container\" data-settings=\"{&quot;background_background&quot;:&quot;classic&quot;}\">\n\t\t\t\t<div class=\"elementor-element elementor-element-c3b09fe elementor-widget elementor-widget-icon-box\" data-id=\"c3b09fe\" data-element_type=\"widget\" data-e-type=\"widget\" data-widget_type=\"icon-box.default\">\n\t\t\t\t<div class=\"elementor-widget-container\">\n\t\t\t\t\t\t\t<div class=\"elementor-icon-box-wrapper\">\n\n\t\t\t\n\t\t\t\t\t\t<div class=\"elementor-icon-box-content\">\n\n\t\t\t\t\t\t\t\t\t<h3 class=\"elementor-icon-box-title\">\n\t\t\t\t\t\t<span  >\n\t\t\t\t\t\t\tsoGuapa Beauty Centre\t\t\t\t\t\t<\/span>\n\t\t\t\t\t<\/h3>\n\t\t\t\t\n\t\t\t\t\t\t\t\t\t<p class=\"elementor-icon-box-description\">\n\t\t\t\t\t\tWillow, Triq Il-Qasam\nSwieqi<br><br>\n\n\n<strong>HORARIO<\/strong><br>\n\nLun a Vie 8am \u2013 8pm<br>\nSab 9am  \u2013 4pm\t\t\t\t\t<\/p>\n\t\t\t\t\n\t\t\t<\/div>\n\t\t\t\n\t\t<\/div>\n\t\t\t\t\t\t<\/div>\n\t\t\t\t<\/div>\n\t\t\t\t<div class=\"elementor-element elementor-element-af50a5c elementor-widget elementor-widget-google_maps\" data-id=\"af50a5c\" data-element_type=\"widget\" data-e-type=\"widget\" data-widget_type=\"google_maps.default\">\n\t\t\t\t<div class=\"elementor-widget-container\">\n\t\t\t\t\t\t\t<div class=\"elementor-custom-embed\">\n\t\t\t<iframe\n\t\t\t\t\tdata-src=\"https:\/\/maps.google.com\/maps?q=soGuapa%20-%20by%20Ingrid&#038;t=m&#038;z=14&#038;output=embed&#038;iwloc=near\"\n\t\t\t\t\ttitle=\"soGuapa - by Ingrid\"\n\t\t\t\t\taria-label=\"soGuapa - by Ingrid\"\n\t\t\t src=\"data:image\/svg+xml;base64,PHN2ZyB3aWR0aD0iMSIgaGVpZ2h0PSIxIiB4bWxucz0iaHR0cDovL3d3dy53My5vcmcvMjAwMC9zdmciPjwvc3ZnPg==\" class=\"lazyload\" data-load-mode=\"1\"><\/iframe>\n\t\t<\/div>\n\t\t\t\t\t\t<\/div>\n\t\t\t\t<\/div>\n\t\t\t\t<\/div>\n\t\t<div class=\"elementor-element elementor-element-9595f3f e-con-full e-flex e-con e-child\" data-id=\"9595f3f\" data-element_type=\"container\" data-e-type=\"container\" data-settings=\"{&quot;background_background&quot;:&quot;classic&quot;}\">\n\t\t\t\t<div class=\"elementor-element elementor-element-accf8d2 elementor-widget elementor-widget-icon-box\" data-id=\"accf8d2\" data-element_type=\"widget\" data-e-type=\"widget\" data-widget_type=\"icon-box.default\">\n\t\t\t\t<div class=\"elementor-widget-container\">\n\t\t\t\t\t\t\t<div class=\"elementor-icon-box-wrapper\">\n\n\t\t\t\n\t\t\t\t\t\t<div class=\"elementor-icon-box-content\">\n\n\t\t\t\t\t\t\t\t\t<h3 class=\"elementor-icon-box-title\">\n\t\t\t\t\t\t<span  >\n\t\t\t\t\t\t\tsoguapa Nails &amp; Beauty Bar\t\t\t\t\t\t<\/span>\n\t\t\t\t\t<\/h3>\n\t\t\t\t\n\t\t\t\t\t\t\t\t\t<p class=\"elementor-icon-box-description\">\n\t\t\t\t\t\tWillow, Triq Il-Qasam\nSwieqi, Malta<br><br>\n\n\n<strong>HORARIO<\/strong><br>\n\nLun a Vie 8am \u2013 8pm<br>\nSab 9am  \u2013 4pm\t\t\t\t\t<\/p>\n\t\t\t\t\n\t\t\t<\/div>\n\t\t\t\n\t\t<\/div>\n\t\t\t\t\t\t<\/div>\n\t\t\t\t<\/div>\n\t\t\t\t<div class=\"elementor-element elementor-element-3777bc1 elementor-widget elementor-widget-google_maps\" data-id=\"3777bc1\" data-element_type=\"widget\" data-e-type=\"widget\" data-widget_type=\"google_maps.default\">\n\t\t\t\t<div class=\"elementor-widget-container\">\n\t\t\t\t\t\t\t<div class=\"elementor-custom-embed\">\n\t\t\t<iframe\n\t\t\t\t\tdata-src=\"https:\/\/maps.google.com\/maps?q=%20soGuapa%20Nails%20Salon%20%26%20Beauty%20Bar&#038;t=m&#038;z=14&#038;output=embed&#038;iwloc=near\"\n\t\t\t\t\ttitle=\" soGuapa Nails Salon &amp; Beauty Bar\"\n\t\t\t\t\taria-label=\" soGuapa Nails Salon &amp; Beauty Bar\"\n\t\t\t src=\"data:image\/svg+xml;base64,PHN2ZyB3aWR0aD0iMSIgaGVpZ2h0PSIxIiB4bWxucz0iaHR0cDovL3d3dy53My5vcmcvMjAwMC9zdmciPjwvc3ZnPg==\" class=\"lazyload\" data-load-mode=\"1\"><\/iframe>\n\t\t<\/div>\n\t\t\t\t\t\t<\/div>\n\t\t\t\t<\/div>\n\t\t\t\t<\/div>\n\t\t\t\t\t<\/div>\n\t\t\t\t<\/div>\n\t\t\t\t<\/div>\n\t\t","protected":false},"excerpt":{"rendered":"<p>Agenda tu pr\u00f3xima cita aqu\u00ed agenda tu tratamiento online Tienes dudas, escr\u00edbenos! soGuapa Beauty Centre Willow, Triq Il-Qasam Swieqi HORARIO Lun a Vie 8am \u2013 8pm Sab 9am \u2013 4pm soguapa Nails &amp; Beauty Bar Willow, Triq Il-Qasam Swieqi, Malta HORARIO Lun a Vie 8am \u2013 8pm Sab 9am \u2013 4pm<\/p>\n","protected":false},"author":1,"featured_media":0,"parent":0,"menu_order":0,"comment_status":"closed","ping_status":"closed","template":"elementor_header_footer","meta":{"_monsterinsights_skip_tracking":false,"_monsterinsights_sitenote_active":false,"_monsterinsights_sitenote_note":"","_monsterinsights_sitenote_category":0,"footnotes":""},"wf_page_folders":[],"class_list":["post-986","page","type-page","status-publish","hentry"],"yoast_head":"<!-- This site is optimized with the Yoast SEO plugin v27.4 - https:\/\/yoast.com\/product\/yoast-seo-wordpress\/ -->\n<title>Citas y Contacto - soGuapa<\/title>\n<meta name=\"robots\" content=\"index, follow, max-snippet:-1, max-image-preview:large, max-video-preview:-1\" \/>\n<link rel=\"canonical\" href=\"https:\/\/soguapa.com\/appointments-contact\/\" \/>\n<meta property=\"og:locale\" content=\"es_ES\" \/>\n<meta property=\"og:type\" content=\"article\" \/>\n<meta property=\"og:title\" content=\"Citas y Contacto - soGuapa\" \/>\n<meta property=\"og:description\" content=\"Agenda tu pr\u00f3xima cita aqu\u00ed agenda tu tratamiento online Tienes dudas, escr\u00edbenos! soGuapa Beauty Centre Willow, Triq Il-Qasam Swieqi HORARIO Lun a Vie 8am \u2013 8pm Sab 9am \u2013 4pm soguapa Nails &amp; Beauty Bar Willow, Triq Il-Qasam Swieqi, Malta HORARIO Lun a Vie 8am \u2013 8pm Sab 9am \u2013 4pm\" \/>\n<meta property=\"og:url\" content=\"https:\/\/soguapa.com\/appointments-contact\/\" \/>\n<meta property=\"og:site_name\" content=\"soGuapa Beauty Expert\" \/>\n<meta property=\"article:publisher\" content=\"https:\/\/es-la.facebook.com\/SoguapabeautyExpert\/\" \/>\n<meta property=\"article:modified_time\" content=\"2025-08-19T10:12:43+00:00\" \/>\n<meta name=\"twitter:card\" content=\"summary_large_image\" \/>\n<meta name=\"twitter:label1\" content=\"Tiempo de lectura\" \/>\n\t<meta name=\"twitter:data1\" content=\"1 minuto\" \/>\n<script type=\"application\/ld+json\" class=\"yoast-schema-graph\">{\"@context\":\"https:\\\/\\\/schema.org\",\"@graph\":[{\"@type\":\"WebPage\",\"@id\":\"https:\\\/\\\/soguapa.com\\\/appointments-contact\\\/\",\"url\":\"https:\\\/\\\/soguapa.com\\\/appointments-contact\\\/\",\"name\":\"Citas y Contacto - soGuapa\",\"isPartOf\":{\"@id\":\"https:\\\/\\\/soguapa.com\\\/#website\"},\"datePublished\":\"2022-05-17T13:53:39+00:00\",\"dateModified\":\"2025-08-19T10:12:43+00:00\",\"breadcrumb\":{\"@id\":\"https:\\\/\\\/soguapa.com\\\/appointments-contact\\\/#breadcrumb\"},\"inLanguage\":\"es\",\"potentialAction\":[{\"@type\":\"ReadAction\",\"target\":[\"https:\\\/\\\/soguapa.com\\\/appointments-contact\\\/\"]}]},{\"@type\":\"BreadcrumbList\",\"@id\":\"https:\\\/\\\/soguapa.com\\\/appointments-contact\\\/#breadcrumb\",\"itemListElement\":[{\"@type\":\"ListItem\",\"position\":1,\"name\":\"Home\",\"item\":\"https:\\\/\\\/soguapa.com\\\/\"},{\"@type\":\"ListItem\",\"position\":2,\"name\":\"Citas y Contacto\"}]},{\"@type\":\"WebSite\",\"@id\":\"https:\\\/\\\/soguapa.com\\\/#website\",\"url\":\"https:\\\/\\\/soguapa.com\\\/\",\"name\":\"soGuapa Beauty Expert\",\"description\":\"Beauty Treatments Malta\",\"publisher\":{\"@id\":\"https:\\\/\\\/soguapa.com\\\/#organization\"},\"potentialAction\":[{\"@type\":\"SearchAction\",\"target\":{\"@type\":\"EntryPoint\",\"urlTemplate\":\"https:\\\/\\\/soguapa.com\\\/?s={search_term_string}\"},\"query-input\":{\"@type\":\"PropertyValueSpecification\",\"valueRequired\":true,\"valueName\":\"search_term_string\"}}],\"inLanguage\":\"es\"},{\"@type\":\"Organization\",\"@id\":\"https:\\\/\\\/soguapa.com\\\/#organization\",\"name\":\"soGuapa\",\"url\":\"https:\\\/\\\/soguapa.com\\\/\",\"logo\":{\"@type\":\"ImageObject\",\"inLanguage\":\"es\",\"@id\":\"https:\\\/\\\/soguapa.com\\\/#\\\/schema\\\/logo\\\/image\\\/\",\"url\":\"https:\\\/\\\/soguapa.com\\\/wp-content\\\/uploads\\\/2022\\\/05\\\/logo-So-Guapa-by-Ingrid.jpg\",\"contentUrl\":\"https:\\\/\\\/soguapa.com\\\/wp-content\\\/uploads\\\/2022\\\/05\\\/logo-So-Guapa-by-Ingrid.jpg\",\"width\":200,\"height\":80,\"caption\":\"soGuapa\"},\"image\":{\"@id\":\"https:\\\/\\\/soguapa.com\\\/#\\\/schema\\\/logo\\\/image\\\/\"},\"sameAs\":[\"https:\\\/\\\/es-la.facebook.com\\\/SoguapabeautyExpert\\\/\",\"https:\\\/\\\/www.instagram.com\\\/soguapabyingrid\\\/\"]}]}<\/script>\n<!-- \/ Yoast SEO plugin. -->","yoast_head_json":{"title":"Citas y Contacto - soGuapa","robots":{"index":"index","follow":"follow","max-snippet":"max-snippet:-1","max-image-preview":"max-image-preview:large","max-video-preview":"max-video-preview:-1"},"canonical":"https:\/\/soguapa.com\/appointments-contact\/","og_locale":"es_ES","og_type":"article","og_title":"Citas y Contacto - soGuapa","og_description":"Agenda tu pr\u00f3xima cita aqu\u00ed agenda tu tratamiento online Tienes dudas, escr\u00edbenos! soGuapa Beauty Centre Willow, Triq Il-Qasam Swieqi HORARIO Lun a Vie 8am \u2013 8pm Sab 9am \u2013 4pm soguapa Nails &amp; Beauty Bar Willow, Triq Il-Qasam Swieqi, Malta HORARIO Lun a Vie 8am \u2013 8pm Sab 9am \u2013 4pm","og_url":"https:\/\/soguapa.com\/appointments-contact\/","og_site_name":"soGuapa Beauty Expert","article_publisher":"https:\/\/es-la.facebook.com\/SoguapabeautyExpert\/","article_modified_time":"2025-08-19T10:12:43+00:00","twitter_card":"summary_large_image","twitter_misc":{"Tiempo de lectura":"1 minuto"},"schema":{"@context":"https:\/\/schema.org","@graph":[{"@type":"WebPage","@id":"https:\/\/soguapa.com\/appointments-contact\/","url":"https:\/\/soguapa.com\/appointments-contact\/","name":"Citas y Contacto - soGuapa","isPartOf":{"@id":"https:\/\/soguapa.com\/#website"},"datePublished":"2022-05-17T13:53:39+00:00","dateModified":"2025-08-19T10:12:43+00:00","breadcrumb":{"@id":"https:\/\/soguapa.com\/appointments-contact\/#breadcrumb"},"inLanguage":"es","potentialAction":[{"@type":"ReadAction","target":["https:\/\/soguapa.com\/appointments-contact\/"]}]},{"@type":"BreadcrumbList","@id":"https:\/\/soguapa.com\/appointments-contact\/#breadcrumb","itemListElement":[{"@type":"ListItem","position":1,"name":"Home","item":"https:\/\/soguapa.com\/"},{"@type":"ListItem","position":2,"name":"Citas y Contacto"}]},{"@type":"WebSite","@id":"https:\/\/soguapa.com\/#website","url":"https:\/\/soguapa.com\/","name":"soGuapa Beauty Expert","description":"Beauty Treatments Malta","publisher":{"@id":"https:\/\/soguapa.com\/#organization"},"potentialAction":[{"@type":"SearchAction","target":{"@type":"EntryPoint","urlTemplate":"https:\/\/soguapa.com\/?s={search_term_string}"},"query-input":{"@type":"PropertyValueSpecification","valueRequired":true,"valueName":"search_term_string"}}],"inLanguage":"es"},{"@type":"Organization","@id":"https:\/\/soguapa.com\/#organization","name":"soGuapa","url":"https:\/\/soguapa.com\/","logo":{"@type":"ImageObject","inLanguage":"es","@id":"https:\/\/soguapa.com\/#\/schema\/logo\/image\/","url":"https:\/\/soguapa.com\/wp-content\/uploads\/2022\/05\/logo-So-Guapa-by-Ingrid.jpg","contentUrl":"https:\/\/soguapa.com\/wp-content\/uploads\/2022\/05\/logo-So-Guapa-by-Ingrid.jpg","width":200,"height":80,"caption":"soGuapa"},"image":{"@id":"https:\/\/soguapa.com\/#\/schema\/logo\/image\/"},"sameAs":["https:\/\/es-la.facebook.com\/SoguapabeautyExpert\/","https:\/\/www.instagram.com\/soguapabyingrid\/"]}]}},"_links":{"self":[{"href":"https:\/\/soguapa.com\/es\/wp-json\/wp\/v2\/pages\/986","targetHints":{"allow":["GET"]}}],"collection":[{"href":"https:\/\/soguapa.com\/es\/wp-json\/wp\/v2\/pages"}],"about":[{"href":"https:\/\/soguapa.com\/es\/wp-json\/wp\/v2\/types\/page"}],"author":[{"embeddable":true,"href":"https:\/\/soguapa.com\/es\/wp-json\/wp\/v2\/users\/1"}],"replies":[{"embeddable":true,"href":"https:\/\/soguapa.com\/es\/wp-json\/wp\/v2\/comments?post=986"}],"version-history":[{"count":0,"href":"https:\/\/soguapa.com\/es\/wp-json\/wp\/v2\/pages\/986\/revisions"}],"wp:attachment":[{"href":"https:\/\/soguapa.com\/es\/wp-json\/wp\/v2\/media?parent=986"}],"wp:term":[{"taxonomy":"wf_page_folders","embeddable":true,"href":"https:\/\/soguapa.com\/es\/wp-json\/wp\/v2\/wf_page_folders?post=986"}],"curies":[{"name":"wp","href":"https:\/\/api.w.org\/{rel}","templated":true}]}}