{"id":933,"date":"2022-05-20T14:21:00","date_gmt":"2022-05-20T14:21:00","guid":{"rendered":"http:\/\/nancyyanethc3.sg-host.com\/beauty-treatments\/cosmelan-by-mesoestetic\/"},"modified":"2022-06-24T18:07:36","modified_gmt":"2022-06-24T18:07:36","slug":"cosmelan-by-mesoestetic","status":"publish","type":"page","link":"https:\/\/soguapa.com\/es\/tratamientos-faciales\/cosmelan-by-mesoestetic\/","title":{"rendered":"Cosmelan by Mesoestetic"},"content":{"rendered":"\n<p>cosmelan\u00ae es el m\u00e9todo despigmentante profesional que elimina de forma integral las manchas m\u00e1s severas y resistentes con la m\u00e1xima eficacia y seguridad.<\/p>\n\n\n\n<p>El m\u00e9todo cosmelan\u00ae cuenta con una exclusiva combinaci\u00f3n de activos de avalada eficacia que le proporciona un mecanismo de acci\u00f3n \u00fanico y dual, para un resultado a corto y largo plazo:<\/p>\n\n\n\n<ul class=\"wp-block-list\"><li>Acci\u00f3n correctiva: elimina y aten\u00faa las manchas de manera visible.<\/li><li>Acci\u00f3n reguladora: regula la sobreproducci\u00f3n de pigmento para evitar la reaparici\u00f3n de la mancha.<\/li><\/ul>\n\n\n\n<p><\/p>\n\n\n\n<p><a href=\"https:\/\/soguapa.com\/es\/categoria-producto\/despigmentantes\/\" target=\"_blank\" rel=\"noreferrer noopener\">Descubre todos los tratamientos despigmentantes de mesoestetic\u00ae<\/a><\/p>\n\n\n\n<p><\/p>\n\n\n\n<figure class=\"wp-block-image size-large\"><a href=\"https:\/\/soguapa.com\/es\/categoria-producto\/despigmentantes\/\"><img fetchpriority=\"high\" decoding=\"async\" width=\"1024\" height=\"576\" src=\"https:\/\/soguapa.com\/wp-content\/uploads\/2022\/05\/cosmelan-pack-1024x576.jpg\" alt=\"cosmelan pack - So guapa\" class=\"wp-image-821\" srcset=\"https:\/\/soguapa.com\/wp-content\/uploads\/2022\/05\/cosmelan-pack-1024x576.jpg 1024w, https:\/\/soguapa.com\/wp-content\/uploads\/2022\/05\/cosmelan-pack-300x169.jpg 300w, https:\/\/soguapa.com\/wp-content\/uploads\/2022\/05\/cosmelan-pack-768x432.jpg 768w, https:\/\/soguapa.com\/wp-content\/uploads\/2022\/05\/cosmelan-pack-600x338.jpg 600w, https:\/\/soguapa.com\/wp-content\/uploads\/2022\/05\/cosmelan-pack.jpg 1500w\" sizes=\"(max-width: 1024px) 100vw, 1024px\" \/><\/a><\/figure>\n\n\n\n<p><\/p>\n\n\n\n<p><\/p>\n\n\n\n<h2 class=\"wp-block-heading\">\u00bfCu\u00e1nto tiempo dura el tratamiento de cosmelan?<\/h2>\n\n\n\n<p>El m\u00e9dico est\u00e9tico aplica Cosmelan 1 a modo de mascarilla en la zona a tratar. Esta aplicaci\u00f3n dura entre 20 y 30 minutos y el paciente debe llevar la mascarilla durante 8 horas. Pasado este tiempo, el paciente se quita la mascarilla con los productos que incluye el pack.<\/p>\n","protected":false},"excerpt":{"rendered":"<p>cosmelan\u00ae es el m\u00e9todo despigmentante profesional que elimina de forma integral las manchas m\u00e1s severas y resistentes con la m\u00e1xima eficacia y seguridad. El m\u00e9todo cosmelan\u00ae cuenta con una exclusiva combinaci\u00f3n de activos de avalada eficacia que le proporciona un mecanismo de acci\u00f3n \u00fanico y dual, para un resultado a corto y largo plazo: Acci\u00f3n [&hellip;]<\/p>\n","protected":false},"author":1,"featured_media":821,"parent":926,"menu_order":0,"comment_status":"closed","ping_status":"closed","template":"","meta":{"_monsterinsights_skip_tracking":false,"_monsterinsights_sitenote_active":false,"_monsterinsights_sitenote_note":"","_monsterinsights_sitenote_category":0,"footnotes":""},"wf_page_folders":[],"class_list":["post-933","page","type-page","status-publish","has-post-thumbnail","hentry"],"yoast_head":"<!-- This site is optimized with the Yoast SEO plugin v27.4 - https:\/\/yoast.com\/product\/yoast-seo-wordpress\/ -->\n<title>Cosmelan by Mesoestetic - soGuapa Beauty Expert<\/title>\n<meta name=\"robots\" content=\"index, follow, max-snippet:-1, max-image-preview:large, max-video-preview:-1\" \/>\n<link rel=\"canonical\" href=\"https:\/\/soguapa.com\/es\/tratamientos-faciales\/cosmelan-by-mesoestetic\/\" \/>\n<meta property=\"og:locale\" content=\"es_ES\" \/>\n<meta property=\"og:type\" content=\"article\" \/>\n<meta property=\"og:title\" content=\"Cosmelan by Mesoestetic - soGuapa Beauty Expert\" \/>\n<meta property=\"og:description\" content=\"cosmelan\u00ae es el m\u00e9todo despigmentante profesional que elimina de forma integral las manchas m\u00e1s severas y resistentes con la m\u00e1xima eficacia y seguridad. El m\u00e9todo cosmelan\u00ae cuenta con una exclusiva combinaci\u00f3n de activos de avalada eficacia que le proporciona un mecanismo de acci\u00f3n \u00fanico y dual, para un resultado a corto y largo plazo: Acci\u00f3n [&hellip;]\" \/>\n<meta property=\"og:url\" content=\"https:\/\/soguapa.com\/es\/tratamientos-faciales\/cosmelan-by-mesoestetic\/\" \/>\n<meta property=\"og:site_name\" content=\"soGuapa Beauty Expert\" \/>\n<meta property=\"article:publisher\" content=\"https:\/\/es-la.facebook.com\/SoguapabeautyExpert\/\" \/>\n<meta property=\"article:modified_time\" content=\"2022-06-24T18:07:36+00:00\" \/>\n<meta property=\"og:image\" content=\"https:\/\/soguapa.com\/wp-content\/uploads\/2022\/05\/cosmelan-pack.jpg\" \/>\n\t<meta property=\"og:image:width\" content=\"1500\" \/>\n\t<meta property=\"og:image:height\" content=\"844\" \/>\n\t<meta property=\"og:image:type\" content=\"image\/jpeg\" \/>\n<meta name=\"twitter:card\" content=\"summary_large_image\" \/>\n<meta name=\"twitter:label1\" content=\"Tiempo de lectura\" \/>\n\t<meta name=\"twitter:data1\" content=\"1 minuto\" \/>\n<script type=\"application\/ld+json\" class=\"yoast-schema-graph\">{\"@context\":\"https:\\\/\\\/schema.org\",\"@graph\":[{\"@type\":\"WebPage\",\"@id\":\"https:\\\/\\\/soguapa.com\\\/es\\\/tratamientos-faciales\\\/cosmelan-by-mesoestetic\\\/\",\"url\":\"https:\\\/\\\/soguapa.com\\\/es\\\/tratamientos-faciales\\\/cosmelan-by-mesoestetic\\\/\",\"name\":\"Cosmelan by Mesoestetic - soGuapa Beauty Expert\",\"isPartOf\":{\"@id\":\"https:\\\/\\\/soguapa.com\\\/#website\"},\"primaryImageOfPage\":{\"@id\":\"https:\\\/\\\/soguapa.com\\\/es\\\/tratamientos-faciales\\\/cosmelan-by-mesoestetic\\\/#primaryimage\"},\"image\":{\"@id\":\"https:\\\/\\\/soguapa.com\\\/es\\\/tratamientos-faciales\\\/cosmelan-by-mesoestetic\\\/#primaryimage\"},\"thumbnailUrl\":\"https:\\\/\\\/soguapa.com\\\/wp-content\\\/uploads\\\/2022\\\/05\\\/cosmelan-pack.jpg\",\"datePublished\":\"2022-05-20T14:21:00+00:00\",\"dateModified\":\"2022-06-24T18:07:36+00:00\",\"breadcrumb\":{\"@id\":\"https:\\\/\\\/soguapa.com\\\/es\\\/tratamientos-faciales\\\/cosmelan-by-mesoestetic\\\/#breadcrumb\"},\"inLanguage\":\"es\",\"potentialAction\":[{\"@type\":\"ReadAction\",\"target\":[\"https:\\\/\\\/soguapa.com\\\/es\\\/tratamientos-faciales\\\/cosmelan-by-mesoestetic\\\/\"]}]},{\"@type\":\"ImageObject\",\"inLanguage\":\"es\",\"@id\":\"https:\\\/\\\/soguapa.com\\\/es\\\/tratamientos-faciales\\\/cosmelan-by-mesoestetic\\\/#primaryimage\",\"url\":\"https:\\\/\\\/soguapa.com\\\/wp-content\\\/uploads\\\/2022\\\/05\\\/cosmelan-pack.jpg\",\"contentUrl\":\"https:\\\/\\\/soguapa.com\\\/wp-content\\\/uploads\\\/2022\\\/05\\\/cosmelan-pack.jpg\",\"width\":1500,\"height\":844,\"caption\":\"cosmelan pack - So guapa\"},{\"@type\":\"BreadcrumbList\",\"@id\":\"https:\\\/\\\/soguapa.com\\\/es\\\/tratamientos-faciales\\\/cosmelan-by-mesoestetic\\\/#breadcrumb\",\"itemListElement\":[{\"@type\":\"ListItem\",\"position\":1,\"name\":\"Home\",\"item\":\"https:\\\/\\\/soguapa.com\\\/\"},{\"@type\":\"ListItem\",\"position\":2,\"name\":\"Tratamientos Faciales\",\"item\":\"https:\\\/\\\/soguapa.com\\\/es\\\/tratamientos-faciales\\\/\"},{\"@type\":\"ListItem\",\"position\":3,\"name\":\"Cosmelan by Mesoestetic\"}]},{\"@type\":\"WebSite\",\"@id\":\"https:\\\/\\\/soguapa.com\\\/#website\",\"url\":\"https:\\\/\\\/soguapa.com\\\/\",\"name\":\"soGuapa Beauty Expert\",\"description\":\"Beauty Treatments Malta\",\"publisher\":{\"@id\":\"https:\\\/\\\/soguapa.com\\\/#organization\"},\"potentialAction\":[{\"@type\":\"SearchAction\",\"target\":{\"@type\":\"EntryPoint\",\"urlTemplate\":\"https:\\\/\\\/soguapa.com\\\/?s={search_term_string}\"},\"query-input\":{\"@type\":\"PropertyValueSpecification\",\"valueRequired\":true,\"valueName\":\"search_term_string\"}}],\"inLanguage\":\"es\"},{\"@type\":\"Organization\",\"@id\":\"https:\\\/\\\/soguapa.com\\\/#organization\",\"name\":\"soGuapa\",\"url\":\"https:\\\/\\\/soguapa.com\\\/\",\"logo\":{\"@type\":\"ImageObject\",\"inLanguage\":\"es\",\"@id\":\"https:\\\/\\\/soguapa.com\\\/#\\\/schema\\\/logo\\\/image\\\/\",\"url\":\"https:\\\/\\\/soguapa.com\\\/wp-content\\\/uploads\\\/2022\\\/05\\\/logo-So-Guapa-by-Ingrid.jpg\",\"contentUrl\":\"https:\\\/\\\/soguapa.com\\\/wp-content\\\/uploads\\\/2022\\\/05\\\/logo-So-Guapa-by-Ingrid.jpg\",\"width\":200,\"height\":80,\"caption\":\"soGuapa\"},\"image\":{\"@id\":\"https:\\\/\\\/soguapa.com\\\/#\\\/schema\\\/logo\\\/image\\\/\"},\"sameAs\":[\"https:\\\/\\\/es-la.facebook.com\\\/SoguapabeautyExpert\\\/\",\"https:\\\/\\\/www.instagram.com\\\/soguapabyingrid\\\/\"]}]}<\/script>\n<!-- \/ Yoast SEO plugin. -->","yoast_head_json":{"title":"Cosmelan by Mesoestetic - soGuapa Beauty Expert","robots":{"index":"index","follow":"follow","max-snippet":"max-snippet:-1","max-image-preview":"max-image-preview:large","max-video-preview":"max-video-preview:-1"},"canonical":"https:\/\/soguapa.com\/es\/tratamientos-faciales\/cosmelan-by-mesoestetic\/","og_locale":"es_ES","og_type":"article","og_title":"Cosmelan by Mesoestetic - soGuapa Beauty Expert","og_description":"cosmelan\u00ae es el m\u00e9todo despigmentante profesional que elimina de forma integral las manchas m\u00e1s severas y resistentes con la m\u00e1xima eficacia y seguridad. El m\u00e9todo cosmelan\u00ae cuenta con una exclusiva combinaci\u00f3n de activos de avalada eficacia que le proporciona un mecanismo de acci\u00f3n \u00fanico y dual, para un resultado a corto y largo plazo: Acci\u00f3n [&hellip;]","og_url":"https:\/\/soguapa.com\/es\/tratamientos-faciales\/cosmelan-by-mesoestetic\/","og_site_name":"soGuapa Beauty Expert","article_publisher":"https:\/\/es-la.facebook.com\/SoguapabeautyExpert\/","article_modified_time":"2022-06-24T18:07:36+00:00","og_image":[{"width":1500,"height":844,"url":"https:\/\/soguapa.com\/wp-content\/uploads\/2022\/05\/cosmelan-pack.jpg","type":"image\/jpeg"}],"twitter_card":"summary_large_image","twitter_misc":{"Tiempo de lectura":"1 minuto"},"schema":{"@context":"https:\/\/schema.org","@graph":[{"@type":"WebPage","@id":"https:\/\/soguapa.com\/es\/tratamientos-faciales\/cosmelan-by-mesoestetic\/","url":"https:\/\/soguapa.com\/es\/tratamientos-faciales\/cosmelan-by-mesoestetic\/","name":"Cosmelan by Mesoestetic - soGuapa Beauty Expert","isPartOf":{"@id":"https:\/\/soguapa.com\/#website"},"primaryImageOfPage":{"@id":"https:\/\/soguapa.com\/es\/tratamientos-faciales\/cosmelan-by-mesoestetic\/#primaryimage"},"image":{"@id":"https:\/\/soguapa.com\/es\/tratamientos-faciales\/cosmelan-by-mesoestetic\/#primaryimage"},"thumbnailUrl":"https:\/\/soguapa.com\/wp-content\/uploads\/2022\/05\/cosmelan-pack.jpg","datePublished":"2022-05-20T14:21:00+00:00","dateModified":"2022-06-24T18:07:36+00:00","breadcrumb":{"@id":"https:\/\/soguapa.com\/es\/tratamientos-faciales\/cosmelan-by-mesoestetic\/#breadcrumb"},"inLanguage":"es","potentialAction":[{"@type":"ReadAction","target":["https:\/\/soguapa.com\/es\/tratamientos-faciales\/cosmelan-by-mesoestetic\/"]}]},{"@type":"ImageObject","inLanguage":"es","@id":"https:\/\/soguapa.com\/es\/tratamientos-faciales\/cosmelan-by-mesoestetic\/#primaryimage","url":"https:\/\/soguapa.com\/wp-content\/uploads\/2022\/05\/cosmelan-pack.jpg","contentUrl":"https:\/\/soguapa.com\/wp-content\/uploads\/2022\/05\/cosmelan-pack.jpg","width":1500,"height":844,"caption":"cosmelan pack - So guapa"},{"@type":"BreadcrumbList","@id":"https:\/\/soguapa.com\/es\/tratamientos-faciales\/cosmelan-by-mesoestetic\/#breadcrumb","itemListElement":[{"@type":"ListItem","position":1,"name":"Home","item":"https:\/\/soguapa.com\/"},{"@type":"ListItem","position":2,"name":"Tratamientos Faciales","item":"https:\/\/soguapa.com\/es\/tratamientos-faciales\/"},{"@type":"ListItem","position":3,"name":"Cosmelan by Mesoestetic"}]},{"@type":"WebSite","@id":"https:\/\/soguapa.com\/#website","url":"https:\/\/soguapa.com\/","name":"soGuapa Beauty Expert","description":"Beauty Treatments Malta","publisher":{"@id":"https:\/\/soguapa.com\/#organization"},"potentialAction":[{"@type":"SearchAction","target":{"@type":"EntryPoint","urlTemplate":"https:\/\/soguapa.com\/?s={search_term_string}"},"query-input":{"@type":"PropertyValueSpecification","valueRequired":true,"valueName":"search_term_string"}}],"inLanguage":"es"},{"@type":"Organization","@id":"https:\/\/soguapa.com\/#organization","name":"soGuapa","url":"https:\/\/soguapa.com\/","logo":{"@type":"ImageObject","inLanguage":"es","@id":"https:\/\/soguapa.com\/#\/schema\/logo\/image\/","url":"https:\/\/soguapa.com\/wp-content\/uploads\/2022\/05\/logo-So-Guapa-by-Ingrid.jpg","contentUrl":"https:\/\/soguapa.com\/wp-content\/uploads\/2022\/05\/logo-So-Guapa-by-Ingrid.jpg","width":200,"height":80,"caption":"soGuapa"},"image":{"@id":"https:\/\/soguapa.com\/#\/schema\/logo\/image\/"},"sameAs":["https:\/\/es-la.facebook.com\/SoguapabeautyExpert\/","https:\/\/www.instagram.com\/soguapabyingrid\/"]}]}},"_links":{"self":[{"href":"https:\/\/soguapa.com\/es\/wp-json\/wp\/v2\/pages\/933","targetHints":{"allow":["GET"]}}],"collection":[{"href":"https:\/\/soguapa.com\/es\/wp-json\/wp\/v2\/pages"}],"about":[{"href":"https:\/\/soguapa.com\/es\/wp-json\/wp\/v2\/types\/page"}],"author":[{"embeddable":true,"href":"https:\/\/soguapa.com\/es\/wp-json\/wp\/v2\/users\/1"}],"replies":[{"embeddable":true,"href":"https:\/\/soguapa.com\/es\/wp-json\/wp\/v2\/comments?post=933"}],"version-history":[{"count":0,"href":"https:\/\/soguapa.com\/es\/wp-json\/wp\/v2\/pages\/933\/revisions"}],"up":[{"embeddable":true,"href":"https:\/\/soguapa.com\/es\/wp-json\/wp\/v2\/pages\/926"}],"wp:featuredmedia":[{"embeddable":true,"href":"https:\/\/soguapa.com\/es\/wp-json\/wp\/v2\/media\/821"}],"wp:attachment":[{"href":"https:\/\/soguapa.com\/es\/wp-json\/wp\/v2\/media?parent=933"}],"wp:term":[{"taxonomy":"wf_page_folders","embeddable":true,"href":"https:\/\/soguapa.com\/es\/wp-json\/wp\/v2\/wf_page_folders?post=933"}],"curies":[{"name":"wp","href":"https:\/\/api.w.org\/{rel}","templated":true}]}}