{"id":932,"date":"2022-05-20T14:15:03","date_gmt":"2022-05-20T14:15:03","guid":{"rendered":"http:\/\/nancyyanethc3.sg-host.com\/beauty-treatments\/body-treatments\/"},"modified":"2022-06-25T12:42:32","modified_gmt":"2022-06-25T12:42:32","slug":"tratamientos-adelgazantes-slimming","status":"publish","type":"page","link":"https:\/\/soguapa.com\/es\/tratamientos-adelgazantes-slimming\/","title":{"rendered":"Tratamientos adelgazantes &#038; Slimming"},"content":{"rendered":"\n<p><\/p>\n\n\n\n<div class=\"wp-block-media-text is-stacked-on-mobile is-vertically-aligned-top\" style=\"grid-template-columns:30% auto\"><figure class=\"wp-block-media-text__media\"><video controls src=\"https:\/\/soguapa.com\/wp-content\/uploads\/2022\/05\/vacuum-therapy-so-guapa.mp4\"><\/video><\/figure><div class=\"wp-block-media-text__content\">\n<h2 class=\"wp-block-heading\">Terapia de vac\u00edo para adelgazar<\/h2>\n\n\n\n<h3 class=\"wp-block-heading\">\u00bfPara qu\u00e9 sirve la terapia de vac\u00edo?<\/h3>\n\n\n\n<p>La vacumterapia estimula los m\u00fasculos, rompe y transforma la celulitis y los dep\u00f3sitos grasos, eliminando toxinas, mejora el drenaje linf\u00e1tico y adelgaza. <\/p>\n\n\n\n<p>La terapia de vac\u00edo tambi\u00e9n ayuda a restaurar la elasticidad natural, incentivando la producci\u00f3n del col\u00e1geno de la piel para suavizar la apariencia de las arrugas faciales y los hoyuelos de \u201cpiel de naranja\u201d en los muslos y las nalgas.<\/p>\n<\/div><\/div>\n\n\n\n<div style=\"height:30px\" aria-hidden=\"true\" class=\"wp-block-spacer\"><\/div>\n\n\n\n<div class=\"wp-block-media-text is-stacked-on-mobile is-vertically-aligned-top\" style=\"grid-template-columns:30% auto\"><figure class=\"wp-block-media-text__media\"><video controls src=\"https:\/\/soguapa.com\/wp-content\/uploads\/2022\/05\/carboxiterapia-So-Guapa.mp4\"><\/video><\/figure><div class=\"wp-block-media-text__content\">\n<h2 class=\"wp-block-heading\">Carboxiterapia<\/h2>\n\n\n\n<h3 class=\"wp-block-heading\">\u00bfC\u00f3mo funciona la carboxiterapia?<\/h3>\n\n\n\n<p>La carboxiterapia crea col\u00e1geno nuevo, mejorando la apariencia de la piel. <\/p>\n\n\n\n<p>Varios estudios han encontrado que la carboxiterapia es segura y efectiva cuando se usa para tratar la celulitis. C\u00edrculos debajo de los ojos: los c\u00edrculos oscuros debajo de los ojos generalmente son causados \u200b\u200bpor una mala circulaci\u00f3n, lo que origina una acumulaci\u00f3n vascular.<\/p>\n<\/div><\/div>\n\n\n\n<p><\/p>\n\n\n\n<figure class=\"wp-block-image aligncenter size-large\"><img fetchpriority=\"high\" decoding=\"async\" width=\"1024\" height=\"576\" src=\"https:\/\/soguapa.com\/wp-content\/uploads\/2022\/06\/pressotherapy-for-cellulite-So-Guapa-1024x576.jpg\" alt=\"\" class=\"wp-image-1551\" srcset=\"https:\/\/soguapa.com\/wp-content\/uploads\/2022\/06\/pressotherapy-for-cellulite-So-Guapa-1024x576.jpg 1024w, https:\/\/soguapa.com\/wp-content\/uploads\/2022\/06\/pressotherapy-for-cellulite-So-Guapa-300x169.jpg 300w, https:\/\/soguapa.com\/wp-content\/uploads\/2022\/06\/pressotherapy-for-cellulite-So-Guapa-768x432.jpg 768w, https:\/\/soguapa.com\/wp-content\/uploads\/2022\/06\/pressotherapy-for-cellulite-So-Guapa-600x337.jpg 600w, https:\/\/soguapa.com\/wp-content\/uploads\/2022\/06\/pressotherapy-for-cellulite-So-Guapa.jpg 1366w\" sizes=\"(max-width: 1024px) 100vw, 1024px\" \/><\/figure>\n\n\n\n<p><\/p>\n","protected":false},"excerpt":{"rendered":"<p>Terapia de vac\u00edo para adelgazar \u00bfPara qu\u00e9 sirve la terapia de vac\u00edo? La vacumterapia estimula los m\u00fasculos, rompe y transforma la celulitis y los dep\u00f3sitos grasos, eliminando toxinas, mejora el drenaje linf\u00e1tico y adelgaza. La terapia de vac\u00edo tambi\u00e9n ayuda a restaurar la elasticidad natural, incentivando la producci\u00f3n del col\u00e1geno de la piel para suavizar [&hellip;]<\/p>\n","protected":false},"author":1,"featured_media":991,"parent":0,"menu_order":0,"comment_status":"closed","ping_status":"closed","template":"","meta":{"_monsterinsights_skip_tracking":false,"_monsterinsights_sitenote_active":false,"_monsterinsights_sitenote_note":"","_monsterinsights_sitenote_category":0,"footnotes":""},"wf_page_folders":[],"class_list":["post-932","page","type-page","status-publish","has-post-thumbnail","hentry"],"yoast_head":"<!-- This site is optimized with the Yoast SEO plugin v27.3 - https:\/\/yoast.com\/product\/yoast-seo-wordpress\/ -->\n<title>Tratamientos adelgazantes &amp; Slimming - soGuapa<\/title>\n<meta name=\"robots\" content=\"index, follow, max-snippet:-1, max-image-preview:large, max-video-preview:-1\" \/>\n<link rel=\"canonical\" href=\"https:\/\/soguapa.com\/es\/tratamientos-adelgazantes-slimming\/\" \/>\n<meta property=\"og:locale\" content=\"es_ES\" \/>\n<meta property=\"og:type\" content=\"article\" \/>\n<meta property=\"og:title\" content=\"Tratamientos adelgazantes &amp; Slimming - soGuapa\" \/>\n<meta property=\"og:description\" content=\"Terapia de vac\u00edo para adelgazar \u00bfPara qu\u00e9 sirve la terapia de vac\u00edo? La vacumterapia estimula los m\u00fasculos, rompe y transforma la celulitis y los dep\u00f3sitos grasos, eliminando toxinas, mejora el drenaje linf\u00e1tico y adelgaza. La terapia de vac\u00edo tambi\u00e9n ayuda a restaurar la elasticidad natural, incentivando la producci\u00f3n del col\u00e1geno de la piel para suavizar [&hellip;]\" \/>\n<meta property=\"og:url\" content=\"https:\/\/soguapa.com\/es\/tratamientos-adelgazantes-slimming\/\" \/>\n<meta property=\"og:site_name\" content=\"soGuapa Beauty Expert\" \/>\n<meta property=\"article:publisher\" content=\"https:\/\/es-la.facebook.com\/SoguapabeautyExpert\/\" \/>\n<meta property=\"article:modified_time\" content=\"2022-06-25T12:42:32+00:00\" \/>\n<meta property=\"og:image\" content=\"https:\/\/soguapa.com\/wp-content\/uploads\/2022\/05\/bodyshock-treatment-massage-so-guapa.jpg\" \/>\n\t<meta property=\"og:image:width\" content=\"1366\" \/>\n\t<meta property=\"og:image:height\" content=\"600\" \/>\n\t<meta property=\"og:image:type\" content=\"image\/jpeg\" \/>\n<meta name=\"twitter:card\" content=\"summary_large_image\" \/>\n<meta name=\"twitter:label1\" content=\"Tiempo de lectura\" \/>\n\t<meta name=\"twitter:data1\" content=\"1 minuto\" \/>\n<script type=\"application\/ld+json\" class=\"yoast-schema-graph\">{\"@context\":\"https:\\\/\\\/schema.org\",\"@graph\":[{\"@type\":\"WebPage\",\"@id\":\"https:\\\/\\\/soguapa.com\\\/es\\\/tratamientos-adelgazantes-slimming\\\/\",\"url\":\"https:\\\/\\\/soguapa.com\\\/es\\\/tratamientos-adelgazantes-slimming\\\/\",\"name\":\"Tratamientos adelgazantes & Slimming - soGuapa\",\"isPartOf\":{\"@id\":\"https:\\\/\\\/soguapa.com\\\/#website\"},\"primaryImageOfPage\":{\"@id\":\"https:\\\/\\\/soguapa.com\\\/es\\\/tratamientos-adelgazantes-slimming\\\/#primaryimage\"},\"image\":{\"@id\":\"https:\\\/\\\/soguapa.com\\\/es\\\/tratamientos-adelgazantes-slimming\\\/#primaryimage\"},\"thumbnailUrl\":\"https:\\\/\\\/soguapa.com\\\/wp-content\\\/uploads\\\/2022\\\/05\\\/bodyshock-treatment-massage-so-guapa.jpg\",\"datePublished\":\"2022-05-20T14:15:03+00:00\",\"dateModified\":\"2022-06-25T12:42:32+00:00\",\"breadcrumb\":{\"@id\":\"https:\\\/\\\/soguapa.com\\\/es\\\/tratamientos-adelgazantes-slimming\\\/#breadcrumb\"},\"inLanguage\":\"es\",\"potentialAction\":[{\"@type\":\"ReadAction\",\"target\":[\"https:\\\/\\\/soguapa.com\\\/es\\\/tratamientos-adelgazantes-slimming\\\/\"]}]},{\"@type\":\"ImageObject\",\"inLanguage\":\"es\",\"@id\":\"https:\\\/\\\/soguapa.com\\\/es\\\/tratamientos-adelgazantes-slimming\\\/#primaryimage\",\"url\":\"https:\\\/\\\/soguapa.com\\\/wp-content\\\/uploads\\\/2022\\\/05\\\/bodyshock-treatment-massage-so-guapa.jpg\",\"contentUrl\":\"https:\\\/\\\/soguapa.com\\\/wp-content\\\/uploads\\\/2022\\\/05\\\/bodyshock-treatment-massage-so-guapa.jpg\",\"width\":1366,\"height\":600,\"caption\":\"bodyshock-treatment-massage-so-guapa\"},{\"@type\":\"BreadcrumbList\",\"@id\":\"https:\\\/\\\/soguapa.com\\\/es\\\/tratamientos-adelgazantes-slimming\\\/#breadcrumb\",\"itemListElement\":[{\"@type\":\"ListItem\",\"position\":1,\"name\":\"Home\",\"item\":\"https:\\\/\\\/soguapa.com\\\/\"},{\"@type\":\"ListItem\",\"position\":2,\"name\":\"Tratamientos adelgazantes &#038; Slimming\"}]},{\"@type\":\"WebSite\",\"@id\":\"https:\\\/\\\/soguapa.com\\\/#website\",\"url\":\"https:\\\/\\\/soguapa.com\\\/\",\"name\":\"soGuapa Beauty Expert\",\"description\":\"Beauty Treatments Malta\",\"publisher\":{\"@id\":\"https:\\\/\\\/soguapa.com\\\/#organization\"},\"potentialAction\":[{\"@type\":\"SearchAction\",\"target\":{\"@type\":\"EntryPoint\",\"urlTemplate\":\"https:\\\/\\\/soguapa.com\\\/?s={search_term_string}\"},\"query-input\":{\"@type\":\"PropertyValueSpecification\",\"valueRequired\":true,\"valueName\":\"search_term_string\"}}],\"inLanguage\":\"es\"},{\"@type\":\"Organization\",\"@id\":\"https:\\\/\\\/soguapa.com\\\/#organization\",\"name\":\"soGuapa\",\"url\":\"https:\\\/\\\/soguapa.com\\\/\",\"logo\":{\"@type\":\"ImageObject\",\"inLanguage\":\"es\",\"@id\":\"https:\\\/\\\/soguapa.com\\\/#\\\/schema\\\/logo\\\/image\\\/\",\"url\":\"https:\\\/\\\/soguapa.com\\\/wp-content\\\/uploads\\\/2022\\\/05\\\/logo-So-Guapa-by-Ingrid.jpg\",\"contentUrl\":\"https:\\\/\\\/soguapa.com\\\/wp-content\\\/uploads\\\/2022\\\/05\\\/logo-So-Guapa-by-Ingrid.jpg\",\"width\":200,\"height\":80,\"caption\":\"soGuapa\"},\"image\":{\"@id\":\"https:\\\/\\\/soguapa.com\\\/#\\\/schema\\\/logo\\\/image\\\/\"},\"sameAs\":[\"https:\\\/\\\/es-la.facebook.com\\\/SoguapabeautyExpert\\\/\",\"https:\\\/\\\/www.instagram.com\\\/soguapabyingrid\\\/\"]}]}<\/script>\n<!-- \/ Yoast SEO plugin. -->","yoast_head_json":{"title":"Tratamientos adelgazantes & Slimming - soGuapa","robots":{"index":"index","follow":"follow","max-snippet":"max-snippet:-1","max-image-preview":"max-image-preview:large","max-video-preview":"max-video-preview:-1"},"canonical":"https:\/\/soguapa.com\/es\/tratamientos-adelgazantes-slimming\/","og_locale":"es_ES","og_type":"article","og_title":"Tratamientos adelgazantes & Slimming - soGuapa","og_description":"Terapia de vac\u00edo para adelgazar \u00bfPara qu\u00e9 sirve la terapia de vac\u00edo? La vacumterapia estimula los m\u00fasculos, rompe y transforma la celulitis y los dep\u00f3sitos grasos, eliminando toxinas, mejora el drenaje linf\u00e1tico y adelgaza. La terapia de vac\u00edo tambi\u00e9n ayuda a restaurar la elasticidad natural, incentivando la producci\u00f3n del col\u00e1geno de la piel para suavizar [&hellip;]","og_url":"https:\/\/soguapa.com\/es\/tratamientos-adelgazantes-slimming\/","og_site_name":"soGuapa Beauty Expert","article_publisher":"https:\/\/es-la.facebook.com\/SoguapabeautyExpert\/","article_modified_time":"2022-06-25T12:42:32+00:00","og_image":[{"width":1366,"height":600,"url":"https:\/\/soguapa.com\/wp-content\/uploads\/2022\/05\/bodyshock-treatment-massage-so-guapa.jpg","type":"image\/jpeg"}],"twitter_card":"summary_large_image","twitter_misc":{"Tiempo de lectura":"1 minuto"},"schema":{"@context":"https:\/\/schema.org","@graph":[{"@type":"WebPage","@id":"https:\/\/soguapa.com\/es\/tratamientos-adelgazantes-slimming\/","url":"https:\/\/soguapa.com\/es\/tratamientos-adelgazantes-slimming\/","name":"Tratamientos adelgazantes & Slimming - soGuapa","isPartOf":{"@id":"https:\/\/soguapa.com\/#website"},"primaryImageOfPage":{"@id":"https:\/\/soguapa.com\/es\/tratamientos-adelgazantes-slimming\/#primaryimage"},"image":{"@id":"https:\/\/soguapa.com\/es\/tratamientos-adelgazantes-slimming\/#primaryimage"},"thumbnailUrl":"https:\/\/soguapa.com\/wp-content\/uploads\/2022\/05\/bodyshock-treatment-massage-so-guapa.jpg","datePublished":"2022-05-20T14:15:03+00:00","dateModified":"2022-06-25T12:42:32+00:00","breadcrumb":{"@id":"https:\/\/soguapa.com\/es\/tratamientos-adelgazantes-slimming\/#breadcrumb"},"inLanguage":"es","potentialAction":[{"@type":"ReadAction","target":["https:\/\/soguapa.com\/es\/tratamientos-adelgazantes-slimming\/"]}]},{"@type":"ImageObject","inLanguage":"es","@id":"https:\/\/soguapa.com\/es\/tratamientos-adelgazantes-slimming\/#primaryimage","url":"https:\/\/soguapa.com\/wp-content\/uploads\/2022\/05\/bodyshock-treatment-massage-so-guapa.jpg","contentUrl":"https:\/\/soguapa.com\/wp-content\/uploads\/2022\/05\/bodyshock-treatment-massage-so-guapa.jpg","width":1366,"height":600,"caption":"bodyshock-treatment-massage-so-guapa"},{"@type":"BreadcrumbList","@id":"https:\/\/soguapa.com\/es\/tratamientos-adelgazantes-slimming\/#breadcrumb","itemListElement":[{"@type":"ListItem","position":1,"name":"Home","item":"https:\/\/soguapa.com\/"},{"@type":"ListItem","position":2,"name":"Tratamientos adelgazantes &#038; Slimming"}]},{"@type":"WebSite","@id":"https:\/\/soguapa.com\/#website","url":"https:\/\/soguapa.com\/","name":"soGuapa Beauty Expert","description":"Beauty Treatments Malta","publisher":{"@id":"https:\/\/soguapa.com\/#organization"},"potentialAction":[{"@type":"SearchAction","target":{"@type":"EntryPoint","urlTemplate":"https:\/\/soguapa.com\/?s={search_term_string}"},"query-input":{"@type":"PropertyValueSpecification","valueRequired":true,"valueName":"search_term_string"}}],"inLanguage":"es"},{"@type":"Organization","@id":"https:\/\/soguapa.com\/#organization","name":"soGuapa","url":"https:\/\/soguapa.com\/","logo":{"@type":"ImageObject","inLanguage":"es","@id":"https:\/\/soguapa.com\/#\/schema\/logo\/image\/","url":"https:\/\/soguapa.com\/wp-content\/uploads\/2022\/05\/logo-So-Guapa-by-Ingrid.jpg","contentUrl":"https:\/\/soguapa.com\/wp-content\/uploads\/2022\/05\/logo-So-Guapa-by-Ingrid.jpg","width":200,"height":80,"caption":"soGuapa"},"image":{"@id":"https:\/\/soguapa.com\/#\/schema\/logo\/image\/"},"sameAs":["https:\/\/es-la.facebook.com\/SoguapabeautyExpert\/","https:\/\/www.instagram.com\/soguapabyingrid\/"]}]}},"_links":{"self":[{"href":"https:\/\/soguapa.com\/es\/wp-json\/wp\/v2\/pages\/932","targetHints":{"allow":["GET"]}}],"collection":[{"href":"https:\/\/soguapa.com\/es\/wp-json\/wp\/v2\/pages"}],"about":[{"href":"https:\/\/soguapa.com\/es\/wp-json\/wp\/v2\/types\/page"}],"author":[{"embeddable":true,"href":"https:\/\/soguapa.com\/es\/wp-json\/wp\/v2\/users\/1"}],"replies":[{"embeddable":true,"href":"https:\/\/soguapa.com\/es\/wp-json\/wp\/v2\/comments?post=932"}],"version-history":[{"count":0,"href":"https:\/\/soguapa.com\/es\/wp-json\/wp\/v2\/pages\/932\/revisions"}],"wp:featuredmedia":[{"embeddable":true,"href":"https:\/\/soguapa.com\/es\/wp-json\/wp\/v2\/media\/991"}],"wp:attachment":[{"href":"https:\/\/soguapa.com\/es\/wp-json\/wp\/v2\/media?parent=932"}],"wp:term":[{"taxonomy":"wf_page_folders","embeddable":true,"href":"https:\/\/soguapa.com\/es\/wp-json\/wp\/v2\/wf_page_folders?post=932"}],"curies":[{"name":"wp","href":"https:\/\/api.w.org\/{rel}","templated":true}]}}