{"id":926,"date":"2022-05-20T14:25:14","date_gmt":"2022-05-20T14:25:14","guid":{"rendered":"http:\/\/nancyyanethc3.sg-host.com\/beauty-treatments\/facial-treatments\/"},"modified":"2023-10-28T07:07:13","modified_gmt":"2023-10-28T07:07:13","slug":"tratamientos-faciales","status":"publish","type":"page","link":"https:\/\/soguapa.com\/es\/tratamientos-faciales\/","title":{"rendered":"Tratamientos Faciales"},"content":{"rendered":"\n<h2 class=\"wp-block-heading\">\u00bfQu\u00e9 hacen los tratamientos faciales?<\/h2>\n\n\n\n<div class=\"wp-block-media-text is-stacked-on-mobile\" style=\"grid-template-columns:30% auto\"><figure class=\"wp-block-media-text__media\"><video controls src=\"https:\/\/soguapa.com\/wp-content\/uploads\/2022\/05\/cleansing-face-So-Guapa-by-ingrid.mp4\"><\/video><\/figure><div class=\"wp-block-media-text__content\">\n<p class=\"has-large-font-size\">Limpieza facial<\/p>\n\n\n\n<p>Es un masaje que deja tu piel m\u00e1s limpia, suave y joven. Los tratamientos faciales pueden ayudar a despejar los poros obstruidos, hidratar la piel reseca y eliminar las c\u00e9lulas muertas. <\/p>\n\n\n\n<p>Los tratamientos faciales ayudan a la circulaci\u00f3n sangu\u00ednea y al drenaje linf\u00e1tico de la cara.<\/p>\n<\/div><\/div>\n\n\n\n<div style=\"height:30px\" aria-hidden=\"true\" class=\"wp-block-spacer\"><\/div>\n\n\n\n<div class=\"wp-block-media-text alignwide has-media-on-the-right is-stacked-on-mobile\" style=\"grid-template-columns:auto 30%\"><div class=\"wp-block-media-text__content\">\n<h2 class=\"wp-block-heading\">Microneedling<\/h2>\n\n\n\n<p>La acci\u00f3n del&nbsp;microneedling&nbsp;estimula la producci\u00f3n de nuevo col\u00e1geno y la elastina, que mejora la calidad y textura de nuestra piel, la apariencia de cicatrices y marcas de la piel.  El&nbsp;Microneedling&nbsp;act\u00faa tambi\u00e9n contra el acn\u00e9.<\/p>\n<\/div><figure class=\"wp-block-media-text__media\"><video controls src=\"https:\/\/soguapa.com\/wp-content\/uploads\/2022\/05\/Facial-cleaning-men-malta.mp4\"><\/video><\/figure><\/div>\n\n\n\n<div style=\"height:30px\" aria-hidden=\"true\" class=\"wp-block-spacer\"><\/div>\n\n\n\n<div class=\"wp-block-media-text is-stacked-on-mobile\" style=\"grid-template-columns:30% auto\"><figure class=\"wp-block-media-text__media\"><video controls src=\"https:\/\/soguapa.com\/wp-content\/uploads\/2022\/06\/Facial-treatments-in-Malta-Mallorca-So-guapa.mp4\"><\/video><\/figure><div class=\"wp-block-media-text__content\">\n<p class=\"has-large-font-size\">Terapia LED fr\u00eda<\/p>\n\n\n\n<p>Rejuvenecimiento de las c\u00e9lulas del rostro<\/p>\n<\/div><\/div>\n\n\n\n<div style=\"height:30px\" aria-hidden=\"true\" class=\"wp-block-spacer\"><\/div>\n\n\n\n<h2 class=\"wp-block-heading\">\u00bfCu\u00e1les son los diferentes tipos de tratamientos faciales?<\/h2>\n\n\n\n<ul class=\"wp-block-list\">\n<li>Facial cl\u00e1sico.<\/li>\n\n\n\n<li>Limpiador y reductor de acn\u00e9.<\/li>\n\n\n\n<li>Masaje linf\u00e1tico facial.<\/li>\n\n\n\n<li>Facial microaguja o microneedle<\/li>\n\n\n\n<li><a href=\"https:\/\/soguapa.com\/es\/tratamientos-faciales\/tratamiento-rejuvenecedor-de-ojos\/\" target=\"_blank\" rel=\"noreferrer noopener\">Tratamiento rejuvenecedor de ojos<\/a><\/li>\n\n\n\n<li>Facial Antioxidante.<\/li>\n\n\n\n<li>Terapia de luz LED.<\/li>\n\n\n\n<li>Botox o <a href=\"https:\/\/soguapa.com\/es\/tratamientos-faciales\/rellenos-dermicos-de-mesoestetic\/\" target=\"_blank\" rel=\"noreferrer noopener\">rellenos dermicos<\/a><\/li>\n<\/ul>\n\n\n\n<div style=\"height:30px\" aria-hidden=\"true\" class=\"wp-block-spacer\"><\/div>\n\n\n\n<h2 class=\"wp-block-heading\">Beneficios de un tratamiento facial con regularidad.<\/h2>\n\n\n\n<ul class=\"wp-block-list\">\n<li>Reducir el estr\u00e9s y aliviar la molestia psicol\u00f3gica<\/li>\n\n\n\n<li>Limpieza profunda<\/li>\n\n\n\n<li>Rejuvenecimiento de la piel<\/li>\n\n\n\n<li>Retrasar el proceso de envejecimiento<\/li>\n\n\n\n<li>Circulaci\u00f3n mejorada<\/li>\n\n\n\n<li>Los faciales ayudan a desintoxicar la piel<\/li>\n\n\n\n<li>Tratar el acn\u00e9 y las marcas de acn\u00e9<\/li>\n\n\n\n<li>Eliminar los puntos blancos y negros<\/li>\n\n\n\n<li>Abrir todos los poros<\/li>\n\n\n\n<li>Exfolia tu piel<\/li>\n\n\n\n<li>Elasticidad gracias al col\u00e1geno<\/li>\n\n\n\n<li>Eliminar las bolsitas y las ojeras.<\/li>\n<\/ul>\n\n\n\n<div style=\"height:30px\" aria-hidden=\"true\" class=\"wp-block-spacer\"><\/div>\n\n\n\n<figure class=\"wp-block-image size-large\"><img fetchpriority=\"high\" decoding=\"async\" width=\"1024\" height=\"576\" src=\"https:\/\/soguapa.com\/wp-content\/uploads\/2022\/05\/casmara-mask-malta-spain-1024x576.jpg\" alt=\"casmara-mask-malta-spain\" class=\"wp-image-1714\" srcset=\"https:\/\/soguapa.com\/wp-content\/uploads\/2022\/05\/casmara-mask-malta-spain-1024x576.jpg 1024w, https:\/\/soguapa.com\/wp-content\/uploads\/2022\/05\/casmara-mask-malta-spain-300x169.jpg 300w, https:\/\/soguapa.com\/wp-content\/uploads\/2022\/05\/casmara-mask-malta-spain-768x432.jpg 768w, https:\/\/soguapa.com\/wp-content\/uploads\/2022\/05\/casmara-mask-malta-spain-600x337.jpg 600w, https:\/\/soguapa.com\/wp-content\/uploads\/2022\/05\/casmara-mask-malta-spain.jpg 1366w\" sizes=\"(max-width: 1024px) 100vw, 1024px\" \/><\/figure>\n","protected":false},"excerpt":{"rendered":"<p>\u00bfQu\u00e9 hacen los tratamientos faciales? Limpieza facial Es un masaje que deja tu piel m\u00e1s limpia, suave y joven. Los tratamientos faciales pueden ayudar a despejar los poros obstruidos, hidratar la piel reseca y eliminar las c\u00e9lulas muertas. Los tratamientos faciales ayudan a la circulaci\u00f3n sangu\u00ednea y al drenaje linf\u00e1tico de la cara. Microneedling La [&hellip;]<\/p>\n","protected":false},"author":1,"featured_media":677,"parent":0,"menu_order":0,"comment_status":"closed","ping_status":"closed","template":"","meta":{"_monsterinsights_skip_tracking":false,"_monsterinsights_sitenote_active":false,"_monsterinsights_sitenote_note":"","_monsterinsights_sitenote_category":0,"footnotes":""},"wf_page_folders":[],"class_list":["post-926","page","type-page","status-publish","has-post-thumbnail","hentry"],"yoast_head":"<!-- This site is optimized with the Yoast SEO plugin v27.4 - https:\/\/yoast.com\/product\/yoast-seo-wordpress\/ -->\n<title>Facial treatments - soGuapa<\/title>\n<meta name=\"description\" content=\"Tratamientos faciales de primera calidad en Malta en Soguapa.com. Desde el Facial Cl\u00e1sico hasta la Reducci\u00f3n de Acn\u00e9, Masaje Linf\u00e1tico y m\u00e1s. Explora Rellenos D\u00e9rmicos, Faciales Antioxidantes, Terapia de Luz LED y Fr\u00eda, Microneedling y servicios de limpieza facial profunda.\" \/>\n<meta name=\"robots\" content=\"index, follow, max-snippet:-1, max-image-preview:large, max-video-preview:-1\" \/>\n<link rel=\"canonical\" href=\"https:\/\/soguapa.com\/es\/tratamientos-faciales\/\" \/>\n<meta property=\"og:locale\" content=\"es_ES\" \/>\n<meta property=\"og:type\" content=\"article\" \/>\n<meta property=\"og:title\" content=\"Facial treatments - soGuapa\" \/>\n<meta property=\"og:description\" content=\"Tratamientos faciales de primera calidad en Malta en Soguapa.com. Desde el Facial Cl\u00e1sico hasta la Reducci\u00f3n de Acn\u00e9, Masaje Linf\u00e1tico y m\u00e1s. Explora Rellenos D\u00e9rmicos, Faciales Antioxidantes, Terapia de Luz LED y Fr\u00eda, Microneedling y servicios de limpieza facial profunda.\" \/>\n<meta property=\"og:url\" content=\"https:\/\/soguapa.com\/es\/tratamientos-faciales\/\" \/>\n<meta property=\"og:site_name\" content=\"soGuapa Beauty Expert\" \/>\n<meta property=\"article:publisher\" content=\"https:\/\/es-la.facebook.com\/SoguapabeautyExpert\/\" \/>\n<meta property=\"article:modified_time\" content=\"2023-10-28T07:07:13+00:00\" \/>\n<meta property=\"og:image\" content=\"https:\/\/soguapa.com\/wp-content\/uploads\/2022\/05\/Microneedle-Casmara-in-Malta-So-Guapa.jpg\" \/>\n\t<meta property=\"og:image:width\" content=\"1366\" \/>\n\t<meta property=\"og:image:height\" content=\"768\" \/>\n\t<meta property=\"og:image:type\" content=\"image\/jpeg\" \/>\n<meta name=\"twitter:card\" content=\"summary_large_image\" \/>\n<meta name=\"twitter:label1\" content=\"Tiempo de lectura\" \/>\n\t<meta name=\"twitter:data1\" content=\"2 minutos\" \/>\n<script type=\"application\/ld+json\" class=\"yoast-schema-graph\">{\"@context\":\"https:\\\/\\\/schema.org\",\"@graph\":[{\"@type\":\"WebPage\",\"@id\":\"https:\\\/\\\/soguapa.com\\\/es\\\/tratamientos-faciales\\\/\",\"url\":\"https:\\\/\\\/soguapa.com\\\/es\\\/tratamientos-faciales\\\/\",\"name\":\"Facial treatments - soGuapa\",\"isPartOf\":{\"@id\":\"https:\\\/\\\/soguapa.com\\\/#website\"},\"primaryImageOfPage\":{\"@id\":\"https:\\\/\\\/soguapa.com\\\/es\\\/tratamientos-faciales\\\/#primaryimage\"},\"image\":{\"@id\":\"https:\\\/\\\/soguapa.com\\\/es\\\/tratamientos-faciales\\\/#primaryimage\"},\"thumbnailUrl\":\"https:\\\/\\\/soguapa.com\\\/wp-content\\\/uploads\\\/2022\\\/05\\\/Microneedle-Casmara-in-Malta-So-Guapa.jpg\",\"datePublished\":\"2022-05-20T14:25:14+00:00\",\"dateModified\":\"2023-10-28T07:07:13+00:00\",\"description\":\"Tratamientos faciales de primera calidad en Malta en Soguapa.com. Desde el Facial Cl\u00e1sico hasta la Reducci\u00f3n de Acn\u00e9, Masaje Linf\u00e1tico y m\u00e1s. Explora Rellenos D\u00e9rmicos, Faciales Antioxidantes, Terapia de Luz LED y Fr\u00eda, Microneedling y servicios de limpieza facial profunda.\",\"breadcrumb\":{\"@id\":\"https:\\\/\\\/soguapa.com\\\/es\\\/tratamientos-faciales\\\/#breadcrumb\"},\"inLanguage\":\"es\",\"potentialAction\":[{\"@type\":\"ReadAction\",\"target\":[\"https:\\\/\\\/soguapa.com\\\/es\\\/tratamientos-faciales\\\/\"]}]},{\"@type\":\"ImageObject\",\"inLanguage\":\"es\",\"@id\":\"https:\\\/\\\/soguapa.com\\\/es\\\/tratamientos-faciales\\\/#primaryimage\",\"url\":\"https:\\\/\\\/soguapa.com\\\/wp-content\\\/uploads\\\/2022\\\/05\\\/Microneedle-Casmara-in-Malta-So-Guapa.jpg\",\"contentUrl\":\"https:\\\/\\\/soguapa.com\\\/wp-content\\\/uploads\\\/2022\\\/05\\\/Microneedle-Casmara-in-Malta-So-Guapa.jpg\",\"width\":1366,\"height\":768},{\"@type\":\"BreadcrumbList\",\"@id\":\"https:\\\/\\\/soguapa.com\\\/es\\\/tratamientos-faciales\\\/#breadcrumb\",\"itemListElement\":[{\"@type\":\"ListItem\",\"position\":1,\"name\":\"Home\",\"item\":\"https:\\\/\\\/soguapa.com\\\/\"},{\"@type\":\"ListItem\",\"position\":2,\"name\":\"Tratamientos Faciales\"}]},{\"@type\":\"WebSite\",\"@id\":\"https:\\\/\\\/soguapa.com\\\/#website\",\"url\":\"https:\\\/\\\/soguapa.com\\\/\",\"name\":\"soGuapa Beauty Expert\",\"description\":\"Beauty Treatments Malta\",\"publisher\":{\"@id\":\"https:\\\/\\\/soguapa.com\\\/#organization\"},\"potentialAction\":[{\"@type\":\"SearchAction\",\"target\":{\"@type\":\"EntryPoint\",\"urlTemplate\":\"https:\\\/\\\/soguapa.com\\\/?s={search_term_string}\"},\"query-input\":{\"@type\":\"PropertyValueSpecification\",\"valueRequired\":true,\"valueName\":\"search_term_string\"}}],\"inLanguage\":\"es\"},{\"@type\":\"Organization\",\"@id\":\"https:\\\/\\\/soguapa.com\\\/#organization\",\"name\":\"soGuapa\",\"url\":\"https:\\\/\\\/soguapa.com\\\/\",\"logo\":{\"@type\":\"ImageObject\",\"inLanguage\":\"es\",\"@id\":\"https:\\\/\\\/soguapa.com\\\/#\\\/schema\\\/logo\\\/image\\\/\",\"url\":\"https:\\\/\\\/soguapa.com\\\/wp-content\\\/uploads\\\/2022\\\/05\\\/logo-So-Guapa-by-Ingrid.jpg\",\"contentUrl\":\"https:\\\/\\\/soguapa.com\\\/wp-content\\\/uploads\\\/2022\\\/05\\\/logo-So-Guapa-by-Ingrid.jpg\",\"width\":200,\"height\":80,\"caption\":\"soGuapa\"},\"image\":{\"@id\":\"https:\\\/\\\/soguapa.com\\\/#\\\/schema\\\/logo\\\/image\\\/\"},\"sameAs\":[\"https:\\\/\\\/es-la.facebook.com\\\/SoguapabeautyExpert\\\/\",\"https:\\\/\\\/www.instagram.com\\\/soguapabyingrid\\\/\"]}]}<\/script>\n<!-- \/ Yoast SEO plugin. -->","yoast_head_json":{"title":"Facial treatments - soGuapa","description":"Tratamientos faciales de primera calidad en Malta en Soguapa.com. Desde el Facial Cl\u00e1sico hasta la Reducci\u00f3n de Acn\u00e9, Masaje Linf\u00e1tico y m\u00e1s. Explora Rellenos D\u00e9rmicos, Faciales Antioxidantes, Terapia de Luz LED y Fr\u00eda, Microneedling y servicios de limpieza facial profunda.","robots":{"index":"index","follow":"follow","max-snippet":"max-snippet:-1","max-image-preview":"max-image-preview:large","max-video-preview":"max-video-preview:-1"},"canonical":"https:\/\/soguapa.com\/es\/tratamientos-faciales\/","og_locale":"es_ES","og_type":"article","og_title":"Facial treatments - soGuapa","og_description":"Tratamientos faciales de primera calidad en Malta en Soguapa.com. Desde el Facial Cl\u00e1sico hasta la Reducci\u00f3n de Acn\u00e9, Masaje Linf\u00e1tico y m\u00e1s. Explora Rellenos D\u00e9rmicos, Faciales Antioxidantes, Terapia de Luz LED y Fr\u00eda, Microneedling y servicios de limpieza facial profunda.","og_url":"https:\/\/soguapa.com\/es\/tratamientos-faciales\/","og_site_name":"soGuapa Beauty Expert","article_publisher":"https:\/\/es-la.facebook.com\/SoguapabeautyExpert\/","article_modified_time":"2023-10-28T07:07:13+00:00","og_image":[{"width":1366,"height":768,"url":"https:\/\/soguapa.com\/wp-content\/uploads\/2022\/05\/Microneedle-Casmara-in-Malta-So-Guapa.jpg","type":"image\/jpeg"}],"twitter_card":"summary_large_image","twitter_misc":{"Tiempo de lectura":"2 minutos"},"schema":{"@context":"https:\/\/schema.org","@graph":[{"@type":"WebPage","@id":"https:\/\/soguapa.com\/es\/tratamientos-faciales\/","url":"https:\/\/soguapa.com\/es\/tratamientos-faciales\/","name":"Facial treatments - soGuapa","isPartOf":{"@id":"https:\/\/soguapa.com\/#website"},"primaryImageOfPage":{"@id":"https:\/\/soguapa.com\/es\/tratamientos-faciales\/#primaryimage"},"image":{"@id":"https:\/\/soguapa.com\/es\/tratamientos-faciales\/#primaryimage"},"thumbnailUrl":"https:\/\/soguapa.com\/wp-content\/uploads\/2022\/05\/Microneedle-Casmara-in-Malta-So-Guapa.jpg","datePublished":"2022-05-20T14:25:14+00:00","dateModified":"2023-10-28T07:07:13+00:00","description":"Tratamientos faciales de primera calidad en Malta en Soguapa.com. Desde el Facial Cl\u00e1sico hasta la Reducci\u00f3n de Acn\u00e9, Masaje Linf\u00e1tico y m\u00e1s. Explora Rellenos D\u00e9rmicos, Faciales Antioxidantes, Terapia de Luz LED y Fr\u00eda, Microneedling y servicios de limpieza facial profunda.","breadcrumb":{"@id":"https:\/\/soguapa.com\/es\/tratamientos-faciales\/#breadcrumb"},"inLanguage":"es","potentialAction":[{"@type":"ReadAction","target":["https:\/\/soguapa.com\/es\/tratamientos-faciales\/"]}]},{"@type":"ImageObject","inLanguage":"es","@id":"https:\/\/soguapa.com\/es\/tratamientos-faciales\/#primaryimage","url":"https:\/\/soguapa.com\/wp-content\/uploads\/2022\/05\/Microneedle-Casmara-in-Malta-So-Guapa.jpg","contentUrl":"https:\/\/soguapa.com\/wp-content\/uploads\/2022\/05\/Microneedle-Casmara-in-Malta-So-Guapa.jpg","width":1366,"height":768},{"@type":"BreadcrumbList","@id":"https:\/\/soguapa.com\/es\/tratamientos-faciales\/#breadcrumb","itemListElement":[{"@type":"ListItem","position":1,"name":"Home","item":"https:\/\/soguapa.com\/"},{"@type":"ListItem","position":2,"name":"Tratamientos Faciales"}]},{"@type":"WebSite","@id":"https:\/\/soguapa.com\/#website","url":"https:\/\/soguapa.com\/","name":"soGuapa Beauty Expert","description":"Beauty Treatments Malta","publisher":{"@id":"https:\/\/soguapa.com\/#organization"},"potentialAction":[{"@type":"SearchAction","target":{"@type":"EntryPoint","urlTemplate":"https:\/\/soguapa.com\/?s={search_term_string}"},"query-input":{"@type":"PropertyValueSpecification","valueRequired":true,"valueName":"search_term_string"}}],"inLanguage":"es"},{"@type":"Organization","@id":"https:\/\/soguapa.com\/#organization","name":"soGuapa","url":"https:\/\/soguapa.com\/","logo":{"@type":"ImageObject","inLanguage":"es","@id":"https:\/\/soguapa.com\/#\/schema\/logo\/image\/","url":"https:\/\/soguapa.com\/wp-content\/uploads\/2022\/05\/logo-So-Guapa-by-Ingrid.jpg","contentUrl":"https:\/\/soguapa.com\/wp-content\/uploads\/2022\/05\/logo-So-Guapa-by-Ingrid.jpg","width":200,"height":80,"caption":"soGuapa"},"image":{"@id":"https:\/\/soguapa.com\/#\/schema\/logo\/image\/"},"sameAs":["https:\/\/es-la.facebook.com\/SoguapabeautyExpert\/","https:\/\/www.instagram.com\/soguapabyingrid\/"]}]}},"_links":{"self":[{"href":"https:\/\/soguapa.com\/es\/wp-json\/wp\/v2\/pages\/926","targetHints":{"allow":["GET"]}}],"collection":[{"href":"https:\/\/soguapa.com\/es\/wp-json\/wp\/v2\/pages"}],"about":[{"href":"https:\/\/soguapa.com\/es\/wp-json\/wp\/v2\/types\/page"}],"author":[{"embeddable":true,"href":"https:\/\/soguapa.com\/es\/wp-json\/wp\/v2\/users\/1"}],"replies":[{"embeddable":true,"href":"https:\/\/soguapa.com\/es\/wp-json\/wp\/v2\/comments?post=926"}],"version-history":[{"count":0,"href":"https:\/\/soguapa.com\/es\/wp-json\/wp\/v2\/pages\/926\/revisions"}],"wp:featuredmedia":[{"embeddable":true,"href":"https:\/\/soguapa.com\/es\/wp-json\/wp\/v2\/media\/677"}],"wp:attachment":[{"href":"https:\/\/soguapa.com\/es\/wp-json\/wp\/v2\/media?parent=926"}],"wp:term":[{"taxonomy":"wf_page_folders","embeddable":true,"href":"https:\/\/soguapa.com\/es\/wp-json\/wp\/v2\/wf_page_folders?post=926"}],"curies":[{"name":"wp","href":"https:\/\/api.w.org\/{rel}","templated":true}]}}