{"id":925,"date":"2022-05-20T14:18:54","date_gmt":"2022-05-20T14:18:54","guid":{"rendered":"http:\/\/nancyyanethc3.sg-host.com\/beauty-treatments\/eye-treatment\/"},"modified":"2022-06-08T20:16:38","modified_gmt":"2022-06-08T20:16:38","slug":"tratamiento-rejuvenecedor-de-ojos","status":"publish","type":"page","link":"https:\/\/soguapa.com\/es\/tratamientos-faciales\/tratamiento-rejuvenecedor-de-ojos\/","title":{"rendered":"Tratamiento rejuvenecedor de ojos"},"content":{"rendered":"\n<p>La zona ocular es una de las zonas que primero delata nuestra edad, estado de \u00e1nimo y salud; es una zona muy delicada y especialmente sensible al paso del tiempo, al estr\u00e9s cr\u00f3nico y a la falta de sue\u00f1o. Adem\u00e1s, la mirada es una de las zonas m\u00e1s expresivas del rostro y sufre a diario microcontracciones involuntarias que aceleran la aparici\u00f3n de arrugas.<\/p>\n\n\n\n<p>P\u00e1rpados ca\u00eddos, bolsas, ojeras, arrugas del entrecejo y periorbitales (patas de gallo) son los principales signos que envejecen la mirada. Todos ellos son provocados por la falta de firmeza de los tejidos, falta de hidrataci\u00f3n, as\u00ed como el afinamiento y envejecimiento general de la piel.<\/p>\n\n\n\n<p><\/p>\n\n\n\n<div class=\"wp-block-media-text is-stacked-on-mobile\" style=\"grid-template-columns:30% auto\"><figure class=\"wp-block-media-text__media\"><video controls src=\"https:\/\/soguapa.com\/wp-content\/uploads\/2022\/05\/eye-perfection-treatment-So-Guapa-casmara.mp4\"><\/video><\/figure><div class=\"wp-block-media-text__content\">\n<h3 class=\"has-large-font-size wp-block-heading\">Eye Perfection CASMARA<\/h3>\n\n\n\n<p>Eye Perfection no es solo un tratamiento de belleza que cuida y trata el contorno ocular, sino que proporciona una experiencia hol\u00edstica sublime cuerpo- mente a trav\u00e9s de sus diferentes texturas, cambios de temperatura y masajes profesionales espec\u00edficos.<\/p>\n\n\n\n<p>\u00a1Relax y resultados, no se puede pedir m\u00e1s!<\/p>\n<\/div><\/div>\n\n\n\n<div class=\"wp-block-media-text is-stacked-on-mobile\" style=\"grid-template-columns:30% auto\"><figure class=\"wp-block-media-text__media\"><video controls src=\"https:\/\/soguapa.com\/wp-content\/uploads\/2022\/05\/Facial-lymphatic-drainage-soGuapa.com_.mp4\"><\/video><\/figure><div class=\"wp-block-media-text__content\">\n<h3 class=\"has-large-font-size wp-block-heading\">Gafas de masaje Eye Perfection<\/h3>\n\n\n\n<p>Adem\u00e1s, este tratamiento profesional rejuvenecedor global del contorno de ojos incorpora como complemento unas exclusivas gafas de presoterapia que prometen sensaciones y cuidados \u00fanicos.<\/p>\n\n\n\n<p>Las gafas de masaje Eye Perfection son el paso inicial al tratamiento Eye Perfection. Su objetivo es ayudar a reducir los signos de fatiga y estr\u00e9s en la mirada adem\u00e1s de aportar una sensaci\u00f3n de intenso relax. Podr\u00e1s disfrutar de unos minutos de relajaci\u00f3n intensa y una grata experiencia sensorial, gracias a su masaje de presi\u00f3n por aire, masaje t\u00e9rmico con calor, masaje por vibraci\u00f3n y m\u00fasica relajante.<\/p>\n<\/div><\/div>\n\n\n\n<p><\/p>\n\n\n\n<p><\/p>\n\n\n\n<h2 class=\"wp-block-heading\">\u00bfQu\u00e9 mejoras con el tratamiento rejuvenecedor de mirada?<\/h2>\n\n\n\n<ul class=\"wp-block-list\"><li>Las patas de gallo<\/li><li>Los p\u00e1rpados ca\u00eddos<\/li><li>Las bolsas de los ojos<\/li><li>Mejorar la forma de las cejas<\/li><li>Corregir las cejas ca\u00eddas<\/li><li>Eliminar las arrugas del entrecejo<\/li><li>Piel revitalizada<\/li><\/ul>\n\n\n\n<p><\/p>\n\n\n\n<p><\/p>\n\n\n\n<figure class=\"wp-block-image size-full\"><img fetchpriority=\"high\" decoding=\"async\" width=\"800\" height=\"406\" src=\"https:\/\/soguapa.com\/wp-content\/uploads\/2022\/05\/eye_perfection_treatment.jpg\" alt=\"\" class=\"wp-image-853\" srcset=\"https:\/\/soguapa.com\/wp-content\/uploads\/2022\/05\/eye_perfection_treatment.jpg 800w, https:\/\/soguapa.com\/wp-content\/uploads\/2022\/05\/eye_perfection_treatment-300x152.jpg 300w, https:\/\/soguapa.com\/wp-content\/uploads\/2022\/05\/eye_perfection_treatment-768x390.jpg 768w, https:\/\/soguapa.com\/wp-content\/uploads\/2022\/05\/eye_perfection_treatment-600x305.jpg 600w\" sizes=\"(max-width: 800px) 100vw, 800px\" \/><\/figure>\n","protected":false},"excerpt":{"rendered":"<p>La zona ocular es una de las zonas que primero delata nuestra edad, estado de \u00e1nimo y salud; es una zona muy delicada y especialmente sensible al paso del tiempo, al estr\u00e9s cr\u00f3nico y a la falta de sue\u00f1o. Adem\u00e1s, la mirada es una de las zonas m\u00e1s expresivas del rostro y sufre a diario [&hellip;]<\/p>\n","protected":false},"author":1,"featured_media":833,"parent":926,"menu_order":0,"comment_status":"closed","ping_status":"closed","template":"","meta":{"_monsterinsights_skip_tracking":false,"_monsterinsights_sitenote_active":false,"_monsterinsights_sitenote_note":"","_monsterinsights_sitenote_category":0,"footnotes":""},"wf_page_folders":[],"class_list":["post-925","page","type-page","status-publish","has-post-thumbnail","hentry"],"yoast_head":"<!-- This site is optimized with the Yoast SEO plugin v27.4 - https:\/\/yoast.com\/product\/yoast-seo-wordpress\/ -->\n<title>Tratamiento rejuvenecedor para el contorno de ojos - soGuapa<\/title>\n<meta name=\"robots\" content=\"index, follow, max-snippet:-1, max-image-preview:large, max-video-preview:-1\" \/>\n<link rel=\"canonical\" href=\"https:\/\/soguapa.com\/es\/tratamientos-faciales\/tratamiento-rejuvenecedor-de-ojos\/\" \/>\n<meta property=\"og:locale\" content=\"es_ES\" \/>\n<meta property=\"og:type\" content=\"article\" \/>\n<meta property=\"og:title\" content=\"Tratamiento rejuvenecedor para el contorno de ojos - soGuapa\" \/>\n<meta property=\"og:description\" content=\"La zona ocular es una de las zonas que primero delata nuestra edad, estado de \u00e1nimo y salud; es una zona muy delicada y especialmente sensible al paso del tiempo, al estr\u00e9s cr\u00f3nico y a la falta de sue\u00f1o. Adem\u00e1s, la mirada es una de las zonas m\u00e1s expresivas del rostro y sufre a diario [&hellip;]\" \/>\n<meta property=\"og:url\" content=\"https:\/\/soguapa.com\/es\/tratamientos-faciales\/tratamiento-rejuvenecedor-de-ojos\/\" \/>\n<meta property=\"og:site_name\" content=\"soGuapa Beauty Expert\" \/>\n<meta property=\"article:publisher\" content=\"https:\/\/es-la.facebook.com\/SoguapabeautyExpert\/\" \/>\n<meta property=\"article:modified_time\" content=\"2022-06-08T20:16:38+00:00\" \/>\n<meta property=\"og:image\" content=\"https:\/\/soguapa.com\/wp-content\/uploads\/2022\/05\/Eye-Perfection-Massage-Glasses.webp\" \/>\n\t<meta property=\"og:image:width\" content=\"500\" \/>\n\t<meta property=\"og:image:height\" content=\"282\" \/>\n\t<meta property=\"og:image:type\" content=\"image\/webp\" \/>\n<meta name=\"twitter:card\" content=\"summary_large_image\" \/>\n<meta name=\"twitter:label1\" content=\"Tiempo de lectura\" \/>\n\t<meta name=\"twitter:data1\" content=\"2 minutos\" \/>\n<script type=\"application\/ld+json\" class=\"yoast-schema-graph\">{\"@context\":\"https:\\\/\\\/schema.org\",\"@graph\":[{\"@type\":\"WebPage\",\"@id\":\"https:\\\/\\\/soguapa.com\\\/es\\\/tratamientos-faciales\\\/tratamiento-rejuvenecedor-de-ojos\\\/\",\"url\":\"https:\\\/\\\/soguapa.com\\\/es\\\/tratamientos-faciales\\\/tratamiento-rejuvenecedor-de-ojos\\\/\",\"name\":\"Tratamiento rejuvenecedor para el contorno de ojos - soGuapa\",\"isPartOf\":{\"@id\":\"https:\\\/\\\/soguapa.com\\\/#website\"},\"primaryImageOfPage\":{\"@id\":\"https:\\\/\\\/soguapa.com\\\/es\\\/tratamientos-faciales\\\/tratamiento-rejuvenecedor-de-ojos\\\/#primaryimage\"},\"image\":{\"@id\":\"https:\\\/\\\/soguapa.com\\\/es\\\/tratamientos-faciales\\\/tratamiento-rejuvenecedor-de-ojos\\\/#primaryimage\"},\"thumbnailUrl\":\"https:\\\/\\\/soguapa.com\\\/wp-content\\\/uploads\\\/2022\\\/05\\\/Eye-Perfection-Massage-Glasses.webp\",\"datePublished\":\"2022-05-20T14:18:54+00:00\",\"dateModified\":\"2022-06-08T20:16:38+00:00\",\"breadcrumb\":{\"@id\":\"https:\\\/\\\/soguapa.com\\\/es\\\/tratamientos-faciales\\\/tratamiento-rejuvenecedor-de-ojos\\\/#breadcrumb\"},\"inLanguage\":\"es\",\"potentialAction\":[{\"@type\":\"ReadAction\",\"target\":[\"https:\\\/\\\/soguapa.com\\\/es\\\/tratamientos-faciales\\\/tratamiento-rejuvenecedor-de-ojos\\\/\"]}]},{\"@type\":\"ImageObject\",\"inLanguage\":\"es\",\"@id\":\"https:\\\/\\\/soguapa.com\\\/es\\\/tratamientos-faciales\\\/tratamiento-rejuvenecedor-de-ojos\\\/#primaryimage\",\"url\":\"https:\\\/\\\/soguapa.com\\\/wp-content\\\/uploads\\\/2022\\\/05\\\/Eye-Perfection-Massage-Glasses.webp\",\"contentUrl\":\"https:\\\/\\\/soguapa.com\\\/wp-content\\\/uploads\\\/2022\\\/05\\\/Eye-Perfection-Massage-Glasses.webp\",\"width\":500,\"height\":282},{\"@type\":\"BreadcrumbList\",\"@id\":\"https:\\\/\\\/soguapa.com\\\/es\\\/tratamientos-faciales\\\/tratamiento-rejuvenecedor-de-ojos\\\/#breadcrumb\",\"itemListElement\":[{\"@type\":\"ListItem\",\"position\":1,\"name\":\"Home\",\"item\":\"https:\\\/\\\/soguapa.com\\\/\"},{\"@type\":\"ListItem\",\"position\":2,\"name\":\"Tratamientos Faciales\",\"item\":\"https:\\\/\\\/soguapa.com\\\/es\\\/tratamientos-faciales\\\/\"},{\"@type\":\"ListItem\",\"position\":3,\"name\":\"Tratamiento rejuvenecedor de ojos\"}]},{\"@type\":\"WebSite\",\"@id\":\"https:\\\/\\\/soguapa.com\\\/#website\",\"url\":\"https:\\\/\\\/soguapa.com\\\/\",\"name\":\"soGuapa Beauty Expert\",\"description\":\"Beauty Treatments Malta\",\"publisher\":{\"@id\":\"https:\\\/\\\/soguapa.com\\\/#organization\"},\"potentialAction\":[{\"@type\":\"SearchAction\",\"target\":{\"@type\":\"EntryPoint\",\"urlTemplate\":\"https:\\\/\\\/soguapa.com\\\/?s={search_term_string}\"},\"query-input\":{\"@type\":\"PropertyValueSpecification\",\"valueRequired\":true,\"valueName\":\"search_term_string\"}}],\"inLanguage\":\"es\"},{\"@type\":\"Organization\",\"@id\":\"https:\\\/\\\/soguapa.com\\\/#organization\",\"name\":\"soGuapa\",\"url\":\"https:\\\/\\\/soguapa.com\\\/\",\"logo\":{\"@type\":\"ImageObject\",\"inLanguage\":\"es\",\"@id\":\"https:\\\/\\\/soguapa.com\\\/#\\\/schema\\\/logo\\\/image\\\/\",\"url\":\"https:\\\/\\\/soguapa.com\\\/wp-content\\\/uploads\\\/2022\\\/05\\\/logo-So-Guapa-by-Ingrid.jpg\",\"contentUrl\":\"https:\\\/\\\/soguapa.com\\\/wp-content\\\/uploads\\\/2022\\\/05\\\/logo-So-Guapa-by-Ingrid.jpg\",\"width\":200,\"height\":80,\"caption\":\"soGuapa\"},\"image\":{\"@id\":\"https:\\\/\\\/soguapa.com\\\/#\\\/schema\\\/logo\\\/image\\\/\"},\"sameAs\":[\"https:\\\/\\\/es-la.facebook.com\\\/SoguapabeautyExpert\\\/\",\"https:\\\/\\\/www.instagram.com\\\/soguapabyingrid\\\/\"]}]}<\/script>\n<!-- \/ Yoast SEO plugin. -->","yoast_head_json":{"title":"Tratamiento rejuvenecedor para el contorno de ojos - soGuapa","robots":{"index":"index","follow":"follow","max-snippet":"max-snippet:-1","max-image-preview":"max-image-preview:large","max-video-preview":"max-video-preview:-1"},"canonical":"https:\/\/soguapa.com\/es\/tratamientos-faciales\/tratamiento-rejuvenecedor-de-ojos\/","og_locale":"es_ES","og_type":"article","og_title":"Tratamiento rejuvenecedor para el contorno de ojos - soGuapa","og_description":"La zona ocular es una de las zonas que primero delata nuestra edad, estado de \u00e1nimo y salud; es una zona muy delicada y especialmente sensible al paso del tiempo, al estr\u00e9s cr\u00f3nico y a la falta de sue\u00f1o. Adem\u00e1s, la mirada es una de las zonas m\u00e1s expresivas del rostro y sufre a diario [&hellip;]","og_url":"https:\/\/soguapa.com\/es\/tratamientos-faciales\/tratamiento-rejuvenecedor-de-ojos\/","og_site_name":"soGuapa Beauty Expert","article_publisher":"https:\/\/es-la.facebook.com\/SoguapabeautyExpert\/","article_modified_time":"2022-06-08T20:16:38+00:00","og_image":[{"width":500,"height":282,"url":"https:\/\/soguapa.com\/wp-content\/uploads\/2022\/05\/Eye-Perfection-Massage-Glasses.webp","type":"image\/webp"}],"twitter_card":"summary_large_image","twitter_misc":{"Tiempo de lectura":"2 minutos"},"schema":{"@context":"https:\/\/schema.org","@graph":[{"@type":"WebPage","@id":"https:\/\/soguapa.com\/es\/tratamientos-faciales\/tratamiento-rejuvenecedor-de-ojos\/","url":"https:\/\/soguapa.com\/es\/tratamientos-faciales\/tratamiento-rejuvenecedor-de-ojos\/","name":"Tratamiento rejuvenecedor para el contorno de ojos - soGuapa","isPartOf":{"@id":"https:\/\/soguapa.com\/#website"},"primaryImageOfPage":{"@id":"https:\/\/soguapa.com\/es\/tratamientos-faciales\/tratamiento-rejuvenecedor-de-ojos\/#primaryimage"},"image":{"@id":"https:\/\/soguapa.com\/es\/tratamientos-faciales\/tratamiento-rejuvenecedor-de-ojos\/#primaryimage"},"thumbnailUrl":"https:\/\/soguapa.com\/wp-content\/uploads\/2022\/05\/Eye-Perfection-Massage-Glasses.webp","datePublished":"2022-05-20T14:18:54+00:00","dateModified":"2022-06-08T20:16:38+00:00","breadcrumb":{"@id":"https:\/\/soguapa.com\/es\/tratamientos-faciales\/tratamiento-rejuvenecedor-de-ojos\/#breadcrumb"},"inLanguage":"es","potentialAction":[{"@type":"ReadAction","target":["https:\/\/soguapa.com\/es\/tratamientos-faciales\/tratamiento-rejuvenecedor-de-ojos\/"]}]},{"@type":"ImageObject","inLanguage":"es","@id":"https:\/\/soguapa.com\/es\/tratamientos-faciales\/tratamiento-rejuvenecedor-de-ojos\/#primaryimage","url":"https:\/\/soguapa.com\/wp-content\/uploads\/2022\/05\/Eye-Perfection-Massage-Glasses.webp","contentUrl":"https:\/\/soguapa.com\/wp-content\/uploads\/2022\/05\/Eye-Perfection-Massage-Glasses.webp","width":500,"height":282},{"@type":"BreadcrumbList","@id":"https:\/\/soguapa.com\/es\/tratamientos-faciales\/tratamiento-rejuvenecedor-de-ojos\/#breadcrumb","itemListElement":[{"@type":"ListItem","position":1,"name":"Home","item":"https:\/\/soguapa.com\/"},{"@type":"ListItem","position":2,"name":"Tratamientos Faciales","item":"https:\/\/soguapa.com\/es\/tratamientos-faciales\/"},{"@type":"ListItem","position":3,"name":"Tratamiento rejuvenecedor de ojos"}]},{"@type":"WebSite","@id":"https:\/\/soguapa.com\/#website","url":"https:\/\/soguapa.com\/","name":"soGuapa Beauty Expert","description":"Beauty Treatments Malta","publisher":{"@id":"https:\/\/soguapa.com\/#organization"},"potentialAction":[{"@type":"SearchAction","target":{"@type":"EntryPoint","urlTemplate":"https:\/\/soguapa.com\/?s={search_term_string}"},"query-input":{"@type":"PropertyValueSpecification","valueRequired":true,"valueName":"search_term_string"}}],"inLanguage":"es"},{"@type":"Organization","@id":"https:\/\/soguapa.com\/#organization","name":"soGuapa","url":"https:\/\/soguapa.com\/","logo":{"@type":"ImageObject","inLanguage":"es","@id":"https:\/\/soguapa.com\/#\/schema\/logo\/image\/","url":"https:\/\/soguapa.com\/wp-content\/uploads\/2022\/05\/logo-So-Guapa-by-Ingrid.jpg","contentUrl":"https:\/\/soguapa.com\/wp-content\/uploads\/2022\/05\/logo-So-Guapa-by-Ingrid.jpg","width":200,"height":80,"caption":"soGuapa"},"image":{"@id":"https:\/\/soguapa.com\/#\/schema\/logo\/image\/"},"sameAs":["https:\/\/es-la.facebook.com\/SoguapabeautyExpert\/","https:\/\/www.instagram.com\/soguapabyingrid\/"]}]}},"_links":{"self":[{"href":"https:\/\/soguapa.com\/es\/wp-json\/wp\/v2\/pages\/925","targetHints":{"allow":["GET"]}}],"collection":[{"href":"https:\/\/soguapa.com\/es\/wp-json\/wp\/v2\/pages"}],"about":[{"href":"https:\/\/soguapa.com\/es\/wp-json\/wp\/v2\/types\/page"}],"author":[{"embeddable":true,"href":"https:\/\/soguapa.com\/es\/wp-json\/wp\/v2\/users\/1"}],"replies":[{"embeddable":true,"href":"https:\/\/soguapa.com\/es\/wp-json\/wp\/v2\/comments?post=925"}],"version-history":[{"count":0,"href":"https:\/\/soguapa.com\/es\/wp-json\/wp\/v2\/pages\/925\/revisions"}],"up":[{"embeddable":true,"href":"https:\/\/soguapa.com\/es\/wp-json\/wp\/v2\/pages\/926"}],"wp:featuredmedia":[{"embeddable":true,"href":"https:\/\/soguapa.com\/es\/wp-json\/wp\/v2\/media\/833"}],"wp:attachment":[{"href":"https:\/\/soguapa.com\/es\/wp-json\/wp\/v2\/media?parent=925"}],"wp:term":[{"taxonomy":"wf_page_folders","embeddable":true,"href":"https:\/\/soguapa.com\/es\/wp-json\/wp\/v2\/wf_page_folders?post=925"}],"curies":[{"name":"wp","href":"https:\/\/api.w.org\/{rel}","templated":true}]}}