{"id":916,"date":"2022-05-26T07:45:19","date_gmt":"2022-05-26T07:45:19","guid":{"rendered":"http:\/\/nancyyanethc3.sg-host.com\/beauty-treatments\/post-surgery-recovery\/"},"modified":"2022-06-09T18:36:13","modified_gmt":"2022-06-09T18:36:13","slug":"masajes-post-operatorio","status":"publish","type":"page","link":"https:\/\/soguapa.com\/es\/masajes-post-operatorio\/","title":{"rendered":"Masaje de recuperaci\u00f3n post operatoria"},"content":{"rendered":"\n<div class=\"wp-block-media-text is-stacked-on-mobile\" style=\"grid-template-columns:30% auto\"><figure class=\"wp-block-media-text__media\"><video controls src=\"https:\/\/soguapa.com\/wp-content\/uploads\/2022\/05\/post-surgery-therapy.mp4\"><\/video><\/figure><div class=\"wp-block-media-text__content\">\n<h2 class=\"wp-block-heading\">\u00bfQu\u00e9 es un mensaje posoperatorio?<\/h2>\n\n\n\n<p>Un masaje postoperatorio es una forma suave de masaje que aumenta el flujo sangu\u00edneo y promueve la recuperaci\u00f3n al estar especialmente enfocado al sistema linf\u00e1tico. El sistema linf\u00e1tico ayuda a procesar los desechos y absorbe los l\u00edquidos.<\/p>\n\n\n\n<h3 class=\"wp-block-heading\">\u00bfC\u00f3mo recuperarse de una cirug\u00eda de manera r\u00e1pida?<\/h3>\n\n\n\n<p>Despu\u00e9s de una cirug\u00eda, estos l\u00edquidos pueden endurecerse, lo que a menudo es doloroso. Un masaje postoperatorio previene y trata este endurecimiento de los l\u00edquidos al reducir la inflamaci\u00f3n y favorecer la circulaci\u00f3n en la zona afectada.<\/p>\n<\/div><\/div>\n\n\n\n<p><\/p>\n\n\n\n<h3 class=\"wp-block-heading\">\u00bfCu\u00e1ndo y cu\u00e1ntas sesiones de masajes despu\u00e9s de una abdominoplastia?<\/h3>\n\n\n\n<p>Los cirujanos recomiendan que&nbsp;se&nbsp;realice el&nbsp;masaje&nbsp;de drenaje linf\u00e1tico en los primeros 5 d\u00edas de la cirug\u00eda, aunque todav\u00eda puede ver buenos resultados si reserva su tratamiento en una etapa posterior de su recuperaci\u00f3n. Es beneficioso tener m\u00faltiples&nbsp;masajes&nbsp;para ayudar a estimular su sistema linf\u00e1tico.<\/p>\n\n\n\n<p><\/p>\n\n\n\n<h2 class=\"wp-block-heading\">Beneficios de los tratamientos de rehabilitaci\u00f3n postoperatoria<\/h2>\n\n\n\n<ul class=\"wp-block-list\"><li>Reparaci\u00f3n de tejidos blandos: los terapeutas pueden ayudar a promover la circulaci\u00f3n y el flujo sangu\u00edneo en el \u00e1rea que se trat\u00f3, permitiendo as\u00ed que los nutrientes lleguen f\u00e1cilmente a las zonas a recuperar.<\/li><\/ul>\n\n\n\n<ul class=\"wp-block-list\"><li>Menos tejido cicatricial: gracias a que los terapeutas relajan el m\u00fasculo, estos se vuelven m\u00e1s flexibles, lo que ayuda a disminuir las cicatrices, promoviendo la curaci\u00f3n y regeneraci\u00f3n de las zonas delicadas tras las intervenciones.<\/li><\/ul>\n\n\n\n<ul class=\"wp-block-list\"><li>Curaci\u00f3n acelerada: con una mejor circulaci\u00f3n y acceso a los nutrientes, adem\u00e1s de una reducci\u00f3n general del estr\u00e9s, su cuerpo se recuperar\u00e1 m\u00e1s r\u00e1pido.<\/li><\/ul>\n\n\n\n<p><\/p>\n\n\n\n<h2 class=\"wp-block-heading\">Fajas Post quir\u00fargicas y sus ventajas<\/h2>\n\n\n\n<p>Para que el objetivo de la liposucci\u00f3n se cumpla es totalmente imprescindible que la paciente utilice una faja de contenci\u00f3n, para ayudar a que la recuperaci\u00f3n sea m\u00e1s f\u00e1cil y se agilice el proceso de moldeado de la figura corporal. La faja consiste en una prenda que combina tela y tejido el\u00e1stico, para ejercer presi\u00f3n constante en ciertas zonas del cuerpo.<\/p>\n\n\n\n<p>La faja contribuye a generar presi\u00f3n sobre la piel, reduciendo los hematomas y la inflamaci\u00f3n de la misma, evitando la formaci\u00f3n de fluidos estancados y mejorando la circulaci\u00f3n sangu\u00ednea. Igualmente, ayuda a la cicatrizaci\u00f3n de las peque\u00f1as incisiones por donde se realiza la extracci\u00f3n de la grasa y evita la flacidez de la piel.<\/p>\n\n\n\n<p><\/p>\n\n\n\n<figure class=\"wp-block-image aligncenter size-full is-resized\"><img fetchpriority=\"high\" decoding=\"async\" src=\"https:\/\/soguapa.com\/wp-content\/uploads\/2022\/06\/image-2.png\" alt=\"Fajas post quirurgicas\" class=\"wp-image-1588\" width=\"400\" height=\"400\" srcset=\"https:\/\/soguapa.com\/wp-content\/uploads\/2022\/06\/image-2.png 800w, https:\/\/soguapa.com\/wp-content\/uploads\/2022\/06\/image-2-300x300.png 300w, https:\/\/soguapa.com\/wp-content\/uploads\/2022\/06\/image-2-150x150.png 150w, https:\/\/soguapa.com\/wp-content\/uploads\/2022\/06\/image-2-768x768.png 768w, https:\/\/soguapa.com\/wp-content\/uploads\/2022\/06\/image-2-600x600.png 600w, https:\/\/soguapa.com\/wp-content\/uploads\/2022\/06\/image-2-100x100.png 100w\" sizes=\"(max-width: 400px) 100vw, 400px\" \/><\/figure>\n\n\n\n<p><\/p>\n\n\n\n<h3 class=\"wp-block-heading\">La faja agiliza el proceso de recuperaci\u00f3n<\/h3>\n\n\n\n<p>Se recomienda su uso de la faja durante un per\u00edodo de entre uno y tres meses tras la operaci\u00f3n. De hecho, si se deja de usar la faja durante los primeros 15 d\u00edas del postoperatorio, pueden originarse inflamaciones que afecten la zona intervenida y causen alteraciones en la silueta deseada.<\/p>\n\n\n\n<p>En este per\u00edodo de tiempo la faja postoperatoria deber\u00e1 estar colocada las 24 horas del d\u00eda, y solamente debe quitarse para ducharse. Adem\u00e1s de la presi\u00f3n que ejerce sobre el \u00e1rea donde se realiz\u00f3 la liposucci\u00f3n, las fajas tambi\u00e9n proveen un soporte general para todo el cuerpo, otorgan comodidad y ayudan a obtener un mejor efecto est\u00e9tico.<\/p>\n","protected":false},"excerpt":{"rendered":"<p>\u00bfQu\u00e9 es un mensaje posoperatorio? Un masaje postoperatorio es una forma suave de masaje que aumenta el flujo sangu\u00edneo y promueve la recuperaci\u00f3n al estar especialmente enfocado al sistema linf\u00e1tico. El sistema linf\u00e1tico ayuda a procesar los desechos y absorbe los l\u00edquidos. \u00bfC\u00f3mo recuperarse de una cirug\u00eda de manera r\u00e1pida? Despu\u00e9s de una cirug\u00eda, estos [&hellip;]<\/p>\n","protected":false},"author":1,"featured_media":1009,"parent":0,"menu_order":0,"comment_status":"closed","ping_status":"closed","template":"","meta":{"_monsterinsights_skip_tracking":false,"_monsterinsights_sitenote_active":false,"_monsterinsights_sitenote_note":"","_monsterinsights_sitenote_category":0,"footnotes":""},"wf_page_folders":[],"class_list":["post-916","page","type-page","status-publish","has-post-thumbnail","hentry"],"yoast_head":"<!-- This site is optimized with the Yoast SEO plugin v27.4 - https:\/\/yoast.com\/product\/yoast-seo-wordpress\/ -->\n<title>Masaje de recuperaci\u00f3n post operatoria - soGuapa<\/title>\n<meta name=\"description\" content=\"Masaje de recuperaci\u00f3n posoperatoria para una curaci\u00f3n acelerada\" \/>\n<meta name=\"robots\" content=\"index, follow, max-snippet:-1, max-image-preview:large, max-video-preview:-1\" \/>\n<link rel=\"canonical\" href=\"https:\/\/soguapa.com\/es\/masajes-post-operatorio\/\" \/>\n<meta property=\"og:locale\" content=\"es_ES\" \/>\n<meta property=\"og:type\" content=\"article\" \/>\n<meta property=\"og:title\" content=\"Masaje de recuperaci\u00f3n post operatoria - soGuapa\" \/>\n<meta property=\"og:description\" content=\"Masaje de recuperaci\u00f3n posoperatoria para una curaci\u00f3n acelerada\" \/>\n<meta property=\"og:url\" content=\"https:\/\/soguapa.com\/es\/masajes-post-operatorio\/\" \/>\n<meta property=\"og:site_name\" content=\"soGuapa Beauty Expert\" \/>\n<meta property=\"article:publisher\" content=\"https:\/\/es-la.facebook.com\/SoguapabeautyExpert\/\" \/>\n<meta property=\"article:modified_time\" content=\"2022-06-09T18:36:13+00:00\" \/>\n<meta property=\"og:image\" content=\"https:\/\/soguapa.com\/wp-content\/uploads\/2022\/05\/masaje-post-operatorio.jpg\" \/>\n\t<meta property=\"og:image:width\" content=\"1366\" \/>\n\t<meta property=\"og:image:height\" content=\"500\" \/>\n\t<meta property=\"og:image:type\" content=\"image\/jpeg\" \/>\n<meta name=\"twitter:card\" content=\"summary_large_image\" \/>\n<meta name=\"twitter:label1\" content=\"Tiempo de lectura\" \/>\n\t<meta name=\"twitter:data1\" content=\"3 minutos\" \/>\n<script type=\"application\/ld+json\" class=\"yoast-schema-graph\">{\"@context\":\"https:\\\/\\\/schema.org\",\"@graph\":[{\"@type\":\"WebPage\",\"@id\":\"https:\\\/\\\/soguapa.com\\\/es\\\/masajes-post-operatorio\\\/\",\"url\":\"https:\\\/\\\/soguapa.com\\\/es\\\/masajes-post-operatorio\\\/\",\"name\":\"Masaje de recuperaci\u00f3n post operatoria - soGuapa\",\"isPartOf\":{\"@id\":\"https:\\\/\\\/soguapa.com\\\/#website\"},\"primaryImageOfPage\":{\"@id\":\"https:\\\/\\\/soguapa.com\\\/es\\\/masajes-post-operatorio\\\/#primaryimage\"},\"image\":{\"@id\":\"https:\\\/\\\/soguapa.com\\\/es\\\/masajes-post-operatorio\\\/#primaryimage\"},\"thumbnailUrl\":\"https:\\\/\\\/soguapa.com\\\/wp-content\\\/uploads\\\/2022\\\/05\\\/masaje-post-operatorio.jpg\",\"datePublished\":\"2022-05-26T07:45:19+00:00\",\"dateModified\":\"2022-06-09T18:36:13+00:00\",\"description\":\"Masaje de recuperaci\u00f3n posoperatoria para una curaci\u00f3n acelerada\",\"breadcrumb\":{\"@id\":\"https:\\\/\\\/soguapa.com\\\/es\\\/masajes-post-operatorio\\\/#breadcrumb\"},\"inLanguage\":\"es\",\"potentialAction\":[{\"@type\":\"ReadAction\",\"target\":[\"https:\\\/\\\/soguapa.com\\\/es\\\/masajes-post-operatorio\\\/\"]}]},{\"@type\":\"ImageObject\",\"inLanguage\":\"es\",\"@id\":\"https:\\\/\\\/soguapa.com\\\/es\\\/masajes-post-operatorio\\\/#primaryimage\",\"url\":\"https:\\\/\\\/soguapa.com\\\/wp-content\\\/uploads\\\/2022\\\/05\\\/masaje-post-operatorio.jpg\",\"contentUrl\":\"https:\\\/\\\/soguapa.com\\\/wp-content\\\/uploads\\\/2022\\\/05\\\/masaje-post-operatorio.jpg\",\"width\":1366,\"height\":500,\"caption\":\"MASAJE DE RECUPERACI\u00d3N POST OPERATORIA\"},{\"@type\":\"BreadcrumbList\",\"@id\":\"https:\\\/\\\/soguapa.com\\\/es\\\/masajes-post-operatorio\\\/#breadcrumb\",\"itemListElement\":[{\"@type\":\"ListItem\",\"position\":1,\"name\":\"Home\",\"item\":\"https:\\\/\\\/soguapa.com\\\/\"},{\"@type\":\"ListItem\",\"position\":2,\"name\":\"Masaje de recuperaci\u00f3n post operatoria\"}]},{\"@type\":\"WebSite\",\"@id\":\"https:\\\/\\\/soguapa.com\\\/#website\",\"url\":\"https:\\\/\\\/soguapa.com\\\/\",\"name\":\"soGuapa Beauty Expert\",\"description\":\"Beauty Treatments Malta\",\"publisher\":{\"@id\":\"https:\\\/\\\/soguapa.com\\\/#organization\"},\"potentialAction\":[{\"@type\":\"SearchAction\",\"target\":{\"@type\":\"EntryPoint\",\"urlTemplate\":\"https:\\\/\\\/soguapa.com\\\/?s={search_term_string}\"},\"query-input\":{\"@type\":\"PropertyValueSpecification\",\"valueRequired\":true,\"valueName\":\"search_term_string\"}}],\"inLanguage\":\"es\"},{\"@type\":\"Organization\",\"@id\":\"https:\\\/\\\/soguapa.com\\\/#organization\",\"name\":\"soGuapa\",\"url\":\"https:\\\/\\\/soguapa.com\\\/\",\"logo\":{\"@type\":\"ImageObject\",\"inLanguage\":\"es\",\"@id\":\"https:\\\/\\\/soguapa.com\\\/#\\\/schema\\\/logo\\\/image\\\/\",\"url\":\"https:\\\/\\\/soguapa.com\\\/wp-content\\\/uploads\\\/2022\\\/05\\\/logo-So-Guapa-by-Ingrid.jpg\",\"contentUrl\":\"https:\\\/\\\/soguapa.com\\\/wp-content\\\/uploads\\\/2022\\\/05\\\/logo-So-Guapa-by-Ingrid.jpg\",\"width\":200,\"height\":80,\"caption\":\"soGuapa\"},\"image\":{\"@id\":\"https:\\\/\\\/soguapa.com\\\/#\\\/schema\\\/logo\\\/image\\\/\"},\"sameAs\":[\"https:\\\/\\\/es-la.facebook.com\\\/SoguapabeautyExpert\\\/\",\"https:\\\/\\\/www.instagram.com\\\/soguapabyingrid\\\/\"]}]}<\/script>\n<!-- \/ Yoast SEO plugin. -->","yoast_head_json":{"title":"Masaje de recuperaci\u00f3n post operatoria - soGuapa","description":"Masaje de recuperaci\u00f3n posoperatoria para una curaci\u00f3n acelerada","robots":{"index":"index","follow":"follow","max-snippet":"max-snippet:-1","max-image-preview":"max-image-preview:large","max-video-preview":"max-video-preview:-1"},"canonical":"https:\/\/soguapa.com\/es\/masajes-post-operatorio\/","og_locale":"es_ES","og_type":"article","og_title":"Masaje de recuperaci\u00f3n post operatoria - soGuapa","og_description":"Masaje de recuperaci\u00f3n posoperatoria para una curaci\u00f3n acelerada","og_url":"https:\/\/soguapa.com\/es\/masajes-post-operatorio\/","og_site_name":"soGuapa Beauty Expert","article_publisher":"https:\/\/es-la.facebook.com\/SoguapabeautyExpert\/","article_modified_time":"2022-06-09T18:36:13+00:00","og_image":[{"width":1366,"height":500,"url":"https:\/\/soguapa.com\/wp-content\/uploads\/2022\/05\/masaje-post-operatorio.jpg","type":"image\/jpeg"}],"twitter_card":"summary_large_image","twitter_misc":{"Tiempo de lectura":"3 minutos"},"schema":{"@context":"https:\/\/schema.org","@graph":[{"@type":"WebPage","@id":"https:\/\/soguapa.com\/es\/masajes-post-operatorio\/","url":"https:\/\/soguapa.com\/es\/masajes-post-operatorio\/","name":"Masaje de recuperaci\u00f3n post operatoria - soGuapa","isPartOf":{"@id":"https:\/\/soguapa.com\/#website"},"primaryImageOfPage":{"@id":"https:\/\/soguapa.com\/es\/masajes-post-operatorio\/#primaryimage"},"image":{"@id":"https:\/\/soguapa.com\/es\/masajes-post-operatorio\/#primaryimage"},"thumbnailUrl":"https:\/\/soguapa.com\/wp-content\/uploads\/2022\/05\/masaje-post-operatorio.jpg","datePublished":"2022-05-26T07:45:19+00:00","dateModified":"2022-06-09T18:36:13+00:00","description":"Masaje de recuperaci\u00f3n posoperatoria para una curaci\u00f3n acelerada","breadcrumb":{"@id":"https:\/\/soguapa.com\/es\/masajes-post-operatorio\/#breadcrumb"},"inLanguage":"es","potentialAction":[{"@type":"ReadAction","target":["https:\/\/soguapa.com\/es\/masajes-post-operatorio\/"]}]},{"@type":"ImageObject","inLanguage":"es","@id":"https:\/\/soguapa.com\/es\/masajes-post-operatorio\/#primaryimage","url":"https:\/\/soguapa.com\/wp-content\/uploads\/2022\/05\/masaje-post-operatorio.jpg","contentUrl":"https:\/\/soguapa.com\/wp-content\/uploads\/2022\/05\/masaje-post-operatorio.jpg","width":1366,"height":500,"caption":"MASAJE DE RECUPERACI\u00d3N POST OPERATORIA"},{"@type":"BreadcrumbList","@id":"https:\/\/soguapa.com\/es\/masajes-post-operatorio\/#breadcrumb","itemListElement":[{"@type":"ListItem","position":1,"name":"Home","item":"https:\/\/soguapa.com\/"},{"@type":"ListItem","position":2,"name":"Masaje de recuperaci\u00f3n post operatoria"}]},{"@type":"WebSite","@id":"https:\/\/soguapa.com\/#website","url":"https:\/\/soguapa.com\/","name":"soGuapa Beauty Expert","description":"Beauty Treatments Malta","publisher":{"@id":"https:\/\/soguapa.com\/#organization"},"potentialAction":[{"@type":"SearchAction","target":{"@type":"EntryPoint","urlTemplate":"https:\/\/soguapa.com\/?s={search_term_string}"},"query-input":{"@type":"PropertyValueSpecification","valueRequired":true,"valueName":"search_term_string"}}],"inLanguage":"es"},{"@type":"Organization","@id":"https:\/\/soguapa.com\/#organization","name":"soGuapa","url":"https:\/\/soguapa.com\/","logo":{"@type":"ImageObject","inLanguage":"es","@id":"https:\/\/soguapa.com\/#\/schema\/logo\/image\/","url":"https:\/\/soguapa.com\/wp-content\/uploads\/2022\/05\/logo-So-Guapa-by-Ingrid.jpg","contentUrl":"https:\/\/soguapa.com\/wp-content\/uploads\/2022\/05\/logo-So-Guapa-by-Ingrid.jpg","width":200,"height":80,"caption":"soGuapa"},"image":{"@id":"https:\/\/soguapa.com\/#\/schema\/logo\/image\/"},"sameAs":["https:\/\/es-la.facebook.com\/SoguapabeautyExpert\/","https:\/\/www.instagram.com\/soguapabyingrid\/"]}]}},"_links":{"self":[{"href":"https:\/\/soguapa.com\/es\/wp-json\/wp\/v2\/pages\/916","targetHints":{"allow":["GET"]}}],"collection":[{"href":"https:\/\/soguapa.com\/es\/wp-json\/wp\/v2\/pages"}],"about":[{"href":"https:\/\/soguapa.com\/es\/wp-json\/wp\/v2\/types\/page"}],"author":[{"embeddable":true,"href":"https:\/\/soguapa.com\/es\/wp-json\/wp\/v2\/users\/1"}],"replies":[{"embeddable":true,"href":"https:\/\/soguapa.com\/es\/wp-json\/wp\/v2\/comments?post=916"}],"version-history":[{"count":0,"href":"https:\/\/soguapa.com\/es\/wp-json\/wp\/v2\/pages\/916\/revisions"}],"wp:featuredmedia":[{"embeddable":true,"href":"https:\/\/soguapa.com\/es\/wp-json\/wp\/v2\/media\/1009"}],"wp:attachment":[{"href":"https:\/\/soguapa.com\/es\/wp-json\/wp\/v2\/media?parent=916"}],"wp:term":[{"taxonomy":"wf_page_folders","embeddable":true,"href":"https:\/\/soguapa.com\/es\/wp-json\/wp\/v2\/wf_page_folders?post=916"}],"curies":[{"name":"wp","href":"https:\/\/api.w.org\/{rel}","templated":true}]}}