{"id":909,"date":"2022-05-20T14:24:09","date_gmt":"2022-05-20T14:24:09","guid":{"rendered":"http:\/\/nancyyanethc3.sg-host.com\/beauty-treatments\/dermal-fillers-by-mesoestetic\/"},"modified":"2022-06-30T21:32:22","modified_gmt":"2022-06-30T21:32:22","slug":"rellenos-dermicos-de-mesoestetic","status":"publish","type":"page","link":"https:\/\/soguapa.com\/es\/tratamientos-faciales\/rellenos-dermicos-de-mesoestetic\/","title":{"rendered":"Rellenos d\u00e9rmicos de Mesoestetic"},"content":{"rendered":"\n<p>El paso del tiempo se traduce en la aparici\u00f3n de l\u00edneas de expresi\u00f3n que se transforman poco a poco en arrugas m\u00e1s profundas alrededor de los ojos, de la boca y el entrecejo. La piel pierde elasticidad, su textura cambia y aparen anomal\u00edas superficiales como peque\u00f1os vasos sangu\u00edneos en la piel o algunas manchas oscuras.<\/p>\n\n\n\n<p>La edad pone tambi\u00e9n de manifiesto otros problemas que afectan a la armon\u00eda est\u00e9tica de la cara, como la p\u00e9rdida de volumen en labios y p\u00f3mulos.<\/p>\n\n\n\n<p><\/p>\n\n\n\n<figure class=\"wp-block-image aligncenter size-full is-resized\"><img decoding=\"async\" data-src=\"https:\/\/soguapa.com\/wp-content\/uploads\/2022\/06\/image-1-edited.png\" alt=\"\" class=\"wp-image-1494 lazyload\" height=\"320\" data-srcset=\"https:\/\/soguapa.com\/wp-content\/uploads\/2022\/06\/image-1-edited.png 650w, https:\/\/soguapa.com\/wp-content\/uploads\/2022\/06\/image-1-edited-300x169.png 300w, https:\/\/soguapa.com\/wp-content\/uploads\/2022\/06\/image-1-edited-600x338.png 600w\" data-sizes=\"(max-width: 650px) 100vw, 650px\" src=\"data:image\/svg+xml;base64,PHN2ZyB3aWR0aD0iMSIgaGVpZ2h0PSIxIiB4bWxucz0iaHR0cDovL3d3dy53My5vcmcvMjAwMC9zdmciPjwvc3ZnPg==\" style=\"--smush-placeholder-width: 650px; --smush-placeholder-aspect-ratio: 650\/366;\" \/><\/figure>\n\n\n\n<h2 class=\"wp-block-heading\">El relleno inyectable o derma filler<\/h2>\n\n\n\n<p>Es un relleno de tejidos blandos que se inyecta en la piel para rellenar las arrugas faciales y dar una apariencia m\u00e1s suave. La mayor\u00eda de estos rellenos de arrugas son temporales, ya que finalmente son absorbidos por el cuerpo.<\/p>\n\n\n\n<h2 class=\"wp-block-heading\">\u00bfPor qu\u00e9 inyectarse el relleno d\u00e9rmico?<\/h2>\n\n\n\n<p>Reduce cualquier tipo\u00a0de\u00a0arrugas profundas, remodela el contorno\u00a0de\u00a0la cara y los labios e hidrata la piel en profundidad.<\/p>\n\n\n\n<div style=\"height:20px\" aria-hidden=\"true\" class=\"wp-block-spacer\"><\/div>\n\n\n\n<h2 class=\"wp-block-heading\">Relleno d\u00e9rmico para tus labios<\/h2>\n\n\n\n<figure class=\"wp-block-image aligncenter size-full\"><img fetchpriority=\"high\" decoding=\"async\" width=\"500\" height=\"281\" src=\"https:\/\/soguapa.com\/wp-content\/uploads\/2022\/06\/derma-filler-in-malta-edited.jpg\" alt=\"derma-filler-lips\" class=\"wp-image-2058\" srcset=\"https:\/\/soguapa.com\/wp-content\/uploads\/2022\/06\/derma-filler-in-malta-edited.jpg 500w, https:\/\/soguapa.com\/wp-content\/uploads\/2022\/06\/derma-filler-in-malta-edited-300x169.jpg 300w\" sizes=\"(max-width: 500px) 100vw, 500px\" \/><figcaption>Relleno d\u00e9rmico para labios<\/figcaption><\/figure>\n\n\n\n<p>El realce de labios o el aumento de labios es un procedimiento cosm\u00e9tico que puede brindarle labios m\u00e1s llenos y carnosos usando un relleno d\u00e9rmico inyectable.<\/p>\n\n\n\n<h3 class=\"wp-block-heading\">\u00bfEl relleno d\u00e9rmico es bueno para los labios?<\/h3>\n\n\n\n<p>Los rellenos d\u00e9rmicos que contienen \u00e1cido hialur\u00f3nico utilizado para tratar los signos del envejecimiento de la piel son los m\u00e1s utilizados. El \u00e1cido hialur\u00f3nico tiene un efecto de \u00abrelleno\u00bb que es \u00fatil tanto para las arrugas como para los labios.<\/p>\n\n\n\n<h3 class=\"wp-block-heading\">\u00bfPor qu\u00e9 deber\u00eda obtener rellenos de labios?<\/h3>\n\n\n\n<p>Los rellenos labiales restauran o agregan volumen a tus labios. No detienen el proceso de envejecimiento, pero pueden ayudar a retrasar la necesidad de un aumento de labios quir\u00fargico m\u00e1s invasivo, como implantes de labios o un estiramiento de labios. Tambi\u00e9n pueden ayudarlo a lograr el aspecto deseado, lo que aumenta su autoestima.<\/p>\n\n\n\n<div style=\"height:20px\" aria-hidden=\"true\" class=\"wp-block-spacer\"><\/div>\n\n\n\n<h2 class=\"wp-block-heading\">\u00bfSufres por las ojeras?<\/h2>\n\n\n\n<figure class=\"wp-block-image aligncenter size-full\"><img decoding=\"async\" width=\"650\" height=\"379\" data-src=\"https:\/\/soguapa.com\/wp-content\/uploads\/2022\/06\/eliminar-las-ojeras-con-acido-hialuronico.jpg\" alt=\"eliminar-las-ojeras-con-acido-hialuronico\" class=\"wp-image-2054 lazyload\" data-srcset=\"https:\/\/soguapa.com\/wp-content\/uploads\/2022\/06\/eliminar-las-ojeras-con-acido-hialuronico.jpg 650w, https:\/\/soguapa.com\/wp-content\/uploads\/2022\/06\/eliminar-las-ojeras-con-acido-hialuronico-300x175.jpg 300w, https:\/\/soguapa.com\/wp-content\/uploads\/2022\/06\/eliminar-las-ojeras-con-acido-hialuronico-600x350.jpg 600w\" data-sizes=\"(max-width: 650px) 100vw, 650px\" src=\"data:image\/svg+xml;base64,PHN2ZyB3aWR0aD0iMSIgaGVpZ2h0PSIxIiB4bWxucz0iaHR0cDovL3d3dy53My5vcmcvMjAwMC9zdmciPjwvc3ZnPg==\" style=\"--smush-placeholder-width: 650px; --smush-placeholder-aspect-ratio: 650\/379;\" \/><figcaption>Relleno de ojeras con \u00e1cido hialur\u00f3nico y Carboxia<\/figcaption><\/figure>\n\n\n\n<h3 class=\"wp-block-heading\">\u00bfQu\u00e9 es el relleno de ojeras con \u00e1cido hialur\u00f3nico?<\/h3>\n\n\n\n<p>El relleno de \u00e1cido hialur\u00f3nico en ojeras consiste en realizar infiltraciones de esta sustancia en la zona que rodea el ojo y provoca esta antiest\u00e9tica hendidura y coloraci\u00f3n.<\/p>\n\n\n\n<h3 class=\"wp-block-heading\">\u00bfPara qu\u00e9 sirve el \u00e1cido hialur\u00f3nico en mis ojeras?<\/h3>\n\n\n\n<p>El efecto del \u00e1cido hialur\u00f3nico consigue atenuar el surco de las ojeras y su coloraci\u00f3n oscura, recuperando el aspecto natural.<\/p>\n\n\n\n<h3 class=\"wp-block-heading\">Carboxiterapia para eliminar bolsas y ojeras<\/h3>\n\n\n\n<p>Este tratamiento de carboxiterapia consiste en inyectar di\u00f3xido de carbono en la zona de las ojeras. El gas se expande por la zona afectada y comienza a mejorar la circulaci\u00f3n sangu\u00ednea, por lo que llega m\u00e1s ox\u00edgeno a las c\u00e9lulas y tejidos, produciendo una mayor cantidad de col\u00e1geno y elastina, revitalizando y refrescando tu mirada.<\/p>\n\n\n\n<p><\/p>\n","protected":false},"excerpt":{"rendered":"<p>El paso del tiempo se traduce en la aparici\u00f3n de l\u00edneas de expresi\u00f3n que se transforman poco a poco en arrugas m\u00e1s profundas alrededor de los ojos, de la boca y el entrecejo. La piel pierde elasticidad, su textura cambia y aparen anomal\u00edas superficiales como peque\u00f1os vasos sangu\u00edneos en la piel o algunas manchas oscuras. [&hellip;]<\/p>\n","protected":false},"author":1,"featured_media":850,"parent":926,"menu_order":0,"comment_status":"closed","ping_status":"closed","template":"","meta":{"_monsterinsights_skip_tracking":false,"_monsterinsights_sitenote_active":false,"_monsterinsights_sitenote_note":"","_monsterinsights_sitenote_category":0,"footnotes":""},"wf_page_folders":[],"class_list":["post-909","page","type-page","status-publish","has-post-thumbnail","hentry"],"yoast_head":"<!-- This site is optimized with the Yoast SEO plugin v27.4 - https:\/\/yoast.com\/product\/yoast-seo-wordpress\/ -->\n<title>Rellenos d\u00e9rmicos de Mesoestetic - soGuapa<\/title>\n<meta name=\"description\" content=\"Reduce cualquier tipo\u00a0de\u00a0arrugas profundas, remodela el contorno\u00a0de\u00a0la cara y los labios e hidrata la piel en profundidad.\" \/>\n<meta name=\"robots\" content=\"index, follow, max-snippet:-1, max-image-preview:large, max-video-preview:-1\" \/>\n<link rel=\"canonical\" href=\"https:\/\/soguapa.com\/es\/tratamientos-faciales\/rellenos-dermicos-de-mesoestetic\/\" \/>\n<meta property=\"og:locale\" content=\"es_ES\" \/>\n<meta property=\"og:type\" content=\"article\" \/>\n<meta property=\"og:title\" content=\"Rellenos d\u00e9rmicos de Mesoestetic - soGuapa\" \/>\n<meta property=\"og:description\" content=\"Reduce cualquier tipo\u00a0de\u00a0arrugas profundas, remodela el contorno\u00a0de\u00a0la cara y los labios e hidrata la piel en profundidad.\" \/>\n<meta property=\"og:url\" content=\"https:\/\/soguapa.com\/es\/tratamientos-faciales\/rellenos-dermicos-de-mesoestetic\/\" \/>\n<meta property=\"og:site_name\" content=\"soGuapa Beauty Expert\" \/>\n<meta property=\"article:publisher\" content=\"https:\/\/es-la.facebook.com\/SoguapabeautyExpert\/\" \/>\n<meta property=\"article:modified_time\" content=\"2022-06-30T21:32:22+00:00\" \/>\n<meta property=\"og:image\" content=\"https:\/\/soguapa.com\/wp-content\/uploads\/2022\/05\/dermal-fillers-treatment.jpg\" \/>\n\t<meta property=\"og:image:width\" content=\"1366\" \/>\n\t<meta property=\"og:image:height\" content=\"500\" \/>\n\t<meta property=\"og:image:type\" content=\"image\/jpeg\" \/>\n<meta name=\"twitter:card\" content=\"summary_large_image\" \/>\n<meta name=\"twitter:label1\" content=\"Tiempo de lectura\" \/>\n\t<meta name=\"twitter:data1\" content=\"3 minutos\" \/>\n<script type=\"application\/ld+json\" class=\"yoast-schema-graph\">{\"@context\":\"https:\\\/\\\/schema.org\",\"@graph\":[{\"@type\":\"WebPage\",\"@id\":\"https:\\\/\\\/soguapa.com\\\/es\\\/tratamientos-faciales\\\/rellenos-dermicos-de-mesoestetic\\\/\",\"url\":\"https:\\\/\\\/soguapa.com\\\/es\\\/tratamientos-faciales\\\/rellenos-dermicos-de-mesoestetic\\\/\",\"name\":\"Rellenos d\u00e9rmicos de Mesoestetic - soGuapa\",\"isPartOf\":{\"@id\":\"https:\\\/\\\/soguapa.com\\\/#website\"},\"primaryImageOfPage\":{\"@id\":\"https:\\\/\\\/soguapa.com\\\/es\\\/tratamientos-faciales\\\/rellenos-dermicos-de-mesoestetic\\\/#primaryimage\"},\"image\":{\"@id\":\"https:\\\/\\\/soguapa.com\\\/es\\\/tratamientos-faciales\\\/rellenos-dermicos-de-mesoestetic\\\/#primaryimage\"},\"thumbnailUrl\":\"https:\\\/\\\/soguapa.com\\\/wp-content\\\/uploads\\\/2022\\\/05\\\/dermal-fillers-treatment.jpg\",\"datePublished\":\"2022-05-20T14:24:09+00:00\",\"dateModified\":\"2022-06-30T21:32:22+00:00\",\"description\":\"Reduce cualquier tipo\u00a0de\u00a0arrugas profundas, remodela el contorno\u00a0de\u00a0la cara y los labios e hidrata la piel en profundidad.\",\"breadcrumb\":{\"@id\":\"https:\\\/\\\/soguapa.com\\\/es\\\/tratamientos-faciales\\\/rellenos-dermicos-de-mesoestetic\\\/#breadcrumb\"},\"inLanguage\":\"es\",\"potentialAction\":[{\"@type\":\"ReadAction\",\"target\":[\"https:\\\/\\\/soguapa.com\\\/es\\\/tratamientos-faciales\\\/rellenos-dermicos-de-mesoestetic\\\/\"]}]},{\"@type\":\"ImageObject\",\"inLanguage\":\"es\",\"@id\":\"https:\\\/\\\/soguapa.com\\\/es\\\/tratamientos-faciales\\\/rellenos-dermicos-de-mesoestetic\\\/#primaryimage\",\"url\":\"https:\\\/\\\/soguapa.com\\\/wp-content\\\/uploads\\\/2022\\\/05\\\/dermal-fillers-treatment.jpg\",\"contentUrl\":\"https:\\\/\\\/soguapa.com\\\/wp-content\\\/uploads\\\/2022\\\/05\\\/dermal-fillers-treatment.jpg\",\"width\":1366,\"height\":500,\"caption\":\"dermal-fillers-treatment\"},{\"@type\":\"BreadcrumbList\",\"@id\":\"https:\\\/\\\/soguapa.com\\\/es\\\/tratamientos-faciales\\\/rellenos-dermicos-de-mesoestetic\\\/#breadcrumb\",\"itemListElement\":[{\"@type\":\"ListItem\",\"position\":1,\"name\":\"Home\",\"item\":\"https:\\\/\\\/soguapa.com\\\/\"},{\"@type\":\"ListItem\",\"position\":2,\"name\":\"Tratamientos Faciales\",\"item\":\"https:\\\/\\\/soguapa.com\\\/es\\\/tratamientos-faciales\\\/\"},{\"@type\":\"ListItem\",\"position\":3,\"name\":\"Rellenos d\u00e9rmicos de Mesoestetic\"}]},{\"@type\":\"WebSite\",\"@id\":\"https:\\\/\\\/soguapa.com\\\/#website\",\"url\":\"https:\\\/\\\/soguapa.com\\\/\",\"name\":\"soGuapa Beauty Expert\",\"description\":\"Beauty Treatments Malta\",\"publisher\":{\"@id\":\"https:\\\/\\\/soguapa.com\\\/#organization\"},\"potentialAction\":[{\"@type\":\"SearchAction\",\"target\":{\"@type\":\"EntryPoint\",\"urlTemplate\":\"https:\\\/\\\/soguapa.com\\\/?s={search_term_string}\"},\"query-input\":{\"@type\":\"PropertyValueSpecification\",\"valueRequired\":true,\"valueName\":\"search_term_string\"}}],\"inLanguage\":\"es\"},{\"@type\":\"Organization\",\"@id\":\"https:\\\/\\\/soguapa.com\\\/#organization\",\"name\":\"soGuapa\",\"url\":\"https:\\\/\\\/soguapa.com\\\/\",\"logo\":{\"@type\":\"ImageObject\",\"inLanguage\":\"es\",\"@id\":\"https:\\\/\\\/soguapa.com\\\/#\\\/schema\\\/logo\\\/image\\\/\",\"url\":\"https:\\\/\\\/soguapa.com\\\/wp-content\\\/uploads\\\/2022\\\/05\\\/logo-So-Guapa-by-Ingrid.jpg\",\"contentUrl\":\"https:\\\/\\\/soguapa.com\\\/wp-content\\\/uploads\\\/2022\\\/05\\\/logo-So-Guapa-by-Ingrid.jpg\",\"width\":200,\"height\":80,\"caption\":\"soGuapa\"},\"image\":{\"@id\":\"https:\\\/\\\/soguapa.com\\\/#\\\/schema\\\/logo\\\/image\\\/\"},\"sameAs\":[\"https:\\\/\\\/es-la.facebook.com\\\/SoguapabeautyExpert\\\/\",\"https:\\\/\\\/www.instagram.com\\\/soguapabyingrid\\\/\"]}]}<\/script>\n<!-- \/ Yoast SEO plugin. -->","yoast_head_json":{"title":"Rellenos d\u00e9rmicos de Mesoestetic - soGuapa","description":"Reduce cualquier tipo\u00a0de\u00a0arrugas profundas, remodela el contorno\u00a0de\u00a0la cara y los labios e hidrata la piel en profundidad.","robots":{"index":"index","follow":"follow","max-snippet":"max-snippet:-1","max-image-preview":"max-image-preview:large","max-video-preview":"max-video-preview:-1"},"canonical":"https:\/\/soguapa.com\/es\/tratamientos-faciales\/rellenos-dermicos-de-mesoestetic\/","og_locale":"es_ES","og_type":"article","og_title":"Rellenos d\u00e9rmicos de Mesoestetic - soGuapa","og_description":"Reduce cualquier tipo\u00a0de\u00a0arrugas profundas, remodela el contorno\u00a0de\u00a0la cara y los labios e hidrata la piel en profundidad.","og_url":"https:\/\/soguapa.com\/es\/tratamientos-faciales\/rellenos-dermicos-de-mesoestetic\/","og_site_name":"soGuapa Beauty Expert","article_publisher":"https:\/\/es-la.facebook.com\/SoguapabeautyExpert\/","article_modified_time":"2022-06-30T21:32:22+00:00","og_image":[{"width":1366,"height":500,"url":"https:\/\/soguapa.com\/wp-content\/uploads\/2022\/05\/dermal-fillers-treatment.jpg","type":"image\/jpeg"}],"twitter_card":"summary_large_image","twitter_misc":{"Tiempo de lectura":"3 minutos"},"schema":{"@context":"https:\/\/schema.org","@graph":[{"@type":"WebPage","@id":"https:\/\/soguapa.com\/es\/tratamientos-faciales\/rellenos-dermicos-de-mesoestetic\/","url":"https:\/\/soguapa.com\/es\/tratamientos-faciales\/rellenos-dermicos-de-mesoestetic\/","name":"Rellenos d\u00e9rmicos de Mesoestetic - soGuapa","isPartOf":{"@id":"https:\/\/soguapa.com\/#website"},"primaryImageOfPage":{"@id":"https:\/\/soguapa.com\/es\/tratamientos-faciales\/rellenos-dermicos-de-mesoestetic\/#primaryimage"},"image":{"@id":"https:\/\/soguapa.com\/es\/tratamientos-faciales\/rellenos-dermicos-de-mesoestetic\/#primaryimage"},"thumbnailUrl":"https:\/\/soguapa.com\/wp-content\/uploads\/2022\/05\/dermal-fillers-treatment.jpg","datePublished":"2022-05-20T14:24:09+00:00","dateModified":"2022-06-30T21:32:22+00:00","description":"Reduce cualquier tipo\u00a0de\u00a0arrugas profundas, remodela el contorno\u00a0de\u00a0la cara y los labios e hidrata la piel en profundidad.","breadcrumb":{"@id":"https:\/\/soguapa.com\/es\/tratamientos-faciales\/rellenos-dermicos-de-mesoestetic\/#breadcrumb"},"inLanguage":"es","potentialAction":[{"@type":"ReadAction","target":["https:\/\/soguapa.com\/es\/tratamientos-faciales\/rellenos-dermicos-de-mesoestetic\/"]}]},{"@type":"ImageObject","inLanguage":"es","@id":"https:\/\/soguapa.com\/es\/tratamientos-faciales\/rellenos-dermicos-de-mesoestetic\/#primaryimage","url":"https:\/\/soguapa.com\/wp-content\/uploads\/2022\/05\/dermal-fillers-treatment.jpg","contentUrl":"https:\/\/soguapa.com\/wp-content\/uploads\/2022\/05\/dermal-fillers-treatment.jpg","width":1366,"height":500,"caption":"dermal-fillers-treatment"},{"@type":"BreadcrumbList","@id":"https:\/\/soguapa.com\/es\/tratamientos-faciales\/rellenos-dermicos-de-mesoestetic\/#breadcrumb","itemListElement":[{"@type":"ListItem","position":1,"name":"Home","item":"https:\/\/soguapa.com\/"},{"@type":"ListItem","position":2,"name":"Tratamientos Faciales","item":"https:\/\/soguapa.com\/es\/tratamientos-faciales\/"},{"@type":"ListItem","position":3,"name":"Rellenos d\u00e9rmicos de Mesoestetic"}]},{"@type":"WebSite","@id":"https:\/\/soguapa.com\/#website","url":"https:\/\/soguapa.com\/","name":"soGuapa Beauty Expert","description":"Beauty Treatments Malta","publisher":{"@id":"https:\/\/soguapa.com\/#organization"},"potentialAction":[{"@type":"SearchAction","target":{"@type":"EntryPoint","urlTemplate":"https:\/\/soguapa.com\/?s={search_term_string}"},"query-input":{"@type":"PropertyValueSpecification","valueRequired":true,"valueName":"search_term_string"}}],"inLanguage":"es"},{"@type":"Organization","@id":"https:\/\/soguapa.com\/#organization","name":"soGuapa","url":"https:\/\/soguapa.com\/","logo":{"@type":"ImageObject","inLanguage":"es","@id":"https:\/\/soguapa.com\/#\/schema\/logo\/image\/","url":"https:\/\/soguapa.com\/wp-content\/uploads\/2022\/05\/logo-So-Guapa-by-Ingrid.jpg","contentUrl":"https:\/\/soguapa.com\/wp-content\/uploads\/2022\/05\/logo-So-Guapa-by-Ingrid.jpg","width":200,"height":80,"caption":"soGuapa"},"image":{"@id":"https:\/\/soguapa.com\/#\/schema\/logo\/image\/"},"sameAs":["https:\/\/es-la.facebook.com\/SoguapabeautyExpert\/","https:\/\/www.instagram.com\/soguapabyingrid\/"]}]}},"_links":{"self":[{"href":"https:\/\/soguapa.com\/es\/wp-json\/wp\/v2\/pages\/909","targetHints":{"allow":["GET"]}}],"collection":[{"href":"https:\/\/soguapa.com\/es\/wp-json\/wp\/v2\/pages"}],"about":[{"href":"https:\/\/soguapa.com\/es\/wp-json\/wp\/v2\/types\/page"}],"author":[{"embeddable":true,"href":"https:\/\/soguapa.com\/es\/wp-json\/wp\/v2\/users\/1"}],"replies":[{"embeddable":true,"href":"https:\/\/soguapa.com\/es\/wp-json\/wp\/v2\/comments?post=909"}],"version-history":[{"count":0,"href":"https:\/\/soguapa.com\/es\/wp-json\/wp\/v2\/pages\/909\/revisions"}],"up":[{"embeddable":true,"href":"https:\/\/soguapa.com\/es\/wp-json\/wp\/v2\/pages\/926"}],"wp:featuredmedia":[{"embeddable":true,"href":"https:\/\/soguapa.com\/es\/wp-json\/wp\/v2\/media\/850"}],"wp:attachment":[{"href":"https:\/\/soguapa.com\/es\/wp-json\/wp\/v2\/media?parent=909"}],"wp:term":[{"taxonomy":"wf_page_folders","embeddable":true,"href":"https:\/\/soguapa.com\/es\/wp-json\/wp\/v2\/wf_page_folders?post=909"}],"curies":[{"name":"wp","href":"https:\/\/api.w.org\/{rel}","templated":true}]}}