{"id":902,"date":"2022-05-20T14:24:43","date_gmt":"2022-05-20T14:24:43","guid":{"rendered":"http:\/\/nancyyanethc3.sg-host.com\/beauty-treatments\/biological-enzymes\/"},"modified":"2022-06-06T12:15:23","modified_gmt":"2022-06-06T12:15:23","slug":"enzimas-biologicas-esteticas","status":"publish","type":"page","link":"https:\/\/soguapa.com\/es\/tratamientos-adelgazantes-slimming\/enzimas-biologicas-esteticas\/","title":{"rendered":"Enzimas PB Serum"},"content":{"rendered":"\n<h2 class=\"wp-block-heading\">\u00bfQu\u00e9 es el Tratamiento con Enzimas PB Serum?<\/h2>\n\n\n\n<p>Es un reductor de grasa localizada. Considerado como un tratamiento reductor revolucionario, anticelul\u00edtico y reafirmante basado en el poder de diferentes enzimas, en las que se destaca la Lipasa PB500, su ingrediente estrella formulada con un potente efecto lipol\u00edtico, por lo que moviliza la grasa localizada en poco tiempo. El protocolo se realiza con tres productos que act\u00faan en sinergia para eliminar grasa, drenar y combatir la celulitis.<\/p>\n\n\n\n<figure class=\"wp-block-image aligncenter size-full\"><img fetchpriority=\"high\" decoding=\"async\" width=\"800\" height=\"600\" src=\"https:\/\/soguapa.com\/wp-content\/uploads\/2022\/06\/productos-medicos-pb-serum.jpg\" alt=\"\" class=\"wp-image-1445\" srcset=\"https:\/\/soguapa.com\/wp-content\/uploads\/2022\/06\/productos-medicos-pb-serum.jpg 800w, https:\/\/soguapa.com\/wp-content\/uploads\/2022\/06\/productos-medicos-pb-serum-300x225.jpg 300w, https:\/\/soguapa.com\/wp-content\/uploads\/2022\/06\/productos-medicos-pb-serum-768x576.jpg 768w, https:\/\/soguapa.com\/wp-content\/uploads\/2022\/06\/productos-medicos-pb-serum-600x450.jpg 600w\" sizes=\"(max-width: 800px) 100vw, 800px\" \/><figcaption>L\u00ednea PB Serum Slim<\/figcaption><\/figure>\n\n\n\n<p><\/p>\n\n\n\n<h2 class=\"wp-block-heading\">\u00bfPara qu\u00e9 sirven estas enzimas?<\/h2>\n\n\n\n<p>Aplicaciones de este tratamiento:<\/p>\n\n\n\n<ul class=\"wp-block-list\"><li>Grasa corporal localizada<\/li><li>Grasa facial localizada<\/li><li>Flacidez<\/li><li>Fibrosis<\/li><li>P\u00e1rpados envejecidos<\/li><li>Celulitis<\/li><li>Lifting de gl\u00fateos<\/li><li>Estr\u00edas<\/li><li>Cicatrices post-acn\u00e9<\/li><li>Cicatrices hipertr\u00f3ficas, Atr\u00f3ficas y Queloides<\/li><li>Cicatrices de quemaduras<\/li><li>Lipomas<\/li><\/ul>\n\n\n\n<p><\/p>\n\n\n\n<h2 class=\"wp-block-heading\">\u00bfC\u00f3mo se aplican las enzimas PBSerum?<\/h2>\n\n\n\n<p>La cantidad de sueros y la cantidad de sesiones necesarias, depende de las necesidades y caracter\u00edsticas fisiol\u00f3gicas del paciente.<\/p>\n\n\n\n<p>En una misma sesi\u00f3n pueden ser necesarios varios sueros preparados, as\u00ed como cada paciente puede necesitar m\u00e1s de 1 sesi\u00f3n para obtener los objetivos planteados.<\/p>\n\n\n\n<p><\/p>\n\n\n\n<h2 class=\"wp-block-heading\">\u00bfSirven las enzimas PB Serum para bajar de peso?<\/h2>\n\n\n\n<p>Puedes eliminar la grasa localizada sin necesidad de ir al quir\u00f3fano, este revolucionario tratamiento tiene como objetivo metabolizar y disolver la grasa de tu cuerpo y sus partes respectivas.<\/p>\n","protected":false},"excerpt":{"rendered":"<p>\u00bfQu\u00e9 es el Tratamiento con Enzimas PB Serum? Es un reductor de grasa localizada. Considerado como un tratamiento reductor revolucionario, anticelul\u00edtico y reafirmante basado en el poder de diferentes enzimas, en las que se destaca la Lipasa PB500, su ingrediente estrella formulada con un potente efecto lipol\u00edtico, por lo que moviliza la grasa localizada en [&hellip;]<\/p>\n","protected":false},"author":1,"featured_media":1373,"parent":932,"menu_order":0,"comment_status":"closed","ping_status":"closed","template":"","meta":{"_monsterinsights_skip_tracking":false,"_monsterinsights_sitenote_active":false,"_monsterinsights_sitenote_note":"","_monsterinsights_sitenote_category":0,"footnotes":""},"wf_page_folders":[],"class_list":["post-902","page","type-page","status-publish","has-post-thumbnail","hentry"],"yoast_head":"<!-- This site is optimized with the Yoast SEO plugin v27.4 - https:\/\/yoast.com\/product\/yoast-seo-wordpress\/ -->\n<title>Tratamiento de enzimas PB Serum - soGuapa<\/title>\n<meta name=\"description\" content=\"Tratamiento de enzimas PB Serum para eliminar: grasa corporal, localizada, facial, Flacidez, Fibrosis, P\u00e1rpados envejecidos, Celulitis, Estr\u00edas, Cicatrices post-acn\u00e9.\" \/>\n<meta name=\"robots\" content=\"index, follow, max-snippet:-1, max-image-preview:large, max-video-preview:-1\" \/>\n<link rel=\"canonical\" href=\"https:\/\/soguapa.com\/es\/tratamientos-adelgazantes-slimming\/enzimas-biologicas-esteticas\/\" \/>\n<meta property=\"og:locale\" content=\"es_ES\" \/>\n<meta property=\"og:type\" content=\"article\" \/>\n<meta property=\"og:title\" content=\"Tratamiento de enzimas PB Serum - soGuapa\" \/>\n<meta property=\"og:description\" content=\"Tratamiento de enzimas PB Serum para eliminar: grasa corporal, localizada, facial, Flacidez, Fibrosis, P\u00e1rpados envejecidos, Celulitis, Estr\u00edas, Cicatrices post-acn\u00e9.\" \/>\n<meta property=\"og:url\" content=\"https:\/\/soguapa.com\/es\/tratamientos-adelgazantes-slimming\/enzimas-biologicas-esteticas\/\" \/>\n<meta property=\"og:site_name\" content=\"soGuapa Beauty Expert\" \/>\n<meta property=\"article:publisher\" content=\"https:\/\/es-la.facebook.com\/SoguapabeautyExpert\/\" \/>\n<meta property=\"article:modified_time\" content=\"2022-06-06T12:15:23+00:00\" \/>\n<meta property=\"og:image\" content=\"https:\/\/soguapa.com\/wp-content\/uploads\/2022\/06\/PBSerum-Celulitis-Salud-Belleza-Tratamientos_de_belleza.jpg\" \/>\n\t<meta property=\"og:image:width\" content=\"1366\" \/>\n\t<meta property=\"og:image:height\" content=\"768\" \/>\n\t<meta property=\"og:image:type\" content=\"image\/jpeg\" \/>\n<meta name=\"twitter:card\" content=\"summary_large_image\" \/>\n<meta name=\"twitter:label1\" content=\"Tiempo de lectura\" \/>\n\t<meta name=\"twitter:data1\" content=\"2 minutos\" \/>\n<script type=\"application\/ld+json\" class=\"yoast-schema-graph\">{\"@context\":\"https:\\\/\\\/schema.org\",\"@graph\":[{\"@type\":\"WebPage\",\"@id\":\"https:\\\/\\\/soguapa.com\\\/es\\\/tratamientos-adelgazantes-slimming\\\/enzimas-biologicas-esteticas\\\/\",\"url\":\"https:\\\/\\\/soguapa.com\\\/es\\\/tratamientos-adelgazantes-slimming\\\/enzimas-biologicas-esteticas\\\/\",\"name\":\"Tratamiento de enzimas PB Serum - soGuapa\",\"isPartOf\":{\"@id\":\"https:\\\/\\\/soguapa.com\\\/#website\"},\"primaryImageOfPage\":{\"@id\":\"https:\\\/\\\/soguapa.com\\\/es\\\/tratamientos-adelgazantes-slimming\\\/enzimas-biologicas-esteticas\\\/#primaryimage\"},\"image\":{\"@id\":\"https:\\\/\\\/soguapa.com\\\/es\\\/tratamientos-adelgazantes-slimming\\\/enzimas-biologicas-esteticas\\\/#primaryimage\"},\"thumbnailUrl\":\"https:\\\/\\\/soguapa.com\\\/wp-content\\\/uploads\\\/2022\\\/06\\\/PBSerum-Celulitis-Salud-Belleza-Tratamientos_de_belleza.jpg\",\"datePublished\":\"2022-05-20T14:24:43+00:00\",\"dateModified\":\"2022-06-06T12:15:23+00:00\",\"description\":\"Tratamiento de enzimas PB Serum para eliminar: grasa corporal, localizada, facial, Flacidez, Fibrosis, P\u00e1rpados envejecidos, Celulitis, Estr\u00edas, Cicatrices post-acn\u00e9.\",\"breadcrumb\":{\"@id\":\"https:\\\/\\\/soguapa.com\\\/es\\\/tratamientos-adelgazantes-slimming\\\/enzimas-biologicas-esteticas\\\/#breadcrumb\"},\"inLanguage\":\"es\",\"potentialAction\":[{\"@type\":\"ReadAction\",\"target\":[\"https:\\\/\\\/soguapa.com\\\/es\\\/tratamientos-adelgazantes-slimming\\\/enzimas-biologicas-esteticas\\\/\"]}]},{\"@type\":\"ImageObject\",\"inLanguage\":\"es\",\"@id\":\"https:\\\/\\\/soguapa.com\\\/es\\\/tratamientos-adelgazantes-slimming\\\/enzimas-biologicas-esteticas\\\/#primaryimage\",\"url\":\"https:\\\/\\\/soguapa.com\\\/wp-content\\\/uploads\\\/2022\\\/06\\\/PBSerum-Celulitis-Salud-Belleza-Tratamientos_de_belleza.jpg\",\"contentUrl\":\"https:\\\/\\\/soguapa.com\\\/wp-content\\\/uploads\\\/2022\\\/06\\\/PBSerum-Celulitis-Salud-Belleza-Tratamientos_de_belleza.jpg\",\"width\":1366,\"height\":768,\"caption\":\"PBSerum-Celulitis-Salud-Belleza-Tratamientos_de_belleza\"},{\"@type\":\"BreadcrumbList\",\"@id\":\"https:\\\/\\\/soguapa.com\\\/es\\\/tratamientos-adelgazantes-slimming\\\/enzimas-biologicas-esteticas\\\/#breadcrumb\",\"itemListElement\":[{\"@type\":\"ListItem\",\"position\":1,\"name\":\"Home\",\"item\":\"https:\\\/\\\/soguapa.com\\\/\"},{\"@type\":\"ListItem\",\"position\":2,\"name\":\"Tratamientos adelgazantes &#038; Slimming\",\"item\":\"https:\\\/\\\/soguapa.com\\\/es\\\/tratamientos-adelgazantes-slimming\\\/\"},{\"@type\":\"ListItem\",\"position\":3,\"name\":\"Enzimas PB Serum\"}]},{\"@type\":\"WebSite\",\"@id\":\"https:\\\/\\\/soguapa.com\\\/#website\",\"url\":\"https:\\\/\\\/soguapa.com\\\/\",\"name\":\"soGuapa Beauty Expert\",\"description\":\"Beauty Treatments Malta\",\"publisher\":{\"@id\":\"https:\\\/\\\/soguapa.com\\\/#organization\"},\"potentialAction\":[{\"@type\":\"SearchAction\",\"target\":{\"@type\":\"EntryPoint\",\"urlTemplate\":\"https:\\\/\\\/soguapa.com\\\/?s={search_term_string}\"},\"query-input\":{\"@type\":\"PropertyValueSpecification\",\"valueRequired\":true,\"valueName\":\"search_term_string\"}}],\"inLanguage\":\"es\"},{\"@type\":\"Organization\",\"@id\":\"https:\\\/\\\/soguapa.com\\\/#organization\",\"name\":\"soGuapa\",\"url\":\"https:\\\/\\\/soguapa.com\\\/\",\"logo\":{\"@type\":\"ImageObject\",\"inLanguage\":\"es\",\"@id\":\"https:\\\/\\\/soguapa.com\\\/#\\\/schema\\\/logo\\\/image\\\/\",\"url\":\"https:\\\/\\\/soguapa.com\\\/wp-content\\\/uploads\\\/2022\\\/05\\\/logo-So-Guapa-by-Ingrid.jpg\",\"contentUrl\":\"https:\\\/\\\/soguapa.com\\\/wp-content\\\/uploads\\\/2022\\\/05\\\/logo-So-Guapa-by-Ingrid.jpg\",\"width\":200,\"height\":80,\"caption\":\"soGuapa\"},\"image\":{\"@id\":\"https:\\\/\\\/soguapa.com\\\/#\\\/schema\\\/logo\\\/image\\\/\"},\"sameAs\":[\"https:\\\/\\\/es-la.facebook.com\\\/SoguapabeautyExpert\\\/\",\"https:\\\/\\\/www.instagram.com\\\/soguapabyingrid\\\/\"]}]}<\/script>\n<!-- \/ Yoast SEO plugin. -->","yoast_head_json":{"title":"Tratamiento de enzimas PB Serum - soGuapa","description":"Tratamiento de enzimas PB Serum para eliminar: grasa corporal, localizada, facial, Flacidez, Fibrosis, P\u00e1rpados envejecidos, Celulitis, Estr\u00edas, Cicatrices post-acn\u00e9.","robots":{"index":"index","follow":"follow","max-snippet":"max-snippet:-1","max-image-preview":"max-image-preview:large","max-video-preview":"max-video-preview:-1"},"canonical":"https:\/\/soguapa.com\/es\/tratamientos-adelgazantes-slimming\/enzimas-biologicas-esteticas\/","og_locale":"es_ES","og_type":"article","og_title":"Tratamiento de enzimas PB Serum - soGuapa","og_description":"Tratamiento de enzimas PB Serum para eliminar: grasa corporal, localizada, facial, Flacidez, Fibrosis, P\u00e1rpados envejecidos, Celulitis, Estr\u00edas, Cicatrices post-acn\u00e9.","og_url":"https:\/\/soguapa.com\/es\/tratamientos-adelgazantes-slimming\/enzimas-biologicas-esteticas\/","og_site_name":"soGuapa Beauty Expert","article_publisher":"https:\/\/es-la.facebook.com\/SoguapabeautyExpert\/","article_modified_time":"2022-06-06T12:15:23+00:00","og_image":[{"width":1366,"height":768,"url":"https:\/\/soguapa.com\/wp-content\/uploads\/2022\/06\/PBSerum-Celulitis-Salud-Belleza-Tratamientos_de_belleza.jpg","type":"image\/jpeg"}],"twitter_card":"summary_large_image","twitter_misc":{"Tiempo de lectura":"2 minutos"},"schema":{"@context":"https:\/\/schema.org","@graph":[{"@type":"WebPage","@id":"https:\/\/soguapa.com\/es\/tratamientos-adelgazantes-slimming\/enzimas-biologicas-esteticas\/","url":"https:\/\/soguapa.com\/es\/tratamientos-adelgazantes-slimming\/enzimas-biologicas-esteticas\/","name":"Tratamiento de enzimas PB Serum - soGuapa","isPartOf":{"@id":"https:\/\/soguapa.com\/#website"},"primaryImageOfPage":{"@id":"https:\/\/soguapa.com\/es\/tratamientos-adelgazantes-slimming\/enzimas-biologicas-esteticas\/#primaryimage"},"image":{"@id":"https:\/\/soguapa.com\/es\/tratamientos-adelgazantes-slimming\/enzimas-biologicas-esteticas\/#primaryimage"},"thumbnailUrl":"https:\/\/soguapa.com\/wp-content\/uploads\/2022\/06\/PBSerum-Celulitis-Salud-Belleza-Tratamientos_de_belleza.jpg","datePublished":"2022-05-20T14:24:43+00:00","dateModified":"2022-06-06T12:15:23+00:00","description":"Tratamiento de enzimas PB Serum para eliminar: grasa corporal, localizada, facial, Flacidez, Fibrosis, P\u00e1rpados envejecidos, Celulitis, Estr\u00edas, Cicatrices post-acn\u00e9.","breadcrumb":{"@id":"https:\/\/soguapa.com\/es\/tratamientos-adelgazantes-slimming\/enzimas-biologicas-esteticas\/#breadcrumb"},"inLanguage":"es","potentialAction":[{"@type":"ReadAction","target":["https:\/\/soguapa.com\/es\/tratamientos-adelgazantes-slimming\/enzimas-biologicas-esteticas\/"]}]},{"@type":"ImageObject","inLanguage":"es","@id":"https:\/\/soguapa.com\/es\/tratamientos-adelgazantes-slimming\/enzimas-biologicas-esteticas\/#primaryimage","url":"https:\/\/soguapa.com\/wp-content\/uploads\/2022\/06\/PBSerum-Celulitis-Salud-Belleza-Tratamientos_de_belleza.jpg","contentUrl":"https:\/\/soguapa.com\/wp-content\/uploads\/2022\/06\/PBSerum-Celulitis-Salud-Belleza-Tratamientos_de_belleza.jpg","width":1366,"height":768,"caption":"PBSerum-Celulitis-Salud-Belleza-Tratamientos_de_belleza"},{"@type":"BreadcrumbList","@id":"https:\/\/soguapa.com\/es\/tratamientos-adelgazantes-slimming\/enzimas-biologicas-esteticas\/#breadcrumb","itemListElement":[{"@type":"ListItem","position":1,"name":"Home","item":"https:\/\/soguapa.com\/"},{"@type":"ListItem","position":2,"name":"Tratamientos adelgazantes &#038; Slimming","item":"https:\/\/soguapa.com\/es\/tratamientos-adelgazantes-slimming\/"},{"@type":"ListItem","position":3,"name":"Enzimas PB Serum"}]},{"@type":"WebSite","@id":"https:\/\/soguapa.com\/#website","url":"https:\/\/soguapa.com\/","name":"soGuapa Beauty Expert","description":"Beauty Treatments Malta","publisher":{"@id":"https:\/\/soguapa.com\/#organization"},"potentialAction":[{"@type":"SearchAction","target":{"@type":"EntryPoint","urlTemplate":"https:\/\/soguapa.com\/?s={search_term_string}"},"query-input":{"@type":"PropertyValueSpecification","valueRequired":true,"valueName":"search_term_string"}}],"inLanguage":"es"},{"@type":"Organization","@id":"https:\/\/soguapa.com\/#organization","name":"soGuapa","url":"https:\/\/soguapa.com\/","logo":{"@type":"ImageObject","inLanguage":"es","@id":"https:\/\/soguapa.com\/#\/schema\/logo\/image\/","url":"https:\/\/soguapa.com\/wp-content\/uploads\/2022\/05\/logo-So-Guapa-by-Ingrid.jpg","contentUrl":"https:\/\/soguapa.com\/wp-content\/uploads\/2022\/05\/logo-So-Guapa-by-Ingrid.jpg","width":200,"height":80,"caption":"soGuapa"},"image":{"@id":"https:\/\/soguapa.com\/#\/schema\/logo\/image\/"},"sameAs":["https:\/\/es-la.facebook.com\/SoguapabeautyExpert\/","https:\/\/www.instagram.com\/soguapabyingrid\/"]}]}},"_links":{"self":[{"href":"https:\/\/soguapa.com\/es\/wp-json\/wp\/v2\/pages\/902","targetHints":{"allow":["GET"]}}],"collection":[{"href":"https:\/\/soguapa.com\/es\/wp-json\/wp\/v2\/pages"}],"about":[{"href":"https:\/\/soguapa.com\/es\/wp-json\/wp\/v2\/types\/page"}],"author":[{"embeddable":true,"href":"https:\/\/soguapa.com\/es\/wp-json\/wp\/v2\/users\/1"}],"replies":[{"embeddable":true,"href":"https:\/\/soguapa.com\/es\/wp-json\/wp\/v2\/comments?post=902"}],"version-history":[{"count":0,"href":"https:\/\/soguapa.com\/es\/wp-json\/wp\/v2\/pages\/902\/revisions"}],"up":[{"embeddable":true,"href":"https:\/\/soguapa.com\/es\/wp-json\/wp\/v2\/pages\/932"}],"wp:featuredmedia":[{"embeddable":true,"href":"https:\/\/soguapa.com\/es\/wp-json\/wp\/v2\/media\/1373"}],"wp:attachment":[{"href":"https:\/\/soguapa.com\/es\/wp-json\/wp\/v2\/media?parent=902"}],"wp:term":[{"taxonomy":"wf_page_folders","embeddable":true,"href":"https:\/\/soguapa.com\/es\/wp-json\/wp\/v2\/wf_page_folders?post=902"}],"curies":[{"name":"wp","href":"https:\/\/api.w.org\/{rel}","templated":true}]}}