{"id":898,"date":"2022-05-26T07:48:51","date_gmt":"2022-05-26T07:48:51","guid":{"rendered":"http:\/\/nancyyanethc3.sg-host.com\/wood-therapy\/"},"modified":"2022-06-06T12:00:57","modified_gmt":"2022-06-06T12:00:57","slug":"maderoterapia-masajes","status":"publish","type":"page","link":"https:\/\/soguapa.com\/es\/tratamientos-adelgazantes-slimming\/maderoterapia-masajes\/","title":{"rendered":"Madero terapia"},"content":{"rendered":"\n<p><\/p>\n\n\n\n<h2 class=\"wp-block-heading\">\u00bfQu\u00e9 es la maderoterapia y para qu\u00e9 sirve?<\/h2>\n\n\n\n<p>El tratamiento de madero terapia corporal consiste en una serie de masajes con diversos utensilios de madera a distintas zonas del cuerpo para tonificar, minimizar la retenci\u00f3n de l\u00edquidos, tratar la grasa localizada y estimular la producci\u00f3n de elastina. Adem\u00e1s de ofrecer resultados \u00fanicos de reducci\u00f3n de estr\u00e9s y aliviar dolores musculares y articulares.<\/p>\n\n\n\n<p><\/p>\n\n\n\n<h3 class=\"wp-block-heading\">\u00bfQu\u00e9 tan efectiva es la maderoterapia para la eliminacion de celulitis?<\/h3>\n\n\n\n<p>La maderoterapia puede eliminar la acumulaci\u00f3n de grasas en diferentes partes del cuerpo, como son caderas, espalda o abdomen. Tambi\u00e9n activa la microcirculaci\u00f3n y se elimina la retenci\u00f3n de l\u00edquidos. Adicionalmente, permite moldear gl\u00fateos consiguiendo una apariencia m\u00e1s firme y elevada.<\/p>\n\n\n\n<p><\/p>\n\n\n\n<h3 class=\"wp-block-heading\">\u00bfCu\u00e1ntas sesiones se necesitan?<\/h3>\n\n\n\n<p>Cada\u00a0sesi\u00f3n dura\u00a0alrededor de 50 minutos, pudi\u00e9ndose apreciar cambios a partir de la tercera\u00a0sesi\u00f3n, aunque recomiendan un ciclo completo de 15\u00a0sesiones\u00a0para obtener unos resultados satisfactorios.<\/p>\n\n\n\n<p><\/p>\n\n\n\n<p><\/p>\n\n\n\n<p><\/p>\n","protected":false},"excerpt":{"rendered":"<p>\u00bfQu\u00e9 es la maderoterapia y para qu\u00e9 sirve? El tratamiento de madero terapia corporal consiste en una serie de masajes con diversos utensilios de madera a distintas zonas del cuerpo para tonificar, minimizar la retenci\u00f3n de l\u00edquidos, tratar la grasa localizada y estimular la producci\u00f3n de elastina. Adem\u00e1s de ofrecer resultados \u00fanicos de reducci\u00f3n de [&hellip;]<\/p>\n","protected":false},"author":1,"featured_media":673,"parent":932,"menu_order":0,"comment_status":"closed","ping_status":"closed","template":"","meta":{"_monsterinsights_skip_tracking":false,"_monsterinsights_sitenote_active":false,"_monsterinsights_sitenote_note":"","_monsterinsights_sitenote_category":0,"footnotes":""},"wf_page_folders":[],"class_list":["post-898","page","type-page","status-publish","has-post-thumbnail","hentry"],"yoast_head":"<!-- This site is optimized with the Yoast SEO plugin v27.4 - https:\/\/yoast.com\/product\/yoast-seo-wordpress\/ -->\n<title>Maderoterapia - soGuapa<\/title>\n<meta name=\"description\" content=\"La maderoterapia elimina la acumulaci\u00f3n de grasas en el cuerpo, caderas, espalda o abdomen. Moldea gl\u00fateos para dar apariencia m\u00e1s firme.\" \/>\n<meta name=\"robots\" content=\"index, follow, max-snippet:-1, max-image-preview:large, max-video-preview:-1\" \/>\n<link rel=\"canonical\" href=\"https:\/\/soguapa.com\/es\/tratamientos-adelgazantes-slimming\/maderoterapia-masajes\/\" \/>\n<meta property=\"og:locale\" content=\"es_ES\" \/>\n<meta property=\"og:type\" content=\"article\" \/>\n<meta property=\"og:title\" content=\"Maderoterapia - soGuapa\" \/>\n<meta property=\"og:description\" content=\"La maderoterapia elimina la acumulaci\u00f3n de grasas en el cuerpo, caderas, espalda o abdomen. Moldea gl\u00fateos para dar apariencia m\u00e1s firme.\" \/>\n<meta property=\"og:url\" content=\"https:\/\/soguapa.com\/es\/tratamientos-adelgazantes-slimming\/maderoterapia-masajes\/\" \/>\n<meta property=\"og:site_name\" content=\"soGuapa Beauty Expert\" \/>\n<meta property=\"article:publisher\" content=\"https:\/\/es-la.facebook.com\/SoguapabeautyExpert\/\" \/>\n<meta property=\"article:modified_time\" content=\"2022-06-06T12:00:57+00:00\" \/>\n<meta property=\"og:image\" content=\"https:\/\/soguapa.com\/wp-content\/uploads\/2022\/05\/woodtherapy-treatment.jpg\" \/>\n\t<meta property=\"og:image:width\" content=\"1366\" \/>\n\t<meta property=\"og:image:height\" content=\"768\" \/>\n\t<meta property=\"og:image:type\" content=\"image\/jpeg\" \/>\n<meta name=\"twitter:card\" content=\"summary_large_image\" \/>\n<meta name=\"twitter:label1\" content=\"Tiempo de lectura\" \/>\n\t<meta name=\"twitter:data1\" content=\"1 minuto\" \/>\n<script type=\"application\/ld+json\" class=\"yoast-schema-graph\">{\"@context\":\"https:\\\/\\\/schema.org\",\"@graph\":[{\"@type\":\"WebPage\",\"@id\":\"https:\\\/\\\/soguapa.com\\\/es\\\/tratamientos-adelgazantes-slimming\\\/maderoterapia-masajes\\\/\",\"url\":\"https:\\\/\\\/soguapa.com\\\/es\\\/tratamientos-adelgazantes-slimming\\\/maderoterapia-masajes\\\/\",\"name\":\"Maderoterapia - soGuapa\",\"isPartOf\":{\"@id\":\"https:\\\/\\\/soguapa.com\\\/#website\"},\"primaryImageOfPage\":{\"@id\":\"https:\\\/\\\/soguapa.com\\\/es\\\/tratamientos-adelgazantes-slimming\\\/maderoterapia-masajes\\\/#primaryimage\"},\"image\":{\"@id\":\"https:\\\/\\\/soguapa.com\\\/es\\\/tratamientos-adelgazantes-slimming\\\/maderoterapia-masajes\\\/#primaryimage\"},\"thumbnailUrl\":\"https:\\\/\\\/soguapa.com\\\/wp-content\\\/uploads\\\/2022\\\/05\\\/woodtherapy-treatment.jpg\",\"datePublished\":\"2022-05-26T07:48:51+00:00\",\"dateModified\":\"2022-06-06T12:00:57+00:00\",\"description\":\"La maderoterapia elimina la acumulaci\u00f3n de grasas en el cuerpo, caderas, espalda o abdomen. Moldea gl\u00fateos para dar apariencia m\u00e1s firme.\",\"breadcrumb\":{\"@id\":\"https:\\\/\\\/soguapa.com\\\/es\\\/tratamientos-adelgazantes-slimming\\\/maderoterapia-masajes\\\/#breadcrumb\"},\"inLanguage\":\"es\",\"potentialAction\":[{\"@type\":\"ReadAction\",\"target\":[\"https:\\\/\\\/soguapa.com\\\/es\\\/tratamientos-adelgazantes-slimming\\\/maderoterapia-masajes\\\/\"]}]},{\"@type\":\"ImageObject\",\"inLanguage\":\"es\",\"@id\":\"https:\\\/\\\/soguapa.com\\\/es\\\/tratamientos-adelgazantes-slimming\\\/maderoterapia-masajes\\\/#primaryimage\",\"url\":\"https:\\\/\\\/soguapa.com\\\/wp-content\\\/uploads\\\/2022\\\/05\\\/woodtherapy-treatment.jpg\",\"contentUrl\":\"https:\\\/\\\/soguapa.com\\\/wp-content\\\/uploads\\\/2022\\\/05\\\/woodtherapy-treatment.jpg\",\"width\":1366,\"height\":768,\"caption\":\"woodtherapy-treatment\"},{\"@type\":\"BreadcrumbList\",\"@id\":\"https:\\\/\\\/soguapa.com\\\/es\\\/tratamientos-adelgazantes-slimming\\\/maderoterapia-masajes\\\/#breadcrumb\",\"itemListElement\":[{\"@type\":\"ListItem\",\"position\":1,\"name\":\"Home\",\"item\":\"https:\\\/\\\/soguapa.com\\\/\"},{\"@type\":\"ListItem\",\"position\":2,\"name\":\"Tratamientos adelgazantes &#038; Slimming\",\"item\":\"https:\\\/\\\/soguapa.com\\\/es\\\/tratamientos-adelgazantes-slimming\\\/\"},{\"@type\":\"ListItem\",\"position\":3,\"name\":\"Madero terapia\"}]},{\"@type\":\"WebSite\",\"@id\":\"https:\\\/\\\/soguapa.com\\\/#website\",\"url\":\"https:\\\/\\\/soguapa.com\\\/\",\"name\":\"soGuapa Beauty Expert\",\"description\":\"Beauty Treatments Malta\",\"publisher\":{\"@id\":\"https:\\\/\\\/soguapa.com\\\/#organization\"},\"potentialAction\":[{\"@type\":\"SearchAction\",\"target\":{\"@type\":\"EntryPoint\",\"urlTemplate\":\"https:\\\/\\\/soguapa.com\\\/?s={search_term_string}\"},\"query-input\":{\"@type\":\"PropertyValueSpecification\",\"valueRequired\":true,\"valueName\":\"search_term_string\"}}],\"inLanguage\":\"es\"},{\"@type\":\"Organization\",\"@id\":\"https:\\\/\\\/soguapa.com\\\/#organization\",\"name\":\"soGuapa\",\"url\":\"https:\\\/\\\/soguapa.com\\\/\",\"logo\":{\"@type\":\"ImageObject\",\"inLanguage\":\"es\",\"@id\":\"https:\\\/\\\/soguapa.com\\\/#\\\/schema\\\/logo\\\/image\\\/\",\"url\":\"https:\\\/\\\/soguapa.com\\\/wp-content\\\/uploads\\\/2022\\\/05\\\/logo-So-Guapa-by-Ingrid.jpg\",\"contentUrl\":\"https:\\\/\\\/soguapa.com\\\/wp-content\\\/uploads\\\/2022\\\/05\\\/logo-So-Guapa-by-Ingrid.jpg\",\"width\":200,\"height\":80,\"caption\":\"soGuapa\"},\"image\":{\"@id\":\"https:\\\/\\\/soguapa.com\\\/#\\\/schema\\\/logo\\\/image\\\/\"},\"sameAs\":[\"https:\\\/\\\/es-la.facebook.com\\\/SoguapabeautyExpert\\\/\",\"https:\\\/\\\/www.instagram.com\\\/soguapabyingrid\\\/\"]}]}<\/script>\n<!-- \/ Yoast SEO plugin. -->","yoast_head_json":{"title":"Maderoterapia - soGuapa","description":"La maderoterapia elimina la acumulaci\u00f3n de grasas en el cuerpo, caderas, espalda o abdomen. Moldea gl\u00fateos para dar apariencia m\u00e1s firme.","robots":{"index":"index","follow":"follow","max-snippet":"max-snippet:-1","max-image-preview":"max-image-preview:large","max-video-preview":"max-video-preview:-1"},"canonical":"https:\/\/soguapa.com\/es\/tratamientos-adelgazantes-slimming\/maderoterapia-masajes\/","og_locale":"es_ES","og_type":"article","og_title":"Maderoterapia - soGuapa","og_description":"La maderoterapia elimina la acumulaci\u00f3n de grasas en el cuerpo, caderas, espalda o abdomen. Moldea gl\u00fateos para dar apariencia m\u00e1s firme.","og_url":"https:\/\/soguapa.com\/es\/tratamientos-adelgazantes-slimming\/maderoterapia-masajes\/","og_site_name":"soGuapa Beauty Expert","article_publisher":"https:\/\/es-la.facebook.com\/SoguapabeautyExpert\/","article_modified_time":"2022-06-06T12:00:57+00:00","og_image":[{"width":1366,"height":768,"url":"https:\/\/soguapa.com\/wp-content\/uploads\/2022\/05\/woodtherapy-treatment.jpg","type":"image\/jpeg"}],"twitter_card":"summary_large_image","twitter_misc":{"Tiempo de lectura":"1 minuto"},"schema":{"@context":"https:\/\/schema.org","@graph":[{"@type":"WebPage","@id":"https:\/\/soguapa.com\/es\/tratamientos-adelgazantes-slimming\/maderoterapia-masajes\/","url":"https:\/\/soguapa.com\/es\/tratamientos-adelgazantes-slimming\/maderoterapia-masajes\/","name":"Maderoterapia - soGuapa","isPartOf":{"@id":"https:\/\/soguapa.com\/#website"},"primaryImageOfPage":{"@id":"https:\/\/soguapa.com\/es\/tratamientos-adelgazantes-slimming\/maderoterapia-masajes\/#primaryimage"},"image":{"@id":"https:\/\/soguapa.com\/es\/tratamientos-adelgazantes-slimming\/maderoterapia-masajes\/#primaryimage"},"thumbnailUrl":"https:\/\/soguapa.com\/wp-content\/uploads\/2022\/05\/woodtherapy-treatment.jpg","datePublished":"2022-05-26T07:48:51+00:00","dateModified":"2022-06-06T12:00:57+00:00","description":"La maderoterapia elimina la acumulaci\u00f3n de grasas en el cuerpo, caderas, espalda o abdomen. Moldea gl\u00fateos para dar apariencia m\u00e1s firme.","breadcrumb":{"@id":"https:\/\/soguapa.com\/es\/tratamientos-adelgazantes-slimming\/maderoterapia-masajes\/#breadcrumb"},"inLanguage":"es","potentialAction":[{"@type":"ReadAction","target":["https:\/\/soguapa.com\/es\/tratamientos-adelgazantes-slimming\/maderoterapia-masajes\/"]}]},{"@type":"ImageObject","inLanguage":"es","@id":"https:\/\/soguapa.com\/es\/tratamientos-adelgazantes-slimming\/maderoterapia-masajes\/#primaryimage","url":"https:\/\/soguapa.com\/wp-content\/uploads\/2022\/05\/woodtherapy-treatment.jpg","contentUrl":"https:\/\/soguapa.com\/wp-content\/uploads\/2022\/05\/woodtherapy-treatment.jpg","width":1366,"height":768,"caption":"woodtherapy-treatment"},{"@type":"BreadcrumbList","@id":"https:\/\/soguapa.com\/es\/tratamientos-adelgazantes-slimming\/maderoterapia-masajes\/#breadcrumb","itemListElement":[{"@type":"ListItem","position":1,"name":"Home","item":"https:\/\/soguapa.com\/"},{"@type":"ListItem","position":2,"name":"Tratamientos adelgazantes &#038; Slimming","item":"https:\/\/soguapa.com\/es\/tratamientos-adelgazantes-slimming\/"},{"@type":"ListItem","position":3,"name":"Madero terapia"}]},{"@type":"WebSite","@id":"https:\/\/soguapa.com\/#website","url":"https:\/\/soguapa.com\/","name":"soGuapa Beauty Expert","description":"Beauty Treatments Malta","publisher":{"@id":"https:\/\/soguapa.com\/#organization"},"potentialAction":[{"@type":"SearchAction","target":{"@type":"EntryPoint","urlTemplate":"https:\/\/soguapa.com\/?s={search_term_string}"},"query-input":{"@type":"PropertyValueSpecification","valueRequired":true,"valueName":"search_term_string"}}],"inLanguage":"es"},{"@type":"Organization","@id":"https:\/\/soguapa.com\/#organization","name":"soGuapa","url":"https:\/\/soguapa.com\/","logo":{"@type":"ImageObject","inLanguage":"es","@id":"https:\/\/soguapa.com\/#\/schema\/logo\/image\/","url":"https:\/\/soguapa.com\/wp-content\/uploads\/2022\/05\/logo-So-Guapa-by-Ingrid.jpg","contentUrl":"https:\/\/soguapa.com\/wp-content\/uploads\/2022\/05\/logo-So-Guapa-by-Ingrid.jpg","width":200,"height":80,"caption":"soGuapa"},"image":{"@id":"https:\/\/soguapa.com\/#\/schema\/logo\/image\/"},"sameAs":["https:\/\/es-la.facebook.com\/SoguapabeautyExpert\/","https:\/\/www.instagram.com\/soguapabyingrid\/"]}]}},"_links":{"self":[{"href":"https:\/\/soguapa.com\/es\/wp-json\/wp\/v2\/pages\/898","targetHints":{"allow":["GET"]}}],"collection":[{"href":"https:\/\/soguapa.com\/es\/wp-json\/wp\/v2\/pages"}],"about":[{"href":"https:\/\/soguapa.com\/es\/wp-json\/wp\/v2\/types\/page"}],"author":[{"embeddable":true,"href":"https:\/\/soguapa.com\/es\/wp-json\/wp\/v2\/users\/1"}],"replies":[{"embeddable":true,"href":"https:\/\/soguapa.com\/es\/wp-json\/wp\/v2\/comments?post=898"}],"version-history":[{"count":0,"href":"https:\/\/soguapa.com\/es\/wp-json\/wp\/v2\/pages\/898\/revisions"}],"up":[{"embeddable":true,"href":"https:\/\/soguapa.com\/es\/wp-json\/wp\/v2\/pages\/932"}],"wp:featuredmedia":[{"embeddable":true,"href":"https:\/\/soguapa.com\/es\/wp-json\/wp\/v2\/media\/673"}],"wp:attachment":[{"href":"https:\/\/soguapa.com\/es\/wp-json\/wp\/v2\/media?parent=898"}],"wp:term":[{"taxonomy":"wf_page_folders","embeddable":true,"href":"https:\/\/soguapa.com\/es\/wp-json\/wp\/v2\/wf_page_folders?post=898"}],"curies":[{"name":"wp","href":"https:\/\/api.w.org\/{rel}","templated":true}]}}