{"id":876,"date":"2022-05-20T14:14:39","date_gmt":"2022-05-20T14:14:39","guid":{"rendered":"http:\/\/nancyyanethc3.sg-host.com\/packs-treatments\/"},"modified":"2022-05-28T14:24:21","modified_gmt":"2022-05-28T14:24:21","slug":"masaje-de-drenaje-linfatico","status":"publish","type":"page","link":"https:\/\/soguapa.com\/es\/tratamientos-adelgazantes-slimming\/masaje-de-drenaje-linfatico\/","title":{"rendered":"Masaje de drenaje linf\u00e1tico"},"content":{"rendered":"\n<div class=\"wp-block-media-text is-stacked-on-mobile\" style=\"grid-template-columns:30% auto\"><figure class=\"wp-block-media-text__media\"><video controls src=\"https:\/\/soguapa.com\/wp-content\/uploads\/2022\/05\/Linphatic-drenage-treatment-soGuapa.mp4\"><\/video><\/figure><div class=\"wp-block-media-text__content\">\n<p class=\"has-large-font-size\">El drenaje linf\u00e1tico manual<\/p>\n\n\n\n<p>Es una t\u00e9cnica de masaje avanzada utilizada en fisioterapia y est\u00e9tica. Su finalidad es la activaci\u00f3n manual del sistema linf\u00e1tico superficial con el fin de facilitar el drenaje del l\u00edquido linf\u00e1tico, estancada por cualquier causa patol\u00f3gica, hacia territorios linf\u00e1ticos sanos para su normal evacuaci\u00f3n hacia el torrente venoso.<\/p>\n\n\n\n<p>As\u00ed se evita su estancamiento o saturaci\u00f3n por sustancias de desecho o g\u00e9rmenes nocivos, adem\u00e1s de ayudar a arrastrar los l\u00edquidos retenidos hacia el sistema circulatorio y la sangre.<\/p>\n<\/div><\/div>\n\n\n\n<p><\/p>\n\n\n\n<p>El tratamiento con drenaje linf\u00e1tico manual es una t\u00e9cnica que requiere especializaci\u00f3n y un profundo conocimiento de la anatom\u00eda y fisiolog\u00eda de los sistemas linf\u00e1tico y venoso por parte del terapeuta para conseguir el resultado \u00f3ptimo del tratamiento.<\/p>\n\n\n\n<h2 class=\"wp-block-heading\">\u00bfEn qu\u00e9 consiste el drenaje linf\u00e1tico?<\/h2>\n\n\n\n<p>El drenaje linf\u00e1tico manual aplica masajes en determinadas zonas del cuerpo, siguiendo unas pautas que le permitan cumplir su funci\u00f3n. El masaje debe conseguir un efecto placentero y relajante mediante un movimiento lento y repetitivo en direcci\u00f3n a los conductos linf\u00e1ticos <\/p>\n","protected":false},"excerpt":{"rendered":"<p>El drenaje linf\u00e1tico manual Es una t\u00e9cnica de masaje avanzada utilizada en fisioterapia y est\u00e9tica. Su finalidad es la activaci\u00f3n manual del sistema linf\u00e1tico superficial con el fin de facilitar el drenaje del l\u00edquido linf\u00e1tico, estancada por cualquier causa patol\u00f3gica, hacia territorios linf\u00e1ticos sanos para su normal evacuaci\u00f3n hacia el torrente venoso. As\u00ed se evita [&hellip;]<\/p>\n","protected":false},"author":1,"featured_media":674,"parent":932,"menu_order":0,"comment_status":"closed","ping_status":"closed","template":"","meta":{"_monsterinsights_skip_tracking":false,"_monsterinsights_sitenote_active":false,"_monsterinsights_sitenote_note":"","_monsterinsights_sitenote_category":0,"footnotes":""},"wf_page_folders":[],"class_list":["post-876","page","type-page","status-publish","has-post-thumbnail","hentry"],"yoast_head":"<!-- This site is optimized with the Yoast SEO plugin v27.4 - https:\/\/yoast.com\/product\/yoast-seo-wordpress\/ -->\n<title>Masaje de drenaje linf\u00e1tico - soGuapa<\/title>\n<meta name=\"robots\" content=\"index, follow, max-snippet:-1, max-image-preview:large, max-video-preview:-1\" \/>\n<link rel=\"canonical\" href=\"https:\/\/soguapa.com\/es\/tratamientos-adelgazantes-slimming\/masaje-de-drenaje-linfatico\/\" \/>\n<meta property=\"og:locale\" content=\"es_ES\" \/>\n<meta property=\"og:type\" content=\"article\" \/>\n<meta property=\"og:title\" content=\"Masaje de drenaje linf\u00e1tico - soGuapa\" \/>\n<meta property=\"og:description\" content=\"El drenaje linf\u00e1tico manual Es una t\u00e9cnica de masaje avanzada utilizada en fisioterapia y est\u00e9tica. Su finalidad es la activaci\u00f3n manual del sistema linf\u00e1tico superficial con el fin de facilitar el drenaje del l\u00edquido linf\u00e1tico, estancada por cualquier causa patol\u00f3gica, hacia territorios linf\u00e1ticos sanos para su normal evacuaci\u00f3n hacia el torrente venoso. As\u00ed se evita [&hellip;]\" \/>\n<meta property=\"og:url\" content=\"https:\/\/soguapa.com\/es\/tratamientos-adelgazantes-slimming\/masaje-de-drenaje-linfatico\/\" \/>\n<meta property=\"og:site_name\" content=\"soGuapa Beauty Expert\" \/>\n<meta property=\"article:publisher\" content=\"https:\/\/es-la.facebook.com\/SoguapabeautyExpert\/\" \/>\n<meta property=\"article:modified_time\" content=\"2022-05-28T14:24:21+00:00\" \/>\n<meta property=\"og:image\" content=\"https:\/\/soguapa.com\/wp-content\/uploads\/2022\/05\/lymphatic-drainage.jpg\" \/>\n\t<meta property=\"og:image:width\" content=\"1366\" \/>\n\t<meta property=\"og:image:height\" content=\"768\" \/>\n\t<meta property=\"og:image:type\" content=\"image\/jpeg\" \/>\n<meta name=\"twitter:card\" content=\"summary_large_image\" \/>\n<meta name=\"twitter:label1\" content=\"Tiempo de lectura\" \/>\n\t<meta name=\"twitter:data1\" content=\"1 minuto\" \/>\n<script type=\"application\/ld+json\" class=\"yoast-schema-graph\">{\"@context\":\"https:\\\/\\\/schema.org\",\"@graph\":[{\"@type\":\"WebPage\",\"@id\":\"https:\\\/\\\/soguapa.com\\\/es\\\/tratamientos-adelgazantes-slimming\\\/masaje-de-drenaje-linfatico\\\/\",\"url\":\"https:\\\/\\\/soguapa.com\\\/es\\\/tratamientos-adelgazantes-slimming\\\/masaje-de-drenaje-linfatico\\\/\",\"name\":\"Masaje de drenaje linf\u00e1tico - soGuapa\",\"isPartOf\":{\"@id\":\"https:\\\/\\\/soguapa.com\\\/#website\"},\"primaryImageOfPage\":{\"@id\":\"https:\\\/\\\/soguapa.com\\\/es\\\/tratamientos-adelgazantes-slimming\\\/masaje-de-drenaje-linfatico\\\/#primaryimage\"},\"image\":{\"@id\":\"https:\\\/\\\/soguapa.com\\\/es\\\/tratamientos-adelgazantes-slimming\\\/masaje-de-drenaje-linfatico\\\/#primaryimage\"},\"thumbnailUrl\":\"https:\\\/\\\/soguapa.com\\\/wp-content\\\/uploads\\\/2022\\\/05\\\/lymphatic-drainage.jpg\",\"datePublished\":\"2022-05-20T14:14:39+00:00\",\"dateModified\":\"2022-05-28T14:24:21+00:00\",\"breadcrumb\":{\"@id\":\"https:\\\/\\\/soguapa.com\\\/es\\\/tratamientos-adelgazantes-slimming\\\/masaje-de-drenaje-linfatico\\\/#breadcrumb\"},\"inLanguage\":\"es\",\"potentialAction\":[{\"@type\":\"ReadAction\",\"target\":[\"https:\\\/\\\/soguapa.com\\\/es\\\/tratamientos-adelgazantes-slimming\\\/masaje-de-drenaje-linfatico\\\/\"]}]},{\"@type\":\"ImageObject\",\"inLanguage\":\"es\",\"@id\":\"https:\\\/\\\/soguapa.com\\\/es\\\/tratamientos-adelgazantes-slimming\\\/masaje-de-drenaje-linfatico\\\/#primaryimage\",\"url\":\"https:\\\/\\\/soguapa.com\\\/wp-content\\\/uploads\\\/2022\\\/05\\\/lymphatic-drainage.jpg\",\"contentUrl\":\"https:\\\/\\\/soguapa.com\\\/wp-content\\\/uploads\\\/2022\\\/05\\\/lymphatic-drainage.jpg\",\"width\":1366,\"height\":768,\"caption\":\"lymphatic-drainage service\"},{\"@type\":\"BreadcrumbList\",\"@id\":\"https:\\\/\\\/soguapa.com\\\/es\\\/tratamientos-adelgazantes-slimming\\\/masaje-de-drenaje-linfatico\\\/#breadcrumb\",\"itemListElement\":[{\"@type\":\"ListItem\",\"position\":1,\"name\":\"Home\",\"item\":\"https:\\\/\\\/soguapa.com\\\/\"},{\"@type\":\"ListItem\",\"position\":2,\"name\":\"Tratamientos adelgazantes &#038; Slimming\",\"item\":\"https:\\\/\\\/soguapa.com\\\/es\\\/tratamientos-adelgazantes-slimming\\\/\"},{\"@type\":\"ListItem\",\"position\":3,\"name\":\"Masaje de drenaje linf\u00e1tico\"}]},{\"@type\":\"WebSite\",\"@id\":\"https:\\\/\\\/soguapa.com\\\/#website\",\"url\":\"https:\\\/\\\/soguapa.com\\\/\",\"name\":\"soGuapa Beauty Expert\",\"description\":\"Beauty Treatments Malta\",\"publisher\":{\"@id\":\"https:\\\/\\\/soguapa.com\\\/#organization\"},\"potentialAction\":[{\"@type\":\"SearchAction\",\"target\":{\"@type\":\"EntryPoint\",\"urlTemplate\":\"https:\\\/\\\/soguapa.com\\\/?s={search_term_string}\"},\"query-input\":{\"@type\":\"PropertyValueSpecification\",\"valueRequired\":true,\"valueName\":\"search_term_string\"}}],\"inLanguage\":\"es\"},{\"@type\":\"Organization\",\"@id\":\"https:\\\/\\\/soguapa.com\\\/#organization\",\"name\":\"soGuapa\",\"url\":\"https:\\\/\\\/soguapa.com\\\/\",\"logo\":{\"@type\":\"ImageObject\",\"inLanguage\":\"es\",\"@id\":\"https:\\\/\\\/soguapa.com\\\/#\\\/schema\\\/logo\\\/image\\\/\",\"url\":\"https:\\\/\\\/soguapa.com\\\/wp-content\\\/uploads\\\/2022\\\/05\\\/logo-So-Guapa-by-Ingrid.jpg\",\"contentUrl\":\"https:\\\/\\\/soguapa.com\\\/wp-content\\\/uploads\\\/2022\\\/05\\\/logo-So-Guapa-by-Ingrid.jpg\",\"width\":200,\"height\":80,\"caption\":\"soGuapa\"},\"image\":{\"@id\":\"https:\\\/\\\/soguapa.com\\\/#\\\/schema\\\/logo\\\/image\\\/\"},\"sameAs\":[\"https:\\\/\\\/es-la.facebook.com\\\/SoguapabeautyExpert\\\/\",\"https:\\\/\\\/www.instagram.com\\\/soguapabyingrid\\\/\"]}]}<\/script>\n<!-- \/ Yoast SEO plugin. -->","yoast_head_json":{"title":"Masaje de drenaje linf\u00e1tico - soGuapa","robots":{"index":"index","follow":"follow","max-snippet":"max-snippet:-1","max-image-preview":"max-image-preview:large","max-video-preview":"max-video-preview:-1"},"canonical":"https:\/\/soguapa.com\/es\/tratamientos-adelgazantes-slimming\/masaje-de-drenaje-linfatico\/","og_locale":"es_ES","og_type":"article","og_title":"Masaje de drenaje linf\u00e1tico - soGuapa","og_description":"El drenaje linf\u00e1tico manual Es una t\u00e9cnica de masaje avanzada utilizada en fisioterapia y est\u00e9tica. Su finalidad es la activaci\u00f3n manual del sistema linf\u00e1tico superficial con el fin de facilitar el drenaje del l\u00edquido linf\u00e1tico, estancada por cualquier causa patol\u00f3gica, hacia territorios linf\u00e1ticos sanos para su normal evacuaci\u00f3n hacia el torrente venoso. As\u00ed se evita [&hellip;]","og_url":"https:\/\/soguapa.com\/es\/tratamientos-adelgazantes-slimming\/masaje-de-drenaje-linfatico\/","og_site_name":"soGuapa Beauty Expert","article_publisher":"https:\/\/es-la.facebook.com\/SoguapabeautyExpert\/","article_modified_time":"2022-05-28T14:24:21+00:00","og_image":[{"width":1366,"height":768,"url":"https:\/\/soguapa.com\/wp-content\/uploads\/2022\/05\/lymphatic-drainage.jpg","type":"image\/jpeg"}],"twitter_card":"summary_large_image","twitter_misc":{"Tiempo de lectura":"1 minuto"},"schema":{"@context":"https:\/\/schema.org","@graph":[{"@type":"WebPage","@id":"https:\/\/soguapa.com\/es\/tratamientos-adelgazantes-slimming\/masaje-de-drenaje-linfatico\/","url":"https:\/\/soguapa.com\/es\/tratamientos-adelgazantes-slimming\/masaje-de-drenaje-linfatico\/","name":"Masaje de drenaje linf\u00e1tico - soGuapa","isPartOf":{"@id":"https:\/\/soguapa.com\/#website"},"primaryImageOfPage":{"@id":"https:\/\/soguapa.com\/es\/tratamientos-adelgazantes-slimming\/masaje-de-drenaje-linfatico\/#primaryimage"},"image":{"@id":"https:\/\/soguapa.com\/es\/tratamientos-adelgazantes-slimming\/masaje-de-drenaje-linfatico\/#primaryimage"},"thumbnailUrl":"https:\/\/soguapa.com\/wp-content\/uploads\/2022\/05\/lymphatic-drainage.jpg","datePublished":"2022-05-20T14:14:39+00:00","dateModified":"2022-05-28T14:24:21+00:00","breadcrumb":{"@id":"https:\/\/soguapa.com\/es\/tratamientos-adelgazantes-slimming\/masaje-de-drenaje-linfatico\/#breadcrumb"},"inLanguage":"es","potentialAction":[{"@type":"ReadAction","target":["https:\/\/soguapa.com\/es\/tratamientos-adelgazantes-slimming\/masaje-de-drenaje-linfatico\/"]}]},{"@type":"ImageObject","inLanguage":"es","@id":"https:\/\/soguapa.com\/es\/tratamientos-adelgazantes-slimming\/masaje-de-drenaje-linfatico\/#primaryimage","url":"https:\/\/soguapa.com\/wp-content\/uploads\/2022\/05\/lymphatic-drainage.jpg","contentUrl":"https:\/\/soguapa.com\/wp-content\/uploads\/2022\/05\/lymphatic-drainage.jpg","width":1366,"height":768,"caption":"lymphatic-drainage service"},{"@type":"BreadcrumbList","@id":"https:\/\/soguapa.com\/es\/tratamientos-adelgazantes-slimming\/masaje-de-drenaje-linfatico\/#breadcrumb","itemListElement":[{"@type":"ListItem","position":1,"name":"Home","item":"https:\/\/soguapa.com\/"},{"@type":"ListItem","position":2,"name":"Tratamientos adelgazantes &#038; Slimming","item":"https:\/\/soguapa.com\/es\/tratamientos-adelgazantes-slimming\/"},{"@type":"ListItem","position":3,"name":"Masaje de drenaje linf\u00e1tico"}]},{"@type":"WebSite","@id":"https:\/\/soguapa.com\/#website","url":"https:\/\/soguapa.com\/","name":"soGuapa Beauty Expert","description":"Beauty Treatments Malta","publisher":{"@id":"https:\/\/soguapa.com\/#organization"},"potentialAction":[{"@type":"SearchAction","target":{"@type":"EntryPoint","urlTemplate":"https:\/\/soguapa.com\/?s={search_term_string}"},"query-input":{"@type":"PropertyValueSpecification","valueRequired":true,"valueName":"search_term_string"}}],"inLanguage":"es"},{"@type":"Organization","@id":"https:\/\/soguapa.com\/#organization","name":"soGuapa","url":"https:\/\/soguapa.com\/","logo":{"@type":"ImageObject","inLanguage":"es","@id":"https:\/\/soguapa.com\/#\/schema\/logo\/image\/","url":"https:\/\/soguapa.com\/wp-content\/uploads\/2022\/05\/logo-So-Guapa-by-Ingrid.jpg","contentUrl":"https:\/\/soguapa.com\/wp-content\/uploads\/2022\/05\/logo-So-Guapa-by-Ingrid.jpg","width":200,"height":80,"caption":"soGuapa"},"image":{"@id":"https:\/\/soguapa.com\/#\/schema\/logo\/image\/"},"sameAs":["https:\/\/es-la.facebook.com\/SoguapabeautyExpert\/","https:\/\/www.instagram.com\/soguapabyingrid\/"]}]}},"_links":{"self":[{"href":"https:\/\/soguapa.com\/es\/wp-json\/wp\/v2\/pages\/876","targetHints":{"allow":["GET"]}}],"collection":[{"href":"https:\/\/soguapa.com\/es\/wp-json\/wp\/v2\/pages"}],"about":[{"href":"https:\/\/soguapa.com\/es\/wp-json\/wp\/v2\/types\/page"}],"author":[{"embeddable":true,"href":"https:\/\/soguapa.com\/es\/wp-json\/wp\/v2\/users\/1"}],"replies":[{"embeddable":true,"href":"https:\/\/soguapa.com\/es\/wp-json\/wp\/v2\/comments?post=876"}],"version-history":[{"count":0,"href":"https:\/\/soguapa.com\/es\/wp-json\/wp\/v2\/pages\/876\/revisions"}],"up":[{"embeddable":true,"href":"https:\/\/soguapa.com\/es\/wp-json\/wp\/v2\/pages\/932"}],"wp:featuredmedia":[{"embeddable":true,"href":"https:\/\/soguapa.com\/es\/wp-json\/wp\/v2\/media\/674"}],"wp:attachment":[{"href":"https:\/\/soguapa.com\/es\/wp-json\/wp\/v2\/media?parent=876"}],"wp:term":[{"taxonomy":"wf_page_folders","embeddable":true,"href":"https:\/\/soguapa.com\/es\/wp-json\/wp\/v2\/wf_page_folders?post=876"}],"curies":[{"name":"wp","href":"https:\/\/api.w.org\/{rel}","templated":true}]}}