{"id":1929,"date":"2022-06-26T06:22:30","date_gmt":"2022-06-26T06:22:30","guid":{"rendered":"https:\/\/soguapa.com\/crioterapia\/"},"modified":"2022-06-26T06:24:40","modified_gmt":"2022-06-26T06:24:40","slug":"crioterapia-para-adelgazar","status":"publish","type":"page","link":"https:\/\/soguapa.com\/es\/tratamientos-adelgazantes-slimming\/crioterapia-para-adelgazar\/","title":{"rendered":"Crioterapia"},"content":{"rendered":"\n<h2 class=\"wp-block-heading\">\u00bfC\u00f3mo se hace la crioterapia?<\/h2>\n\n\n\n<p>La&nbsp;crioterapia se&nbsp;realiza usando un hisopo de algod\u00f3n que ha sido sumergido en nitr\u00f3geno l\u00edquido o una sonda que tiene nitr\u00f3geno l\u00edquido que fluye a trav\u00e9s de ella. El procedimiento&nbsp;se hace&nbsp;en el consultorio de su proveedor de atenci\u00f3n m\u00e9dica y por lo regular toma menos de un minuto.<\/p>\n\n\n\n<div style=\"height:30px\" aria-hidden=\"true\" class=\"wp-block-spacer\"><\/div>\n\n\n\n<h2 class=\"wp-block-heading\">Crioterapia para adelgazar<\/h2>\n\n\n\n<p>La&nbsp;crioterapia&nbsp;para perder peso consiste en aplicar fr\u00edo intenso en todo el cuerpo durante un corto periodo de tiempo mediante una cr\u00edo sauna de cuerpo entero. Este fr\u00edo intenso provoca un fuerte descenso de la temperatura corporal.<\/p>\n\n\n\n<div style=\"height:30px\" aria-hidden=\"true\" class=\"wp-block-spacer\"><\/div>\n\n\n\n<h2 class=\"wp-block-heading\">Crioterapia el abdomen<\/h2>\n\n\n\n<p>Tambi\u00e9n llamada criolip\u00f3lisis. Sirve para acabar con la grasa de m\u00faltiples zonas localizadas como las cartucheras, el&nbsp;<strong>abdomen<\/strong>, los flancos\u2026 a trav\u00e9s del fr\u00edo congelando el tejido adiposo y provocando despu\u00e9s su muerte celular.<\/p>\n\n\n\n<div style=\"height:30px\" aria-hidden=\"true\" class=\"wp-block-spacer\"><\/div>\n\n\n\n<figure class=\"wp-block-image size-large\"><img fetchpriority=\"high\" decoding=\"async\" width=\"1024\" height=\"576\" src=\"https:\/\/soguapa.com\/wp-content\/uploads\/2022\/06\/creioterapia-adelgazar-tratamiento-1024x576.jpg\" alt=\"creioterapia-adelgazar-tratamiento\" class=\"wp-image-1926\" srcset=\"https:\/\/soguapa.com\/wp-content\/uploads\/2022\/06\/creioterapia-adelgazar-tratamiento-1024x576.jpg 1024w, https:\/\/soguapa.com\/wp-content\/uploads\/2022\/06\/creioterapia-adelgazar-tratamiento-300x169.jpg 300w, https:\/\/soguapa.com\/wp-content\/uploads\/2022\/06\/creioterapia-adelgazar-tratamiento-768x432.jpg 768w, https:\/\/soguapa.com\/wp-content\/uploads\/2022\/06\/creioterapia-adelgazar-tratamiento-600x337.jpg 600w, https:\/\/soguapa.com\/wp-content\/uploads\/2022\/06\/creioterapia-adelgazar-tratamiento.jpg 1366w\" sizes=\"(max-width: 1024px) 100vw, 1024px\" \/><\/figure>\n","protected":false},"excerpt":{"rendered":"<p>\u00bfC\u00f3mo se hace la crioterapia? La&nbsp;crioterapia se&nbsp;realiza usando un hisopo de algod\u00f3n que ha sido sumergido en nitr\u00f3geno l\u00edquido o una sonda que tiene nitr\u00f3geno l\u00edquido que fluye a trav\u00e9s de ella. El procedimiento&nbsp;se hace&nbsp;en el consultorio de su proveedor de atenci\u00f3n m\u00e9dica y por lo regular toma menos de un minuto. Crioterapia para adelgazar [&hellip;]<\/p>\n","protected":false},"author":1,"featured_media":1927,"parent":932,"menu_order":0,"comment_status":"closed","ping_status":"closed","template":"","meta":{"_monsterinsights_skip_tracking":false,"_monsterinsights_sitenote_active":false,"_monsterinsights_sitenote_note":"","_monsterinsights_sitenote_category":0,"footnotes":""},"wf_page_folders":[],"class_list":["post-1929","page","type-page","status-publish","has-post-thumbnail","hentry"],"yoast_head":"<!-- This site is optimized with the Yoast SEO plugin v27.4 - https:\/\/yoast.com\/product\/yoast-seo-wordpress\/ -->\n<title>Crioterapia para adelgazar - soGuapa<\/title>\n<meta name=\"description\" content=\"La\u00a0crioterapia\u00a0para perder peso consiste en aplicar fr\u00edo intenso en todo el cuerpo durante un corto periodo de tiempo mediante una cr\u00edo sauna de cuerpo entero.\" \/>\n<meta name=\"robots\" content=\"index, follow, max-snippet:-1, max-image-preview:large, max-video-preview:-1\" \/>\n<link rel=\"canonical\" href=\"https:\/\/soguapa.com\/es\/tratamientos-adelgazantes-slimming\/crioterapia-para-adelgazar\/\" \/>\n<meta property=\"og:locale\" content=\"es_ES\" \/>\n<meta property=\"og:type\" content=\"article\" \/>\n<meta property=\"og:title\" content=\"Crioterapia para adelgazar - soGuapa\" \/>\n<meta property=\"og:description\" content=\"La\u00a0crioterapia\u00a0para perder peso consiste en aplicar fr\u00edo intenso en todo el cuerpo durante un corto periodo de tiempo mediante una cr\u00edo sauna de cuerpo entero.\" \/>\n<meta property=\"og:url\" content=\"https:\/\/soguapa.com\/es\/tratamientos-adelgazantes-slimming\/crioterapia-para-adelgazar\/\" \/>\n<meta property=\"og:site_name\" content=\"soGuapa Beauty Expert\" \/>\n<meta property=\"article:publisher\" content=\"https:\/\/es-la.facebook.com\/SoguapabeautyExpert\/\" \/>\n<meta property=\"article:modified_time\" content=\"2022-06-26T06:24:40+00:00\" \/>\n<meta property=\"og:image\" content=\"https:\/\/soguapa.com\/wp-content\/uploads\/2022\/06\/creioterapia-adelgazar-tratamiento.jpg\" \/>\n\t<meta property=\"og:image:width\" content=\"1366\" \/>\n\t<meta property=\"og:image:height\" content=\"768\" \/>\n\t<meta property=\"og:image:type\" content=\"image\/jpeg\" \/>\n<meta name=\"twitter:card\" content=\"summary_large_image\" \/>\n<meta name=\"twitter:label1\" content=\"Tiempo de lectura\" \/>\n\t<meta name=\"twitter:data1\" content=\"1 minuto\" \/>\n<script type=\"application\/ld+json\" class=\"yoast-schema-graph\">{\"@context\":\"https:\\\/\\\/schema.org\",\"@graph\":[{\"@type\":\"WebPage\",\"@id\":\"https:\\\/\\\/soguapa.com\\\/es\\\/tratamientos-adelgazantes-slimming\\\/crioterapia-para-adelgazar\\\/\",\"url\":\"https:\\\/\\\/soguapa.com\\\/es\\\/tratamientos-adelgazantes-slimming\\\/crioterapia-para-adelgazar\\\/\",\"name\":\"Crioterapia para adelgazar - soGuapa\",\"isPartOf\":{\"@id\":\"https:\\\/\\\/soguapa.com\\\/#website\"},\"primaryImageOfPage\":{\"@id\":\"https:\\\/\\\/soguapa.com\\\/es\\\/tratamientos-adelgazantes-slimming\\\/crioterapia-para-adelgazar\\\/#primaryimage\"},\"image\":{\"@id\":\"https:\\\/\\\/soguapa.com\\\/es\\\/tratamientos-adelgazantes-slimming\\\/crioterapia-para-adelgazar\\\/#primaryimage\"},\"thumbnailUrl\":\"https:\\\/\\\/soguapa.com\\\/wp-content\\\/uploads\\\/2022\\\/06\\\/creioterapia-adelgazar-tratamiento.jpg\",\"datePublished\":\"2022-06-26T06:22:30+00:00\",\"dateModified\":\"2022-06-26T06:24:40+00:00\",\"description\":\"La\u00a0crioterapia\u00a0para perder peso consiste en aplicar fr\u00edo intenso en todo el cuerpo durante un corto periodo de tiempo mediante una cr\u00edo sauna de cuerpo entero.\",\"breadcrumb\":{\"@id\":\"https:\\\/\\\/soguapa.com\\\/es\\\/tratamientos-adelgazantes-slimming\\\/crioterapia-para-adelgazar\\\/#breadcrumb\"},\"inLanguage\":\"es\",\"potentialAction\":[{\"@type\":\"ReadAction\",\"target\":[\"https:\\\/\\\/soguapa.com\\\/es\\\/tratamientos-adelgazantes-slimming\\\/crioterapia-para-adelgazar\\\/\"]}]},{\"@type\":\"ImageObject\",\"inLanguage\":\"es\",\"@id\":\"https:\\\/\\\/soguapa.com\\\/es\\\/tratamientos-adelgazantes-slimming\\\/crioterapia-para-adelgazar\\\/#primaryimage\",\"url\":\"https:\\\/\\\/soguapa.com\\\/wp-content\\\/uploads\\\/2022\\\/06\\\/creioterapia-adelgazar-tratamiento.jpg\",\"contentUrl\":\"https:\\\/\\\/soguapa.com\\\/wp-content\\\/uploads\\\/2022\\\/06\\\/creioterapia-adelgazar-tratamiento.jpg\",\"width\":1366,\"height\":768,\"caption\":\"creioterapia-adelgazar-tratamiento\"},{\"@type\":\"BreadcrumbList\",\"@id\":\"https:\\\/\\\/soguapa.com\\\/es\\\/tratamientos-adelgazantes-slimming\\\/crioterapia-para-adelgazar\\\/#breadcrumb\",\"itemListElement\":[{\"@type\":\"ListItem\",\"position\":1,\"name\":\"Home\",\"item\":\"https:\\\/\\\/soguapa.com\\\/\"},{\"@type\":\"ListItem\",\"position\":2,\"name\":\"Tratamientos adelgazantes &#038; Slimming\",\"item\":\"https:\\\/\\\/soguapa.com\\\/es\\\/tratamientos-adelgazantes-slimming\\\/\"},{\"@type\":\"ListItem\",\"position\":3,\"name\":\"Crioterapia\"}]},{\"@type\":\"WebSite\",\"@id\":\"https:\\\/\\\/soguapa.com\\\/#website\",\"url\":\"https:\\\/\\\/soguapa.com\\\/\",\"name\":\"soGuapa Beauty Expert\",\"description\":\"Beauty Treatments Malta\",\"publisher\":{\"@id\":\"https:\\\/\\\/soguapa.com\\\/#organization\"},\"potentialAction\":[{\"@type\":\"SearchAction\",\"target\":{\"@type\":\"EntryPoint\",\"urlTemplate\":\"https:\\\/\\\/soguapa.com\\\/?s={search_term_string}\"},\"query-input\":{\"@type\":\"PropertyValueSpecification\",\"valueRequired\":true,\"valueName\":\"search_term_string\"}}],\"inLanguage\":\"es\"},{\"@type\":\"Organization\",\"@id\":\"https:\\\/\\\/soguapa.com\\\/#organization\",\"name\":\"soGuapa\",\"url\":\"https:\\\/\\\/soguapa.com\\\/\",\"logo\":{\"@type\":\"ImageObject\",\"inLanguage\":\"es\",\"@id\":\"https:\\\/\\\/soguapa.com\\\/#\\\/schema\\\/logo\\\/image\\\/\",\"url\":\"https:\\\/\\\/soguapa.com\\\/wp-content\\\/uploads\\\/2022\\\/05\\\/logo-So-Guapa-by-Ingrid.jpg\",\"contentUrl\":\"https:\\\/\\\/soguapa.com\\\/wp-content\\\/uploads\\\/2022\\\/05\\\/logo-So-Guapa-by-Ingrid.jpg\",\"width\":200,\"height\":80,\"caption\":\"soGuapa\"},\"image\":{\"@id\":\"https:\\\/\\\/soguapa.com\\\/#\\\/schema\\\/logo\\\/image\\\/\"},\"sameAs\":[\"https:\\\/\\\/es-la.facebook.com\\\/SoguapabeautyExpert\\\/\",\"https:\\\/\\\/www.instagram.com\\\/soguapabyingrid\\\/\"]}]}<\/script>\n<!-- \/ Yoast SEO plugin. -->","yoast_head_json":{"title":"Crioterapia para adelgazar - soGuapa","description":"La\u00a0crioterapia\u00a0para perder peso consiste en aplicar fr\u00edo intenso en todo el cuerpo durante un corto periodo de tiempo mediante una cr\u00edo sauna de cuerpo entero.","robots":{"index":"index","follow":"follow","max-snippet":"max-snippet:-1","max-image-preview":"max-image-preview:large","max-video-preview":"max-video-preview:-1"},"canonical":"https:\/\/soguapa.com\/es\/tratamientos-adelgazantes-slimming\/crioterapia-para-adelgazar\/","og_locale":"es_ES","og_type":"article","og_title":"Crioterapia para adelgazar - soGuapa","og_description":"La\u00a0crioterapia\u00a0para perder peso consiste en aplicar fr\u00edo intenso en todo el cuerpo durante un corto periodo de tiempo mediante una cr\u00edo sauna de cuerpo entero.","og_url":"https:\/\/soguapa.com\/es\/tratamientos-adelgazantes-slimming\/crioterapia-para-adelgazar\/","og_site_name":"soGuapa Beauty Expert","article_publisher":"https:\/\/es-la.facebook.com\/SoguapabeautyExpert\/","article_modified_time":"2022-06-26T06:24:40+00:00","og_image":[{"width":1366,"height":768,"url":"https:\/\/soguapa.com\/wp-content\/uploads\/2022\/06\/creioterapia-adelgazar-tratamiento.jpg","type":"image\/jpeg"}],"twitter_card":"summary_large_image","twitter_misc":{"Tiempo de lectura":"1 minuto"},"schema":{"@context":"https:\/\/schema.org","@graph":[{"@type":"WebPage","@id":"https:\/\/soguapa.com\/es\/tratamientos-adelgazantes-slimming\/crioterapia-para-adelgazar\/","url":"https:\/\/soguapa.com\/es\/tratamientos-adelgazantes-slimming\/crioterapia-para-adelgazar\/","name":"Crioterapia para adelgazar - soGuapa","isPartOf":{"@id":"https:\/\/soguapa.com\/#website"},"primaryImageOfPage":{"@id":"https:\/\/soguapa.com\/es\/tratamientos-adelgazantes-slimming\/crioterapia-para-adelgazar\/#primaryimage"},"image":{"@id":"https:\/\/soguapa.com\/es\/tratamientos-adelgazantes-slimming\/crioterapia-para-adelgazar\/#primaryimage"},"thumbnailUrl":"https:\/\/soguapa.com\/wp-content\/uploads\/2022\/06\/creioterapia-adelgazar-tratamiento.jpg","datePublished":"2022-06-26T06:22:30+00:00","dateModified":"2022-06-26T06:24:40+00:00","description":"La\u00a0crioterapia\u00a0para perder peso consiste en aplicar fr\u00edo intenso en todo el cuerpo durante un corto periodo de tiempo mediante una cr\u00edo sauna de cuerpo entero.","breadcrumb":{"@id":"https:\/\/soguapa.com\/es\/tratamientos-adelgazantes-slimming\/crioterapia-para-adelgazar\/#breadcrumb"},"inLanguage":"es","potentialAction":[{"@type":"ReadAction","target":["https:\/\/soguapa.com\/es\/tratamientos-adelgazantes-slimming\/crioterapia-para-adelgazar\/"]}]},{"@type":"ImageObject","inLanguage":"es","@id":"https:\/\/soguapa.com\/es\/tratamientos-adelgazantes-slimming\/crioterapia-para-adelgazar\/#primaryimage","url":"https:\/\/soguapa.com\/wp-content\/uploads\/2022\/06\/creioterapia-adelgazar-tratamiento.jpg","contentUrl":"https:\/\/soguapa.com\/wp-content\/uploads\/2022\/06\/creioterapia-adelgazar-tratamiento.jpg","width":1366,"height":768,"caption":"creioterapia-adelgazar-tratamiento"},{"@type":"BreadcrumbList","@id":"https:\/\/soguapa.com\/es\/tratamientos-adelgazantes-slimming\/crioterapia-para-adelgazar\/#breadcrumb","itemListElement":[{"@type":"ListItem","position":1,"name":"Home","item":"https:\/\/soguapa.com\/"},{"@type":"ListItem","position":2,"name":"Tratamientos adelgazantes &#038; Slimming","item":"https:\/\/soguapa.com\/es\/tratamientos-adelgazantes-slimming\/"},{"@type":"ListItem","position":3,"name":"Crioterapia"}]},{"@type":"WebSite","@id":"https:\/\/soguapa.com\/#website","url":"https:\/\/soguapa.com\/","name":"soGuapa Beauty Expert","description":"Beauty Treatments Malta","publisher":{"@id":"https:\/\/soguapa.com\/#organization"},"potentialAction":[{"@type":"SearchAction","target":{"@type":"EntryPoint","urlTemplate":"https:\/\/soguapa.com\/?s={search_term_string}"},"query-input":{"@type":"PropertyValueSpecification","valueRequired":true,"valueName":"search_term_string"}}],"inLanguage":"es"},{"@type":"Organization","@id":"https:\/\/soguapa.com\/#organization","name":"soGuapa","url":"https:\/\/soguapa.com\/","logo":{"@type":"ImageObject","inLanguage":"es","@id":"https:\/\/soguapa.com\/#\/schema\/logo\/image\/","url":"https:\/\/soguapa.com\/wp-content\/uploads\/2022\/05\/logo-So-Guapa-by-Ingrid.jpg","contentUrl":"https:\/\/soguapa.com\/wp-content\/uploads\/2022\/05\/logo-So-Guapa-by-Ingrid.jpg","width":200,"height":80,"caption":"soGuapa"},"image":{"@id":"https:\/\/soguapa.com\/#\/schema\/logo\/image\/"},"sameAs":["https:\/\/es-la.facebook.com\/SoguapabeautyExpert\/","https:\/\/www.instagram.com\/soguapabyingrid\/"]}]}},"_links":{"self":[{"href":"https:\/\/soguapa.com\/es\/wp-json\/wp\/v2\/pages\/1929","targetHints":{"allow":["GET"]}}],"collection":[{"href":"https:\/\/soguapa.com\/es\/wp-json\/wp\/v2\/pages"}],"about":[{"href":"https:\/\/soguapa.com\/es\/wp-json\/wp\/v2\/types\/page"}],"author":[{"embeddable":true,"href":"https:\/\/soguapa.com\/es\/wp-json\/wp\/v2\/users\/1"}],"replies":[{"embeddable":true,"href":"https:\/\/soguapa.com\/es\/wp-json\/wp\/v2\/comments?post=1929"}],"version-history":[{"count":0,"href":"https:\/\/soguapa.com\/es\/wp-json\/wp\/v2\/pages\/1929\/revisions"}],"up":[{"embeddable":true,"href":"https:\/\/soguapa.com\/es\/wp-json\/wp\/v2\/pages\/932"}],"wp:featuredmedia":[{"embeddable":true,"href":"https:\/\/soguapa.com\/es\/wp-json\/wp\/v2\/media\/1927"}],"wp:attachment":[{"href":"https:\/\/soguapa.com\/es\/wp-json\/wp\/v2\/media?parent=1929"}],"wp:term":[{"taxonomy":"wf_page_folders","embeddable":true,"href":"https:\/\/soguapa.com\/es\/wp-json\/wp\/v2\/wf_page_folders?post=1929"}],"curies":[{"name":"wp","href":"https:\/\/api.w.org\/{rel}","templated":true}]}}