{"id":1466,"date":"2022-06-03T07:31:28","date_gmt":"2022-06-03T07:31:28","guid":{"rendered":"http:\/\/nancyyanethc3.sg-host.com\/masajes-relajantes\/hot-stones-massage\/"},"modified":"2022-06-07T13:59:24","modified_gmt":"2022-06-07T13:59:24","slug":"masaje-de-piedras-calientes","status":"publish","type":"page","link":"https:\/\/soguapa.com\/es\/masajes-relajantes\/masaje-de-piedras-calientes\/","title":{"rendered":"Masajes de piedras calientes"},"content":{"rendered":"\n<h2 class=\"wp-block-heading\">\u00bfQu\u00e9 es el masaje con piedras calientes o piedras volc\u00e1nicas?<\/h2>\n\n\n\n<p>El Masaje con Piedras Calientes es una terapia relajante oriental que trabaja tanto en el plano f\u00edsico como en el mental, ayudando a relajar tensiones musculares y a conseguir un perfecto equilibrio energ\u00e9tico.<\/p>\n\n\n\n<p>Para la realizaci\u00f3n de este masaje se utilizan piedras lisas de origen volc\u00e1nico que se deslizan sobre la piel mediante un relajante masaje. Posteriormente, se colocan ejerciendo una ligera presi\u00f3n sobre los chakras, los meridianos o los puntos de acupuntura presentes en la espalda, cara, brazos y piernas, activando de esta forma el flujo vital y consiguiendo una completa armon\u00eda con uno mismo.<\/p>\n\n\n\n<p><\/p>\n\n\n\n<figure class=\"wp-block-image aligncenter size-full is-resized\"><img fetchpriority=\"high\" decoding=\"async\" src=\"https:\/\/soguapa.com\/wp-content\/uploads\/2022\/06\/massage-hot-stones-on-man.jpg\" alt=\"\" class=\"wp-image-1507\" width=\"750\" height=\"500\" srcset=\"https:\/\/soguapa.com\/wp-content\/uploads\/2022\/06\/massage-hot-stones-on-man.jpg 1000w, https:\/\/soguapa.com\/wp-content\/uploads\/2022\/06\/massage-hot-stones-on-man-300x200.jpg 300w, https:\/\/soguapa.com\/wp-content\/uploads\/2022\/06\/massage-hot-stones-on-man-768x512.jpg 768w, https:\/\/soguapa.com\/wp-content\/uploads\/2022\/06\/massage-hot-stones-on-man-600x400.jpg 600w\" sizes=\"(max-width: 750px) 100vw, 750px\" \/><figcaption>Masaje de piedras calientes<\/figcaption><\/figure>\n\n\n\n<p><\/p>\n\n\n\n<h2 class=\"wp-block-heading\">\u00bfQu\u00e9 beneficios tiene el masaje de piedras calientes?<\/h2>\n\n\n\n<ul class=\"wp-block-list\"><li>Es una gran soluci\u00f3n para combatir el estr\u00e9s.<\/li><li>Al disminuir el estr\u00e9s, mejora la calidad de sue\u00f1o.<\/li><li>Reduce dolores musculares.<\/li><li>Mejora la circulaci\u00f3n y el flujo de energ\u00eda.<\/li><li>Elimina toxinas del cuerpo.<\/li><li>Mejora la flexibilidad en articulaciones. Esto resulta en mayor movilidad y movimiento.<\/li><li>Es tranquilizante.<\/li><\/ul>\n\n\n\n<p><\/p>\n","protected":false},"excerpt":{"rendered":"<p>\u00bfQu\u00e9 es el masaje con piedras calientes o piedras volc\u00e1nicas? El Masaje con Piedras Calientes es una terapia relajante oriental que trabaja tanto en el plano f\u00edsico como en el mental, ayudando a relajar tensiones musculares y a conseguir un perfecto equilibrio energ\u00e9tico. Para la realizaci\u00f3n de este masaje se utilizan piedras lisas de origen [&hellip;]<\/p>\n","protected":false},"author":1,"featured_media":1465,"parent":1454,"menu_order":0,"comment_status":"closed","ping_status":"closed","template":"","meta":{"_monsterinsights_skip_tracking":false,"_monsterinsights_sitenote_active":false,"_monsterinsights_sitenote_note":"","_monsterinsights_sitenote_category":0,"footnotes":""},"wf_page_folders":[],"class_list":["post-1466","page","type-page","status-publish","has-post-thumbnail","hentry"],"yoast_head":"<!-- This site is optimized with the Yoast SEO plugin v27.5 - https:\/\/yoast.com\/product\/yoast-seo-wordpress\/ -->\n<title>Masaje de piedras calientes - soGuapa<\/title>\n<meta name=\"description\" content=\"Masaje de piedras calientes para \u2714\ufe0fcombatir el estr\u00e9s \u2714\ufe0fmejorar la calidad de sue\u00f1o \u2714\ufe0fReducir dolores musculares \u2714\ufe0fMejorar la circulaci\u00f3n y el flujo de energ\u00eda \u2714\ufe0fEliminar toxinas del cuerpo \u2714\ufe0fMejora la flexibilidad en articulaciones.\" \/>\n<meta name=\"robots\" content=\"index, follow, max-snippet:-1, max-image-preview:large, max-video-preview:-1\" \/>\n<link rel=\"canonical\" href=\"https:\/\/soguapa.com\/es\/masajes-relajantes\/masaje-de-piedras-calientes\/\" \/>\n<meta property=\"og:locale\" content=\"es_ES\" \/>\n<meta property=\"og:type\" content=\"article\" \/>\n<meta property=\"og:title\" content=\"Masaje de piedras calientes - soGuapa\" \/>\n<meta property=\"og:description\" content=\"Masaje de piedras calientes para \u2714\ufe0fcombatir el estr\u00e9s \u2714\ufe0fmejorar la calidad de sue\u00f1o \u2714\ufe0fReducir dolores musculares \u2714\ufe0fMejorar la circulaci\u00f3n y el flujo de energ\u00eda \u2714\ufe0fEliminar toxinas del cuerpo \u2714\ufe0fMejora la flexibilidad en articulaciones.\" \/>\n<meta property=\"og:url\" content=\"https:\/\/soguapa.com\/es\/masajes-relajantes\/masaje-de-piedras-calientes\/\" \/>\n<meta property=\"og:site_name\" content=\"soGuapa Beauty Expert\" \/>\n<meta property=\"article:publisher\" content=\"https:\/\/es-la.facebook.com\/SoguapabeautyExpert\/\" \/>\n<meta property=\"article:modified_time\" content=\"2022-06-07T13:59:24+00:00\" \/>\n<meta property=\"og:image\" content=\"https:\/\/soguapa.com\/wp-content\/uploads\/2022\/06\/Hot-stones-massage.jpg\" \/>\n\t<meta property=\"og:image:width\" content=\"1366\" \/>\n\t<meta property=\"og:image:height\" content=\"768\" \/>\n\t<meta property=\"og:image:type\" content=\"image\/jpeg\" \/>\n<meta name=\"twitter:card\" content=\"summary_large_image\" \/>\n<meta name=\"twitter:label1\" content=\"Tiempo de lectura\" \/>\n\t<meta name=\"twitter:data1\" content=\"1 minuto\" \/>\n<script type=\"application\/ld+json\" class=\"yoast-schema-graph\">{\"@context\":\"https:\\\/\\\/schema.org\",\"@graph\":[{\"@type\":\"WebPage\",\"@id\":\"https:\\\/\\\/soguapa.com\\\/es\\\/masajes-relajantes\\\/masaje-de-piedras-calientes\\\/\",\"url\":\"https:\\\/\\\/soguapa.com\\\/es\\\/masajes-relajantes\\\/masaje-de-piedras-calientes\\\/\",\"name\":\"Masaje de piedras calientes - soGuapa\",\"isPartOf\":{\"@id\":\"https:\\\/\\\/soguapa.com\\\/#website\"},\"primaryImageOfPage\":{\"@id\":\"https:\\\/\\\/soguapa.com\\\/es\\\/masajes-relajantes\\\/masaje-de-piedras-calientes\\\/#primaryimage\"},\"image\":{\"@id\":\"https:\\\/\\\/soguapa.com\\\/es\\\/masajes-relajantes\\\/masaje-de-piedras-calientes\\\/#primaryimage\"},\"thumbnailUrl\":\"https:\\\/\\\/soguapa.com\\\/wp-content\\\/uploads\\\/2022\\\/06\\\/Hot-stones-massage.jpg\",\"datePublished\":\"2022-06-03T07:31:28+00:00\",\"dateModified\":\"2022-06-07T13:59:24+00:00\",\"description\":\"Masaje de piedras calientes para \u2714\ufe0fcombatir el estr\u00e9s \u2714\ufe0fmejorar la calidad de sue\u00f1o \u2714\ufe0fReducir dolores musculares \u2714\ufe0fMejorar la circulaci\u00f3n y el flujo de energ\u00eda \u2714\ufe0fEliminar toxinas del cuerpo \u2714\ufe0fMejora la flexibilidad en articulaciones.\",\"breadcrumb\":{\"@id\":\"https:\\\/\\\/soguapa.com\\\/es\\\/masajes-relajantes\\\/masaje-de-piedras-calientes\\\/#breadcrumb\"},\"inLanguage\":\"es\",\"potentialAction\":[{\"@type\":\"ReadAction\",\"target\":[\"https:\\\/\\\/soguapa.com\\\/es\\\/masajes-relajantes\\\/masaje-de-piedras-calientes\\\/\"]}]},{\"@type\":\"ImageObject\",\"inLanguage\":\"es\",\"@id\":\"https:\\\/\\\/soguapa.com\\\/es\\\/masajes-relajantes\\\/masaje-de-piedras-calientes\\\/#primaryimage\",\"url\":\"https:\\\/\\\/soguapa.com\\\/wp-content\\\/uploads\\\/2022\\\/06\\\/Hot-stones-massage.jpg\",\"contentUrl\":\"https:\\\/\\\/soguapa.com\\\/wp-content\\\/uploads\\\/2022\\\/06\\\/Hot-stones-massage.jpg\",\"width\":1366,\"height\":768,\"caption\":\"Hot-stones-massage\"},{\"@type\":\"BreadcrumbList\",\"@id\":\"https:\\\/\\\/soguapa.com\\\/es\\\/masajes-relajantes\\\/masaje-de-piedras-calientes\\\/#breadcrumb\",\"itemListElement\":[{\"@type\":\"ListItem\",\"position\":1,\"name\":\"Home\",\"item\":\"https:\\\/\\\/soguapa.com\\\/\"},{\"@type\":\"ListItem\",\"position\":2,\"name\":\"Masajes relajantes\",\"item\":\"https:\\\/\\\/soguapa.com\\\/es\\\/masajes-relajantes\\\/\"},{\"@type\":\"ListItem\",\"position\":3,\"name\":\"Masajes de piedras calientes\"}]},{\"@type\":\"WebSite\",\"@id\":\"https:\\\/\\\/soguapa.com\\\/#website\",\"url\":\"https:\\\/\\\/soguapa.com\\\/\",\"name\":\"soGuapa Beauty Expert\",\"description\":\"Beauty Treatments Malta\",\"publisher\":{\"@id\":\"https:\\\/\\\/soguapa.com\\\/#organization\"},\"potentialAction\":[{\"@type\":\"SearchAction\",\"target\":{\"@type\":\"EntryPoint\",\"urlTemplate\":\"https:\\\/\\\/soguapa.com\\\/?s={search_term_string}\"},\"query-input\":{\"@type\":\"PropertyValueSpecification\",\"valueRequired\":true,\"valueName\":\"search_term_string\"}}],\"inLanguage\":\"es\"},{\"@type\":\"Organization\",\"@id\":\"https:\\\/\\\/soguapa.com\\\/#organization\",\"name\":\"soGuapa\",\"url\":\"https:\\\/\\\/soguapa.com\\\/\",\"logo\":{\"@type\":\"ImageObject\",\"inLanguage\":\"es\",\"@id\":\"https:\\\/\\\/soguapa.com\\\/#\\\/schema\\\/logo\\\/image\\\/\",\"url\":\"https:\\\/\\\/soguapa.com\\\/wp-content\\\/uploads\\\/2022\\\/05\\\/logo-So-Guapa-by-Ingrid.jpg\",\"contentUrl\":\"https:\\\/\\\/soguapa.com\\\/wp-content\\\/uploads\\\/2022\\\/05\\\/logo-So-Guapa-by-Ingrid.jpg\",\"width\":200,\"height\":80,\"caption\":\"soGuapa\"},\"image\":{\"@id\":\"https:\\\/\\\/soguapa.com\\\/#\\\/schema\\\/logo\\\/image\\\/\"},\"sameAs\":[\"https:\\\/\\\/es-la.facebook.com\\\/SoguapabeautyExpert\\\/\",\"https:\\\/\\\/www.instagram.com\\\/soguapabyingrid\\\/\"]}]}<\/script>\n<!-- \/ Yoast SEO plugin. -->","yoast_head_json":{"title":"Masaje de piedras calientes - soGuapa","description":"Masaje de piedras calientes para \u2714\ufe0fcombatir el estr\u00e9s \u2714\ufe0fmejorar la calidad de sue\u00f1o \u2714\ufe0fReducir dolores musculares \u2714\ufe0fMejorar la circulaci\u00f3n y el flujo de energ\u00eda \u2714\ufe0fEliminar toxinas del cuerpo \u2714\ufe0fMejora la flexibilidad en articulaciones.","robots":{"index":"index","follow":"follow","max-snippet":"max-snippet:-1","max-image-preview":"max-image-preview:large","max-video-preview":"max-video-preview:-1"},"canonical":"https:\/\/soguapa.com\/es\/masajes-relajantes\/masaje-de-piedras-calientes\/","og_locale":"es_ES","og_type":"article","og_title":"Masaje de piedras calientes - soGuapa","og_description":"Masaje de piedras calientes para \u2714\ufe0fcombatir el estr\u00e9s \u2714\ufe0fmejorar la calidad de sue\u00f1o \u2714\ufe0fReducir dolores musculares \u2714\ufe0fMejorar la circulaci\u00f3n y el flujo de energ\u00eda \u2714\ufe0fEliminar toxinas del cuerpo \u2714\ufe0fMejora la flexibilidad en articulaciones.","og_url":"https:\/\/soguapa.com\/es\/masajes-relajantes\/masaje-de-piedras-calientes\/","og_site_name":"soGuapa Beauty Expert","article_publisher":"https:\/\/es-la.facebook.com\/SoguapabeautyExpert\/","article_modified_time":"2022-06-07T13:59:24+00:00","og_image":[{"width":1366,"height":768,"url":"https:\/\/soguapa.com\/wp-content\/uploads\/2022\/06\/Hot-stones-massage.jpg","type":"image\/jpeg"}],"twitter_card":"summary_large_image","twitter_misc":{"Tiempo de lectura":"1 minuto"},"schema":{"@context":"https:\/\/schema.org","@graph":[{"@type":"WebPage","@id":"https:\/\/soguapa.com\/es\/masajes-relajantes\/masaje-de-piedras-calientes\/","url":"https:\/\/soguapa.com\/es\/masajes-relajantes\/masaje-de-piedras-calientes\/","name":"Masaje de piedras calientes - soGuapa","isPartOf":{"@id":"https:\/\/soguapa.com\/#website"},"primaryImageOfPage":{"@id":"https:\/\/soguapa.com\/es\/masajes-relajantes\/masaje-de-piedras-calientes\/#primaryimage"},"image":{"@id":"https:\/\/soguapa.com\/es\/masajes-relajantes\/masaje-de-piedras-calientes\/#primaryimage"},"thumbnailUrl":"https:\/\/soguapa.com\/wp-content\/uploads\/2022\/06\/Hot-stones-massage.jpg","datePublished":"2022-06-03T07:31:28+00:00","dateModified":"2022-06-07T13:59:24+00:00","description":"Masaje de piedras calientes para \u2714\ufe0fcombatir el estr\u00e9s \u2714\ufe0fmejorar la calidad de sue\u00f1o \u2714\ufe0fReducir dolores musculares \u2714\ufe0fMejorar la circulaci\u00f3n y el flujo de energ\u00eda \u2714\ufe0fEliminar toxinas del cuerpo \u2714\ufe0fMejora la flexibilidad en articulaciones.","breadcrumb":{"@id":"https:\/\/soguapa.com\/es\/masajes-relajantes\/masaje-de-piedras-calientes\/#breadcrumb"},"inLanguage":"es","potentialAction":[{"@type":"ReadAction","target":["https:\/\/soguapa.com\/es\/masajes-relajantes\/masaje-de-piedras-calientes\/"]}]},{"@type":"ImageObject","inLanguage":"es","@id":"https:\/\/soguapa.com\/es\/masajes-relajantes\/masaje-de-piedras-calientes\/#primaryimage","url":"https:\/\/soguapa.com\/wp-content\/uploads\/2022\/06\/Hot-stones-massage.jpg","contentUrl":"https:\/\/soguapa.com\/wp-content\/uploads\/2022\/06\/Hot-stones-massage.jpg","width":1366,"height":768,"caption":"Hot-stones-massage"},{"@type":"BreadcrumbList","@id":"https:\/\/soguapa.com\/es\/masajes-relajantes\/masaje-de-piedras-calientes\/#breadcrumb","itemListElement":[{"@type":"ListItem","position":1,"name":"Home","item":"https:\/\/soguapa.com\/"},{"@type":"ListItem","position":2,"name":"Masajes relajantes","item":"https:\/\/soguapa.com\/es\/masajes-relajantes\/"},{"@type":"ListItem","position":3,"name":"Masajes de piedras calientes"}]},{"@type":"WebSite","@id":"https:\/\/soguapa.com\/#website","url":"https:\/\/soguapa.com\/","name":"soGuapa Beauty Expert","description":"Beauty Treatments Malta","publisher":{"@id":"https:\/\/soguapa.com\/#organization"},"potentialAction":[{"@type":"SearchAction","target":{"@type":"EntryPoint","urlTemplate":"https:\/\/soguapa.com\/?s={search_term_string}"},"query-input":{"@type":"PropertyValueSpecification","valueRequired":true,"valueName":"search_term_string"}}],"inLanguage":"es"},{"@type":"Organization","@id":"https:\/\/soguapa.com\/#organization","name":"soGuapa","url":"https:\/\/soguapa.com\/","logo":{"@type":"ImageObject","inLanguage":"es","@id":"https:\/\/soguapa.com\/#\/schema\/logo\/image\/","url":"https:\/\/soguapa.com\/wp-content\/uploads\/2022\/05\/logo-So-Guapa-by-Ingrid.jpg","contentUrl":"https:\/\/soguapa.com\/wp-content\/uploads\/2022\/05\/logo-So-Guapa-by-Ingrid.jpg","width":200,"height":80,"caption":"soGuapa"},"image":{"@id":"https:\/\/soguapa.com\/#\/schema\/logo\/image\/"},"sameAs":["https:\/\/es-la.facebook.com\/SoguapabeautyExpert\/","https:\/\/www.instagram.com\/soguapabyingrid\/"]}]}},"_links":{"self":[{"href":"https:\/\/soguapa.com\/es\/wp-json\/wp\/v2\/pages\/1466","targetHints":{"allow":["GET"]}}],"collection":[{"href":"https:\/\/soguapa.com\/es\/wp-json\/wp\/v2\/pages"}],"about":[{"href":"https:\/\/soguapa.com\/es\/wp-json\/wp\/v2\/types\/page"}],"author":[{"embeddable":true,"href":"https:\/\/soguapa.com\/es\/wp-json\/wp\/v2\/users\/1"}],"replies":[{"embeddable":true,"href":"https:\/\/soguapa.com\/es\/wp-json\/wp\/v2\/comments?post=1466"}],"version-history":[{"count":0,"href":"https:\/\/soguapa.com\/es\/wp-json\/wp\/v2\/pages\/1466\/revisions"}],"up":[{"embeddable":true,"href":"https:\/\/soguapa.com\/es\/wp-json\/wp\/v2\/pages\/1454"}],"wp:featuredmedia":[{"embeddable":true,"href":"https:\/\/soguapa.com\/es\/wp-json\/wp\/v2\/media\/1465"}],"wp:attachment":[{"href":"https:\/\/soguapa.com\/es\/wp-json\/wp\/v2\/media?parent=1466"}],"wp:term":[{"taxonomy":"wf_page_folders","embeddable":true,"href":"https:\/\/soguapa.com\/es\/wp-json\/wp\/v2\/wf_page_folders?post=1466"}],"curies":[{"name":"wp","href":"https:\/\/api.w.org\/{rel}","templated":true}]}}