{"id":1460,"date":"2022-06-03T07:33:33","date_gmt":"2022-06-03T07:33:33","guid":{"rendered":"http:\/\/nancyyanethc3.sg-host.com\/masajes-relajantes\/deep-tissue-relaxation-massage\/"},"modified":"2022-06-07T13:45:16","modified_gmt":"2022-06-07T13:45:16","slug":"masaje-relajacion-de-tejido-profundo","status":"publish","type":"page","link":"https:\/\/soguapa.com\/es\/masajes-relajantes\/masaje-relajacion-de-tejido-profundo\/","title":{"rendered":"Masaje de relajaci\u00f3n de tejido profundo"},"content":{"rendered":"\n<p>Son una serie de movimientos terap\u00e9uticos manuales que\u00a0tienen como finalidad incidir y relajar tanto la superficie m\u00e1s profunda del m\u00fasculo como el sistema de tejido conectivo que rodea a todos los \u00f3rganos del cuerpo para facilitar\u00a0la fusi\u00f3n completa.<\/p>\n\n\n\n<p><\/p>\n\n\n\n<h2 class=\"wp-block-heading\">\u00bfCu\u00e1les son los beneficios del masaje tejido profundo?<\/h2>\n\n\n\n<p>Este tipo de\u00a0masaje\u00a0usa movimientos lentos y m\u00e1s fuertes para llegar a las capas m\u00e1s profundas de m\u00fasculo y\u00a0tejido\u00a0conectivo. <\/p>\n\n\n\n<p>Se utiliza normalmente para ayudar a mejorar el da\u00f1o muscular por lesiones, y sus beneficios pueden ser:<\/p>\n\n\n\n<ul class=\"wp-block-list\"><li>Alivio del dolor<\/li><li>Relajaci\u00f3n y bienestar<\/li><li>Rendimiento deportivo<\/li><li>Mejora la calidad de sue\u00f1o<\/li><li>Alivia lesiones musculares<\/li><\/ul>\n\n\n\n<p><\/p>\n","protected":false},"excerpt":{"rendered":"<p>Son una serie de movimientos terap\u00e9uticos manuales que\u00a0tienen como finalidad incidir y relajar tanto la superficie m\u00e1s profunda del m\u00fasculo como el sistema de tejido conectivo que rodea a todos los \u00f3rganos del cuerpo para facilitar\u00a0la fusi\u00f3n completa. \u00bfCu\u00e1les son los beneficios del masaje tejido profundo? Este tipo de\u00a0masaje\u00a0usa movimientos lentos y m\u00e1s fuertes para [&hellip;]<\/p>\n","protected":false},"author":1,"featured_media":1452,"parent":1454,"menu_order":0,"comment_status":"closed","ping_status":"closed","template":"","meta":{"_monsterinsights_skip_tracking":false,"_monsterinsights_sitenote_active":false,"_monsterinsights_sitenote_note":"","_monsterinsights_sitenote_category":0,"footnotes":""},"wf_page_folders":[],"class_list":["post-1460","page","type-page","status-publish","has-post-thumbnail","hentry"],"yoast_head":"<!-- This site is optimized with the Yoast SEO plugin v27.3 - https:\/\/yoast.com\/product\/yoast-seo-wordpress\/ -->\n<title>Masaje de tejido profundo - soGuapa<\/title>\n<meta name=\"description\" content=\"Masaje de tejido profundo para: \u2714\ufe0fAlivio del dolor \u2714\ufe0fRelajaci\u00f3n y bienestar \u2714\ufe0fRendimiento deportivo \u2714\ufe0fMejora la calidad de sue\u00f1o \u2714\ufe0fAlivia lesiones musculares\" \/>\n<meta name=\"robots\" content=\"index, follow, max-snippet:-1, max-image-preview:large, max-video-preview:-1\" \/>\n<link rel=\"canonical\" href=\"https:\/\/soguapa.com\/es\/masajes-relajantes\/masaje-relajacion-de-tejido-profundo\/\" \/>\n<meta property=\"og:locale\" content=\"es_ES\" \/>\n<meta property=\"og:type\" content=\"article\" \/>\n<meta property=\"og:title\" content=\"Masaje de tejido profundo - soGuapa\" \/>\n<meta property=\"og:description\" content=\"Masaje de tejido profundo para: \u2714\ufe0fAlivio del dolor \u2714\ufe0fRelajaci\u00f3n y bienestar \u2714\ufe0fRendimiento deportivo \u2714\ufe0fMejora la calidad de sue\u00f1o \u2714\ufe0fAlivia lesiones musculares\" \/>\n<meta property=\"og:url\" content=\"https:\/\/soguapa.com\/es\/masajes-relajantes\/masaje-relajacion-de-tejido-profundo\/\" \/>\n<meta property=\"og:site_name\" content=\"soGuapa Beauty Expert\" \/>\n<meta property=\"article:publisher\" content=\"https:\/\/es-la.facebook.com\/SoguapabeautyExpert\/\" \/>\n<meta property=\"article:modified_time\" content=\"2022-06-07T13:45:16+00:00\" \/>\n<meta property=\"og:image\" content=\"https:\/\/soguapa.com\/wp-content\/uploads\/2022\/06\/relaxing-massages.jpg\" \/>\n\t<meta property=\"og:image:width\" content=\"1366\" \/>\n\t<meta property=\"og:image:height\" content=\"768\" \/>\n\t<meta property=\"og:image:type\" content=\"image\/jpeg\" \/>\n<meta name=\"twitter:card\" content=\"summary_large_image\" \/>\n<meta name=\"twitter:label1\" content=\"Tiempo de lectura\" \/>\n\t<meta name=\"twitter:data1\" content=\"1 minuto\" \/>\n<script type=\"application\/ld+json\" class=\"yoast-schema-graph\">{\"@context\":\"https:\\\/\\\/schema.org\",\"@graph\":[{\"@type\":\"WebPage\",\"@id\":\"https:\\\/\\\/soguapa.com\\\/es\\\/masajes-relajantes\\\/masaje-relajacion-de-tejido-profundo\\\/\",\"url\":\"https:\\\/\\\/soguapa.com\\\/es\\\/masajes-relajantes\\\/masaje-relajacion-de-tejido-profundo\\\/\",\"name\":\"Masaje de tejido profundo - soGuapa\",\"isPartOf\":{\"@id\":\"https:\\\/\\\/soguapa.com\\\/#website\"},\"primaryImageOfPage\":{\"@id\":\"https:\\\/\\\/soguapa.com\\\/es\\\/masajes-relajantes\\\/masaje-relajacion-de-tejido-profundo\\\/#primaryimage\"},\"image\":{\"@id\":\"https:\\\/\\\/soguapa.com\\\/es\\\/masajes-relajantes\\\/masaje-relajacion-de-tejido-profundo\\\/#primaryimage\"},\"thumbnailUrl\":\"https:\\\/\\\/soguapa.com\\\/wp-content\\\/uploads\\\/2022\\\/06\\\/relaxing-massages.jpg\",\"datePublished\":\"2022-06-03T07:33:33+00:00\",\"dateModified\":\"2022-06-07T13:45:16+00:00\",\"description\":\"Masaje de tejido profundo para: \u2714\ufe0fAlivio del dolor \u2714\ufe0fRelajaci\u00f3n y bienestar \u2714\ufe0fRendimiento deportivo \u2714\ufe0fMejora la calidad de sue\u00f1o \u2714\ufe0fAlivia lesiones musculares\",\"breadcrumb\":{\"@id\":\"https:\\\/\\\/soguapa.com\\\/es\\\/masajes-relajantes\\\/masaje-relajacion-de-tejido-profundo\\\/#breadcrumb\"},\"inLanguage\":\"es\",\"potentialAction\":[{\"@type\":\"ReadAction\",\"target\":[\"https:\\\/\\\/soguapa.com\\\/es\\\/masajes-relajantes\\\/masaje-relajacion-de-tejido-profundo\\\/\"]}]},{\"@type\":\"ImageObject\",\"inLanguage\":\"es\",\"@id\":\"https:\\\/\\\/soguapa.com\\\/es\\\/masajes-relajantes\\\/masaje-relajacion-de-tejido-profundo\\\/#primaryimage\",\"url\":\"https:\\\/\\\/soguapa.com\\\/wp-content\\\/uploads\\\/2022\\\/06\\\/relaxing-massages.jpg\",\"contentUrl\":\"https:\\\/\\\/soguapa.com\\\/wp-content\\\/uploads\\\/2022\\\/06\\\/relaxing-massages.jpg\",\"width\":1366,\"height\":768,\"caption\":\"relaxing-massages\"},{\"@type\":\"BreadcrumbList\",\"@id\":\"https:\\\/\\\/soguapa.com\\\/es\\\/masajes-relajantes\\\/masaje-relajacion-de-tejido-profundo\\\/#breadcrumb\",\"itemListElement\":[{\"@type\":\"ListItem\",\"position\":1,\"name\":\"Home\",\"item\":\"https:\\\/\\\/soguapa.com\\\/\"},{\"@type\":\"ListItem\",\"position\":2,\"name\":\"Masajes relajantes\",\"item\":\"https:\\\/\\\/soguapa.com\\\/es\\\/masajes-relajantes\\\/\"},{\"@type\":\"ListItem\",\"position\":3,\"name\":\"Masaje de relajaci\u00f3n de tejido profundo\"}]},{\"@type\":\"WebSite\",\"@id\":\"https:\\\/\\\/soguapa.com\\\/#website\",\"url\":\"https:\\\/\\\/soguapa.com\\\/\",\"name\":\"soGuapa Beauty Expert\",\"description\":\"Beauty Treatments Malta\",\"publisher\":{\"@id\":\"https:\\\/\\\/soguapa.com\\\/#organization\"},\"potentialAction\":[{\"@type\":\"SearchAction\",\"target\":{\"@type\":\"EntryPoint\",\"urlTemplate\":\"https:\\\/\\\/soguapa.com\\\/?s={search_term_string}\"},\"query-input\":{\"@type\":\"PropertyValueSpecification\",\"valueRequired\":true,\"valueName\":\"search_term_string\"}}],\"inLanguage\":\"es\"},{\"@type\":\"Organization\",\"@id\":\"https:\\\/\\\/soguapa.com\\\/#organization\",\"name\":\"soGuapa\",\"url\":\"https:\\\/\\\/soguapa.com\\\/\",\"logo\":{\"@type\":\"ImageObject\",\"inLanguage\":\"es\",\"@id\":\"https:\\\/\\\/soguapa.com\\\/#\\\/schema\\\/logo\\\/image\\\/\",\"url\":\"https:\\\/\\\/soguapa.com\\\/wp-content\\\/uploads\\\/2022\\\/05\\\/logo-So-Guapa-by-Ingrid.jpg\",\"contentUrl\":\"https:\\\/\\\/soguapa.com\\\/wp-content\\\/uploads\\\/2022\\\/05\\\/logo-So-Guapa-by-Ingrid.jpg\",\"width\":200,\"height\":80,\"caption\":\"soGuapa\"},\"image\":{\"@id\":\"https:\\\/\\\/soguapa.com\\\/#\\\/schema\\\/logo\\\/image\\\/\"},\"sameAs\":[\"https:\\\/\\\/es-la.facebook.com\\\/SoguapabeautyExpert\\\/\",\"https:\\\/\\\/www.instagram.com\\\/soguapabyingrid\\\/\"]}]}<\/script>\n<!-- \/ Yoast SEO plugin. -->","yoast_head_json":{"title":"Masaje de tejido profundo - soGuapa","description":"Masaje de tejido profundo para: \u2714\ufe0fAlivio del dolor \u2714\ufe0fRelajaci\u00f3n y bienestar \u2714\ufe0fRendimiento deportivo \u2714\ufe0fMejora la calidad de sue\u00f1o \u2714\ufe0fAlivia lesiones musculares","robots":{"index":"index","follow":"follow","max-snippet":"max-snippet:-1","max-image-preview":"max-image-preview:large","max-video-preview":"max-video-preview:-1"},"canonical":"https:\/\/soguapa.com\/es\/masajes-relajantes\/masaje-relajacion-de-tejido-profundo\/","og_locale":"es_ES","og_type":"article","og_title":"Masaje de tejido profundo - soGuapa","og_description":"Masaje de tejido profundo para: \u2714\ufe0fAlivio del dolor \u2714\ufe0fRelajaci\u00f3n y bienestar \u2714\ufe0fRendimiento deportivo \u2714\ufe0fMejora la calidad de sue\u00f1o \u2714\ufe0fAlivia lesiones musculares","og_url":"https:\/\/soguapa.com\/es\/masajes-relajantes\/masaje-relajacion-de-tejido-profundo\/","og_site_name":"soGuapa Beauty Expert","article_publisher":"https:\/\/es-la.facebook.com\/SoguapabeautyExpert\/","article_modified_time":"2022-06-07T13:45:16+00:00","og_image":[{"width":1366,"height":768,"url":"https:\/\/soguapa.com\/wp-content\/uploads\/2022\/06\/relaxing-massages.jpg","type":"image\/jpeg"}],"twitter_card":"summary_large_image","twitter_misc":{"Tiempo de lectura":"1 minuto"},"schema":{"@context":"https:\/\/schema.org","@graph":[{"@type":"WebPage","@id":"https:\/\/soguapa.com\/es\/masajes-relajantes\/masaje-relajacion-de-tejido-profundo\/","url":"https:\/\/soguapa.com\/es\/masajes-relajantes\/masaje-relajacion-de-tejido-profundo\/","name":"Masaje de tejido profundo - soGuapa","isPartOf":{"@id":"https:\/\/soguapa.com\/#website"},"primaryImageOfPage":{"@id":"https:\/\/soguapa.com\/es\/masajes-relajantes\/masaje-relajacion-de-tejido-profundo\/#primaryimage"},"image":{"@id":"https:\/\/soguapa.com\/es\/masajes-relajantes\/masaje-relajacion-de-tejido-profundo\/#primaryimage"},"thumbnailUrl":"https:\/\/soguapa.com\/wp-content\/uploads\/2022\/06\/relaxing-massages.jpg","datePublished":"2022-06-03T07:33:33+00:00","dateModified":"2022-06-07T13:45:16+00:00","description":"Masaje de tejido profundo para: \u2714\ufe0fAlivio del dolor \u2714\ufe0fRelajaci\u00f3n y bienestar \u2714\ufe0fRendimiento deportivo \u2714\ufe0fMejora la calidad de sue\u00f1o \u2714\ufe0fAlivia lesiones musculares","breadcrumb":{"@id":"https:\/\/soguapa.com\/es\/masajes-relajantes\/masaje-relajacion-de-tejido-profundo\/#breadcrumb"},"inLanguage":"es","potentialAction":[{"@type":"ReadAction","target":["https:\/\/soguapa.com\/es\/masajes-relajantes\/masaje-relajacion-de-tejido-profundo\/"]}]},{"@type":"ImageObject","inLanguage":"es","@id":"https:\/\/soguapa.com\/es\/masajes-relajantes\/masaje-relajacion-de-tejido-profundo\/#primaryimage","url":"https:\/\/soguapa.com\/wp-content\/uploads\/2022\/06\/relaxing-massages.jpg","contentUrl":"https:\/\/soguapa.com\/wp-content\/uploads\/2022\/06\/relaxing-massages.jpg","width":1366,"height":768,"caption":"relaxing-massages"},{"@type":"BreadcrumbList","@id":"https:\/\/soguapa.com\/es\/masajes-relajantes\/masaje-relajacion-de-tejido-profundo\/#breadcrumb","itemListElement":[{"@type":"ListItem","position":1,"name":"Home","item":"https:\/\/soguapa.com\/"},{"@type":"ListItem","position":2,"name":"Masajes relajantes","item":"https:\/\/soguapa.com\/es\/masajes-relajantes\/"},{"@type":"ListItem","position":3,"name":"Masaje de relajaci\u00f3n de tejido profundo"}]},{"@type":"WebSite","@id":"https:\/\/soguapa.com\/#website","url":"https:\/\/soguapa.com\/","name":"soGuapa Beauty Expert","description":"Beauty Treatments Malta","publisher":{"@id":"https:\/\/soguapa.com\/#organization"},"potentialAction":[{"@type":"SearchAction","target":{"@type":"EntryPoint","urlTemplate":"https:\/\/soguapa.com\/?s={search_term_string}"},"query-input":{"@type":"PropertyValueSpecification","valueRequired":true,"valueName":"search_term_string"}}],"inLanguage":"es"},{"@type":"Organization","@id":"https:\/\/soguapa.com\/#organization","name":"soGuapa","url":"https:\/\/soguapa.com\/","logo":{"@type":"ImageObject","inLanguage":"es","@id":"https:\/\/soguapa.com\/#\/schema\/logo\/image\/","url":"https:\/\/soguapa.com\/wp-content\/uploads\/2022\/05\/logo-So-Guapa-by-Ingrid.jpg","contentUrl":"https:\/\/soguapa.com\/wp-content\/uploads\/2022\/05\/logo-So-Guapa-by-Ingrid.jpg","width":200,"height":80,"caption":"soGuapa"},"image":{"@id":"https:\/\/soguapa.com\/#\/schema\/logo\/image\/"},"sameAs":["https:\/\/es-la.facebook.com\/SoguapabeautyExpert\/","https:\/\/www.instagram.com\/soguapabyingrid\/"]}]}},"_links":{"self":[{"href":"https:\/\/soguapa.com\/es\/wp-json\/wp\/v2\/pages\/1460","targetHints":{"allow":["GET"]}}],"collection":[{"href":"https:\/\/soguapa.com\/es\/wp-json\/wp\/v2\/pages"}],"about":[{"href":"https:\/\/soguapa.com\/es\/wp-json\/wp\/v2\/types\/page"}],"author":[{"embeddable":true,"href":"https:\/\/soguapa.com\/es\/wp-json\/wp\/v2\/users\/1"}],"replies":[{"embeddable":true,"href":"https:\/\/soguapa.com\/es\/wp-json\/wp\/v2\/comments?post=1460"}],"version-history":[{"count":0,"href":"https:\/\/soguapa.com\/es\/wp-json\/wp\/v2\/pages\/1460\/revisions"}],"up":[{"embeddable":true,"href":"https:\/\/soguapa.com\/es\/wp-json\/wp\/v2\/pages\/1454"}],"wp:featuredmedia":[{"embeddable":true,"href":"https:\/\/soguapa.com\/es\/wp-json\/wp\/v2\/media\/1452"}],"wp:attachment":[{"href":"https:\/\/soguapa.com\/es\/wp-json\/wp\/v2\/media?parent=1460"}],"wp:term":[{"taxonomy":"wf_page_folders","embeddable":true,"href":"https:\/\/soguapa.com\/es\/wp-json\/wp\/v2\/wf_page_folders?post=1460"}],"curies":[{"name":"wp","href":"https:\/\/api.w.org\/{rel}","templated":true}]}}