{"id":1454,"date":"2022-06-03T07:03:08","date_gmt":"2022-06-03T07:03:08","guid":{"rendered":"http:\/\/nancyyanethc3.sg-host.com\/relaxing-massages\/"},"modified":"2023-10-28T07:28:29","modified_gmt":"2023-10-28T07:28:29","slug":"masajes-relajantes","status":"publish","type":"page","link":"https:\/\/soguapa.com\/es\/masajes-relajantes\/","title":{"rendered":"Masajes relajantes"},"content":{"rendered":"\n<p>Probablemente, los masajes sean la herramienta terap\u00e9utica m\u00e1s utilizada. La terapia de masajes corporales abarca una amplia gama de t\u00e9cnicas que influyen en el cuerpo. Se emplea la presi\u00f3n, fricci\u00f3n o golpes r\u00edtmicos con diversas intensidades, dependiendo de la zona del cuerpo.<\/p>\n\n\n\n<p>As\u00ed mismo, son antiestr\u00e9s, disminuyen la ansiedad y las tensiones del d\u00eda a d\u00eda. El objetivo principal es aliviar la tensi\u00f3n y conseguir un estado mental de relajaci\u00f3n, priorizando las manipulaciones y pases suaves.<\/p>\n\n\n\n<p><\/p>\n\n\n\n<h2 class=\"wp-block-heading\">Beneficios de los masajes relajantes para tu salud<\/h2>\n\n\n\n<ul class=\"wp-block-list\">\n<li>Relaja el cuerpo y la mente, promoviendo la respiraci\u00f3n profunda y eliminando el sentimiento de ansiedad.<\/li>\n\n\n\n<li>Reduce y elimina dolores musculares, como nudos, tirones o contracturas.<\/li>\n\n\n\n<li>Fortalece la circulaci\u00f3n sangu\u00ednea, aumentando as\u00ed el aporte de ox\u00edgeno en los \u00f3rganos y tejidos.<\/li>\n\n\n\n<li>Mejora el sistema nervioso.<\/li>\n\n\n\n<li>Crea un sentimiento de bienestar.<\/li>\n\n\n\n<li>Ayuda a la eliminaci\u00f3n de toxinas y c\u00e9lulas muertas.<\/li>\n\n\n\n<li>Recobra energ\u00eda y cansancio acumulado.<\/li>\n\n\n\n<li>Contribuye a la digesti\u00f3n de nutrientes y eliminaci\u00f3n de desechos.<\/li>\n\n\n\n<li>Aumenta las defensas naturales.<\/li>\n\n\n\n<li>Estimula el apetito sexual.<\/li>\n\n\n\n<li>Mejora la autoestima y la energ\u00eda vital.<\/li>\n<\/ul>\n\n\n\n<p><\/p>\n\n\n\n<h2 class=\"wp-block-heading\">Tipos de masajes<\/h2>\n\n\n\n<ul class=\"wp-block-list\">\n<li>Masaje descontracturante<\/li>\n\n\n\n<li>Masaje relajante<\/li>\n\n\n\n<li>Masaje Sueco<\/li>\n\n\n\n<li>Masaje Japon\u00e9s<\/li>\n\n\n\n<li>Masaje con piedras volc\u00e1nicas o piedras calientes<\/li>\n\n\n\n<li>Masaje Bals\u00e1mico<\/li>\n\n\n\n<li>Masaje Terap\u00e9utico<\/li>\n\n\n\n<li>Masaje de Tejido Profundo<\/li>\n<\/ul>\n\n\n\n<p><\/p>\n","protected":false},"excerpt":{"rendered":"<p>Probablemente, los masajes sean la herramienta terap\u00e9utica m\u00e1s utilizada. La terapia de masajes corporales abarca una amplia gama de t\u00e9cnicas que influyen en el cuerpo. Se emplea la presi\u00f3n, fricci\u00f3n o golpes r\u00edtmicos con diversas intensidades, dependiendo de la zona del cuerpo. As\u00ed mismo, son antiestr\u00e9s, disminuyen la ansiedad y las tensiones del d\u00eda a [&hellip;]<\/p>\n","protected":false},"author":1,"featured_media":1452,"parent":0,"menu_order":0,"comment_status":"closed","ping_status":"closed","template":"","meta":{"_monsterinsights_skip_tracking":false,"_monsterinsights_sitenote_active":false,"_monsterinsights_sitenote_note":"","_monsterinsights_sitenote_category":0,"footnotes":""},"wf_page_folders":[],"class_list":["post-1454","page","type-page","status-publish","has-post-thumbnail","hentry"],"yoast_head":"<!-- This site is optimized with the Yoast SEO plugin v27.4 - https:\/\/yoast.com\/product\/yoast-seo-wordpress\/ -->\n<title>Masajes Relajantes - soGuapa<\/title>\n<meta name=\"description\" content=\"Experimenta los mejores masajes relajantes en Malta en Soguapa.com. Sum\u00e9rgete en la tranquilidad con nuestro masaje con piedras volc\u00e1nicas o piedras calientes. Rel\u00e1jate profundamente con nuestro Masaje de Tejido Profundo. \u00a1Reserva ahora!\" \/>\n<meta name=\"robots\" content=\"index, follow, max-snippet:-1, max-image-preview:large, max-video-preview:-1\" \/>\n<link rel=\"canonical\" href=\"https:\/\/soguapa.com\/es\/masajes-relajantes\/\" \/>\n<meta property=\"og:locale\" content=\"es_ES\" \/>\n<meta property=\"og:type\" content=\"article\" \/>\n<meta property=\"og:title\" content=\"Masajes Relajantes - soGuapa\" \/>\n<meta property=\"og:description\" content=\"Experimenta los mejores masajes relajantes en Malta en Soguapa.com. Sum\u00e9rgete en la tranquilidad con nuestro masaje con piedras volc\u00e1nicas o piedras calientes. Rel\u00e1jate profundamente con nuestro Masaje de Tejido Profundo. \u00a1Reserva ahora!\" \/>\n<meta property=\"og:url\" content=\"https:\/\/soguapa.com\/es\/masajes-relajantes\/\" \/>\n<meta property=\"og:site_name\" content=\"soGuapa Beauty Expert\" \/>\n<meta property=\"article:publisher\" content=\"https:\/\/es-la.facebook.com\/SoguapabeautyExpert\/\" \/>\n<meta property=\"article:modified_time\" content=\"2023-10-28T07:28:29+00:00\" \/>\n<meta property=\"og:image\" content=\"https:\/\/soguapa.com\/wp-content\/uploads\/2022\/06\/relaxing-massages.jpg\" \/>\n\t<meta property=\"og:image:width\" content=\"1366\" \/>\n\t<meta property=\"og:image:height\" content=\"768\" \/>\n\t<meta property=\"og:image:type\" content=\"image\/jpeg\" \/>\n<meta name=\"twitter:card\" content=\"summary_large_image\" \/>\n<meta name=\"twitter:label1\" content=\"Tiempo de lectura\" \/>\n\t<meta name=\"twitter:data1\" content=\"1 minuto\" \/>\n<script type=\"application\/ld+json\" class=\"yoast-schema-graph\">{\"@context\":\"https:\\\/\\\/schema.org\",\"@graph\":[{\"@type\":\"WebPage\",\"@id\":\"https:\\\/\\\/soguapa.com\\\/es\\\/masajes-relajantes\\\/\",\"url\":\"https:\\\/\\\/soguapa.com\\\/es\\\/masajes-relajantes\\\/\",\"name\":\"Masajes Relajantes - soGuapa\",\"isPartOf\":{\"@id\":\"https:\\\/\\\/soguapa.com\\\/#website\"},\"primaryImageOfPage\":{\"@id\":\"https:\\\/\\\/soguapa.com\\\/es\\\/masajes-relajantes\\\/#primaryimage\"},\"image\":{\"@id\":\"https:\\\/\\\/soguapa.com\\\/es\\\/masajes-relajantes\\\/#primaryimage\"},\"thumbnailUrl\":\"https:\\\/\\\/soguapa.com\\\/wp-content\\\/uploads\\\/2022\\\/06\\\/relaxing-massages.jpg\",\"datePublished\":\"2022-06-03T07:03:08+00:00\",\"dateModified\":\"2023-10-28T07:28:29+00:00\",\"description\":\"Experimenta los mejores masajes relajantes en Malta en Soguapa.com. Sum\u00e9rgete en la tranquilidad con nuestro masaje con piedras volc\u00e1nicas o piedras calientes. Rel\u00e1jate profundamente con nuestro Masaje de Tejido Profundo. \u00a1Reserva ahora!\",\"breadcrumb\":{\"@id\":\"https:\\\/\\\/soguapa.com\\\/es\\\/masajes-relajantes\\\/#breadcrumb\"},\"inLanguage\":\"es\",\"potentialAction\":[{\"@type\":\"ReadAction\",\"target\":[\"https:\\\/\\\/soguapa.com\\\/es\\\/masajes-relajantes\\\/\"]}]},{\"@type\":\"ImageObject\",\"inLanguage\":\"es\",\"@id\":\"https:\\\/\\\/soguapa.com\\\/es\\\/masajes-relajantes\\\/#primaryimage\",\"url\":\"https:\\\/\\\/soguapa.com\\\/wp-content\\\/uploads\\\/2022\\\/06\\\/relaxing-massages.jpg\",\"contentUrl\":\"https:\\\/\\\/soguapa.com\\\/wp-content\\\/uploads\\\/2022\\\/06\\\/relaxing-massages.jpg\",\"width\":1366,\"height\":768,\"caption\":\"relaxing-massages\"},{\"@type\":\"BreadcrumbList\",\"@id\":\"https:\\\/\\\/soguapa.com\\\/es\\\/masajes-relajantes\\\/#breadcrumb\",\"itemListElement\":[{\"@type\":\"ListItem\",\"position\":1,\"name\":\"Home\",\"item\":\"https:\\\/\\\/soguapa.com\\\/\"},{\"@type\":\"ListItem\",\"position\":2,\"name\":\"Masajes relajantes\"}]},{\"@type\":\"WebSite\",\"@id\":\"https:\\\/\\\/soguapa.com\\\/#website\",\"url\":\"https:\\\/\\\/soguapa.com\\\/\",\"name\":\"soGuapa Beauty Expert\",\"description\":\"Beauty Treatments Malta\",\"publisher\":{\"@id\":\"https:\\\/\\\/soguapa.com\\\/#organization\"},\"potentialAction\":[{\"@type\":\"SearchAction\",\"target\":{\"@type\":\"EntryPoint\",\"urlTemplate\":\"https:\\\/\\\/soguapa.com\\\/?s={search_term_string}\"},\"query-input\":{\"@type\":\"PropertyValueSpecification\",\"valueRequired\":true,\"valueName\":\"search_term_string\"}}],\"inLanguage\":\"es\"},{\"@type\":\"Organization\",\"@id\":\"https:\\\/\\\/soguapa.com\\\/#organization\",\"name\":\"soGuapa\",\"url\":\"https:\\\/\\\/soguapa.com\\\/\",\"logo\":{\"@type\":\"ImageObject\",\"inLanguage\":\"es\",\"@id\":\"https:\\\/\\\/soguapa.com\\\/#\\\/schema\\\/logo\\\/image\\\/\",\"url\":\"https:\\\/\\\/soguapa.com\\\/wp-content\\\/uploads\\\/2022\\\/05\\\/logo-So-Guapa-by-Ingrid.jpg\",\"contentUrl\":\"https:\\\/\\\/soguapa.com\\\/wp-content\\\/uploads\\\/2022\\\/05\\\/logo-So-Guapa-by-Ingrid.jpg\",\"width\":200,\"height\":80,\"caption\":\"soGuapa\"},\"image\":{\"@id\":\"https:\\\/\\\/soguapa.com\\\/#\\\/schema\\\/logo\\\/image\\\/\"},\"sameAs\":[\"https:\\\/\\\/es-la.facebook.com\\\/SoguapabeautyExpert\\\/\",\"https:\\\/\\\/www.instagram.com\\\/soguapabyingrid\\\/\"]}]}<\/script>\n<!-- \/ Yoast SEO plugin. -->","yoast_head_json":{"title":"Masajes Relajantes - soGuapa","description":"Experimenta los mejores masajes relajantes en Malta en Soguapa.com. Sum\u00e9rgete en la tranquilidad con nuestro masaje con piedras volc\u00e1nicas o piedras calientes. Rel\u00e1jate profundamente con nuestro Masaje de Tejido Profundo. \u00a1Reserva ahora!","robots":{"index":"index","follow":"follow","max-snippet":"max-snippet:-1","max-image-preview":"max-image-preview:large","max-video-preview":"max-video-preview:-1"},"canonical":"https:\/\/soguapa.com\/es\/masajes-relajantes\/","og_locale":"es_ES","og_type":"article","og_title":"Masajes Relajantes - soGuapa","og_description":"Experimenta los mejores masajes relajantes en Malta en Soguapa.com. Sum\u00e9rgete en la tranquilidad con nuestro masaje con piedras volc\u00e1nicas o piedras calientes. Rel\u00e1jate profundamente con nuestro Masaje de Tejido Profundo. \u00a1Reserva ahora!","og_url":"https:\/\/soguapa.com\/es\/masajes-relajantes\/","og_site_name":"soGuapa Beauty Expert","article_publisher":"https:\/\/es-la.facebook.com\/SoguapabeautyExpert\/","article_modified_time":"2023-10-28T07:28:29+00:00","og_image":[{"width":1366,"height":768,"url":"https:\/\/soguapa.com\/wp-content\/uploads\/2022\/06\/relaxing-massages.jpg","type":"image\/jpeg"}],"twitter_card":"summary_large_image","twitter_misc":{"Tiempo de lectura":"1 minuto"},"schema":{"@context":"https:\/\/schema.org","@graph":[{"@type":"WebPage","@id":"https:\/\/soguapa.com\/es\/masajes-relajantes\/","url":"https:\/\/soguapa.com\/es\/masajes-relajantes\/","name":"Masajes Relajantes - soGuapa","isPartOf":{"@id":"https:\/\/soguapa.com\/#website"},"primaryImageOfPage":{"@id":"https:\/\/soguapa.com\/es\/masajes-relajantes\/#primaryimage"},"image":{"@id":"https:\/\/soguapa.com\/es\/masajes-relajantes\/#primaryimage"},"thumbnailUrl":"https:\/\/soguapa.com\/wp-content\/uploads\/2022\/06\/relaxing-massages.jpg","datePublished":"2022-06-03T07:03:08+00:00","dateModified":"2023-10-28T07:28:29+00:00","description":"Experimenta los mejores masajes relajantes en Malta en Soguapa.com. Sum\u00e9rgete en la tranquilidad con nuestro masaje con piedras volc\u00e1nicas o piedras calientes. Rel\u00e1jate profundamente con nuestro Masaje de Tejido Profundo. \u00a1Reserva ahora!","breadcrumb":{"@id":"https:\/\/soguapa.com\/es\/masajes-relajantes\/#breadcrumb"},"inLanguage":"es","potentialAction":[{"@type":"ReadAction","target":["https:\/\/soguapa.com\/es\/masajes-relajantes\/"]}]},{"@type":"ImageObject","inLanguage":"es","@id":"https:\/\/soguapa.com\/es\/masajes-relajantes\/#primaryimage","url":"https:\/\/soguapa.com\/wp-content\/uploads\/2022\/06\/relaxing-massages.jpg","contentUrl":"https:\/\/soguapa.com\/wp-content\/uploads\/2022\/06\/relaxing-massages.jpg","width":1366,"height":768,"caption":"relaxing-massages"},{"@type":"BreadcrumbList","@id":"https:\/\/soguapa.com\/es\/masajes-relajantes\/#breadcrumb","itemListElement":[{"@type":"ListItem","position":1,"name":"Home","item":"https:\/\/soguapa.com\/"},{"@type":"ListItem","position":2,"name":"Masajes relajantes"}]},{"@type":"WebSite","@id":"https:\/\/soguapa.com\/#website","url":"https:\/\/soguapa.com\/","name":"soGuapa Beauty Expert","description":"Beauty Treatments Malta","publisher":{"@id":"https:\/\/soguapa.com\/#organization"},"potentialAction":[{"@type":"SearchAction","target":{"@type":"EntryPoint","urlTemplate":"https:\/\/soguapa.com\/?s={search_term_string}"},"query-input":{"@type":"PropertyValueSpecification","valueRequired":true,"valueName":"search_term_string"}}],"inLanguage":"es"},{"@type":"Organization","@id":"https:\/\/soguapa.com\/#organization","name":"soGuapa","url":"https:\/\/soguapa.com\/","logo":{"@type":"ImageObject","inLanguage":"es","@id":"https:\/\/soguapa.com\/#\/schema\/logo\/image\/","url":"https:\/\/soguapa.com\/wp-content\/uploads\/2022\/05\/logo-So-Guapa-by-Ingrid.jpg","contentUrl":"https:\/\/soguapa.com\/wp-content\/uploads\/2022\/05\/logo-So-Guapa-by-Ingrid.jpg","width":200,"height":80,"caption":"soGuapa"},"image":{"@id":"https:\/\/soguapa.com\/#\/schema\/logo\/image\/"},"sameAs":["https:\/\/es-la.facebook.com\/SoguapabeautyExpert\/","https:\/\/www.instagram.com\/soguapabyingrid\/"]}]}},"_links":{"self":[{"href":"https:\/\/soguapa.com\/es\/wp-json\/wp\/v2\/pages\/1454","targetHints":{"allow":["GET"]}}],"collection":[{"href":"https:\/\/soguapa.com\/es\/wp-json\/wp\/v2\/pages"}],"about":[{"href":"https:\/\/soguapa.com\/es\/wp-json\/wp\/v2\/types\/page"}],"author":[{"embeddable":true,"href":"https:\/\/soguapa.com\/es\/wp-json\/wp\/v2\/users\/1"}],"replies":[{"embeddable":true,"href":"https:\/\/soguapa.com\/es\/wp-json\/wp\/v2\/comments?post=1454"}],"version-history":[{"count":0,"href":"https:\/\/soguapa.com\/es\/wp-json\/wp\/v2\/pages\/1454\/revisions"}],"wp:featuredmedia":[{"embeddable":true,"href":"https:\/\/soguapa.com\/es\/wp-json\/wp\/v2\/media\/1452"}],"wp:attachment":[{"href":"https:\/\/soguapa.com\/es\/wp-json\/wp\/v2\/media?parent=1454"}],"wp:term":[{"taxonomy":"wf_page_folders","embeddable":true,"href":"https:\/\/soguapa.com\/es\/wp-json\/wp\/v2\/wf_page_folders?post=1454"}],"curies":[{"name":"wp","href":"https:\/\/api.w.org\/{rel}","templated":true}]}}