{"id":1411,"date":"2022-06-03T07:22:32","date_gmt":"2022-06-03T07:22:32","guid":{"rendered":"http:\/\/nancyyanethc3.sg-host.com\/treatments-to-eliminate-cellulite\/radiofrequency-for-cellulite-treatment\/"},"modified":"2022-06-07T09:47:15","modified_gmt":"2022-06-07T09:47:15","slug":"radiofrecuencia-para-reduccion-de-celulitis","status":"publish","type":"page","link":"https:\/\/soguapa.com\/es\/tratamientos-para-eliminar-celulitis\/radiofrecuencia-para-reduccion-de-celulitis\/","title":{"rendered":"Radiofrecuencia corporal &#8211; Reducci\u00f3n de celulitis"},"content":{"rendered":"\n<p><\/p>\n\n\n\n<h2 class=\"wp-block-heading\">\u00bfQu\u00e9 es la radiofrecuencia?<\/h2>\n\n\n\n<p>La radiofrecuencia es una t\u00e9cnica ampliamente aceptada como la tecnolog\u00eda m\u00e1s eficaz disponible en la actualidad para reducir la celulitis y reafirmar la piel, tanto para la cara como para el cuerpo.<\/p>\n\n\n\n<p>Al aplicar calor intensivo sobre las c\u00e9lulas de col\u00e1geno y las c\u00e9lulas grasas, la radiofrecuencia ayuda a aumentar la firmeza de la piel, reducir la grasa y estimular la circulaci\u00f3n. Mejorando el contorno y la textura del cuerpo y la cara e incentivando la eliminaci\u00f3n de la celulitis, el estiramiento y estiramiento de la piel y el rejuvenecimiento facial.<\/p>\n\n\n\n<p><\/p>\n\n\n\n<h2 class=\"wp-block-heading\">\u00bfC\u00f3mo funciona el tratamiento de radiofrecuencia?<\/h2>\n\n\n\n<p>La radiofrecuencia es una de las mejores tecnolog\u00edas disponible para el estiramiento de la piel y la eliminaci\u00f3n de la celulitis no invasivos y no quir\u00fargicos. Se aplica calor intenso a los tejidos m\u00e1s profundos que la epidermis, con el objetivo de aumentar la producci\u00f3n de col\u00e1geno, la circulaci\u00f3n y la liberaci\u00f3n de grasa de esos tejidos.<\/p>\n\n\n\n<p><\/p>\n\n\n\n<h3 class=\"wp-block-heading\">Reducir la apariencia de la celulitis<\/h3>\n\n\n\n<p>La celulitis le da a tu piel una textura similar al reques\u00f3n o a la piel de la naranja. Las mujeres son mucho m\u00e1s propensas a desarrollar celulitis que los hombres, y puede ser causada por una variedad de otros factores.<\/p>\n\n\n\n<p>El efecto que deja este maravilloso tratamiento es una piel tersa, rejuvenecida y vigorizada tanto en la superficie como en las capas subcut\u00e1neas m\u00e1s profundas. Mejorando la apariencia de la celulitis, lo que da como resultado una piel m\u00e1s suave, firme y radiante.<\/p>\n\n\n\n<p><\/p>\n\n\n\n<h3 class=\"wp-block-heading\">\u00bfCu\u00e1ntas sesiones de radiofrecuencia son necesarias para ver resultados?<\/h3>\n\n\n\n<p>Despu\u00e9s de cada sesi\u00f3n de tratamiento, ver\u00e1 un cambio notable en la apariencia de su piel. Con la finalizaci\u00f3n del tratamiento completo, disfrutar\u00e1 de un contorno y reafirmaci\u00f3n del cuerpo de larga duraci\u00f3n.<\/p>\n\n\n\n<p>Cuando termine el tratamiento, podr\u00e1 volver a sus actividades diarias. Es posible que experimente enrojecimiento temporal, pero esto no deber\u00eda durar m\u00e1s de 24 horas.<\/p>\n\n\n\n<p><\/p>\n","protected":false},"excerpt":{"rendered":"<p>\u00bfQu\u00e9 es la radiofrecuencia? La radiofrecuencia es una t\u00e9cnica ampliamente aceptada como la tecnolog\u00eda m\u00e1s eficaz disponible en la actualidad para reducir la celulitis y reafirmar la piel, tanto para la cara como para el cuerpo. Al aplicar calor intensivo sobre las c\u00e9lulas de col\u00e1geno y las c\u00e9lulas grasas, la radiofrecuencia ayuda a aumentar la [&hellip;]<\/p>\n","protected":false},"author":1,"featured_media":1549,"parent":1405,"menu_order":0,"comment_status":"closed","ping_status":"closed","template":"","meta":{"_monsterinsights_skip_tracking":false,"_monsterinsights_sitenote_active":false,"_monsterinsights_sitenote_note":"","_monsterinsights_sitenote_category":0,"footnotes":""},"wf_page_folders":[],"class_list":["post-1411","page","type-page","status-publish","has-post-thumbnail","hentry"],"yoast_head":"<!-- This site is optimized with the Yoast SEO plugin v27.3 - https:\/\/yoast.com\/product\/yoast-seo-wordpress\/ -->\n<title>Radiofrecuencia corporal y reducci\u00f3n de celulitis - soGuapa<\/title>\n<meta name=\"description\" content=\"Mediante el uso de radiofrecuencia, podemos brindarle una mejora en el tono de su piel y disminuir la apariencia de la celulitis. \u00a1Cont\u00e1ctanos!\" \/>\n<meta name=\"robots\" content=\"index, follow, max-snippet:-1, max-image-preview:large, max-video-preview:-1\" \/>\n<link rel=\"canonical\" href=\"https:\/\/soguapa.com\/es\/tratamientos-para-eliminar-celulitis\/radiofrecuencia-para-reduccion-de-celulitis\/\" \/>\n<meta property=\"og:locale\" content=\"es_ES\" \/>\n<meta property=\"og:type\" content=\"article\" \/>\n<meta property=\"og:title\" content=\"Radiofrecuencia corporal y reducci\u00f3n de celulitis - soGuapa\" \/>\n<meta property=\"og:description\" content=\"Mediante el uso de radiofrecuencia, podemos brindarle una mejora en el tono de su piel y disminuir la apariencia de la celulitis. \u00a1Cont\u00e1ctanos!\" \/>\n<meta property=\"og:url\" content=\"https:\/\/soguapa.com\/es\/tratamientos-para-eliminar-celulitis\/radiofrecuencia-para-reduccion-de-celulitis\/\" \/>\n<meta property=\"og:site_name\" content=\"soGuapa Beauty Expert\" \/>\n<meta property=\"article:publisher\" content=\"https:\/\/es-la.facebook.com\/SoguapabeautyExpert\/\" \/>\n<meta property=\"article:modified_time\" content=\"2022-06-07T09:47:15+00:00\" \/>\n<meta property=\"og:image\" content=\"https:\/\/soguapa.com\/wp-content\/uploads\/2022\/06\/Radiofrequency-treatments.jpg\" \/>\n\t<meta property=\"og:image:width\" content=\"1366\" \/>\n\t<meta property=\"og:image:height\" content=\"768\" \/>\n\t<meta property=\"og:image:type\" content=\"image\/jpeg\" \/>\n<meta name=\"twitter:card\" content=\"summary_large_image\" \/>\n<meta name=\"twitter:label1\" content=\"Tiempo de lectura\" \/>\n\t<meta name=\"twitter:data1\" content=\"2 minutos\" \/>\n<script type=\"application\/ld+json\" class=\"yoast-schema-graph\">{\"@context\":\"https:\\\/\\\/schema.org\",\"@graph\":[{\"@type\":\"WebPage\",\"@id\":\"https:\\\/\\\/soguapa.com\\\/es\\\/tratamientos-para-eliminar-celulitis\\\/radiofrecuencia-para-reduccion-de-celulitis\\\/\",\"url\":\"https:\\\/\\\/soguapa.com\\\/es\\\/tratamientos-para-eliminar-celulitis\\\/radiofrecuencia-para-reduccion-de-celulitis\\\/\",\"name\":\"Radiofrecuencia corporal y reducci\u00f3n de celulitis - soGuapa\",\"isPartOf\":{\"@id\":\"https:\\\/\\\/soguapa.com\\\/#website\"},\"primaryImageOfPage\":{\"@id\":\"https:\\\/\\\/soguapa.com\\\/es\\\/tratamientos-para-eliminar-celulitis\\\/radiofrecuencia-para-reduccion-de-celulitis\\\/#primaryimage\"},\"image\":{\"@id\":\"https:\\\/\\\/soguapa.com\\\/es\\\/tratamientos-para-eliminar-celulitis\\\/radiofrecuencia-para-reduccion-de-celulitis\\\/#primaryimage\"},\"thumbnailUrl\":\"https:\\\/\\\/soguapa.com\\\/wp-content\\\/uploads\\\/2022\\\/06\\\/Radiofrequency-treatments.jpg\",\"datePublished\":\"2022-06-03T07:22:32+00:00\",\"dateModified\":\"2022-06-07T09:47:15+00:00\",\"description\":\"Mediante el uso de radiofrecuencia, podemos brindarle una mejora en el tono de su piel y disminuir la apariencia de la celulitis. \u00a1Cont\u00e1ctanos!\",\"breadcrumb\":{\"@id\":\"https:\\\/\\\/soguapa.com\\\/es\\\/tratamientos-para-eliminar-celulitis\\\/radiofrecuencia-para-reduccion-de-celulitis\\\/#breadcrumb\"},\"inLanguage\":\"es\",\"potentialAction\":[{\"@type\":\"ReadAction\",\"target\":[\"https:\\\/\\\/soguapa.com\\\/es\\\/tratamientos-para-eliminar-celulitis\\\/radiofrecuencia-para-reduccion-de-celulitis\\\/\"]}]},{\"@type\":\"ImageObject\",\"inLanguage\":\"es\",\"@id\":\"https:\\\/\\\/soguapa.com\\\/es\\\/tratamientos-para-eliminar-celulitis\\\/radiofrecuencia-para-reduccion-de-celulitis\\\/#primaryimage\",\"url\":\"https:\\\/\\\/soguapa.com\\\/wp-content\\\/uploads\\\/2022\\\/06\\\/Radiofrequency-treatments.jpg\",\"contentUrl\":\"https:\\\/\\\/soguapa.com\\\/wp-content\\\/uploads\\\/2022\\\/06\\\/Radiofrequency-treatments.jpg\",\"width\":1366,\"height\":768,\"caption\":\"Radiofrequency-treatments\"},{\"@type\":\"BreadcrumbList\",\"@id\":\"https:\\\/\\\/soguapa.com\\\/es\\\/tratamientos-para-eliminar-celulitis\\\/radiofrecuencia-para-reduccion-de-celulitis\\\/#breadcrumb\",\"itemListElement\":[{\"@type\":\"ListItem\",\"position\":1,\"name\":\"Home\",\"item\":\"https:\\\/\\\/soguapa.com\\\/\"},{\"@type\":\"ListItem\",\"position\":2,\"name\":\"Tratamientos anti Celulitis\",\"item\":\"https:\\\/\\\/soguapa.com\\\/es\\\/tratamientos-para-eliminar-celulitis\\\/\"},{\"@type\":\"ListItem\",\"position\":3,\"name\":\"Radiofrecuencia corporal &#8211; Reducci\u00f3n de celulitis\"}]},{\"@type\":\"WebSite\",\"@id\":\"https:\\\/\\\/soguapa.com\\\/#website\",\"url\":\"https:\\\/\\\/soguapa.com\\\/\",\"name\":\"soGuapa Beauty Expert\",\"description\":\"Beauty Treatments Malta\",\"publisher\":{\"@id\":\"https:\\\/\\\/soguapa.com\\\/#organization\"},\"potentialAction\":[{\"@type\":\"SearchAction\",\"target\":{\"@type\":\"EntryPoint\",\"urlTemplate\":\"https:\\\/\\\/soguapa.com\\\/?s={search_term_string}\"},\"query-input\":{\"@type\":\"PropertyValueSpecification\",\"valueRequired\":true,\"valueName\":\"search_term_string\"}}],\"inLanguage\":\"es\"},{\"@type\":\"Organization\",\"@id\":\"https:\\\/\\\/soguapa.com\\\/#organization\",\"name\":\"soGuapa\",\"url\":\"https:\\\/\\\/soguapa.com\\\/\",\"logo\":{\"@type\":\"ImageObject\",\"inLanguage\":\"es\",\"@id\":\"https:\\\/\\\/soguapa.com\\\/#\\\/schema\\\/logo\\\/image\\\/\",\"url\":\"https:\\\/\\\/soguapa.com\\\/wp-content\\\/uploads\\\/2022\\\/05\\\/logo-So-Guapa-by-Ingrid.jpg\",\"contentUrl\":\"https:\\\/\\\/soguapa.com\\\/wp-content\\\/uploads\\\/2022\\\/05\\\/logo-So-Guapa-by-Ingrid.jpg\",\"width\":200,\"height\":80,\"caption\":\"soGuapa\"},\"image\":{\"@id\":\"https:\\\/\\\/soguapa.com\\\/#\\\/schema\\\/logo\\\/image\\\/\"},\"sameAs\":[\"https:\\\/\\\/es-la.facebook.com\\\/SoguapabeautyExpert\\\/\",\"https:\\\/\\\/www.instagram.com\\\/soguapabyingrid\\\/\"]}]}<\/script>\n<!-- \/ Yoast SEO plugin. -->","yoast_head_json":{"title":"Radiofrecuencia corporal y reducci\u00f3n de celulitis - soGuapa","description":"Mediante el uso de radiofrecuencia, podemos brindarle una mejora en el tono de su piel y disminuir la apariencia de la celulitis. \u00a1Cont\u00e1ctanos!","robots":{"index":"index","follow":"follow","max-snippet":"max-snippet:-1","max-image-preview":"max-image-preview:large","max-video-preview":"max-video-preview:-1"},"canonical":"https:\/\/soguapa.com\/es\/tratamientos-para-eliminar-celulitis\/radiofrecuencia-para-reduccion-de-celulitis\/","og_locale":"es_ES","og_type":"article","og_title":"Radiofrecuencia corporal y reducci\u00f3n de celulitis - soGuapa","og_description":"Mediante el uso de radiofrecuencia, podemos brindarle una mejora en el tono de su piel y disminuir la apariencia de la celulitis. \u00a1Cont\u00e1ctanos!","og_url":"https:\/\/soguapa.com\/es\/tratamientos-para-eliminar-celulitis\/radiofrecuencia-para-reduccion-de-celulitis\/","og_site_name":"soGuapa Beauty Expert","article_publisher":"https:\/\/es-la.facebook.com\/SoguapabeautyExpert\/","article_modified_time":"2022-06-07T09:47:15+00:00","og_image":[{"width":1366,"height":768,"url":"https:\/\/soguapa.com\/wp-content\/uploads\/2022\/06\/Radiofrequency-treatments.jpg","type":"image\/jpeg"}],"twitter_card":"summary_large_image","twitter_misc":{"Tiempo de lectura":"2 minutos"},"schema":{"@context":"https:\/\/schema.org","@graph":[{"@type":"WebPage","@id":"https:\/\/soguapa.com\/es\/tratamientos-para-eliminar-celulitis\/radiofrecuencia-para-reduccion-de-celulitis\/","url":"https:\/\/soguapa.com\/es\/tratamientos-para-eliminar-celulitis\/radiofrecuencia-para-reduccion-de-celulitis\/","name":"Radiofrecuencia corporal y reducci\u00f3n de celulitis - soGuapa","isPartOf":{"@id":"https:\/\/soguapa.com\/#website"},"primaryImageOfPage":{"@id":"https:\/\/soguapa.com\/es\/tratamientos-para-eliminar-celulitis\/radiofrecuencia-para-reduccion-de-celulitis\/#primaryimage"},"image":{"@id":"https:\/\/soguapa.com\/es\/tratamientos-para-eliminar-celulitis\/radiofrecuencia-para-reduccion-de-celulitis\/#primaryimage"},"thumbnailUrl":"https:\/\/soguapa.com\/wp-content\/uploads\/2022\/06\/Radiofrequency-treatments.jpg","datePublished":"2022-06-03T07:22:32+00:00","dateModified":"2022-06-07T09:47:15+00:00","description":"Mediante el uso de radiofrecuencia, podemos brindarle una mejora en el tono de su piel y disminuir la apariencia de la celulitis. \u00a1Cont\u00e1ctanos!","breadcrumb":{"@id":"https:\/\/soguapa.com\/es\/tratamientos-para-eliminar-celulitis\/radiofrecuencia-para-reduccion-de-celulitis\/#breadcrumb"},"inLanguage":"es","potentialAction":[{"@type":"ReadAction","target":["https:\/\/soguapa.com\/es\/tratamientos-para-eliminar-celulitis\/radiofrecuencia-para-reduccion-de-celulitis\/"]}]},{"@type":"ImageObject","inLanguage":"es","@id":"https:\/\/soguapa.com\/es\/tratamientos-para-eliminar-celulitis\/radiofrecuencia-para-reduccion-de-celulitis\/#primaryimage","url":"https:\/\/soguapa.com\/wp-content\/uploads\/2022\/06\/Radiofrequency-treatments.jpg","contentUrl":"https:\/\/soguapa.com\/wp-content\/uploads\/2022\/06\/Radiofrequency-treatments.jpg","width":1366,"height":768,"caption":"Radiofrequency-treatments"},{"@type":"BreadcrumbList","@id":"https:\/\/soguapa.com\/es\/tratamientos-para-eliminar-celulitis\/radiofrecuencia-para-reduccion-de-celulitis\/#breadcrumb","itemListElement":[{"@type":"ListItem","position":1,"name":"Home","item":"https:\/\/soguapa.com\/"},{"@type":"ListItem","position":2,"name":"Tratamientos anti Celulitis","item":"https:\/\/soguapa.com\/es\/tratamientos-para-eliminar-celulitis\/"},{"@type":"ListItem","position":3,"name":"Radiofrecuencia corporal &#8211; Reducci\u00f3n de celulitis"}]},{"@type":"WebSite","@id":"https:\/\/soguapa.com\/#website","url":"https:\/\/soguapa.com\/","name":"soGuapa Beauty Expert","description":"Beauty Treatments Malta","publisher":{"@id":"https:\/\/soguapa.com\/#organization"},"potentialAction":[{"@type":"SearchAction","target":{"@type":"EntryPoint","urlTemplate":"https:\/\/soguapa.com\/?s={search_term_string}"},"query-input":{"@type":"PropertyValueSpecification","valueRequired":true,"valueName":"search_term_string"}}],"inLanguage":"es"},{"@type":"Organization","@id":"https:\/\/soguapa.com\/#organization","name":"soGuapa","url":"https:\/\/soguapa.com\/","logo":{"@type":"ImageObject","inLanguage":"es","@id":"https:\/\/soguapa.com\/#\/schema\/logo\/image\/","url":"https:\/\/soguapa.com\/wp-content\/uploads\/2022\/05\/logo-So-Guapa-by-Ingrid.jpg","contentUrl":"https:\/\/soguapa.com\/wp-content\/uploads\/2022\/05\/logo-So-Guapa-by-Ingrid.jpg","width":200,"height":80,"caption":"soGuapa"},"image":{"@id":"https:\/\/soguapa.com\/#\/schema\/logo\/image\/"},"sameAs":["https:\/\/es-la.facebook.com\/SoguapabeautyExpert\/","https:\/\/www.instagram.com\/soguapabyingrid\/"]}]}},"_links":{"self":[{"href":"https:\/\/soguapa.com\/es\/wp-json\/wp\/v2\/pages\/1411","targetHints":{"allow":["GET"]}}],"collection":[{"href":"https:\/\/soguapa.com\/es\/wp-json\/wp\/v2\/pages"}],"about":[{"href":"https:\/\/soguapa.com\/es\/wp-json\/wp\/v2\/types\/page"}],"author":[{"embeddable":true,"href":"https:\/\/soguapa.com\/es\/wp-json\/wp\/v2\/users\/1"}],"replies":[{"embeddable":true,"href":"https:\/\/soguapa.com\/es\/wp-json\/wp\/v2\/comments?post=1411"}],"version-history":[{"count":0,"href":"https:\/\/soguapa.com\/es\/wp-json\/wp\/v2\/pages\/1411\/revisions"}],"up":[{"embeddable":true,"href":"https:\/\/soguapa.com\/es\/wp-json\/wp\/v2\/pages\/1405"}],"wp:featuredmedia":[{"embeddable":true,"href":"https:\/\/soguapa.com\/es\/wp-json\/wp\/v2\/media\/1549"}],"wp:attachment":[{"href":"https:\/\/soguapa.com\/es\/wp-json\/wp\/v2\/media?parent=1411"}],"wp:term":[{"taxonomy":"wf_page_folders","embeddable":true,"href":"https:\/\/soguapa.com\/es\/wp-json\/wp\/v2\/wf_page_folders?post=1411"}],"curies":[{"name":"wp","href":"https:\/\/api.w.org\/{rel}","templated":true}]}}