{"id":1410,"date":"2022-06-03T07:20:17","date_gmt":"2022-06-03T07:20:17","guid":{"rendered":"http:\/\/nancyyanethc3.sg-host.com\/treatments-to-eliminate-cellulite\/carboxytherapy\/"},"modified":"2022-06-07T10:06:33","modified_gmt":"2022-06-07T10:06:33","slug":"carboxyterapia-cuerpo-celulitis","status":"publish","type":"page","link":"https:\/\/soguapa.com\/es\/tratamientos-para-eliminar-celulitis\/carboxyterapia-cuerpo-celulitis\/","title":{"rendered":"Carboxyterapia"},"content":{"rendered":"\n<p>La carboxiterapia es una de las mejores terapias para combatir la celulitis, la flacidez y la grasa localizada. Es un m\u00e9todo no invasivo que consiste en peque\u00f1as infiltraciones de di\u00f3xido de carbono en los tejidos afectados. <\/p>\n\n\n\n<p>La t\u00e9cnica es muy sencilla. Se lleva a cabo mediante un sistema especialmente dise\u00f1ado que controla la velocidad del flujo y el tiempo de inyecci\u00f3n y monitoriza la dosis administrada. Se aplican varias inyecciones con una aguja peque\u00f1a, m\u00e1s peque\u00f1a que la que se usa para las inyecciones de insulina. No es un tratamiento doloroso, debido a las microagujas utilizadas. Como mucho, un peque\u00f1o enrojecimiento en la zona tratada.<\/p>\n\n\n\n<p><\/p>\n\n\n\n<h2 class=\"wp-block-heading\">\u00bfPara qu\u00e9 sirve la carboxiterapia?<\/h2>\n\n\n\n<figure class=\"wp-block-image size-large is-resized\"><img fetchpriority=\"high\" decoding=\"async\" src=\"https:\/\/soguapa.com\/wp-content\/uploads\/2022\/06\/image-1024x815.png\" alt=\"\" class=\"wp-image-1481\" width=\"840\" height=\"668\" srcset=\"https:\/\/soguapa.com\/wp-content\/uploads\/2022\/06\/image-1024x815.png 1024w, https:\/\/soguapa.com\/wp-content\/uploads\/2022\/06\/image-300x239.png 300w, https:\/\/soguapa.com\/wp-content\/uploads\/2022\/06\/image-768x611.png 768w, https:\/\/soguapa.com\/wp-content\/uploads\/2022\/06\/image-600x478.png 600w, https:\/\/soguapa.com\/wp-content\/uploads\/2022\/06\/image.png 1181w\" sizes=\"(max-width: 840px) 100vw, 840px\" \/><figcaption>Imagen tomada de Iberomed*<\/figcaption><\/figure>\n\n\n\n<p><\/p>\n\n\n\n<h3 class=\"wp-block-heading\">Eliminaci\u00f3n de estr\u00edas<\/h3>\n\n\n\n<p>Las estr\u00edas son marcas o l\u00edneas visibles que pueden aparecer en la piel por tres razones: acumulaci\u00f3n de grasa, fibrosis y mala circulaci\u00f3n. Inicialmente, suelen ser\u00a0rojas o moradas, pero con el tiempo se van atenuando hacia un\u00a0tono blanco o plateado.<\/p>\n\n\n\n<p>La carboxiterapia es uno de los mejores tratamientos para tratar las estr\u00edas. El CO<sub>2\u00a0<\/sub>reestructura el tono de la piel al proporcionar ox\u00edgeno a los tejidos, estimulando la producci\u00f3n de col\u00e1geno en la zona. Adem\u00e1s, ayuda a prevenir la aparici\u00f3n de nuevas estr\u00edas y a rejuvenecer la piel.<\/p>\n\n\n\n<p><\/p>\n\n\n\n<h3 class=\"wp-block-heading\">Eliminaci\u00f3n de celulitis<\/h3>\n\n\n\n<p>La tonicidad y aspecto de la piel mejoran paulatinamente y\u00a0\u00a0se observan cambios notorios en el tratamiento de celulitis, flacidez, ojeras, papada y grasa localizada.<\/p>\n\n\n\n<p><\/p>\n\n\n\n<h3 class=\"wp-block-heading\">Eliminaci\u00f3n de fibrosis<\/h3>\n\n\n\n<p>tratamiento para los pacientes que han presentado fibrosis despu\u00e9s de una intervenci\u00f3n quir\u00fargica es uno de los mejores, ya que han manifestado notar excelentes cambios y mejoras en el aspecto de la piel.\u00a0<\/p>\n\n\n\n<p><\/p>\n\n\n\n<h2 class=\"wp-block-heading\">\u00bfCu\u00e1les son algunos beneficios de la carboxiterapia?<\/h2>\n\n\n\n<ul class=\"wp-block-list\"><li>Mejorar la circulaci\u00f3n local de la zona tratada<\/li><li>Estimular la reorganizaci\u00f3n de fibras de col\u00e1geno y fibras el\u00e1sticas<\/li><li>Mejorar el tono y elasticidad de la piel<\/li><li>Mejorar el aspecto y la textura de la piel<\/li><li>Mejorar la flacidez de la piel<\/li><\/ul>\n\n\n\n<p><\/p>\n\n\n\n<h3 class=\"wp-block-heading\">Sesiones de carboxiterapia<\/h3>\n\n\n\n<p>Dependiendo de la zona que vayas a tratar, se suelen requerir de 5 a 10 sesiones. Lo recomendable, seg\u00fan los expertos, son 2 sesiones semanales. No es necesario guardar reposo tras las sesiones, pero s\u00ed hay que evitar la exposici\u00f3n al sol en los dos d\u00edas posteriores.<\/p>\n\n\n\n<p>Una vez finalizada la sesi\u00f3n, se suele complementar con presoterapia o LPG para potenciar la difusi\u00f3n del gas a los tejidos adyacentes. El n\u00famero de sesiones var\u00eda, aunque se recomienda un m\u00ednimo de 15 aplicaciones 2 o 3 veces por semana.<\/p>\n\n\n\n<p>Despu\u00e9s de la sesi\u00f3n, el paciente puede retomar sus rutinas normales, pero debe evitar la exposici\u00f3n al sol durante las siguientes 24 a 48 horas.<\/p>\n","protected":false},"excerpt":{"rendered":"<p>La carboxiterapia es una de las mejores terapias para combatir la celulitis, la flacidez y la grasa localizada. Es un m\u00e9todo no invasivo que consiste en peque\u00f1as infiltraciones de di\u00f3xido de carbono en los tejidos afectados. La t\u00e9cnica es muy sencilla. Se lleva a cabo mediante un sistema especialmente dise\u00f1ado que controla la velocidad del [&hellip;]<\/p>\n","protected":false},"author":1,"featured_media":1913,"parent":1405,"menu_order":0,"comment_status":"closed","ping_status":"closed","template":"","meta":{"_monsterinsights_skip_tracking":false,"_monsterinsights_sitenote_active":false,"_monsterinsights_sitenote_note":"","_monsterinsights_sitenote_category":0,"footnotes":""},"wf_page_folders":[],"class_list":["post-1410","page","type-page","status-publish","has-post-thumbnail","hentry"],"yoast_head":"<!-- This site is optimized with the Yoast SEO plugin v27.3 - https:\/\/yoast.com\/product\/yoast-seo-wordpress\/ -->\n<title>Carboxiterapia para eliminar estr\u00edas, fibrosis y celulitis - soGuapa<\/title>\n<meta name=\"description\" content=\"Carboxiterapia para eliminar estr\u00edas, fibrosis y celulitis.\" \/>\n<meta name=\"robots\" content=\"index, follow, max-snippet:-1, max-image-preview:large, max-video-preview:-1\" \/>\n<link rel=\"canonical\" href=\"https:\/\/soguapa.com\/es\/tratamientos-para-eliminar-celulitis\/carboxyterapia-cuerpo-celulitis\/\" \/>\n<meta property=\"og:locale\" content=\"es_ES\" \/>\n<meta property=\"og:type\" content=\"article\" \/>\n<meta property=\"og:title\" content=\"Carboxiterapia para eliminar estr\u00edas, fibrosis y celulitis - soGuapa\" \/>\n<meta property=\"og:description\" content=\"Carboxiterapia para eliminar estr\u00edas, fibrosis y celulitis.\" \/>\n<meta property=\"og:url\" content=\"https:\/\/soguapa.com\/es\/tratamientos-para-eliminar-celulitis\/carboxyterapia-cuerpo-celulitis\/\" \/>\n<meta property=\"og:site_name\" content=\"soGuapa Beauty Expert\" \/>\n<meta property=\"article:publisher\" content=\"https:\/\/es-la.facebook.com\/SoguapabeautyExpert\/\" \/>\n<meta property=\"article:modified_time\" content=\"2022-06-07T10:06:33+00:00\" \/>\n<meta property=\"og:image\" content=\"https:\/\/soguapa.com\/wp-content\/uploads\/2022\/06\/carboxitherapy-treatment-cellulitis.jpg\" \/>\n\t<meta property=\"og:image:width\" content=\"1366\" \/>\n\t<meta property=\"og:image:height\" content=\"768\" \/>\n\t<meta property=\"og:image:type\" content=\"image\/jpeg\" \/>\n<meta name=\"twitter:card\" content=\"summary_large_image\" \/>\n<meta name=\"twitter:label1\" content=\"Tiempo de lectura\" \/>\n\t<meta name=\"twitter:data1\" content=\"3 minutos\" \/>\n<script type=\"application\/ld+json\" class=\"yoast-schema-graph\">{\"@context\":\"https:\\\/\\\/schema.org\",\"@graph\":[{\"@type\":\"WebPage\",\"@id\":\"https:\\\/\\\/soguapa.com\\\/es\\\/tratamientos-para-eliminar-celulitis\\\/carboxyterapia-cuerpo-celulitis\\\/\",\"url\":\"https:\\\/\\\/soguapa.com\\\/es\\\/tratamientos-para-eliminar-celulitis\\\/carboxyterapia-cuerpo-celulitis\\\/\",\"name\":\"Carboxiterapia para eliminar estr\u00edas, fibrosis y celulitis - soGuapa\",\"isPartOf\":{\"@id\":\"https:\\\/\\\/soguapa.com\\\/#website\"},\"primaryImageOfPage\":{\"@id\":\"https:\\\/\\\/soguapa.com\\\/es\\\/tratamientos-para-eliminar-celulitis\\\/carboxyterapia-cuerpo-celulitis\\\/#primaryimage\"},\"image\":{\"@id\":\"https:\\\/\\\/soguapa.com\\\/es\\\/tratamientos-para-eliminar-celulitis\\\/carboxyterapia-cuerpo-celulitis\\\/#primaryimage\"},\"thumbnailUrl\":\"https:\\\/\\\/soguapa.com\\\/wp-content\\\/uploads\\\/2022\\\/06\\\/carboxitherapy-treatment-cellulitis.jpg\",\"datePublished\":\"2022-06-03T07:20:17+00:00\",\"dateModified\":\"2022-06-07T10:06:33+00:00\",\"description\":\"Carboxiterapia para eliminar estr\u00edas, fibrosis y celulitis.\",\"breadcrumb\":{\"@id\":\"https:\\\/\\\/soguapa.com\\\/es\\\/tratamientos-para-eliminar-celulitis\\\/carboxyterapia-cuerpo-celulitis\\\/#breadcrumb\"},\"inLanguage\":\"es\",\"potentialAction\":[{\"@type\":\"ReadAction\",\"target\":[\"https:\\\/\\\/soguapa.com\\\/es\\\/tratamientos-para-eliminar-celulitis\\\/carboxyterapia-cuerpo-celulitis\\\/\"]}]},{\"@type\":\"ImageObject\",\"inLanguage\":\"es\",\"@id\":\"https:\\\/\\\/soguapa.com\\\/es\\\/tratamientos-para-eliminar-celulitis\\\/carboxyterapia-cuerpo-celulitis\\\/#primaryimage\",\"url\":\"https:\\\/\\\/soguapa.com\\\/wp-content\\\/uploads\\\/2022\\\/06\\\/carboxitherapy-treatment-cellulitis.jpg\",\"contentUrl\":\"https:\\\/\\\/soguapa.com\\\/wp-content\\\/uploads\\\/2022\\\/06\\\/carboxitherapy-treatment-cellulitis.jpg\",\"width\":1366,\"height\":768,\"caption\":\"carboxitherapy-treatment-cellulitis\"},{\"@type\":\"BreadcrumbList\",\"@id\":\"https:\\\/\\\/soguapa.com\\\/es\\\/tratamientos-para-eliminar-celulitis\\\/carboxyterapia-cuerpo-celulitis\\\/#breadcrumb\",\"itemListElement\":[{\"@type\":\"ListItem\",\"position\":1,\"name\":\"Home\",\"item\":\"https:\\\/\\\/soguapa.com\\\/\"},{\"@type\":\"ListItem\",\"position\":2,\"name\":\"Tratamientos anti Celulitis\",\"item\":\"https:\\\/\\\/soguapa.com\\\/es\\\/tratamientos-para-eliminar-celulitis\\\/\"},{\"@type\":\"ListItem\",\"position\":3,\"name\":\"Carboxyterapia\"}]},{\"@type\":\"WebSite\",\"@id\":\"https:\\\/\\\/soguapa.com\\\/#website\",\"url\":\"https:\\\/\\\/soguapa.com\\\/\",\"name\":\"soGuapa Beauty Expert\",\"description\":\"Beauty Treatments Malta\",\"publisher\":{\"@id\":\"https:\\\/\\\/soguapa.com\\\/#organization\"},\"potentialAction\":[{\"@type\":\"SearchAction\",\"target\":{\"@type\":\"EntryPoint\",\"urlTemplate\":\"https:\\\/\\\/soguapa.com\\\/?s={search_term_string}\"},\"query-input\":{\"@type\":\"PropertyValueSpecification\",\"valueRequired\":true,\"valueName\":\"search_term_string\"}}],\"inLanguage\":\"es\"},{\"@type\":\"Organization\",\"@id\":\"https:\\\/\\\/soguapa.com\\\/#organization\",\"name\":\"soGuapa\",\"url\":\"https:\\\/\\\/soguapa.com\\\/\",\"logo\":{\"@type\":\"ImageObject\",\"inLanguage\":\"es\",\"@id\":\"https:\\\/\\\/soguapa.com\\\/#\\\/schema\\\/logo\\\/image\\\/\",\"url\":\"https:\\\/\\\/soguapa.com\\\/wp-content\\\/uploads\\\/2022\\\/05\\\/logo-So-Guapa-by-Ingrid.jpg\",\"contentUrl\":\"https:\\\/\\\/soguapa.com\\\/wp-content\\\/uploads\\\/2022\\\/05\\\/logo-So-Guapa-by-Ingrid.jpg\",\"width\":200,\"height\":80,\"caption\":\"soGuapa\"},\"image\":{\"@id\":\"https:\\\/\\\/soguapa.com\\\/#\\\/schema\\\/logo\\\/image\\\/\"},\"sameAs\":[\"https:\\\/\\\/es-la.facebook.com\\\/SoguapabeautyExpert\\\/\",\"https:\\\/\\\/www.instagram.com\\\/soguapabyingrid\\\/\"]}]}<\/script>\n<!-- \/ Yoast SEO plugin. -->","yoast_head_json":{"title":"Carboxiterapia para eliminar estr\u00edas, fibrosis y celulitis - soGuapa","description":"Carboxiterapia para eliminar estr\u00edas, fibrosis y celulitis.","robots":{"index":"index","follow":"follow","max-snippet":"max-snippet:-1","max-image-preview":"max-image-preview:large","max-video-preview":"max-video-preview:-1"},"canonical":"https:\/\/soguapa.com\/es\/tratamientos-para-eliminar-celulitis\/carboxyterapia-cuerpo-celulitis\/","og_locale":"es_ES","og_type":"article","og_title":"Carboxiterapia para eliminar estr\u00edas, fibrosis y celulitis - soGuapa","og_description":"Carboxiterapia para eliminar estr\u00edas, fibrosis y celulitis.","og_url":"https:\/\/soguapa.com\/es\/tratamientos-para-eliminar-celulitis\/carboxyterapia-cuerpo-celulitis\/","og_site_name":"soGuapa Beauty Expert","article_publisher":"https:\/\/es-la.facebook.com\/SoguapabeautyExpert\/","article_modified_time":"2022-06-07T10:06:33+00:00","og_image":[{"width":1366,"height":768,"url":"https:\/\/soguapa.com\/wp-content\/uploads\/2022\/06\/carboxitherapy-treatment-cellulitis.jpg","type":"image\/jpeg"}],"twitter_card":"summary_large_image","twitter_misc":{"Tiempo de lectura":"3 minutos"},"schema":{"@context":"https:\/\/schema.org","@graph":[{"@type":"WebPage","@id":"https:\/\/soguapa.com\/es\/tratamientos-para-eliminar-celulitis\/carboxyterapia-cuerpo-celulitis\/","url":"https:\/\/soguapa.com\/es\/tratamientos-para-eliminar-celulitis\/carboxyterapia-cuerpo-celulitis\/","name":"Carboxiterapia para eliminar estr\u00edas, fibrosis y celulitis - soGuapa","isPartOf":{"@id":"https:\/\/soguapa.com\/#website"},"primaryImageOfPage":{"@id":"https:\/\/soguapa.com\/es\/tratamientos-para-eliminar-celulitis\/carboxyterapia-cuerpo-celulitis\/#primaryimage"},"image":{"@id":"https:\/\/soguapa.com\/es\/tratamientos-para-eliminar-celulitis\/carboxyterapia-cuerpo-celulitis\/#primaryimage"},"thumbnailUrl":"https:\/\/soguapa.com\/wp-content\/uploads\/2022\/06\/carboxitherapy-treatment-cellulitis.jpg","datePublished":"2022-06-03T07:20:17+00:00","dateModified":"2022-06-07T10:06:33+00:00","description":"Carboxiterapia para eliminar estr\u00edas, fibrosis y celulitis.","breadcrumb":{"@id":"https:\/\/soguapa.com\/es\/tratamientos-para-eliminar-celulitis\/carboxyterapia-cuerpo-celulitis\/#breadcrumb"},"inLanguage":"es","potentialAction":[{"@type":"ReadAction","target":["https:\/\/soguapa.com\/es\/tratamientos-para-eliminar-celulitis\/carboxyterapia-cuerpo-celulitis\/"]}]},{"@type":"ImageObject","inLanguage":"es","@id":"https:\/\/soguapa.com\/es\/tratamientos-para-eliminar-celulitis\/carboxyterapia-cuerpo-celulitis\/#primaryimage","url":"https:\/\/soguapa.com\/wp-content\/uploads\/2022\/06\/carboxitherapy-treatment-cellulitis.jpg","contentUrl":"https:\/\/soguapa.com\/wp-content\/uploads\/2022\/06\/carboxitherapy-treatment-cellulitis.jpg","width":1366,"height":768,"caption":"carboxitherapy-treatment-cellulitis"},{"@type":"BreadcrumbList","@id":"https:\/\/soguapa.com\/es\/tratamientos-para-eliminar-celulitis\/carboxyterapia-cuerpo-celulitis\/#breadcrumb","itemListElement":[{"@type":"ListItem","position":1,"name":"Home","item":"https:\/\/soguapa.com\/"},{"@type":"ListItem","position":2,"name":"Tratamientos anti Celulitis","item":"https:\/\/soguapa.com\/es\/tratamientos-para-eliminar-celulitis\/"},{"@type":"ListItem","position":3,"name":"Carboxyterapia"}]},{"@type":"WebSite","@id":"https:\/\/soguapa.com\/#website","url":"https:\/\/soguapa.com\/","name":"soGuapa Beauty Expert","description":"Beauty Treatments Malta","publisher":{"@id":"https:\/\/soguapa.com\/#organization"},"potentialAction":[{"@type":"SearchAction","target":{"@type":"EntryPoint","urlTemplate":"https:\/\/soguapa.com\/?s={search_term_string}"},"query-input":{"@type":"PropertyValueSpecification","valueRequired":true,"valueName":"search_term_string"}}],"inLanguage":"es"},{"@type":"Organization","@id":"https:\/\/soguapa.com\/#organization","name":"soGuapa","url":"https:\/\/soguapa.com\/","logo":{"@type":"ImageObject","inLanguage":"es","@id":"https:\/\/soguapa.com\/#\/schema\/logo\/image\/","url":"https:\/\/soguapa.com\/wp-content\/uploads\/2022\/05\/logo-So-Guapa-by-Ingrid.jpg","contentUrl":"https:\/\/soguapa.com\/wp-content\/uploads\/2022\/05\/logo-So-Guapa-by-Ingrid.jpg","width":200,"height":80,"caption":"soGuapa"},"image":{"@id":"https:\/\/soguapa.com\/#\/schema\/logo\/image\/"},"sameAs":["https:\/\/es-la.facebook.com\/SoguapabeautyExpert\/","https:\/\/www.instagram.com\/soguapabyingrid\/"]}]}},"_links":{"self":[{"href":"https:\/\/soguapa.com\/es\/wp-json\/wp\/v2\/pages\/1410","targetHints":{"allow":["GET"]}}],"collection":[{"href":"https:\/\/soguapa.com\/es\/wp-json\/wp\/v2\/pages"}],"about":[{"href":"https:\/\/soguapa.com\/es\/wp-json\/wp\/v2\/types\/page"}],"author":[{"embeddable":true,"href":"https:\/\/soguapa.com\/es\/wp-json\/wp\/v2\/users\/1"}],"replies":[{"embeddable":true,"href":"https:\/\/soguapa.com\/es\/wp-json\/wp\/v2\/comments?post=1410"}],"version-history":[{"count":0,"href":"https:\/\/soguapa.com\/es\/wp-json\/wp\/v2\/pages\/1410\/revisions"}],"up":[{"embeddable":true,"href":"https:\/\/soguapa.com\/es\/wp-json\/wp\/v2\/pages\/1405"}],"wp:featuredmedia":[{"embeddable":true,"href":"https:\/\/soguapa.com\/es\/wp-json\/wp\/v2\/media\/1913"}],"wp:attachment":[{"href":"https:\/\/soguapa.com\/es\/wp-json\/wp\/v2\/media?parent=1410"}],"wp:term":[{"taxonomy":"wf_page_folders","embeddable":true,"href":"https:\/\/soguapa.com\/es\/wp-json\/wp\/v2\/wf_page_folders?post=1410"}],"curies":[{"name":"wp","href":"https:\/\/api.w.org\/{rel}","templated":true}]}}