{"id":1405,"date":"2022-06-03T07:05:53","date_gmt":"2022-06-03T07:05:53","guid":{"rendered":"http:\/\/nancyyanethc3.sg-host.com\/treatments-to-eliminate-cellulite\/"},"modified":"2023-10-28T07:00:46","modified_gmt":"2023-10-28T07:00:46","slug":"tratamientos-para-eliminar-celulitis","status":"publish","type":"page","link":"https:\/\/soguapa.com\/es\/tratamientos-para-eliminar-celulitis\/","title":{"rendered":"Tratamientos anti Celulitis"},"content":{"rendered":"\n<h2 class=\"wp-block-heading\">\u00bfQu\u00e9 es <em>la celulitis?<\/em><\/h2>\n\n\n\n<p>La celulitis consiste en la&nbsp;acumulaci\u00f3n de n\u00f3dulos de grasa&nbsp;en la piel de algunas zonas del cuerpo como abdomen, gl\u00fateos, caderas o muslos. Alterando tejidos fibrosos, adiposos y conjuntivos, lo que crea una&nbsp;retenci\u00f3n de l\u00edquidos&nbsp;y un&nbsp;alto nivel de producci\u00f3n de estr\u00f3genos, Por esta raz\u00f3n la celulitis se presenta en casi un 85% de las mujeres que han pasado por la pubertad.<\/p>\n\n\n\n<p>La celulitis no tiene cura, y tiende a agravarse y cronificarse, desencadenando en un problema a veces muy doloroso, y complicado de tratar.<\/p>\n\n\n\n<p><\/p>\n\n\n\n<h3 class=\"wp-block-heading\">Las zonas m\u00e1s afectadas por la celulitis<\/h3>\n\n\n\n<p>La zona media e inferior es la peor zona para la celulitis blanda y localizada, afectando principalmente al&nbsp;abdomen, gl\u00fateos, muslos y nalgas.<\/p>\n\n\n\n<p>El sobrepeso incrementa los problemas y la celulitis puede llegar a la&nbsp;parte interna de los brazos, los tobillos o partir inferior de la espalda.<\/p>\n\n\n\n<p><\/p>\n\n\n\n<h2 class=\"wp-block-heading\">Tipos de celulitis<\/h2>\n\n\n\n<ul class=\"wp-block-list\">\n<li>Celulitis localizada<\/li>\n\n\n\n<li>Celulitis blanda<\/li>\n\n\n\n<li>Celulitis edemosa<\/li>\n<\/ul>\n\n\n\n<p><\/p>\n\n\n\n<h2 class=\"wp-block-heading\">\u00bfCu\u00e1l es el tratamiento m\u00e1s efectivo para la celulitis?<\/h2>\n\n\n\n<h3 class=\"wp-block-heading\">La alimentaci\u00f3n es la clave contra la celulitis<\/h3>\n\n\n\n<p>La base, como en casi todo, vuelve a ser la alimentaci\u00f3n. Bien dicen que somos lo que comemos y una&nbsp;dieta equilibrada y variada&nbsp;ayudar\u00e1 en el correcto funcionamiento del sistema linf\u00e1tico y circulatorio, los dos focos a los que prestar atenci\u00f3n.<\/p>\n\n\n\n<p>Puede que te sorprendas de todas las soluciones que hay en tu mano para dejar de ver esa piel de naranja que tanto te incomoda. Y cr\u00e9enos, hay muchas cosas a tu alcance.<\/p>\n\n\n\n<h3 class=\"wp-block-heading\">Tratamientos en cabina contra la celulitis que encuentras en soGuapa<\/h3>\n\n\n\n<p><a href=\"https:\/\/soguapa.com\/es\/tratamientos-para-eliminar-celulitis\/carboxyterapia-cuerpo-celulitis\/\" target=\"_blank\" rel=\"noreferrer noopener\">Carboxytherapy<\/a><\/p>\n\n\n\n<p><a href=\"https:\/\/soguapa.com\/wp-admin\/post.php?post=1406&amp;action=edit&amp;lang=es\" target=\"_blank\" rel=\"noreferrer noopener\">Presoterapia<\/a><\/p>\n\n\n\n<p><a href=\"https:\/\/soguapa.com\/es\/tratamientos-para-eliminar-celulitis\/radiofrecuencia-eliminar-celulitis\/\" target=\"_blank\" rel=\"noreferrer noopener\">Radiofrequency<\/a><\/p>\n","protected":false},"excerpt":{"rendered":"<p>\u00bfQu\u00e9 es la celulitis? La celulitis consiste en la&nbsp;acumulaci\u00f3n de n\u00f3dulos de grasa&nbsp;en la piel de algunas zonas del cuerpo como abdomen, gl\u00fateos, caderas o muslos. Alterando tejidos fibrosos, adiposos y conjuntivos, lo que crea una&nbsp;retenci\u00f3n de l\u00edquidos&nbsp;y un&nbsp;alto nivel de producci\u00f3n de estr\u00f3genos, Por esta raz\u00f3n la celulitis se presenta en casi un 85% [&hellip;]<\/p>\n","protected":false},"author":1,"featured_media":1384,"parent":0,"menu_order":0,"comment_status":"closed","ping_status":"closed","template":"","meta":{"_monsterinsights_skip_tracking":false,"_monsterinsights_sitenote_active":false,"_monsterinsights_sitenote_note":"","_monsterinsights_sitenote_category":0,"footnotes":""},"wf_page_folders":[],"class_list":["post-1405","page","type-page","status-publish","has-post-thumbnail","hentry"],"yoast_head":"<!-- This site is optimized with the Yoast SEO plugin v27.4 - https:\/\/yoast.com\/product\/yoast-seo-wordpress\/ -->\n<title>Tratamientos y masajes para eliminar la celulitis - soGuapa<\/title>\n<meta name=\"description\" content=\"Descubre el tratamiento m\u00e1s efectivo para eliminar la celulitis en soGuapa. Experimenta soluciones de belleza avanzadas en Malta dise\u00f1adas para rejuvenecer y realzar tu belleza natural.\" \/>\n<meta name=\"robots\" content=\"index, follow, max-snippet:-1, max-image-preview:large, max-video-preview:-1\" \/>\n<link rel=\"canonical\" href=\"https:\/\/soguapa.com\/es\/tratamientos-para-eliminar-celulitis\/\" \/>\n<meta property=\"og:locale\" content=\"es_ES\" \/>\n<meta property=\"og:type\" content=\"article\" \/>\n<meta property=\"og:title\" content=\"Tratamientos y masajes para eliminar la celulitis - soGuapa\" \/>\n<meta property=\"og:description\" content=\"Descubre el tratamiento m\u00e1s efectivo para eliminar la celulitis en soGuapa. Experimenta soluciones de belleza avanzadas en Malta dise\u00f1adas para rejuvenecer y realzar tu belleza natural.\" \/>\n<meta property=\"og:url\" content=\"https:\/\/soguapa.com\/es\/tratamientos-para-eliminar-celulitis\/\" \/>\n<meta property=\"og:site_name\" content=\"soGuapa Beauty Expert\" \/>\n<meta property=\"article:publisher\" content=\"https:\/\/es-la.facebook.com\/SoguapabeautyExpert\/\" \/>\n<meta property=\"article:modified_time\" content=\"2023-10-28T07:00:46+00:00\" \/>\n<meta property=\"og:image\" content=\"https:\/\/soguapa.com\/wp-content\/uploads\/2022\/06\/tratamientos-para-celulitis.jpg\" \/>\n\t<meta property=\"og:image:width\" content=\"1366\" \/>\n\t<meta property=\"og:image:height\" content=\"768\" \/>\n\t<meta property=\"og:image:type\" content=\"image\/jpeg\" \/>\n<meta name=\"twitter:card\" content=\"summary_large_image\" \/>\n<meta name=\"twitter:label1\" content=\"Tiempo de lectura\" \/>\n\t<meta name=\"twitter:data1\" content=\"2 minutos\" \/>\n<script type=\"application\/ld+json\" class=\"yoast-schema-graph\">{\"@context\":\"https:\\\/\\\/schema.org\",\"@graph\":[{\"@type\":\"WebPage\",\"@id\":\"https:\\\/\\\/soguapa.com\\\/es\\\/tratamientos-para-eliminar-celulitis\\\/\",\"url\":\"https:\\\/\\\/soguapa.com\\\/es\\\/tratamientos-para-eliminar-celulitis\\\/\",\"name\":\"Tratamientos y masajes para eliminar la celulitis - soGuapa\",\"isPartOf\":{\"@id\":\"https:\\\/\\\/soguapa.com\\\/#website\"},\"primaryImageOfPage\":{\"@id\":\"https:\\\/\\\/soguapa.com\\\/es\\\/tratamientos-para-eliminar-celulitis\\\/#primaryimage\"},\"image\":{\"@id\":\"https:\\\/\\\/soguapa.com\\\/es\\\/tratamientos-para-eliminar-celulitis\\\/#primaryimage\"},\"thumbnailUrl\":\"https:\\\/\\\/soguapa.com\\\/wp-content\\\/uploads\\\/2022\\\/06\\\/tratamientos-para-celulitis.jpg\",\"datePublished\":\"2022-06-03T07:05:53+00:00\",\"dateModified\":\"2023-10-28T07:00:46+00:00\",\"description\":\"Descubre el tratamiento m\u00e1s efectivo para eliminar la celulitis en soGuapa. Experimenta soluciones de belleza avanzadas en Malta dise\u00f1adas para rejuvenecer y realzar tu belleza natural.\",\"breadcrumb\":{\"@id\":\"https:\\\/\\\/soguapa.com\\\/es\\\/tratamientos-para-eliminar-celulitis\\\/#breadcrumb\"},\"inLanguage\":\"es\",\"potentialAction\":[{\"@type\":\"ReadAction\",\"target\":[\"https:\\\/\\\/soguapa.com\\\/es\\\/tratamientos-para-eliminar-celulitis\\\/\"]}]},{\"@type\":\"ImageObject\",\"inLanguage\":\"es\",\"@id\":\"https:\\\/\\\/soguapa.com\\\/es\\\/tratamientos-para-eliminar-celulitis\\\/#primaryimage\",\"url\":\"https:\\\/\\\/soguapa.com\\\/wp-content\\\/uploads\\\/2022\\\/06\\\/tratamientos-para-celulitis.jpg\",\"contentUrl\":\"https:\\\/\\\/soguapa.com\\\/wp-content\\\/uploads\\\/2022\\\/06\\\/tratamientos-para-celulitis.jpg\",\"width\":1366,\"height\":768,\"caption\":\"cellulite treatment\"},{\"@type\":\"BreadcrumbList\",\"@id\":\"https:\\\/\\\/soguapa.com\\\/es\\\/tratamientos-para-eliminar-celulitis\\\/#breadcrumb\",\"itemListElement\":[{\"@type\":\"ListItem\",\"position\":1,\"name\":\"Home\",\"item\":\"https:\\\/\\\/soguapa.com\\\/\"},{\"@type\":\"ListItem\",\"position\":2,\"name\":\"Tratamientos anti Celulitis\"}]},{\"@type\":\"WebSite\",\"@id\":\"https:\\\/\\\/soguapa.com\\\/#website\",\"url\":\"https:\\\/\\\/soguapa.com\\\/\",\"name\":\"soGuapa Beauty Expert\",\"description\":\"Beauty Treatments Malta\",\"publisher\":{\"@id\":\"https:\\\/\\\/soguapa.com\\\/#organization\"},\"potentialAction\":[{\"@type\":\"SearchAction\",\"target\":{\"@type\":\"EntryPoint\",\"urlTemplate\":\"https:\\\/\\\/soguapa.com\\\/?s={search_term_string}\"},\"query-input\":{\"@type\":\"PropertyValueSpecification\",\"valueRequired\":true,\"valueName\":\"search_term_string\"}}],\"inLanguage\":\"es\"},{\"@type\":\"Organization\",\"@id\":\"https:\\\/\\\/soguapa.com\\\/#organization\",\"name\":\"soGuapa\",\"url\":\"https:\\\/\\\/soguapa.com\\\/\",\"logo\":{\"@type\":\"ImageObject\",\"inLanguage\":\"es\",\"@id\":\"https:\\\/\\\/soguapa.com\\\/#\\\/schema\\\/logo\\\/image\\\/\",\"url\":\"https:\\\/\\\/soguapa.com\\\/wp-content\\\/uploads\\\/2022\\\/05\\\/logo-So-Guapa-by-Ingrid.jpg\",\"contentUrl\":\"https:\\\/\\\/soguapa.com\\\/wp-content\\\/uploads\\\/2022\\\/05\\\/logo-So-Guapa-by-Ingrid.jpg\",\"width\":200,\"height\":80,\"caption\":\"soGuapa\"},\"image\":{\"@id\":\"https:\\\/\\\/soguapa.com\\\/#\\\/schema\\\/logo\\\/image\\\/\"},\"sameAs\":[\"https:\\\/\\\/es-la.facebook.com\\\/SoguapabeautyExpert\\\/\",\"https:\\\/\\\/www.instagram.com\\\/soguapabyingrid\\\/\"]}]}<\/script>\n<!-- \/ Yoast SEO plugin. -->","yoast_head_json":{"title":"Tratamientos y masajes para eliminar la celulitis - soGuapa","description":"Descubre el tratamiento m\u00e1s efectivo para eliminar la celulitis en soGuapa. Experimenta soluciones de belleza avanzadas en Malta dise\u00f1adas para rejuvenecer y realzar tu belleza natural.","robots":{"index":"index","follow":"follow","max-snippet":"max-snippet:-1","max-image-preview":"max-image-preview:large","max-video-preview":"max-video-preview:-1"},"canonical":"https:\/\/soguapa.com\/es\/tratamientos-para-eliminar-celulitis\/","og_locale":"es_ES","og_type":"article","og_title":"Tratamientos y masajes para eliminar la celulitis - soGuapa","og_description":"Descubre el tratamiento m\u00e1s efectivo para eliminar la celulitis en soGuapa. Experimenta soluciones de belleza avanzadas en Malta dise\u00f1adas para rejuvenecer y realzar tu belleza natural.","og_url":"https:\/\/soguapa.com\/es\/tratamientos-para-eliminar-celulitis\/","og_site_name":"soGuapa Beauty Expert","article_publisher":"https:\/\/es-la.facebook.com\/SoguapabeautyExpert\/","article_modified_time":"2023-10-28T07:00:46+00:00","og_image":[{"width":1366,"height":768,"url":"https:\/\/soguapa.com\/wp-content\/uploads\/2022\/06\/tratamientos-para-celulitis.jpg","type":"image\/jpeg"}],"twitter_card":"summary_large_image","twitter_misc":{"Tiempo de lectura":"2 minutos"},"schema":{"@context":"https:\/\/schema.org","@graph":[{"@type":"WebPage","@id":"https:\/\/soguapa.com\/es\/tratamientos-para-eliminar-celulitis\/","url":"https:\/\/soguapa.com\/es\/tratamientos-para-eliminar-celulitis\/","name":"Tratamientos y masajes para eliminar la celulitis - soGuapa","isPartOf":{"@id":"https:\/\/soguapa.com\/#website"},"primaryImageOfPage":{"@id":"https:\/\/soguapa.com\/es\/tratamientos-para-eliminar-celulitis\/#primaryimage"},"image":{"@id":"https:\/\/soguapa.com\/es\/tratamientos-para-eliminar-celulitis\/#primaryimage"},"thumbnailUrl":"https:\/\/soguapa.com\/wp-content\/uploads\/2022\/06\/tratamientos-para-celulitis.jpg","datePublished":"2022-06-03T07:05:53+00:00","dateModified":"2023-10-28T07:00:46+00:00","description":"Descubre el tratamiento m\u00e1s efectivo para eliminar la celulitis en soGuapa. Experimenta soluciones de belleza avanzadas en Malta dise\u00f1adas para rejuvenecer y realzar tu belleza natural.","breadcrumb":{"@id":"https:\/\/soguapa.com\/es\/tratamientos-para-eliminar-celulitis\/#breadcrumb"},"inLanguage":"es","potentialAction":[{"@type":"ReadAction","target":["https:\/\/soguapa.com\/es\/tratamientos-para-eliminar-celulitis\/"]}]},{"@type":"ImageObject","inLanguage":"es","@id":"https:\/\/soguapa.com\/es\/tratamientos-para-eliminar-celulitis\/#primaryimage","url":"https:\/\/soguapa.com\/wp-content\/uploads\/2022\/06\/tratamientos-para-celulitis.jpg","contentUrl":"https:\/\/soguapa.com\/wp-content\/uploads\/2022\/06\/tratamientos-para-celulitis.jpg","width":1366,"height":768,"caption":"cellulite treatment"},{"@type":"BreadcrumbList","@id":"https:\/\/soguapa.com\/es\/tratamientos-para-eliminar-celulitis\/#breadcrumb","itemListElement":[{"@type":"ListItem","position":1,"name":"Home","item":"https:\/\/soguapa.com\/"},{"@type":"ListItem","position":2,"name":"Tratamientos anti Celulitis"}]},{"@type":"WebSite","@id":"https:\/\/soguapa.com\/#website","url":"https:\/\/soguapa.com\/","name":"soGuapa Beauty Expert","description":"Beauty Treatments Malta","publisher":{"@id":"https:\/\/soguapa.com\/#organization"},"potentialAction":[{"@type":"SearchAction","target":{"@type":"EntryPoint","urlTemplate":"https:\/\/soguapa.com\/?s={search_term_string}"},"query-input":{"@type":"PropertyValueSpecification","valueRequired":true,"valueName":"search_term_string"}}],"inLanguage":"es"},{"@type":"Organization","@id":"https:\/\/soguapa.com\/#organization","name":"soGuapa","url":"https:\/\/soguapa.com\/","logo":{"@type":"ImageObject","inLanguage":"es","@id":"https:\/\/soguapa.com\/#\/schema\/logo\/image\/","url":"https:\/\/soguapa.com\/wp-content\/uploads\/2022\/05\/logo-So-Guapa-by-Ingrid.jpg","contentUrl":"https:\/\/soguapa.com\/wp-content\/uploads\/2022\/05\/logo-So-Guapa-by-Ingrid.jpg","width":200,"height":80,"caption":"soGuapa"},"image":{"@id":"https:\/\/soguapa.com\/#\/schema\/logo\/image\/"},"sameAs":["https:\/\/es-la.facebook.com\/SoguapabeautyExpert\/","https:\/\/www.instagram.com\/soguapabyingrid\/"]}]}},"_links":{"self":[{"href":"https:\/\/soguapa.com\/es\/wp-json\/wp\/v2\/pages\/1405","targetHints":{"allow":["GET"]}}],"collection":[{"href":"https:\/\/soguapa.com\/es\/wp-json\/wp\/v2\/pages"}],"about":[{"href":"https:\/\/soguapa.com\/es\/wp-json\/wp\/v2\/types\/page"}],"author":[{"embeddable":true,"href":"https:\/\/soguapa.com\/es\/wp-json\/wp\/v2\/users\/1"}],"replies":[{"embeddable":true,"href":"https:\/\/soguapa.com\/es\/wp-json\/wp\/v2\/comments?post=1405"}],"version-history":[{"count":0,"href":"https:\/\/soguapa.com\/es\/wp-json\/wp\/v2\/pages\/1405\/revisions"}],"wp:featuredmedia":[{"embeddable":true,"href":"https:\/\/soguapa.com\/es\/wp-json\/wp\/v2\/media\/1384"}],"wp:attachment":[{"href":"https:\/\/soguapa.com\/es\/wp-json\/wp\/v2\/media?parent=1405"}],"wp:term":[{"taxonomy":"wf_page_folders","embeddable":true,"href":"https:\/\/soguapa.com\/es\/wp-json\/wp\/v2\/wf_page_folders?post=1405"}],"curies":[{"name":"wp","href":"https:\/\/api.w.org\/{rel}","templated":true}]}}